{"id":11247,"date":"2022-01-19T12:54:24","date_gmt":"2022-01-19T11:54:24","guid":{"rendered":"https:\/\/new.tiketi.com\/bus-hire-durban-cheap-coach-minibus-rentals\/"},"modified":"2022-01-31T17:11:59","modified_gmt":"2022-01-31T16:11:59","slug":"coach-mini-bus-hire-durban","status":"publish","type":"page","link":"https:\/\/tiketi.com\/fr-fr\/coach-mini-bus-hire-durban\/","title":{"rendered":"Location de bus \u00e0 Durban \u2013 Location d\u2019autocars et de minibus pas chers"},"content":{"rendered":"<h2>Location de bus pas cher Durban<\/h2>\n<h3>Comparez les prix et louez un minibus, un autocar ou un bus \u00e0 Durban en ligne <a href=\"https:\/\/tiketi.com\/fr-fr\/contact-us\/\">\u00e0 pr\u00e9sent<\/a>.<\/h3>\n<p>La location de minibus, d&#039;autocars et d&#039;autobus bon march\u00e9 \u00e0 Durban est facilit\u00e9e. Location de bus pas cher L&#039;expertise de Durban propose une myriade d&#039;autocars de luxe pour les groupes touristiques, les organisations, les groupes de conf\u00e9rence et les groupes sportifs, pour n&#039;en nommer que quelques-uns. Ainsi, quels que soient vos besoins en mati\u00e8re de location d&#039;autocars \u00e0 Durban, vous avez d\u00e9sormais des options de location d&#039;autocars de luxe \u00e0 Durban \u00e0 port\u00e9e de main. Faites une location de minibus, d&#039;autocar ou de bus pas cher \u00e0 Durban en ligne maintenant.<\/p>\n<h2>FAQ sur la location de minibus, d&#039;autocars et de bus \u00e0 Durban<\/h2>\n<h3>Comment louer un bus \u00e0 Durban<\/h3>\n<p>La location de bus pas cher \u00e0 Durban est le meilleur moyen de se d\u00e9placer, surtout si vous voyagez en groupe. Visitez des lieux de plein air c\u00e9l\u00e8bres, notamment le parc ornithologique de la rivi\u00e8re Umgeni, les jardins botaniques de Durban et le parc safari Phezulu. Ou des sites culturels et historiques, dont le mus\u00e9e Phansi et le centre du g\u00e9nocide. Partez ensuite \u00e0 la d\u00e9couverte des lieux dynamiques pour boire et manger sans avoir \u00e0 h\u00e9siter sur le transport de retour \u00e0 votre h\u00f4tel. Votre trajet vous m\u00e8nera d&#039;un endroit \u00e0 un autre et ram\u00e8nera votre domicile en toute s\u00e9curit\u00e9 \u00e0 la fin de la journ\u00e9e. Peut-\u00eatre avez-vous besoin de louer un autocar de Durban \u00e0 l&#039;a\u00e9roport King Shaka.<\/p>\n<h3>Des journ\u00e9es amusantes<\/h3>\n<p>Durban est c\u00e9l\u00e8bre pour son atmosph\u00e8re dynamique et aucun ne le montre plus que l&#039;incroyable aquarium uShaka, le parc d&#039;attractions Marine World et le stade Moses Mahida. R\u00e9parti sur la promenade le long de la c\u00f4te, cet endroit est le meilleur choix pour une journ\u00e9e amusante. La location de bus en Afrique du Sud vous permettra de profiter de votre journ\u00e9e et de vous d\u00e9placer sans tracas dans un bus relaxant avec un service organis\u00e9.<\/p>\n<h3>Location de bus de f\u00eate pas cher \u00e0 Durban<\/h3>\n<p>Si vous emmenez un groupe \u00e0 un \u00e9v\u00e9nement sp\u00e9cifique, la location de bus de f\u00eate bon march\u00e9 \u00e0 Durban peut couvrir vos besoins de transport. Peut-\u00eatre que vous assistez \u00e0 un concert \u00e0 l&#039;hippodrome GreyVille, \u00e0 un match de football ou simplement \u00e0 un \u00e9v\u00e9nement professionnel, la location d&#039;autocars \u00e0 Durban en Afrique du Sud r\u00e9unira tout le monde au meilleur endroit et au bon moment. Planifiez les lieux et l&#039;heure de prise en charge et de d\u00e9p\u00f4t, qu&#039;il s&#039;agisse d&#039;un seul point ou de plusieurs collectes et pr\u00e9cisez votre trajet de retour. Vous pouvez m\u00eame organiser des rafra\u00eechissements et des collations \u00e0 d\u00e9guster \u00e0 bord. R\u00e9servez votre location de bus Durban pour votre \u00e9v\u00e9nement et soyez assur\u00e9 que tout est pris en charge.<\/p>\n<h3>Service de location d&#039;autocars de luxe \u00e0 Durban<\/h3>\n<p>La location de bus de luxe Durban comprend \u00e9galement des autocars semi-luxueux de soixante places. Essentiellement, ces bus touristiques sont destin\u00e9s \u00e0 vos visites \u00e9conomiques et \u00e0 vos transferts de r\u00e9union. De plus, que ce soit de Durban \u00e0 Johannesburg ou ailleurs, l&#039;autocar semi-luxe de 60 places est id\u00e9al. Cela dit, louer un autocar de 60 places au d\u00e9part de Durban est s\u00fbr de respecter votre budget de voyage et vous permet d&#039;\u00e9conomiser plus d&#039;argent.<\/p>","protected":false},"excerpt":{"rendered":"<p>Cheap Bus Hire Durban Compare prices and rent a minibus, coach or bus in Durban online now. Cheap minibus, coach and bus hire in Durban made easy. Cheap bus hire Durban expertise provides a myriad of luxury coaches for tour groups, organizations, conference groups, \u00a0and sports groups to name a few. So, whatever your coach [&hellip;]<\/p>\n","protected":false},"author":1,"featured_media":13999,"parent":0,"menu_order":0,"comment_status":"open","ping_status":"closed","template":"template-home-modern.php","meta":{"footnotes":""},"class_list":["post-11247","page","type-page","status-publish","has-post-thumbnail","hentry"],"yoast_head":"<!-- This site is optimized with the Yoast SEO plugin v27.2 - https:\/\/yoast.com\/product\/yoast-seo-wordpress\/ -->\n<title>Bus Hire in Durban - Cheap Coach &amp; Minibus Rentals<\/title>\n<meta name=\"description\" content=\"Looking for online mini bus hire in Durban? Compare prices and do cheap coach, minibus &amp; bus rental Durban online now\" \/>\n<meta name=\"robots\" content=\"index, follow, max-snippet:-1, max-image-preview:large, max-video-preview:-1\" \/>\n<link rel=\"canonical\" href=\"https:\/\/tiketi.com\/fr-fr\/coach-mini-bus-hire-durban\/\" \/>\n<meta property=\"og:locale\" content=\"fr_FR\" \/>\n<meta property=\"og:type\" content=\"article\" \/>\n<meta property=\"og:title\" content=\"Bus Hire in Durban - Cheap Coach &amp; Minibus Rentals\" \/>\n<meta property=\"og:description\" content=\"Looking for online mini bus hire in Durban? Compare prices and do cheap coach, minibus &amp; bus rental Durban online now\" \/>\n<meta property=\"og:url\" content=\"https:\/\/tiketi.com\/fr-fr\/coach-mini-bus-hire-durban\/\" \/>\n<meta property=\"og:site_name\" content=\"Tiketi.com\" \/>\n<meta property=\"article:publisher\" content=\"https:\/\/www.facebook.com\/TiketiCom\/\" \/>\n<meta property=\"article:modified_time\" content=\"2022-01-31T16:11:59+00:00\" \/>\n<meta property=\"og:image\" content=\"https:\/\/tiketi.com\/wp-content\/uploads\/2022\/01\/bus-ticket-online-booking.jpg\" \/>\n\t<meta property=\"og:image:width\" content=\"1200\" \/>\n\t<meta property=\"og:image:height\" content=\"206\" \/>\n\t<meta property=\"og:image:type\" content=\"image\/jpeg\" \/>\n<meta name=\"twitter:card\" content=\"summary_large_image\" \/>\n<meta name=\"twitter:label1\" content=\"Dur\u00e9e de lecture estim\u00e9e\" \/>\n\t<meta name=\"twitter:data1\" content=\"3 minutes\" \/>\n<script type=\"application\/ld+json\" class=\"yoast-schema-graph\">{\"@context\":\"https:\/\/schema.org\",\"@graph\":[{\"@type\":\"WebPage\",\"@id\":\"https:\/\/tiketi.com\/coach-mini-bus-hire-durban\/\",\"url\":\"https:\/\/tiketi.com\/coach-mini-bus-hire-durban\/\",\"name\":\"Bus Hire in Durban - Cheap Coach & Minibus Rentals\",\"isPartOf\":{\"@id\":\"https:\/\/tiketi.com\/#website\"},\"primaryImageOfPage\":{\"@id\":\"https:\/\/tiketi.com\/coach-mini-bus-hire-durban\/#primaryimage\"},\"image\":{\"@id\":\"https:\/\/tiketi.com\/coach-mini-bus-hire-durban\/#primaryimage\"},\"thumbnailUrl\":\"https:\/\/tiketi.com\/wp-content\/uploads\/2022\/01\/bus-ticket-online-booking.jpg\",\"datePublished\":\"2022-01-19T11:54:24+00:00\",\"dateModified\":\"2022-01-31T16:11:59+00:00\",\"description\":\"Looking for online mini bus hire in Durban? Compare prices and do cheap coach, minibus & bus rental Durban online now\",\"breadcrumb\":{\"@id\":\"https:\/\/tiketi.com\/coach-mini-bus-hire-durban\/#breadcrumb\"},\"inLanguage\":\"fr-FR\",\"potentialAction\":[{\"@type\":\"ReadAction\",\"target\":[\"https:\/\/tiketi.com\/coach-mini-bus-hire-durban\/\"]}]},{\"@type\":\"ImageObject\",\"inLanguage\":\"fr-FR\",\"@id\":\"https:\/\/tiketi.com\/coach-mini-bus-hire-durban\/#primaryimage\",\"url\":\"https:\/\/tiketi.com\/wp-content\/uploads\/2022\/01\/bus-ticket-online-booking.jpg\",\"contentUrl\":\"https:\/\/tiketi.com\/wp-content\/uploads\/2022\/01\/bus-ticket-online-booking.jpg\",\"width\":1200,\"height\":206,\"caption\":\"Online Bus Ticket Booking\"},{\"@type\":\"BreadcrumbList\",\"@id\":\"https:\/\/tiketi.com\/coach-mini-bus-hire-durban\/#breadcrumb\",\"itemListElement\":[{\"@type\":\"ListItem\",\"position\":1,\"name\":\"Home\",\"item\":\"https:\/\/tiketi.com\/\"},{\"@type\":\"ListItem\",\"position\":2,\"name\":\"Bus Hire in Durban &#8211; Cheap Coach &#038; Minibus Rentals\"}]},{\"@type\":\"WebSite\",\"@id\":\"https:\/\/tiketi.com\/#website\",\"url\":\"https:\/\/tiketi.com\/\",\"name\":\"Flight & Bus Tickets, Tour Packages & Activitites - Tiketi.com\",\"description\":\"Flight &amp; Bus Tickets, Tours, Activitites\",\"publisher\":{\"@id\":\"https:\/\/tiketi.com\/#organization\"},\"potentialAction\":[{\"@type\":\"SearchAction\",\"target\":{\"@type\":\"EntryPoint\",\"urlTemplate\":\"https:\/\/tiketi.com\/?s={search_term_string}\"},\"query-input\":{\"@type\":\"PropertyValueSpecification\",\"valueRequired\":true,\"valueName\":\"search_term_string\"}}],\"inLanguage\":\"fr-FR\"},{\"@type\":\"Organization\",\"@id\":\"https:\/\/tiketi.com\/#organization\",\"name\":\"Tiketi.com\",\"alternateName\":\"Tiketi\",\"url\":\"https:\/\/tiketi.com\/\",\"logo\":{\"@type\":\"ImageObject\",\"inLanguage\":\"fr-FR\",\"@id\":\"https:\/\/tiketi.com\/#\/schema\/logo\/image\/\",\"url\":\"https:\/\/tiketi.com\/wp-content\/uploads\/2019\/05\/tiketi-logo-696.png\",\"contentUrl\":\"https:\/\/tiketi.com\/wp-content\/uploads\/2019\/05\/tiketi-logo-696.png\",\"width\":696,\"height\":696,\"caption\":\"Tiketi.com\"},\"image\":{\"@id\":\"https:\/\/tiketi.com\/#\/schema\/logo\/image\/\"},\"sameAs\":[\"https:\/\/www.facebook.com\/TiketiCom\/\"]}]}<\/script>\n<!-- \/ Yoast SEO plugin. -->","yoast_head_json":{"title":"Location de bus \u00e0 Durban - Location d&#039;autocars et de minibus pas chers","description":"Vous recherchez une location de minibus en ligne \u00e0 Durban ? Comparez les prix et louez des autocars, minibus et bus pas chers \u00e0 Durban en ligne maintenant","robots":{"index":"index","follow":"follow","max-snippet":"max-snippet:-1","max-image-preview":"max-image-preview:large","max-video-preview":"max-video-preview:-1"},"canonical":"https:\/\/tiketi.com\/fr-fr\/coach-mini-bus-hire-durban\/","og_locale":"fr_FR","og_type":"article","og_title":"Bus Hire in Durban - Cheap Coach & Minibus Rentals","og_description":"Looking for online mini bus hire in Durban? Compare prices and do cheap coach, minibus & bus rental Durban online now","og_url":"https:\/\/tiketi.com\/fr-fr\/coach-mini-bus-hire-durban\/","og_site_name":"Tiketi.com","article_publisher":"https:\/\/www.facebook.com\/TiketiCom\/","article_modified_time":"2022-01-31T16:11:59+00:00","og_image":[{"width":1200,"height":206,"url":"https:\/\/tiketi.com\/wp-content\/uploads\/2022\/01\/bus-ticket-online-booking.jpg","type":"image\/jpeg"}],"twitter_card":"summary_large_image","twitter_misc":{"Dur\u00e9e de lecture estim\u00e9e":"3 minutes"},"schema":{"@context":"https:\/\/schema.org","@graph":[{"@type":"WebPage","@id":"https:\/\/tiketi.com\/coach-mini-bus-hire-durban\/","url":"https:\/\/tiketi.com\/coach-mini-bus-hire-durban\/","name":"Location de bus \u00e0 Durban - Location d&#039;autocars et de minibus pas chers","isPartOf":{"@id":"https:\/\/tiketi.com\/#website"},"primaryImageOfPage":{"@id":"https:\/\/tiketi.com\/coach-mini-bus-hire-durban\/#primaryimage"},"image":{"@id":"https:\/\/tiketi.com\/coach-mini-bus-hire-durban\/#primaryimage"},"thumbnailUrl":"https:\/\/tiketi.com\/wp-content\/uploads\/2022\/01\/bus-ticket-online-booking.jpg","datePublished":"2022-01-19T11:54:24+00:00","dateModified":"2022-01-31T16:11:59+00:00","description":"Vous recherchez une location de minibus en ligne \u00e0 Durban ? Comparez les prix et louez des autocars, minibus et bus pas chers \u00e0 Durban en ligne maintenant","breadcrumb":{"@id":"https:\/\/tiketi.com\/coach-mini-bus-hire-durban\/#breadcrumb"},"inLanguage":"fr-FR","potentialAction":[{"@type":"ReadAction","target":["https:\/\/tiketi.com\/coach-mini-bus-hire-durban\/"]}]},{"@type":"ImageObject","inLanguage":"fr-FR","@id":"https:\/\/tiketi.com\/coach-mini-bus-hire-durban\/#primaryimage","url":"https:\/\/tiketi.com\/wp-content\/uploads\/2022\/01\/bus-ticket-online-booking.jpg","contentUrl":"https:\/\/tiketi.com\/wp-content\/uploads\/2022\/01\/bus-ticket-online-booking.jpg","width":1200,"height":206,"caption":"Online Bus Ticket Booking"},{"@type":"BreadcrumbList","@id":"https:\/\/tiketi.com\/coach-mini-bus-hire-durban\/#breadcrumb","itemListElement":[{"@type":"ListItem","position":1,"name":"Home","item":"https:\/\/tiketi.com\/"},{"@type":"ListItem","position":2,"name":"Bus Hire in Durban &#8211; Cheap Coach &#038; Minibus Rentals"}]},{"@type":"WebSite","@id":"https:\/\/tiketi.com\/#website","url":"https:\/\/tiketi.com\/","name":"Billets d&#039;avion et de bus, forfaits touristiques et activit\u00e9s - Tiketi.com","description":"Billets d&#039;avion et de bus, Tours, Activit\u00e9s","publisher":{"@id":"https:\/\/tiketi.com\/#organization"},"potentialAction":[{"@type":"SearchAction","target":{"@type":"EntryPoint","urlTemplate":"https:\/\/tiketi.com\/?s={search_term_string}"},"query-input":{"@type":"PropertyValueSpecification","valueRequired":true,"valueName":"search_term_string"}}],"inLanguage":"fr-FR"},{"@type":"Organization","@id":"https:\/\/tiketi.com\/#organization","name":"Tiketi.com","alternateName":"Tiketi","url":"https:\/\/tiketi.com\/","logo":{"@type":"ImageObject","inLanguage":"fr-FR","@id":"https:\/\/tiketi.com\/#\/schema\/logo\/image\/","url":"https:\/\/tiketi.com\/wp-content\/uploads\/2019\/05\/tiketi-logo-696.png","contentUrl":"https:\/\/tiketi.com\/wp-content\/uploads\/2019\/05\/tiketi-logo-696.png","width":696,"height":696,"caption":"Tiketi.com"},"image":{"@id":"https:\/\/tiketi.com\/#\/schema\/logo\/image\/"},"sameAs":["https:\/\/www.facebook.com\/TiketiCom\/"]}]}},"_links":{"self":[{"href":"https:\/\/tiketi.com\/fr-fr\/wp-json\/wp\/v2\/pages\/11247","targetHints":{"allow":["GET"]}}],"collection":[{"href":"https:\/\/tiketi.com\/fr-fr\/wp-json\/wp\/v2\/pages"}],"about":[{"href":"https:\/\/tiketi.com\/fr-fr\/wp-json\/wp\/v2\/types\/page"}],"author":[{"embeddable":true,"href":"https:\/\/tiketi.com\/fr-fr\/wp-json\/wp\/v2\/users\/1"}],"replies":[{"embeddable":true,"href":"https:\/\/tiketi.com\/fr-fr\/wp-json\/wp\/v2\/comments?post=11247"}],"version-history":[{"count":0,"href":"https:\/\/tiketi.com\/fr-fr\/wp-json\/wp\/v2\/pages\/11247\/revisions"}],"wp:featuredmedia":[{"embeddable":true,"href":"https:\/\/tiketi.com\/fr-fr\/wp-json\/wp\/v2\/media\/13999"}],"wp:attachment":[{"href":"https:\/\/tiketi.com\/fr-fr\/wp-json\/wp\/v2\/media?parent=11247"}],"curies":[{"name":"wp","href":"https:\/\/api.w.org\/{rel}","templated":true}]}}