{"id":11248,"date":"2022-01-19T12:54:24","date_gmt":"2022-01-19T11:54:24","guid":{"rendered":"https:\/\/new.tiketi.com\/bus-hire-cape-town-cheap-coach-minibus-rentals\/"},"modified":"2022-01-31T17:08:38","modified_gmt":"2022-01-31T16:08:38","slug":"coach-mini-bus-hire-cape-town","status":"publish","type":"page","link":"https:\/\/tiketi.com\/fr-fr\/coach-mini-bus-hire-cape-town\/","title":{"rendered":"Location de bus \u00e0 Cape Town - Location d&#039;autocars et de minibus \u00e0 bas prix"},"content":{"rendered":"<h2>Location de bus pas cher Le Cap<\/h2>\n<h3><strong>&gt;&gt;<\/strong> Louer un autocar \/ bus au Cap en ligne <a href=\"https:\/\/tiketi.com\/fr-fr\/contact-us\/\">\u00e0 pr\u00e9sent<\/a>.<\/h3>\n<p>La location d&#039;autocars et d&#039;autobus \u00e0 bas prix au Cap en toute simplicit\u00e9. Le Cap est diversifi\u00e9 et offre un large \u00e9ventail d&#039;exp\u00e9riences. D\u00e9cid\u00e9ment, il y a la vie citadine et la nature. Ensuite, les fermes viticoles, la faune, les plages, les habitants attachants et d&#039;innombrables autres attractions. Vous pourriez rester ici pendant des mois et ne pas tout voir. Les meilleurs moyens de transport priv\u00e9s tels que l&#039;autocar VIP, le minibus ou une voiture avec chauffeur ou chauffeur-guide vous promettent de d\u00e9couvrir Cape Town \u00e0 votre rythme. Faites une location de bus en ligne \u00e0 bas prix au Cap maintenant. Faites une location d&#039;autocar et d&#039;autobus \u00e0 bas prix au Cap en ligne maintenant.<\/p>\n<h2>FAQ sur la location d&#039;autocars et d&#039;autobus au Cap<\/h2>\n<h3>Comment louer un bus au Cap<\/h3>\n<p>Lorsque vous voyagez \u00e0 travers un pays, nous vous conseillons de louer une location de bus pas cher Cape Town pour vous rendre d&#039;un endroit \u00e0 l&#039;autre au lieu de choisir d&#039;acheter un billet d&#039;avion. Nous sommes convaincus que voyager en bus de luxe Le Cap est un excellent choix en raison des nombreuses raisons pour lesquelles il ajoute de la valeur \u00e0 votre voyage. Lisez tout sur les raisons pour lesquelles vous devriez louer un bus au Cap plut\u00f4t que de prendre l&#039;avion\u00a0:<\/p>\n<h3>Location de bus abordable au Cap<\/h3>\n<p>Tout d&#039;abord, ce qui fait grimper les prix d&#039;une location de bus de luxe au Cap, c&#039;est le co\u00fbt de l&#039;autocar lui-m\u00eame. Par exemple, une derni\u00e8re location d&#039;autocar de luxe Mercedes Benz 17 \u00e0 21 places au Cap co\u00fbte environ 850 000 R \u00e0 1 290 000 R selon l&#039;option de circuit choisie par la compagnie de bus touristique. Quoi qu&#039;il en soit, ce m\u00eame autocar de tourisme de luxe peut \u00eatre achet\u00e9 en second lieu pour environ 550 000 rands. Pour \u00eatre franc, c&#039;est l\u00e0 que la diff\u00e9rence de prix de location de bus varie. Souvent, la location d&#039;un autocar co\u00fbte plus cher car il s&#039;agit d&#039;un mod\u00e8le r\u00e9cent. C&#039;est-\u00e0-dire que le co\u00fbt d&#039;exploitation de cet autocar est plus \u00e9lev\u00e9 que d&#039;habitude. En cons\u00e9quence, la soci\u00e9t\u00e9 de location de voyages r\u00e9percute le co\u00fbt sur le client.<\/p>\n<h3>Ce qui est inclus dans votre location de bus Le Cap<\/h3>\n<p>Les trajets, le carburant pour l&#039;autocar et tous les frais de fonctionnement relatifs au v\u00e9hicule. Une assurance responsabilit\u00e9 civile suppl\u00e9mentaire et lorsque les passagers doivent \u00eatre pris en charge \u00e0 l&#039;a\u00e9roport, les frais de stationnement sont ajout\u00e9s.<\/p>\n<h3>Ce qui est exclu dans votre location de bus Le Cap<\/h3>\n<p>Les compagnies de bus ont des prix de location de bus au Cap avec des termes et conditions. Par exemple, la visite d&#039;un jardin botanique ou d&#039;un mus\u00e9e n&#039;est pas incluse dans les tarifs de location de bus fournis.<\/p>\n<h3>Location de bus Cape Town Comfort<\/h3>\n<p>Les bus et la location d&#039;autocars au Cap en Afrique du Sud vous permettent de voyager avec style. Les soci\u00e9t\u00e9s de location de bus de luxe ont des int\u00e9rieurs con\u00e7us pour rendre votre voyage aussi relaxant que possible. Quoi qu&#039;il en soit, si vous choisissez de voyager en bus pas cher Le Cap, vous n&#039;aurez pas \u00e0 h\u00e9siter \u00e0 suivre des directives de poids strictes pour vos bagages ou \u00e0 devoir entasser vos bagages \u00e0 main dans un petit espace.<\/p>","protected":false},"excerpt":{"rendered":"<p>Cheap Bus Rental&nbsp;Cape Town &gt;&gt; Rent a coach \/ bus in Cape Town online now. Cheap coach and bus hire in Cape Town made easy. Cape Town is diverse and provides a big range of experiences. Definitely, there is the city life and nature. &nbsp;Then wine farms, wildlife, beaches, endearing locals, and innumerable other attractions. [&hellip;]<\/p>\n","protected":false},"author":1,"featured_media":13999,"parent":0,"menu_order":0,"comment_status":"open","ping_status":"closed","template":"template-home-modern.php","meta":{"footnotes":""},"class_list":["post-11248","page","type-page","status-publish","has-post-thumbnail","hentry"],"yoast_head":"<!-- This site is optimized with the Yoast SEO plugin v27.2 - https:\/\/yoast.com\/product\/yoast-seo-wordpress\/ -->\n<title>Bus Hire Cape Town - Cheap Coach &amp; Minibus Rentals<\/title>\n<meta name=\"description\" content=\"Looking for online coach\u00a0and bus hire in Cape Town? Compare prices and do cheap coach\u00a0and bus rental Cape Town online now\" \/>\n<meta name=\"robots\" content=\"index, follow, max-snippet:-1, max-image-preview:large, max-video-preview:-1\" \/>\n<link rel=\"canonical\" href=\"https:\/\/tiketi.com\/fr-fr\/coach-mini-bus-hire-cape-town\/\" \/>\n<meta property=\"og:locale\" content=\"fr_FR\" \/>\n<meta property=\"og:type\" content=\"article\" \/>\n<meta property=\"og:title\" content=\"Bus Hire Cape Town - Cheap Coach &amp; Minibus Rentals\" \/>\n<meta property=\"og:description\" content=\"Looking for online coach\u00a0and bus hire in Cape Town? Compare prices and do cheap coach\u00a0and bus rental Cape Town online now\" \/>\n<meta property=\"og:url\" content=\"https:\/\/tiketi.com\/fr-fr\/coach-mini-bus-hire-cape-town\/\" \/>\n<meta property=\"og:site_name\" content=\"Tiketi.com\" \/>\n<meta property=\"article:publisher\" content=\"https:\/\/www.facebook.com\/TiketiCom\/\" \/>\n<meta property=\"article:modified_time\" content=\"2022-01-31T16:08:38+00:00\" \/>\n<meta property=\"og:image\" content=\"https:\/\/tiketi.com\/wp-content\/uploads\/2022\/01\/bus-ticket-online-booking.jpg\" \/>\n\t<meta property=\"og:image:width\" content=\"1200\" \/>\n\t<meta property=\"og:image:height\" content=\"206\" \/>\n\t<meta property=\"og:image:type\" content=\"image\/jpeg\" \/>\n<meta name=\"twitter:card\" content=\"summary_large_image\" \/>\n<meta name=\"twitter:label1\" content=\"Dur\u00e9e de lecture estim\u00e9e\" \/>\n\t<meta name=\"twitter:data1\" content=\"3 minutes\" \/>\n<script type=\"application\/ld+json\" class=\"yoast-schema-graph\">{\"@context\":\"https:\/\/schema.org\",\"@graph\":[{\"@type\":\"WebPage\",\"@id\":\"https:\/\/tiketi.com\/coach-mini-bus-hire-cape-town\/\",\"url\":\"https:\/\/tiketi.com\/coach-mini-bus-hire-cape-town\/\",\"name\":\"Bus Hire Cape Town - Cheap Coach & Minibus Rentals\",\"isPartOf\":{\"@id\":\"https:\/\/tiketi.com\/#website\"},\"primaryImageOfPage\":{\"@id\":\"https:\/\/tiketi.com\/coach-mini-bus-hire-cape-town\/#primaryimage\"},\"image\":{\"@id\":\"https:\/\/tiketi.com\/coach-mini-bus-hire-cape-town\/#primaryimage\"},\"thumbnailUrl\":\"https:\/\/tiketi.com\/wp-content\/uploads\/2022\/01\/bus-ticket-online-booking.jpg\",\"datePublished\":\"2022-01-19T11:54:24+00:00\",\"dateModified\":\"2022-01-31T16:08:38+00:00\",\"description\":\"Looking for online coach\u00a0and bus hire in Cape Town? Compare prices and do cheap coach\u00a0and bus rental Cape Town online now\",\"breadcrumb\":{\"@id\":\"https:\/\/tiketi.com\/coach-mini-bus-hire-cape-town\/#breadcrumb\"},\"inLanguage\":\"fr-FR\",\"potentialAction\":[{\"@type\":\"ReadAction\",\"target\":[\"https:\/\/tiketi.com\/coach-mini-bus-hire-cape-town\/\"]}]},{\"@type\":\"ImageObject\",\"inLanguage\":\"fr-FR\",\"@id\":\"https:\/\/tiketi.com\/coach-mini-bus-hire-cape-town\/#primaryimage\",\"url\":\"https:\/\/tiketi.com\/wp-content\/uploads\/2022\/01\/bus-ticket-online-booking.jpg\",\"contentUrl\":\"https:\/\/tiketi.com\/wp-content\/uploads\/2022\/01\/bus-ticket-online-booking.jpg\",\"width\":1200,\"height\":206,\"caption\":\"Online Bus Ticket Booking\"},{\"@type\":\"BreadcrumbList\",\"@id\":\"https:\/\/tiketi.com\/coach-mini-bus-hire-cape-town\/#breadcrumb\",\"itemListElement\":[{\"@type\":\"ListItem\",\"position\":1,\"name\":\"Home\",\"item\":\"https:\/\/tiketi.com\/\"},{\"@type\":\"ListItem\",\"position\":2,\"name\":\"Bus Hire in Cape Town &#8211; Cheap Coach &#038; Minibus Rentals\"}]},{\"@type\":\"WebSite\",\"@id\":\"https:\/\/tiketi.com\/#website\",\"url\":\"https:\/\/tiketi.com\/\",\"name\":\"Flight & Bus Tickets, Tour Packages & Activitites - Tiketi.com\",\"description\":\"Flight &amp; Bus Tickets, Tours, Activitites\",\"publisher\":{\"@id\":\"https:\/\/tiketi.com\/#organization\"},\"potentialAction\":[{\"@type\":\"SearchAction\",\"target\":{\"@type\":\"EntryPoint\",\"urlTemplate\":\"https:\/\/tiketi.com\/?s={search_term_string}\"},\"query-input\":{\"@type\":\"PropertyValueSpecification\",\"valueRequired\":true,\"valueName\":\"search_term_string\"}}],\"inLanguage\":\"fr-FR\"},{\"@type\":\"Organization\",\"@id\":\"https:\/\/tiketi.com\/#organization\",\"name\":\"Tiketi.com\",\"alternateName\":\"Tiketi\",\"url\":\"https:\/\/tiketi.com\/\",\"logo\":{\"@type\":\"ImageObject\",\"inLanguage\":\"fr-FR\",\"@id\":\"https:\/\/tiketi.com\/#\/schema\/logo\/image\/\",\"url\":\"https:\/\/tiketi.com\/wp-content\/uploads\/2019\/05\/tiketi-logo-696.png\",\"contentUrl\":\"https:\/\/tiketi.com\/wp-content\/uploads\/2019\/05\/tiketi-logo-696.png\",\"width\":696,\"height\":696,\"caption\":\"Tiketi.com\"},\"image\":{\"@id\":\"https:\/\/tiketi.com\/#\/schema\/logo\/image\/\"},\"sameAs\":[\"https:\/\/www.facebook.com\/TiketiCom\/\"]}]}<\/script>\n<!-- \/ Yoast SEO plugin. -->","yoast_head_json":{"title":"Location d&#039;autobus Le Cap - Location d&#039;autocars et de minibus \u00e0 bas prix","description":"Vous recherchez une location d&#039;autocars et d&#039;autobus en ligne au Cap ? Comparez les prix et faites des locations d&#039;autocars et d&#039;autobus \u00e0 bas prix au Cap en ligne maintenant","robots":{"index":"index","follow":"follow","max-snippet":"max-snippet:-1","max-image-preview":"max-image-preview:large","max-video-preview":"max-video-preview:-1"},"canonical":"https:\/\/tiketi.com\/fr-fr\/coach-mini-bus-hire-cape-town\/","og_locale":"fr_FR","og_type":"article","og_title":"Bus Hire Cape Town - Cheap Coach & Minibus Rentals","og_description":"Looking for online coach\u00a0and bus hire in Cape Town? Compare prices and do cheap coach\u00a0and bus rental Cape Town online now","og_url":"https:\/\/tiketi.com\/fr-fr\/coach-mini-bus-hire-cape-town\/","og_site_name":"Tiketi.com","article_publisher":"https:\/\/www.facebook.com\/TiketiCom\/","article_modified_time":"2022-01-31T16:08:38+00:00","og_image":[{"width":1200,"height":206,"url":"https:\/\/tiketi.com\/wp-content\/uploads\/2022\/01\/bus-ticket-online-booking.jpg","type":"image\/jpeg"}],"twitter_card":"summary_large_image","twitter_misc":{"Dur\u00e9e de lecture estim\u00e9e":"3 minutes"},"schema":{"@context":"https:\/\/schema.org","@graph":[{"@type":"WebPage","@id":"https:\/\/tiketi.com\/coach-mini-bus-hire-cape-town\/","url":"https:\/\/tiketi.com\/coach-mini-bus-hire-cape-town\/","name":"Location d&#039;autobus Le Cap - Location d&#039;autocars et de minibus \u00e0 bas prix","isPartOf":{"@id":"https:\/\/tiketi.com\/#website"},"primaryImageOfPage":{"@id":"https:\/\/tiketi.com\/coach-mini-bus-hire-cape-town\/#primaryimage"},"image":{"@id":"https:\/\/tiketi.com\/coach-mini-bus-hire-cape-town\/#primaryimage"},"thumbnailUrl":"https:\/\/tiketi.com\/wp-content\/uploads\/2022\/01\/bus-ticket-online-booking.jpg","datePublished":"2022-01-19T11:54:24+00:00","dateModified":"2022-01-31T16:08:38+00:00","description":"Vous recherchez une location d&#039;autocars et d&#039;autobus en ligne au Cap ? Comparez les prix et faites des locations d&#039;autocars et d&#039;autobus \u00e0 bas prix au Cap en ligne maintenant","breadcrumb":{"@id":"https:\/\/tiketi.com\/coach-mini-bus-hire-cape-town\/#breadcrumb"},"inLanguage":"fr-FR","potentialAction":[{"@type":"ReadAction","target":["https:\/\/tiketi.com\/coach-mini-bus-hire-cape-town\/"]}]},{"@type":"ImageObject","inLanguage":"fr-FR","@id":"https:\/\/tiketi.com\/coach-mini-bus-hire-cape-town\/#primaryimage","url":"https:\/\/tiketi.com\/wp-content\/uploads\/2022\/01\/bus-ticket-online-booking.jpg","contentUrl":"https:\/\/tiketi.com\/wp-content\/uploads\/2022\/01\/bus-ticket-online-booking.jpg","width":1200,"height":206,"caption":"Online Bus Ticket Booking"},{"@type":"BreadcrumbList","@id":"https:\/\/tiketi.com\/coach-mini-bus-hire-cape-town\/#breadcrumb","itemListElement":[{"@type":"ListItem","position":1,"name":"Home","item":"https:\/\/tiketi.com\/"},{"@type":"ListItem","position":2,"name":"Bus Hire in Cape Town &#8211; Cheap Coach &#038; Minibus Rentals"}]},{"@type":"WebSite","@id":"https:\/\/tiketi.com\/#website","url":"https:\/\/tiketi.com\/","name":"Billets d&#039;avion et de bus, forfaits touristiques et activit\u00e9s - Tiketi.com","description":"Billets d&#039;avion et de bus, Tours, Activit\u00e9s","publisher":{"@id":"https:\/\/tiketi.com\/#organization"},"potentialAction":[{"@type":"SearchAction","target":{"@type":"EntryPoint","urlTemplate":"https:\/\/tiketi.com\/?s={search_term_string}"},"query-input":{"@type":"PropertyValueSpecification","valueRequired":true,"valueName":"search_term_string"}}],"inLanguage":"fr-FR"},{"@type":"Organization","@id":"https:\/\/tiketi.com\/#organization","name":"Tiketi.com","alternateName":"Tiketi","url":"https:\/\/tiketi.com\/","logo":{"@type":"ImageObject","inLanguage":"fr-FR","@id":"https:\/\/tiketi.com\/#\/schema\/logo\/image\/","url":"https:\/\/tiketi.com\/wp-content\/uploads\/2019\/05\/tiketi-logo-696.png","contentUrl":"https:\/\/tiketi.com\/wp-content\/uploads\/2019\/05\/tiketi-logo-696.png","width":696,"height":696,"caption":"Tiketi.com"},"image":{"@id":"https:\/\/tiketi.com\/#\/schema\/logo\/image\/"},"sameAs":["https:\/\/www.facebook.com\/TiketiCom\/"]}]}},"_links":{"self":[{"href":"https:\/\/tiketi.com\/fr-fr\/wp-json\/wp\/v2\/pages\/11248","targetHints":{"allow":["GET"]}}],"collection":[{"href":"https:\/\/tiketi.com\/fr-fr\/wp-json\/wp\/v2\/pages"}],"about":[{"href":"https:\/\/tiketi.com\/fr-fr\/wp-json\/wp\/v2\/types\/page"}],"author":[{"embeddable":true,"href":"https:\/\/tiketi.com\/fr-fr\/wp-json\/wp\/v2\/users\/1"}],"replies":[{"embeddable":true,"href":"https:\/\/tiketi.com\/fr-fr\/wp-json\/wp\/v2\/comments?post=11248"}],"version-history":[{"count":0,"href":"https:\/\/tiketi.com\/fr-fr\/wp-json\/wp\/v2\/pages\/11248\/revisions"}],"wp:featuredmedia":[{"embeddable":true,"href":"https:\/\/tiketi.com\/fr-fr\/wp-json\/wp\/v2\/media\/13999"}],"wp:attachment":[{"href":"https:\/\/tiketi.com\/fr-fr\/wp-json\/wp\/v2\/media?parent=11248"}],"curies":[{"name":"wp","href":"https:\/\/api.w.org\/{rel}","templated":true}]}}