{"id":11249,"date":"2022-01-19T12:54:25","date_gmt":"2022-01-19T11:54:25","guid":{"rendered":"https:\/\/new.tiketi.com\/bus-hire-south-africa-cheap-coach-minibus-rentals\/"},"modified":"2022-01-31T17:40:55","modified_gmt":"2022-01-31T16:40:55","slug":"coach-mini-bus-hire-south-africa","status":"publish","type":"page","link":"https:\/\/tiketi.com\/fr-fr\/coach-mini-bus-hire-south-africa\/","title":{"rendered":"Location de bus en Afrique du Sud - Location d&#039;autocars et de minibus \u00e0 bas prix"},"content":{"rendered":"<h2>Location de bus pas cher en Afrique du Sud<\/h2>\n<h3>Comparez les prix et louez un minibus, autocar ou bus en Afrique du Sud en ligne <a href=\"https:\/\/tiketi.com\/fr-fr\/contact-us\/\">\u00e0 pr\u00e9sent<\/a>.<\/h3>\n<p>La location de minibus, d&#039;autocar et d&#039;autobus \u00e0 bas prix en Afrique du Sud en toute simplicit\u00e9. Johannesburg est la plus grande ville d&#039;Afrique du Sud et est un incroyable m\u00e9lange d&#039;id\u00e9es et de cultures. C&#039;est le point d&#039;entr\u00e9e cl\u00e9 pour les visiteurs venant en Afrique du Sud et la plaque tournante du transport du pays. Les visiteurs effectuant un voyage plus long en Afrique du Sud trouveront que Cape Town ou Johannesburg ont le plus de choix pour r\u00e9server des transports priv\u00e9s comme la location de minibus, d&#039;autocars et d&#039;autobus en Afrique du Sud et \u00e9conomiser du temps et de l&#039;argent.<\/p>\n<h2>FAQ sur la location de minibus, d&#039;autocars et d&#039;autobus en Afrique du Sud<\/h2>\n<h3>Comment louer un bus en Afrique du Sud<\/h3>\n<h4>Vous voyagez dans un grand groupe de dix personnes ou plus ?<\/h4>\n<p>Vous ne voulez pas l&#039;inconv\u00e9nient de louer 2 voitures et de voyager en groupes diff\u00e9rents. Partagez l&#039;exp\u00e9rience dans un v\u00e9hicule s\u00fbr, relaxant et fiable de dix \u00e0 quatorze places.<\/p>\n<p>La location de minibus Tiketi.com en Afrique du Sud propose une large gamme de v\u00e9hicules de transport de personnes adapt\u00e9s \u00e0 une sortie en groupe. Parlez \u00e0 des conseillers commerciaux sympathiques pour choisir celui qui vous convient le mieux ou utilisez le formulaire de r\u00e9servation.<\/p>\n<h3>R\u00e9server une location de minibus Afrique du Sud<\/h3>\n<p>Lors de la r\u00e9servation d&#039;une location de minibus en Afrique du Sud, il est essentiel de confirmer l&#039;\u00e2ge et l&#039;\u00e9tat du v\u00e9hicule, car vous ne voulez pas que le long voyage soit g\u00e2ch\u00e9 par une panne ou que la porte du minibus tombe. Nous conseillons une soci\u00e9t\u00e9 d&#039;autocars d\u00e9di\u00e9e pour la r\u00e9servation d&#039;un minibus, car ceux-ci ne disposent que de v\u00e9hicules neufs.<\/p>\n<h2>Location d&#039;autocars et d&#039;autobus en Afrique du Sud<\/h2>\n<p>Un road trip \u00e0 travers l&#039;Afrique du Sud est le meilleur moyen de voir tout ce que ce pays diversifi\u00e9 a \u00e0 offrir. Des plages au d\u00e9sert, de la for\u00eat aux montagnes, chaque tron\u00e7on de route offre des vues remarquables depuis la fen\u00eatre. En tant que plaque tournante du transport du pays, Johannesburg est le meilleur endroit pour louer un autocar en Afrique du Sud pour un voyage en Afrique du Sud. Mais il y a aussi beaucoup \u00e0 voir dans la ville, comme le mus\u00e9e de l&#039;apartheid, la vieille maison de Nelson Mandela et le berceau de l&#039;humanit\u00e9.<\/p>\n<h3>Soci\u00e9t\u00e9s de location d&#039;autocars Afrique du Sud<\/h3>\n<p>Il existe une trentaine de soci\u00e9t\u00e9s diff\u00e9rentes de location d&#039;autocars de luxe en Afrique du Sud \u00e0 Johannesburg, toutes proposant une large flotte de v\u00e9hicules. L&#039;industrie de la location d&#039;autocars cible une client\u00e8le haut de gamme, qu&#039;il s&#039;agisse d&#039;entreprises locales ou de visiteurs internationaux. Les installations \u00e0 bord sont g\u00e9n\u00e9ralement \u00e9tonnantes et des v\u00e9hicules de 22 \u00e0 70 places sont accessibles.<\/p>\n<h3>Location de bus de f\u00eate en Afrique du Sud<\/h3>\n<p>\u00c0 la recherche d&#039;id\u00e9es et de lieux de f\u00eate d&#039;anniversaire g\u00e9niaux, la plus grande id\u00e9e de f\u00eate de tous les temps, un bus de f\u00eate sp\u00e9cial \u00e0 bascule, amenez simplement vos amis, choisissez un itin\u00e9raire panoramique avec quelques endroits dans les derniers clubs et bars pour impressionner chaque personne avec votre froid conduire.<\/p>\n<p>C&#039;est votre grand anniversaire et ce qui est excellent que de r\u00e9unir un groupe complet de vos amis les plus proches.<\/p>\n<p>Les bus de f\u00eate sont de toutes tailles et de toutes formes. Certains sont color\u00e9s et parfaits pour une croisi\u00e8re alcoolis\u00e9e dans le pays. D&#039;autres sont plus noircis, bling et ressemblent \u00e0 quelque chose d&#039;un clip vid\u00e9o. Il existe de nombreuses raisons d&#039;embaucher l&#039;une de ces beaut\u00e9s, du service de d\u00e9p\u00f4t et de ramassage des matchs de rugby aux anniversaires et aux enterrements de vie de gar\u00e7on. N&#039;importe qui peut penser \u00e0 une raison de faire la f\u00eate dans un bus avec des amis.<\/p>\n<h3>Transferts a\u00e9roport de l&#039;a\u00e9roport OR Tambo \u00e0 Johannesburg<\/h3>\n<p>OR Tamboo International ou l&#039;a\u00e9roport de Johannesburg est le plus grand d&#039;Afrique et le principal point d&#039;entr\u00e9e pour les visiteurs en Afrique du Sud. R\u00e9am\u00e9nag\u00e9 pour la coupe du monde de football, il dispose de nouvelles installations et d&#039;un large \u00e9ventail de restaurants qui mettent en valeur la diversit\u00e9 de la cuisine sud-africaine. Presque toutes les personnes arrivant \u00e0 OR Tambo r\u00e9servent \u00e0 l&#039;avance leur transfert a\u00e9roport, soit via leur h\u00f4tel, soit via l&#039;une des nombreuses entreprises priv\u00e9es. Cela est g\u00e9n\u00e9ralement d\u00fb \u00e0 la perception que les gens ont de la situation de la s\u00e9curit\u00e9 int\u00e9rieure, mais c&#039;est aussi le transfert a\u00e9roport abordable.<\/p>\n<p>De l&#039;a\u00e9roport, devinez payer environ 400 \u00e0 500 rands pour la plupart des endroits \u00e0 Johannesburg. Ces prix sont pour 1 passager, et il y a g\u00e9n\u00e9ralement un suppl\u00e9ment pour env. R50 pour passager suppl\u00e9mentaire.<\/p>","protected":false},"excerpt":{"rendered":"<p>Cheap Bus Rental South Africa Compare prices and rent a minibus, coach or bus in South Africa online now. Cheap minibus, coach\u00a0and bus hire South Africa made easy. Johannesburg is the biggest city in South Africa and is an amazing mix of ideas and cultures. It is the key entry point for visitors coming to [&hellip;]<\/p>\n","protected":false},"author":1,"featured_media":13999,"parent":0,"menu_order":0,"comment_status":"open","ping_status":"closed","template":"template-home-modern.php","meta":{"footnotes":""},"class_list":["post-11249","page","type-page","status-publish","has-post-thumbnail","hentry"],"yoast_head":"<!-- This site is optimized with the Yoast SEO plugin v27.4 - https:\/\/yoast.com\/product\/yoast-seo-wordpress\/ -->\n<title>Bus Hire South Africa - Cheap Coach &amp; Minibus Rentals<\/title>\n<meta name=\"description\" content=\"Looking for online coach, minibus &amp; bus hire South Africa? Do cheap coach, minibus &amp; bus rental South Africa online now\" \/>\n<meta name=\"robots\" content=\"index, follow, max-snippet:-1, max-image-preview:large, max-video-preview:-1\" \/>\n<link rel=\"canonical\" href=\"https:\/\/tiketi.com\/fr-fr\/coach-mini-bus-hire-south-africa\/\" \/>\n<meta property=\"og:locale\" content=\"fr_FR\" \/>\n<meta property=\"og:type\" content=\"article\" \/>\n<meta property=\"og:title\" content=\"Bus Hire South Africa - Cheap Coach &amp; Minibus Rentals\" \/>\n<meta property=\"og:description\" content=\"Looking for online coach, minibus &amp; bus hire South Africa? Do cheap coach, minibus &amp; bus rental South Africa online now\" \/>\n<meta property=\"og:url\" content=\"https:\/\/tiketi.com\/fr-fr\/coach-mini-bus-hire-south-africa\/\" \/>\n<meta property=\"og:site_name\" content=\"Tiketi.com\" \/>\n<meta property=\"article:publisher\" content=\"https:\/\/www.facebook.com\/TiketiCom\/\" \/>\n<meta property=\"article:modified_time\" content=\"2022-01-31T16:40:55+00:00\" \/>\n<meta property=\"og:image\" content=\"https:\/\/tiketi.com\/wp-content\/uploads\/2022\/01\/bus-ticket-online-booking.jpg\" \/>\n\t<meta property=\"og:image:width\" content=\"1200\" \/>\n\t<meta property=\"og:image:height\" content=\"206\" \/>\n\t<meta property=\"og:image:type\" content=\"image\/jpeg\" \/>\n<meta name=\"twitter:card\" content=\"summary_large_image\" \/>\n<meta name=\"twitter:label1\" content=\"Dur\u00e9e de lecture estim\u00e9e\" \/>\n\t<meta name=\"twitter:data1\" content=\"3 minutes\" \/>\n<script type=\"application\/ld+json\" class=\"yoast-schema-graph\">{\"@context\":\"https:\\\/\\\/schema.org\",\"@graph\":[{\"@type\":\"WebPage\",\"@id\":\"https:\\\/\\\/tiketi.com\\\/coach-mini-bus-hire-south-africa\\\/\",\"url\":\"https:\\\/\\\/tiketi.com\\\/coach-mini-bus-hire-south-africa\\\/\",\"name\":\"Bus Hire South Africa - Cheap Coach & Minibus Rentals\",\"isPartOf\":{\"@id\":\"https:\\\/\\\/tiketi.com\\\/#website\"},\"primaryImageOfPage\":{\"@id\":\"https:\\\/\\\/tiketi.com\\\/coach-mini-bus-hire-south-africa\\\/#primaryimage\"},\"image\":{\"@id\":\"https:\\\/\\\/tiketi.com\\\/coach-mini-bus-hire-south-africa\\\/#primaryimage\"},\"thumbnailUrl\":\"https:\\\/\\\/tiketi.com\\\/wp-content\\\/uploads\\\/2022\\\/01\\\/bus-ticket-online-booking.jpg\",\"datePublished\":\"2022-01-19T11:54:25+00:00\",\"dateModified\":\"2022-01-31T16:40:55+00:00\",\"description\":\"Looking for online coach, minibus & bus hire South Africa? Do cheap coach, minibus & bus rental South Africa online now\",\"breadcrumb\":{\"@id\":\"https:\\\/\\\/tiketi.com\\\/coach-mini-bus-hire-south-africa\\\/#breadcrumb\"},\"inLanguage\":\"fr-FR\",\"potentialAction\":[{\"@type\":\"ReadAction\",\"target\":[\"https:\\\/\\\/tiketi.com\\\/coach-mini-bus-hire-south-africa\\\/\"]}]},{\"@type\":\"ImageObject\",\"inLanguage\":\"fr-FR\",\"@id\":\"https:\\\/\\\/tiketi.com\\\/coach-mini-bus-hire-south-africa\\\/#primaryimage\",\"url\":\"https:\\\/\\\/tiketi.com\\\/wp-content\\\/uploads\\\/2022\\\/01\\\/bus-ticket-online-booking.jpg\",\"contentUrl\":\"https:\\\/\\\/tiketi.com\\\/wp-content\\\/uploads\\\/2022\\\/01\\\/bus-ticket-online-booking.jpg\",\"width\":1200,\"height\":206,\"caption\":\"Online Bus Ticket Booking\"},{\"@type\":\"BreadcrumbList\",\"@id\":\"https:\\\/\\\/tiketi.com\\\/coach-mini-bus-hire-south-africa\\\/#breadcrumb\",\"itemListElement\":[{\"@type\":\"ListItem\",\"position\":1,\"name\":\"Home\",\"item\":\"https:\\\/\\\/tiketi.com\\\/\"},{\"@type\":\"ListItem\",\"position\":2,\"name\":\"Bus Hire South Africa &#8211; Cheap Coach &#038; Minibus Rentals\"}]},{\"@type\":\"WebSite\",\"@id\":\"https:\\\/\\\/tiketi.com\\\/#website\",\"url\":\"https:\\\/\\\/tiketi.com\\\/\",\"name\":\"Flight & Bus Tickets, Tour Packages & Activitites - Tiketi.com\",\"description\":\"Flight &amp; Bus Tickets, Tours, Activitites\",\"publisher\":{\"@id\":\"https:\\\/\\\/tiketi.com\\\/#organization\"},\"potentialAction\":[{\"@type\":\"SearchAction\",\"target\":{\"@type\":\"EntryPoint\",\"urlTemplate\":\"https:\\\/\\\/tiketi.com\\\/?s={search_term_string}\"},\"query-input\":{\"@type\":\"PropertyValueSpecification\",\"valueRequired\":true,\"valueName\":\"search_term_string\"}}],\"inLanguage\":\"fr-FR\"},{\"@type\":\"Organization\",\"@id\":\"https:\\\/\\\/tiketi.com\\\/#organization\",\"name\":\"Tiketi.com\",\"alternateName\":\"Tiketi\",\"url\":\"https:\\\/\\\/tiketi.com\\\/\",\"logo\":{\"@type\":\"ImageObject\",\"inLanguage\":\"fr-FR\",\"@id\":\"https:\\\/\\\/tiketi.com\\\/#\\\/schema\\\/logo\\\/image\\\/\",\"url\":\"https:\\\/\\\/tiketi.com\\\/wp-content\\\/uploads\\\/2019\\\/05\\\/tiketi-logo-696.png\",\"contentUrl\":\"https:\\\/\\\/tiketi.com\\\/wp-content\\\/uploads\\\/2019\\\/05\\\/tiketi-logo-696.png\",\"width\":696,\"height\":696,\"caption\":\"Tiketi.com\"},\"image\":{\"@id\":\"https:\\\/\\\/tiketi.com\\\/#\\\/schema\\\/logo\\\/image\\\/\"},\"sameAs\":[\"https:\\\/\\\/www.facebook.com\\\/TiketiCom\\\/\"]}]}<\/script>\n<!-- \/ Yoast SEO plugin. -->","yoast_head_json":{"title":"Location d&#039;autobus en Afrique du Sud - Location d&#039;autocars et de minibus \u00e0 bas prix","description":"Vous recherchez une location d&#039;autocar, de minibus et d&#039;autobus en ligne en Afrique du Sud ? Louez des autocars, des minibus et des bus \u00e0 bas prix en Afrique du Sud en ligne maintenant","robots":{"index":"index","follow":"follow","max-snippet":"max-snippet:-1","max-image-preview":"max-image-preview:large","max-video-preview":"max-video-preview:-1"},"canonical":"https:\/\/tiketi.com\/fr-fr\/coach-mini-bus-hire-south-africa\/","og_locale":"fr_FR","og_type":"article","og_title":"Bus Hire South Africa - Cheap Coach & Minibus Rentals","og_description":"Looking for online coach, minibus & bus hire South Africa? Do cheap coach, minibus & bus rental South Africa online now","og_url":"https:\/\/tiketi.com\/fr-fr\/coach-mini-bus-hire-south-africa\/","og_site_name":"Tiketi.com","article_publisher":"https:\/\/www.facebook.com\/TiketiCom\/","article_modified_time":"2022-01-31T16:40:55+00:00","og_image":[{"width":1200,"height":206,"url":"https:\/\/tiketi.com\/wp-content\/uploads\/2022\/01\/bus-ticket-online-booking.jpg","type":"image\/jpeg"}],"twitter_card":"summary_large_image","twitter_misc":{"Dur\u00e9e de lecture estim\u00e9e":"3 minutes"},"schema":{"@context":"https:\/\/schema.org","@graph":[{"@type":"WebPage","@id":"https:\/\/tiketi.com\/coach-mini-bus-hire-south-africa\/","url":"https:\/\/tiketi.com\/coach-mini-bus-hire-south-africa\/","name":"Location d&#039;autobus en Afrique du Sud - Location d&#039;autocars et de minibus \u00e0 bas prix","isPartOf":{"@id":"https:\/\/tiketi.com\/#website"},"primaryImageOfPage":{"@id":"https:\/\/tiketi.com\/coach-mini-bus-hire-south-africa\/#primaryimage"},"image":{"@id":"https:\/\/tiketi.com\/coach-mini-bus-hire-south-africa\/#primaryimage"},"thumbnailUrl":"https:\/\/tiketi.com\/wp-content\/uploads\/2022\/01\/bus-ticket-online-booking.jpg","datePublished":"2022-01-19T11:54:25+00:00","dateModified":"2022-01-31T16:40:55+00:00","description":"Vous recherchez une location d&#039;autocar, de minibus et d&#039;autobus en ligne en Afrique du Sud ? Louez des autocars, des minibus et des bus \u00e0 bas prix en Afrique du Sud en ligne maintenant","breadcrumb":{"@id":"https:\/\/tiketi.com\/coach-mini-bus-hire-south-africa\/#breadcrumb"},"inLanguage":"fr-FR","potentialAction":[{"@type":"ReadAction","target":["https:\/\/tiketi.com\/coach-mini-bus-hire-south-africa\/"]}]},{"@type":"ImageObject","inLanguage":"fr-FR","@id":"https:\/\/tiketi.com\/coach-mini-bus-hire-south-africa\/#primaryimage","url":"https:\/\/tiketi.com\/wp-content\/uploads\/2022\/01\/bus-ticket-online-booking.jpg","contentUrl":"https:\/\/tiketi.com\/wp-content\/uploads\/2022\/01\/bus-ticket-online-booking.jpg","width":1200,"height":206,"caption":"Online Bus Ticket Booking"},{"@type":"BreadcrumbList","@id":"https:\/\/tiketi.com\/coach-mini-bus-hire-south-africa\/#breadcrumb","itemListElement":[{"@type":"ListItem","position":1,"name":"Home","item":"https:\/\/tiketi.com\/"},{"@type":"ListItem","position":2,"name":"Bus Hire South Africa &#8211; Cheap Coach &#038; Minibus Rentals"}]},{"@type":"WebSite","@id":"https:\/\/tiketi.com\/#website","url":"https:\/\/tiketi.com\/","name":"Billets d&#039;avion et de bus, forfaits touristiques et activit\u00e9s - Tiketi.com","description":"Billets d&#039;avion et de bus, Tours, Activit\u00e9s","publisher":{"@id":"https:\/\/tiketi.com\/#organization"},"potentialAction":[{"@type":"SearchAction","target":{"@type":"EntryPoint","urlTemplate":"https:\/\/tiketi.com\/?s={search_term_string}"},"query-input":{"@type":"PropertyValueSpecification","valueRequired":true,"valueName":"search_term_string"}}],"inLanguage":"fr-FR"},{"@type":"Organization","@id":"https:\/\/tiketi.com\/#organization","name":"Tiketi.com","alternateName":"Tiketi","url":"https:\/\/tiketi.com\/","logo":{"@type":"ImageObject","inLanguage":"fr-FR","@id":"https:\/\/tiketi.com\/#\/schema\/logo\/image\/","url":"https:\/\/tiketi.com\/wp-content\/uploads\/2019\/05\/tiketi-logo-696.png","contentUrl":"https:\/\/tiketi.com\/wp-content\/uploads\/2019\/05\/tiketi-logo-696.png","width":696,"height":696,"caption":"Tiketi.com"},"image":{"@id":"https:\/\/tiketi.com\/#\/schema\/logo\/image\/"},"sameAs":["https:\/\/www.facebook.com\/TiketiCom\/"]}]}},"_links":{"self":[{"href":"https:\/\/tiketi.com\/fr-fr\/wp-json\/wp\/v2\/pages\/11249","targetHints":{"allow":["GET"]}}],"collection":[{"href":"https:\/\/tiketi.com\/fr-fr\/wp-json\/wp\/v2\/pages"}],"about":[{"href":"https:\/\/tiketi.com\/fr-fr\/wp-json\/wp\/v2\/types\/page"}],"author":[{"embeddable":true,"href":"https:\/\/tiketi.com\/fr-fr\/wp-json\/wp\/v2\/users\/1"}],"replies":[{"embeddable":true,"href":"https:\/\/tiketi.com\/fr-fr\/wp-json\/wp\/v2\/comments?post=11249"}],"version-history":[{"count":0,"href":"https:\/\/tiketi.com\/fr-fr\/wp-json\/wp\/v2\/pages\/11249\/revisions"}],"wp:featuredmedia":[{"embeddable":true,"href":"https:\/\/tiketi.com\/fr-fr\/wp-json\/wp\/v2\/media\/13999"}],"wp:attachment":[{"href":"https:\/\/tiketi.com\/fr-fr\/wp-json\/wp\/v2\/media?parent=11249"}],"curies":[{"name":"wp","href":"https:\/\/api.w.org\/{rel}","templated":true}]}}