{"id":11250,"date":"2022-01-19T12:54:25","date_gmt":"2022-01-19T11:54:25","guid":{"rendered":"https:\/\/new.tiketi.com\/how-to-get-a-credit-card-in-nigeria-online-best-credit-cards\/"},"modified":"2022-07-14T13:02:16","modified_gmt":"2022-07-14T12:02:16","slug":"how-to-get-a-credit-cards-in-nigeria","status":"publish","type":"page","link":"https:\/\/tiketi.com\/fr-fr\/how-to-get-a-credit-cards-in-nigeria\/","title":{"rendered":"Comment obtenir une carte de cr\u00e9dit au Nigeria en ligne \u2013 Meilleures cartes de cr\u00e9dit"},"content":{"rendered":"<p><strong>Un d:\u00a0<\/strong><\/p>\n<p><strong><a href=\"https:\/\/fiymo.com\/register\" target=\"_blank\" rel=\"noopener\"><\/a><\/strong><\/p>\n<h2>Meilleures cartes de cr\u00e9dit au Nigeria - Cartes de cr\u00e9dit de d\u00e9bit, virtuelles et pr\u00e9pay\u00e9es<\/h2>\n<h3>Profitez de la libert\u00e9 de faire ce que vous voulez avec les cartes de cr\u00e9dit nig\u00e9rianes. Obtenir des cartes de cr\u00e9dit au Nigeria en ligne <u><a href=\"https:\/\/fiymo.com\/home\/register\" data-cke-saved-href=\"https:\/\/fiymo.com\/home\/register\">\u00e0 pr\u00e9sent<\/a><\/u>.<\/h3>\n<p>Voici comment obtenir une carte de cr\u00e9dit au Nigeria en ligne. La carte de cr\u00e9dit du Nig\u00e9ria est la petite cat\u00e9gorie des cartes financi\u00e8res au Nig\u00e9ria, \u00e0 la fois en termes de nombre de cartes en circulation et de valeur des transactions. En effet, les cartes de cr\u00e9dit virtuelles, de d\u00e9bit et pr\u00e9pay\u00e9es au Nig\u00e9ria sont traditionnellement assez faibles en raison de l&#039;attraction d&#039;un cr\u00e9neau de consommateurs \u00e0 revenu moyen \u00e0 \u00e9lev\u00e9. Voici les meilleures raisons pour lesquelles appliquer et utiliser les meilleures cartes de cr\u00e9dit au Nigeria.<\/p>\n<h2>Comment obtenir une carte de cr\u00e9dit au Nigeria FAQ en ligne<\/h2>\n<h3>Quelle est la fr\u00e9quence d&#039;utilisation des cartes de cr\u00e9dit au Nigeria\u00a0?<\/h3>\n<p>L&#039;utilisation de la carte de cr\u00e9dit au Nigeria est tr\u00e8s faible voire inexistante \u00e0 Lagos, au Nigeria. Les cartes de cr\u00e9dit Nigeria et la carte de cr\u00e9dit pr\u00e9pay\u00e9e Nigeria sont appel\u00e9es cartes de paiement, certaines choses les diff\u00e9rencient. M\u00eame s&#039;ils se ressemblent, ils ne servent pas toujours le m\u00eame objectif \u00e0 tout moment.<\/p>\n<h3>Avantages de la carte de cr\u00e9dit nig\u00e9riane<\/h3>\n<p>\u2022 Acc\u00e8s simple \u00e0 des liquidit\u00e9s avec une ligne de cr\u00e9dit renouvelable.<br \/>\n\u2022 Profitez jusqu&#039;\u00e0 quarante-cinq jours de cr\u00e9dit sans int\u00e9r\u00eat.<br \/>\n\u2022 Choix de remboursement flexible avec un minimum de 10 % de remboursement mensuel requis.<br \/>\n\u2022 Profitez de r\u00e9ductions remarquables dans les h\u00f4tels partenaires, les restaurants, l&#039;acc\u00e8s aux salons, etc. \u00e0 travers la plan\u00e8te.<br \/>\n\u2022 Effectuer des paiements de factures Internet, des services de location de voitures, des r\u00e9servations d&#039;h\u00f4tel et des achats en ligne<br \/>\n\u2022 Retirer de l&#039;argent aux guichets automatiques ou effectuer des paiements sur des terminaux internationaux ou locaux.<\/p>\n<h3>Quelle est la diff\u00e9rence entre une carte de cr\u00e9dit pr\u00e9par\u00e9e au Nigeria et une carte de cr\u00e9dit\u00a0?<\/h3>\n<p>Alors qu&#039;un client doit approvisionner son compte bancaire pour utiliser une carte de cr\u00e9dit pr\u00e9par\u00e9e au Nig\u00e9ria, le client effectue une transaction avec une carte de cr\u00e9dit nig\u00e9riane \u00e0 la fin du mois.<\/p>\n<h3>Comment fonctionne la carte de cr\u00e9dit au Nigeria ?<\/h3>\n<p>Une carte de cr\u00e9dit au Nigeria est un paiement qui vous donne acc\u00e8s \u00e0 des avances de fonds dans le cadre d&#039;une restriction d\u00e9finie que vous pouvez d\u00e9penser uniquement via la carte. \u00c0 chaque achat, la somme est d\u00e9duite du solde de votre carte de cr\u00e9dit aupr\u00e8s des banques nig\u00e9rianes. Par exemple, si la limite de votre carte de cr\u00e9dit est de 50 000 \u20a6 et que vous avez effectu\u00e9 un achat de 10 000 \u20a6, vos cartes de cr\u00e9dit nig\u00e9rianes restent \u00e0 40 000 \u20a6.<\/p>\n<p>Quoi qu&#039;il en soit, les fonds accessibles sur votre carte de cr\u00e9dit peuvent \u00eatre r\u00e9approvisionn\u00e9s \u00e0 plusieurs reprises tant que vous remboursez le montant le plus bas dans les d\u00e9lais fix\u00e9s.<\/p>\n<p>Tout comme les pr\u00eats ordinaires, le fait de ne pas payer le solde complet de votre relev\u00e9 \u00e0 sa date d&#039;\u00e9ch\u00e9ance peut ajouter des int\u00e9r\u00eats et affecter votre pointage de cr\u00e9dit en limitant le montant des fonds auxquels vous pouvez acc\u00e9der via vos cartes de cr\u00e9dit au Nigeria. D&#039;autre part, un paiement rapide est r\u00e9compens\u00e9 par une extension de la limite de votre carte de cr\u00e9dit au Nigeria.<\/p>\n<h3>Comment obtenir une carte de cr\u00e9dit au Nigeria ?<\/h3>\n<p>La demande de carte de cr\u00e9dit au Nigeria est tr\u00e8s simple :<\/p>\n<h3>Carte de cr\u00e9dit Visa Nig\u00e9ria<\/h3>\n<p>La premi\u00e8re \u00e9tape consiste \u00e0 v\u00e9rifier votre \u00e9ligibilit\u00e9 \u00e0 une carte de cr\u00e9dit visa Nigeria, puis \u00e0 remplir une demande, qui sera examin\u00e9e par l&#039;\u00e9metteur. Et sur autorisation, votre carte vous sera exp\u00e9di\u00e9e.<\/p>\n<h3>Carte de cr\u00e9dit pr\u00e9pay\u00e9e au Nigeria<\/h3>\n<p>Pour \u00eatre \u00e9ligible \u00e0 la carte de cr\u00e9dit pr\u00e9pay\u00e9e Nigeria, vous devez \u00eatre\u00a0:<\/p>\n<p>\u2022 R\u00e9sident au Nig\u00e9ria<br \/>\n\u2022 Entre 21 et 55 ans<br \/>\n\u2022 Un salari\u00e9 avec au moins un salaire mensuel brut de \u20a6 210, 000, ou un entrepreneur avec un chiffre d&#039;affaires moyen sur six mois de \u20a6 210, 000.<\/p>\n<h3>Comment faire une demande de carte de cr\u00e9dit au Nigeria<\/h3>\n<p>Demander une carte de cr\u00e9dit au Nigeria est rapide et pratique. Vous pouvez postuler en ligne et votre candidature est examin\u00e9e dans les vingt-quatre heures. Si vous \u00eates admissible, votre carte de cr\u00e9dit sera livr\u00e9e par coursier \u00e0 votre lieu de ramassage pr\u00e9f\u00e9r\u00e9.<\/p>\n<h3>Pourquoi avez-vous besoin d&#039;une carte de cr\u00e9dit nig\u00e9riane ?<\/h3>\n<p>Il existe de nombreuses raisons pour lesquelles vous avez besoin d&#039;une carte de cr\u00e9dit au Nigeria en 2020. Premi\u00e8rement, il n&#039;est pas n\u00e9cessaire d&#039;avoir un garant ou une garantie lorsque vous envisagez d&#039;avoir votre propre carte de cr\u00e9dit. Cela rend le processus d&#039;obtention de votre carte de cr\u00e9dit plus facile, sans probl\u00e8me et simple, ce que vous ne pouvez jamais obtenir lorsque vous remplissez ces formulaires de pr\u00eat.<\/p>\n<p>Vous avez besoin d&#039;une carte de cr\u00e9dit en 2020 pour construire votre pointage de cr\u00e9dit. Cela signifie simplement que lorsque vous aurez enfin besoin d&#039;obtenir ce cr\u00e9dit pour acheter une voiture ou une maison, votre agent de cr\u00e9dit saura que vous \u00eates le meilleur pour votre argent, principalement si vous avez un pointage de cr\u00e9dit \u00e9lev\u00e9.<\/p>\n<h2>Comment obtenir une carte de cr\u00e9dit au Nigeria conseils en ligne<\/h2>\n<h3>Conclusion meilleures cartes de cr\u00e9dit au Nigeria<\/h3>\n<p>Le cr\u00e9dit peut \u00eatre un outil extr\u00eamement utile dans la gestion de vos finances quotidiennes, offrant un choix de paiement flexible qui peut simplifier votre vie financi\u00e8re. L&#039;utilisation responsable des cartes de cr\u00e9dit Le Nigeria est \u00e9galement une \u00e9tape essentielle vers l&#039;\u00e9tablissement d&#039;un meilleur historique de cr\u00e9dit, qui vous procurera des avantages financiers maintenant et \u00e0 l&#039;avenir. Les meilleurs ant\u00e9c\u00e9dents de cr\u00e9dit m\u00e8nent \u00e0 une bonne cote de cr\u00e9dit, qui est g\u00e9n\u00e9ralement utilis\u00e9e par les banques et d&#039;autres entreprises pour planifier si vous \u00eates quelqu&#039;un qui est responsable de l&#039;argent.<\/p>","protected":false},"excerpt":{"rendered":"<p>Ad:\u00a0 Best Credit Cards in Nigeria &#8211;\u00a0Debit, Virtual and Prepaid Credit Cards Enjoy the freedom to do what you want to do with Nigeria credit cards. Get credit cards in Nigeria online now. Here is how to get a credit card in Nigeria online.\u00a0Nigeria credit card is the little category within financial cards in Nigeria, [&hellip;]<\/p>\n","protected":false},"author":1,"featured_media":19588,"parent":0,"menu_order":0,"comment_status":"open","ping_status":"closed","template":"template-home-modern.php","meta":{"footnotes":""},"class_list":["post-11250","page","type-page","status-publish","has-post-thumbnail","hentry"],"yoast_head":"<!-- This site is optimized with the Yoast SEO plugin v27.4 - https:\/\/yoast.com\/product\/yoast-seo-wordpress\/ -->\n<title>How to get a credit card in Nigeria online - Best credit cards<\/title>\n<meta name=\"description\" content=\"Are you looking or want to apply and use virtual, debit, or prepaid credit cards in Nigeria? Here is how to get a credit card in Nigeria online\" \/>\n<meta name=\"robots\" content=\"index, follow, max-snippet:-1, max-image-preview:large, max-video-preview:-1\" \/>\n<link rel=\"canonical\" href=\"https:\/\/tiketi.com\/fr-fr\/how-to-get-a-credit-cards-in-nigeria\/\" \/>\n<meta property=\"og:locale\" content=\"fr_FR\" \/>\n<meta property=\"og:type\" content=\"article\" \/>\n<meta property=\"og:title\" content=\"How to get a credit card in Nigeria online - Best credit cards\" \/>\n<meta property=\"og:description\" content=\"Are you looking or want to apply and use virtual, debit, or prepaid credit cards in Nigeria? Here is how to get a credit card in Nigeria online\" \/>\n<meta property=\"og:url\" content=\"https:\/\/tiketi.com\/fr-fr\/how-to-get-a-credit-cards-in-nigeria\/\" \/>\n<meta property=\"og:site_name\" content=\"Tiketi.com\" \/>\n<meta property=\"article:publisher\" content=\"https:\/\/www.facebook.com\/TiketiCom\/\" \/>\n<meta property=\"article:modified_time\" content=\"2022-07-14T12:02:16+00:00\" \/>\n<meta property=\"og:image\" content=\"https:\/\/tiketi.com\/wp-content\/uploads\/2019\/05\/credit-card-6406010_1280.jpg\" \/>\n\t<meta property=\"og:image:width\" content=\"1200\" \/>\n\t<meta property=\"og:image:height\" content=\"200\" \/>\n\t<meta property=\"og:image:type\" content=\"image\/jpeg\" \/>\n<meta name=\"twitter:card\" content=\"summary_large_image\" \/>\n<meta name=\"twitter:label1\" content=\"Dur\u00e9e de lecture estim\u00e9e\" \/>\n\t<meta name=\"twitter:data1\" content=\"4 minutes\" \/>\n<script type=\"application\/ld+json\" class=\"yoast-schema-graph\">{\"@context\":\"https:\\\/\\\/schema.org\",\"@graph\":[{\"@type\":\"WebPage\",\"@id\":\"https:\\\/\\\/tiketi.com\\\/how-to-get-a-credit-cards-in-nigeria\\\/\",\"url\":\"https:\\\/\\\/tiketi.com\\\/how-to-get-a-credit-cards-in-nigeria\\\/\",\"name\":\"How to get a credit card in Nigeria online - Best credit cards\",\"isPartOf\":{\"@id\":\"https:\\\/\\\/tiketi.com\\\/#website\"},\"primaryImageOfPage\":{\"@id\":\"https:\\\/\\\/tiketi.com\\\/how-to-get-a-credit-cards-in-nigeria\\\/#primaryimage\"},\"image\":{\"@id\":\"https:\\\/\\\/tiketi.com\\\/how-to-get-a-credit-cards-in-nigeria\\\/#primaryimage\"},\"thumbnailUrl\":\"https:\\\/\\\/tiketi.com\\\/wp-content\\\/uploads\\\/2019\\\/05\\\/credit-card-6406010_1280.jpg\",\"datePublished\":\"2022-01-19T11:54:25+00:00\",\"dateModified\":\"2022-07-14T12:02:16+00:00\",\"description\":\"Are you looking or want to apply and use virtual, debit, or prepaid credit cards in Nigeria? Here is how to get a credit card in Nigeria online\",\"breadcrumb\":{\"@id\":\"https:\\\/\\\/tiketi.com\\\/how-to-get-a-credit-cards-in-nigeria\\\/#breadcrumb\"},\"inLanguage\":\"fr-FR\",\"potentialAction\":[{\"@type\":\"ReadAction\",\"target\":[\"https:\\\/\\\/tiketi.com\\\/how-to-get-a-credit-cards-in-nigeria\\\/\"]}]},{\"@type\":\"ImageObject\",\"inLanguage\":\"fr-FR\",\"@id\":\"https:\\\/\\\/tiketi.com\\\/how-to-get-a-credit-cards-in-nigeria\\\/#primaryimage\",\"url\":\"https:\\\/\\\/tiketi.com\\\/wp-content\\\/uploads\\\/2019\\\/05\\\/credit-card-6406010_1280.jpg\",\"contentUrl\":\"https:\\\/\\\/tiketi.com\\\/wp-content\\\/uploads\\\/2019\\\/05\\\/credit-card-6406010_1280.jpg\",\"width\":1200,\"height\":200,\"caption\":\"How to get a credit card in\"},{\"@type\":\"BreadcrumbList\",\"@id\":\"https:\\\/\\\/tiketi.com\\\/how-to-get-a-credit-cards-in-nigeria\\\/#breadcrumb\",\"itemListElement\":[{\"@type\":\"ListItem\",\"position\":1,\"name\":\"Home\",\"item\":\"https:\\\/\\\/tiketi.com\\\/\"},{\"@type\":\"ListItem\",\"position\":2,\"name\":\"How to get a credit card in Nigeria online &#8211; Best credit cards\"}]},{\"@type\":\"WebSite\",\"@id\":\"https:\\\/\\\/tiketi.com\\\/#website\",\"url\":\"https:\\\/\\\/tiketi.com\\\/\",\"name\":\"Flight & Bus Tickets, Tour Packages & Activitites - Tiketi.com\",\"description\":\"Flight &amp; Bus Tickets, Tours, Activitites\",\"publisher\":{\"@id\":\"https:\\\/\\\/tiketi.com\\\/#organization\"},\"potentialAction\":[{\"@type\":\"SearchAction\",\"target\":{\"@type\":\"EntryPoint\",\"urlTemplate\":\"https:\\\/\\\/tiketi.com\\\/?s={search_term_string}\"},\"query-input\":{\"@type\":\"PropertyValueSpecification\",\"valueRequired\":true,\"valueName\":\"search_term_string\"}}],\"inLanguage\":\"fr-FR\"},{\"@type\":\"Organization\",\"@id\":\"https:\\\/\\\/tiketi.com\\\/#organization\",\"name\":\"Tiketi.com\",\"alternateName\":\"Tiketi\",\"url\":\"https:\\\/\\\/tiketi.com\\\/\",\"logo\":{\"@type\":\"ImageObject\",\"inLanguage\":\"fr-FR\",\"@id\":\"https:\\\/\\\/tiketi.com\\\/#\\\/schema\\\/logo\\\/image\\\/\",\"url\":\"https:\\\/\\\/tiketi.com\\\/wp-content\\\/uploads\\\/2019\\\/05\\\/tiketi-logo-696.png\",\"contentUrl\":\"https:\\\/\\\/tiketi.com\\\/wp-content\\\/uploads\\\/2019\\\/05\\\/tiketi-logo-696.png\",\"width\":696,\"height\":696,\"caption\":\"Tiketi.com\"},\"image\":{\"@id\":\"https:\\\/\\\/tiketi.com\\\/#\\\/schema\\\/logo\\\/image\\\/\"},\"sameAs\":[\"https:\\\/\\\/www.facebook.com\\\/TiketiCom\\\/\"]}]}<\/script>\n<!-- \/ Yoast SEO plugin. -->","yoast_head_json":{"title":"Comment obtenir une carte de cr\u00e9dit au Nigeria en ligne - Meilleures cartes de cr\u00e9dit","description":"Cherchez-vous ou souhaitez-vous appliquer et utiliser des cartes de cr\u00e9dit virtuelles, de d\u00e9bit ou pr\u00e9pay\u00e9es au Nigeria? Voici comment obtenir une carte de cr\u00e9dit au Nigeria en ligne","robots":{"index":"index","follow":"follow","max-snippet":"max-snippet:-1","max-image-preview":"max-image-preview:large","max-video-preview":"max-video-preview:-1"},"canonical":"https:\/\/tiketi.com\/fr-fr\/how-to-get-a-credit-cards-in-nigeria\/","og_locale":"fr_FR","og_type":"article","og_title":"How to get a credit card in Nigeria online - Best credit cards","og_description":"Are you looking or want to apply and use virtual, debit, or prepaid credit cards in Nigeria? Here is how to get a credit card in Nigeria online","og_url":"https:\/\/tiketi.com\/fr-fr\/how-to-get-a-credit-cards-in-nigeria\/","og_site_name":"Tiketi.com","article_publisher":"https:\/\/www.facebook.com\/TiketiCom\/","article_modified_time":"2022-07-14T12:02:16+00:00","og_image":[{"width":1200,"height":200,"url":"https:\/\/tiketi.com\/wp-content\/uploads\/2019\/05\/credit-card-6406010_1280.jpg","type":"image\/jpeg"}],"twitter_card":"summary_large_image","twitter_misc":{"Dur\u00e9e de lecture estim\u00e9e":"4 minutes"},"schema":{"@context":"https:\/\/schema.org","@graph":[{"@type":"WebPage","@id":"https:\/\/tiketi.com\/how-to-get-a-credit-cards-in-nigeria\/","url":"https:\/\/tiketi.com\/how-to-get-a-credit-cards-in-nigeria\/","name":"Comment obtenir une carte de cr\u00e9dit au Nigeria en ligne - Meilleures cartes de cr\u00e9dit","isPartOf":{"@id":"https:\/\/tiketi.com\/#website"},"primaryImageOfPage":{"@id":"https:\/\/tiketi.com\/how-to-get-a-credit-cards-in-nigeria\/#primaryimage"},"image":{"@id":"https:\/\/tiketi.com\/how-to-get-a-credit-cards-in-nigeria\/#primaryimage"},"thumbnailUrl":"https:\/\/tiketi.com\/wp-content\/uploads\/2019\/05\/credit-card-6406010_1280.jpg","datePublished":"2022-01-19T11:54:25+00:00","dateModified":"2022-07-14T12:02:16+00:00","description":"Cherchez-vous ou souhaitez-vous appliquer et utiliser des cartes de cr\u00e9dit virtuelles, de d\u00e9bit ou pr\u00e9pay\u00e9es au Nigeria? Voici comment obtenir une carte de cr\u00e9dit au Nigeria en ligne","breadcrumb":{"@id":"https:\/\/tiketi.com\/how-to-get-a-credit-cards-in-nigeria\/#breadcrumb"},"inLanguage":"fr-FR","potentialAction":[{"@type":"ReadAction","target":["https:\/\/tiketi.com\/how-to-get-a-credit-cards-in-nigeria\/"]}]},{"@type":"ImageObject","inLanguage":"fr-FR","@id":"https:\/\/tiketi.com\/how-to-get-a-credit-cards-in-nigeria\/#primaryimage","url":"https:\/\/tiketi.com\/wp-content\/uploads\/2019\/05\/credit-card-6406010_1280.jpg","contentUrl":"https:\/\/tiketi.com\/wp-content\/uploads\/2019\/05\/credit-card-6406010_1280.jpg","width":1200,"height":200,"caption":"How to get a credit card in"},{"@type":"BreadcrumbList","@id":"https:\/\/tiketi.com\/how-to-get-a-credit-cards-in-nigeria\/#breadcrumb","itemListElement":[{"@type":"ListItem","position":1,"name":"Home","item":"https:\/\/tiketi.com\/"},{"@type":"ListItem","position":2,"name":"How to get a credit card in Nigeria online &#8211; Best credit cards"}]},{"@type":"WebSite","@id":"https:\/\/tiketi.com\/#website","url":"https:\/\/tiketi.com\/","name":"Billets d&#039;avion et de bus, forfaits touristiques et activit\u00e9s - Tiketi.com","description":"Billets d&#039;avion et de bus, Tours, Activit\u00e9s","publisher":{"@id":"https:\/\/tiketi.com\/#organization"},"potentialAction":[{"@type":"SearchAction","target":{"@type":"EntryPoint","urlTemplate":"https:\/\/tiketi.com\/?s={search_term_string}"},"query-input":{"@type":"PropertyValueSpecification","valueRequired":true,"valueName":"search_term_string"}}],"inLanguage":"fr-FR"},{"@type":"Organization","@id":"https:\/\/tiketi.com\/#organization","name":"Tiketi.com","alternateName":"Tiketi","url":"https:\/\/tiketi.com\/","logo":{"@type":"ImageObject","inLanguage":"fr-FR","@id":"https:\/\/tiketi.com\/#\/schema\/logo\/image\/","url":"https:\/\/tiketi.com\/wp-content\/uploads\/2019\/05\/tiketi-logo-696.png","contentUrl":"https:\/\/tiketi.com\/wp-content\/uploads\/2019\/05\/tiketi-logo-696.png","width":696,"height":696,"caption":"Tiketi.com"},"image":{"@id":"https:\/\/tiketi.com\/#\/schema\/logo\/image\/"},"sameAs":["https:\/\/www.facebook.com\/TiketiCom\/"]}]}},"_links":{"self":[{"href":"https:\/\/tiketi.com\/fr-fr\/wp-json\/wp\/v2\/pages\/11250","targetHints":{"allow":["GET"]}}],"collection":[{"href":"https:\/\/tiketi.com\/fr-fr\/wp-json\/wp\/v2\/pages"}],"about":[{"href":"https:\/\/tiketi.com\/fr-fr\/wp-json\/wp\/v2\/types\/page"}],"author":[{"embeddable":true,"href":"https:\/\/tiketi.com\/fr-fr\/wp-json\/wp\/v2\/users\/1"}],"replies":[{"embeddable":true,"href":"https:\/\/tiketi.com\/fr-fr\/wp-json\/wp\/v2\/comments?post=11250"}],"version-history":[{"count":0,"href":"https:\/\/tiketi.com\/fr-fr\/wp-json\/wp\/v2\/pages\/11250\/revisions"}],"wp:featuredmedia":[{"embeddable":true,"href":"https:\/\/tiketi.com\/fr-fr\/wp-json\/wp\/v2\/media\/19588"}],"wp:attachment":[{"href":"https:\/\/tiketi.com\/fr-fr\/wp-json\/wp\/v2\/media?parent=11250"}],"curies":[{"name":"wp","href":"https:\/\/api.w.org\/{rel}","templated":true}]}}