{"id":11251,"date":"2022-01-19T12:54:25","date_gmt":"2022-01-19T11:54:25","guid":{"rendered":"https:\/\/new.tiketi.com\/how-to-get-a-credit-card-in-kenya-online-best-credit-cards\/"},"modified":"2022-07-27T08:32:14","modified_gmt":"2022-07-27T07:32:14","slug":"how-to-get-a-credit-cards-in-kenya","status":"publish","type":"page","link":"https:\/\/tiketi.com\/fr-fr\/comment-obtenir-une-carte-de-credit-au-kenya\/","title":{"rendered":"Comment obtenir une carte de cr\u00e9dit au Kenya en ligne \u2013 Meilleures cartes de cr\u00e9dit"},"content":{"rendered":"<p><strong>Un d:\u00a0<\/strong><\/p>\n<h2>Meilleures cartes de cr\u00e9dit au Kenya - Cartes de cr\u00e9dit de d\u00e9bit, virtuelles et pr\u00e9pay\u00e9es<\/h2>\n<h3>Profitez de la libert\u00e9 de faire ce que vous voulez avec les cartes de cr\u00e9dit du Kenya. Obtenez une carte de cr\u00e9dit virtuelle au Kenya en ligne <u><a href=\"https:\/\/fiymo.com\/home\/register\" data-cke-saved-href=\"https:\/\/fiymo.com\/home\/register\">\u00e0 pr\u00e9sent<\/a><\/u>.<\/h3>\n<p>Voici comment obtenir une carte de cr\u00e9dit au Kenya en ligne. De nombreux Kenyans utilisent indiff\u00e9remment les cartes de cr\u00e9dit virtuelles, de d\u00e9bit et pr\u00e9pay\u00e9es au Kenya pour acheter des biens et des services. Quoi qu&#039;il en soit, vous devez \u00eatre conscient que ces types de meilleures cartes de cr\u00e9dit au Kenya sont assez diff\u00e9rents et que chaque carte fonctionne diff\u00e9remment. Voici les meilleures raisons pour lesquelles appliquer et utiliser les meilleures cartes de cr\u00e9dit du Kenya.<\/p>\n<h2>Comment obtenir une carte de cr\u00e9dit au Kenya FAQ en ligne<\/h2>\n<h3>Utilisation des cartes de cr\u00e9dit au Kenya<\/h3>\n<p>Si vous utilisez une carte de cr\u00e9dit au Kenya, vous empruntez de l&#039;argent que vous pouvez rembourser, en plus des int\u00e9r\u00eats, si vous ne r\u00e9glez pas int\u00e9gralement le solde de la carte de cr\u00e9dit kenyane \u00e0 la date d&#039;\u00e9ch\u00e9ance. Comme le nom l&#039;indique \u00ab cr\u00e9dit \u00bb alias cr\u00e9dit ou en swahili \u00ab Deni \u00bb.<\/p>\n<p>Mais, si vous utilisez une carte de d\u00e9bit \u00e9mise par votre banque et attach\u00e9e \u00e0 votre compte d&#039;\u00e9pargne ou de ch\u00e8que, l&#039;argent pr\u00e9lev\u00e9 sur le compte vous appartient et vous n&#039;aurez jamais \u00e0 payer d&#039;int\u00e9r\u00eats.<\/p>\n<h3>Carte de cr\u00e9dit pr\u00e9pay\u00e9e au Kenya<\/h3>\n<p>Avec la carte de cr\u00e9dit pr\u00e9pay\u00e9e du Kenya, vous d\u00e9pensez de l&#039;argent d\u00e9pos\u00e9 dessus, et ils ne sont g\u00e9n\u00e9ralement pas attach\u00e9s \u00e0 votre compte d&#039;\u00e9pargne ou \u00e0 votre compte courant. Les produits pr\u00e9pay\u00e9s contiennent des cartes \u00ab rechargeables \u00e0 objectif g\u00e9n\u00e9ral \u00bb, qui affichent un r\u00e9seau de marques telles que Visa ou MasterCard.<\/p>\n<h3>Combien co\u00fbte l&#039;obtention d&#039;une carte de d\u00e9bit pr\u00e9pay\u00e9e au Kenya ?<\/h3>\n<p>Les transactions par carte de d\u00e9bit pr\u00e9pay\u00e9e au Kenya et par carte de d\u00e9bit seront rejet\u00e9es si vous n&#039;avez pas les fonds sur votre carte ou votre compte. De m\u00eame, un \u00e9metteur de cartes de cr\u00e9dit kenyan peut rejeter une transaction qui vous fait d\u00e9passer votre limite de cr\u00e9dit, sauf si vous avez explicitement accept\u00e9 de payer des frais pour autoriser les transactions d\u00e9passant la limite.<\/p>\n<p>Cartes de d\u00e9bit pr\u00e9pay\u00e9es, parfois, de nombreux frais minimes diff\u00e9rents encourus pour utiliser la carte. Ces co\u00fbts peuvent contenir des frais mensuels, des frais de chargement de fonds sur la carte et des frais pour chaque transaction.<\/p>\n<h3>Cr\u00e9dit et carte de cr\u00e9dit pr\u00e9pay\u00e9e Kenya<\/h3>\n<p>L&#039;introduction du cr\u00e9dit et de la carte de cr\u00e9dit pr\u00e9pay\u00e9e au Kenya a permis \u00e0 de nombreux Kenyans d&#039;\u00eatre en mesure d&#039;effectuer des achats sur Internet. Pour utiliser des plateformes de paiement comme PayPal ou acheter des biens en ligne et payer avec MasterCard ou Visa, il faut avoir une carte de cr\u00e9dit virtuelle Kenya ou une carte de d\u00e9bit pr\u00e9par\u00e9e.<\/p>\n<p>La principale chose \u00e0 propos de la carte de cr\u00e9dit pr\u00e9pay\u00e9e au Kenya est que vous n&#039;avez pas besoin d&#039;un compte bancaire aupr\u00e8s de l&#039;un des fournisseurs de services \/ banques pour en poss\u00e9der un.<\/p>\n<p>Cela signifie que tout ce dont vous avez besoin est simplement de charger\/recharger la carte avec de l&#039;argent et n&#039;a pas de lien vers votre compte bancaire personnel comme une carte de guichet automatique.<\/p>\n<h3>Les cartes de cr\u00e9dit les plus connues au Kenya sont :<\/h3>\n<p>\u2022 Carte de cr\u00e9dit NationHela<br \/>\n\u2022 Carte de cr\u00e9dit KCB \u00e0 usage g\u00e9n\u00e9ral<br \/>\n\u2022 Nakumatt Global Credit et MasterCard<\/p>\n<p>\u2022 Obtenez une carte de cr\u00e9dit virtuelle au Kenya en ligne <u><a href=\"https:\/\/fiymo.com\/home\/register\" data-cke-saved-href=\"https:\/\/fiymo.com\/home\/register\">\u00e0 pr\u00e9sent<\/a><\/u>.<\/p>\n<h3>Les choses \u00e0 faire et \u00e0 ne pas faire avec la carte de cr\u00e9dit au Kenya<\/h3>\n<p>\u2022 Il est essentiel que vous disposiez d\u00e8s le d\u00e9part des meilleures informations sur l&#039;utilisation de votre carte de cr\u00e9dit au Kenya.<br \/>\n\u2022 Pendant que vous avez acc\u00e8s \u00e0 de l&#039;argent suppl\u00e9mentaire, il est toujours sage d&#039;utiliser le cr\u00e9dit avec pr\u00e9caution.<br \/>\n\u2022 Choisissez une carte qui correspond \u00e0 votre style de vie. S&#039;il s&#039;agit d&#039;une carte de r\u00e9compenses, choisissez-en une avec des avantages que vous savez que vous utiliserez.<br \/>\n\u2022 Une carte avec frais vous procurera plus d&#039;avantages. Faites preuve de diligence raisonnable et voyez si les frais en valent la peine.<br \/>\n\u2022 Optez pour une carte sans frais. Ces cartes de cr\u00e9dit du Kenya sont id\u00e9ales pour les situations d&#039;urgence soudaines ou les achats sur Internet.<br \/>\n\u2022 Soyez conscient du taux d&#039;int\u00e9r\u00eat li\u00e9 \u00e0 votre carte de cr\u00e9dit des banques kenyanes. Effectuez vos paiements avant la date d&#039;\u00e9ch\u00e9ance de chaque relev\u00e9 et vous b\u00e9n\u00e9ficierez pour toujours d&#039;un cr\u00e9dit sans int\u00e9r\u00eat.<br \/>\n\u2022 Si vous ne pouvez pas vous permettre de r\u00e9gler la totalit\u00e9 du montant impay\u00e9, assurez-vous de payer plus que le versement le plus bas. Vous \u00e9galiserez l&#039;int\u00e9r\u00eat poss\u00e9d\u00e9 bien que votre dette ne disparaisse pas.<br \/>\n\u2022 Si votre encours de carte de cr\u00e9dit devient trop important, pensez \u00e0 le regrouper tout seul avec un cr\u00e9dit de substitution. Vous serez factur\u00e9 un taux d&#039;int\u00e9r\u00eat inf\u00e9rieur sur le montant impay\u00e9.<\/p>\n<h2>Comment obtenir une Mastercard au Kenya conseils en ligne<\/h2>\n<h3>Que souhaitez-vous savoir<\/h3>\n<p>Pour commencer \u00e0 b\u00e2tir votre dossier de cr\u00e9dit ou \u00e0 l&#039;am\u00e9liorer, vous devez vous assurer de conserver les meilleurs ant\u00e9c\u00e9dents de cr\u00e9dit, de rester au courant de votre solvabilit\u00e9 et de comprendre votre dossier de cr\u00e9dit et votre pointage de cr\u00e9dit.<\/p>\n<p>La banque a des plans de protection de cr\u00e9dit qui vous aideront \u00e0 r\u00e9gler les remboursements de votre dette en cas d&#039;invalidit\u00e9, de d\u00e9c\u00e8s, de licenciement ou de maladie grave.<\/p>","protected":false},"excerpt":{"rendered":"<p>Ad:\u00a0 Best Credit Cards in Kenya &#8211;\u00a0Debit, Virtual and Prepaid Credit Cards Enjoy the freedom to do what you want to do with Kenya credit cards. Get a virtual credit cards in Kenya online now. Here is how to get a credit card in Kenya online. Many Kenyan use virtual, debit and prepaid credit card [&hellip;]<\/p>\n","protected":false},"author":1,"featured_media":19588,"parent":0,"menu_order":0,"comment_status":"open","ping_status":"closed","template":"template-home-modern.php","meta":{"footnotes":""},"class_list":["post-11251","page","type-page","status-publish","has-post-thumbnail","hentry"],"yoast_head":"<!-- This site is optimized with the Yoast SEO plugin v27.2 - https:\/\/yoast.com\/product\/yoast-seo-wordpress\/ -->\n<title>How to get a credit card in Kenya online - Best credit cards<\/title>\n<meta name=\"description\" content=\"Are you looking or want to apply and use virtual, debit, or prepaid credit cards in Kenya? Here is how to get a credit card in Kenya online\" \/>\n<meta name=\"robots\" content=\"index, follow, max-snippet:-1, max-image-preview:large, max-video-preview:-1\" \/>\n<link rel=\"canonical\" href=\"https:\/\/tiketi.com\/fr-fr\/comment-obtenir-une-carte-de-credit-au-kenya\/\" \/>\n<meta property=\"og:locale\" content=\"fr_FR\" \/>\n<meta property=\"og:type\" content=\"article\" \/>\n<meta property=\"og:title\" content=\"How to get a credit card in Kenya online - Best credit cards\" \/>\n<meta property=\"og:description\" content=\"Are you looking or want to apply and use virtual, debit, or prepaid credit cards in Kenya? Here is how to get a credit card in Kenya online\" \/>\n<meta property=\"og:url\" content=\"https:\/\/tiketi.com\/fr-fr\/comment-obtenir-une-carte-de-credit-au-kenya\/\" \/>\n<meta property=\"og:site_name\" content=\"Tiketi.com\" \/>\n<meta property=\"article:publisher\" content=\"https:\/\/www.facebook.com\/TiketiCom\/\" \/>\n<meta property=\"article:modified_time\" content=\"2022-07-27T07:32:14+00:00\" \/>\n<meta property=\"og:image\" content=\"https:\/\/tiketi.com\/wp-content\/uploads\/2019\/05\/credit-card-6406010_1280.jpg\" \/>\n\t<meta property=\"og:image:width\" content=\"1200\" \/>\n\t<meta property=\"og:image:height\" content=\"200\" \/>\n\t<meta property=\"og:image:type\" content=\"image\/jpeg\" \/>\n<meta name=\"twitter:card\" content=\"summary_large_image\" \/>\n<meta name=\"twitter:label1\" content=\"Dur\u00e9e de lecture estim\u00e9e\" \/>\n\t<meta name=\"twitter:data1\" content=\"4 minutes\" \/>\n<script type=\"application\/ld+json\" class=\"yoast-schema-graph\">{\"@context\":\"https:\/\/schema.org\",\"@graph\":[{\"@type\":\"WebPage\",\"@id\":\"https:\/\/tiketi.com\/fr-fr\/comment-obtenir-une-carte-de-credit-au-kenya\/\",\"url\":\"https:\/\/tiketi.com\/fr-fr\/comment-obtenir-une-carte-de-credit-au-kenya\/\",\"name\":\"How to get a credit card in Kenya online - Best credit cards\",\"isPartOf\":{\"@id\":\"https:\/\/tiketi.com\/#website\"},\"primaryImageOfPage\":{\"@id\":\"https:\/\/tiketi.com\/fr-fr\/comment-obtenir-une-carte-de-credit-au-kenya\/#primaryimage\"},\"image\":{\"@id\":\"https:\/\/tiketi.com\/fr-fr\/comment-obtenir-une-carte-de-credit-au-kenya\/#primaryimage\"},\"thumbnailUrl\":\"https:\/\/tiketi.com\/wp-content\/uploads\/2019\/05\/credit-card-6406010_1280.jpg\",\"datePublished\":\"2022-01-19T11:54:25+00:00\",\"dateModified\":\"2022-07-27T07:32:14+00:00\",\"description\":\"Are you looking or want to apply and use virtual, debit, or prepaid credit cards in Kenya? Here is how to get a credit card in Kenya online\",\"breadcrumb\":{\"@id\":\"https:\/\/tiketi.com\/fr-fr\/comment-obtenir-une-carte-de-credit-au-kenya\/#breadcrumb\"},\"inLanguage\":\"fr-FR\",\"potentialAction\":[{\"@type\":\"ReadAction\",\"target\":[\"https:\/\/tiketi.com\/fr-fr\/comment-obtenir-une-carte-de-credit-au-kenya\/\"]}]},{\"@type\":\"ImageObject\",\"inLanguage\":\"fr-FR\",\"@id\":\"https:\/\/tiketi.com\/fr-fr\/comment-obtenir-une-carte-de-credit-au-kenya\/#primaryimage\",\"url\":\"https:\/\/tiketi.com\/wp-content\/uploads\/2019\/05\/credit-card-6406010_1280.jpg\",\"contentUrl\":\"https:\/\/tiketi.com\/wp-content\/uploads\/2019\/05\/credit-card-6406010_1280.jpg\",\"width\":1200,\"height\":200,\"caption\":\"How to get a credit card in\"},{\"@type\":\"BreadcrumbList\",\"@id\":\"https:\/\/tiketi.com\/fr-fr\/comment-obtenir-une-carte-de-credit-au-kenya\/#breadcrumb\",\"itemListElement\":[{\"@type\":\"ListItem\",\"position\":1,\"name\":\"Home\",\"item\":\"https:\/\/tiketi.com\/\"},{\"@type\":\"ListItem\",\"position\":2,\"name\":\"How to get a credit card in Kenya online &#8211; Best credit cards\"}]},{\"@type\":\"WebSite\",\"@id\":\"https:\/\/tiketi.com\/#website\",\"url\":\"https:\/\/tiketi.com\/\",\"name\":\"Flight & Bus Tickets, Tour Packages & Activitites - Tiketi.com\",\"description\":\"Flight &amp; Bus Tickets, Tours, Activitites\",\"publisher\":{\"@id\":\"https:\/\/tiketi.com\/#organization\"},\"potentialAction\":[{\"@type\":\"SearchAction\",\"target\":{\"@type\":\"EntryPoint\",\"urlTemplate\":\"https:\/\/tiketi.com\/?s={search_term_string}\"},\"query-input\":{\"@type\":\"PropertyValueSpecification\",\"valueRequired\":true,\"valueName\":\"search_term_string\"}}],\"inLanguage\":\"fr-FR\"},{\"@type\":\"Organization\",\"@id\":\"https:\/\/tiketi.com\/#organization\",\"name\":\"Tiketi.com\",\"alternateName\":\"Tiketi\",\"url\":\"https:\/\/tiketi.com\/\",\"logo\":{\"@type\":\"ImageObject\",\"inLanguage\":\"fr-FR\",\"@id\":\"https:\/\/tiketi.com\/#\/schema\/logo\/image\/\",\"url\":\"https:\/\/tiketi.com\/wp-content\/uploads\/2019\/05\/tiketi-logo-696.png\",\"contentUrl\":\"https:\/\/tiketi.com\/wp-content\/uploads\/2019\/05\/tiketi-logo-696.png\",\"width\":696,\"height\":696,\"caption\":\"Tiketi.com\"},\"image\":{\"@id\":\"https:\/\/tiketi.com\/#\/schema\/logo\/image\/\"},\"sameAs\":[\"https:\/\/www.facebook.com\/TiketiCom\/\"]}]}<\/script>\n<!-- \/ Yoast SEO plugin. -->","yoast_head_json":{"title":"Comment obtenir une carte de cr\u00e9dit au Kenya en ligne - Meilleures cartes de cr\u00e9dit","description":"Cherchez-vous ou souhaitez-vous appliquer et utiliser des cartes de cr\u00e9dit virtuelles, de d\u00e9bit ou pr\u00e9pay\u00e9es au Kenya? Voici comment obtenir une carte de cr\u00e9dit au Kenya en ligne","robots":{"index":"index","follow":"follow","max-snippet":"max-snippet:-1","max-image-preview":"max-image-preview:large","max-video-preview":"max-video-preview:-1"},"canonical":"https:\/\/tiketi.com\/fr-fr\/comment-obtenir-une-carte-de-credit-au-kenya\/","og_locale":"fr_FR","og_type":"article","og_title":"How to get a credit card in Kenya online - Best credit cards","og_description":"Are you looking or want to apply and use virtual, debit, or prepaid credit cards in Kenya? Here is how to get a credit card in Kenya online","og_url":"https:\/\/tiketi.com\/fr-fr\/comment-obtenir-une-carte-de-credit-au-kenya\/","og_site_name":"Tiketi.com","article_publisher":"https:\/\/www.facebook.com\/TiketiCom\/","article_modified_time":"2022-07-27T07:32:14+00:00","og_image":[{"width":1200,"height":200,"url":"https:\/\/tiketi.com\/wp-content\/uploads\/2019\/05\/credit-card-6406010_1280.jpg","type":"image\/jpeg"}],"twitter_card":"summary_large_image","twitter_misc":{"Dur\u00e9e de lecture estim\u00e9e":"4 minutes"},"schema":{"@context":"https:\/\/schema.org","@graph":[{"@type":"WebPage","@id":"https:\/\/tiketi.com\/fr-fr\/comment-obtenir-une-carte-de-credit-au-kenya\/","url":"https:\/\/tiketi.com\/fr-fr\/comment-obtenir-une-carte-de-credit-au-kenya\/","name":"Comment obtenir une carte de cr\u00e9dit au Kenya en ligne - Meilleures cartes de cr\u00e9dit","isPartOf":{"@id":"https:\/\/tiketi.com\/#website"},"primaryImageOfPage":{"@id":"https:\/\/tiketi.com\/fr-fr\/comment-obtenir-une-carte-de-credit-au-kenya\/#primaryimage"},"image":{"@id":"https:\/\/tiketi.com\/fr-fr\/comment-obtenir-une-carte-de-credit-au-kenya\/#primaryimage"},"thumbnailUrl":"https:\/\/tiketi.com\/wp-content\/uploads\/2019\/05\/credit-card-6406010_1280.jpg","datePublished":"2022-01-19T11:54:25+00:00","dateModified":"2022-07-27T07:32:14+00:00","description":"Cherchez-vous ou souhaitez-vous appliquer et utiliser des cartes de cr\u00e9dit virtuelles, de d\u00e9bit ou pr\u00e9pay\u00e9es au Kenya? Voici comment obtenir une carte de cr\u00e9dit au Kenya en ligne","breadcrumb":{"@id":"https:\/\/tiketi.com\/fr-fr\/comment-obtenir-une-carte-de-credit-au-kenya\/#breadcrumb"},"inLanguage":"fr-FR","potentialAction":[{"@type":"ReadAction","target":["https:\/\/tiketi.com\/fr-fr\/comment-obtenir-une-carte-de-credit-au-kenya\/"]}]},{"@type":"ImageObject","inLanguage":"fr-FR","@id":"https:\/\/tiketi.com\/fr-fr\/comment-obtenir-une-carte-de-credit-au-kenya\/#primaryimage","url":"https:\/\/tiketi.com\/wp-content\/uploads\/2019\/05\/credit-card-6406010_1280.jpg","contentUrl":"https:\/\/tiketi.com\/wp-content\/uploads\/2019\/05\/credit-card-6406010_1280.jpg","width":1200,"height":200,"caption":"How to get a credit card in"},{"@type":"BreadcrumbList","@id":"https:\/\/tiketi.com\/fr-fr\/comment-obtenir-une-carte-de-credit-au-kenya\/#breadcrumb","itemListElement":[{"@type":"ListItem","position":1,"name":"Home","item":"https:\/\/tiketi.com\/"},{"@type":"ListItem","position":2,"name":"How to get a credit card in Kenya online &#8211; Best credit cards"}]},{"@type":"WebSite","@id":"https:\/\/tiketi.com\/#website","url":"https:\/\/tiketi.com\/","name":"Billets d&#039;avion et de bus, forfaits touristiques et activit\u00e9s - Tiketi.com","description":"Billets d&#039;avion et de bus, Tours, Activit\u00e9s","publisher":{"@id":"https:\/\/tiketi.com\/#organization"},"potentialAction":[{"@type":"SearchAction","target":{"@type":"EntryPoint","urlTemplate":"https:\/\/tiketi.com\/?s={search_term_string}"},"query-input":{"@type":"PropertyValueSpecification","valueRequired":true,"valueName":"search_term_string"}}],"inLanguage":"fr-FR"},{"@type":"Organization","@id":"https:\/\/tiketi.com\/#organization","name":"Tiketi.com","alternateName":"Tiketi","url":"https:\/\/tiketi.com\/","logo":{"@type":"ImageObject","inLanguage":"fr-FR","@id":"https:\/\/tiketi.com\/#\/schema\/logo\/image\/","url":"https:\/\/tiketi.com\/wp-content\/uploads\/2019\/05\/tiketi-logo-696.png","contentUrl":"https:\/\/tiketi.com\/wp-content\/uploads\/2019\/05\/tiketi-logo-696.png","width":696,"height":696,"caption":"Tiketi.com"},"image":{"@id":"https:\/\/tiketi.com\/#\/schema\/logo\/image\/"},"sameAs":["https:\/\/www.facebook.com\/TiketiCom\/"]}]}},"_links":{"self":[{"href":"https:\/\/tiketi.com\/fr-fr\/wp-json\/wp\/v2\/pages\/11251","targetHints":{"allow":["GET"]}}],"collection":[{"href":"https:\/\/tiketi.com\/fr-fr\/wp-json\/wp\/v2\/pages"}],"about":[{"href":"https:\/\/tiketi.com\/fr-fr\/wp-json\/wp\/v2\/types\/page"}],"author":[{"embeddable":true,"href":"https:\/\/tiketi.com\/fr-fr\/wp-json\/wp\/v2\/users\/1"}],"replies":[{"embeddable":true,"href":"https:\/\/tiketi.com\/fr-fr\/wp-json\/wp\/v2\/comments?post=11251"}],"version-history":[{"count":0,"href":"https:\/\/tiketi.com\/fr-fr\/wp-json\/wp\/v2\/pages\/11251\/revisions"}],"wp:featuredmedia":[{"embeddable":true,"href":"https:\/\/tiketi.com\/fr-fr\/wp-json\/wp\/v2\/media\/19588"}],"wp:attachment":[{"href":"https:\/\/tiketi.com\/fr-fr\/wp-json\/wp\/v2\/media?parent=11251"}],"curies":[{"name":"wp","href":"https:\/\/api.w.org\/{rel}","templated":true}]}}