{"id":11253,"date":"2022-01-19T12:54:25","date_gmt":"2022-01-19T11:54:25","guid":{"rendered":"https:\/\/new.tiketi.com\/liban-express-online-booking-bus-tickets-routes-fares\/"},"modified":"2022-07-14T13:02:10","modified_gmt":"2022-07-14T12:02:10","slug":"liban-express-buses","status":"publish","type":"page","link":"https:\/\/tiketi.com\/fr-fr\/liban-express-buses\/","title":{"rendered":"Liban Express R\u00e9servation en ligne, billets de bus, itin\u00e9raires et tarifs"},"content":{"rendered":"<p><strong>Un d:\u00a0<\/strong><\/p>\n<p><strong><a href=\"https:\/\/fiymo.com\/register\" target=\"_blank\" rel=\"noopener\"><\/a><\/strong><\/p>\n<h2>Liban Express Bus R\u00e9servation de billets de bus en ligne<\/h2>\n<h3>D\u00e9couvrez votre itin\u00e9raire de voyage sur le web, le mobile ou l&#039;application et r\u00e9servez en ligne d\u00e8s maintenant des billets de bus Liban Express pas chers.<\/h3>\n<p>La r\u00e9servation en ligne Liban Express simplifi\u00e9e. Liban Express Bus est une soci\u00e9t\u00e9 k\u00e9nyane fond\u00e9e en 2011 et qui propose des services quotidiens de Nairobi \u00e0 Marsabit via la r\u00e9servation en ligne de Liban Express Bus Nairobi \u00e0 Marsabit. Dans le but de satisfaire les besoins de leurs clients estim\u00e9s, ils ont franchi une autre \u00e9tape pour d\u00e9couvrir et mettre en avant ce qui leur convient. Ils se vantent de confort, de s\u00e9curit\u00e9 et de technologie. Il en va de m\u00eame pour la r\u00e9servation de billets de bus en ligne Liban Express Bus maintenant!<\/p>\n<h2>FAQ sur la r\u00e9servation en ligne de Liban Express, les billets de bus, les itin\u00e9raires et les tarifs<\/h2>\n<h3>Quels sont les horaires et les itin\u00e9raires de r\u00e9servation en ligne des bus Liban couverts par les bus Liban Express ?<\/h3>\n<p>\u2022 Nairobi \u00e0 Isolo<br \/>\n\u2022 Nairobi \u00e0 Marasabit<\/p>\n<h3>Ligne de la flotte de bus Liban Express<\/h3>\n<p>Des si\u00e8ges inclinables relaxants, des provisions Internet, des syst\u00e8mes de recharge, de la t\u00e9l\u00e9vision, des finitions int\u00e9rieures charmantes avec des lampes de lecture et des porte-revues, chaque \u00e9l\u00e9ment a \u00e9t\u00e9 pris en charge.<\/p>\n<p>Pour ceux qui aiment dormir \u00e0 bord, vous \u00eates \u00e9galement connu car leur bus dispose d&#039;un espace suffisant o\u00f9 vous pouvez redresser vos jambes, ajuster vos si\u00e8ges et avoir un sommeil relaxant et paisible. Les f\u00e9rus d&#039;internet, ils vous disent de ne pas vous inqui\u00e9ter car ils s&#039;en sont occup\u00e9s, le WiFi est l\u00e0 pour vous.<\/p>\n<p>Inutile de vous soucier des ordinateurs portables et des t\u00e9l\u00e9phones d\u00e9charg\u00e9s. Tout ce que vous avez \u00e0 faire est de transporter vos chargeurs et il a une disposition pour le chargeur de c\u00e2ble USB. Cin\u00e9ma en direct \u00e0 bord o\u00f9 vous pourrez profiter de votre balade.<\/p>\n<h3>Quelles sont les coordonn\u00e9es des bus Liban Express ?<\/h3>\n<p>Adresse : A2, Marsabit, Kenya<\/p>\n<h2>Liban Express Bus R\u00e9servation de billets de bus en ligne Kenya Conseils<\/h2>\n<p>Chez Liban bus services, vos int\u00e9r\u00eats en tant que passagers sont situ\u00e9s au sommet. Du personnel confortable et courtois, \u00e0 la s\u00e9curit\u00e9 et aux autocars charg\u00e9s de technologie qui r\u00e9pondent aux besoins de leurs passagers et \u00e0 leur qu\u00eate sans fin pour r\u00e9aliser leurs r\u00eaves.<\/p>\n<p>Ne vous inqui\u00e9tez pas d&#039;aller dans leurs bureaux et d&#039;avoir une exp\u00e9rience de voyage avec eux. Ils sont situ\u00e9s sur la 9e rue d&#039;Eastleigh, 2e avenue, en face du supermarch\u00e9 Rafiki \u00e0 Marsabit, Nairobi et Isiolo. Alors r\u00e9servez d\u00e8s maintenant vos billets de bus Liban Express Bus Nairobi To Marsabit.<\/p>","protected":false},"excerpt":{"rendered":"<p>Ad:\u00a0 Liban Express Bus\u00a0Online Bus Ticket Booking Discover your travel route on web, mobile or app and book cheap Liban Express bus tickets online now. Liban Express online booking made easy.\u00a0Liban Express Bus is a Kenyan firm which founded in 2011 and they offer daily services from Nairobi to Marsabit via Liban Express Bus Nairobi [&hellip;]<\/p>\n","protected":false},"author":1,"featured_media":13999,"parent":0,"menu_order":0,"comment_status":"open","ping_status":"closed","template":"template-home-modern.php","meta":{"footnotes":""},"class_list":["post-11253","page","type-page","status-publish","has-post-thumbnail","hentry"],"yoast_head":"<!-- This site is optimized with the Yoast SEO plugin v27.5 - https:\/\/yoast.com\/product\/yoast-seo-wordpress\/ -->\n<title>Liban Express Online Booking, Bus Tickets, Routes &amp; Fares<\/title>\n<meta name=\"description\" content=\"Looking for Liban Express online booking, bus tickets, app, routes &amp; fares? Make a cheap Liban Express Bus online bus ticket booking now\" \/>\n<meta name=\"robots\" content=\"index, follow, max-snippet:-1, max-image-preview:large, max-video-preview:-1\" \/>\n<link rel=\"canonical\" href=\"https:\/\/tiketi.com\/fr-fr\/liban-express-buses\/\" \/>\n<meta property=\"og:locale\" content=\"fr_FR\" \/>\n<meta property=\"og:type\" content=\"article\" \/>\n<meta property=\"og:title\" content=\"Liban Express Online Booking, Bus Tickets, Routes &amp; Fares\" \/>\n<meta property=\"og:description\" content=\"Looking for Liban Express online booking, bus tickets, app, routes &amp; fares? Make a cheap Liban Express Bus online bus ticket booking now\" \/>\n<meta property=\"og:url\" content=\"https:\/\/tiketi.com\/fr-fr\/liban-express-buses\/\" \/>\n<meta property=\"og:site_name\" content=\"Tiketi.com\" \/>\n<meta property=\"article:publisher\" content=\"https:\/\/www.facebook.com\/TiketiCom\/\" \/>\n<meta property=\"article:modified_time\" content=\"2022-07-14T12:02:10+00:00\" \/>\n<meta property=\"og:image\" content=\"https:\/\/tiketi.com\/wp-content\/uploads\/2022\/01\/bus-ticket-online-booking.jpg\" \/>\n\t<meta property=\"og:image:width\" content=\"1200\" \/>\n\t<meta property=\"og:image:height\" content=\"206\" \/>\n\t<meta property=\"og:image:type\" content=\"image\/jpeg\" \/>\n<meta name=\"twitter:card\" content=\"summary_large_image\" \/>\n<meta name=\"twitter:label1\" content=\"Dur\u00e9e de lecture estim\u00e9e\" \/>\n\t<meta name=\"twitter:data1\" content=\"2 minutes\" \/>\n<script type=\"application\/ld+json\" class=\"yoast-schema-graph\">{\"@context\":\"https:\\\/\\\/schema.org\",\"@graph\":[{\"@type\":\"WebPage\",\"@id\":\"https:\\\/\\\/tiketi.com\\\/liban-express-buses\\\/\",\"url\":\"https:\\\/\\\/tiketi.com\\\/liban-express-buses\\\/\",\"name\":\"Liban Express Online Booking, Bus Tickets, Routes & Fares\",\"isPartOf\":{\"@id\":\"https:\\\/\\\/tiketi.com\\\/#website\"},\"primaryImageOfPage\":{\"@id\":\"https:\\\/\\\/tiketi.com\\\/liban-express-buses\\\/#primaryimage\"},\"image\":{\"@id\":\"https:\\\/\\\/tiketi.com\\\/liban-express-buses\\\/#primaryimage\"},\"thumbnailUrl\":\"https:\\\/\\\/tiketi.com\\\/wp-content\\\/uploads\\\/2022\\\/01\\\/bus-ticket-online-booking.jpg\",\"datePublished\":\"2022-01-19T11:54:25+00:00\",\"dateModified\":\"2022-07-14T12:02:10+00:00\",\"description\":\"Looking for Liban Express online booking, bus tickets, app, routes & fares? Make a cheap Liban Express Bus online bus ticket booking now\",\"breadcrumb\":{\"@id\":\"https:\\\/\\\/tiketi.com\\\/liban-express-buses\\\/#breadcrumb\"},\"inLanguage\":\"fr-FR\",\"potentialAction\":[{\"@type\":\"ReadAction\",\"target\":[\"https:\\\/\\\/tiketi.com\\\/liban-express-buses\\\/\"]}]},{\"@type\":\"ImageObject\",\"inLanguage\":\"fr-FR\",\"@id\":\"https:\\\/\\\/tiketi.com\\\/liban-express-buses\\\/#primaryimage\",\"url\":\"https:\\\/\\\/tiketi.com\\\/wp-content\\\/uploads\\\/2022\\\/01\\\/bus-ticket-online-booking.jpg\",\"contentUrl\":\"https:\\\/\\\/tiketi.com\\\/wp-content\\\/uploads\\\/2022\\\/01\\\/bus-ticket-online-booking.jpg\",\"width\":1200,\"height\":206,\"caption\":\"Online Bus Ticket Booking\"},{\"@type\":\"BreadcrumbList\",\"@id\":\"https:\\\/\\\/tiketi.com\\\/liban-express-buses\\\/#breadcrumb\",\"itemListElement\":[{\"@type\":\"ListItem\",\"position\":1,\"name\":\"Home\",\"item\":\"https:\\\/\\\/tiketi.com\\\/\"},{\"@type\":\"ListItem\",\"position\":2,\"name\":\"Liban Express Online Booking, Bus Tickets, Routes &#038; Fares\"}]},{\"@type\":\"WebSite\",\"@id\":\"https:\\\/\\\/tiketi.com\\\/#website\",\"url\":\"https:\\\/\\\/tiketi.com\\\/\",\"name\":\"Flight & Bus Tickets, Tour Packages & Activitites - Tiketi.com\",\"description\":\"Flight &amp; Bus Tickets, Tours, Activitites\",\"publisher\":{\"@id\":\"https:\\\/\\\/tiketi.com\\\/#organization\"},\"potentialAction\":[{\"@type\":\"SearchAction\",\"target\":{\"@type\":\"EntryPoint\",\"urlTemplate\":\"https:\\\/\\\/tiketi.com\\\/?s={search_term_string}\"},\"query-input\":{\"@type\":\"PropertyValueSpecification\",\"valueRequired\":true,\"valueName\":\"search_term_string\"}}],\"inLanguage\":\"fr-FR\"},{\"@type\":\"Organization\",\"@id\":\"https:\\\/\\\/tiketi.com\\\/#organization\",\"name\":\"Tiketi.com\",\"alternateName\":\"Tiketi\",\"url\":\"https:\\\/\\\/tiketi.com\\\/\",\"logo\":{\"@type\":\"ImageObject\",\"inLanguage\":\"fr-FR\",\"@id\":\"https:\\\/\\\/tiketi.com\\\/#\\\/schema\\\/logo\\\/image\\\/\",\"url\":\"https:\\\/\\\/tiketi.com\\\/wp-content\\\/uploads\\\/2019\\\/05\\\/tiketi-logo-696.png\",\"contentUrl\":\"https:\\\/\\\/tiketi.com\\\/wp-content\\\/uploads\\\/2019\\\/05\\\/tiketi-logo-696.png\",\"width\":696,\"height\":696,\"caption\":\"Tiketi.com\"},\"image\":{\"@id\":\"https:\\\/\\\/tiketi.com\\\/#\\\/schema\\\/logo\\\/image\\\/\"},\"sameAs\":[\"https:\\\/\\\/www.facebook.com\\\/TiketiCom\\\/\"]}]}<\/script>\n<!-- \/ Yoast SEO plugin. -->","yoast_head_json":{"title":"Liban Express R\u00e9servation en ligne, billets de bus, itin\u00e9raires et tarifs","description":"Vous recherchez une r\u00e9servation en ligne Liban Express, des billets de bus, une application, des itin\u00e9raires et des tarifs\u00a0? R\u00e9servez d\u00e8s maintenant votre billet de bus en ligne Liban Express Bus pas cher","robots":{"index":"index","follow":"follow","max-snippet":"max-snippet:-1","max-image-preview":"max-image-preview:large","max-video-preview":"max-video-preview:-1"},"canonical":"https:\/\/tiketi.com\/fr-fr\/liban-express-buses\/","og_locale":"fr_FR","og_type":"article","og_title":"Liban Express Online Booking, Bus Tickets, Routes & Fares","og_description":"Looking for Liban Express online booking, bus tickets, app, routes & fares? Make a cheap Liban Express Bus online bus ticket booking now","og_url":"https:\/\/tiketi.com\/fr-fr\/liban-express-buses\/","og_site_name":"Tiketi.com","article_publisher":"https:\/\/www.facebook.com\/TiketiCom\/","article_modified_time":"2022-07-14T12:02:10+00:00","og_image":[{"width":1200,"height":206,"url":"https:\/\/tiketi.com\/wp-content\/uploads\/2022\/01\/bus-ticket-online-booking.jpg","type":"image\/jpeg"}],"twitter_card":"summary_large_image","twitter_misc":{"Dur\u00e9e de lecture estim\u00e9e":"2 minutes"},"schema":{"@context":"https:\/\/schema.org","@graph":[{"@type":"WebPage","@id":"https:\/\/tiketi.com\/liban-express-buses\/","url":"https:\/\/tiketi.com\/liban-express-buses\/","name":"Liban Express R\u00e9servation en ligne, billets de bus, itin\u00e9raires et tarifs","isPartOf":{"@id":"https:\/\/tiketi.com\/#website"},"primaryImageOfPage":{"@id":"https:\/\/tiketi.com\/liban-express-buses\/#primaryimage"},"image":{"@id":"https:\/\/tiketi.com\/liban-express-buses\/#primaryimage"},"thumbnailUrl":"https:\/\/tiketi.com\/wp-content\/uploads\/2022\/01\/bus-ticket-online-booking.jpg","datePublished":"2022-01-19T11:54:25+00:00","dateModified":"2022-07-14T12:02:10+00:00","description":"Vous recherchez une r\u00e9servation en ligne Liban Express, des billets de bus, une application, des itin\u00e9raires et des tarifs\u00a0? R\u00e9servez d\u00e8s maintenant votre billet de bus en ligne Liban Express Bus pas cher","breadcrumb":{"@id":"https:\/\/tiketi.com\/liban-express-buses\/#breadcrumb"},"inLanguage":"fr-FR","potentialAction":[{"@type":"ReadAction","target":["https:\/\/tiketi.com\/liban-express-buses\/"]}]},{"@type":"ImageObject","inLanguage":"fr-FR","@id":"https:\/\/tiketi.com\/liban-express-buses\/#primaryimage","url":"https:\/\/tiketi.com\/wp-content\/uploads\/2022\/01\/bus-ticket-online-booking.jpg","contentUrl":"https:\/\/tiketi.com\/wp-content\/uploads\/2022\/01\/bus-ticket-online-booking.jpg","width":1200,"height":206,"caption":"Online Bus Ticket Booking"},{"@type":"BreadcrumbList","@id":"https:\/\/tiketi.com\/liban-express-buses\/#breadcrumb","itemListElement":[{"@type":"ListItem","position":1,"name":"Home","item":"https:\/\/tiketi.com\/"},{"@type":"ListItem","position":2,"name":"Liban Express Online Booking, Bus Tickets, Routes &#038; Fares"}]},{"@type":"WebSite","@id":"https:\/\/tiketi.com\/#website","url":"https:\/\/tiketi.com\/","name":"Billets d&#039;avion et de bus, forfaits touristiques et activit\u00e9s - Tiketi.com","description":"Billets d&#039;avion et de bus, Tours, Activit\u00e9s","publisher":{"@id":"https:\/\/tiketi.com\/#organization"},"potentialAction":[{"@type":"SearchAction","target":{"@type":"EntryPoint","urlTemplate":"https:\/\/tiketi.com\/?s={search_term_string}"},"query-input":{"@type":"PropertyValueSpecification","valueRequired":true,"valueName":"search_term_string"}}],"inLanguage":"fr-FR"},{"@type":"Organization","@id":"https:\/\/tiketi.com\/#organization","name":"Tiketi.com","alternateName":"Tiketi","url":"https:\/\/tiketi.com\/","logo":{"@type":"ImageObject","inLanguage":"fr-FR","@id":"https:\/\/tiketi.com\/#\/schema\/logo\/image\/","url":"https:\/\/tiketi.com\/wp-content\/uploads\/2019\/05\/tiketi-logo-696.png","contentUrl":"https:\/\/tiketi.com\/wp-content\/uploads\/2019\/05\/tiketi-logo-696.png","width":696,"height":696,"caption":"Tiketi.com"},"image":{"@id":"https:\/\/tiketi.com\/#\/schema\/logo\/image\/"},"sameAs":["https:\/\/www.facebook.com\/TiketiCom\/"]}]}},"_links":{"self":[{"href":"https:\/\/tiketi.com\/fr-fr\/wp-json\/wp\/v2\/pages\/11253","targetHints":{"allow":["GET"]}}],"collection":[{"href":"https:\/\/tiketi.com\/fr-fr\/wp-json\/wp\/v2\/pages"}],"about":[{"href":"https:\/\/tiketi.com\/fr-fr\/wp-json\/wp\/v2\/types\/page"}],"author":[{"embeddable":true,"href":"https:\/\/tiketi.com\/fr-fr\/wp-json\/wp\/v2\/users\/1"}],"replies":[{"embeddable":true,"href":"https:\/\/tiketi.com\/fr-fr\/wp-json\/wp\/v2\/comments?post=11253"}],"version-history":[{"count":0,"href":"https:\/\/tiketi.com\/fr-fr\/wp-json\/wp\/v2\/pages\/11253\/revisions"}],"wp:featuredmedia":[{"embeddable":true,"href":"https:\/\/tiketi.com\/fr-fr\/wp-json\/wp\/v2\/media\/13999"}],"wp:attachment":[{"href":"https:\/\/tiketi.com\/fr-fr\/wp-json\/wp\/v2\/media?parent=11253"}],"curies":[{"name":"wp","href":"https:\/\/api.w.org\/{rel}","templated":true}]}}