{"id":11254,"date":"2022-01-19T12:54:25","date_gmt":"2022-01-19T11:54:25","guid":{"rendered":"https:\/\/new.tiketi.com\/ngasere-high-class-online-booking-bus-tickets-routes-fares\/"},"modified":"2022-07-14T13:02:11","modified_gmt":"2022-07-14T12:02:11","slug":"ngasere-high-class-buses","status":"publish","type":"page","link":"https:\/\/tiketi.com\/fr-fr\/ngasere-high-class-buses\/","title":{"rendered":"Ngasere High Class R\u00e9servation en ligne, billets de bus, itin\u00e9raires et tarifs"},"content":{"rendered":"<p><strong>Un d:&nbsp;<\/strong><\/p>\n<p><strong><a href=\"https:\/\/fiymo.com\/register\" target=\"_blank\" rel=\"noopener\"><\/a><\/strong><\/p>\n<h2>R\u00e9servation en ligne de billets de bus Ngasere High Class Bus<\/h2>\n<h3>D\u00e9couvrez votre itin\u00e9raire sur le Web, sur votre mobile ou sur une application et r\u00e9servez en ligne d\u00e8s maintenant des billets de bus Ngasere High Class pas chers.<\/h3>\n<p>R\u00e9servation en ligne Ngasere High Class simplifi\u00e9e. Pour le voyage de luxe et de d\u00e9tente entre Mpwapwa et la ville de Dar es Salaam, la classe sup\u00e9rieure de Ngasere est la r\u00e9ponse \u00e0 vos besoins. Ngasere High Class est une soci\u00e9t\u00e9 de bus interurbain qui propose un service de transfert interurbain de la r\u00e9gion de Dodoma \u00e0 d&#039;autres parties en Tanzanie. Il en va de m\u00eame pour la r\u00e9servation de billets de bus en ligne pour les bus Ngasere High Class maintenant!<\/p>\n<h2>FAQ sur la r\u00e9servation en ligne, les billets de bus, les itin\u00e9raires et les tarifs de Ngasere High Class<\/h2>\n<h3>Quels sont les horaires et les itin\u00e9raires couverts par les bus Ngasere High Class ?<\/h3>\n<p>\u2022 Mpwapwa \u00e0 Iringa<br \/>\n\u2022 Mpwapwa \u00e0 Dar es Salaam<br \/>\n\u2022 Dodoma \u00e0 Mpwapwa<br \/>\n\u2022 Dodoma \u00e0 Njombe<br \/>\n\u2022 Dodoma \u00e0 Mbeya<\/p>\n<h3>Ligne de flotte Ngasere High Class<\/h3>\n<p>La soci\u00e9t\u00e9 de bus de grande classe de Ngasere a de la classe et un nouveau mod\u00e8le de bus chinois dans sa flotte, elle dispose de bus neufs et bien entretenus pour Mbeya ainsi que pour la route de Dar es Salaam via des billets de bus Ngasere High Class. Leurs bus \u00e2g\u00e9s ne font que parcourir ces itin\u00e9raires dans la r\u00e9gion de Dodoma, principalement vers les r\u00e9gions \u00e9loign\u00e9es.<\/p>\n<p>La plupart de leurs bus qui effectuent des trajets interurbains sont assez classiques et nouveaux. Ils ont de nouvelles sp\u00e9cifications pour vous offrir un voyage de d\u00e9tente et des voyages m\u00e9morables chaque fois que vous choisissez de voyager avec eux. Voici quelques sp\u00e9cifications accessibles sur leurs bus\u00a0:<\/p>\n<p>\u2022 Configuration des si\u00e8ges deux par deux<br \/>\n\u2022 Sept t\u00e9l\u00e9viseurs sur chaque<br \/>\n\u2022 Syst\u00e8me de chargement USB accessible<br \/>\n\u2022 Meilleur syst\u00e8me audio<br \/>\n\u2022 CA<br \/>\n\u2022 des boissons gratuites dans leurs bus<\/p>\n<h3>Quelles sont les coordonn\u00e9es des bus Ngasere High Class ?<\/h3>\n<p>Dodoma, Tanzanie<\/p>\n<h2>Ngasere High Class Bus Conseils de r\u00e9servation de billets de bus en ligne<\/h2>\n<p>Ils sont dans l&#039;industrie du transport depuis longtemps au service des voyageurs de Dodoma avant d&#039;\u00e9tendre leurs services \u00e0 d&#039;autres grandes villes via la r\u00e9servation en ligne de billets de bus Ngasere High Class. Ils ont une nouvelle flotte bien entretenue avec le meilleur support client de leurs serviteurs.<\/p>\n<p>Les clients peuvent \u00e9galement transf\u00e9rer leurs colis dans toutes les villes o\u00f9 se rendent leurs bus avec un prix parfait. La s\u00e9curit\u00e9 de votre colis est entre les mains de l&#039;entreprise.<\/p>","protected":false},"excerpt":{"rendered":"<p>Ad:&nbsp; Ngasere High Class&nbsp;Bus Online Bus Ticket Booking Discover your travel route on web, mobile or app and book cheap cheap Ngasere High Class bus tickets online now. Ngasere High Class online booking made easy.&nbsp;For the luxury and relaxation travel between Mpwapwa and Dar es Salaam town, Ngasere high class is the answer for your [&hellip;]<\/p>\n","protected":false},"author":1,"featured_media":13999,"parent":0,"menu_order":0,"comment_status":"open","ping_status":"closed","template":"template-home-modern.php","meta":{"footnotes":""},"class_list":["post-11254","page","type-page","status-publish","has-post-thumbnail","hentry"],"yoast_head":"<!-- This site is optimized with the Yoast SEO plugin v27.3 - https:\/\/yoast.com\/product\/yoast-seo-wordpress\/ -->\n<title>Ngasere High Class Online Booking, Bus Tickets, Routes &amp; Fares<\/title>\n<meta name=\"description\" content=\"Looking for Nganga Express online booking, app, route, fare and schedule? Make cheap Nganga Express bus Mbeya to Dar es Salaam online bus ticket booking\" \/>\n<meta name=\"robots\" content=\"index, follow, max-snippet:-1, max-image-preview:large, max-video-preview:-1\" \/>\n<link rel=\"canonical\" href=\"https:\/\/tiketi.com\/fr-fr\/ngasere-high-class-buses\/\" \/>\n<meta property=\"og:locale\" content=\"fr_FR\" \/>\n<meta property=\"og:type\" content=\"article\" \/>\n<meta property=\"og:title\" content=\"Ngasere High Class Online Booking, Bus Tickets, Routes &amp; Fares\" \/>\n<meta property=\"og:description\" content=\"Looking for Nganga Express online booking, app, route, fare and schedule? Make cheap Nganga Express bus Mbeya to Dar es Salaam online bus ticket booking\" \/>\n<meta property=\"og:url\" content=\"https:\/\/tiketi.com\/fr-fr\/ngasere-high-class-buses\/\" \/>\n<meta property=\"og:site_name\" content=\"Tiketi.com\" \/>\n<meta property=\"article:publisher\" content=\"https:\/\/www.facebook.com\/TiketiCom\/\" \/>\n<meta property=\"article:modified_time\" content=\"2022-07-14T12:02:11+00:00\" \/>\n<meta property=\"og:image\" content=\"https:\/\/tiketi.com\/wp-content\/uploads\/2022\/01\/bus-ticket-online-booking.jpg\" \/>\n\t<meta property=\"og:image:width\" content=\"1200\" \/>\n\t<meta property=\"og:image:height\" content=\"206\" \/>\n\t<meta property=\"og:image:type\" content=\"image\/jpeg\" \/>\n<meta name=\"twitter:card\" content=\"summary_large_image\" \/>\n<meta name=\"twitter:label1\" content=\"Dur\u00e9e de lecture estim\u00e9e\" \/>\n\t<meta name=\"twitter:data1\" content=\"2 minutes\" \/>\n<script type=\"application\/ld+json\" class=\"yoast-schema-graph\">{\"@context\":\"https:\\\/\\\/schema.org\",\"@graph\":[{\"@type\":\"WebPage\",\"@id\":\"https:\\\/\\\/tiketi.com\\\/sw\\\/ngasere-high-class-buses\\\/\",\"url\":\"https:\\\/\\\/tiketi.com\\\/sw\\\/ngasere-high-class-buses\\\/\",\"name\":\"Ngasere High Class Online Booking, Bus Tickets, Routes & Fares\",\"isPartOf\":{\"@id\":\"https:\\\/\\\/tiketi.com\\\/#website\"},\"primaryImageOfPage\":{\"@id\":\"https:\\\/\\\/tiketi.com\\\/sw\\\/ngasere-high-class-buses\\\/#primaryimage\"},\"image\":{\"@id\":\"https:\\\/\\\/tiketi.com\\\/sw\\\/ngasere-high-class-buses\\\/#primaryimage\"},\"thumbnailUrl\":\"https:\\\/\\\/tiketi.com\\\/wp-content\\\/uploads\\\/2022\\\/01\\\/bus-ticket-online-booking.jpg\",\"datePublished\":\"2022-01-19T11:54:25+00:00\",\"dateModified\":\"2022-07-14T12:02:11+00:00\",\"description\":\"Looking for Nganga Express online booking, app, route, fare and schedule? Make cheap Nganga Express bus Mbeya to Dar es Salaam online bus ticket booking\",\"breadcrumb\":{\"@id\":\"https:\\\/\\\/tiketi.com\\\/sw\\\/ngasere-high-class-buses\\\/#breadcrumb\"},\"inLanguage\":\"fr-FR\",\"potentialAction\":[{\"@type\":\"ReadAction\",\"target\":[\"https:\\\/\\\/tiketi.com\\\/sw\\\/ngasere-high-class-buses\\\/\"]}]},{\"@type\":\"ImageObject\",\"inLanguage\":\"fr-FR\",\"@id\":\"https:\\\/\\\/tiketi.com\\\/sw\\\/ngasere-high-class-buses\\\/#primaryimage\",\"url\":\"https:\\\/\\\/tiketi.com\\\/wp-content\\\/uploads\\\/2022\\\/01\\\/bus-ticket-online-booking.jpg\",\"contentUrl\":\"https:\\\/\\\/tiketi.com\\\/wp-content\\\/uploads\\\/2022\\\/01\\\/bus-ticket-online-booking.jpg\",\"width\":1200,\"height\":206,\"caption\":\"Online Bus Ticket Booking\"},{\"@type\":\"BreadcrumbList\",\"@id\":\"https:\\\/\\\/tiketi.com\\\/sw\\\/ngasere-high-class-buses\\\/#breadcrumb\",\"itemListElement\":[{\"@type\":\"ListItem\",\"position\":1,\"name\":\"Home\",\"item\":\"https:\\\/\\\/tiketi.com\\\/\"},{\"@type\":\"ListItem\",\"position\":2,\"name\":\"Ngasere High Class Online Booking, Bus Tickets, Routes &#038; Fares\"}]},{\"@type\":\"WebSite\",\"@id\":\"https:\\\/\\\/tiketi.com\\\/#website\",\"url\":\"https:\\\/\\\/tiketi.com\\\/\",\"name\":\"Flight & Bus Tickets, Tour Packages & Activitites - Tiketi.com\",\"description\":\"Flight &amp; Bus Tickets, Tours, Activitites\",\"publisher\":{\"@id\":\"https:\\\/\\\/tiketi.com\\\/#organization\"},\"potentialAction\":[{\"@type\":\"SearchAction\",\"target\":{\"@type\":\"EntryPoint\",\"urlTemplate\":\"https:\\\/\\\/tiketi.com\\\/?s={search_term_string}\"},\"query-input\":{\"@type\":\"PropertyValueSpecification\",\"valueRequired\":true,\"valueName\":\"search_term_string\"}}],\"inLanguage\":\"fr-FR\"},{\"@type\":\"Organization\",\"@id\":\"https:\\\/\\\/tiketi.com\\\/#organization\",\"name\":\"Tiketi.com\",\"alternateName\":\"Tiketi\",\"url\":\"https:\\\/\\\/tiketi.com\\\/\",\"logo\":{\"@type\":\"ImageObject\",\"inLanguage\":\"fr-FR\",\"@id\":\"https:\\\/\\\/tiketi.com\\\/#\\\/schema\\\/logo\\\/image\\\/\",\"url\":\"https:\\\/\\\/tiketi.com\\\/wp-content\\\/uploads\\\/2019\\\/05\\\/tiketi-logo-696.png\",\"contentUrl\":\"https:\\\/\\\/tiketi.com\\\/wp-content\\\/uploads\\\/2019\\\/05\\\/tiketi-logo-696.png\",\"width\":696,\"height\":696,\"caption\":\"Tiketi.com\"},\"image\":{\"@id\":\"https:\\\/\\\/tiketi.com\\\/#\\\/schema\\\/logo\\\/image\\\/\"},\"sameAs\":[\"https:\\\/\\\/www.facebook.com\\\/TiketiCom\\\/\"]}]}<\/script>\n<!-- \/ Yoast SEO plugin. -->","yoast_head_json":{"title":"Ngasere High Class R\u00e9servation en ligne, billets de bus, itin\u00e9raires et tarifs","description":"Vous recherchez une r\u00e9servation en ligne Nganga Express, une application, un itin\u00e9raire, un tarif et un horaire? R\u00e9servez en ligne des billets de bus Nganga Express Mbeya \u00e0 Dar es Salaam pas chers","robots":{"index":"index","follow":"follow","max-snippet":"max-snippet:-1","max-image-preview":"max-image-preview:large","max-video-preview":"max-video-preview:-1"},"canonical":"https:\/\/tiketi.com\/fr-fr\/ngasere-high-class-buses\/","og_locale":"fr_FR","og_type":"article","og_title":"Ngasere High Class Online Booking, Bus Tickets, Routes & Fares","og_description":"Looking for Nganga Express online booking, app, route, fare and schedule? Make cheap Nganga Express bus Mbeya to Dar es Salaam online bus ticket booking","og_url":"https:\/\/tiketi.com\/fr-fr\/ngasere-high-class-buses\/","og_site_name":"Tiketi.com","article_publisher":"https:\/\/www.facebook.com\/TiketiCom\/","article_modified_time":"2022-07-14T12:02:11+00:00","og_image":[{"width":1200,"height":206,"url":"https:\/\/tiketi.com\/wp-content\/uploads\/2022\/01\/bus-ticket-online-booking.jpg","type":"image\/jpeg"}],"twitter_card":"summary_large_image","twitter_misc":{"Dur\u00e9e de lecture estim\u00e9e":"2 minutes"},"schema":{"@context":"https:\/\/schema.org","@graph":[{"@type":"WebPage","@id":"https:\/\/tiketi.com\/sw\/ngasere-high-class-buses\/","url":"https:\/\/tiketi.com\/sw\/ngasere-high-class-buses\/","name":"Ngasere High Class R\u00e9servation en ligne, billets de bus, itin\u00e9raires et tarifs","isPartOf":{"@id":"https:\/\/tiketi.com\/#website"},"primaryImageOfPage":{"@id":"https:\/\/tiketi.com\/sw\/ngasere-high-class-buses\/#primaryimage"},"image":{"@id":"https:\/\/tiketi.com\/sw\/ngasere-high-class-buses\/#primaryimage"},"thumbnailUrl":"https:\/\/tiketi.com\/wp-content\/uploads\/2022\/01\/bus-ticket-online-booking.jpg","datePublished":"2022-01-19T11:54:25+00:00","dateModified":"2022-07-14T12:02:11+00:00","description":"Vous recherchez une r\u00e9servation en ligne Nganga Express, une application, un itin\u00e9raire, un tarif et un horaire? R\u00e9servez en ligne des billets de bus Nganga Express Mbeya \u00e0 Dar es Salaam pas chers","breadcrumb":{"@id":"https:\/\/tiketi.com\/sw\/ngasere-high-class-buses\/#breadcrumb"},"inLanguage":"fr-FR","potentialAction":[{"@type":"ReadAction","target":["https:\/\/tiketi.com\/sw\/ngasere-high-class-buses\/"]}]},{"@type":"ImageObject","inLanguage":"fr-FR","@id":"https:\/\/tiketi.com\/sw\/ngasere-high-class-buses\/#primaryimage","url":"https:\/\/tiketi.com\/wp-content\/uploads\/2022\/01\/bus-ticket-online-booking.jpg","contentUrl":"https:\/\/tiketi.com\/wp-content\/uploads\/2022\/01\/bus-ticket-online-booking.jpg","width":1200,"height":206,"caption":"Online Bus Ticket Booking"},{"@type":"BreadcrumbList","@id":"https:\/\/tiketi.com\/sw\/ngasere-high-class-buses\/#breadcrumb","itemListElement":[{"@type":"ListItem","position":1,"name":"Home","item":"https:\/\/tiketi.com\/"},{"@type":"ListItem","position":2,"name":"Ngasere High Class Online Booking, Bus Tickets, Routes &#038; Fares"}]},{"@type":"WebSite","@id":"https:\/\/tiketi.com\/#website","url":"https:\/\/tiketi.com\/","name":"Billets d&#039;avion et de bus, forfaits touristiques et activit\u00e9s - Tiketi.com","description":"Billets d&#039;avion et de bus, Tours, Activit\u00e9s","publisher":{"@id":"https:\/\/tiketi.com\/#organization"},"potentialAction":[{"@type":"SearchAction","target":{"@type":"EntryPoint","urlTemplate":"https:\/\/tiketi.com\/?s={search_term_string}"},"query-input":{"@type":"PropertyValueSpecification","valueRequired":true,"valueName":"search_term_string"}}],"inLanguage":"fr-FR"},{"@type":"Organization","@id":"https:\/\/tiketi.com\/#organization","name":"Tiketi.com","alternateName":"Tiketi","url":"https:\/\/tiketi.com\/","logo":{"@type":"ImageObject","inLanguage":"fr-FR","@id":"https:\/\/tiketi.com\/#\/schema\/logo\/image\/","url":"https:\/\/tiketi.com\/wp-content\/uploads\/2019\/05\/tiketi-logo-696.png","contentUrl":"https:\/\/tiketi.com\/wp-content\/uploads\/2019\/05\/tiketi-logo-696.png","width":696,"height":696,"caption":"Tiketi.com"},"image":{"@id":"https:\/\/tiketi.com\/#\/schema\/logo\/image\/"},"sameAs":["https:\/\/www.facebook.com\/TiketiCom\/"]}]}},"_links":{"self":[{"href":"https:\/\/tiketi.com\/fr-fr\/wp-json\/wp\/v2\/pages\/11254","targetHints":{"allow":["GET"]}}],"collection":[{"href":"https:\/\/tiketi.com\/fr-fr\/wp-json\/wp\/v2\/pages"}],"about":[{"href":"https:\/\/tiketi.com\/fr-fr\/wp-json\/wp\/v2\/types\/page"}],"author":[{"embeddable":true,"href":"https:\/\/tiketi.com\/fr-fr\/wp-json\/wp\/v2\/users\/1"}],"replies":[{"embeddable":true,"href":"https:\/\/tiketi.com\/fr-fr\/wp-json\/wp\/v2\/comments?post=11254"}],"version-history":[{"count":0,"href":"https:\/\/tiketi.com\/fr-fr\/wp-json\/wp\/v2\/pages\/11254\/revisions"}],"wp:featuredmedia":[{"embeddable":true,"href":"https:\/\/tiketi.com\/fr-fr\/wp-json\/wp\/v2\/media\/13999"}],"wp:attachment":[{"href":"https:\/\/tiketi.com\/fr-fr\/wp-json\/wp\/v2\/media?parent=11254"}],"curies":[{"name":"wp","href":"https:\/\/api.w.org\/{rel}","templated":true}]}}