{"id":11255,"date":"2022-01-19T12:54:25","date_gmt":"2022-01-19T11:54:25","guid":{"rendered":"https:\/\/new.tiketi.com\/baraka-classic-bus-online-booking-bus-tickets-routes-fares\/"},"modified":"2023-03-01T09:24:55","modified_gmt":"2023-03-01T08:24:55","slug":"baraka-classic-buses","status":"publish","type":"page","link":"https:\/\/tiketi.com\/fr-fr\/baraka-classic-buses\/","title":{"rendered":"R\u00e9servation en ligne de bus classique Baraka, billets de bus, itin\u00e9raires et tarifs"},"content":{"rendered":"<h2>R\u00e9servation de billets de bus en ligne Baraka Classic Bus<\/h2>\n<h3><strong>&gt;&gt;<\/strong> D\u00e9couvrez votre itin\u00e9raire de voyage sur le web, le mobile ou l&#039;application et r\u00e9servez d\u00e8s maintenant en ligne des billets de bus Baraka Classic pas chers.<\/h3>\n<p>La r\u00e9servation en ligne du bus Baraka Classic en toute simplicit\u00e9. Baraka Classic est une compagnie de bus bas\u00e9e \u00e0 Lindi qui propose des services interurbains quotidiens de Mtwara et Lindi \u00e0 la ville de Dar es Salaam. Ils sont dans l&#039;industrie du transport depuis plus de dix ans et apportent des innovations dans l&#039;industrie du transport de passagers via la r\u00e9servation de billets de bus en ligne Baraka Classic bus.<\/p>\n<h2>FAQ sur la r\u00e9servation en ligne du bus classique Baraka, les billets de bus, les itin\u00e9raires et les tarifs<\/h2>\n<h3>Quels sont les horaires et les itin\u00e9raires de r\u00e9servation des billets de bus Baraka Classic couverts par les bus Baraka Classic ?<\/h3>\n<p>\u2022 \u00c9conomique 23\u00a0000 Tsh, VIP 30\u00a0000 Tsh<br \/>\n\u2022 Lindi \u00e0 Dar es Salam<br \/>\n\u2022 Masai \u00e0 Dar es Salaam<br \/>\n\u2022 Tunduru \u00e0 Dar es Salam<br \/>\n\u2022 \u00c9conomique 25\u00a0000 Tshs, VIP 32\u00a0000 Tshs<\/p>\n<h3>Ligne de flotte de bus classique Baraka<\/h3>\n<p>Ils ont une flotte chinoise bien con\u00e7ue pour vous offrir un voyage relaxant entre les points de votre voyage. Leurs bus ont des si\u00e8ges en cuir relaxants pour que vous vous sentiez au mieux tout au long de votre voyage. Ils trouvent \u00e9galement des sp\u00e9cifications \u00e0 bord qui vous laisseront plein de sourire chaque fois que vous choisirez de voyager avec eux.<\/p>\n<p>Lorsque vous choisissez de voyager avec le Baraka classic, vous adorerez les caract\u00e9ristiques et services suivants \u00e0 bord :<\/p>\n<p>\u2022 Services Wi-Fi gratuits<br \/>\n\u2022 Si\u00e8ges inclinables deux par deux avec suffisamment d&#039;espace pour les jambes<br \/>\n\u2022 des boissons et des collations gratuites<br \/>\n\u2022 Services Wi-Fi gratuits<br \/>\n\u2022 Meilleur syst\u00e8me audio pour l&#039;\u00e9coute et la musique<br \/>\n\u2022 Plusieurs t\u00e9l\u00e9viseurs pour le divertissement<br \/>\n\u2022 AC disponible<\/p>\n<h3>Quelles sont les coordonn\u00e9es des bus Baraka Classic ?<\/h3>\n<p>Lindi, Tanzanie<\/p>\n<h2>Conseils de r\u00e9servation de billets de bus en ligne Baraka Classic Bus<\/h2>\n<p>Tous leurs bus sont des mod\u00e8les chinois comme Higer et Yutong qui ont \u00e9t\u00e9 con\u00e7us de mani\u00e8re relaxante et luxueuse pour vous offrir un voyage en toute s\u00e9curit\u00e9. Leurs bus ont une section VIP ainsi qu&#039;une section \u00e9conomique o\u00f9 vous pouvez choisir de r\u00e9server en fonction de votre poche.<\/p>\n<p>Ils fournissent \u00e9galement des services de transport de colis vers tous les terminaux o\u00f9 leurs bus se rendaient. Les prix du transfert de colis d\u00e9pendent de la taille, de la nature et du poids du colis respectif.<\/p>","protected":false},"excerpt":{"rendered":"<p>Baraka Classic Bus Online Bus Ticket Booking &gt;&gt; Discover your travel route on web, mobile or app and book cheap Baraka Classic bus\u00a0tickets online now. Baraka Classic bus online booking made easy. Baraka Classic is a Lindi based bus firm which offer daily intercity services from Mtwara and Lindi to Dar es Salaam city. They [&hellip;]<\/p>\n","protected":false},"author":1,"featured_media":13999,"parent":0,"menu_order":0,"comment_status":"open","ping_status":"closed","template":"template-home-modern.php","meta":{"footnotes":""},"class_list":["post-11255","page","type-page","status-publish","has-post-thumbnail","hentry"],"yoast_head":"<!-- This site is optimized with the Yoast SEO plugin v27.2 - https:\/\/yoast.com\/product\/yoast-seo-wordpress\/ -->\n<title>Baraka Classic Bus Online Booking, Bus Tickets, Routes &amp; Fares<\/title>\n<meta name=\"description\" content=\"Looking for Baraka Classic\u00a0bus online booking, bus tickets, app, routes &amp; fares? Book cheap Baraka Classic\u00a0bus tickets online now\" \/>\n<meta name=\"robots\" content=\"index, follow, max-snippet:-1, max-image-preview:large, max-video-preview:-1\" \/>\n<link rel=\"canonical\" href=\"https:\/\/tiketi.com\/fr-fr\/baraka-classic-buses\/\" \/>\n<meta property=\"og:locale\" content=\"fr_FR\" \/>\n<meta property=\"og:type\" content=\"article\" \/>\n<meta property=\"og:title\" content=\"Baraka Classic Bus Online Booking, Bus Tickets, Routes &amp; Fares\" \/>\n<meta property=\"og:description\" content=\"Looking for Baraka Classic\u00a0bus online booking, bus tickets, app, routes &amp; fares? Book cheap Baraka Classic\u00a0bus tickets online now\" \/>\n<meta property=\"og:url\" content=\"https:\/\/tiketi.com\/fr-fr\/baraka-classic-buses\/\" \/>\n<meta property=\"og:site_name\" content=\"Tiketi.com\" \/>\n<meta property=\"article:publisher\" content=\"https:\/\/www.facebook.com\/TiketiCom\/\" \/>\n<meta property=\"article:modified_time\" content=\"2023-03-01T08:24:55+00:00\" \/>\n<meta property=\"og:image\" content=\"https:\/\/tiketi.com\/wp-content\/uploads\/2022\/01\/bus-ticket-online-booking.jpg\" \/>\n\t<meta property=\"og:image:width\" content=\"1200\" \/>\n\t<meta property=\"og:image:height\" content=\"206\" \/>\n\t<meta property=\"og:image:type\" content=\"image\/jpeg\" \/>\n<meta name=\"twitter:card\" content=\"summary_large_image\" \/>\n<meta name=\"twitter:label1\" content=\"Dur\u00e9e de lecture estim\u00e9e\" \/>\n\t<meta name=\"twitter:data1\" content=\"2 minutes\" \/>\n<script type=\"application\/ld+json\" class=\"yoast-schema-graph\">{\"@context\":\"https:\/\/schema.org\",\"@graph\":[{\"@type\":\"WebPage\",\"@id\":\"https:\/\/tiketi.com\/baraka-classic-buses\/\",\"url\":\"https:\/\/tiketi.com\/baraka-classic-buses\/\",\"name\":\"Baraka Classic Bus Online Booking, Bus Tickets, Routes & Fares\",\"isPartOf\":{\"@id\":\"https:\/\/tiketi.com\/#website\"},\"primaryImageOfPage\":{\"@id\":\"https:\/\/tiketi.com\/baraka-classic-buses\/#primaryimage\"},\"image\":{\"@id\":\"https:\/\/tiketi.com\/baraka-classic-buses\/#primaryimage\"},\"thumbnailUrl\":\"https:\/\/tiketi.com\/wp-content\/uploads\/2022\/01\/bus-ticket-online-booking.jpg\",\"datePublished\":\"2022-01-19T11:54:25+00:00\",\"dateModified\":\"2023-03-01T08:24:55+00:00\",\"description\":\"Looking for Baraka Classic\u00a0bus online booking, bus tickets, app, routes & fares? Book cheap Baraka Classic\u00a0bus tickets online now\",\"breadcrumb\":{\"@id\":\"https:\/\/tiketi.com\/baraka-classic-buses\/#breadcrumb\"},\"inLanguage\":\"fr-FR\",\"potentialAction\":[{\"@type\":\"ReadAction\",\"target\":[\"https:\/\/tiketi.com\/baraka-classic-buses\/\"]}]},{\"@type\":\"ImageObject\",\"inLanguage\":\"fr-FR\",\"@id\":\"https:\/\/tiketi.com\/baraka-classic-buses\/#primaryimage\",\"url\":\"https:\/\/tiketi.com\/wp-content\/uploads\/2022\/01\/bus-ticket-online-booking.jpg\",\"contentUrl\":\"https:\/\/tiketi.com\/wp-content\/uploads\/2022\/01\/bus-ticket-online-booking.jpg\",\"width\":1200,\"height\":206,\"caption\":\"Online Bus Ticket Booking\"},{\"@type\":\"BreadcrumbList\",\"@id\":\"https:\/\/tiketi.com\/baraka-classic-buses\/#breadcrumb\",\"itemListElement\":[{\"@type\":\"ListItem\",\"position\":1,\"name\":\"Home\",\"item\":\"https:\/\/tiketi.com\/\"},{\"@type\":\"ListItem\",\"position\":2,\"name\":\"Baraka Classic Bus Online Booking, Bus Tickets, Routes &#038; Fares\"}]},{\"@type\":\"WebSite\",\"@id\":\"https:\/\/tiketi.com\/#website\",\"url\":\"https:\/\/tiketi.com\/\",\"name\":\"Flight & Bus Tickets, Tour Packages & Activitites - Tiketi.com\",\"description\":\"Flight &amp; Bus Tickets, Tours, Activitites\",\"publisher\":{\"@id\":\"https:\/\/tiketi.com\/#organization\"},\"potentialAction\":[{\"@type\":\"SearchAction\",\"target\":{\"@type\":\"EntryPoint\",\"urlTemplate\":\"https:\/\/tiketi.com\/?s={search_term_string}\"},\"query-input\":{\"@type\":\"PropertyValueSpecification\",\"valueRequired\":true,\"valueName\":\"search_term_string\"}}],\"inLanguage\":\"fr-FR\"},{\"@type\":\"Organization\",\"@id\":\"https:\/\/tiketi.com\/#organization\",\"name\":\"Tiketi.com\",\"alternateName\":\"Tiketi\",\"url\":\"https:\/\/tiketi.com\/\",\"logo\":{\"@type\":\"ImageObject\",\"inLanguage\":\"fr-FR\",\"@id\":\"https:\/\/tiketi.com\/#\/schema\/logo\/image\/\",\"url\":\"https:\/\/tiketi.com\/wp-content\/uploads\/2019\/05\/tiketi-logo-696.png\",\"contentUrl\":\"https:\/\/tiketi.com\/wp-content\/uploads\/2019\/05\/tiketi-logo-696.png\",\"width\":696,\"height\":696,\"caption\":\"Tiketi.com\"},\"image\":{\"@id\":\"https:\/\/tiketi.com\/#\/schema\/logo\/image\/\"},\"sameAs\":[\"https:\/\/www.facebook.com\/TiketiCom\/\"]}]}<\/script>\n<!-- \/ Yoast SEO plugin. -->","yoast_head_json":{"title":"R\u00e9servation en ligne de bus classique Baraka, billets de bus, itin\u00e9raires et tarifs","description":"Vous recherchez une r\u00e9servation en ligne de bus Baraka Classic, des billets de bus, une application, des itin\u00e9raires et des tarifs\u00a0? R\u00e9servez en ligne d\u00e8s maintenant vos billets de bus Baraka Classic","robots":{"index":"index","follow":"follow","max-snippet":"max-snippet:-1","max-image-preview":"max-image-preview:large","max-video-preview":"max-video-preview:-1"},"canonical":"https:\/\/tiketi.com\/fr-fr\/baraka-classic-buses\/","og_locale":"fr_FR","og_type":"article","og_title":"Baraka Classic Bus Online Booking, Bus Tickets, Routes & Fares","og_description":"Looking for Baraka Classic\u00a0bus online booking, bus tickets, app, routes & fares? Book cheap Baraka Classic\u00a0bus tickets online now","og_url":"https:\/\/tiketi.com\/fr-fr\/baraka-classic-buses\/","og_site_name":"Tiketi.com","article_publisher":"https:\/\/www.facebook.com\/TiketiCom\/","article_modified_time":"2023-03-01T08:24:55+00:00","og_image":[{"width":1200,"height":206,"url":"https:\/\/tiketi.com\/wp-content\/uploads\/2022\/01\/bus-ticket-online-booking.jpg","type":"image\/jpeg"}],"twitter_card":"summary_large_image","twitter_misc":{"Dur\u00e9e de lecture estim\u00e9e":"2 minutes"},"schema":{"@context":"https:\/\/schema.org","@graph":[{"@type":"WebPage","@id":"https:\/\/tiketi.com\/baraka-classic-buses\/","url":"https:\/\/tiketi.com\/baraka-classic-buses\/","name":"R\u00e9servation en ligne de bus classique Baraka, billets de bus, itin\u00e9raires et tarifs","isPartOf":{"@id":"https:\/\/tiketi.com\/#website"},"primaryImageOfPage":{"@id":"https:\/\/tiketi.com\/baraka-classic-buses\/#primaryimage"},"image":{"@id":"https:\/\/tiketi.com\/baraka-classic-buses\/#primaryimage"},"thumbnailUrl":"https:\/\/tiketi.com\/wp-content\/uploads\/2022\/01\/bus-ticket-online-booking.jpg","datePublished":"2022-01-19T11:54:25+00:00","dateModified":"2023-03-01T08:24:55+00:00","description":"Vous recherchez une r\u00e9servation en ligne de bus Baraka Classic, des billets de bus, une application, des itin\u00e9raires et des tarifs\u00a0? R\u00e9servez en ligne d\u00e8s maintenant vos billets de bus Baraka Classic","breadcrumb":{"@id":"https:\/\/tiketi.com\/baraka-classic-buses\/#breadcrumb"},"inLanguage":"fr-FR","potentialAction":[{"@type":"ReadAction","target":["https:\/\/tiketi.com\/baraka-classic-buses\/"]}]},{"@type":"ImageObject","inLanguage":"fr-FR","@id":"https:\/\/tiketi.com\/baraka-classic-buses\/#primaryimage","url":"https:\/\/tiketi.com\/wp-content\/uploads\/2022\/01\/bus-ticket-online-booking.jpg","contentUrl":"https:\/\/tiketi.com\/wp-content\/uploads\/2022\/01\/bus-ticket-online-booking.jpg","width":1200,"height":206,"caption":"Online Bus Ticket Booking"},{"@type":"BreadcrumbList","@id":"https:\/\/tiketi.com\/baraka-classic-buses\/#breadcrumb","itemListElement":[{"@type":"ListItem","position":1,"name":"Home","item":"https:\/\/tiketi.com\/"},{"@type":"ListItem","position":2,"name":"Baraka Classic Bus Online Booking, Bus Tickets, Routes &#038; Fares"}]},{"@type":"WebSite","@id":"https:\/\/tiketi.com\/#website","url":"https:\/\/tiketi.com\/","name":"Billets d&#039;avion et de bus, forfaits touristiques et activit\u00e9s - Tiketi.com","description":"Billets d&#039;avion et de bus, Tours, Activit\u00e9s","publisher":{"@id":"https:\/\/tiketi.com\/#organization"},"potentialAction":[{"@type":"SearchAction","target":{"@type":"EntryPoint","urlTemplate":"https:\/\/tiketi.com\/?s={search_term_string}"},"query-input":{"@type":"PropertyValueSpecification","valueRequired":true,"valueName":"search_term_string"}}],"inLanguage":"fr-FR"},{"@type":"Organization","@id":"https:\/\/tiketi.com\/#organization","name":"Tiketi.com","alternateName":"Tiketi","url":"https:\/\/tiketi.com\/","logo":{"@type":"ImageObject","inLanguage":"fr-FR","@id":"https:\/\/tiketi.com\/#\/schema\/logo\/image\/","url":"https:\/\/tiketi.com\/wp-content\/uploads\/2019\/05\/tiketi-logo-696.png","contentUrl":"https:\/\/tiketi.com\/wp-content\/uploads\/2019\/05\/tiketi-logo-696.png","width":696,"height":696,"caption":"Tiketi.com"},"image":{"@id":"https:\/\/tiketi.com\/#\/schema\/logo\/image\/"},"sameAs":["https:\/\/www.facebook.com\/TiketiCom\/"]}]}},"_links":{"self":[{"href":"https:\/\/tiketi.com\/fr-fr\/wp-json\/wp\/v2\/pages\/11255","targetHints":{"allow":["GET"]}}],"collection":[{"href":"https:\/\/tiketi.com\/fr-fr\/wp-json\/wp\/v2\/pages"}],"about":[{"href":"https:\/\/tiketi.com\/fr-fr\/wp-json\/wp\/v2\/types\/page"}],"author":[{"embeddable":true,"href":"https:\/\/tiketi.com\/fr-fr\/wp-json\/wp\/v2\/users\/1"}],"replies":[{"embeddable":true,"href":"https:\/\/tiketi.com\/fr-fr\/wp-json\/wp\/v2\/comments?post=11255"}],"version-history":[{"count":0,"href":"https:\/\/tiketi.com\/fr-fr\/wp-json\/wp\/v2\/pages\/11255\/revisions"}],"wp:featuredmedia":[{"embeddable":true,"href":"https:\/\/tiketi.com\/fr-fr\/wp-json\/wp\/v2\/media\/13999"}],"wp:attachment":[{"href":"https:\/\/tiketi.com\/fr-fr\/wp-json\/wp\/v2\/media?parent=11255"}],"curies":[{"name":"wp","href":"https:\/\/api.w.org\/{rel}","templated":true}]}}