{"id":11257,"date":"2022-01-19T12:54:25","date_gmt":"2022-01-19T11:54:25","guid":{"rendered":"https:\/\/new.tiketi.com\/friends-coaches-online-booking-bus-tickets-reservation\/"},"modified":"2022-02-13T19:23:33","modified_gmt":"2022-02-13T18:23:33","slug":"friends-coaches","status":"publish","type":"page","link":"https:\/\/tiketi.com\/fr-fr\/friends-coaches\/","title":{"rendered":"Amis entra\u00eeneurs r\u00e9servation en ligne, billets d&#039;autobus, itin\u00e9raire et tarif"},"content":{"rendered":"<h2>Friends Coaches R\u00e9servation de billets de bus en ligne<\/h2>\n<h3>D\u00e9couvrez votre itin\u00e9raire de voyage sur le web, le mobile ou l&#039;application et r\u00e9servez d\u00e8s maintenant des billets de bus Friends pas chers en ligne.<\/h3>\n<p>La r\u00e9servation en ligne de Friends Coaches est simplifi\u00e9e. Friends Coaches Uganda TLD est une entreprise de bus de passagers qui se rend \u00e0 Dar es Salaam Mwanza, Bukob, Juba, Dodoma et jusqu&#039;au Mozambique, en Zambie, au Malawi et dans de nombreux autres endroits depuis la ville de Kampala. La compagnie de bus Friends propose des trajets fiables, rapides, s\u00fbrs et parfaits de Kampala vers les destinations mentionn\u00e9es ci-dessus via la r\u00e9servation de billets de bus en ligne Friends Coaches.<\/p>\n<h2>Friends Coaches R\u00e9servation en ligne, billets de bus, FAQ sur les itin\u00e9raires et les tarifs<\/h2>\n<h3>Quels sont les prix et les trajets couverts par les bus Friends ?<\/h3>\n<p>Friends Coaches propose des services de transport quotidiens en Ouganda avec diff\u00e9rents endroits, ils proposent \u00e9galement des services transversaux en Afrique de l&#039;Est et dans les r\u00e9gions les plus proches comme la Zambie, le Congo et le Soudan.<\/p>\n<p>\u2022 Morogoro 155 000<br \/>\n\u2022\u00a0165\u00a0000\u00a0DAR<br \/>\n\u2022 Singapour\u00a0105\u00a0000<br \/>\n\u2022\u00a0100\u00a0000\u00a0nzega<br \/>\n\u2022 Kahama 80 000<br \/>\n\u2022\u00a0Dodoma\u00a0125\u00a0000<br \/>\n\u2022 Bukoba 30 000<br \/>\n\u2022\u00a0Dodoma\u00a0125\u00a0000<br \/>\n\u2022 Guita 55\u00a0000<br \/>\n\u2022\u00a0Chato 55\u00a0000<\/p>\n<h3>Ligne de flotte de services d&#039;autobus Friends<\/h3>\n<p>\u00c9tant l&#039;une des plus grandes et g\u00e9antes entreprises de bus en Ouganda, Friend Coaches poss\u00e8de une combinaison de flotte et ils ont Scania, Yutong chinois et Nissan Ud et Zhongton dans leur liste. Pour une distance sp\u00e9ciale, ils utilisent g\u00e9n\u00e9ralement leur mod\u00e8le de bus chinois, mais pour les itin\u00e9raires longue distance, Sacania et Nissan UD sont le premier choix via les billets de bus Friends.<\/p>\n<p>Leurs bus sont bien con\u00e7us pour la d\u00e9tente de leurs clients et de nombreuses sp\u00e9cifications sont accessibles comme indiqu\u00e9 ci-dessous\u00a0:<\/p>\n<p>\u2022 Si\u00e8ges inclinables deux par deux avec suffisamment d&#039;espace pour les jambes<br \/>\n\u2022 Meilleur syst\u00e8me audio pour jouer une meilleure musique et support TV<br \/>\n\u2022 Certains des A\/C comme ceux chinois<br \/>\n\u2022 S\u00e9ries t\u00e9l\u00e9vis\u00e9es pour vous divertir<\/p>\n<h3>Quelles sont les coordonn\u00e9es des bus Friends ?<\/h3>\n<p>Amis Entra\u00eeneurs Ouganda LTD<\/p>\n<p>Situ\u00e9 au terrain 152 khamis Rood, bloc 9, Kampala, Ouganda<br \/>\nou<br \/>\nKadhafi Rd, Kampala, Ouganda<\/p>\n<h2>Friends Coaches Conseils de r\u00e9servation de billets de bus en ligne<\/h2>\n<p>Pour une d\u00e9tente assur\u00e9e et un bus soucieux de la s\u00e9curit\u00e9, choisissez des entra\u00eeneurs d&#039;amis pour des entra\u00eeneurs d&#039;amis voyageurs parfaits, votre s\u00e9curit\u00e9 est leur priorit\u00e9 et votre d\u00e9tente assur\u00e9e. Ils ont des autocars bien personnalis\u00e9s pour les circuits longue distance avec des si\u00e8ges relaxants \u00e0 bord \u00e9galement.<\/p>","protected":false},"excerpt":{"rendered":"<p>Friends Coaches Online Bus Ticket Booking Discover your travel route on web, mobile or app and book cheap Friends bus tickets online now. Friends Coaches online booking made easy.\u00a0Friends Coaches Uganda TLD is a passenger bus firm that travels to Dar es Salaam Mwanza, Bukob, Juba, Dodoma, and as far as Mozambique, Zambia, Malawi and [&hellip;]<\/p>\n","protected":false},"author":1,"featured_media":13999,"parent":0,"menu_order":0,"comment_status":"open","ping_status":"closed","template":"template-home-modern.php","meta":{"footnotes":""},"class_list":["post-11257","page","type-page","status-publish","has-post-thumbnail","hentry"],"yoast_head":"<!-- This site is optimized with the Yoast SEO plugin v27.4 - https:\/\/yoast.com\/product\/yoast-seo-wordpress\/ -->\n<title>Friends Coaches Online Booking, Bus Tickets, Route &amp; Fare<\/title>\n<meta name=\"description\" content=\"Looking for Friends Coaches online booking app? Make a Friends Coaches online bus ticket booking online now and save time and money\" \/>\n<meta name=\"robots\" content=\"index, follow, max-snippet:-1, max-image-preview:large, max-video-preview:-1\" \/>\n<link rel=\"canonical\" href=\"https:\/\/tiketi.com\/fr-fr\/friends-coaches\/\" \/>\n<meta property=\"og:locale\" content=\"fr_FR\" \/>\n<meta property=\"og:type\" content=\"article\" \/>\n<meta property=\"og:title\" content=\"Friends Coaches Online Booking, Bus Tickets, Route &amp; Fare\" \/>\n<meta property=\"og:description\" content=\"Looking for Friends Coaches online booking app? Make a Friends Coaches online bus ticket booking online now and save time and money\" \/>\n<meta property=\"og:url\" content=\"https:\/\/tiketi.com\/fr-fr\/friends-coaches\/\" \/>\n<meta property=\"og:site_name\" content=\"Tiketi.com\" \/>\n<meta property=\"article:publisher\" content=\"https:\/\/www.facebook.com\/TiketiCom\/\" \/>\n<meta property=\"article:modified_time\" content=\"2022-02-13T18:23:33+00:00\" \/>\n<meta property=\"og:image\" content=\"https:\/\/tiketi.com\/wp-content\/uploads\/2022\/01\/bus-ticket-online-booking.jpg\" \/>\n\t<meta property=\"og:image:width\" content=\"1200\" \/>\n\t<meta property=\"og:image:height\" content=\"206\" \/>\n\t<meta property=\"og:image:type\" content=\"image\/jpeg\" \/>\n<meta name=\"twitter:card\" content=\"summary_large_image\" \/>\n<meta name=\"twitter:label1\" content=\"Dur\u00e9e de lecture estim\u00e9e\" \/>\n\t<meta name=\"twitter:data1\" content=\"2 minutes\" \/>\n<script type=\"application\/ld+json\" class=\"yoast-schema-graph\">{\"@context\":\"https:\\\/\\\/schema.org\",\"@graph\":[{\"@type\":\"WebPage\",\"@id\":\"https:\\\/\\\/tiketi.com\\\/friends-coaches\\\/\",\"url\":\"https:\\\/\\\/tiketi.com\\\/friends-coaches\\\/\",\"name\":\"Friends Coaches Online Booking, Bus Tickets, Route & Fare\",\"isPartOf\":{\"@id\":\"https:\\\/\\\/tiketi.com\\\/#website\"},\"primaryImageOfPage\":{\"@id\":\"https:\\\/\\\/tiketi.com\\\/friends-coaches\\\/#primaryimage\"},\"image\":{\"@id\":\"https:\\\/\\\/tiketi.com\\\/friends-coaches\\\/#primaryimage\"},\"thumbnailUrl\":\"https:\\\/\\\/tiketi.com\\\/wp-content\\\/uploads\\\/2022\\\/01\\\/bus-ticket-online-booking.jpg\",\"datePublished\":\"2022-01-19T11:54:25+00:00\",\"dateModified\":\"2022-02-13T18:23:33+00:00\",\"description\":\"Looking for Friends Coaches online booking app? Make a Friends Coaches online bus ticket booking online now and save time and money\",\"breadcrumb\":{\"@id\":\"https:\\\/\\\/tiketi.com\\\/friends-coaches\\\/#breadcrumb\"},\"inLanguage\":\"fr-FR\",\"potentialAction\":[{\"@type\":\"ReadAction\",\"target\":[\"https:\\\/\\\/tiketi.com\\\/friends-coaches\\\/\"]}]},{\"@type\":\"ImageObject\",\"inLanguage\":\"fr-FR\",\"@id\":\"https:\\\/\\\/tiketi.com\\\/friends-coaches\\\/#primaryimage\",\"url\":\"https:\\\/\\\/tiketi.com\\\/wp-content\\\/uploads\\\/2022\\\/01\\\/bus-ticket-online-booking.jpg\",\"contentUrl\":\"https:\\\/\\\/tiketi.com\\\/wp-content\\\/uploads\\\/2022\\\/01\\\/bus-ticket-online-booking.jpg\",\"width\":1200,\"height\":206,\"caption\":\"Online Bus Ticket Booking\"},{\"@type\":\"BreadcrumbList\",\"@id\":\"https:\\\/\\\/tiketi.com\\\/friends-coaches\\\/#breadcrumb\",\"itemListElement\":[{\"@type\":\"ListItem\",\"position\":1,\"name\":\"Home\",\"item\":\"https:\\\/\\\/tiketi.com\\\/\"},{\"@type\":\"ListItem\",\"position\":2,\"name\":\"Friends Coaches Online Booking, Bus Tickets, Route &#038; Fare\"}]},{\"@type\":\"WebSite\",\"@id\":\"https:\\\/\\\/tiketi.com\\\/#website\",\"url\":\"https:\\\/\\\/tiketi.com\\\/\",\"name\":\"Flight & Bus Tickets, Tour Packages & Activitites - Tiketi.com\",\"description\":\"Flight &amp; Bus Tickets, Tours, Activitites\",\"publisher\":{\"@id\":\"https:\\\/\\\/tiketi.com\\\/#organization\"},\"potentialAction\":[{\"@type\":\"SearchAction\",\"target\":{\"@type\":\"EntryPoint\",\"urlTemplate\":\"https:\\\/\\\/tiketi.com\\\/?s={search_term_string}\"},\"query-input\":{\"@type\":\"PropertyValueSpecification\",\"valueRequired\":true,\"valueName\":\"search_term_string\"}}],\"inLanguage\":\"fr-FR\"},{\"@type\":\"Organization\",\"@id\":\"https:\\\/\\\/tiketi.com\\\/#organization\",\"name\":\"Tiketi.com\",\"alternateName\":\"Tiketi\",\"url\":\"https:\\\/\\\/tiketi.com\\\/\",\"logo\":{\"@type\":\"ImageObject\",\"inLanguage\":\"fr-FR\",\"@id\":\"https:\\\/\\\/tiketi.com\\\/#\\\/schema\\\/logo\\\/image\\\/\",\"url\":\"https:\\\/\\\/tiketi.com\\\/wp-content\\\/uploads\\\/2019\\\/05\\\/tiketi-logo-696.png\",\"contentUrl\":\"https:\\\/\\\/tiketi.com\\\/wp-content\\\/uploads\\\/2019\\\/05\\\/tiketi-logo-696.png\",\"width\":696,\"height\":696,\"caption\":\"Tiketi.com\"},\"image\":{\"@id\":\"https:\\\/\\\/tiketi.com\\\/#\\\/schema\\\/logo\\\/image\\\/\"},\"sameAs\":[\"https:\\\/\\\/www.facebook.com\\\/TiketiCom\\\/\"]}]}<\/script>\n<!-- \/ Yoast SEO plugin. -->","yoast_head_json":{"title":"Amis entra\u00eeneurs r\u00e9servation en ligne, billets d&#039;autobus, itin\u00e9raire et tarif","description":"Vous recherchez une application de r\u00e9servation en ligne Friends Coaches\u00a0? Faites une r\u00e9servation de billets de bus en ligne Friends Coaches en ligne maintenant et \u00e9conomisez du temps et de l&#039;argent","robots":{"index":"index","follow":"follow","max-snippet":"max-snippet:-1","max-image-preview":"max-image-preview:large","max-video-preview":"max-video-preview:-1"},"canonical":"https:\/\/tiketi.com\/fr-fr\/friends-coaches\/","og_locale":"fr_FR","og_type":"article","og_title":"Friends Coaches Online Booking, Bus Tickets, Route & Fare","og_description":"Looking for Friends Coaches online booking app? Make a Friends Coaches online bus ticket booking online now and save time and money","og_url":"https:\/\/tiketi.com\/fr-fr\/friends-coaches\/","og_site_name":"Tiketi.com","article_publisher":"https:\/\/www.facebook.com\/TiketiCom\/","article_modified_time":"2022-02-13T18:23:33+00:00","og_image":[{"width":1200,"height":206,"url":"https:\/\/tiketi.com\/wp-content\/uploads\/2022\/01\/bus-ticket-online-booking.jpg","type":"image\/jpeg"}],"twitter_card":"summary_large_image","twitter_misc":{"Dur\u00e9e de lecture estim\u00e9e":"2 minutes"},"schema":{"@context":"https:\/\/schema.org","@graph":[{"@type":"WebPage","@id":"https:\/\/tiketi.com\/friends-coaches\/","url":"https:\/\/tiketi.com\/friends-coaches\/","name":"Amis entra\u00eeneurs r\u00e9servation en ligne, billets d&#039;autobus, itin\u00e9raire et tarif","isPartOf":{"@id":"https:\/\/tiketi.com\/#website"},"primaryImageOfPage":{"@id":"https:\/\/tiketi.com\/friends-coaches\/#primaryimage"},"image":{"@id":"https:\/\/tiketi.com\/friends-coaches\/#primaryimage"},"thumbnailUrl":"https:\/\/tiketi.com\/wp-content\/uploads\/2022\/01\/bus-ticket-online-booking.jpg","datePublished":"2022-01-19T11:54:25+00:00","dateModified":"2022-02-13T18:23:33+00:00","description":"Vous recherchez une application de r\u00e9servation en ligne Friends Coaches\u00a0? Faites une r\u00e9servation de billets de bus en ligne Friends Coaches en ligne maintenant et \u00e9conomisez du temps et de l&#039;argent","breadcrumb":{"@id":"https:\/\/tiketi.com\/friends-coaches\/#breadcrumb"},"inLanguage":"fr-FR","potentialAction":[{"@type":"ReadAction","target":["https:\/\/tiketi.com\/friends-coaches\/"]}]},{"@type":"ImageObject","inLanguage":"fr-FR","@id":"https:\/\/tiketi.com\/friends-coaches\/#primaryimage","url":"https:\/\/tiketi.com\/wp-content\/uploads\/2022\/01\/bus-ticket-online-booking.jpg","contentUrl":"https:\/\/tiketi.com\/wp-content\/uploads\/2022\/01\/bus-ticket-online-booking.jpg","width":1200,"height":206,"caption":"Online Bus Ticket Booking"},{"@type":"BreadcrumbList","@id":"https:\/\/tiketi.com\/friends-coaches\/#breadcrumb","itemListElement":[{"@type":"ListItem","position":1,"name":"Home","item":"https:\/\/tiketi.com\/"},{"@type":"ListItem","position":2,"name":"Friends Coaches Online Booking, Bus Tickets, Route &#038; Fare"}]},{"@type":"WebSite","@id":"https:\/\/tiketi.com\/#website","url":"https:\/\/tiketi.com\/","name":"Billets d&#039;avion et de bus, forfaits touristiques et activit\u00e9s - Tiketi.com","description":"Billets d&#039;avion et de bus, Tours, Activit\u00e9s","publisher":{"@id":"https:\/\/tiketi.com\/#organization"},"potentialAction":[{"@type":"SearchAction","target":{"@type":"EntryPoint","urlTemplate":"https:\/\/tiketi.com\/?s={search_term_string}"},"query-input":{"@type":"PropertyValueSpecification","valueRequired":true,"valueName":"search_term_string"}}],"inLanguage":"fr-FR"},{"@type":"Organization","@id":"https:\/\/tiketi.com\/#organization","name":"Tiketi.com","alternateName":"Tiketi","url":"https:\/\/tiketi.com\/","logo":{"@type":"ImageObject","inLanguage":"fr-FR","@id":"https:\/\/tiketi.com\/#\/schema\/logo\/image\/","url":"https:\/\/tiketi.com\/wp-content\/uploads\/2019\/05\/tiketi-logo-696.png","contentUrl":"https:\/\/tiketi.com\/wp-content\/uploads\/2019\/05\/tiketi-logo-696.png","width":696,"height":696,"caption":"Tiketi.com"},"image":{"@id":"https:\/\/tiketi.com\/#\/schema\/logo\/image\/"},"sameAs":["https:\/\/www.facebook.com\/TiketiCom\/"]}]}},"_links":{"self":[{"href":"https:\/\/tiketi.com\/fr-fr\/wp-json\/wp\/v2\/pages\/11257","targetHints":{"allow":["GET"]}}],"collection":[{"href":"https:\/\/tiketi.com\/fr-fr\/wp-json\/wp\/v2\/pages"}],"about":[{"href":"https:\/\/tiketi.com\/fr-fr\/wp-json\/wp\/v2\/types\/page"}],"author":[{"embeddable":true,"href":"https:\/\/tiketi.com\/fr-fr\/wp-json\/wp\/v2\/users\/1"}],"replies":[{"embeddable":true,"href":"https:\/\/tiketi.com\/fr-fr\/wp-json\/wp\/v2\/comments?post=11257"}],"version-history":[{"count":0,"href":"https:\/\/tiketi.com\/fr-fr\/wp-json\/wp\/v2\/pages\/11257\/revisions"}],"wp:featuredmedia":[{"embeddable":true,"href":"https:\/\/tiketi.com\/fr-fr\/wp-json\/wp\/v2\/media\/13999"}],"wp:attachment":[{"href":"https:\/\/tiketi.com\/fr-fr\/wp-json\/wp\/v2\/media?parent=11257"}],"curies":[{"name":"wp","href":"https:\/\/api.w.org\/{rel}","templated":true}]}}