{"id":11258,"date":"2022-01-19T12:54:25","date_gmt":"2022-01-19T11:54:25","guid":{"rendered":"https:\/\/new.tiketi.com\/allys-star-bus-online-booking-bus-tickets-reservation\/"},"modified":"2023-06-19T10:42:22","modified_gmt":"2023-06-19T09:42:22","slug":"ally-s-star-bus","status":"publish","type":"page","link":"https:\/\/tiketi.com\/fr-fr\/companies\/buses\/ally-s-star-bus\/","title":{"rendered":"R\u00e9servation en ligne Ally&#039;s Star Bus, prix des billets, horaires et itin\u00e9raire"},"content":{"rendered":"<h2>R\u00e9servation de billets de bus en ligne Ally&#039;s Star<\/h2>\n<h3>D\u00e9couvrez votre itin\u00e9raire de voyage sur le web, le mobile ou l&#039;application et r\u00e9servez en ligne d\u00e8s maintenant des billets de bus Ally&#039;s Star pas chers.<\/h3>\n<p>La r\u00e9servation en ligne de bus Ally&#039;s Star en toute simplicit\u00e9. Allys star bus est une entreprise tanzanienne de transport de passagers bas\u00e9e dans la r\u00e9gion de Mwanza. Ils sont sp\u00e9cialis\u00e9s dans les services de transfert de passagers et de colis de la ville de Mwanza vers d&#039;autres r\u00e9gions et villes de la zone du lac, ainsi que dans les voyages longue distance vers Dar es Salaam et d&#039;autres villes via la r\u00e9servation de billets de bus en ligne Ally&#039;s Star.<\/p>\n<h2>FAQ sur la r\u00e9servation en ligne, les billets de bus, les itin\u00e9raires et les tarifs d&#039;Ally&#039;s Star Bus<\/h2>\n<h3>Quels sont les horaires et les itin\u00e9raires couverts par les bus Ally&#039;s Star ?<\/h3>\n<p>\u2022 Mwanza \u00e0 Urambo<br \/>\n\u2022 Shinyanga \u00e0 dar es Salam via Dodoma<br \/>\n\u2022 Mwanza \u00e0 dar es-salaam \u00e0 Dodoma<br \/>\n\u2022 Mwanza \u00e0 Mpanda<br \/>\n\u2022 Mwanza \u00e0 Urambo<br \/>\n\u2022 Mwanza \u00e0 Kaliua<br \/>\n\u2022 Mwanza \u00e0 Tangia via Arusha<br \/>\n\u2022 Shinyanga \u00e0 Mwanza<br \/>\n\u2022 Dar es Salam \u00e0 Bariadi via Dodoma<\/p>\n<h3>Ligne de flotte de bus Ally&#039;s Star<\/h3>\n<p>L&#039;entreprise dispose d&#039;une large gamme de marques de bus d&#039;un producteur de bus chinois, ils ont \u00e9galement quelques bus Scania effectuant des itin\u00e9raires locaux dans les zones de la zone du lac. Leurs bus allant des mod\u00e8les Kinglong, Golden Dragon et Yutong. Tous ces \u00e9l\u00e9ments sont fra\u00eechement import\u00e9s de Chine.<\/p>\n<p>Leurs bus sont intelligents et propres et offrent la r\u00e9servation en ligne Ally&#039;s Star, ils utilisent une nouvelle technologie et sont relaxants pour un voyage longue distance. Leurs bus sont con\u00e7us pour r\u00e9pondre \u00e0 la demande des visiteurs qui pr\u00e9vaut sur les march\u00e9s tanzaniens.<\/p>\n<p>Une fois que vous avez choisi de voyager avec Allys star bus avec les billets de bus Ally&#039;s Star, vous b\u00e9n\u00e9ficierez des caract\u00e9ristiques et services suivants \u00e0 bord :<\/p>\n<p>\u2022 Si\u00e8ges inclinables deux par deux avec ceintures<br \/>\n\u2022 Espace suffisant pour les jambes pour un voyage relaxant<br \/>\n\u2022 Port de chargement USB sur chaque si\u00e8ge<br \/>\n\u2022 Nouveau syst\u00e8me audio avec haut-parleur autonome<br \/>\n\u2022 Services TV \u00e0 partir de plusieurs t\u00e9l\u00e9viseurs de chaque c\u00f4t\u00e9<br \/>\n\u2022 des boissons sans alcool gratuites<br \/>\n\u2022 Services de climatisation<br \/>\n\u2022 Services Wi-Fi gratuits<\/p>\n<h3>Quelles sont les coordonn\u00e9es de la r\u00e9servation de billets de bus en ligne Ally&#039;s Star ?<\/h3>\n<p>P.O. Bo\u00eete 2037<br \/>\nGeita, Mwanza,<br \/>\nTanzanie<\/p>\n<h2>Conseils de r\u00e9servation de billets de bus en ligne Ally&#039;s Star<\/h2>\n<p>L&#039;entreprise propose des services de transport depuis plus de dix ans, ils ont commenc\u00e9 leur activit\u00e9 en desservant les zones de la zone du lac avant de s&#039;\u00e9tendre \u00e0 d&#039;autres villes et villes de Tanzanie, principalement les zones de la zone orientale et la zone centrale.<\/p>","protected":false},"excerpt":{"rendered":"<p>Ally&#8217;s Star Online Bus Ticket Booking Discover your travel route on web, mobile or app and book cheap Ally&#8217;s Star bus tickets online now. Ally&#8217;s Star bus online booking made easy. Allys star bus is a Tanzania passenger transport firm based in Mwanza area. They are specialized in a passengers and parcels transfer services from [&hellip;]<\/p>\n","protected":false},"author":1,"featured_media":13999,"parent":25524,"menu_order":0,"comment_status":"open","ping_status":"closed","template":"template-home-modern.php","meta":{"footnotes":""},"class_list":["post-11258","page","type-page","status-publish","has-post-thumbnail","hentry"],"yoast_head":"<!-- This site is optimized with the Yoast SEO plugin v27.2 - https:\/\/yoast.com\/product\/yoast-seo-wordpress\/ -->\n<title>Ally&#039;s Star Bus Online Booking, Bus Tickets Reservation<\/title>\n<meta name=\"description\" content=\"Looking for Ally&#039;s Star bus online booking? Make a Ally&#039;s Star bus online bus ticket booking online now and save time and money\" \/>\n<meta name=\"robots\" content=\"index, follow, max-snippet:-1, max-image-preview:large, max-video-preview:-1\" \/>\n<link rel=\"canonical\" href=\"https:\/\/tiketi.com\/fr-fr\/companies\/buses\/ally-s-star-bus\/\" \/>\n<meta property=\"og:locale\" content=\"fr_FR\" \/>\n<meta property=\"og:type\" content=\"article\" \/>\n<meta property=\"og:title\" content=\"Ally&#039;s Star Bus Online Booking, Bus Tickets Reservation\" \/>\n<meta property=\"og:description\" content=\"Looking for Ally&#039;s Star bus online booking? Make a Ally&#039;s Star bus online bus ticket booking online now and save time and money\" \/>\n<meta property=\"og:url\" content=\"https:\/\/tiketi.com\/fr-fr\/companies\/buses\/ally-s-star-bus\/\" \/>\n<meta property=\"og:site_name\" content=\"Tiketi.com\" \/>\n<meta property=\"article:publisher\" content=\"https:\/\/www.facebook.com\/TiketiCom\/\" \/>\n<meta property=\"article:modified_time\" content=\"2023-06-19T09:42:22+00:00\" \/>\n<meta property=\"og:image\" content=\"https:\/\/tiketi.com\/wp-content\/uploads\/2022\/01\/bus-ticket-online-booking.jpg\" \/>\n\t<meta property=\"og:image:width\" content=\"1200\" \/>\n\t<meta property=\"og:image:height\" content=\"206\" \/>\n\t<meta property=\"og:image:type\" content=\"image\/jpeg\" \/>\n<meta name=\"twitter:card\" content=\"summary_large_image\" \/>\n<meta name=\"twitter:label1\" content=\"Dur\u00e9e de lecture estim\u00e9e\" \/>\n\t<meta name=\"twitter:data1\" content=\"2 minutes\" \/>\n<script type=\"application\/ld+json\" class=\"yoast-schema-graph\">{\"@context\":\"https:\/\/schema.org\",\"@graph\":[{\"@type\":\"WebPage\",\"@id\":\"https:\/\/tiketi.com\/companies\/buses\/ally-s-star-bus\/\",\"url\":\"https:\/\/tiketi.com\/companies\/buses\/ally-s-star-bus\/\",\"name\":\"Ally's Star Bus Online Booking, Bus Tickets Reservation\",\"isPartOf\":{\"@id\":\"https:\/\/tiketi.com\/#website\"},\"primaryImageOfPage\":{\"@id\":\"https:\/\/tiketi.com\/companies\/buses\/ally-s-star-bus\/#primaryimage\"},\"image\":{\"@id\":\"https:\/\/tiketi.com\/companies\/buses\/ally-s-star-bus\/#primaryimage\"},\"thumbnailUrl\":\"https:\/\/tiketi.com\/wp-content\/uploads\/2022\/01\/bus-ticket-online-booking.jpg\",\"datePublished\":\"2022-01-19T11:54:25+00:00\",\"dateModified\":\"2023-06-19T09:42:22+00:00\",\"description\":\"Looking for Ally's Star bus online booking? Make a Ally's Star bus online bus ticket booking online now and save time and money\",\"breadcrumb\":{\"@id\":\"https:\/\/tiketi.com\/companies\/buses\/ally-s-star-bus\/#breadcrumb\"},\"inLanguage\":\"fr-FR\",\"potentialAction\":[{\"@type\":\"ReadAction\",\"target\":[\"https:\/\/tiketi.com\/companies\/buses\/ally-s-star-bus\/\"]}]},{\"@type\":\"ImageObject\",\"inLanguage\":\"fr-FR\",\"@id\":\"https:\/\/tiketi.com\/companies\/buses\/ally-s-star-bus\/#primaryimage\",\"url\":\"https:\/\/tiketi.com\/wp-content\/uploads\/2022\/01\/bus-ticket-online-booking.jpg\",\"contentUrl\":\"https:\/\/tiketi.com\/wp-content\/uploads\/2022\/01\/bus-ticket-online-booking.jpg\",\"width\":1200,\"height\":206,\"caption\":\"Online Bus Ticket Booking\"},{\"@type\":\"BreadcrumbList\",\"@id\":\"https:\/\/tiketi.com\/companies\/buses\/ally-s-star-bus\/#breadcrumb\",\"itemListElement\":[{\"@type\":\"ListItem\",\"position\":1,\"name\":\"Home\",\"item\":\"https:\/\/tiketi.com\/\"},{\"@type\":\"ListItem\",\"position\":2,\"name\":\"Companies\",\"item\":\"https:\/\/tiketi.com\/companies\/\"},{\"@type\":\"ListItem\",\"position\":3,\"name\":\"Buses\",\"item\":\"https:\/\/tiketi.com\/companies\/buses\/\"},{\"@type\":\"ListItem\",\"position\":4,\"name\":\"Ally&#8217;s Star Bus Online Booking, Tickets Fare, Schedule &#038; Route\"}]},{\"@type\":\"WebSite\",\"@id\":\"https:\/\/tiketi.com\/#website\",\"url\":\"https:\/\/tiketi.com\/\",\"name\":\"Flight & Bus Tickets, Tour Packages & Activitites - Tiketi.com\",\"description\":\"Flight &amp; Bus Tickets, Tours, Activitites\",\"publisher\":{\"@id\":\"https:\/\/tiketi.com\/#organization\"},\"potentialAction\":[{\"@type\":\"SearchAction\",\"target\":{\"@type\":\"EntryPoint\",\"urlTemplate\":\"https:\/\/tiketi.com\/?s={search_term_string}\"},\"query-input\":{\"@type\":\"PropertyValueSpecification\",\"valueRequired\":true,\"valueName\":\"search_term_string\"}}],\"inLanguage\":\"fr-FR\"},{\"@type\":\"Organization\",\"@id\":\"https:\/\/tiketi.com\/#organization\",\"name\":\"Tiketi.com\",\"alternateName\":\"Tiketi\",\"url\":\"https:\/\/tiketi.com\/\",\"logo\":{\"@type\":\"ImageObject\",\"inLanguage\":\"fr-FR\",\"@id\":\"https:\/\/tiketi.com\/#\/schema\/logo\/image\/\",\"url\":\"https:\/\/tiketi.com\/wp-content\/uploads\/2019\/05\/tiketi-logo-696.png\",\"contentUrl\":\"https:\/\/tiketi.com\/wp-content\/uploads\/2019\/05\/tiketi-logo-696.png\",\"width\":696,\"height\":696,\"caption\":\"Tiketi.com\"},\"image\":{\"@id\":\"https:\/\/tiketi.com\/#\/schema\/logo\/image\/\"},\"sameAs\":[\"https:\/\/www.facebook.com\/TiketiCom\/\"]}]}<\/script>\n<!-- \/ Yoast SEO plugin. -->","yoast_head_json":{"title":"R\u00e9servation en ligne Ally&#039;s Star Bus, r\u00e9servation de billets de bus","description":"Vous recherchez une r\u00e9servation en ligne de bus Ally&#039;s Star ? Faites une r\u00e9servation de billet de bus en ligne Ally&#039;s Star bus en ligne maintenant et \u00e9conomisez du temps et de l&#039;argent","robots":{"index":"index","follow":"follow","max-snippet":"max-snippet:-1","max-image-preview":"max-image-preview:large","max-video-preview":"max-video-preview:-1"},"canonical":"https:\/\/tiketi.com\/fr-fr\/companies\/buses\/ally-s-star-bus\/","og_locale":"fr_FR","og_type":"article","og_title":"Ally's Star Bus Online Booking, Bus Tickets Reservation","og_description":"Looking for Ally's Star bus online booking? Make a Ally's Star bus online bus ticket booking online now and save time and money","og_url":"https:\/\/tiketi.com\/fr-fr\/companies\/buses\/ally-s-star-bus\/","og_site_name":"Tiketi.com","article_publisher":"https:\/\/www.facebook.com\/TiketiCom\/","article_modified_time":"2023-06-19T09:42:22+00:00","og_image":[{"width":1200,"height":206,"url":"https:\/\/tiketi.com\/wp-content\/uploads\/2022\/01\/bus-ticket-online-booking.jpg","type":"image\/jpeg"}],"twitter_card":"summary_large_image","twitter_misc":{"Dur\u00e9e de lecture estim\u00e9e":"2 minutes"},"schema":{"@context":"https:\/\/schema.org","@graph":[{"@type":"WebPage","@id":"https:\/\/tiketi.com\/companies\/buses\/ally-s-star-bus\/","url":"https:\/\/tiketi.com\/companies\/buses\/ally-s-star-bus\/","name":"R\u00e9servation en ligne Ally&#039;s Star Bus, r\u00e9servation de billets de bus","isPartOf":{"@id":"https:\/\/tiketi.com\/#website"},"primaryImageOfPage":{"@id":"https:\/\/tiketi.com\/companies\/buses\/ally-s-star-bus\/#primaryimage"},"image":{"@id":"https:\/\/tiketi.com\/companies\/buses\/ally-s-star-bus\/#primaryimage"},"thumbnailUrl":"https:\/\/tiketi.com\/wp-content\/uploads\/2022\/01\/bus-ticket-online-booking.jpg","datePublished":"2022-01-19T11:54:25+00:00","dateModified":"2023-06-19T09:42:22+00:00","description":"Vous recherchez une r\u00e9servation en ligne de bus Ally&#039;s Star ? Faites une r\u00e9servation de billet de bus en ligne Ally&#039;s Star bus en ligne maintenant et \u00e9conomisez du temps et de l&#039;argent","breadcrumb":{"@id":"https:\/\/tiketi.com\/companies\/buses\/ally-s-star-bus\/#breadcrumb"},"inLanguage":"fr-FR","potentialAction":[{"@type":"ReadAction","target":["https:\/\/tiketi.com\/companies\/buses\/ally-s-star-bus\/"]}]},{"@type":"ImageObject","inLanguage":"fr-FR","@id":"https:\/\/tiketi.com\/companies\/buses\/ally-s-star-bus\/#primaryimage","url":"https:\/\/tiketi.com\/wp-content\/uploads\/2022\/01\/bus-ticket-online-booking.jpg","contentUrl":"https:\/\/tiketi.com\/wp-content\/uploads\/2022\/01\/bus-ticket-online-booking.jpg","width":1200,"height":206,"caption":"Online Bus Ticket Booking"},{"@type":"BreadcrumbList","@id":"https:\/\/tiketi.com\/companies\/buses\/ally-s-star-bus\/#breadcrumb","itemListElement":[{"@type":"ListItem","position":1,"name":"Home","item":"https:\/\/tiketi.com\/"},{"@type":"ListItem","position":2,"name":"Companies","item":"https:\/\/tiketi.com\/companies\/"},{"@type":"ListItem","position":3,"name":"Buses","item":"https:\/\/tiketi.com\/companies\/buses\/"},{"@type":"ListItem","position":4,"name":"Ally&#8217;s Star Bus Online Booking, Tickets Fare, Schedule &#038; Route"}]},{"@type":"WebSite","@id":"https:\/\/tiketi.com\/#website","url":"https:\/\/tiketi.com\/","name":"Billets d&#039;avion et de bus, forfaits touristiques et activit\u00e9s - Tiketi.com","description":"Billets d&#039;avion et de bus, Tours, Activit\u00e9s","publisher":{"@id":"https:\/\/tiketi.com\/#organization"},"potentialAction":[{"@type":"SearchAction","target":{"@type":"EntryPoint","urlTemplate":"https:\/\/tiketi.com\/?s={search_term_string}"},"query-input":{"@type":"PropertyValueSpecification","valueRequired":true,"valueName":"search_term_string"}}],"inLanguage":"fr-FR"},{"@type":"Organization","@id":"https:\/\/tiketi.com\/#organization","name":"Tiketi.com","alternateName":"Tiketi","url":"https:\/\/tiketi.com\/","logo":{"@type":"ImageObject","inLanguage":"fr-FR","@id":"https:\/\/tiketi.com\/#\/schema\/logo\/image\/","url":"https:\/\/tiketi.com\/wp-content\/uploads\/2019\/05\/tiketi-logo-696.png","contentUrl":"https:\/\/tiketi.com\/wp-content\/uploads\/2019\/05\/tiketi-logo-696.png","width":696,"height":696,"caption":"Tiketi.com"},"image":{"@id":"https:\/\/tiketi.com\/#\/schema\/logo\/image\/"},"sameAs":["https:\/\/www.facebook.com\/TiketiCom\/"]}]}},"_links":{"self":[{"href":"https:\/\/tiketi.com\/fr-fr\/wp-json\/wp\/v2\/pages\/11258","targetHints":{"allow":["GET"]}}],"collection":[{"href":"https:\/\/tiketi.com\/fr-fr\/wp-json\/wp\/v2\/pages"}],"about":[{"href":"https:\/\/tiketi.com\/fr-fr\/wp-json\/wp\/v2\/types\/page"}],"author":[{"embeddable":true,"href":"https:\/\/tiketi.com\/fr-fr\/wp-json\/wp\/v2\/users\/1"}],"replies":[{"embeddable":true,"href":"https:\/\/tiketi.com\/fr-fr\/wp-json\/wp\/v2\/comments?post=11258"}],"version-history":[{"count":0,"href":"https:\/\/tiketi.com\/fr-fr\/wp-json\/wp\/v2\/pages\/11258\/revisions"}],"up":[{"embeddable":true,"href":"https:\/\/tiketi.com\/fr-fr\/wp-json\/wp\/v2\/pages\/25524"}],"wp:featuredmedia":[{"embeddable":true,"href":"https:\/\/tiketi.com\/fr-fr\/wp-json\/wp\/v2\/media\/13999"}],"wp:attachment":[{"href":"https:\/\/tiketi.com\/fr-fr\/wp-json\/wp\/v2\/media?parent=11258"}],"curies":[{"name":"wp","href":"https:\/\/api.w.org\/{rel}","templated":true}]}}