{"id":11259,"date":"2022-01-19T12:54:25","date_gmt":"2022-01-19T11:54:25","guid":{"rendered":"https:\/\/new.tiketi.com\/nyamira-express-online-booking-bus-tickets-reservation\/"},"modified":"2022-02-17T18:01:50","modified_gmt":"2022-02-17T17:01:50","slug":"nyamira-express-buses","status":"publish","type":"page","link":"https:\/\/tiketi.com\/fr-fr\/nyamira-express-buses\/","title":{"rendered":"R\u00e9servation en ligne Nyamira Express, billets de bus, itin\u00e9raire, horaires et tarifs"},"content":{"rendered":"<h2>R\u00e9servation de billets de bus en ligne Nyamira Express<\/h2>\n<h3>D\u00e9couvrez votre itin\u00e9raire de voyage sur le web, le mobile ou l&#039;application et r\u00e9servez d\u00e8s maintenant en ligne des billets de bus Nyamira Express pas chers.<\/h3>\n<p>La r\u00e9servation en ligne Nyamira Express simplifi\u00e9e. Myamira Express est l&#039;une des compagnies de bus les plus c\u00e9l\u00e8bres desservant les itin\u00e9raires de Nairobi \u00e0 migori et Kisii via la r\u00e9servation en ligne de Nyamira Express Nairobi \u00e0 Kisii. Le propri\u00e9taire des bus est c\u00e9l\u00e8bre pour \u00eatre Julius Mokay depuis longtemps. Alors faites la r\u00e9servation de billets de bus en ligne Nyamira Express maintenant!<\/p>\n<h2>FAQ sur la r\u00e9servation en ligne de Nyamira Express, les billets de bus, les itin\u00e9raires et les tarifs<\/h2>\n<h3>Quels sont les horaires et les itin\u00e9raires couverts par les bus Nyamira Express ?<\/h3>\n<p>L&#039;entreprise a des routes de transport \u00e0 l&#039;int\u00e9rieur du Kenya. Les itin\u00e9raires emprunt\u00e9s par ce bus sont Migori, Kisii, Nyamira et Nairobi. Les passagers r\u00e9servent g\u00e9n\u00e9ralement des billets de bus Nyamira Express Nairobi dans leurs destinations et ils ont \u00e9galement la possibilit\u00e9 de r\u00e9server leurs billets de r\u00e9servation en ligne Nyamira Express Nairobi To Kisii.<\/p>\n<h3>Flotte Nyamira Express<\/h3>\n<p>L&#039;un de leurs principaux itin\u00e9raires de Nairobi \u00e0 Nyamira, la soci\u00e9t\u00e9 a achet\u00e9 de nouveaux bus Isuzu.<\/p>\n<p>Le mod\u00e8le Scania a longtemps domin\u00e9 sa flotte depuis la cr\u00e9ation de l&#039;entreprise de transport. La plupart de leurs bus ont une disposition de si\u00e8ges deux par trois qui les classe parmi les bus de niveau g\u00e9n\u00e9ral.<\/p>\n<p>Ils ont peu de plaisir \u00e0 bord comparable \u00e0 d&#039;autres compagnies de bus et tous leurs bus sont fabriqu\u00e9s localement au Kenya.<\/p>\n<p>Ils transf\u00e8rent \u00e9galement des colis \u00e0 tous leurs endroits o\u00f9 leurs bus arrivent. Bien qu&#039;il ne s&#039;agisse pas d&#039;une cat\u00e9gorie officielle de bus pour cette entreprise, les gens b\u00e9n\u00e9ficient d&#039;un transfert s\u00e9curis\u00e9 de leurs colis au Kenya.<\/p>\n<h3>Quelles sont les coordonn\u00e9es du bureau de r\u00e9servation et des bus Nyamria Express ?<\/h3>\n<p>Nyamira Luxury Express Ltd.<br \/>\nAutoroute Kisii \u2013 Migori, Kisii, Kenya<\/p>\n<h2>Conseils de r\u00e9servation de billets de bus en ligne Nyamira Express<\/h2>\n<p>Beaucoup de gens pr\u00e9f\u00e8rent cette entreprise d&#039;autobus parce que leurs services sont les meilleurs. Leurs tarifs sont abordables.<\/p>\n<p>La compagnie de bus domine depuis des ann\u00e9es. Le bus est con\u00e7u pour 5 passagers d&#039;affil\u00e9e. L&#039;entreprise a achet\u00e9 de nouveaux bus isuzu. Les bus ont des dispositions de deux par trois si\u00e8ges qui les classent parmi les bus de niveau g\u00e9n\u00e9ral.<\/p>\n<p>Les bus transportent un maximum de 52 passagers, ils sont bien servis et pris en charge conform\u00e9ment aux commandes fermes.<br \/>\nLa firme des bus va faire la transition. Ils sont sur le point d&#039;acheter de nouveaux bus appel\u00e9s scania pour d\u00e9passer Isuzu.<\/p>","protected":false},"excerpt":{"rendered":"<p>Nyamira Express Online Bus Ticket Booking Discover your travel route on web, mobile or app and book cheap Nyamira Express bus tickets online now. Nyamira Express online booking made easy. Myamira Express is one of the most famous bus company serving the Nairobi to migori and Kisii routes via Nyamira Express Nairobi To Kisii online [&hellip;]<\/p>\n","protected":false},"author":1,"featured_media":13999,"parent":0,"menu_order":0,"comment_status":"open","ping_status":"closed","template":"template-home-modern.php","meta":{"footnotes":""},"class_list":["post-11259","page","type-page","status-publish","has-post-thumbnail","hentry"],"yoast_head":"<!-- This site is optimized with the Yoast SEO plugin v27.2 - https:\/\/yoast.com\/product\/yoast-seo-wordpress\/ -->\n<title>Nyamira Express Online Booking, Bus Tickets, Route, Schedule &amp; Fare<\/title>\n<meta name=\"description\" content=\"Looking for Nganga Express online booking, app, route, fare and schedule? Make cheap Nganga Express online bus ticket booking now\" \/>\n<meta name=\"robots\" content=\"index, follow, max-snippet:-1, max-image-preview:large, max-video-preview:-1\" \/>\n<link rel=\"canonical\" href=\"https:\/\/tiketi.com\/fr-fr\/nyamira-express-buses\/\" \/>\n<meta property=\"og:locale\" content=\"fr_FR\" \/>\n<meta property=\"og:type\" content=\"article\" \/>\n<meta property=\"og:title\" content=\"Nyamira Express Online Booking, Bus Tickets, Route, Schedule &amp; Fare\" \/>\n<meta property=\"og:description\" content=\"Looking for Nganga Express online booking, app, route, fare and schedule? Make cheap Nganga Express online bus ticket booking now\" \/>\n<meta property=\"og:url\" content=\"https:\/\/tiketi.com\/fr-fr\/nyamira-express-buses\/\" \/>\n<meta property=\"og:site_name\" content=\"Tiketi.com\" \/>\n<meta property=\"article:publisher\" content=\"https:\/\/www.facebook.com\/TiketiCom\/\" \/>\n<meta property=\"article:modified_time\" content=\"2022-02-17T17:01:50+00:00\" \/>\n<meta property=\"og:image\" content=\"https:\/\/tiketi.com\/wp-content\/uploads\/2022\/01\/bus-ticket-online-booking.jpg\" \/>\n\t<meta property=\"og:image:width\" content=\"1200\" \/>\n\t<meta property=\"og:image:height\" content=\"206\" \/>\n\t<meta property=\"og:image:type\" content=\"image\/jpeg\" \/>\n<meta name=\"twitter:card\" content=\"summary_large_image\" \/>\n<meta name=\"twitter:label1\" content=\"Dur\u00e9e de lecture estim\u00e9e\" \/>\n\t<meta name=\"twitter:data1\" content=\"2 minutes\" \/>\n<script type=\"application\/ld+json\" class=\"yoast-schema-graph\">{\"@context\":\"https:\/\/schema.org\",\"@graph\":[{\"@type\":\"WebPage\",\"@id\":\"https:\/\/tiketi.com\/nyamira-express-buses\/\",\"url\":\"https:\/\/tiketi.com\/nyamira-express-buses\/\",\"name\":\"Nyamira Express Online Booking, Bus Tickets, Route, Schedule & Fare\",\"isPartOf\":{\"@id\":\"https:\/\/tiketi.com\/#website\"},\"primaryImageOfPage\":{\"@id\":\"https:\/\/tiketi.com\/nyamira-express-buses\/#primaryimage\"},\"image\":{\"@id\":\"https:\/\/tiketi.com\/nyamira-express-buses\/#primaryimage\"},\"thumbnailUrl\":\"https:\/\/tiketi.com\/wp-content\/uploads\/2022\/01\/bus-ticket-online-booking.jpg\",\"datePublished\":\"2022-01-19T11:54:25+00:00\",\"dateModified\":\"2022-02-17T17:01:50+00:00\",\"description\":\"Looking for Nganga Express online booking, app, route, fare and schedule? Make cheap Nganga Express online bus ticket booking now\",\"breadcrumb\":{\"@id\":\"https:\/\/tiketi.com\/nyamira-express-buses\/#breadcrumb\"},\"inLanguage\":\"fr-FR\",\"potentialAction\":[{\"@type\":\"ReadAction\",\"target\":[\"https:\/\/tiketi.com\/nyamira-express-buses\/\"]}]},{\"@type\":\"ImageObject\",\"inLanguage\":\"fr-FR\",\"@id\":\"https:\/\/tiketi.com\/nyamira-express-buses\/#primaryimage\",\"url\":\"https:\/\/tiketi.com\/wp-content\/uploads\/2022\/01\/bus-ticket-online-booking.jpg\",\"contentUrl\":\"https:\/\/tiketi.com\/wp-content\/uploads\/2022\/01\/bus-ticket-online-booking.jpg\",\"width\":1200,\"height\":206,\"caption\":\"Online Bus Ticket Booking\"},{\"@type\":\"BreadcrumbList\",\"@id\":\"https:\/\/tiketi.com\/nyamira-express-buses\/#breadcrumb\",\"itemListElement\":[{\"@type\":\"ListItem\",\"position\":1,\"name\":\"Home\",\"item\":\"https:\/\/tiketi.com\/\"},{\"@type\":\"ListItem\",\"position\":2,\"name\":\"Nyamira Express Online Booking, Bus Tickets, Route, Schedule &#038; Fare\"}]},{\"@type\":\"WebSite\",\"@id\":\"https:\/\/tiketi.com\/#website\",\"url\":\"https:\/\/tiketi.com\/\",\"name\":\"Flight & Bus Tickets, Tour Packages & Activitites - Tiketi.com\",\"description\":\"Flight &amp; Bus Tickets, Tours, Activitites\",\"publisher\":{\"@id\":\"https:\/\/tiketi.com\/#organization\"},\"potentialAction\":[{\"@type\":\"SearchAction\",\"target\":{\"@type\":\"EntryPoint\",\"urlTemplate\":\"https:\/\/tiketi.com\/?s={search_term_string}\"},\"query-input\":{\"@type\":\"PropertyValueSpecification\",\"valueRequired\":true,\"valueName\":\"search_term_string\"}}],\"inLanguage\":\"fr-FR\"},{\"@type\":\"Organization\",\"@id\":\"https:\/\/tiketi.com\/#organization\",\"name\":\"Tiketi.com\",\"alternateName\":\"Tiketi\",\"url\":\"https:\/\/tiketi.com\/\",\"logo\":{\"@type\":\"ImageObject\",\"inLanguage\":\"fr-FR\",\"@id\":\"https:\/\/tiketi.com\/#\/schema\/logo\/image\/\",\"url\":\"https:\/\/tiketi.com\/wp-content\/uploads\/2019\/05\/tiketi-logo-696.png\",\"contentUrl\":\"https:\/\/tiketi.com\/wp-content\/uploads\/2019\/05\/tiketi-logo-696.png\",\"width\":696,\"height\":696,\"caption\":\"Tiketi.com\"},\"image\":{\"@id\":\"https:\/\/tiketi.com\/#\/schema\/logo\/image\/\"},\"sameAs\":[\"https:\/\/www.facebook.com\/TiketiCom\/\"]}]}<\/script>\n<!-- \/ Yoast SEO plugin. -->","yoast_head_json":{"title":"R\u00e9servation en ligne Nyamira Express, billets de bus, itin\u00e9raire, horaires et tarifs","description":"Vous recherchez une r\u00e9servation en ligne Nganga Express, une application, un itin\u00e9raire, un tarif et un horaire? R\u00e9servez d\u00e8s maintenant vos billets de bus en ligne Nganga Express \u00e0 bas prix","robots":{"index":"index","follow":"follow","max-snippet":"max-snippet:-1","max-image-preview":"max-image-preview:large","max-video-preview":"max-video-preview:-1"},"canonical":"https:\/\/tiketi.com\/fr-fr\/nyamira-express-buses\/","og_locale":"fr_FR","og_type":"article","og_title":"Nyamira Express Online Booking, Bus Tickets, Route, Schedule & Fare","og_description":"Looking for Nganga Express online booking, app, route, fare and schedule? Make cheap Nganga Express online bus ticket booking now","og_url":"https:\/\/tiketi.com\/fr-fr\/nyamira-express-buses\/","og_site_name":"Tiketi.com","article_publisher":"https:\/\/www.facebook.com\/TiketiCom\/","article_modified_time":"2022-02-17T17:01:50+00:00","og_image":[{"width":1200,"height":206,"url":"https:\/\/tiketi.com\/wp-content\/uploads\/2022\/01\/bus-ticket-online-booking.jpg","type":"image\/jpeg"}],"twitter_card":"summary_large_image","twitter_misc":{"Dur\u00e9e de lecture estim\u00e9e":"2 minutes"},"schema":{"@context":"https:\/\/schema.org","@graph":[{"@type":"WebPage","@id":"https:\/\/tiketi.com\/nyamira-express-buses\/","url":"https:\/\/tiketi.com\/nyamira-express-buses\/","name":"R\u00e9servation en ligne Nyamira Express, billets de bus, itin\u00e9raire, horaires et tarifs","isPartOf":{"@id":"https:\/\/tiketi.com\/#website"},"primaryImageOfPage":{"@id":"https:\/\/tiketi.com\/nyamira-express-buses\/#primaryimage"},"image":{"@id":"https:\/\/tiketi.com\/nyamira-express-buses\/#primaryimage"},"thumbnailUrl":"https:\/\/tiketi.com\/wp-content\/uploads\/2022\/01\/bus-ticket-online-booking.jpg","datePublished":"2022-01-19T11:54:25+00:00","dateModified":"2022-02-17T17:01:50+00:00","description":"Vous recherchez une r\u00e9servation en ligne Nganga Express, une application, un itin\u00e9raire, un tarif et un horaire? R\u00e9servez d\u00e8s maintenant vos billets de bus en ligne Nganga Express \u00e0 bas prix","breadcrumb":{"@id":"https:\/\/tiketi.com\/nyamira-express-buses\/#breadcrumb"},"inLanguage":"fr-FR","potentialAction":[{"@type":"ReadAction","target":["https:\/\/tiketi.com\/nyamira-express-buses\/"]}]},{"@type":"ImageObject","inLanguage":"fr-FR","@id":"https:\/\/tiketi.com\/nyamira-express-buses\/#primaryimage","url":"https:\/\/tiketi.com\/wp-content\/uploads\/2022\/01\/bus-ticket-online-booking.jpg","contentUrl":"https:\/\/tiketi.com\/wp-content\/uploads\/2022\/01\/bus-ticket-online-booking.jpg","width":1200,"height":206,"caption":"Online Bus Ticket Booking"},{"@type":"BreadcrumbList","@id":"https:\/\/tiketi.com\/nyamira-express-buses\/#breadcrumb","itemListElement":[{"@type":"ListItem","position":1,"name":"Home","item":"https:\/\/tiketi.com\/"},{"@type":"ListItem","position":2,"name":"Nyamira Express Online Booking, Bus Tickets, Route, Schedule &#038; Fare"}]},{"@type":"WebSite","@id":"https:\/\/tiketi.com\/#website","url":"https:\/\/tiketi.com\/","name":"Billets d&#039;avion et de bus, forfaits touristiques et activit\u00e9s - Tiketi.com","description":"Billets d&#039;avion et de bus, Tours, Activit\u00e9s","publisher":{"@id":"https:\/\/tiketi.com\/#organization"},"potentialAction":[{"@type":"SearchAction","target":{"@type":"EntryPoint","urlTemplate":"https:\/\/tiketi.com\/?s={search_term_string}"},"query-input":{"@type":"PropertyValueSpecification","valueRequired":true,"valueName":"search_term_string"}}],"inLanguage":"fr-FR"},{"@type":"Organization","@id":"https:\/\/tiketi.com\/#organization","name":"Tiketi.com","alternateName":"Tiketi","url":"https:\/\/tiketi.com\/","logo":{"@type":"ImageObject","inLanguage":"fr-FR","@id":"https:\/\/tiketi.com\/#\/schema\/logo\/image\/","url":"https:\/\/tiketi.com\/wp-content\/uploads\/2019\/05\/tiketi-logo-696.png","contentUrl":"https:\/\/tiketi.com\/wp-content\/uploads\/2019\/05\/tiketi-logo-696.png","width":696,"height":696,"caption":"Tiketi.com"},"image":{"@id":"https:\/\/tiketi.com\/#\/schema\/logo\/image\/"},"sameAs":["https:\/\/www.facebook.com\/TiketiCom\/"]}]}},"_links":{"self":[{"href":"https:\/\/tiketi.com\/fr-fr\/wp-json\/wp\/v2\/pages\/11259","targetHints":{"allow":["GET"]}}],"collection":[{"href":"https:\/\/tiketi.com\/fr-fr\/wp-json\/wp\/v2\/pages"}],"about":[{"href":"https:\/\/tiketi.com\/fr-fr\/wp-json\/wp\/v2\/types\/page"}],"author":[{"embeddable":true,"href":"https:\/\/tiketi.com\/fr-fr\/wp-json\/wp\/v2\/users\/1"}],"replies":[{"embeddable":true,"href":"https:\/\/tiketi.com\/fr-fr\/wp-json\/wp\/v2\/comments?post=11259"}],"version-history":[{"count":0,"href":"https:\/\/tiketi.com\/fr-fr\/wp-json\/wp\/v2\/pages\/11259\/revisions"}],"wp:featuredmedia":[{"embeddable":true,"href":"https:\/\/tiketi.com\/fr-fr\/wp-json\/wp\/v2\/media\/13999"}],"wp:attachment":[{"href":"https:\/\/tiketi.com\/fr-fr\/wp-json\/wp\/v2\/media?parent=11259"}],"curies":[{"name":"wp","href":"https:\/\/api.w.org\/{rel}","templated":true}]}}