{"id":11260,"date":"2022-01-19T12:54:25","date_gmt":"2022-01-19T11:54:25","guid":{"rendered":"https:\/\/new.tiketi.com\/majinjah-special-bus-online-booking-bus-tickets-reservation\/"},"modified":"2022-02-16T21:42:24","modified_gmt":"2022-02-16T20:42:24","slug":"majinjah-special-buses","status":"publish","type":"page","link":"https:\/\/tiketi.com\/fr-fr\/majinjah-special-buses\/","title":{"rendered":"R\u00e9servation en ligne de bus sp\u00e9cial Majinjah, billets de bus, itin\u00e9raire, horaires et tarifs"},"content":{"rendered":"<h2>Majinjah Special Bus R\u00e9servation de billets de bus en ligne<\/h2>\n<h3>D\u00e9couvrez votre itin\u00e9raire de voyage sur le web, le mobile ou l&#039;application et r\u00e9servez des billets de bus chea Majinjah Special en ligne d\u00e8s maintenant.<\/h3>\n<p>Majinjah special est une soci\u00e9t\u00e9 de transport de premier plan qui propose la r\u00e9servation en ligne Majinjah Special Bus de location d&#039;autocars et de services d&#039;autobus pour les \u00e9coles, les entreprises et le grand public. Ils ont pour objectif de fournir le meilleur caract\u00e8re de bus et des services de location qui permettent aux gens d&#039;explorer le pays avec style et confort. Il en va de m\u00eame pour la r\u00e9servation de billets de bus en ligne Majinjah Special bus maintenant!<\/p>\n<h2>Majinjah Special Bus R\u00e9servation en ligne, billets de bus, itin\u00e9raires et tarifs FAQ<\/h2>\n<h3>Quels sont les horaires et les itin\u00e9raires couverts par les bus Majinjah Special ?<\/h3>\n<p>\u2022 Dar es Salam \u00e0 Kyela<br \/>\n\u2022 Dar es Salam \u00e0 Mbeya<br \/>\n\u2022 Dar es Salam \u00e0 Sumbawanga<\/p>\n<h3>Ligne sp\u00e9ciale de la flotte de bus Majinjah<\/h3>\n<p>La compagnie de bus a une liste de flotte bien g\u00e9r\u00e9e et propose des billets de bus Majinjah Special. Beaucoup de leurs unit\u00e9s de bus ont une carrosserie fabriqu\u00e9e localement par la soci\u00e9t\u00e9 Dar Coach en Tanzanie et les autres ont des carrosseries import\u00e9es \u00e0 l&#039;international comme Hono Body, Irizar Century et d&#039;autres marques.<\/p>\n<p>Leurs bus sont bien personnalis\u00e9s pour r\u00e9pondre aux besoins des voyageurs internationaux et locaux en les rendant relaxants et dot\u00e9s de nouvelles installations.<\/p>\n<p>Les bus sp\u00e9ciaux de Majinjah sont g\u00e9r\u00e9s par une \u00e9quipe de chauffeurs experts, de gestionnaires, d&#039;h\u00f4tes et d&#039;autres serviteurs qui ont pour passion de mener l&#039;entreprise au niveau sup\u00e9rieur. Voici quelques-unes des sp\u00e9cifications accessibles sur leurs bus\u00a0:<\/p>\n<p>\u2022 Plusieurs t\u00e9l\u00e9viseurs pour le divertissement<br \/>\n\u2022 Si\u00e8ges inclinables deux par deux avec suffisamment d&#039;espace pour les jambes<br \/>\n\u2022 Meilleur syst\u00e8me audio pour le divertissement<br \/>\n\u2022 Des boissons non alcoolis\u00e9es gratuites sont accessibles dans leurs bus<\/p>\n<h3>Quelles sont les coordonn\u00e9es des bus Majinjah Special ?<\/h3>\n<p>Logistique Majinjah, Itd. \/ Majinjah Special Co. LTD<br \/>\nCase postale 78309<br \/>\nDar es Salam<\/p>\n<h2>Majinjah Special Bus Conseils de r\u00e9servation de billets de bus en ligne<\/h2>\n<p>Dans la logistique de Majinjah, le voyage en bus est convivial, amusant, durable et abordable. En bref, ils visent \u00e0 d\u00e9velopper un service de bus que les gens aiment, attendent avec impatience et surtout choisissent d&#039;utiliser de pr\u00e9f\u00e9rence au transport automobile priv\u00e9. Cela nous permet de diminuer les effets n\u00e9fastes des transports sur l&#039;atmosph\u00e8re sur la sant\u00e9 et le bien-\u00eatre.<\/p>","protected":false},"excerpt":{"rendered":"<p>Majinjah Special Bus\u00a0Online Bus Ticket Booking Discover your travel route on web, mobile or app and book chea Majinjah Special bus tickets online now. Majinjah special is a leading transport company offering Majinjah Special Bus online booking on coach hire and bus services to schools, businesses and the general public. They have targeted on providing [&hellip;]<\/p>\n","protected":false},"author":1,"featured_media":13999,"parent":0,"menu_order":0,"comment_status":"open","ping_status":"closed","template":"template-home-modern.php","meta":{"footnotes":""},"class_list":["post-11260","page","type-page","status-publish","has-post-thumbnail","hentry"],"yoast_head":"<!-- This site is optimized with the Yoast SEO plugin v27.2 - https:\/\/yoast.com\/product\/yoast-seo-wordpress\/ -->\n<title>Majinjah Special Bus Online Booking, Bus Tickets, Route, Schedule &amp; Fare<\/title>\n<meta name=\"description\" content=\"Looking for Majinjah Special online booking, app, contacts, bus routes, fare and schedule? Make a Majinjah Special bus online bus ticket booking\" \/>\n<meta name=\"robots\" content=\"index, follow, max-snippet:-1, max-image-preview:large, max-video-preview:-1\" \/>\n<link rel=\"canonical\" href=\"https:\/\/tiketi.com\/fr-fr\/majinjah-special-buses\/\" \/>\n<meta property=\"og:locale\" content=\"fr_FR\" \/>\n<meta property=\"og:type\" content=\"article\" \/>\n<meta property=\"og:title\" content=\"Majinjah Special Bus Online Booking, Bus Tickets, Route, Schedule &amp; Fare\" \/>\n<meta property=\"og:description\" content=\"Looking for Majinjah Special online booking, app, contacts, bus routes, fare and schedule? Make a Majinjah Special bus online bus ticket booking\" \/>\n<meta property=\"og:url\" content=\"https:\/\/tiketi.com\/fr-fr\/majinjah-special-buses\/\" \/>\n<meta property=\"og:site_name\" content=\"Tiketi.com\" \/>\n<meta property=\"article:publisher\" content=\"https:\/\/www.facebook.com\/TiketiCom\/\" \/>\n<meta property=\"article:modified_time\" content=\"2022-02-16T20:42:24+00:00\" \/>\n<meta property=\"og:image\" content=\"https:\/\/tiketi.com\/wp-content\/uploads\/2022\/01\/bus-ticket-online-booking.jpg\" \/>\n\t<meta property=\"og:image:width\" content=\"1200\" \/>\n\t<meta property=\"og:image:height\" content=\"206\" \/>\n\t<meta property=\"og:image:type\" content=\"image\/jpeg\" \/>\n<meta name=\"twitter:card\" content=\"summary_large_image\" \/>\n<meta name=\"twitter:label1\" content=\"Dur\u00e9e de lecture estim\u00e9e\" \/>\n\t<meta name=\"twitter:data1\" content=\"2 minutes\" \/>\n<script type=\"application\/ld+json\" class=\"yoast-schema-graph\">{\"@context\":\"https:\/\/schema.org\",\"@graph\":[{\"@type\":\"WebPage\",\"@id\":\"https:\/\/tiketi.com\/sw\/majinjah-special-buses\/\",\"url\":\"https:\/\/tiketi.com\/sw\/majinjah-special-buses\/\",\"name\":\"Majinjah Special Bus Online Booking, Bus Tickets, Route, Schedule & Fare\",\"isPartOf\":{\"@id\":\"https:\/\/tiketi.com\/#website\"},\"primaryImageOfPage\":{\"@id\":\"https:\/\/tiketi.com\/sw\/majinjah-special-buses\/#primaryimage\"},\"image\":{\"@id\":\"https:\/\/tiketi.com\/sw\/majinjah-special-buses\/#primaryimage\"},\"thumbnailUrl\":\"https:\/\/tiketi.com\/wp-content\/uploads\/2022\/01\/bus-ticket-online-booking.jpg\",\"datePublished\":\"2022-01-19T11:54:25+00:00\",\"dateModified\":\"2022-02-16T20:42:24+00:00\",\"description\":\"Looking for Majinjah Special online booking, app, contacts, bus routes, fare and schedule? Make a Majinjah Special bus online bus ticket booking\",\"breadcrumb\":{\"@id\":\"https:\/\/tiketi.com\/sw\/majinjah-special-buses\/#breadcrumb\"},\"inLanguage\":\"fr-FR\",\"potentialAction\":[{\"@type\":\"ReadAction\",\"target\":[\"https:\/\/tiketi.com\/sw\/majinjah-special-buses\/\"]}]},{\"@type\":\"ImageObject\",\"inLanguage\":\"fr-FR\",\"@id\":\"https:\/\/tiketi.com\/sw\/majinjah-special-buses\/#primaryimage\",\"url\":\"https:\/\/tiketi.com\/wp-content\/uploads\/2022\/01\/bus-ticket-online-booking.jpg\",\"contentUrl\":\"https:\/\/tiketi.com\/wp-content\/uploads\/2022\/01\/bus-ticket-online-booking.jpg\",\"width\":1200,\"height\":206,\"caption\":\"Online Bus Ticket Booking\"},{\"@type\":\"BreadcrumbList\",\"@id\":\"https:\/\/tiketi.com\/sw\/majinjah-special-buses\/#breadcrumb\",\"itemListElement\":[{\"@type\":\"ListItem\",\"position\":1,\"name\":\"Home\",\"item\":\"https:\/\/tiketi.com\/\"},{\"@type\":\"ListItem\",\"position\":2,\"name\":\"Majinjah Special Bus Online Booking, Bus Tickets, Route, Schedule &#038; Fare\"}]},{\"@type\":\"WebSite\",\"@id\":\"https:\/\/tiketi.com\/#website\",\"url\":\"https:\/\/tiketi.com\/\",\"name\":\"Flight & Bus Tickets, Tour Packages & Activitites - Tiketi.com\",\"description\":\"Flight &amp; Bus Tickets, Tours, Activitites\",\"publisher\":{\"@id\":\"https:\/\/tiketi.com\/#organization\"},\"potentialAction\":[{\"@type\":\"SearchAction\",\"target\":{\"@type\":\"EntryPoint\",\"urlTemplate\":\"https:\/\/tiketi.com\/?s={search_term_string}\"},\"query-input\":{\"@type\":\"PropertyValueSpecification\",\"valueRequired\":true,\"valueName\":\"search_term_string\"}}],\"inLanguage\":\"fr-FR\"},{\"@type\":\"Organization\",\"@id\":\"https:\/\/tiketi.com\/#organization\",\"name\":\"Tiketi.com\",\"alternateName\":\"Tiketi\",\"url\":\"https:\/\/tiketi.com\/\",\"logo\":{\"@type\":\"ImageObject\",\"inLanguage\":\"fr-FR\",\"@id\":\"https:\/\/tiketi.com\/#\/schema\/logo\/image\/\",\"url\":\"https:\/\/tiketi.com\/wp-content\/uploads\/2019\/05\/tiketi-logo-696.png\",\"contentUrl\":\"https:\/\/tiketi.com\/wp-content\/uploads\/2019\/05\/tiketi-logo-696.png\",\"width\":696,\"height\":696,\"caption\":\"Tiketi.com\"},\"image\":{\"@id\":\"https:\/\/tiketi.com\/#\/schema\/logo\/image\/\"},\"sameAs\":[\"https:\/\/www.facebook.com\/TiketiCom\/\"]}]}<\/script>\n<!-- \/ Yoast SEO plugin. -->","yoast_head_json":{"title":"R\u00e9servation en ligne de bus sp\u00e9cial Majinjah, billets de bus, itin\u00e9raire, horaires et tarifs","description":"Vous recherchez une r\u00e9servation en ligne Majinjah Special, une application, des contacts, des itin\u00e9raires de bus, des tarifs et des horaires\u00a0? Faire une r\u00e9servation en ligne de billets de bus Majinjah Special bus","robots":{"index":"index","follow":"follow","max-snippet":"max-snippet:-1","max-image-preview":"max-image-preview:large","max-video-preview":"max-video-preview:-1"},"canonical":"https:\/\/tiketi.com\/fr-fr\/majinjah-special-buses\/","og_locale":"fr_FR","og_type":"article","og_title":"Majinjah Special Bus Online Booking, Bus Tickets, Route, Schedule & Fare","og_description":"Looking for Majinjah Special online booking, app, contacts, bus routes, fare and schedule? Make a Majinjah Special bus online bus ticket booking","og_url":"https:\/\/tiketi.com\/fr-fr\/majinjah-special-buses\/","og_site_name":"Tiketi.com","article_publisher":"https:\/\/www.facebook.com\/TiketiCom\/","article_modified_time":"2022-02-16T20:42:24+00:00","og_image":[{"width":1200,"height":206,"url":"https:\/\/tiketi.com\/wp-content\/uploads\/2022\/01\/bus-ticket-online-booking.jpg","type":"image\/jpeg"}],"twitter_card":"summary_large_image","twitter_misc":{"Dur\u00e9e de lecture estim\u00e9e":"2 minutes"},"schema":{"@context":"https:\/\/schema.org","@graph":[{"@type":"WebPage","@id":"https:\/\/tiketi.com\/sw\/majinjah-special-buses\/","url":"https:\/\/tiketi.com\/sw\/majinjah-special-buses\/","name":"R\u00e9servation en ligne de bus sp\u00e9cial Majinjah, billets de bus, itin\u00e9raire, horaires et tarifs","isPartOf":{"@id":"https:\/\/tiketi.com\/#website"},"primaryImageOfPage":{"@id":"https:\/\/tiketi.com\/sw\/majinjah-special-buses\/#primaryimage"},"image":{"@id":"https:\/\/tiketi.com\/sw\/majinjah-special-buses\/#primaryimage"},"thumbnailUrl":"https:\/\/tiketi.com\/wp-content\/uploads\/2022\/01\/bus-ticket-online-booking.jpg","datePublished":"2022-01-19T11:54:25+00:00","dateModified":"2022-02-16T20:42:24+00:00","description":"Vous recherchez une r\u00e9servation en ligne Majinjah Special, une application, des contacts, des itin\u00e9raires de bus, des tarifs et des horaires\u00a0? Faire une r\u00e9servation en ligne de billets de bus Majinjah Special bus","breadcrumb":{"@id":"https:\/\/tiketi.com\/sw\/majinjah-special-buses\/#breadcrumb"},"inLanguage":"fr-FR","potentialAction":[{"@type":"ReadAction","target":["https:\/\/tiketi.com\/sw\/majinjah-special-buses\/"]}]},{"@type":"ImageObject","inLanguage":"fr-FR","@id":"https:\/\/tiketi.com\/sw\/majinjah-special-buses\/#primaryimage","url":"https:\/\/tiketi.com\/wp-content\/uploads\/2022\/01\/bus-ticket-online-booking.jpg","contentUrl":"https:\/\/tiketi.com\/wp-content\/uploads\/2022\/01\/bus-ticket-online-booking.jpg","width":1200,"height":206,"caption":"Online Bus Ticket Booking"},{"@type":"BreadcrumbList","@id":"https:\/\/tiketi.com\/sw\/majinjah-special-buses\/#breadcrumb","itemListElement":[{"@type":"ListItem","position":1,"name":"Home","item":"https:\/\/tiketi.com\/"},{"@type":"ListItem","position":2,"name":"Majinjah Special Bus Online Booking, Bus Tickets, Route, Schedule &#038; Fare"}]},{"@type":"WebSite","@id":"https:\/\/tiketi.com\/#website","url":"https:\/\/tiketi.com\/","name":"Billets d&#039;avion et de bus, forfaits touristiques et activit\u00e9s - Tiketi.com","description":"Billets d&#039;avion et de bus, Tours, Activit\u00e9s","publisher":{"@id":"https:\/\/tiketi.com\/#organization"},"potentialAction":[{"@type":"SearchAction","target":{"@type":"EntryPoint","urlTemplate":"https:\/\/tiketi.com\/?s={search_term_string}"},"query-input":{"@type":"PropertyValueSpecification","valueRequired":true,"valueName":"search_term_string"}}],"inLanguage":"fr-FR"},{"@type":"Organization","@id":"https:\/\/tiketi.com\/#organization","name":"Tiketi.com","alternateName":"Tiketi","url":"https:\/\/tiketi.com\/","logo":{"@type":"ImageObject","inLanguage":"fr-FR","@id":"https:\/\/tiketi.com\/#\/schema\/logo\/image\/","url":"https:\/\/tiketi.com\/wp-content\/uploads\/2019\/05\/tiketi-logo-696.png","contentUrl":"https:\/\/tiketi.com\/wp-content\/uploads\/2019\/05\/tiketi-logo-696.png","width":696,"height":696,"caption":"Tiketi.com"},"image":{"@id":"https:\/\/tiketi.com\/#\/schema\/logo\/image\/"},"sameAs":["https:\/\/www.facebook.com\/TiketiCom\/"]}]}},"_links":{"self":[{"href":"https:\/\/tiketi.com\/fr-fr\/wp-json\/wp\/v2\/pages\/11260","targetHints":{"allow":["GET"]}}],"collection":[{"href":"https:\/\/tiketi.com\/fr-fr\/wp-json\/wp\/v2\/pages"}],"about":[{"href":"https:\/\/tiketi.com\/fr-fr\/wp-json\/wp\/v2\/types\/page"}],"author":[{"embeddable":true,"href":"https:\/\/tiketi.com\/fr-fr\/wp-json\/wp\/v2\/users\/1"}],"replies":[{"embeddable":true,"href":"https:\/\/tiketi.com\/fr-fr\/wp-json\/wp\/v2\/comments?post=11260"}],"version-history":[{"count":0,"href":"https:\/\/tiketi.com\/fr-fr\/wp-json\/wp\/v2\/pages\/11260\/revisions"}],"wp:featuredmedia":[{"embeddable":true,"href":"https:\/\/tiketi.com\/fr-fr\/wp-json\/wp\/v2\/media\/13999"}],"wp:attachment":[{"href":"https:\/\/tiketi.com\/fr-fr\/wp-json\/wp\/v2\/media?parent=11260"}],"curies":[{"name":"wp","href":"https:\/\/api.w.org\/{rel}","templated":true}]}}