{"id":11261,"date":"2022-01-19T12:54:25","date_gmt":"2022-01-19T11:54:25","guid":{"rendered":"https:\/\/new.tiketi.com\/tungis-express-online-booking-bus-tickets-reservation\/"},"modified":"2022-02-23T12:04:06","modified_gmt":"2022-02-23T11:04:06","slug":"tungi-s-express-buses","status":"publish","type":"page","link":"https:\/\/tiketi.com\/fr-fr\/tungi-s-express-buses\/","title":{"rendered":"R\u00e9servation en ligne express de Tungi, billets de bus, itin\u00e9raire et tarif"},"content":{"rendered":"<h2>R\u00e9servation de billets de bus en ligne Tungi&#039;s Express<\/h2>\n<h3>D\u00e9couvrez votre itin\u00e9raire de voyage sur le web, le mobile ou l&#039;application et r\u00e9servez en ligne d\u00e8s maintenant des billets de bus Tungi&#039;s Express pas chers.<\/h3>\n<p>Tungis Express est une compagnie de bus fra\u00eechement cr\u00e9\u00e9e qui propose des services quotidiens de transport de passagers entre la ville de Mwanza et Dar es Salaam via la r\u00e9servation en ligne Tungi&#039;s Express. Cette entreprise est entr\u00e9e en activit\u00e9 au d\u00e9but de 2019 en introduisant sa flotte Golden Dragon dans la longue distance entre les 2 villes. Alors faites la r\u00e9servation de billets de bus en ligne Tungi&#039;s Express maintenant!<\/p>\n<h2>R\u00e9servation en ligne express de Tungi, billets de bus, FAQ sur les itin\u00e9raires, les horaires et les tarifs<\/h2>\n<h3>Quels sont les trajets couverts par les bus Tungi&#039;s Express ?<\/h3>\n<p>\u2022 Mwanza \u00e0 dar es Salam<br \/>\n\u2022 Dar es Salam \u00e0 Mwanza via Dodoma<\/p>\n<h3>Ligne de la flotte de la route express de Tungis<\/h3>\n<p>L&#039;entreprise utilise le mod\u00e8le de bus Golden Dragon de la fabrication chinoise, leurs bus sont assez neufs et directement import\u00e9s de Chine. Leurs bus sont de classe semi-luxe selon l&#039;autorit\u00e9 de r\u00e9gulation des transports terrestres.<\/p>\n<p>Ils ont un meilleur personnel expert qui est le meilleur dans la gestion de flotte en s&#039;assurant que ces bus sont sans salet\u00e9 tout le temps pour un confort et un meilleur niveau.<\/p>\n<p>Ils fournissent des services quotidiens de transport de passagers de Dar es Salaam \u00e0 la ville de Mwanza et vice versa. Ils ont des d\u00e9parts le matin dans les deux terminaux et leurs \u00e9quipages sont \u00e0 l&#039;heure pour s&#039;assurer que vous obtenez la derni\u00e8re place sur la dur\u00e9e pr\u00e9vue.<\/p>\n<p>L&#039;entreprise propose \u00e9galement des services de transport de colis \u00e0 des prix abordables en fonction de la taille et de la nature de vos colis.<\/p>\n<p>La r\u00e9servation des billets peut \u00eatre effectu\u00e9e dans leurs bureaux plac\u00e9s dans chaque terminal de bus et dans leurs bureaux individuels \u00e0 l&#039;ext\u00e9rieur du terminal. Vous pouvez \u00e9galement effectuer une r\u00e9servation en ligne de billets en contactant leurs agents ou en appelant leurs bureaux via les num\u00e9ros de contact.<\/p>\n<h3>Quelles sont les coordonn\u00e9es des bus express Tungi ?<\/h3>\n<p>Dar es Salaam, Tanzanie<\/p>\n<h2>Conseils de r\u00e9servation de billets de bus en ligne Tungi&#039;s Express<\/h2>\n<p>En peu de temps, Tungi est devenu le plus grand rival sur la route de Dar es Salaam \u00e0 Mwanza via les billets de bus de Tungi, offrant un d\u00e9fi commercial aux grandes entreprises. Ils ont r\u00e9ussi \u00e0 se constituer une client\u00e8le puissante en raison de leurs propres heures de d\u00e9part et d&#039;arriv\u00e9e \u00e0 l&#039;endroit respectif.<\/p>","protected":false},"excerpt":{"rendered":"<p>Tungi&#8217;s Express\u00a0Online Bus Ticket Booking Discover your travel route on web, mobile or app and book cheap Tungi&#8217;s Express bus tickets online now. Tungis Express is a freshly established bus company which offer daily passenger transport services between the city of Mwanza and the Dar es Salaam via Tungi&#8217;s Express online booking. \u00a0This firm came [&hellip;]<\/p>\n","protected":false},"author":1,"featured_media":13999,"parent":0,"menu_order":0,"comment_status":"open","ping_status":"closed","template":"template-home-modern.php","meta":{"footnotes":""},"class_list":["post-11261","page","type-page","status-publish","has-post-thumbnail","hentry"],"yoast_head":"<!-- This site is optimized with the Yoast SEO plugin v27.3 - https:\/\/yoast.com\/product\/yoast-seo-wordpress\/ -->\n<title>Tungi&#039;s Express\u00a0Online Booking, Bus Tickets, Route &amp; Fare<\/title>\n<meta name=\"description\" content=\"Looking for Tungi&#039;s Express\u00a0online booking, app, contacts, bus routes, fare and schedule?Make cheap Tungi&#039;s Express online bus ticket booking now\" \/>\n<meta name=\"robots\" content=\"index, follow, max-snippet:-1, max-image-preview:large, max-video-preview:-1\" \/>\n<link rel=\"canonical\" href=\"https:\/\/tiketi.com\/fr-fr\/tungi-s-express-buses\/\" \/>\n<meta property=\"og:locale\" content=\"fr_FR\" \/>\n<meta property=\"og:type\" content=\"article\" \/>\n<meta property=\"og:title\" content=\"Tungi&#039;s Express\u00a0Online Booking, Bus Tickets, Route &amp; Fare\" \/>\n<meta property=\"og:description\" content=\"Looking for Tungi&#039;s Express\u00a0online booking, app, contacts, bus routes, fare and schedule?Make cheap Tungi&#039;s Express online bus ticket booking now\" \/>\n<meta property=\"og:url\" content=\"https:\/\/tiketi.com\/fr-fr\/tungi-s-express-buses\/\" \/>\n<meta property=\"og:site_name\" content=\"Tiketi.com\" \/>\n<meta property=\"article:publisher\" content=\"https:\/\/www.facebook.com\/TiketiCom\/\" \/>\n<meta property=\"article:modified_time\" content=\"2022-02-23T11:04:06+00:00\" \/>\n<meta property=\"og:image\" content=\"https:\/\/tiketi.com\/wp-content\/uploads\/2022\/01\/bus-ticket-online-booking.jpg\" \/>\n\t<meta property=\"og:image:width\" content=\"1200\" \/>\n\t<meta property=\"og:image:height\" content=\"206\" \/>\n\t<meta property=\"og:image:type\" content=\"image\/jpeg\" \/>\n<meta name=\"twitter:card\" content=\"summary_large_image\" \/>\n<meta name=\"twitter:label1\" content=\"Dur\u00e9e de lecture estim\u00e9e\" \/>\n\t<meta name=\"twitter:data1\" content=\"2 minutes\" \/>\n<script type=\"application\/ld+json\" class=\"yoast-schema-graph\">{\"@context\":\"https:\\\/\\\/schema.org\",\"@graph\":[{\"@type\":\"WebPage\",\"@id\":\"https:\\\/\\\/tiketi.com\\\/tungi-s-express-buses\\\/\",\"url\":\"https:\\\/\\\/tiketi.com\\\/tungi-s-express-buses\\\/\",\"name\":\"Tungi's Express\u00a0Online Booking, Bus Tickets, Route & Fare\",\"isPartOf\":{\"@id\":\"https:\\\/\\\/tiketi.com\\\/#website\"},\"primaryImageOfPage\":{\"@id\":\"https:\\\/\\\/tiketi.com\\\/tungi-s-express-buses\\\/#primaryimage\"},\"image\":{\"@id\":\"https:\\\/\\\/tiketi.com\\\/tungi-s-express-buses\\\/#primaryimage\"},\"thumbnailUrl\":\"https:\\\/\\\/tiketi.com\\\/wp-content\\\/uploads\\\/2022\\\/01\\\/bus-ticket-online-booking.jpg\",\"datePublished\":\"2022-01-19T11:54:25+00:00\",\"dateModified\":\"2022-02-23T11:04:06+00:00\",\"description\":\"Looking for Tungi's Express\u00a0online booking, app, contacts, bus routes, fare and schedule?Make cheap Tungi's Express online bus ticket booking now\",\"breadcrumb\":{\"@id\":\"https:\\\/\\\/tiketi.com\\\/tungi-s-express-buses\\\/#breadcrumb\"},\"inLanguage\":\"fr-FR\",\"potentialAction\":[{\"@type\":\"ReadAction\",\"target\":[\"https:\\\/\\\/tiketi.com\\\/tungi-s-express-buses\\\/\"]}]},{\"@type\":\"ImageObject\",\"inLanguage\":\"fr-FR\",\"@id\":\"https:\\\/\\\/tiketi.com\\\/tungi-s-express-buses\\\/#primaryimage\",\"url\":\"https:\\\/\\\/tiketi.com\\\/wp-content\\\/uploads\\\/2022\\\/01\\\/bus-ticket-online-booking.jpg\",\"contentUrl\":\"https:\\\/\\\/tiketi.com\\\/wp-content\\\/uploads\\\/2022\\\/01\\\/bus-ticket-online-booking.jpg\",\"width\":1200,\"height\":206,\"caption\":\"Online Bus Ticket Booking\"},{\"@type\":\"BreadcrumbList\",\"@id\":\"https:\\\/\\\/tiketi.com\\\/tungi-s-express-buses\\\/#breadcrumb\",\"itemListElement\":[{\"@type\":\"ListItem\",\"position\":1,\"name\":\"Home\",\"item\":\"https:\\\/\\\/tiketi.com\\\/\"},{\"@type\":\"ListItem\",\"position\":2,\"name\":\"Tungi&#8217;s Express\u00a0Online Booking, Bus Tickets, Route &#038; Fare\"}]},{\"@type\":\"WebSite\",\"@id\":\"https:\\\/\\\/tiketi.com\\\/#website\",\"url\":\"https:\\\/\\\/tiketi.com\\\/\",\"name\":\"Flight & Bus Tickets, Tour Packages & Activitites - Tiketi.com\",\"description\":\"Flight &amp; Bus Tickets, Tours, Activitites\",\"publisher\":{\"@id\":\"https:\\\/\\\/tiketi.com\\\/#organization\"},\"potentialAction\":[{\"@type\":\"SearchAction\",\"target\":{\"@type\":\"EntryPoint\",\"urlTemplate\":\"https:\\\/\\\/tiketi.com\\\/?s={search_term_string}\"},\"query-input\":{\"@type\":\"PropertyValueSpecification\",\"valueRequired\":true,\"valueName\":\"search_term_string\"}}],\"inLanguage\":\"fr-FR\"},{\"@type\":\"Organization\",\"@id\":\"https:\\\/\\\/tiketi.com\\\/#organization\",\"name\":\"Tiketi.com\",\"alternateName\":\"Tiketi\",\"url\":\"https:\\\/\\\/tiketi.com\\\/\",\"logo\":{\"@type\":\"ImageObject\",\"inLanguage\":\"fr-FR\",\"@id\":\"https:\\\/\\\/tiketi.com\\\/#\\\/schema\\\/logo\\\/image\\\/\",\"url\":\"https:\\\/\\\/tiketi.com\\\/wp-content\\\/uploads\\\/2019\\\/05\\\/tiketi-logo-696.png\",\"contentUrl\":\"https:\\\/\\\/tiketi.com\\\/wp-content\\\/uploads\\\/2019\\\/05\\\/tiketi-logo-696.png\",\"width\":696,\"height\":696,\"caption\":\"Tiketi.com\"},\"image\":{\"@id\":\"https:\\\/\\\/tiketi.com\\\/#\\\/schema\\\/logo\\\/image\\\/\"},\"sameAs\":[\"https:\\\/\\\/www.facebook.com\\\/TiketiCom\\\/\"]}]}<\/script>\n<!-- \/ Yoast SEO plugin. -->","yoast_head_json":{"title":"R\u00e9servation en ligne express de Tungi, billets de bus, itin\u00e9raire et tarif","description":"Vous recherchez une r\u00e9servation en ligne Tungi&#039;s Express, une application, des contacts, des itin\u00e9raires de bus, des tarifs et des horaires?R\u00e9servez d\u00e8s maintenant des billets de bus en ligne Tungi&#039;s Express pas chers","robots":{"index":"index","follow":"follow","max-snippet":"max-snippet:-1","max-image-preview":"max-image-preview:large","max-video-preview":"max-video-preview:-1"},"canonical":"https:\/\/tiketi.com\/fr-fr\/tungi-s-express-buses\/","og_locale":"fr_FR","og_type":"article","og_title":"Tungi's Express\u00a0Online Booking, Bus Tickets, Route & Fare","og_description":"Looking for Tungi's Express\u00a0online booking, app, contacts, bus routes, fare and schedule?Make cheap Tungi's Express online bus ticket booking now","og_url":"https:\/\/tiketi.com\/fr-fr\/tungi-s-express-buses\/","og_site_name":"Tiketi.com","article_publisher":"https:\/\/www.facebook.com\/TiketiCom\/","article_modified_time":"2022-02-23T11:04:06+00:00","og_image":[{"width":1200,"height":206,"url":"https:\/\/tiketi.com\/wp-content\/uploads\/2022\/01\/bus-ticket-online-booking.jpg","type":"image\/jpeg"}],"twitter_card":"summary_large_image","twitter_misc":{"Dur\u00e9e de lecture estim\u00e9e":"2 minutes"},"schema":{"@context":"https:\/\/schema.org","@graph":[{"@type":"WebPage","@id":"https:\/\/tiketi.com\/tungi-s-express-buses\/","url":"https:\/\/tiketi.com\/tungi-s-express-buses\/","name":"R\u00e9servation en ligne express de Tungi, billets de bus, itin\u00e9raire et tarif","isPartOf":{"@id":"https:\/\/tiketi.com\/#website"},"primaryImageOfPage":{"@id":"https:\/\/tiketi.com\/tungi-s-express-buses\/#primaryimage"},"image":{"@id":"https:\/\/tiketi.com\/tungi-s-express-buses\/#primaryimage"},"thumbnailUrl":"https:\/\/tiketi.com\/wp-content\/uploads\/2022\/01\/bus-ticket-online-booking.jpg","datePublished":"2022-01-19T11:54:25+00:00","dateModified":"2022-02-23T11:04:06+00:00","description":"Vous recherchez une r\u00e9servation en ligne Tungi&#039;s Express, une application, des contacts, des itin\u00e9raires de bus, des tarifs et des horaires?R\u00e9servez d\u00e8s maintenant des billets de bus en ligne Tungi&#039;s Express pas chers","breadcrumb":{"@id":"https:\/\/tiketi.com\/tungi-s-express-buses\/#breadcrumb"},"inLanguage":"fr-FR","potentialAction":[{"@type":"ReadAction","target":["https:\/\/tiketi.com\/tungi-s-express-buses\/"]}]},{"@type":"ImageObject","inLanguage":"fr-FR","@id":"https:\/\/tiketi.com\/tungi-s-express-buses\/#primaryimage","url":"https:\/\/tiketi.com\/wp-content\/uploads\/2022\/01\/bus-ticket-online-booking.jpg","contentUrl":"https:\/\/tiketi.com\/wp-content\/uploads\/2022\/01\/bus-ticket-online-booking.jpg","width":1200,"height":206,"caption":"Online Bus Ticket Booking"},{"@type":"BreadcrumbList","@id":"https:\/\/tiketi.com\/tungi-s-express-buses\/#breadcrumb","itemListElement":[{"@type":"ListItem","position":1,"name":"Home","item":"https:\/\/tiketi.com\/"},{"@type":"ListItem","position":2,"name":"Tungi&#8217;s Express\u00a0Online Booking, Bus Tickets, Route &#038; Fare"}]},{"@type":"WebSite","@id":"https:\/\/tiketi.com\/#website","url":"https:\/\/tiketi.com\/","name":"Billets d&#039;avion et de bus, forfaits touristiques et activit\u00e9s - Tiketi.com","description":"Billets d&#039;avion et de bus, Tours, Activit\u00e9s","publisher":{"@id":"https:\/\/tiketi.com\/#organization"},"potentialAction":[{"@type":"SearchAction","target":{"@type":"EntryPoint","urlTemplate":"https:\/\/tiketi.com\/?s={search_term_string}"},"query-input":{"@type":"PropertyValueSpecification","valueRequired":true,"valueName":"search_term_string"}}],"inLanguage":"fr-FR"},{"@type":"Organization","@id":"https:\/\/tiketi.com\/#organization","name":"Tiketi.com","alternateName":"Tiketi","url":"https:\/\/tiketi.com\/","logo":{"@type":"ImageObject","inLanguage":"fr-FR","@id":"https:\/\/tiketi.com\/#\/schema\/logo\/image\/","url":"https:\/\/tiketi.com\/wp-content\/uploads\/2019\/05\/tiketi-logo-696.png","contentUrl":"https:\/\/tiketi.com\/wp-content\/uploads\/2019\/05\/tiketi-logo-696.png","width":696,"height":696,"caption":"Tiketi.com"},"image":{"@id":"https:\/\/tiketi.com\/#\/schema\/logo\/image\/"},"sameAs":["https:\/\/www.facebook.com\/TiketiCom\/"]}]}},"_links":{"self":[{"href":"https:\/\/tiketi.com\/fr-fr\/wp-json\/wp\/v2\/pages\/11261","targetHints":{"allow":["GET"]}}],"collection":[{"href":"https:\/\/tiketi.com\/fr-fr\/wp-json\/wp\/v2\/pages"}],"about":[{"href":"https:\/\/tiketi.com\/fr-fr\/wp-json\/wp\/v2\/types\/page"}],"author":[{"embeddable":true,"href":"https:\/\/tiketi.com\/fr-fr\/wp-json\/wp\/v2\/users\/1"}],"replies":[{"embeddable":true,"href":"https:\/\/tiketi.com\/fr-fr\/wp-json\/wp\/v2\/comments?post=11261"}],"version-history":[{"count":0,"href":"https:\/\/tiketi.com\/fr-fr\/wp-json\/wp\/v2\/pages\/11261\/revisions"}],"wp:featuredmedia":[{"embeddable":true,"href":"https:\/\/tiketi.com\/fr-fr\/wp-json\/wp\/v2\/media\/13999"}],"wp:attachment":[{"href":"https:\/\/tiketi.com\/fr-fr\/wp-json\/wp\/v2\/media?parent=11261"}],"curies":[{"name":"wp","href":"https:\/\/api.w.org\/{rel}","templated":true}]}}