{"id":11262,"date":"2022-01-19T12:54:25","date_gmt":"2022-01-19T11:54:25","guid":{"rendered":"https:\/\/new.tiketi.com\/kapricon-royal-class-online-booking-bus-tickets-reservation\/"},"modified":"2022-02-16T11:04:41","modified_gmt":"2022-02-16T10:04:41","slug":"kapricon-royal-class-buses","status":"publish","type":"page","link":"https:\/\/tiketi.com\/fr-fr\/kapricon-royal-class-buses\/","title":{"rendered":"Kapricon Royal Class R\u00e9servation en ligne, billets de bus, itin\u00e9raire et tarif"},"content":{"rendered":"<h2>Kapricon Royal Class R\u00e9servation de billets de bus en ligne<\/h2>\n<h3>D\u00e9couvrez votre itin\u00e9raire de voyage sur le web, le mobile ou l&#039;application et r\u00e9servez d\u00e8s maintenant en ligne des billets de bus Kapricon Royal Class pas chers.<\/h3>\n<p>La r\u00e9servation en ligne de Kapricon Royal Class en toute simplicit\u00e9. La classe Kapricon Royal offre un service de transfert quotidien de passagers sur les billets de bus Kapricon Royal Class de la ville d&#039;affaires d&#039;Arusha vers d&#039;autres r\u00e9gions de Tanzanie. Ils sont dans l&#039;industrie du transport depuis plus de 10 ans desservant les r\u00e9gions du Nord. Il en va de m\u00eame pour la r\u00e9servation de billets de bus en ligne Kapricon Royal Class maintenant!<\/p>\n<h2>FAQ sur la r\u00e9servation en ligne de Kapricon Royal Class<\/h2>\n<h3>Quels sont les horaires et les itin\u00e9raires couverts par les bus Kapricon Royal Class ?<\/h3>\n<p>\u2022 Arusha \u00e0 Mwanza<br \/>\n\u2022 Arusha \u00e0 Singida<br \/>\n\u2022 Arusha \u00e0 Mbeya via Iringa<br \/>\n\u2022 Arusha \u00e0 Iringa via Dodoma<br \/>\n\u2022 Mwanza \u00e0 Iringa via Dodoma<br \/>\n\u2022 Arusha \u00e0 Tanga via Korogwe<br \/>\n\u2022 Dar es Salaam \u00e0 Singida via Dodoma<\/p>\n<h3>Ligne de flotte de classe Kapricon Royal<\/h3>\n<p>L&#039;entreprise est c\u00e9l\u00e8bre pour ses bus Scania qui sont les plus appr\u00e9ci\u00e9s par ces jeunes visiteurs. Ces bus Scania sont construits dans le pays par des fabricants de bus tanzaniens tels que Quality Group et Day Coach.<\/p>\n<p>Mais au fil du temps, la compagnie de bus Kapricon a apport\u00e9 une innovation \u00e0 sa liste de flotte en incluant des marques chinoises. Maintenant, ils ont des bus zhongtong et Yutong dans leur liste et proposent la r\u00e9servation en ligne de Kapricon Royal Class Bus.<\/p>\n<p>Les marques chinoises sont les plus r\u00e9centes et beaucoup plus d\u00e9contract\u00e9es que leur ancienne marque. Voici quelques sp\u00e9cifications et services accessibles dans leurs bus\u00a0:<\/p>\n<p>\u2022 Port de chargement USB<br \/>\n\u2022 Services de t\u00e9l\u00e9vision pour le divertissement<br \/>\n\u2022 Si\u00e8ges inclinables deux par deux avec suffisamment d&#039;espace pour les jambes<br \/>\n\u2022 Parfois, les services AC sont accessibles<br \/>\n\u2022 Port de chargement USB<br \/>\n\u2022 Boissons non alcoolis\u00e9es dans certains de leurs bus<\/p>\n<h3>Quelles sont les coordonn\u00e9es des bus Kapricon Royal Class ?<\/h3>\n<p>Kapricon Royal Class, rue Mawezni<br \/>\nPObox 1341, Moshi, Tanzanie<\/p>\n<h2>Kapricon Royal Class Conseils de r\u00e9servation de billets de bus en ligne<\/h2>\n<p>L&#039;entreprise a une client\u00e8le bien \u00e9tablie de la ville d&#039;Arusha aux r\u00e9gions des hautes terres du sud, de la zone centrale ainsi que des r\u00e9gions de la zone des lacs. Ils \u00e9tendent maintenant leurs services aux r\u00e9gions de l&#039;Est comme Pwani, Dar es Salaam et Tanga.<\/p>\n<p>&nbsp;<\/p>","protected":false},"excerpt":{"rendered":"<p>Kapricon Royal Class Online Bus Ticket Booking Discover your travel route on web, mobile or app and book cheap Kapricon Royal Class bus tickets online now. Kapricon Royal Class online booking made easy.&nbsp;Kapricon Royal class offer daily passenger transfer service on Kapricon Royal Class bus tickets from the business city of Arusha to other areas [&hellip;]<\/p>\n","protected":false},"author":1,"featured_media":13999,"parent":0,"menu_order":0,"comment_status":"open","ping_status":"closed","template":"template-home-modern.php","meta":{"footnotes":""},"class_list":["post-11262","page","type-page","status-publish","has-post-thumbnail","hentry"],"yoast_head":"<!-- This site is optimized with the Yoast SEO plugin v27.2 - https:\/\/yoast.com\/product\/yoast-seo-wordpress\/ -->\n<title>Kapricon Royal Class Online Booking, Bus Tickets, Route &amp; Fare<\/title>\n<meta name=\"description\" content=\"Looking for Kapricon Royal Class online booking? Make a Kapricon Royal Class online bus ticket booking online now and save time and money\" \/>\n<meta name=\"robots\" content=\"index, follow, max-snippet:-1, max-image-preview:large, max-video-preview:-1\" \/>\n<link rel=\"canonical\" href=\"https:\/\/tiketi.com\/fr-fr\/kapricon-royal-class-buses\/\" \/>\n<meta property=\"og:locale\" content=\"fr_FR\" \/>\n<meta property=\"og:type\" content=\"article\" \/>\n<meta property=\"og:title\" content=\"Kapricon Royal Class Online Booking, Bus Tickets, Route &amp; Fare\" \/>\n<meta property=\"og:description\" content=\"Looking for Kapricon Royal Class online booking? Make a Kapricon Royal Class online bus ticket booking online now and save time and money\" \/>\n<meta property=\"og:url\" content=\"https:\/\/tiketi.com\/fr-fr\/kapricon-royal-class-buses\/\" \/>\n<meta property=\"og:site_name\" content=\"Tiketi.com\" \/>\n<meta property=\"article:publisher\" content=\"https:\/\/www.facebook.com\/TiketiCom\/\" \/>\n<meta property=\"article:modified_time\" content=\"2022-02-16T10:04:41+00:00\" \/>\n<meta property=\"og:image\" content=\"https:\/\/tiketi.com\/wp-content\/uploads\/2022\/01\/bus-ticket-online-booking.jpg\" \/>\n\t<meta property=\"og:image:width\" content=\"1200\" \/>\n\t<meta property=\"og:image:height\" content=\"206\" \/>\n\t<meta property=\"og:image:type\" content=\"image\/jpeg\" \/>\n<meta name=\"twitter:card\" content=\"summary_large_image\" \/>\n<meta name=\"twitter:label1\" content=\"Dur\u00e9e de lecture estim\u00e9e\" \/>\n\t<meta name=\"twitter:data1\" content=\"2 minutes\" \/>\n<script type=\"application\/ld+json\" class=\"yoast-schema-graph\">{\"@context\":\"https:\/\/schema.org\",\"@graph\":[{\"@type\":\"WebPage\",\"@id\":\"https:\/\/tiketi.com\/kapricon-royal-class-buses\/\",\"url\":\"https:\/\/tiketi.com\/kapricon-royal-class-buses\/\",\"name\":\"Kapricon Royal Class Online Booking, Bus Tickets, Route & Fare\",\"isPartOf\":{\"@id\":\"https:\/\/tiketi.com\/#website\"},\"primaryImageOfPage\":{\"@id\":\"https:\/\/tiketi.com\/kapricon-royal-class-buses\/#primaryimage\"},\"image\":{\"@id\":\"https:\/\/tiketi.com\/kapricon-royal-class-buses\/#primaryimage\"},\"thumbnailUrl\":\"https:\/\/tiketi.com\/wp-content\/uploads\/2022\/01\/bus-ticket-online-booking.jpg\",\"datePublished\":\"2022-01-19T11:54:25+00:00\",\"dateModified\":\"2022-02-16T10:04:41+00:00\",\"description\":\"Looking for Kapricon Royal Class online booking? Make a Kapricon Royal Class online bus ticket booking online now and save time and money\",\"breadcrumb\":{\"@id\":\"https:\/\/tiketi.com\/kapricon-royal-class-buses\/#breadcrumb\"},\"inLanguage\":\"fr-FR\",\"potentialAction\":[{\"@type\":\"ReadAction\",\"target\":[\"https:\/\/tiketi.com\/kapricon-royal-class-buses\/\"]}]},{\"@type\":\"ImageObject\",\"inLanguage\":\"fr-FR\",\"@id\":\"https:\/\/tiketi.com\/kapricon-royal-class-buses\/#primaryimage\",\"url\":\"https:\/\/tiketi.com\/wp-content\/uploads\/2022\/01\/bus-ticket-online-booking.jpg\",\"contentUrl\":\"https:\/\/tiketi.com\/wp-content\/uploads\/2022\/01\/bus-ticket-online-booking.jpg\",\"width\":1200,\"height\":206,\"caption\":\"Online Bus Ticket Booking\"},{\"@type\":\"BreadcrumbList\",\"@id\":\"https:\/\/tiketi.com\/kapricon-royal-class-buses\/#breadcrumb\",\"itemListElement\":[{\"@type\":\"ListItem\",\"position\":1,\"name\":\"Home\",\"item\":\"https:\/\/tiketi.com\/\"},{\"@type\":\"ListItem\",\"position\":2,\"name\":\"Kapricon Royal Class Online Booking, Bus Tickets, Route &#038; Fare\"}]},{\"@type\":\"WebSite\",\"@id\":\"https:\/\/tiketi.com\/#website\",\"url\":\"https:\/\/tiketi.com\/\",\"name\":\"Flight & Bus Tickets, Tour Packages & Activitites - Tiketi.com\",\"description\":\"Flight &amp; Bus Tickets, Tours, Activitites\",\"publisher\":{\"@id\":\"https:\/\/tiketi.com\/#organization\"},\"potentialAction\":[{\"@type\":\"SearchAction\",\"target\":{\"@type\":\"EntryPoint\",\"urlTemplate\":\"https:\/\/tiketi.com\/?s={search_term_string}\"},\"query-input\":{\"@type\":\"PropertyValueSpecification\",\"valueRequired\":true,\"valueName\":\"search_term_string\"}}],\"inLanguage\":\"fr-FR\"},{\"@type\":\"Organization\",\"@id\":\"https:\/\/tiketi.com\/#organization\",\"name\":\"Tiketi.com\",\"alternateName\":\"Tiketi\",\"url\":\"https:\/\/tiketi.com\/\",\"logo\":{\"@type\":\"ImageObject\",\"inLanguage\":\"fr-FR\",\"@id\":\"https:\/\/tiketi.com\/#\/schema\/logo\/image\/\",\"url\":\"https:\/\/tiketi.com\/wp-content\/uploads\/2019\/05\/tiketi-logo-696.png\",\"contentUrl\":\"https:\/\/tiketi.com\/wp-content\/uploads\/2019\/05\/tiketi-logo-696.png\",\"width\":696,\"height\":696,\"caption\":\"Tiketi.com\"},\"image\":{\"@id\":\"https:\/\/tiketi.com\/#\/schema\/logo\/image\/\"},\"sameAs\":[\"https:\/\/www.facebook.com\/TiketiCom\/\"]}]}<\/script>\n<!-- \/ Yoast SEO plugin. -->","yoast_head_json":{"title":"Kapricon Royal Class R\u00e9servation en ligne, billets de bus, itin\u00e9raire et tarif","description":"Vous recherchez une r\u00e9servation en ligne Kapricon Royal Class? Faites une r\u00e9servation en ligne de billets de bus Kapricon Royal Class en ligne maintenant et \u00e9conomisez du temps et de l&#039;argent","robots":{"index":"index","follow":"follow","max-snippet":"max-snippet:-1","max-image-preview":"max-image-preview:large","max-video-preview":"max-video-preview:-1"},"canonical":"https:\/\/tiketi.com\/fr-fr\/kapricon-royal-class-buses\/","og_locale":"fr_FR","og_type":"article","og_title":"Kapricon Royal Class Online Booking, Bus Tickets, Route & Fare","og_description":"Looking for Kapricon Royal Class online booking? Make a Kapricon Royal Class online bus ticket booking online now and save time and money","og_url":"https:\/\/tiketi.com\/fr-fr\/kapricon-royal-class-buses\/","og_site_name":"Tiketi.com","article_publisher":"https:\/\/www.facebook.com\/TiketiCom\/","article_modified_time":"2022-02-16T10:04:41+00:00","og_image":[{"width":1200,"height":206,"url":"https:\/\/tiketi.com\/wp-content\/uploads\/2022\/01\/bus-ticket-online-booking.jpg","type":"image\/jpeg"}],"twitter_card":"summary_large_image","twitter_misc":{"Dur\u00e9e de lecture estim\u00e9e":"2 minutes"},"schema":{"@context":"https:\/\/schema.org","@graph":[{"@type":"WebPage","@id":"https:\/\/tiketi.com\/kapricon-royal-class-buses\/","url":"https:\/\/tiketi.com\/kapricon-royal-class-buses\/","name":"Kapricon Royal Class R\u00e9servation en ligne, billets de bus, itin\u00e9raire et tarif","isPartOf":{"@id":"https:\/\/tiketi.com\/#website"},"primaryImageOfPage":{"@id":"https:\/\/tiketi.com\/kapricon-royal-class-buses\/#primaryimage"},"image":{"@id":"https:\/\/tiketi.com\/kapricon-royal-class-buses\/#primaryimage"},"thumbnailUrl":"https:\/\/tiketi.com\/wp-content\/uploads\/2022\/01\/bus-ticket-online-booking.jpg","datePublished":"2022-01-19T11:54:25+00:00","dateModified":"2022-02-16T10:04:41+00:00","description":"Vous recherchez une r\u00e9servation en ligne Kapricon Royal Class? Faites une r\u00e9servation en ligne de billets de bus Kapricon Royal Class en ligne maintenant et \u00e9conomisez du temps et de l&#039;argent","breadcrumb":{"@id":"https:\/\/tiketi.com\/kapricon-royal-class-buses\/#breadcrumb"},"inLanguage":"fr-FR","potentialAction":[{"@type":"ReadAction","target":["https:\/\/tiketi.com\/kapricon-royal-class-buses\/"]}]},{"@type":"ImageObject","inLanguage":"fr-FR","@id":"https:\/\/tiketi.com\/kapricon-royal-class-buses\/#primaryimage","url":"https:\/\/tiketi.com\/wp-content\/uploads\/2022\/01\/bus-ticket-online-booking.jpg","contentUrl":"https:\/\/tiketi.com\/wp-content\/uploads\/2022\/01\/bus-ticket-online-booking.jpg","width":1200,"height":206,"caption":"Online Bus Ticket Booking"},{"@type":"BreadcrumbList","@id":"https:\/\/tiketi.com\/kapricon-royal-class-buses\/#breadcrumb","itemListElement":[{"@type":"ListItem","position":1,"name":"Home","item":"https:\/\/tiketi.com\/"},{"@type":"ListItem","position":2,"name":"Kapricon Royal Class Online Booking, Bus Tickets, Route &#038; Fare"}]},{"@type":"WebSite","@id":"https:\/\/tiketi.com\/#website","url":"https:\/\/tiketi.com\/","name":"Billets d&#039;avion et de bus, forfaits touristiques et activit\u00e9s - Tiketi.com","description":"Billets d&#039;avion et de bus, Tours, Activit\u00e9s","publisher":{"@id":"https:\/\/tiketi.com\/#organization"},"potentialAction":[{"@type":"SearchAction","target":{"@type":"EntryPoint","urlTemplate":"https:\/\/tiketi.com\/?s={search_term_string}"},"query-input":{"@type":"PropertyValueSpecification","valueRequired":true,"valueName":"search_term_string"}}],"inLanguage":"fr-FR"},{"@type":"Organization","@id":"https:\/\/tiketi.com\/#organization","name":"Tiketi.com","alternateName":"Tiketi","url":"https:\/\/tiketi.com\/","logo":{"@type":"ImageObject","inLanguage":"fr-FR","@id":"https:\/\/tiketi.com\/#\/schema\/logo\/image\/","url":"https:\/\/tiketi.com\/wp-content\/uploads\/2019\/05\/tiketi-logo-696.png","contentUrl":"https:\/\/tiketi.com\/wp-content\/uploads\/2019\/05\/tiketi-logo-696.png","width":696,"height":696,"caption":"Tiketi.com"},"image":{"@id":"https:\/\/tiketi.com\/#\/schema\/logo\/image\/"},"sameAs":["https:\/\/www.facebook.com\/TiketiCom\/"]}]}},"_links":{"self":[{"href":"https:\/\/tiketi.com\/fr-fr\/wp-json\/wp\/v2\/pages\/11262","targetHints":{"allow":["GET"]}}],"collection":[{"href":"https:\/\/tiketi.com\/fr-fr\/wp-json\/wp\/v2\/pages"}],"about":[{"href":"https:\/\/tiketi.com\/fr-fr\/wp-json\/wp\/v2\/types\/page"}],"author":[{"embeddable":true,"href":"https:\/\/tiketi.com\/fr-fr\/wp-json\/wp\/v2\/users\/1"}],"replies":[{"embeddable":true,"href":"https:\/\/tiketi.com\/fr-fr\/wp-json\/wp\/v2\/comments?post=11262"}],"version-history":[{"count":0,"href":"https:\/\/tiketi.com\/fr-fr\/wp-json\/wp\/v2\/pages\/11262\/revisions"}],"wp:featuredmedia":[{"embeddable":true,"href":"https:\/\/tiketi.com\/fr-fr\/wp-json\/wp\/v2\/media\/13999"}],"wp:attachment":[{"href":"https:\/\/tiketi.com\/fr-fr\/wp-json\/wp\/v2\/media?parent=11262"}],"curies":[{"name":"wp","href":"https:\/\/api.w.org\/{rel}","templated":true}]}}