{"id":11263,"date":"2022-01-19T12:54:25","date_gmt":"2022-01-19T11:54:25","guid":{"rendered":"https:\/\/new.tiketi.com\/taqwa-coach-online-booking-bus-tickets-reservation\/"},"modified":"2022-02-22T10:43:17","modified_gmt":"2022-02-22T09:43:17","slug":"taqwa-coach-buses","status":"publish","type":"page","link":"https:\/\/tiketi.com\/fr-fr\/taqwa-coach-buses\/","title":{"rendered":"Taqwa Coach R\u00e9servation en ligne, billets de bus, horaires et tarifs"},"content":{"rendered":"<h2>R\u00e9servation de billets de bus en ligne Taqwa Bus pas cher<\/h2>\n<h3>D\u00e9couvrez votre itin\u00e9raire de voyage sur le web, le mobile ou l&#039;application et r\u00e9servez en ligne d\u00e8s maintenant des billets de bus Taqwa pas chers.<\/h3>\n<p>La r\u00e9servation en ligne d&#039;autocars Taqwa en toute simplicit\u00e9. La compagnie de bus Taqwa est l&#039;un des grands op\u00e9rateurs internationaux d&#039;autocars bas\u00e9s en Tanzanie. Elle propose des services quotidiens de transfert de passagers de la Tanzanie vers d&#039;autres pays du centre et de l&#039;Afrique de l&#039;Est. Ils sont dans l&#039;industrie du transport depuis plus de vingt-cinq ans avec un meilleur statut aupr\u00e8s de leurs clients. Alors faites la r\u00e9servation de billets de bus en ligne pour le bus Taqwa maintenant!<\/p>\n<h2>FAQ sur la r\u00e9servation en ligne de Taqwa Coach<\/h2>\n<h3>Quels sont les horaires et les itin\u00e9raires couverts par les bus Taqwa ?<\/h3>\n<p>\u2022 Dar es Salam \u00e0 Bunjumbura<br \/>\n\u2022 Dar es Salam \u00e0 Lusaka<br \/>\n\u2022 Dar es Salam \u00e0 Lilongwe<br \/>\n\u2022 Dar es Salam \u00e0 Nairobi<br \/>\n\u2022 Dar es Salam \u00e0 Kiagli<br \/>\n\u2022 Dar es Salam \u00e0 Lubumbashi<br \/>\n\u2022 Dar es Salam \u00e0 Kampala<\/p>\n<h3>Ligne de flotte d&#039;autocars Taqwa<\/h3>\n<p>Ils exploitent toujours des mod\u00e8les de bus Nissan UD avec des carrosseries nationales assembl\u00e9es de producteurs kenyans, ils sont con\u00e7us suffisamment puissants pour s&#039;adapter aux longs trajets d&#039;un pays \u00e0 l&#039;autre.<\/p>\n<p>Vous appr\u00e9cierez pour toujours un voyage relaxant gr\u00e2ce \u00e0 leur flotte bien entretenue qui a un nouveau design int\u00e9rieur pour vous inqui\u00e9ter du stress des bosses de la route et de tout autre probl\u00e8me pendant que vous \u00eates en d\u00e9placement.<\/p>\n<p>Leur flotte est de classe semi-luxe selon LATRA qui est charg\u00e9e de r\u00e9glementer le transport terrestre en Tanzanie. Voici quelques sp\u00e9cifications accessibles sur leurs bus\u00a0:<\/p>\n<p>\u2022 Si\u00e8ges inclinables deux par deux<br \/>\n\u2022 Grand d\u00e9gagement pour les jambes<br \/>\n\u2022 Plusieurs t\u00e9l\u00e9viseurs minces<br \/>\n\u2022 Syst\u00e8me de charge pour votre ordinateur portable et vos t\u00e9l\u00e9phones<\/p>\n<h3>Quelles sont les coordonn\u00e9es des bus Taqwa ?<\/h3>\n<p>Taqwa coach co.Ltd<\/p>\n<p>Dar Es Salaam, Tanzanie<br \/>\nBo\u00eete postale : 19619, Dar Es Salaam, Tanzanie<\/p>\n<h2>Taqwa Bus Conseils de r\u00e9servation de billets de bus en ligne<\/h2>\n<p>La r\u00e9servation en ligne de Taqwa Bus Services est c\u00e9l\u00e8bre pour ces itin\u00e9raires vers le Rwanda, le Kenya, le Zimbabwe, la RDC Congo, l&#039;Ouganda et le Malawi. Ils fournissent un voyage bien planifi\u00e9 entre ces nations avec des bureaux dans toutes les grandes villes commerciales, ils ont \u00e9galement un voyage d&#039;agents de r\u00e9servation entre ces nations avec des bureaux dans toutes les grandes villes commerciales, ils ont \u00e9galement des agents de r\u00e9servation dans les villes o\u00f9 leurs bus \u00e9taient utilis\u00e9s pour s&#039;arr\u00eate pendant qu&#039;ils sont en tourn\u00e9e vers un lieu respectif.<\/p>","protected":false},"excerpt":{"rendered":"<p>Cheap Taqwa Bus Online Bus Ticket Booking Discover your travel route on web, mobile or app and book cheap Taqwa bus tickets online now. Taqwa coach online booking made easy.\u00a0Taqwa bus company is one among the big international Coach operator based in Tanzania, they are offering daily passenger transfer services from Tanzania to other center [&hellip;]<\/p>\n","protected":false},"author":1,"featured_media":13999,"parent":0,"menu_order":0,"comment_status":"open","ping_status":"closed","template":"template-home-modern.php","meta":{"footnotes":""},"class_list":["post-11263","page","type-page","status-publish","has-post-thumbnail","hentry"],"yoast_head":"<!-- This site is optimized with the Yoast SEO plugin v27.2 - https:\/\/yoast.com\/product\/yoast-seo-wordpress\/ -->\n<title>Taqwa Coach Online Booking, Bus Tickets, Schedule &amp; Fare<\/title>\n<meta name=\"description\" content=\"Looking for Taqwa Coach online booking, app, contacts, bus routes, fare and schedule?Make cheap Taqwa bus online bus ticket booking online now\" \/>\n<meta name=\"robots\" content=\"index, follow, max-snippet:-1, max-image-preview:large, max-video-preview:-1\" \/>\n<link rel=\"canonical\" href=\"https:\/\/tiketi.com\/fr-fr\/taqwa-coach-buses\/\" \/>\n<meta property=\"og:locale\" content=\"fr_FR\" \/>\n<meta property=\"og:type\" content=\"article\" \/>\n<meta property=\"og:title\" content=\"Taqwa Coach Online Booking, Bus Tickets, Schedule &amp; Fare\" \/>\n<meta property=\"og:description\" content=\"Looking for Taqwa Coach online booking, app, contacts, bus routes, fare and schedule?Make cheap Taqwa bus online bus ticket booking online now\" \/>\n<meta property=\"og:url\" content=\"https:\/\/tiketi.com\/fr-fr\/taqwa-coach-buses\/\" \/>\n<meta property=\"og:site_name\" content=\"Tiketi.com\" \/>\n<meta property=\"article:publisher\" content=\"https:\/\/www.facebook.com\/TiketiCom\/\" \/>\n<meta property=\"article:modified_time\" content=\"2022-02-22T09:43:17+00:00\" \/>\n<meta property=\"og:image\" content=\"https:\/\/tiketi.com\/wp-content\/uploads\/2022\/01\/bus-ticket-online-booking.jpg\" \/>\n\t<meta property=\"og:image:width\" content=\"1200\" \/>\n\t<meta property=\"og:image:height\" content=\"206\" \/>\n\t<meta property=\"og:image:type\" content=\"image\/jpeg\" \/>\n<meta name=\"twitter:card\" content=\"summary_large_image\" \/>\n<meta name=\"twitter:label1\" content=\"Dur\u00e9e de lecture estim\u00e9e\" \/>\n\t<meta name=\"twitter:data1\" content=\"2 minutes\" \/>\n<script type=\"application\/ld+json\" class=\"yoast-schema-graph\">{\"@context\":\"https:\/\/schema.org\",\"@graph\":[{\"@type\":\"WebPage\",\"@id\":\"https:\/\/tiketi.com\/taqwa-coach-buses\/\",\"url\":\"https:\/\/tiketi.com\/taqwa-coach-buses\/\",\"name\":\"Taqwa Coach Online Booking, Bus Tickets, Schedule & Fare\",\"isPartOf\":{\"@id\":\"https:\/\/tiketi.com\/#website\"},\"primaryImageOfPage\":{\"@id\":\"https:\/\/tiketi.com\/taqwa-coach-buses\/#primaryimage\"},\"image\":{\"@id\":\"https:\/\/tiketi.com\/taqwa-coach-buses\/#primaryimage\"},\"thumbnailUrl\":\"https:\/\/tiketi.com\/wp-content\/uploads\/2022\/01\/bus-ticket-online-booking.jpg\",\"datePublished\":\"2022-01-19T11:54:25+00:00\",\"dateModified\":\"2022-02-22T09:43:17+00:00\",\"description\":\"Looking for Taqwa Coach online booking, app, contacts, bus routes, fare and schedule?Make cheap Taqwa bus online bus ticket booking online now\",\"breadcrumb\":{\"@id\":\"https:\/\/tiketi.com\/taqwa-coach-buses\/#breadcrumb\"},\"inLanguage\":\"fr-FR\",\"potentialAction\":[{\"@type\":\"ReadAction\",\"target\":[\"https:\/\/tiketi.com\/taqwa-coach-buses\/\"]}]},{\"@type\":\"ImageObject\",\"inLanguage\":\"fr-FR\",\"@id\":\"https:\/\/tiketi.com\/taqwa-coach-buses\/#primaryimage\",\"url\":\"https:\/\/tiketi.com\/wp-content\/uploads\/2022\/01\/bus-ticket-online-booking.jpg\",\"contentUrl\":\"https:\/\/tiketi.com\/wp-content\/uploads\/2022\/01\/bus-ticket-online-booking.jpg\",\"width\":1200,\"height\":206,\"caption\":\"Online Bus Ticket Booking\"},{\"@type\":\"BreadcrumbList\",\"@id\":\"https:\/\/tiketi.com\/taqwa-coach-buses\/#breadcrumb\",\"itemListElement\":[{\"@type\":\"ListItem\",\"position\":1,\"name\":\"Home\",\"item\":\"https:\/\/tiketi.com\/\"},{\"@type\":\"ListItem\",\"position\":2,\"name\":\"Taqwa Coach Online Booking, Bus Tickets, Schedule &#038; Fare\"}]},{\"@type\":\"WebSite\",\"@id\":\"https:\/\/tiketi.com\/#website\",\"url\":\"https:\/\/tiketi.com\/\",\"name\":\"Flight & Bus Tickets, Tour Packages & Activitites - Tiketi.com\",\"description\":\"Flight &amp; Bus Tickets, Tours, Activitites\",\"publisher\":{\"@id\":\"https:\/\/tiketi.com\/#organization\"},\"potentialAction\":[{\"@type\":\"SearchAction\",\"target\":{\"@type\":\"EntryPoint\",\"urlTemplate\":\"https:\/\/tiketi.com\/?s={search_term_string}\"},\"query-input\":{\"@type\":\"PropertyValueSpecification\",\"valueRequired\":true,\"valueName\":\"search_term_string\"}}],\"inLanguage\":\"fr-FR\"},{\"@type\":\"Organization\",\"@id\":\"https:\/\/tiketi.com\/#organization\",\"name\":\"Tiketi.com\",\"alternateName\":\"Tiketi\",\"url\":\"https:\/\/tiketi.com\/\",\"logo\":{\"@type\":\"ImageObject\",\"inLanguage\":\"fr-FR\",\"@id\":\"https:\/\/tiketi.com\/#\/schema\/logo\/image\/\",\"url\":\"https:\/\/tiketi.com\/wp-content\/uploads\/2019\/05\/tiketi-logo-696.png\",\"contentUrl\":\"https:\/\/tiketi.com\/wp-content\/uploads\/2019\/05\/tiketi-logo-696.png\",\"width\":696,\"height\":696,\"caption\":\"Tiketi.com\"},\"image\":{\"@id\":\"https:\/\/tiketi.com\/#\/schema\/logo\/image\/\"},\"sameAs\":[\"https:\/\/www.facebook.com\/TiketiCom\/\"]}]}<\/script>\n<!-- \/ Yoast SEO plugin. -->","yoast_head_json":{"title":"Taqwa Coach R\u00e9servation en ligne, billets de bus, horaires et tarifs","description":"\u00c0 la recherche de la r\u00e9servation en ligne de Taqwa Coach, de l&#039;application, des contacts, des itin\u00e9raires de bus, des tarifs et des horaires ?","robots":{"index":"index","follow":"follow","max-snippet":"max-snippet:-1","max-image-preview":"max-image-preview:large","max-video-preview":"max-video-preview:-1"},"canonical":"https:\/\/tiketi.com\/fr-fr\/taqwa-coach-buses\/","og_locale":"fr_FR","og_type":"article","og_title":"Taqwa Coach Online Booking, Bus Tickets, Schedule & Fare","og_description":"Looking for Taqwa Coach online booking, app, contacts, bus routes, fare and schedule?Make cheap Taqwa bus online bus ticket booking online now","og_url":"https:\/\/tiketi.com\/fr-fr\/taqwa-coach-buses\/","og_site_name":"Tiketi.com","article_publisher":"https:\/\/www.facebook.com\/TiketiCom\/","article_modified_time":"2022-02-22T09:43:17+00:00","og_image":[{"width":1200,"height":206,"url":"https:\/\/tiketi.com\/wp-content\/uploads\/2022\/01\/bus-ticket-online-booking.jpg","type":"image\/jpeg"}],"twitter_card":"summary_large_image","twitter_misc":{"Dur\u00e9e de lecture estim\u00e9e":"2 minutes"},"schema":{"@context":"https:\/\/schema.org","@graph":[{"@type":"WebPage","@id":"https:\/\/tiketi.com\/taqwa-coach-buses\/","url":"https:\/\/tiketi.com\/taqwa-coach-buses\/","name":"Taqwa Coach R\u00e9servation en ligne, billets de bus, horaires et tarifs","isPartOf":{"@id":"https:\/\/tiketi.com\/#website"},"primaryImageOfPage":{"@id":"https:\/\/tiketi.com\/taqwa-coach-buses\/#primaryimage"},"image":{"@id":"https:\/\/tiketi.com\/taqwa-coach-buses\/#primaryimage"},"thumbnailUrl":"https:\/\/tiketi.com\/wp-content\/uploads\/2022\/01\/bus-ticket-online-booking.jpg","datePublished":"2022-01-19T11:54:25+00:00","dateModified":"2022-02-22T09:43:17+00:00","description":"\u00c0 la recherche de la r\u00e9servation en ligne de Taqwa Coach, de l&#039;application, des contacts, des itin\u00e9raires de bus, des tarifs et des horaires ?","breadcrumb":{"@id":"https:\/\/tiketi.com\/taqwa-coach-buses\/#breadcrumb"},"inLanguage":"fr-FR","potentialAction":[{"@type":"ReadAction","target":["https:\/\/tiketi.com\/taqwa-coach-buses\/"]}]},{"@type":"ImageObject","inLanguage":"fr-FR","@id":"https:\/\/tiketi.com\/taqwa-coach-buses\/#primaryimage","url":"https:\/\/tiketi.com\/wp-content\/uploads\/2022\/01\/bus-ticket-online-booking.jpg","contentUrl":"https:\/\/tiketi.com\/wp-content\/uploads\/2022\/01\/bus-ticket-online-booking.jpg","width":1200,"height":206,"caption":"Online Bus Ticket Booking"},{"@type":"BreadcrumbList","@id":"https:\/\/tiketi.com\/taqwa-coach-buses\/#breadcrumb","itemListElement":[{"@type":"ListItem","position":1,"name":"Home","item":"https:\/\/tiketi.com\/"},{"@type":"ListItem","position":2,"name":"Taqwa Coach Online Booking, Bus Tickets, Schedule &#038; Fare"}]},{"@type":"WebSite","@id":"https:\/\/tiketi.com\/#website","url":"https:\/\/tiketi.com\/","name":"Billets d&#039;avion et de bus, forfaits touristiques et activit\u00e9s - Tiketi.com","description":"Billets d&#039;avion et de bus, Tours, Activit\u00e9s","publisher":{"@id":"https:\/\/tiketi.com\/#organization"},"potentialAction":[{"@type":"SearchAction","target":{"@type":"EntryPoint","urlTemplate":"https:\/\/tiketi.com\/?s={search_term_string}"},"query-input":{"@type":"PropertyValueSpecification","valueRequired":true,"valueName":"search_term_string"}}],"inLanguage":"fr-FR"},{"@type":"Organization","@id":"https:\/\/tiketi.com\/#organization","name":"Tiketi.com","alternateName":"Tiketi","url":"https:\/\/tiketi.com\/","logo":{"@type":"ImageObject","inLanguage":"fr-FR","@id":"https:\/\/tiketi.com\/#\/schema\/logo\/image\/","url":"https:\/\/tiketi.com\/wp-content\/uploads\/2019\/05\/tiketi-logo-696.png","contentUrl":"https:\/\/tiketi.com\/wp-content\/uploads\/2019\/05\/tiketi-logo-696.png","width":696,"height":696,"caption":"Tiketi.com"},"image":{"@id":"https:\/\/tiketi.com\/#\/schema\/logo\/image\/"},"sameAs":["https:\/\/www.facebook.com\/TiketiCom\/"]}]}},"_links":{"self":[{"href":"https:\/\/tiketi.com\/fr-fr\/wp-json\/wp\/v2\/pages\/11263","targetHints":{"allow":["GET"]}}],"collection":[{"href":"https:\/\/tiketi.com\/fr-fr\/wp-json\/wp\/v2\/pages"}],"about":[{"href":"https:\/\/tiketi.com\/fr-fr\/wp-json\/wp\/v2\/types\/page"}],"author":[{"embeddable":true,"href":"https:\/\/tiketi.com\/fr-fr\/wp-json\/wp\/v2\/users\/1"}],"replies":[{"embeddable":true,"href":"https:\/\/tiketi.com\/fr-fr\/wp-json\/wp\/v2\/comments?post=11263"}],"version-history":[{"count":0,"href":"https:\/\/tiketi.com\/fr-fr\/wp-json\/wp\/v2\/pages\/11263\/revisions"}],"wp:featuredmedia":[{"embeddable":true,"href":"https:\/\/tiketi.com\/fr-fr\/wp-json\/wp\/v2\/media\/13999"}],"wp:attachment":[{"href":"https:\/\/tiketi.com\/fr-fr\/wp-json\/wp\/v2\/media?parent=11263"}],"curies":[{"name":"wp","href":"https:\/\/api.w.org\/{rel}","templated":true}]}}