{"id":11264,"date":"2022-01-19T12:54:25","date_gmt":"2022-01-19T11:54:25","guid":{"rendered":"https:\/\/new.tiketi.com\/imani-plus-bus-online-booking-bus-tickets-reservation\/"},"modified":"2022-08-22T09:30:48","modified_gmt":"2022-08-22T08:30:48","slug":"imani-plus-buses","status":"publish","type":"page","link":"https:\/\/tiketi.com\/fr-fr\/imani-plus-buses\/","title":{"rendered":"R\u00e9servation en ligne de bus Imani Plus, billets de bus, itin\u00e9raire, horaires et tarifs"},"content":{"rendered":"<h2>Imani Plus Bus R\u00e9servation de billets de bus en ligne<\/h2>\n<h3>D\u00e9couvrez votre itin\u00e9raire de voyage sur le web, le mobile ou l&#039;application et r\u00e9servez d\u00e8s maintenant en ligne des billets de bus Imani Plus pas chers.<\/h3>\n<p>La r\u00e9servation en ligne de bus Imani Plus en toute simplicit\u00e9. Imani Plus est une compagnie de bus enregistr\u00e9e en Tanzanie qui assure le transfert quotidien des passagers interurbains entre la ville de Dar es Salaam et la ville de Mbeya dans la zone des hautes terres du sud. La soci\u00e9t\u00e9 a introduit ses voyages longue distance au d\u00e9but de 2019 avec des machines chinoises. Il en va de m\u00eame pour la r\u00e9servation de billets de bus en ligne Imani Plus bus maintenant!<\/p>\n<h2>FAQ sur la r\u00e9servation en ligne du bus Imani Plus<\/h2>\n<h3>Quels sont les horaires et les itin\u00e9raires couverts par les bus Imani Plus ?<\/h3>\n<p>\u2022 Mbeya \u00e0 Dar es Salam<br \/>\n\u2022 Dar es Salam \u00e0 Mbeya<\/p>\n<h3>Ligne de flotte de bus Imani Plus<\/h3>\n<p>L&#039;entreprise a apport\u00e9 de toutes nouvelles machines des producteurs de bus chinois, ils ont et exploitent un mod\u00e8le de bus asiatique star qui est nouveau et bien personnalis\u00e9 pour offrir aux voyageurs un voyage relaxant et s\u00fbr.<\/p>\n<p>Leurs bus sont bien g\u00e9r\u00e9s par une \u00e9quipe d&#039;ouvriers experts pour garder leur flotte pour leurs d\u00e9placements quotidiens. Ils ont des chauffeurs experts, des h\u00f4tes\/h\u00f4tesses \u00e0 bord et des employ\u00e9s de bureau qui sont pr\u00eats \u00e0 tout moment \u00e0 vous \u00e9couter et \u00e0 vous soutenir.<\/p>\n<p>La flotte Imani Plus est con\u00e7ue et fabriqu\u00e9e pour un voyage de luxe et vous laisse un esprit m\u00e9morable lors de vos visites. Voici quelques-unes des sp\u00e9cifications accessibles sur leurs bus\u00a0:<\/p>\n<p>\u2022 Port de chargement USB sur chaque si\u00e8ge<br \/>\n\u2022 Si\u00e8ges inclinables deux par deux avec suffisamment d&#039;espace pour les jambes<br \/>\n\u2022 Services Wi-Fi gratuits \u00e0 bord<br \/>\n\u2022 Sept t\u00e9l\u00e9viseurs de chaque c\u00f4t\u00e9 du bus<br \/>\n\u2022 Des boissons non alcoolis\u00e9es gratuites sont fournies<br \/>\n\u2022 Bon et nouveau syst\u00e8me de sonorisation pour l&#039;\u00e9coute<br \/>\n\u2022   Climatisation<\/p>\n<h3>Quelles sont les coordonn\u00e9es des bus Imani Plus ?<\/h3>\n<p>Dar es Salaam, Tanzanie<\/p>\n<h2>Imani Plus Bus Conseils de r\u00e9servation de billets de bus en ligne<\/h2>\n<p>Bien qu&#039;ils soient relativement frais sur la route de Mbeya \u00e0 Dar es Salaam et offrent la r\u00e9servation en ligne Imani Plus, l&#039;entreprise est c\u00e9l\u00e8bre par les voyageurs du sud des Highlands. Ils sont dans l&#039;industrie du transport depuis plus de cinq ans et desservent la ville de Mbeya avec ses villes voisines. L&#039;entreprise est \u00e9galement connue sous le nom de voyage Imani pour ses bus locaux qui ne jouent que dans le sud des Highlands.<\/p>\n<p>Imani Plus fournit \u00e9galement des services de transport de colis entre les deux villes et d&#039;autres villes interm\u00e9diaires. Ils facturent des prix \u00e9quitables \u00e0 tous les types de colis.<\/p>","protected":false},"excerpt":{"rendered":"<p>Imani Plus Bus Online Bus Ticket Booking Discover your travel route on web, mobile or app and book cheap Imani Plus bus tickets online now. Imani Plus bus\u00a0online booking made easy.\u00a0Imani Plus Is a Tanzani&#8217;s registered bus company which provide daily intercity passengers transfer between the Dar es salaam city and Mbeya City in the [&hellip;]<\/p>\n","protected":false},"author":1,"featured_media":13999,"parent":0,"menu_order":0,"comment_status":"open","ping_status":"closed","template":"template-home-modern.php","meta":{"footnotes":""},"class_list":["post-11264","page","type-page","status-publish","has-post-thumbnail","hentry"],"yoast_head":"<!-- This site is optimized with the Yoast SEO plugin v27.2 - https:\/\/yoast.com\/product\/yoast-seo-wordpress\/ -->\n<title>Imani Plus Bus Online Booking, Bus Tickets, Route, Schedule &amp; Fare<\/title>\n<meta name=\"description\" content=\"Looking for Imani Plus bus online booking, app, tickets, route, schedule &amp; fare? Make a cheap Make a Imani Plus bus online bus ticket booking online now\" \/>\n<meta name=\"robots\" content=\"index, follow, max-snippet:-1, max-image-preview:large, max-video-preview:-1\" \/>\n<link rel=\"canonical\" href=\"https:\/\/tiketi.com\/fr-fr\/imani-plus-buses\/\" \/>\n<meta property=\"og:locale\" content=\"fr_FR\" \/>\n<meta property=\"og:type\" content=\"article\" \/>\n<meta property=\"og:title\" content=\"Imani Plus Bus Online Booking, Bus Tickets, Route, Schedule &amp; Fare\" \/>\n<meta property=\"og:description\" content=\"Looking for Imani Plus bus online booking, app, tickets, route, schedule &amp; fare? Make a cheap Make a Imani Plus bus online bus ticket booking online now\" \/>\n<meta property=\"og:url\" content=\"https:\/\/tiketi.com\/fr-fr\/imani-plus-buses\/\" \/>\n<meta property=\"og:site_name\" content=\"Tiketi.com\" \/>\n<meta property=\"article:publisher\" content=\"https:\/\/www.facebook.com\/TiketiCom\/\" \/>\n<meta property=\"article:modified_time\" content=\"2022-08-22T08:30:48+00:00\" \/>\n<meta property=\"og:image\" content=\"https:\/\/tiketi.com\/wp-content\/uploads\/2022\/01\/bus-ticket-online-booking.jpg\" \/>\n\t<meta property=\"og:image:width\" content=\"1200\" \/>\n\t<meta property=\"og:image:height\" content=\"206\" \/>\n\t<meta property=\"og:image:type\" content=\"image\/jpeg\" \/>\n<meta name=\"twitter:card\" content=\"summary_large_image\" \/>\n<meta name=\"twitter:label1\" content=\"Dur\u00e9e de lecture estim\u00e9e\" \/>\n\t<meta name=\"twitter:data1\" content=\"2 minutes\" \/>\n<script type=\"application\/ld+json\" class=\"yoast-schema-graph\">{\"@context\":\"https:\/\/schema.org\",\"@graph\":[{\"@type\":\"WebPage\",\"@id\":\"https:\/\/tiketi.com\/imani-plus-buses\/\",\"url\":\"https:\/\/tiketi.com\/imani-plus-buses\/\",\"name\":\"Imani Plus Bus Online Booking, Bus Tickets, Route, Schedule & Fare\",\"isPartOf\":{\"@id\":\"https:\/\/tiketi.com\/#website\"},\"primaryImageOfPage\":{\"@id\":\"https:\/\/tiketi.com\/imani-plus-buses\/#primaryimage\"},\"image\":{\"@id\":\"https:\/\/tiketi.com\/imani-plus-buses\/#primaryimage\"},\"thumbnailUrl\":\"https:\/\/tiketi.com\/wp-content\/uploads\/2022\/01\/bus-ticket-online-booking.jpg\",\"datePublished\":\"2022-01-19T11:54:25+00:00\",\"dateModified\":\"2022-08-22T08:30:48+00:00\",\"description\":\"Looking for Imani Plus bus online booking, app, tickets, route, schedule & fare? Make a cheap Make a Imani Plus bus online bus ticket booking online now\",\"breadcrumb\":{\"@id\":\"https:\/\/tiketi.com\/imani-plus-buses\/#breadcrumb\"},\"inLanguage\":\"fr-FR\",\"potentialAction\":[{\"@type\":\"ReadAction\",\"target\":[\"https:\/\/tiketi.com\/imani-plus-buses\/\"]}]},{\"@type\":\"ImageObject\",\"inLanguage\":\"fr-FR\",\"@id\":\"https:\/\/tiketi.com\/imani-plus-buses\/#primaryimage\",\"url\":\"https:\/\/tiketi.com\/wp-content\/uploads\/2022\/01\/bus-ticket-online-booking.jpg\",\"contentUrl\":\"https:\/\/tiketi.com\/wp-content\/uploads\/2022\/01\/bus-ticket-online-booking.jpg\",\"width\":1200,\"height\":206,\"caption\":\"Online Bus Ticket Booking\"},{\"@type\":\"BreadcrumbList\",\"@id\":\"https:\/\/tiketi.com\/imani-plus-buses\/#breadcrumb\",\"itemListElement\":[{\"@type\":\"ListItem\",\"position\":1,\"name\":\"Home\",\"item\":\"https:\/\/tiketi.com\/\"},{\"@type\":\"ListItem\",\"position\":2,\"name\":\"Imani Plus Bus Online Booking, Bus Tickets, Route, Schedule &#038; Fare\"}]},{\"@type\":\"WebSite\",\"@id\":\"https:\/\/tiketi.com\/#website\",\"url\":\"https:\/\/tiketi.com\/\",\"name\":\"Flight & Bus Tickets, Tour Packages & Activitites - Tiketi.com\",\"description\":\"Flight &amp; Bus Tickets, Tours, Activitites\",\"publisher\":{\"@id\":\"https:\/\/tiketi.com\/#organization\"},\"potentialAction\":[{\"@type\":\"SearchAction\",\"target\":{\"@type\":\"EntryPoint\",\"urlTemplate\":\"https:\/\/tiketi.com\/?s={search_term_string}\"},\"query-input\":{\"@type\":\"PropertyValueSpecification\",\"valueRequired\":true,\"valueName\":\"search_term_string\"}}],\"inLanguage\":\"fr-FR\"},{\"@type\":\"Organization\",\"@id\":\"https:\/\/tiketi.com\/#organization\",\"name\":\"Tiketi.com\",\"alternateName\":\"Tiketi\",\"url\":\"https:\/\/tiketi.com\/\",\"logo\":{\"@type\":\"ImageObject\",\"inLanguage\":\"fr-FR\",\"@id\":\"https:\/\/tiketi.com\/#\/schema\/logo\/image\/\",\"url\":\"https:\/\/tiketi.com\/wp-content\/uploads\/2019\/05\/tiketi-logo-696.png\",\"contentUrl\":\"https:\/\/tiketi.com\/wp-content\/uploads\/2019\/05\/tiketi-logo-696.png\",\"width\":696,\"height\":696,\"caption\":\"Tiketi.com\"},\"image\":{\"@id\":\"https:\/\/tiketi.com\/#\/schema\/logo\/image\/\"},\"sameAs\":[\"https:\/\/www.facebook.com\/TiketiCom\/\"]}]}<\/script>\n<!-- \/ Yoast SEO plugin. -->","yoast_head_json":{"title":"R\u00e9servation en ligne de bus Imani Plus, billets de bus, itin\u00e9raire, horaires et tarifs","description":"Vous recherchez une r\u00e9servation en ligne de bus Imani Plus, une application, des billets, un itin\u00e9raire, un horaire et un tarif\u00a0? Faites une r\u00e9servation en ligne de billets de bus en ligne pas chers Faire un bus Imani Plus en ligne maintenant","robots":{"index":"index","follow":"follow","max-snippet":"max-snippet:-1","max-image-preview":"max-image-preview:large","max-video-preview":"max-video-preview:-1"},"canonical":"https:\/\/tiketi.com\/fr-fr\/imani-plus-buses\/","og_locale":"fr_FR","og_type":"article","og_title":"Imani Plus Bus Online Booking, Bus Tickets, Route, Schedule & Fare","og_description":"Looking for Imani Plus bus online booking, app, tickets, route, schedule & fare? Make a cheap Make a Imani Plus bus online bus ticket booking online now","og_url":"https:\/\/tiketi.com\/fr-fr\/imani-plus-buses\/","og_site_name":"Tiketi.com","article_publisher":"https:\/\/www.facebook.com\/TiketiCom\/","article_modified_time":"2022-08-22T08:30:48+00:00","og_image":[{"width":1200,"height":206,"url":"https:\/\/tiketi.com\/wp-content\/uploads\/2022\/01\/bus-ticket-online-booking.jpg","type":"image\/jpeg"}],"twitter_card":"summary_large_image","twitter_misc":{"Dur\u00e9e de lecture estim\u00e9e":"2 minutes"},"schema":{"@context":"https:\/\/schema.org","@graph":[{"@type":"WebPage","@id":"https:\/\/tiketi.com\/imani-plus-buses\/","url":"https:\/\/tiketi.com\/imani-plus-buses\/","name":"R\u00e9servation en ligne de bus Imani Plus, billets de bus, itin\u00e9raire, horaires et tarifs","isPartOf":{"@id":"https:\/\/tiketi.com\/#website"},"primaryImageOfPage":{"@id":"https:\/\/tiketi.com\/imani-plus-buses\/#primaryimage"},"image":{"@id":"https:\/\/tiketi.com\/imani-plus-buses\/#primaryimage"},"thumbnailUrl":"https:\/\/tiketi.com\/wp-content\/uploads\/2022\/01\/bus-ticket-online-booking.jpg","datePublished":"2022-01-19T11:54:25+00:00","dateModified":"2022-08-22T08:30:48+00:00","description":"Vous recherchez une r\u00e9servation en ligne de bus Imani Plus, une application, des billets, un itin\u00e9raire, un horaire et un tarif\u00a0? Faites une r\u00e9servation en ligne de billets de bus en ligne pas chers Faire un bus Imani Plus en ligne maintenant","breadcrumb":{"@id":"https:\/\/tiketi.com\/imani-plus-buses\/#breadcrumb"},"inLanguage":"fr-FR","potentialAction":[{"@type":"ReadAction","target":["https:\/\/tiketi.com\/imani-plus-buses\/"]}]},{"@type":"ImageObject","inLanguage":"fr-FR","@id":"https:\/\/tiketi.com\/imani-plus-buses\/#primaryimage","url":"https:\/\/tiketi.com\/wp-content\/uploads\/2022\/01\/bus-ticket-online-booking.jpg","contentUrl":"https:\/\/tiketi.com\/wp-content\/uploads\/2022\/01\/bus-ticket-online-booking.jpg","width":1200,"height":206,"caption":"Online Bus Ticket Booking"},{"@type":"BreadcrumbList","@id":"https:\/\/tiketi.com\/imani-plus-buses\/#breadcrumb","itemListElement":[{"@type":"ListItem","position":1,"name":"Home","item":"https:\/\/tiketi.com\/"},{"@type":"ListItem","position":2,"name":"Imani Plus Bus Online Booking, Bus Tickets, Route, Schedule &#038; Fare"}]},{"@type":"WebSite","@id":"https:\/\/tiketi.com\/#website","url":"https:\/\/tiketi.com\/","name":"Billets d&#039;avion et de bus, forfaits touristiques et activit\u00e9s - Tiketi.com","description":"Billets d&#039;avion et de bus, Tours, Activit\u00e9s","publisher":{"@id":"https:\/\/tiketi.com\/#organization"},"potentialAction":[{"@type":"SearchAction","target":{"@type":"EntryPoint","urlTemplate":"https:\/\/tiketi.com\/?s={search_term_string}"},"query-input":{"@type":"PropertyValueSpecification","valueRequired":true,"valueName":"search_term_string"}}],"inLanguage":"fr-FR"},{"@type":"Organization","@id":"https:\/\/tiketi.com\/#organization","name":"Tiketi.com","alternateName":"Tiketi","url":"https:\/\/tiketi.com\/","logo":{"@type":"ImageObject","inLanguage":"fr-FR","@id":"https:\/\/tiketi.com\/#\/schema\/logo\/image\/","url":"https:\/\/tiketi.com\/wp-content\/uploads\/2019\/05\/tiketi-logo-696.png","contentUrl":"https:\/\/tiketi.com\/wp-content\/uploads\/2019\/05\/tiketi-logo-696.png","width":696,"height":696,"caption":"Tiketi.com"},"image":{"@id":"https:\/\/tiketi.com\/#\/schema\/logo\/image\/"},"sameAs":["https:\/\/www.facebook.com\/TiketiCom\/"]}]}},"_links":{"self":[{"href":"https:\/\/tiketi.com\/fr-fr\/wp-json\/wp\/v2\/pages\/11264","targetHints":{"allow":["GET"]}}],"collection":[{"href":"https:\/\/tiketi.com\/fr-fr\/wp-json\/wp\/v2\/pages"}],"about":[{"href":"https:\/\/tiketi.com\/fr-fr\/wp-json\/wp\/v2\/types\/page"}],"author":[{"embeddable":true,"href":"https:\/\/tiketi.com\/fr-fr\/wp-json\/wp\/v2\/users\/1"}],"replies":[{"embeddable":true,"href":"https:\/\/tiketi.com\/fr-fr\/wp-json\/wp\/v2\/comments?post=11264"}],"version-history":[{"count":0,"href":"https:\/\/tiketi.com\/fr-fr\/wp-json\/wp\/v2\/pages\/11264\/revisions"}],"wp:featuredmedia":[{"embeddable":true,"href":"https:\/\/tiketi.com\/fr-fr\/wp-json\/wp\/v2\/media\/13999"}],"wp:attachment":[{"href":"https:\/\/tiketi.com\/fr-fr\/wp-json\/wp\/v2\/media?parent=11264"}],"curies":[{"name":"wp","href":"https:\/\/api.w.org\/{rel}","templated":true}]}}