{"id":11265,"date":"2022-01-19T12:54:25","date_gmt":"2022-01-19T11:54:25","guid":{"rendered":"https:\/\/new.tiketi.com\/jmc-express-online-booking-bus-tickets-reservation\/"},"modified":"2022-02-16T10:56:30","modified_gmt":"2022-02-16T09:56:30","slug":"jmc-express-buses","status":"publish","type":"page","link":"https:\/\/tiketi.com\/fr-fr\/jmc-express-buses\/","title":{"rendered":"R\u00e9servation en ligne JMC Express, billets de bus, itin\u00e9raire, horaires et tarifs"},"content":{"rendered":"<h2>R\u00e9servation de billets d&#039;autobus JMC Express en ligne<\/h2>\n<h3>D\u00e9couvrez votre itin\u00e9raire de voyage sur le web, le mobile ou l&#039;application et r\u00e9servez d\u00e8s maintenant des billets de bus JMC Express pas chers en ligne.<\/h3>\n<p>La r\u00e9servation en ligne JMC Express simplifi\u00e9e. Le service de bus JMC Express est l&#039;un des meilleurs services de bus en Tanzanie. Form\u00e9 en 2007, ils offrent depuis \u00e0 leurs passagers des services de transport entre Dar es Salaam et d&#039;autres villes urbaines de Tanzanie via des billets de bus JMC Express Bus. Leurs bus sont con\u00e7us pour que leurs passagers se sentent d\u00e9tendus et profitent de leur voyage avec des sp\u00e9cifications uniques pour le confort. Alors faites la r\u00e9servation de billets de bus en ligne JMC Express maintenant!<\/p>\n<h2>FAQ sur la r\u00e9servation en ligne JMC Express<\/h2>\n<h3>Quels sont les tarifs et trajets couverts par les bus JMC Express ?<\/h3>\n<p>\u2022 Dar es Salaam \u00e0 Manyoni Tsh 33 000<br \/>\n\u2022 Dar es Salaam \u00e0 Dodoma Tsh 33 000<br \/>\n\u2022 Dar es Salaam \u00e0 Singida Tsh 33 000<\/p>\n<h3>Flotte de bus JMC Express<\/h3>\n<p>Leur route de Dar es Salaam \u00e0 Singida a commenc\u00e9 d\u00e9but 2016 avec une flotte du fabricant de bus chinois Golden Dragon. Ils ont une flotte de luxe et moderne qui apporte des comp\u00e9titions difficiles \u00e0 leur g\u00e9ant rival ABC classe sup\u00e9rieure.<\/p>\n<p>Leurs bus sont con\u00e7us pour que leurs passagers se sentent d\u00e9tendus et profitent de leur visite chaque fois qu&#039;ils voyagent avec le bus JMC. Vous profiterez des caract\u00e9ristiques et services suivants pendant que vous \u00eates \u00e0 bord\u00a0:<\/p>\n<p>\u2022 Services Wi-Fi gratuits<br \/>\n\u2022 Si\u00e8ges de renettoyage deux par deux<br \/>\n\u2022 Services de climatisation tout au long du parcours<br \/>\n\u2022 Charges du port USB<br \/>\n\u2022   Boissons non alcoolis\u00e9es<br \/>\n\u2022 Services de t\u00e9l\u00e9vision<br \/>\n\u2022 Collations et au revoir<\/p>\n<h3>Y a-t-il des compartiments pour les bagages dans ces bus ?<\/h3>\n<p>Oui, de nombreux bus express ont des zones pour les bagages de leurs passagers. Il est de toute fa\u00e7on pr\u00e9f\u00e9rable de garder les objets de valeur pr\u00e8s de vous.<\/p>\n<h3>Quel type de bus fait le plus d&#039;arr\u00eats<\/h3>\n<p>Les bus standard font beaucoup plus d&#039;arr\u00eats que les bus express, ce qui peut amener les passagers \u00e0 passer beaucoup de temps sur la route que pr\u00e9vu.<\/p>\n<p>Quelles sont les coordonn\u00e9es des bus MC Express ?<\/p>\n<p>POBox 42051, Dar es Salaam, Tanzanie<\/p>\n<h2>Conseils de r\u00e9servation de billets d&#039;autobus en ligne JMC Express<\/h2>\n<p>Outre le service de transport, ils assurent \u00e9galement des services de messagerie et des services postaux internationaux. Les bus circulent \u00e0 partir de 9h00 sur toutes les routes principalement \u00e0 Dar es Salaam. Les services couvrent cinq grands endroits en Tanzanie\u00a0; Ville de Dar es Salaam, Singida, Dodoma, Morogoro et Manyoni. Ils disposent \u00e9galement d&#039;une flotte du fabricant de bus Golden Dragon de Chine et proposent la r\u00e9servation en ligne de MC Express Bus. Ils ont une flotte luxueuse et moderne.<\/p>","protected":false},"excerpt":{"rendered":"<p>JMC Express Online Bus Ticket Booking Discover your travel route on web, mobile or app and book cheap JMC Express bus&nbsp;tickets online now. JMC Express&nbsp;online booking made easy.&nbsp;JMC Express bus service is one of the top bus services in Tanzania. Formed in 2007, they have ever since offered their passenger with transportation services between Dar [&hellip;]<\/p>\n","protected":false},"author":1,"featured_media":13999,"parent":0,"menu_order":0,"comment_status":"open","ping_status":"closed","template":"template-home-modern.php","meta":{"footnotes":""},"class_list":["post-11265","page","type-page","status-publish","has-post-thumbnail","hentry"],"yoast_head":"<!-- This site is optimized with the Yoast SEO plugin v27.3 - https:\/\/yoast.com\/product\/yoast-seo-wordpress\/ -->\n<title>JMC Express Online Booking, Bus Tickets, Route, Schedule &amp; Fare<\/title>\n<meta name=\"description\" content=\"Looking for JMC Express online booking? Make a JMC Express online bus ticket booking online now and save time and money\" \/>\n<meta name=\"robots\" content=\"index, follow, max-snippet:-1, max-image-preview:large, max-video-preview:-1\" \/>\n<link rel=\"canonical\" href=\"https:\/\/tiketi.com\/fr-fr\/jmc-express-buses\/\" \/>\n<meta property=\"og:locale\" content=\"fr_FR\" \/>\n<meta property=\"og:type\" content=\"article\" \/>\n<meta property=\"og:title\" content=\"JMC Express Online Booking, Bus Tickets, Route, Schedule &amp; Fare\" \/>\n<meta property=\"og:description\" content=\"Looking for JMC Express online booking? Make a JMC Express online bus ticket booking online now and save time and money\" \/>\n<meta property=\"og:url\" content=\"https:\/\/tiketi.com\/fr-fr\/jmc-express-buses\/\" \/>\n<meta property=\"og:site_name\" content=\"Tiketi.com\" \/>\n<meta property=\"article:publisher\" content=\"https:\/\/www.facebook.com\/TiketiCom\/\" \/>\n<meta property=\"article:modified_time\" content=\"2022-02-16T09:56:30+00:00\" \/>\n<meta property=\"og:image\" content=\"https:\/\/tiketi.com\/wp-content\/uploads\/2022\/01\/bus-ticket-online-booking.jpg\" \/>\n\t<meta property=\"og:image:width\" content=\"1200\" \/>\n\t<meta property=\"og:image:height\" content=\"206\" \/>\n\t<meta property=\"og:image:type\" content=\"image\/jpeg\" \/>\n<meta name=\"twitter:card\" content=\"summary_large_image\" \/>\n<meta name=\"twitter:label1\" content=\"Dur\u00e9e de lecture estim\u00e9e\" \/>\n\t<meta name=\"twitter:data1\" content=\"2 minutes\" \/>\n<script type=\"application\/ld+json\" class=\"yoast-schema-graph\">{\"@context\":\"https:\\\/\\\/schema.org\",\"@graph\":[{\"@type\":\"WebPage\",\"@id\":\"https:\\\/\\\/tiketi.com\\\/jmc-express-buses\\\/\",\"url\":\"https:\\\/\\\/tiketi.com\\\/jmc-express-buses\\\/\",\"name\":\"JMC Express Online Booking, Bus Tickets, Route, Schedule & Fare\",\"isPartOf\":{\"@id\":\"https:\\\/\\\/tiketi.com\\\/#website\"},\"primaryImageOfPage\":{\"@id\":\"https:\\\/\\\/tiketi.com\\\/jmc-express-buses\\\/#primaryimage\"},\"image\":{\"@id\":\"https:\\\/\\\/tiketi.com\\\/jmc-express-buses\\\/#primaryimage\"},\"thumbnailUrl\":\"https:\\\/\\\/tiketi.com\\\/wp-content\\\/uploads\\\/2022\\\/01\\\/bus-ticket-online-booking.jpg\",\"datePublished\":\"2022-01-19T11:54:25+00:00\",\"dateModified\":\"2022-02-16T09:56:30+00:00\",\"description\":\"Looking for JMC Express online booking? Make a JMC Express online bus ticket booking online now and save time and money\",\"breadcrumb\":{\"@id\":\"https:\\\/\\\/tiketi.com\\\/jmc-express-buses\\\/#breadcrumb\"},\"inLanguage\":\"fr-FR\",\"potentialAction\":[{\"@type\":\"ReadAction\",\"target\":[\"https:\\\/\\\/tiketi.com\\\/jmc-express-buses\\\/\"]}]},{\"@type\":\"ImageObject\",\"inLanguage\":\"fr-FR\",\"@id\":\"https:\\\/\\\/tiketi.com\\\/jmc-express-buses\\\/#primaryimage\",\"url\":\"https:\\\/\\\/tiketi.com\\\/wp-content\\\/uploads\\\/2022\\\/01\\\/bus-ticket-online-booking.jpg\",\"contentUrl\":\"https:\\\/\\\/tiketi.com\\\/wp-content\\\/uploads\\\/2022\\\/01\\\/bus-ticket-online-booking.jpg\",\"width\":1200,\"height\":206,\"caption\":\"Online Bus Ticket Booking\"},{\"@type\":\"BreadcrumbList\",\"@id\":\"https:\\\/\\\/tiketi.com\\\/jmc-express-buses\\\/#breadcrumb\",\"itemListElement\":[{\"@type\":\"ListItem\",\"position\":1,\"name\":\"Home\",\"item\":\"https:\\\/\\\/tiketi.com\\\/\"},{\"@type\":\"ListItem\",\"position\":2,\"name\":\"JMC Express Online Booking, Bus Tickets, Route, Schedule &#038; Fare\"}]},{\"@type\":\"WebSite\",\"@id\":\"https:\\\/\\\/tiketi.com\\\/#website\",\"url\":\"https:\\\/\\\/tiketi.com\\\/\",\"name\":\"Flight & Bus Tickets, Tour Packages & Activitites - Tiketi.com\",\"description\":\"Flight &amp; Bus Tickets, Tours, Activitites\",\"publisher\":{\"@id\":\"https:\\\/\\\/tiketi.com\\\/#organization\"},\"potentialAction\":[{\"@type\":\"SearchAction\",\"target\":{\"@type\":\"EntryPoint\",\"urlTemplate\":\"https:\\\/\\\/tiketi.com\\\/?s={search_term_string}\"},\"query-input\":{\"@type\":\"PropertyValueSpecification\",\"valueRequired\":true,\"valueName\":\"search_term_string\"}}],\"inLanguage\":\"fr-FR\"},{\"@type\":\"Organization\",\"@id\":\"https:\\\/\\\/tiketi.com\\\/#organization\",\"name\":\"Tiketi.com\",\"alternateName\":\"Tiketi\",\"url\":\"https:\\\/\\\/tiketi.com\\\/\",\"logo\":{\"@type\":\"ImageObject\",\"inLanguage\":\"fr-FR\",\"@id\":\"https:\\\/\\\/tiketi.com\\\/#\\\/schema\\\/logo\\\/image\\\/\",\"url\":\"https:\\\/\\\/tiketi.com\\\/wp-content\\\/uploads\\\/2019\\\/05\\\/tiketi-logo-696.png\",\"contentUrl\":\"https:\\\/\\\/tiketi.com\\\/wp-content\\\/uploads\\\/2019\\\/05\\\/tiketi-logo-696.png\",\"width\":696,\"height\":696,\"caption\":\"Tiketi.com\"},\"image\":{\"@id\":\"https:\\\/\\\/tiketi.com\\\/#\\\/schema\\\/logo\\\/image\\\/\"},\"sameAs\":[\"https:\\\/\\\/www.facebook.com\\\/TiketiCom\\\/\"]}]}<\/script>\n<!-- \/ Yoast SEO plugin. -->","yoast_head_json":{"title":"R\u00e9servation en ligne JMC Express, billets de bus, itin\u00e9raire, horaires et tarifs","description":"Vous recherchez une r\u00e9servation en ligne JMC Express ? Faites une r\u00e9servation en ligne de billets de bus JMC Express en ligne maintenant et \u00e9conomisez du temps et de l&#039;argent","robots":{"index":"index","follow":"follow","max-snippet":"max-snippet:-1","max-image-preview":"max-image-preview:large","max-video-preview":"max-video-preview:-1"},"canonical":"https:\/\/tiketi.com\/fr-fr\/jmc-express-buses\/","og_locale":"fr_FR","og_type":"article","og_title":"JMC Express Online Booking, Bus Tickets, Route, Schedule & Fare","og_description":"Looking for JMC Express online booking? Make a JMC Express online bus ticket booking online now and save time and money","og_url":"https:\/\/tiketi.com\/fr-fr\/jmc-express-buses\/","og_site_name":"Tiketi.com","article_publisher":"https:\/\/www.facebook.com\/TiketiCom\/","article_modified_time":"2022-02-16T09:56:30+00:00","og_image":[{"width":1200,"height":206,"url":"https:\/\/tiketi.com\/wp-content\/uploads\/2022\/01\/bus-ticket-online-booking.jpg","type":"image\/jpeg"}],"twitter_card":"summary_large_image","twitter_misc":{"Dur\u00e9e de lecture estim\u00e9e":"2 minutes"},"schema":{"@context":"https:\/\/schema.org","@graph":[{"@type":"WebPage","@id":"https:\/\/tiketi.com\/jmc-express-buses\/","url":"https:\/\/tiketi.com\/jmc-express-buses\/","name":"R\u00e9servation en ligne JMC Express, billets de bus, itin\u00e9raire, horaires et tarifs","isPartOf":{"@id":"https:\/\/tiketi.com\/#website"},"primaryImageOfPage":{"@id":"https:\/\/tiketi.com\/jmc-express-buses\/#primaryimage"},"image":{"@id":"https:\/\/tiketi.com\/jmc-express-buses\/#primaryimage"},"thumbnailUrl":"https:\/\/tiketi.com\/wp-content\/uploads\/2022\/01\/bus-ticket-online-booking.jpg","datePublished":"2022-01-19T11:54:25+00:00","dateModified":"2022-02-16T09:56:30+00:00","description":"Vous recherchez une r\u00e9servation en ligne JMC Express ? Faites une r\u00e9servation en ligne de billets de bus JMC Express en ligne maintenant et \u00e9conomisez du temps et de l&#039;argent","breadcrumb":{"@id":"https:\/\/tiketi.com\/jmc-express-buses\/#breadcrumb"},"inLanguage":"fr-FR","potentialAction":[{"@type":"ReadAction","target":["https:\/\/tiketi.com\/jmc-express-buses\/"]}]},{"@type":"ImageObject","inLanguage":"fr-FR","@id":"https:\/\/tiketi.com\/jmc-express-buses\/#primaryimage","url":"https:\/\/tiketi.com\/wp-content\/uploads\/2022\/01\/bus-ticket-online-booking.jpg","contentUrl":"https:\/\/tiketi.com\/wp-content\/uploads\/2022\/01\/bus-ticket-online-booking.jpg","width":1200,"height":206,"caption":"Online Bus Ticket Booking"},{"@type":"BreadcrumbList","@id":"https:\/\/tiketi.com\/jmc-express-buses\/#breadcrumb","itemListElement":[{"@type":"ListItem","position":1,"name":"Home","item":"https:\/\/tiketi.com\/"},{"@type":"ListItem","position":2,"name":"JMC Express Online Booking, Bus Tickets, Route, Schedule &#038; Fare"}]},{"@type":"WebSite","@id":"https:\/\/tiketi.com\/#website","url":"https:\/\/tiketi.com\/","name":"Billets d&#039;avion et de bus, forfaits touristiques et activit\u00e9s - Tiketi.com","description":"Billets d&#039;avion et de bus, Tours, Activit\u00e9s","publisher":{"@id":"https:\/\/tiketi.com\/#organization"},"potentialAction":[{"@type":"SearchAction","target":{"@type":"EntryPoint","urlTemplate":"https:\/\/tiketi.com\/?s={search_term_string}"},"query-input":{"@type":"PropertyValueSpecification","valueRequired":true,"valueName":"search_term_string"}}],"inLanguage":"fr-FR"},{"@type":"Organization","@id":"https:\/\/tiketi.com\/#organization","name":"Tiketi.com","alternateName":"Tiketi","url":"https:\/\/tiketi.com\/","logo":{"@type":"ImageObject","inLanguage":"fr-FR","@id":"https:\/\/tiketi.com\/#\/schema\/logo\/image\/","url":"https:\/\/tiketi.com\/wp-content\/uploads\/2019\/05\/tiketi-logo-696.png","contentUrl":"https:\/\/tiketi.com\/wp-content\/uploads\/2019\/05\/tiketi-logo-696.png","width":696,"height":696,"caption":"Tiketi.com"},"image":{"@id":"https:\/\/tiketi.com\/#\/schema\/logo\/image\/"},"sameAs":["https:\/\/www.facebook.com\/TiketiCom\/"]}]}},"_links":{"self":[{"href":"https:\/\/tiketi.com\/fr-fr\/wp-json\/wp\/v2\/pages\/11265","targetHints":{"allow":["GET"]}}],"collection":[{"href":"https:\/\/tiketi.com\/fr-fr\/wp-json\/wp\/v2\/pages"}],"about":[{"href":"https:\/\/tiketi.com\/fr-fr\/wp-json\/wp\/v2\/types\/page"}],"author":[{"embeddable":true,"href":"https:\/\/tiketi.com\/fr-fr\/wp-json\/wp\/v2\/users\/1"}],"replies":[{"embeddable":true,"href":"https:\/\/tiketi.com\/fr-fr\/wp-json\/wp\/v2\/comments?post=11265"}],"version-history":[{"count":0,"href":"https:\/\/tiketi.com\/fr-fr\/wp-json\/wp\/v2\/pages\/11265\/revisions"}],"wp:featuredmedia":[{"embeddable":true,"href":"https:\/\/tiketi.com\/fr-fr\/wp-json\/wp\/v2\/media\/13999"}],"wp:attachment":[{"href":"https:\/\/tiketi.com\/fr-fr\/wp-json\/wp\/v2\/media?parent=11265"}],"curies":[{"name":"wp","href":"https:\/\/api.w.org\/{rel}","templated":true}]}}