{"id":11267,"date":"2022-01-19T12:54:25","date_gmt":"2022-01-19T11:54:25","guid":{"rendered":"https:\/\/new.tiketi.com\/osaka-bus-online-booking-bus-tickets-reservation\/"},"modified":"2022-02-18T22:17:16","modified_gmt":"2022-02-18T21:17:16","slug":"osaka-buses","status":"publish","type":"page","link":"https:\/\/tiketi.com\/fr-fr\/osaka-buses\/","title":{"rendered":"R\u00e9servation en ligne de bus d&#039;Osaka, billets de bus, itin\u00e9raire et tarif"},"content":{"rendered":"<h2>R\u00e9servation de billets de bus en ligne pour Osaka Bus<\/h2>\n<h3>D\u00e9couvrez votre itin\u00e9raire de voyage sur le web, le mobile ou l&#039;application et r\u00e9servez d\u00e8s maintenant des billets de bus pas chers pour Osaka en ligne.<\/h3>\n<p>La r\u00e9servation en ligne de bus d&#039;Osaka en toute simplicit\u00e9. La compagnie de bus d&#039;Osaka est l&#039;un des services de bus les plus c\u00e9l\u00e8bres ainsi que le transport de colis en Tanzanie continentale. Ils sont dans l&#039;industrie du transport depuis plus de vingt ans. L&#039;itin\u00e9raire cl\u00e9 \u00e9tait Dar es Salaam \u00e0 Arusha via les billets de bus d&#039;Osaka avant d&#039;\u00e9tendre leurs services \u00e0 d&#039;autres r\u00e9gions. Alors faites la r\u00e9servation de billets de bus en ligne pour le bus d&#039;Osaka maintenant!<\/p>\n<h2>FAQ sur la r\u00e9servation en ligne des bus d&#039;Osaka<\/h2>\n<h3>Quels sont les horaires et les itin\u00e9raires couverts par les bus d&#039;Osaka\u00a0?<\/h3>\n<p>\u2022 Dar es Salaam \u00e0 Bukoba via Kahama<br \/>\n\u2022 Dar es Salaam \u00e0 Arusha via Moshi<br \/>\n\u2022 Dar es Salam \u00e0 Mwamza via Dodoma<br \/>\n\u2022 Dar es Salam \u00e0 Gonja<\/p>\n<h3>Ligne de la flotte de bus d&#039;Osaka<\/h3>\n<p>L&#039;entreprise a une large gamme d&#039;autobus dans sa liste de flotte, ils ont des autobus Scania avec une carrosserie produite dans le pays et ils ont \u00e9galement des marques chinoises comme les autobus Zhongtong et Yutong.<\/p>\n<p>Ils ont une flotte de 2 classes allant d&#039;un semi-luxe \u00e0 des classes g\u00e9n\u00e9rales. La plupart de leurs bus sont semi-luxe. Leurs bus subissent un entretien r\u00e9gulier dans leur propre atelier par un technicien expert.<\/p>\n<p>Ils ont les chauffeurs et le personnel les mieux form\u00e9s pour vous servir et vous aider chaque fois que vous avez choisi de voyager ou que vous utilisez leurs services. Voici quelques-unes des sp\u00e9cifications accessibles sur leurs bus\u00a0:<\/p>\n<p>\u2022 Configurations de si\u00e8ges deux par deux pour la classe ordinaire<br \/>\n\u2022 Si\u00e8ges inclinables deux par deux pour le semi luxe<br \/>\n\u2022 Meilleur syst\u00e8me audio pour \u00e9couter<\/p>\n<p>\u2022 Services de t\u00e9l\u00e9vision pour le divertissement<\/p>\n<h3>Quelles sont les coordonn\u00e9es des bus d&#039;Osaka\u00a0?<\/h3>\n<p>Case postale 1341<br \/>\nMoshi, Kilimandjaro<\/p>\n<h2>Osaka Bus Conseils de r\u00e9servation de billets de bus en ligne<\/h2>\n<p>Ils sont maintenant une entreprise de bus de premier plan dans les voyages longue distance en Tanzanie, sillonnant ces routes vers Bukoba et Mosoma depuis la ville d&#039;affaires de Dar es Salaam. Ils offrent le transport quotidien de passagers et de colis, ils offrent \u00e9galement des services de transport de fret par leurs camions qui se rendent dans toutes les r\u00e9gions de la Tanzanie et dans les pays voisins via la r\u00e9servation de billets de bus en ligne pour les bus d&#039;Osaka.<\/p>","protected":false},"excerpt":{"rendered":"<p>Osaka Bus\u00a0Online Bus Ticket Booking Discover your travel route on web, mobile or app and book cheap Osaka bus\u00a0tickets online now. Osaka bus\u00a0online booking made easy.\u00a0Osaka bus company is one of the most famous bus service as well as parcels transportation in the \u00a0Mainland Tanzania. They are in the transportation industry for more than twenty [&hellip;]<\/p>\n","protected":false},"author":1,"featured_media":13999,"parent":0,"menu_order":0,"comment_status":"open","ping_status":"closed","template":"template-home-modern.php","meta":{"footnotes":""},"class_list":["post-11267","page","type-page","status-publish","has-post-thumbnail","hentry"],"yoast_head":"<!-- This site is optimized with the Yoast SEO plugin v27.2 - https:\/\/yoast.com\/product\/yoast-seo-wordpress\/ -->\n<title>Osaka Bus Online Booking, Bus Tickets, Route &amp; Fare<\/title>\n<meta name=\"description\" content=\"Looking for Osaka Bus online booking, bus tickets, route &amp; fare? Make cheap Osaka Bus online bus ticket booking online now and save\" \/>\n<meta name=\"robots\" content=\"index, follow, max-snippet:-1, max-image-preview:large, max-video-preview:-1\" \/>\n<link rel=\"canonical\" href=\"https:\/\/tiketi.com\/fr-fr\/osaka-buses\/\" \/>\n<meta property=\"og:locale\" content=\"fr_FR\" \/>\n<meta property=\"og:type\" content=\"article\" \/>\n<meta property=\"og:title\" content=\"Osaka Bus Online Booking, Bus Tickets, Route &amp; Fare\" \/>\n<meta property=\"og:description\" content=\"Looking for Osaka Bus online booking, bus tickets, route &amp; fare? Make cheap Osaka Bus online bus ticket booking online now and save\" \/>\n<meta property=\"og:url\" content=\"https:\/\/tiketi.com\/fr-fr\/osaka-buses\/\" \/>\n<meta property=\"og:site_name\" content=\"Tiketi.com\" \/>\n<meta property=\"article:publisher\" content=\"https:\/\/www.facebook.com\/TiketiCom\/\" \/>\n<meta property=\"article:modified_time\" content=\"2022-02-18T21:17:16+00:00\" \/>\n<meta property=\"og:image\" content=\"https:\/\/tiketi.com\/wp-content\/uploads\/2022\/01\/bus-ticket-online-booking.jpg\" \/>\n\t<meta property=\"og:image:width\" content=\"1200\" \/>\n\t<meta property=\"og:image:height\" content=\"206\" \/>\n\t<meta property=\"og:image:type\" content=\"image\/jpeg\" \/>\n<meta name=\"twitter:card\" content=\"summary_large_image\" \/>\n<meta name=\"twitter:label1\" content=\"Dur\u00e9e de lecture estim\u00e9e\" \/>\n\t<meta name=\"twitter:data1\" content=\"2 minutes\" \/>\n<script type=\"application\/ld+json\" class=\"yoast-schema-graph\">{\"@context\":\"https:\/\/schema.org\",\"@graph\":[{\"@type\":\"WebPage\",\"@id\":\"https:\/\/tiketi.com\/osaka-buses\/\",\"url\":\"https:\/\/tiketi.com\/osaka-buses\/\",\"name\":\"Osaka Bus Online Booking, Bus Tickets, Route & Fare\",\"isPartOf\":{\"@id\":\"https:\/\/tiketi.com\/#website\"},\"primaryImageOfPage\":{\"@id\":\"https:\/\/tiketi.com\/osaka-buses\/#primaryimage\"},\"image\":{\"@id\":\"https:\/\/tiketi.com\/osaka-buses\/#primaryimage\"},\"thumbnailUrl\":\"https:\/\/tiketi.com\/wp-content\/uploads\/2022\/01\/bus-ticket-online-booking.jpg\",\"datePublished\":\"2022-01-19T11:54:25+00:00\",\"dateModified\":\"2022-02-18T21:17:16+00:00\",\"description\":\"Looking for Osaka Bus online booking, bus tickets, route & fare? Make cheap Osaka Bus online bus ticket booking online now and save\",\"breadcrumb\":{\"@id\":\"https:\/\/tiketi.com\/osaka-buses\/#breadcrumb\"},\"inLanguage\":\"fr-FR\",\"potentialAction\":[{\"@type\":\"ReadAction\",\"target\":[\"https:\/\/tiketi.com\/osaka-buses\/\"]}]},{\"@type\":\"ImageObject\",\"inLanguage\":\"fr-FR\",\"@id\":\"https:\/\/tiketi.com\/osaka-buses\/#primaryimage\",\"url\":\"https:\/\/tiketi.com\/wp-content\/uploads\/2022\/01\/bus-ticket-online-booking.jpg\",\"contentUrl\":\"https:\/\/tiketi.com\/wp-content\/uploads\/2022\/01\/bus-ticket-online-booking.jpg\",\"width\":1200,\"height\":206,\"caption\":\"Online Bus Ticket Booking\"},{\"@type\":\"BreadcrumbList\",\"@id\":\"https:\/\/tiketi.com\/osaka-buses\/#breadcrumb\",\"itemListElement\":[{\"@type\":\"ListItem\",\"position\":1,\"name\":\"Home\",\"item\":\"https:\/\/tiketi.com\/\"},{\"@type\":\"ListItem\",\"position\":2,\"name\":\"Osaka Bus Online Booking, Bus Tickets, Route &#038; Fare\"}]},{\"@type\":\"WebSite\",\"@id\":\"https:\/\/tiketi.com\/#website\",\"url\":\"https:\/\/tiketi.com\/\",\"name\":\"Flight & Bus Tickets, Tour Packages & Activitites - Tiketi.com\",\"description\":\"Flight &amp; Bus Tickets, Tours, Activitites\",\"publisher\":{\"@id\":\"https:\/\/tiketi.com\/#organization\"},\"potentialAction\":[{\"@type\":\"SearchAction\",\"target\":{\"@type\":\"EntryPoint\",\"urlTemplate\":\"https:\/\/tiketi.com\/?s={search_term_string}\"},\"query-input\":{\"@type\":\"PropertyValueSpecification\",\"valueRequired\":true,\"valueName\":\"search_term_string\"}}],\"inLanguage\":\"fr-FR\"},{\"@type\":\"Organization\",\"@id\":\"https:\/\/tiketi.com\/#organization\",\"name\":\"Tiketi.com\",\"alternateName\":\"Tiketi\",\"url\":\"https:\/\/tiketi.com\/\",\"logo\":{\"@type\":\"ImageObject\",\"inLanguage\":\"fr-FR\",\"@id\":\"https:\/\/tiketi.com\/#\/schema\/logo\/image\/\",\"url\":\"https:\/\/tiketi.com\/wp-content\/uploads\/2019\/05\/tiketi-logo-696.png\",\"contentUrl\":\"https:\/\/tiketi.com\/wp-content\/uploads\/2019\/05\/tiketi-logo-696.png\",\"width\":696,\"height\":696,\"caption\":\"Tiketi.com\"},\"image\":{\"@id\":\"https:\/\/tiketi.com\/#\/schema\/logo\/image\/\"},\"sameAs\":[\"https:\/\/www.facebook.com\/TiketiCom\/\"]}]}<\/script>\n<!-- \/ Yoast SEO plugin. -->","yoast_head_json":{"title":"R\u00e9servation en ligne de bus d&#039;Osaka, billets de bus, itin\u00e9raire et tarif","description":"Vous recherchez une r\u00e9servation en ligne d&#039;Osaka Bus, des billets de bus, un itin\u00e9raire et un tarif\u00a0? R\u00e9servez d\u00e8s maintenant vos billets de bus en ligne Osaka Bus \u00e0 bas prix et \u00e9conomisez","robots":{"index":"index","follow":"follow","max-snippet":"max-snippet:-1","max-image-preview":"max-image-preview:large","max-video-preview":"max-video-preview:-1"},"canonical":"https:\/\/tiketi.com\/fr-fr\/osaka-buses\/","og_locale":"fr_FR","og_type":"article","og_title":"Osaka Bus Online Booking, Bus Tickets, Route & Fare","og_description":"Looking for Osaka Bus online booking, bus tickets, route & fare? Make cheap Osaka Bus online bus ticket booking online now and save","og_url":"https:\/\/tiketi.com\/fr-fr\/osaka-buses\/","og_site_name":"Tiketi.com","article_publisher":"https:\/\/www.facebook.com\/TiketiCom\/","article_modified_time":"2022-02-18T21:17:16+00:00","og_image":[{"width":1200,"height":206,"url":"https:\/\/tiketi.com\/wp-content\/uploads\/2022\/01\/bus-ticket-online-booking.jpg","type":"image\/jpeg"}],"twitter_card":"summary_large_image","twitter_misc":{"Dur\u00e9e de lecture estim\u00e9e":"2 minutes"},"schema":{"@context":"https:\/\/schema.org","@graph":[{"@type":"WebPage","@id":"https:\/\/tiketi.com\/osaka-buses\/","url":"https:\/\/tiketi.com\/osaka-buses\/","name":"R\u00e9servation en ligne de bus d&#039;Osaka, billets de bus, itin\u00e9raire et tarif","isPartOf":{"@id":"https:\/\/tiketi.com\/#website"},"primaryImageOfPage":{"@id":"https:\/\/tiketi.com\/osaka-buses\/#primaryimage"},"image":{"@id":"https:\/\/tiketi.com\/osaka-buses\/#primaryimage"},"thumbnailUrl":"https:\/\/tiketi.com\/wp-content\/uploads\/2022\/01\/bus-ticket-online-booking.jpg","datePublished":"2022-01-19T11:54:25+00:00","dateModified":"2022-02-18T21:17:16+00:00","description":"Vous recherchez une r\u00e9servation en ligne d&#039;Osaka Bus, des billets de bus, un itin\u00e9raire et un tarif\u00a0? R\u00e9servez d\u00e8s maintenant vos billets de bus en ligne Osaka Bus \u00e0 bas prix et \u00e9conomisez","breadcrumb":{"@id":"https:\/\/tiketi.com\/osaka-buses\/#breadcrumb"},"inLanguage":"fr-FR","potentialAction":[{"@type":"ReadAction","target":["https:\/\/tiketi.com\/osaka-buses\/"]}]},{"@type":"ImageObject","inLanguage":"fr-FR","@id":"https:\/\/tiketi.com\/osaka-buses\/#primaryimage","url":"https:\/\/tiketi.com\/wp-content\/uploads\/2022\/01\/bus-ticket-online-booking.jpg","contentUrl":"https:\/\/tiketi.com\/wp-content\/uploads\/2022\/01\/bus-ticket-online-booking.jpg","width":1200,"height":206,"caption":"Online Bus Ticket Booking"},{"@type":"BreadcrumbList","@id":"https:\/\/tiketi.com\/osaka-buses\/#breadcrumb","itemListElement":[{"@type":"ListItem","position":1,"name":"Home","item":"https:\/\/tiketi.com\/"},{"@type":"ListItem","position":2,"name":"Osaka Bus Online Booking, Bus Tickets, Route &#038; Fare"}]},{"@type":"WebSite","@id":"https:\/\/tiketi.com\/#website","url":"https:\/\/tiketi.com\/","name":"Billets d&#039;avion et de bus, forfaits touristiques et activit\u00e9s - Tiketi.com","description":"Billets d&#039;avion et de bus, Tours, Activit\u00e9s","publisher":{"@id":"https:\/\/tiketi.com\/#organization"},"potentialAction":[{"@type":"SearchAction","target":{"@type":"EntryPoint","urlTemplate":"https:\/\/tiketi.com\/?s={search_term_string}"},"query-input":{"@type":"PropertyValueSpecification","valueRequired":true,"valueName":"search_term_string"}}],"inLanguage":"fr-FR"},{"@type":"Organization","@id":"https:\/\/tiketi.com\/#organization","name":"Tiketi.com","alternateName":"Tiketi","url":"https:\/\/tiketi.com\/","logo":{"@type":"ImageObject","inLanguage":"fr-FR","@id":"https:\/\/tiketi.com\/#\/schema\/logo\/image\/","url":"https:\/\/tiketi.com\/wp-content\/uploads\/2019\/05\/tiketi-logo-696.png","contentUrl":"https:\/\/tiketi.com\/wp-content\/uploads\/2019\/05\/tiketi-logo-696.png","width":696,"height":696,"caption":"Tiketi.com"},"image":{"@id":"https:\/\/tiketi.com\/#\/schema\/logo\/image\/"},"sameAs":["https:\/\/www.facebook.com\/TiketiCom\/"]}]}},"_links":{"self":[{"href":"https:\/\/tiketi.com\/fr-fr\/wp-json\/wp\/v2\/pages\/11267","targetHints":{"allow":["GET"]}}],"collection":[{"href":"https:\/\/tiketi.com\/fr-fr\/wp-json\/wp\/v2\/pages"}],"about":[{"href":"https:\/\/tiketi.com\/fr-fr\/wp-json\/wp\/v2\/types\/page"}],"author":[{"embeddable":true,"href":"https:\/\/tiketi.com\/fr-fr\/wp-json\/wp\/v2\/users\/1"}],"replies":[{"embeddable":true,"href":"https:\/\/tiketi.com\/fr-fr\/wp-json\/wp\/v2\/comments?post=11267"}],"version-history":[{"count":0,"href":"https:\/\/tiketi.com\/fr-fr\/wp-json\/wp\/v2\/pages\/11267\/revisions"}],"wp:featuredmedia":[{"embeddable":true,"href":"https:\/\/tiketi.com\/fr-fr\/wp-json\/wp\/v2\/media\/13999"}],"wp:attachment":[{"href":"https:\/\/tiketi.com\/fr-fr\/wp-json\/wp\/v2\/media?parent=11267"}],"curies":[{"name":"wp","href":"https:\/\/api.w.org\/{rel}","templated":true}]}}