{"id":11268,"date":"2022-01-19T12:54:25","date_gmt":"2022-01-19T11:54:25","guid":{"rendered":"https:\/\/new.tiketi.com\/satco-bus-online-booking-bus-tickets-reservation\/"},"modified":"2023-02-18T14:27:17","modified_gmt":"2023-02-18T13:27:17","slug":"satco-express","status":"publish","type":"page","link":"https:\/\/tiketi.com\/fr-fr\/companies\/buses\/satco-express\/","title":{"rendered":"R\u00e9servation en ligne de bus Satco, billets de bus, itin\u00e9raire, horaires et tarifs"},"content":{"rendered":"<h2>R\u00e9servation de billets de bus en ligne Satco Express pas cher<\/h2>\n<h3>D\u00e9couvrez votre itin\u00e9raire de voyage sur le web, le mobile ou l&#039;application et r\u00e9servez d\u00e8s maintenant des billets de bus Satco pas chers en ligne.<\/h3>\n<p>La r\u00e9servation en ligne de Satco Bus en toute simplicit\u00e9. Le bus Satco Express est une entreprise de transport tanzanienne bas\u00e9e dans la r\u00e9gion de Dodoma, ils offrent des services quotidiens de transpiration des passagers de la capitale de la Tanzanie vers d&#039;autres r\u00e9gions du pays. Alors faites la r\u00e9servation de billets de bus en ligne Satco Express maintenant!<\/p>\n<p>Satco Express est une filiale de la ligne Shabiby, l&#039;une des plus c\u00e9l\u00e8bres et des plus grandes entreprises de Tanzanie et proposant la r\u00e9servation en ligne de billets de bus Satco Express. Satco Express a ses propres \u00e9quipes de direction et PDG en dehors de la soci\u00e9t\u00e9 m\u00e8re.<\/p>\n<h2>R\u00e9servation en ligne de bus Satco, billets de bus, FAQ sur les itin\u00e9raires, les horaires et les tarifs<\/h2>\n<h3>Quels sont les trajets couverts par les bus ABC Upper Class ?<\/h3>\n<p>\u2022 Dodoma \u00e0 Mbeya via Iringa\/Mtera<br \/>\n\u2022 Dodoma \u00e0 Mwanza via Kahama<br \/>\n\u2022 Dodoma \u00e0 Bukoba<br \/>\n\u2022 Dodoma \u00e0 Tunduma via Iringa<\/p>\n<h3>Ligne de flotte de bus Satco Express<\/h3>\n<p>C&#039;est l&#039;une des meilleures entreprises qui poss\u00e8dent une flotte luxueuse et relaxante dans le pays. Tous leurs bus sont des marques chinoises, et ils ont des mod\u00e8les Higher et Yutong dans leur liste.<\/p>\n<p>La plupart de leurs bus sont assez neufs, achet\u00e9s directement en Chine et certains sont acquis aupr\u00e8s de la soci\u00e9t\u00e9 m\u00e8re, Shabiby line. Ils ont des bus semi-luxe avec de nouvelles sp\u00e9cifications pour rendre votre voyage plus relaxant via les billets de bus Satco.<\/p>\n<p>Lorsque vous choisissez de voyager avec le bus Satco, vous profiterez des sp\u00e9cifications et des services \u00e0 bord de leur h\u00f4te sympathique tout au long du trajet. Voici quelques services et commodit\u00e9s accessibles dans leurs bus\u00a0:<\/p>\n<p>\u2022 Ports de chargement USB sur chaque si\u00e8ge<br \/>\n\u2022 Si\u00e8ges inclinables deux par deux<br \/>\n\u2022 Services Wi-Fi gratuits \u00e0 bord<br \/>\n\u2022 Syst\u00e8me audio moderne avec haut-parleur au plafond<br \/>\n\u2022 Plusieurs t\u00e9l\u00e9viseurs pour le divertissement<br \/>\n\u2022 Lampes de lecture au plafond<br \/>\n\u2022 Toilettes \u00e0 bord pour la classe de luxe<br \/>\n\u2022 des boissons sans alcool et des collations gratuites<\/p>\n<h3>Quelles sont les coordonn\u00e9es des bus Satco Express ?<\/h3>\n<p>Satco Express<br \/>\nSi\u00e8ge social : Dodoma, Tanzanie<\/p>\n<h2>Conseils de r\u00e9servation de billets de bus en ligne Satco Express<\/h2>\n<p>L&#039;entreprise est dans l&#039;industrie du transport depuis plus de 5 ans et ils ont r\u00e9ussi \u00e0 construire un meilleur statut parmi les clients. Ils disposent d&#039;une flotte moderne et propre pour vous offrir un voyage relaxant entre vos destinations.<\/p>\n<p>Satco Express fournit \u00e9galement des services de transport de colis \u00e0 un prix abordable vers tous les endroits o\u00f9 se rendaient leurs bus. Leurs entra\u00eeneurs sont \u00e9galement accessibles \u00e0 la location et \u00e0 des fins priv\u00e9es.<\/p>","protected":false},"excerpt":{"rendered":"<p>Cheap Satco Express Online Bus Ticket Booking Discover your travel route on web, mobile or app and book cheap Satco bus tickets online now. Satco Bus\u00a0online booking made easy.\u00a0Satco Express bus is a Tanzanian transport firm based on Dodoma area, they offer daily passengers transpiration services from the capital city of Tanzania to other area [&hellip;]<\/p>\n","protected":false},"author":1,"featured_media":13999,"parent":25524,"menu_order":0,"comment_status":"open","ping_status":"closed","template":"template-home-modern.php","meta":{"footnotes":""},"class_list":["post-11268","page","type-page","status-publish","has-post-thumbnail","hentry"],"yoast_head":"<!-- This site is optimized with the Yoast SEO plugin v27.3 - https:\/\/yoast.com\/product\/yoast-seo-wordpress\/ -->\n<title>Satco Bus Online Booking, Bus Tickets, Route, Schedule &amp; Fare<\/title>\n<meta name=\"description\" content=\"Looking for Satco bus online booking, app, contacts, routes, fares and schedule? Make a cheap Satco online bus ticket booking online now\" \/>\n<meta name=\"robots\" content=\"index, follow, max-snippet:-1, max-image-preview:large, max-video-preview:-1\" \/>\n<link rel=\"canonical\" href=\"https:\/\/tiketi.com\/fr-fr\/companies\/buses\/satco-express\/\" \/>\n<meta property=\"og:locale\" content=\"fr_FR\" \/>\n<meta property=\"og:type\" content=\"article\" \/>\n<meta property=\"og:title\" content=\"Satco Bus Online Booking, Bus Tickets, Route, Schedule &amp; Fare\" \/>\n<meta property=\"og:description\" content=\"Looking for Satco bus online booking, app, contacts, routes, fares and schedule? Make a cheap Satco online bus ticket booking online now\" \/>\n<meta property=\"og:url\" content=\"https:\/\/tiketi.com\/fr-fr\/companies\/buses\/satco-express\/\" \/>\n<meta property=\"og:site_name\" content=\"Tiketi.com\" \/>\n<meta property=\"article:publisher\" content=\"https:\/\/www.facebook.com\/TiketiCom\/\" \/>\n<meta property=\"article:modified_time\" content=\"2023-02-18T13:27:17+00:00\" \/>\n<meta property=\"og:image\" content=\"https:\/\/tiketi.com\/wp-content\/uploads\/2022\/01\/bus-ticket-online-booking.jpg\" \/>\n\t<meta property=\"og:image:width\" content=\"1200\" \/>\n\t<meta property=\"og:image:height\" content=\"206\" \/>\n\t<meta property=\"og:image:type\" content=\"image\/jpeg\" \/>\n<meta name=\"twitter:card\" content=\"summary_large_image\" \/>\n<meta name=\"twitter:label1\" content=\"Dur\u00e9e de lecture estim\u00e9e\" \/>\n\t<meta name=\"twitter:data1\" content=\"2 minutes\" \/>\n<script type=\"application\/ld+json\" class=\"yoast-schema-graph\">{\"@context\":\"https:\\\/\\\/schema.org\",\"@graph\":[{\"@type\":\"WebPage\",\"@id\":\"https:\\\/\\\/tiketi.com\\\/companies\\\/buses\\\/satco-express\\\/\",\"url\":\"https:\\\/\\\/tiketi.com\\\/companies\\\/buses\\\/satco-express\\\/\",\"name\":\"Satco Bus Online Booking, Bus Tickets, Route, Schedule & Fare\",\"isPartOf\":{\"@id\":\"https:\\\/\\\/tiketi.com\\\/#website\"},\"primaryImageOfPage\":{\"@id\":\"https:\\\/\\\/tiketi.com\\\/companies\\\/buses\\\/satco-express\\\/#primaryimage\"},\"image\":{\"@id\":\"https:\\\/\\\/tiketi.com\\\/companies\\\/buses\\\/satco-express\\\/#primaryimage\"},\"thumbnailUrl\":\"https:\\\/\\\/tiketi.com\\\/wp-content\\\/uploads\\\/2022\\\/01\\\/bus-ticket-online-booking.jpg\",\"datePublished\":\"2022-01-19T11:54:25+00:00\",\"dateModified\":\"2023-02-18T13:27:17+00:00\",\"description\":\"Looking for Satco bus online booking, app, contacts, routes, fares and schedule? Make a cheap Satco online bus ticket booking online now\",\"breadcrumb\":{\"@id\":\"https:\\\/\\\/tiketi.com\\\/companies\\\/buses\\\/satco-express\\\/#breadcrumb\"},\"inLanguage\":\"fr-FR\",\"potentialAction\":[{\"@type\":\"ReadAction\",\"target\":[\"https:\\\/\\\/tiketi.com\\\/companies\\\/buses\\\/satco-express\\\/\"]}]},{\"@type\":\"ImageObject\",\"inLanguage\":\"fr-FR\",\"@id\":\"https:\\\/\\\/tiketi.com\\\/companies\\\/buses\\\/satco-express\\\/#primaryimage\",\"url\":\"https:\\\/\\\/tiketi.com\\\/wp-content\\\/uploads\\\/2022\\\/01\\\/bus-ticket-online-booking.jpg\",\"contentUrl\":\"https:\\\/\\\/tiketi.com\\\/wp-content\\\/uploads\\\/2022\\\/01\\\/bus-ticket-online-booking.jpg\",\"width\":1200,\"height\":206,\"caption\":\"Online Bus Ticket Booking\"},{\"@type\":\"BreadcrumbList\",\"@id\":\"https:\\\/\\\/tiketi.com\\\/companies\\\/buses\\\/satco-express\\\/#breadcrumb\",\"itemListElement\":[{\"@type\":\"ListItem\",\"position\":1,\"name\":\"Home\",\"item\":\"https:\\\/\\\/tiketi.com\\\/\"},{\"@type\":\"ListItem\",\"position\":2,\"name\":\"Companies\",\"item\":\"https:\\\/\\\/tiketi.com\\\/companies\\\/\"},{\"@type\":\"ListItem\",\"position\":3,\"name\":\"Buses\",\"item\":\"https:\\\/\\\/tiketi.com\\\/companies\\\/buses\\\/\"},{\"@type\":\"ListItem\",\"position\":4,\"name\":\"Satco Bus Online Booking, Bus Tickets, Route, Schedule &#038; Fare\"}]},{\"@type\":\"WebSite\",\"@id\":\"https:\\\/\\\/tiketi.com\\\/#website\",\"url\":\"https:\\\/\\\/tiketi.com\\\/\",\"name\":\"Flight & Bus Tickets, Tour Packages & Activitites - Tiketi.com\",\"description\":\"Flight &amp; Bus Tickets, Tours, Activitites\",\"publisher\":{\"@id\":\"https:\\\/\\\/tiketi.com\\\/#organization\"},\"potentialAction\":[{\"@type\":\"SearchAction\",\"target\":{\"@type\":\"EntryPoint\",\"urlTemplate\":\"https:\\\/\\\/tiketi.com\\\/?s={search_term_string}\"},\"query-input\":{\"@type\":\"PropertyValueSpecification\",\"valueRequired\":true,\"valueName\":\"search_term_string\"}}],\"inLanguage\":\"fr-FR\"},{\"@type\":\"Organization\",\"@id\":\"https:\\\/\\\/tiketi.com\\\/#organization\",\"name\":\"Tiketi.com\",\"alternateName\":\"Tiketi\",\"url\":\"https:\\\/\\\/tiketi.com\\\/\",\"logo\":{\"@type\":\"ImageObject\",\"inLanguage\":\"fr-FR\",\"@id\":\"https:\\\/\\\/tiketi.com\\\/#\\\/schema\\\/logo\\\/image\\\/\",\"url\":\"https:\\\/\\\/tiketi.com\\\/wp-content\\\/uploads\\\/2019\\\/05\\\/tiketi-logo-696.png\",\"contentUrl\":\"https:\\\/\\\/tiketi.com\\\/wp-content\\\/uploads\\\/2019\\\/05\\\/tiketi-logo-696.png\",\"width\":696,\"height\":696,\"caption\":\"Tiketi.com\"},\"image\":{\"@id\":\"https:\\\/\\\/tiketi.com\\\/#\\\/schema\\\/logo\\\/image\\\/\"},\"sameAs\":[\"https:\\\/\\\/www.facebook.com\\\/TiketiCom\\\/\"]}]}<\/script>\n<!-- \/ Yoast SEO plugin. -->","yoast_head_json":{"title":"R\u00e9servation en ligne de bus Satco, billets de bus, itin\u00e9raire, horaires et tarifs","description":"Vous recherchez une r\u00e9servation en ligne de bus Satco, une application, des contacts, des itin\u00e9raires, des tarifs et des horaires\u00a0? Faites une r\u00e9servation de billet de bus en ligne Satco pas cher en ligne maintenant","robots":{"index":"index","follow":"follow","max-snippet":"max-snippet:-1","max-image-preview":"max-image-preview:large","max-video-preview":"max-video-preview:-1"},"canonical":"https:\/\/tiketi.com\/fr-fr\/companies\/buses\/satco-express\/","og_locale":"fr_FR","og_type":"article","og_title":"Satco Bus Online Booking, Bus Tickets, Route, Schedule & Fare","og_description":"Looking for Satco bus online booking, app, contacts, routes, fares and schedule? Make a cheap Satco online bus ticket booking online now","og_url":"https:\/\/tiketi.com\/fr-fr\/companies\/buses\/satco-express\/","og_site_name":"Tiketi.com","article_publisher":"https:\/\/www.facebook.com\/TiketiCom\/","article_modified_time":"2023-02-18T13:27:17+00:00","og_image":[{"width":1200,"height":206,"url":"https:\/\/tiketi.com\/wp-content\/uploads\/2022\/01\/bus-ticket-online-booking.jpg","type":"image\/jpeg"}],"twitter_card":"summary_large_image","twitter_misc":{"Dur\u00e9e de lecture estim\u00e9e":"2 minutes"},"schema":{"@context":"https:\/\/schema.org","@graph":[{"@type":"WebPage","@id":"https:\/\/tiketi.com\/companies\/buses\/satco-express\/","url":"https:\/\/tiketi.com\/companies\/buses\/satco-express\/","name":"R\u00e9servation en ligne de bus Satco, billets de bus, itin\u00e9raire, horaires et tarifs","isPartOf":{"@id":"https:\/\/tiketi.com\/#website"},"primaryImageOfPage":{"@id":"https:\/\/tiketi.com\/companies\/buses\/satco-express\/#primaryimage"},"image":{"@id":"https:\/\/tiketi.com\/companies\/buses\/satco-express\/#primaryimage"},"thumbnailUrl":"https:\/\/tiketi.com\/wp-content\/uploads\/2022\/01\/bus-ticket-online-booking.jpg","datePublished":"2022-01-19T11:54:25+00:00","dateModified":"2023-02-18T13:27:17+00:00","description":"Vous recherchez une r\u00e9servation en ligne de bus Satco, une application, des contacts, des itin\u00e9raires, des tarifs et des horaires\u00a0? Faites une r\u00e9servation de billet de bus en ligne Satco pas cher en ligne maintenant","breadcrumb":{"@id":"https:\/\/tiketi.com\/companies\/buses\/satco-express\/#breadcrumb"},"inLanguage":"fr-FR","potentialAction":[{"@type":"ReadAction","target":["https:\/\/tiketi.com\/companies\/buses\/satco-express\/"]}]},{"@type":"ImageObject","inLanguage":"fr-FR","@id":"https:\/\/tiketi.com\/companies\/buses\/satco-express\/#primaryimage","url":"https:\/\/tiketi.com\/wp-content\/uploads\/2022\/01\/bus-ticket-online-booking.jpg","contentUrl":"https:\/\/tiketi.com\/wp-content\/uploads\/2022\/01\/bus-ticket-online-booking.jpg","width":1200,"height":206,"caption":"Online Bus Ticket Booking"},{"@type":"BreadcrumbList","@id":"https:\/\/tiketi.com\/companies\/buses\/satco-express\/#breadcrumb","itemListElement":[{"@type":"ListItem","position":1,"name":"Home","item":"https:\/\/tiketi.com\/"},{"@type":"ListItem","position":2,"name":"Companies","item":"https:\/\/tiketi.com\/companies\/"},{"@type":"ListItem","position":3,"name":"Buses","item":"https:\/\/tiketi.com\/companies\/buses\/"},{"@type":"ListItem","position":4,"name":"Satco Bus Online Booking, Bus Tickets, Route, Schedule &#038; Fare"}]},{"@type":"WebSite","@id":"https:\/\/tiketi.com\/#website","url":"https:\/\/tiketi.com\/","name":"Billets d&#039;avion et de bus, forfaits touristiques et activit\u00e9s - Tiketi.com","description":"Billets d&#039;avion et de bus, Tours, Activit\u00e9s","publisher":{"@id":"https:\/\/tiketi.com\/#organization"},"potentialAction":[{"@type":"SearchAction","target":{"@type":"EntryPoint","urlTemplate":"https:\/\/tiketi.com\/?s={search_term_string}"},"query-input":{"@type":"PropertyValueSpecification","valueRequired":true,"valueName":"search_term_string"}}],"inLanguage":"fr-FR"},{"@type":"Organization","@id":"https:\/\/tiketi.com\/#organization","name":"Tiketi.com","alternateName":"Tiketi","url":"https:\/\/tiketi.com\/","logo":{"@type":"ImageObject","inLanguage":"fr-FR","@id":"https:\/\/tiketi.com\/#\/schema\/logo\/image\/","url":"https:\/\/tiketi.com\/wp-content\/uploads\/2019\/05\/tiketi-logo-696.png","contentUrl":"https:\/\/tiketi.com\/wp-content\/uploads\/2019\/05\/tiketi-logo-696.png","width":696,"height":696,"caption":"Tiketi.com"},"image":{"@id":"https:\/\/tiketi.com\/#\/schema\/logo\/image\/"},"sameAs":["https:\/\/www.facebook.com\/TiketiCom\/"]}]}},"_links":{"self":[{"href":"https:\/\/tiketi.com\/fr-fr\/wp-json\/wp\/v2\/pages\/11268","targetHints":{"allow":["GET"]}}],"collection":[{"href":"https:\/\/tiketi.com\/fr-fr\/wp-json\/wp\/v2\/pages"}],"about":[{"href":"https:\/\/tiketi.com\/fr-fr\/wp-json\/wp\/v2\/types\/page"}],"author":[{"embeddable":true,"href":"https:\/\/tiketi.com\/fr-fr\/wp-json\/wp\/v2\/users\/1"}],"replies":[{"embeddable":true,"href":"https:\/\/tiketi.com\/fr-fr\/wp-json\/wp\/v2\/comments?post=11268"}],"version-history":[{"count":1,"href":"https:\/\/tiketi.com\/fr-fr\/wp-json\/wp\/v2\/pages\/11268\/revisions"}],"predecessor-version":[{"id":32309,"href":"https:\/\/tiketi.com\/fr-fr\/wp-json\/wp\/v2\/pages\/11268\/revisions\/32309"}],"up":[{"embeddable":true,"href":"https:\/\/tiketi.com\/fr-fr\/wp-json\/wp\/v2\/pages\/25524"}],"wp:featuredmedia":[{"embeddable":true,"href":"https:\/\/tiketi.com\/fr-fr\/wp-json\/wp\/v2\/media\/13999"}],"wp:attachment":[{"href":"https:\/\/tiketi.com\/fr-fr\/wp-json\/wp\/v2\/media?parent=11268"}],"curies":[{"name":"wp","href":"https:\/\/api.w.org\/{rel}","templated":true}]}}