{"id":11271,"date":"2022-01-19T12:54:27","date_gmt":"2022-01-19T11:54:27","guid":{"rendered":"https:\/\/new.tiketi.com\/climax-coaches-online-booking-bus-tickets-routes-fares\/"},"modified":"2023-07-25T18:23:52","modified_gmt":"2023-07-25T17:23:52","slug":"climax-coaches","status":"publish","type":"page","link":"https:\/\/tiketi.com\/fr-fr\/companies\/buses\/climax-coaches\/","title":{"rendered":"Climax Coaches R\u00e9servation en ligne, billets de bus, itin\u00e9raires et tarifs"},"content":{"rendered":"<h2>Climax Coaches R\u00e9servation de billets de bus en ligne<\/h2>\n<h3>D\u00e9couvrez votre itin\u00e9raire de voyage sur le web, le mobile ou l&#039;application et r\u00e9servez en ligne des billets de bus Climax Coaches pas chers.<\/h3>\n<p>La r\u00e9servation en ligne de Climax Coaches en toute simplicit\u00e9. Climax Coaches limited est une compagnie de bus kenyane qui a \u00e9t\u00e9 fond\u00e9e en 2008 et d\u00e9marre ses op\u00e9rations avec seulement deux bus. 7 ans plus tard, leur flotte a \u00e9t\u00e9 multipli\u00e9e par 7 et quatre-vingt-dix-huit pour cent de la flotte comprend des bus scania. Il en va de m\u00eame pour la r\u00e9servation de billets de bus en ligne Climax Coaches d\u00e8s maintenant\u00a0!<\/p>\n<h2>Climax Coaches R\u00e9servation en ligne, contacts, itin\u00e9raires et tarifs FAQ<\/h2>\n<h3>Quels sont les trajets couverts par les bus Climax Coaches ?<\/h3>\n<p>Les itin\u00e9raires propos\u00e9s par les bus sont tous vers la partie ouest du pays via la r\u00e9servation de Climax Coaches, de Nairobi vers des destinations comme Malaba, Kakamega, Busia, Kisumu, Kitalie et Mbale. Ils ont \u00e9galement des routes vers la ville occidentale de Butere et Siaya.<\/p>\n<p>\u2022 Nairobi \u00e0 Busia<br \/>\n\u2022 Nairobi \u00e0 Kisumu<br \/>\n\u2022 Nairobi \u00e0 Kitale<br \/>\n\u2022 Nairobi \u00e0 Siaya<br \/>\n\u2022 Nairobi \u00e0 Mbale<br \/>\n\u2022 Nairobi \u00e0 Butere<\/p>\n<h3>Destinations des autocars Climax<\/h3>\n<p>Certaines des destinations c\u00e9l\u00e8bres o\u00f9 s\u00e9journer:<\/p>\n<p>\u2022 Siaya<br \/>\n\u2022 Kisumu<br \/>\n\u2022 Kericho<br \/>\n\u2022 Majengo<br \/>\n\u2022 Nakuru<br \/>\n\u2022 Mbale<br \/>\n\u2022 Chavakali<br \/>\n\u2022 Kapsabet<br \/>\n\u2022 Webuye<br \/>\n\u2022 Kakam\u00e9ga<br \/>\n\u2022 Shamakhoho<br \/>\n\u2022 Pont du Mois<br \/>\n\u2022 Eldoret<br \/>\n\u2022 Matunda<br \/>\n\u2022 Webuye<br \/>\n\u2022 Kital\u00e9<br \/>\n\u2022 Bungoma<br \/>\n\u2022 Mumias<br \/>\n\u2022 Busia<\/p>\n<h3>Ligne de service autocars Climax<\/h3>\n<p>La compagnie de bus propose des services quotidiens de transport interurbain de passagers depuis la ville de Nairobi vers diff\u00e9rentes destinations au Kenya. Ils ont des itin\u00e9raires vers les r\u00e9gions de l&#039;Ouest et du Nord respectivement via les billets de bus Climax Coaches.<\/p>\n<p>Les clients et les passagers peuvent profiter d&#039;un service de prise en charge pour ceux qui commencent leur voyage pendant que le bus se rend chez elle.<br \/>\nL&#039;entreprise propose \u00e9galement un service de transport de colis vers tous les lieux o\u00f9 leurs bus avaient l&#039;habitude de se rendre avec des prix \u00e9quitables en fonction de la nature et de la taille de vos colis.<\/p>\n<h3>Quelles sont les coordonn\u00e9es du bureau de r\u00e9servation Climax Coaches ?<\/h3>\n<p>Adresse : Saboti, chemin Eldoret-Kitale, Saboti, Kenya<\/p>\n<h2>Climax Coaches R\u00e9servation de billets de bus en ligne Kenya Conseils<\/h2>\n<p>Les autocars Climax sont l&#039;une des compagnies de bus qui transportent les passagers vers l&#039;ouest du Kenya. Quoi qu&#039;il en soit, il existe des navettes et des bus r\u00e9put\u00e9s qui sillonnent l&#039;itin\u00e9raire.<br \/>\nSi vous aimeriez prendre un bus, vous pouvez envisager de prendre Mesh Pao, Easy Coach ou m\u00eame Dreamline. Il existe \u00e9galement des navettes r\u00e9put\u00e9es telles que Great Rift, North Rift, Prestige, Blueline et Mololine.<\/p>\n<p>Les bus Climax ou autrement connus sous le nom d&#039;autocars climax sont une entreprise de bus qui dessert les villes de l&#039;ancienne vall\u00e9e du Rift, de Nyanza et des provinces de l&#039;Ouest. Il propose du fret passagers, des services et des services de fret.<\/p>","protected":false},"excerpt":{"rendered":"<p>Climax Coaches\u00a0Online Bus Ticket Booking Discover your travel route on web, mobile or app and book cheap Climax Coaches bus tickets online. Climax Coaches\u00a0online booking made easy.\u00a0Climax Coaches limited is a Kenya bus company which was founded in 2008 and start their operations with just two buses. 7 years later, their fleet has grown 7 [&hellip;]<\/p>\n","protected":false},"author":1,"featured_media":13999,"parent":25524,"menu_order":0,"comment_status":"open","ping_status":"closed","template":"template-home-modern.php","meta":{"footnotes":""},"class_list":["post-11271","page","type-page","status-publish","has-post-thumbnail","hentry"],"yoast_head":"<!-- This site is optimized with the Yoast SEO plugin v27.4 - https:\/\/yoast.com\/product\/yoast-seo-wordpress\/ -->\n<title>Climax Coaches\u00a0Online Booking, Bus Tickets, Routes &amp; Fares<\/title>\n<meta name=\"description\" content=\"Looking for Climax Coaches online booking, app, contacts, routes, fare and schedule? Make cheap Climax Coaches online bus ticket booking now!\" \/>\n<meta name=\"robots\" content=\"index, follow, max-snippet:-1, max-image-preview:large, max-video-preview:-1\" \/>\n<link rel=\"canonical\" href=\"https:\/\/tiketi.com\/fr-fr\/companies\/buses\/climax-coaches\/\" \/>\n<meta property=\"og:locale\" content=\"fr_FR\" \/>\n<meta property=\"og:type\" content=\"article\" \/>\n<meta property=\"og:title\" content=\"Climax Coaches\u00a0Online Booking, Bus Tickets, Routes &amp; Fares\" \/>\n<meta property=\"og:description\" content=\"Looking for Climax Coaches online booking, app, contacts, routes, fare and schedule? Make cheap Climax Coaches online bus ticket booking now!\" \/>\n<meta property=\"og:url\" content=\"https:\/\/tiketi.com\/fr-fr\/companies\/buses\/climax-coaches\/\" \/>\n<meta property=\"og:site_name\" content=\"Tiketi.com\" \/>\n<meta property=\"article:publisher\" content=\"https:\/\/www.facebook.com\/TiketiCom\/\" \/>\n<meta property=\"article:modified_time\" content=\"2023-07-25T17:23:52+00:00\" \/>\n<meta property=\"og:image\" content=\"https:\/\/tiketi.com\/wp-content\/uploads\/2022\/01\/bus-ticket-online-booking.jpg\" \/>\n\t<meta property=\"og:image:width\" content=\"1200\" \/>\n\t<meta property=\"og:image:height\" content=\"206\" \/>\n\t<meta property=\"og:image:type\" content=\"image\/jpeg\" \/>\n<meta name=\"twitter:card\" content=\"summary_large_image\" \/>\n<meta name=\"twitter:label1\" content=\"Dur\u00e9e de lecture estim\u00e9e\" \/>\n\t<meta name=\"twitter:data1\" content=\"2 minutes\" \/>\n<script type=\"application\/ld+json\" class=\"yoast-schema-graph\">{\"@context\":\"https:\\\/\\\/schema.org\",\"@graph\":[{\"@type\":\"WebPage\",\"@id\":\"https:\\\/\\\/tiketi.com\\\/companies\\\/buses\\\/climax-coaches\\\/\",\"url\":\"https:\\\/\\\/tiketi.com\\\/companies\\\/buses\\\/climax-coaches\\\/\",\"name\":\"Climax Coaches\u00a0Online Booking, Bus Tickets, Routes & Fares\",\"isPartOf\":{\"@id\":\"https:\\\/\\\/tiketi.com\\\/#website\"},\"primaryImageOfPage\":{\"@id\":\"https:\\\/\\\/tiketi.com\\\/companies\\\/buses\\\/climax-coaches\\\/#primaryimage\"},\"image\":{\"@id\":\"https:\\\/\\\/tiketi.com\\\/companies\\\/buses\\\/climax-coaches\\\/#primaryimage\"},\"thumbnailUrl\":\"https:\\\/\\\/tiketi.com\\\/wp-content\\\/uploads\\\/2022\\\/01\\\/bus-ticket-online-booking.jpg\",\"datePublished\":\"2022-01-19T11:54:27+00:00\",\"dateModified\":\"2023-07-25T17:23:52+00:00\",\"description\":\"Looking for Climax Coaches online booking, app, contacts, routes, fare and schedule? Make cheap Climax Coaches online bus ticket booking now!\",\"breadcrumb\":{\"@id\":\"https:\\\/\\\/tiketi.com\\\/companies\\\/buses\\\/climax-coaches\\\/#breadcrumb\"},\"inLanguage\":\"fr-FR\",\"potentialAction\":[{\"@type\":\"ReadAction\",\"target\":[\"https:\\\/\\\/tiketi.com\\\/companies\\\/buses\\\/climax-coaches\\\/\"]}]},{\"@type\":\"ImageObject\",\"inLanguage\":\"fr-FR\",\"@id\":\"https:\\\/\\\/tiketi.com\\\/companies\\\/buses\\\/climax-coaches\\\/#primaryimage\",\"url\":\"https:\\\/\\\/tiketi.com\\\/wp-content\\\/uploads\\\/2022\\\/01\\\/bus-ticket-online-booking.jpg\",\"contentUrl\":\"https:\\\/\\\/tiketi.com\\\/wp-content\\\/uploads\\\/2022\\\/01\\\/bus-ticket-online-booking.jpg\",\"width\":1200,\"height\":206,\"caption\":\"Online Bus Ticket Booking\"},{\"@type\":\"BreadcrumbList\",\"@id\":\"https:\\\/\\\/tiketi.com\\\/companies\\\/buses\\\/climax-coaches\\\/#breadcrumb\",\"itemListElement\":[{\"@type\":\"ListItem\",\"position\":1,\"name\":\"Home\",\"item\":\"https:\\\/\\\/tiketi.com\\\/\"},{\"@type\":\"ListItem\",\"position\":2,\"name\":\"Companies\",\"item\":\"https:\\\/\\\/tiketi.com\\\/companies\\\/\"},{\"@type\":\"ListItem\",\"position\":3,\"name\":\"Buses\",\"item\":\"https:\\\/\\\/tiketi.com\\\/companies\\\/buses\\\/\"},{\"@type\":\"ListItem\",\"position\":4,\"name\":\"Climax Coaches\u00a0Online Booking, Bus Tickets, Routes &#038; Fares\"}]},{\"@type\":\"WebSite\",\"@id\":\"https:\\\/\\\/tiketi.com\\\/#website\",\"url\":\"https:\\\/\\\/tiketi.com\\\/\",\"name\":\"Flight & Bus Tickets, Tour Packages & Activitites - Tiketi.com\",\"description\":\"Flight &amp; Bus Tickets, Tours, Activitites\",\"publisher\":{\"@id\":\"https:\\\/\\\/tiketi.com\\\/#organization\"},\"potentialAction\":[{\"@type\":\"SearchAction\",\"target\":{\"@type\":\"EntryPoint\",\"urlTemplate\":\"https:\\\/\\\/tiketi.com\\\/?s={search_term_string}\"},\"query-input\":{\"@type\":\"PropertyValueSpecification\",\"valueRequired\":true,\"valueName\":\"search_term_string\"}}],\"inLanguage\":\"fr-FR\"},{\"@type\":\"Organization\",\"@id\":\"https:\\\/\\\/tiketi.com\\\/#organization\",\"name\":\"Tiketi.com\",\"alternateName\":\"Tiketi\",\"url\":\"https:\\\/\\\/tiketi.com\\\/\",\"logo\":{\"@type\":\"ImageObject\",\"inLanguage\":\"fr-FR\",\"@id\":\"https:\\\/\\\/tiketi.com\\\/#\\\/schema\\\/logo\\\/image\\\/\",\"url\":\"https:\\\/\\\/tiketi.com\\\/wp-content\\\/uploads\\\/2019\\\/05\\\/tiketi-logo-696.png\",\"contentUrl\":\"https:\\\/\\\/tiketi.com\\\/wp-content\\\/uploads\\\/2019\\\/05\\\/tiketi-logo-696.png\",\"width\":696,\"height\":696,\"caption\":\"Tiketi.com\"},\"image\":{\"@id\":\"https:\\\/\\\/tiketi.com\\\/#\\\/schema\\\/logo\\\/image\\\/\"},\"sameAs\":[\"https:\\\/\\\/www.facebook.com\\\/TiketiCom\\\/\"]}]}<\/script>\n<!-- \/ Yoast SEO plugin. -->","yoast_head_json":{"title":"Climax Coaches R\u00e9servation en ligne, billets de bus, itin\u00e9raires et tarifs","description":"Vous recherchez une r\u00e9servation en ligne, une application, des contacts, des itin\u00e9raires, des tarifs et des horaires pour Climax Coaches\u00a0? R\u00e9servez d\u00e8s maintenant vos billets de bus en ligne Climax Coaches \u00e0 bas prix !","robots":{"index":"index","follow":"follow","max-snippet":"max-snippet:-1","max-image-preview":"max-image-preview:large","max-video-preview":"max-video-preview:-1"},"canonical":"https:\/\/tiketi.com\/fr-fr\/companies\/buses\/climax-coaches\/","og_locale":"fr_FR","og_type":"article","og_title":"Climax Coaches\u00a0Online Booking, Bus Tickets, Routes & Fares","og_description":"Looking for Climax Coaches online booking, app, contacts, routes, fare and schedule? Make cheap Climax Coaches online bus ticket booking now!","og_url":"https:\/\/tiketi.com\/fr-fr\/companies\/buses\/climax-coaches\/","og_site_name":"Tiketi.com","article_publisher":"https:\/\/www.facebook.com\/TiketiCom\/","article_modified_time":"2023-07-25T17:23:52+00:00","og_image":[{"width":1200,"height":206,"url":"https:\/\/tiketi.com\/wp-content\/uploads\/2022\/01\/bus-ticket-online-booking.jpg","type":"image\/jpeg"}],"twitter_card":"summary_large_image","twitter_misc":{"Dur\u00e9e de lecture estim\u00e9e":"2 minutes"},"schema":{"@context":"https:\/\/schema.org","@graph":[{"@type":"WebPage","@id":"https:\/\/tiketi.com\/companies\/buses\/climax-coaches\/","url":"https:\/\/tiketi.com\/companies\/buses\/climax-coaches\/","name":"Climax Coaches R\u00e9servation en ligne, billets de bus, itin\u00e9raires et tarifs","isPartOf":{"@id":"https:\/\/tiketi.com\/#website"},"primaryImageOfPage":{"@id":"https:\/\/tiketi.com\/companies\/buses\/climax-coaches\/#primaryimage"},"image":{"@id":"https:\/\/tiketi.com\/companies\/buses\/climax-coaches\/#primaryimage"},"thumbnailUrl":"https:\/\/tiketi.com\/wp-content\/uploads\/2022\/01\/bus-ticket-online-booking.jpg","datePublished":"2022-01-19T11:54:27+00:00","dateModified":"2023-07-25T17:23:52+00:00","description":"Vous recherchez une r\u00e9servation en ligne, une application, des contacts, des itin\u00e9raires, des tarifs et des horaires pour Climax Coaches\u00a0? R\u00e9servez d\u00e8s maintenant vos billets de bus en ligne Climax Coaches \u00e0 bas prix !","breadcrumb":{"@id":"https:\/\/tiketi.com\/companies\/buses\/climax-coaches\/#breadcrumb"},"inLanguage":"fr-FR","potentialAction":[{"@type":"ReadAction","target":["https:\/\/tiketi.com\/companies\/buses\/climax-coaches\/"]}]},{"@type":"ImageObject","inLanguage":"fr-FR","@id":"https:\/\/tiketi.com\/companies\/buses\/climax-coaches\/#primaryimage","url":"https:\/\/tiketi.com\/wp-content\/uploads\/2022\/01\/bus-ticket-online-booking.jpg","contentUrl":"https:\/\/tiketi.com\/wp-content\/uploads\/2022\/01\/bus-ticket-online-booking.jpg","width":1200,"height":206,"caption":"Online Bus Ticket Booking"},{"@type":"BreadcrumbList","@id":"https:\/\/tiketi.com\/companies\/buses\/climax-coaches\/#breadcrumb","itemListElement":[{"@type":"ListItem","position":1,"name":"Home","item":"https:\/\/tiketi.com\/"},{"@type":"ListItem","position":2,"name":"Companies","item":"https:\/\/tiketi.com\/companies\/"},{"@type":"ListItem","position":3,"name":"Buses","item":"https:\/\/tiketi.com\/companies\/buses\/"},{"@type":"ListItem","position":4,"name":"Climax Coaches\u00a0Online Booking, Bus Tickets, Routes &#038; Fares"}]},{"@type":"WebSite","@id":"https:\/\/tiketi.com\/#website","url":"https:\/\/tiketi.com\/","name":"Billets d&#039;avion et de bus, forfaits touristiques et activit\u00e9s - Tiketi.com","description":"Billets d&#039;avion et de bus, Tours, Activit\u00e9s","publisher":{"@id":"https:\/\/tiketi.com\/#organization"},"potentialAction":[{"@type":"SearchAction","target":{"@type":"EntryPoint","urlTemplate":"https:\/\/tiketi.com\/?s={search_term_string}"},"query-input":{"@type":"PropertyValueSpecification","valueRequired":true,"valueName":"search_term_string"}}],"inLanguage":"fr-FR"},{"@type":"Organization","@id":"https:\/\/tiketi.com\/#organization","name":"Tiketi.com","alternateName":"Tiketi","url":"https:\/\/tiketi.com\/","logo":{"@type":"ImageObject","inLanguage":"fr-FR","@id":"https:\/\/tiketi.com\/#\/schema\/logo\/image\/","url":"https:\/\/tiketi.com\/wp-content\/uploads\/2019\/05\/tiketi-logo-696.png","contentUrl":"https:\/\/tiketi.com\/wp-content\/uploads\/2019\/05\/tiketi-logo-696.png","width":696,"height":696,"caption":"Tiketi.com"},"image":{"@id":"https:\/\/tiketi.com\/#\/schema\/logo\/image\/"},"sameAs":["https:\/\/www.facebook.com\/TiketiCom\/"]}]}},"_links":{"self":[{"href":"https:\/\/tiketi.com\/fr-fr\/wp-json\/wp\/v2\/pages\/11271","targetHints":{"allow":["GET"]}}],"collection":[{"href":"https:\/\/tiketi.com\/fr-fr\/wp-json\/wp\/v2\/pages"}],"about":[{"href":"https:\/\/tiketi.com\/fr-fr\/wp-json\/wp\/v2\/types\/page"}],"author":[{"embeddable":true,"href":"https:\/\/tiketi.com\/fr-fr\/wp-json\/wp\/v2\/users\/1"}],"replies":[{"embeddable":true,"href":"https:\/\/tiketi.com\/fr-fr\/wp-json\/wp\/v2\/comments?post=11271"}],"version-history":[{"count":0,"href":"https:\/\/tiketi.com\/fr-fr\/wp-json\/wp\/v2\/pages\/11271\/revisions"}],"up":[{"embeddable":true,"href":"https:\/\/tiketi.com\/fr-fr\/wp-json\/wp\/v2\/pages\/25524"}],"wp:featuredmedia":[{"embeddable":true,"href":"https:\/\/tiketi.com\/fr-fr\/wp-json\/wp\/v2\/media\/13999"}],"wp:attachment":[{"href":"https:\/\/tiketi.com\/fr-fr\/wp-json\/wp\/v2\/media?parent=11271"}],"curies":[{"name":"wp","href":"https:\/\/api.w.org\/{rel}","templated":true}]}}