{"id":11272,"date":"2022-01-19T12:54:27","date_gmt":"2022-01-19T11:54:27","guid":{"rendered":"https:\/\/new.tiketi.com\/ota-high-class-bus-online-booking-bus-tickets-reservation\/"},"modified":"2022-02-18T22:24:00","modified_gmt":"2022-02-18T21:24:00","slug":"ota-high-class-buses","status":"publish","type":"page","link":"https:\/\/tiketi.com\/fr-fr\/ota-high-class-buses\/","title":{"rendered":"R\u00e9servation en ligne de bus Ota High Class, billets de bus, itin\u00e9raire et tarif"},"content":{"rendered":"<h2>Ota High Class Bus R\u00e9servation de billets de bus en ligne Tanzanie<\/h2>\n<h3>D\u00e9couvrez votre itin\u00e9raire de voyage sur le web, le mobile ou l&#039;application et r\u00e9servez d\u00e8s maintenant en ligne des billets de bus Ota High Class pas chers.<\/h3>\n<p>R\u00e9servation en ligne de bus Ota High Class simplifi\u00e9e. Ota High Class est une entreprise de transport de passagers qui est dans l&#039;industrie depuis 2011 \u00e0 ce moment-l\u00e0 en jouant les billets de bus Ota High Class Bus Dar es Salaam To Bukoba. Cette entreprise a commenc\u00e9 les voyages longue distance depuis Dar es Salaam avec ses petits bus avant de faire de grandes innovations dans sa liste de flotte. Alors faites la r\u00e9servation de billets de bus en ligne Ota High Class Bus maintenant!<\/p>\n<h2>FAQ sur la r\u00e9servation en ligne d&#039;Ota High Class Bus<\/h2>\n<h3>Quels sont les prix et les trajets couverts par les bus Greeline Safaris ?<\/h3>\n<p>\u2022 Dar es Salaam \u00e0 Bukoba Tshs 60 000<br \/>\n\u2022 Dar es Salaam \u00e0 Iringa Th 18 000<br \/>\n\u2022 Dar es Salaam \u00e0 Songea Tshs 50 000<br \/>\n\u2022 Dar es Salaam \u00e0 Njombe Tshs 28 000<\/p>\n<h3>Flotte de bus haut de gamme Ota<\/h3>\n<p>C&#039;est l&#039;une des compagnies de bus tanzaniennes qui ont le meilleur stock d&#039;autocars dans leur liste. Bien qu&#039;ils aient commenc\u00e9 avec quelques petits bus, ils ont r\u00e9ussi \u00e0 faire un gros investissement en ajoutant des mod\u00e8les de bus chinois comme Higer, Yutong et Zhongton.<\/p>\n<p>Tous leurs bus de r\u00e9servation en ligne Ota High Class Bus sont de classe semi-luxe avec de nombreuses sp\u00e9cifications \u00e0 bord pour rendre votre voyage relaxant et s\u00fbr. Ils ont un chauffeur expert et une h\u00f4tesse\/h\u00f4te de bus bien exp\u00e9riment\u00e9e qui prendra soin de vous du point de d\u00e9part \u00e0 vos destinations. Vous trouverez ci-dessous les sp\u00e9cifications et services accessibles sur leurs bus\u00a0:<\/p>\n<p>\u2022 Service de climatisation avec gadgets de contr\u00f4le individuels<br \/>\n\u2022 Services de t\u00e9l\u00e9vision \u00e0 partir de sept t\u00e9l\u00e9viseurs \u00e0 \u00e9cran plasma<br \/>\n\u2022 Syst\u00e8me de charge USB pour votre smartphone<br \/>\n\u2022 Si\u00e8ges inclinables deux par deux avec suffisamment d&#039;espace pour les jambes<br \/>\n\u2022 Le meilleur syst\u00e8me audio pour votre divertissement<br \/>\n\u2022 Wi-Fi gratuit dans leurs bus<br \/>\n\u2022 des octets gratuits et des boissons non alcoolis\u00e9es fournies gratuitement<\/p>\n<h3>Quelles sont les coordonn\u00e9es des bus Ota High Class ?<\/h3>\n<p>Ota High Class, Kilwa RD, Mbagala rangi tatu<br \/>\nDar es Salaam, Tanzanie<\/p>\n<h2>Conseils de r\u00e9servation de billets de bus en ligne Ota High Class Bus<\/h2>\n<p>Les OTA de grande classe sont fiers du fait qu&#039;ils sont efficaces, ponctuels, luxueux, fiables, s\u00e9curis\u00e9s, propres et conviviaux, tandis que d&#039;autres peuvent difficilement rassembler les 3 caract\u00e9ristiques ci-dessus.<\/p>\n<p>Ota High class est fier d&#039;\u00eatre efficace, ponctuel, luxueux, fiable, s\u00fbr, propre et convivial, tandis que d&#039;autres peuvent difficilement rassembler les 3 traits ci-dessus. Ils sont fiers de la capacit\u00e9 d&#039;offrir encore plus \u00e0 nos clients estim\u00e9s.<\/p>","protected":false},"excerpt":{"rendered":"<p>Ota High Class Bus Online Bus Ticket Booking Tanzania Discover your travel route on web, mobile or app and book cheap Ota High Class bus tickets online now. Ota High Class bus online booking made easy.\u00a0Ota High Class is a passenger transport firm which has been in the industry since 2011 by that time playing [&hellip;]<\/p>\n","protected":false},"author":1,"featured_media":13999,"parent":0,"menu_order":0,"comment_status":"open","ping_status":"closed","template":"template-home-modern.php","meta":{"footnotes":""},"class_list":["post-11272","page","type-page","status-publish","has-post-thumbnail","hentry"],"yoast_head":"<!-- This site is optimized with the Yoast SEO plugin v27.3 - https:\/\/yoast.com\/product\/yoast-seo-wordpress\/ -->\n<title>Ota High Class Bus Online Booking, Bus Tickets, Route &amp; Fare<\/title>\n<meta name=\"description\" content=\"Looking for Ota High Class bus online booking, bus tickets, route, app, timetable or fare?Make cheap Ota High Class online bus ticket booking online\" \/>\n<meta name=\"robots\" content=\"index, follow, max-snippet:-1, max-image-preview:large, max-video-preview:-1\" \/>\n<link rel=\"canonical\" href=\"https:\/\/tiketi.com\/fr-fr\/ota-high-class-buses\/\" \/>\n<meta property=\"og:locale\" content=\"fr_FR\" \/>\n<meta property=\"og:type\" content=\"article\" \/>\n<meta property=\"og:title\" content=\"Ota High Class Bus Online Booking, Bus Tickets, Route &amp; Fare\" \/>\n<meta property=\"og:description\" content=\"Looking for Ota High Class bus online booking, bus tickets, route, app, timetable or fare?Make cheap Ota High Class online bus ticket booking online\" \/>\n<meta property=\"og:url\" content=\"https:\/\/tiketi.com\/fr-fr\/ota-high-class-buses\/\" \/>\n<meta property=\"og:site_name\" content=\"Tiketi.com\" \/>\n<meta property=\"article:publisher\" content=\"https:\/\/www.facebook.com\/TiketiCom\/\" \/>\n<meta property=\"article:modified_time\" content=\"2022-02-18T21:24:00+00:00\" \/>\n<meta property=\"og:image\" content=\"https:\/\/tiketi.com\/wp-content\/uploads\/2022\/01\/bus-ticket-online-booking.jpg\" \/>\n\t<meta property=\"og:image:width\" content=\"1200\" \/>\n\t<meta property=\"og:image:height\" content=\"206\" \/>\n\t<meta property=\"og:image:type\" content=\"image\/jpeg\" \/>\n<meta name=\"twitter:card\" content=\"summary_large_image\" \/>\n<meta name=\"twitter:label1\" content=\"Dur\u00e9e de lecture estim\u00e9e\" \/>\n\t<meta name=\"twitter:data1\" content=\"2 minutes\" \/>\n<script type=\"application\/ld+json\" class=\"yoast-schema-graph\">{\"@context\":\"https:\\\/\\\/schema.org\",\"@graph\":[{\"@type\":\"WebPage\",\"@id\":\"https:\\\/\\\/tiketi.com\\\/ota-high-class-buses\\\/\",\"url\":\"https:\\\/\\\/tiketi.com\\\/ota-high-class-buses\\\/\",\"name\":\"Ota High Class Bus Online Booking, Bus Tickets, Route & Fare\",\"isPartOf\":{\"@id\":\"https:\\\/\\\/tiketi.com\\\/#website\"},\"primaryImageOfPage\":{\"@id\":\"https:\\\/\\\/tiketi.com\\\/ota-high-class-buses\\\/#primaryimage\"},\"image\":{\"@id\":\"https:\\\/\\\/tiketi.com\\\/ota-high-class-buses\\\/#primaryimage\"},\"thumbnailUrl\":\"https:\\\/\\\/tiketi.com\\\/wp-content\\\/uploads\\\/2022\\\/01\\\/bus-ticket-online-booking.jpg\",\"datePublished\":\"2022-01-19T11:54:27+00:00\",\"dateModified\":\"2022-02-18T21:24:00+00:00\",\"description\":\"Looking for Ota High Class bus online booking, bus tickets, route, app, timetable or fare?Make cheap Ota High Class online bus ticket booking online\",\"breadcrumb\":{\"@id\":\"https:\\\/\\\/tiketi.com\\\/ota-high-class-buses\\\/#breadcrumb\"},\"inLanguage\":\"fr-FR\",\"potentialAction\":[{\"@type\":\"ReadAction\",\"target\":[\"https:\\\/\\\/tiketi.com\\\/ota-high-class-buses\\\/\"]}]},{\"@type\":\"ImageObject\",\"inLanguage\":\"fr-FR\",\"@id\":\"https:\\\/\\\/tiketi.com\\\/ota-high-class-buses\\\/#primaryimage\",\"url\":\"https:\\\/\\\/tiketi.com\\\/wp-content\\\/uploads\\\/2022\\\/01\\\/bus-ticket-online-booking.jpg\",\"contentUrl\":\"https:\\\/\\\/tiketi.com\\\/wp-content\\\/uploads\\\/2022\\\/01\\\/bus-ticket-online-booking.jpg\",\"width\":1200,\"height\":206,\"caption\":\"Online Bus Ticket Booking\"},{\"@type\":\"BreadcrumbList\",\"@id\":\"https:\\\/\\\/tiketi.com\\\/ota-high-class-buses\\\/#breadcrumb\",\"itemListElement\":[{\"@type\":\"ListItem\",\"position\":1,\"name\":\"Home\",\"item\":\"https:\\\/\\\/tiketi.com\\\/\"},{\"@type\":\"ListItem\",\"position\":2,\"name\":\"Ota High Class Bus Online Booking, Bus Tickets, Route &#038; Fare\"}]},{\"@type\":\"WebSite\",\"@id\":\"https:\\\/\\\/tiketi.com\\\/#website\",\"url\":\"https:\\\/\\\/tiketi.com\\\/\",\"name\":\"Flight & Bus Tickets, Tour Packages & Activitites - Tiketi.com\",\"description\":\"Flight &amp; Bus Tickets, Tours, Activitites\",\"publisher\":{\"@id\":\"https:\\\/\\\/tiketi.com\\\/#organization\"},\"potentialAction\":[{\"@type\":\"SearchAction\",\"target\":{\"@type\":\"EntryPoint\",\"urlTemplate\":\"https:\\\/\\\/tiketi.com\\\/?s={search_term_string}\"},\"query-input\":{\"@type\":\"PropertyValueSpecification\",\"valueRequired\":true,\"valueName\":\"search_term_string\"}}],\"inLanguage\":\"fr-FR\"},{\"@type\":\"Organization\",\"@id\":\"https:\\\/\\\/tiketi.com\\\/#organization\",\"name\":\"Tiketi.com\",\"alternateName\":\"Tiketi\",\"url\":\"https:\\\/\\\/tiketi.com\\\/\",\"logo\":{\"@type\":\"ImageObject\",\"inLanguage\":\"fr-FR\",\"@id\":\"https:\\\/\\\/tiketi.com\\\/#\\\/schema\\\/logo\\\/image\\\/\",\"url\":\"https:\\\/\\\/tiketi.com\\\/wp-content\\\/uploads\\\/2019\\\/05\\\/tiketi-logo-696.png\",\"contentUrl\":\"https:\\\/\\\/tiketi.com\\\/wp-content\\\/uploads\\\/2019\\\/05\\\/tiketi-logo-696.png\",\"width\":696,\"height\":696,\"caption\":\"Tiketi.com\"},\"image\":{\"@id\":\"https:\\\/\\\/tiketi.com\\\/#\\\/schema\\\/logo\\\/image\\\/\"},\"sameAs\":[\"https:\\\/\\\/www.facebook.com\\\/TiketiCom\\\/\"]}]}<\/script>\n<!-- \/ Yoast SEO plugin. -->","yoast_head_json":{"title":"R\u00e9servation en ligne de bus Ota High Class, billets de bus, itin\u00e9raire et tarif","description":"\u00c0 la recherche d&#039;une r\u00e9servation en ligne de bus Ota High Class, de billets de bus, d&#039;un itin\u00e9raire, d&#039;une application, d&#039;un horaire ou d&#039;un tarif ?R\u00e9servez en ligne des billets de bus Ota High Class pas chers en ligne","robots":{"index":"index","follow":"follow","max-snippet":"max-snippet:-1","max-image-preview":"max-image-preview:large","max-video-preview":"max-video-preview:-1"},"canonical":"https:\/\/tiketi.com\/fr-fr\/ota-high-class-buses\/","og_locale":"fr_FR","og_type":"article","og_title":"Ota High Class Bus Online Booking, Bus Tickets, Route & Fare","og_description":"Looking for Ota High Class bus online booking, bus tickets, route, app, timetable or fare?Make cheap Ota High Class online bus ticket booking online","og_url":"https:\/\/tiketi.com\/fr-fr\/ota-high-class-buses\/","og_site_name":"Tiketi.com","article_publisher":"https:\/\/www.facebook.com\/TiketiCom\/","article_modified_time":"2022-02-18T21:24:00+00:00","og_image":[{"width":1200,"height":206,"url":"https:\/\/tiketi.com\/wp-content\/uploads\/2022\/01\/bus-ticket-online-booking.jpg","type":"image\/jpeg"}],"twitter_card":"summary_large_image","twitter_misc":{"Dur\u00e9e de lecture estim\u00e9e":"2 minutes"},"schema":{"@context":"https:\/\/schema.org","@graph":[{"@type":"WebPage","@id":"https:\/\/tiketi.com\/ota-high-class-buses\/","url":"https:\/\/tiketi.com\/ota-high-class-buses\/","name":"R\u00e9servation en ligne de bus Ota High Class, billets de bus, itin\u00e9raire et tarif","isPartOf":{"@id":"https:\/\/tiketi.com\/#website"},"primaryImageOfPage":{"@id":"https:\/\/tiketi.com\/ota-high-class-buses\/#primaryimage"},"image":{"@id":"https:\/\/tiketi.com\/ota-high-class-buses\/#primaryimage"},"thumbnailUrl":"https:\/\/tiketi.com\/wp-content\/uploads\/2022\/01\/bus-ticket-online-booking.jpg","datePublished":"2022-01-19T11:54:27+00:00","dateModified":"2022-02-18T21:24:00+00:00","description":"\u00c0 la recherche d&#039;une r\u00e9servation en ligne de bus Ota High Class, de billets de bus, d&#039;un itin\u00e9raire, d&#039;une application, d&#039;un horaire ou d&#039;un tarif ?R\u00e9servez en ligne des billets de bus Ota High Class pas chers en ligne","breadcrumb":{"@id":"https:\/\/tiketi.com\/ota-high-class-buses\/#breadcrumb"},"inLanguage":"fr-FR","potentialAction":[{"@type":"ReadAction","target":["https:\/\/tiketi.com\/ota-high-class-buses\/"]}]},{"@type":"ImageObject","inLanguage":"fr-FR","@id":"https:\/\/tiketi.com\/ota-high-class-buses\/#primaryimage","url":"https:\/\/tiketi.com\/wp-content\/uploads\/2022\/01\/bus-ticket-online-booking.jpg","contentUrl":"https:\/\/tiketi.com\/wp-content\/uploads\/2022\/01\/bus-ticket-online-booking.jpg","width":1200,"height":206,"caption":"Online Bus Ticket Booking"},{"@type":"BreadcrumbList","@id":"https:\/\/tiketi.com\/ota-high-class-buses\/#breadcrumb","itemListElement":[{"@type":"ListItem","position":1,"name":"Home","item":"https:\/\/tiketi.com\/"},{"@type":"ListItem","position":2,"name":"Ota High Class Bus Online Booking, Bus Tickets, Route &#038; Fare"}]},{"@type":"WebSite","@id":"https:\/\/tiketi.com\/#website","url":"https:\/\/tiketi.com\/","name":"Billets d&#039;avion et de bus, forfaits touristiques et activit\u00e9s - Tiketi.com","description":"Billets d&#039;avion et de bus, Tours, Activit\u00e9s","publisher":{"@id":"https:\/\/tiketi.com\/#organization"},"potentialAction":[{"@type":"SearchAction","target":{"@type":"EntryPoint","urlTemplate":"https:\/\/tiketi.com\/?s={search_term_string}"},"query-input":{"@type":"PropertyValueSpecification","valueRequired":true,"valueName":"search_term_string"}}],"inLanguage":"fr-FR"},{"@type":"Organization","@id":"https:\/\/tiketi.com\/#organization","name":"Tiketi.com","alternateName":"Tiketi","url":"https:\/\/tiketi.com\/","logo":{"@type":"ImageObject","inLanguage":"fr-FR","@id":"https:\/\/tiketi.com\/#\/schema\/logo\/image\/","url":"https:\/\/tiketi.com\/wp-content\/uploads\/2019\/05\/tiketi-logo-696.png","contentUrl":"https:\/\/tiketi.com\/wp-content\/uploads\/2019\/05\/tiketi-logo-696.png","width":696,"height":696,"caption":"Tiketi.com"},"image":{"@id":"https:\/\/tiketi.com\/#\/schema\/logo\/image\/"},"sameAs":["https:\/\/www.facebook.com\/TiketiCom\/"]}]}},"_links":{"self":[{"href":"https:\/\/tiketi.com\/fr-fr\/wp-json\/wp\/v2\/pages\/11272","targetHints":{"allow":["GET"]}}],"collection":[{"href":"https:\/\/tiketi.com\/fr-fr\/wp-json\/wp\/v2\/pages"}],"about":[{"href":"https:\/\/tiketi.com\/fr-fr\/wp-json\/wp\/v2\/types\/page"}],"author":[{"embeddable":true,"href":"https:\/\/tiketi.com\/fr-fr\/wp-json\/wp\/v2\/users\/1"}],"replies":[{"embeddable":true,"href":"https:\/\/tiketi.com\/fr-fr\/wp-json\/wp\/v2\/comments?post=11272"}],"version-history":[{"count":0,"href":"https:\/\/tiketi.com\/fr-fr\/wp-json\/wp\/v2\/pages\/11272\/revisions"}],"wp:featuredmedia":[{"embeddable":true,"href":"https:\/\/tiketi.com\/fr-fr\/wp-json\/wp\/v2\/media\/13999"}],"wp:attachment":[{"href":"https:\/\/tiketi.com\/fr-fr\/wp-json\/wp\/v2\/media?parent=11272"}],"curies":[{"name":"wp","href":"https:\/\/api.w.org\/{rel}","templated":true}]}}