{"id":11273,"date":"2022-01-19T12:54:27","date_gmt":"2022-01-19T11:54:27","guid":{"rendered":"https:\/\/new.tiketi.com\/deluxe-tours-bus-online-booking-bus-tickets-reservation\/"},"modified":"2022-02-11T16:57:16","modified_gmt":"2022-02-11T15:57:16","slug":"deluxe-tours-buses","status":"publish","type":"page","link":"https:\/\/tiketi.com\/fr-fr\/deluxe-tours-buses\/","title":{"rendered":"R\u00e9servation en ligne de bus de luxe, r\u00e9servation de billets de bus"},"content":{"rendered":"<h2>Deluxe Tours Bus R\u00e9servation de billets en ligne Tanzanie<\/h2>\n<h3>D\u00e9couvrez votre itin\u00e9raire de voyage sur le web, le mobile ou l&#039;application et r\u00e9servez en ligne des billets de bus Deluxe Tours pas chers.<\/h3>\n<p>La r\u00e9servation en ligne des bus Deluxe Tours est simplifi\u00e9e. \u00c9tant dans l&#039;industrie du transport depuis plus de dix ans, Deluxe tours est une compagnie de bus bas\u00e9e \u00e0 Iringa qui effectue des tourn\u00e9es quotidiennes interr\u00e9gionales en Tanzanie. Fondamentalement, ils ont des services de bus bien programm\u00e9s de la r\u00e9gion d&#039;Iringa \u00e0 la ville de Dar es Salaam via Msamvu Morogoro et offrent la r\u00e9servation de billets en ligne de bus Deluxe Tours.<\/p>\n<h2>Deluxe Tours Bus R\u00e9servation en ligne Iringa \u00e0 Dar es Salaam FAQ<\/h2>\n<h3>Quels sont les trajets couverts par les bus Deluxe Tours ?<\/h3>\n<p>Ceux-ci sont class\u00e9s parmi les meilleures compagnies de bus d&#039;Iringa suite au meilleur statut de leurs clients ainsi qu&#039;aux avis sur Internet. Ils ont des itin\u00e9raires quotidiens d&#039;Iringa \u00e0 Dar es Salaam et vice versa, la plupart du temps ils ont un d\u00e9part mais certains jours ils ont plus d&#039;un bus des deux c\u00f4t\u00e9s.<\/p>\n<p>Bus de luxe d&#039;Iringa \u00e0 Dar es Salaam<\/p>\n<h3>Quelles sont les coordonn\u00e9es des bus de luxe ?<\/h3>\n<p>Iringa, Tanzanie<\/p>\n<h3>Flotte de bus de luxe<\/h3>\n<p>Lors de sa cr\u00e9ation pour les billets de bus Deluxe Tours Bus Iringa To Dar es Salaam, ils utilisaient un mod\u00e8le de bus Scania avec une carrosserie assembl\u00e9e dans le pays par un fabricant de qualit\u00e9 du groupe. Mais ils ont fait une grande innovation dans leur liste de flotte et ils utilisent maintenant un bus chinois Zhongtong pour le m\u00eame itin\u00e9raire.<\/p>\n<p>Leurs nouveaux bus de nouvelle classe avec un label Semi luxe de LATRA, un d\u00e9partement v\u00e9rifi\u00e9 pour le suivi des transports terrestres en Tanzanie.<\/p>\n<p>Leurs bus ont des configurations de si\u00e8ges deux par deux avec un syst\u00e8me de chargement USB sur chaque si\u00e8ge, leurs si\u00e8ges sont \u00e9galement inclinables. Les nouveaux bus chinois ont sept t\u00e9l\u00e9viseurs, un \u00e0 l&#039;avant et 3 de chaque c\u00f4t\u00e9.<\/p>\n<p>Leurs bus sont \u00e9quip\u00e9s d&#039;un climatiseur pour vous fournir de l&#039;air frais et frais pendant que vous voyagez avec eux. WiFi gratuit accessible dans le bus pour que vous puissiez vous connecter \u00e0 Internet tout en profitant de la meilleure musique de leur syst\u00e8me audio dans le bus.<\/p>\n<h2>Deluxe Tours Bus R\u00e9servation de billets en ligne TanzaniaTips<\/h2>\n<p>Outre le transport de passagers, ils transitent \u00e9galement des colis \u00e0 des prix abordables. Les clients peuvent d\u00e9poser leurs colis \u00e0 leurs bureaux de r\u00e9servation t\u00f4t dans la journ\u00e9e pour le transit le jour m\u00eame ou en retard pour le transit le deuxi\u00e8me jour.<\/p>","protected":false},"excerpt":{"rendered":"<p>Deluxe Tours Bus Online Ticket Booking Tanzania Discover your travel route on web, mobile or app and book cheap Deluxe Tours bus tickets online. Deluxe Tours bus online booking made easy.\u00a0Being in the transport industry for more than ten years, Deluxe tours is an Iringa based bus company which play inter regions daily tour in [&hellip;]<\/p>\n","protected":false},"author":1,"featured_media":13999,"parent":0,"menu_order":0,"comment_status":"open","ping_status":"closed","template":"template-home-modern.php","meta":{"footnotes":""},"class_list":["post-11273","page","type-page","status-publish","has-post-thumbnail","hentry"],"yoast_head":"<!-- This site is optimized with the Yoast SEO plugin v27.3 - https:\/\/yoast.com\/product\/yoast-seo-wordpress\/ -->\n<title>Deluxe Tours Bus Online Booking, Bus Tickets, Routes &amp; Fares<\/title>\n<meta name=\"description\" content=\"Looking for Deluxe Tours Bus online booking, app, contacts, route, fare and schedule? Make a cheap Deluxe Tours online bus ticket booking now\" \/>\n<meta name=\"robots\" content=\"index, follow, max-snippet:-1, max-image-preview:large, max-video-preview:-1\" \/>\n<link rel=\"canonical\" href=\"https:\/\/tiketi.com\/fr-fr\/deluxe-tours-buses\/\" \/>\n<meta property=\"og:locale\" content=\"fr_FR\" \/>\n<meta property=\"og:type\" content=\"article\" \/>\n<meta property=\"og:title\" content=\"Deluxe Tours Bus Online Booking, Bus Tickets, Routes &amp; Fares\" \/>\n<meta property=\"og:description\" content=\"Looking for Deluxe Tours Bus online booking, app, contacts, route, fare and schedule? Make a cheap Deluxe Tours online bus ticket booking now\" \/>\n<meta property=\"og:url\" content=\"https:\/\/tiketi.com\/fr-fr\/deluxe-tours-buses\/\" \/>\n<meta property=\"og:site_name\" content=\"Tiketi.com\" \/>\n<meta property=\"article:publisher\" content=\"https:\/\/www.facebook.com\/TiketiCom\/\" \/>\n<meta property=\"article:modified_time\" content=\"2022-02-11T15:57:16+00:00\" \/>\n<meta property=\"og:image\" content=\"https:\/\/tiketi.com\/wp-content\/uploads\/2022\/01\/bus-ticket-online-booking.jpg\" \/>\n\t<meta property=\"og:image:width\" content=\"1200\" \/>\n\t<meta property=\"og:image:height\" content=\"206\" \/>\n\t<meta property=\"og:image:type\" content=\"image\/jpeg\" \/>\n<meta name=\"twitter:card\" content=\"summary_large_image\" \/>\n<meta name=\"twitter:label1\" content=\"Dur\u00e9e de lecture estim\u00e9e\" \/>\n\t<meta name=\"twitter:data1\" content=\"2 minutes\" \/>\n<script type=\"application\/ld+json\" class=\"yoast-schema-graph\">{\"@context\":\"https:\\\/\\\/schema.org\",\"@graph\":[{\"@type\":\"WebPage\",\"@id\":\"https:\\\/\\\/tiketi.com\\\/deluxe-tours-buses\\\/\",\"url\":\"https:\\\/\\\/tiketi.com\\\/deluxe-tours-buses\\\/\",\"name\":\"Deluxe Tours Bus Online Booking, Bus Tickets, Routes & Fares\",\"isPartOf\":{\"@id\":\"https:\\\/\\\/tiketi.com\\\/#website\"},\"primaryImageOfPage\":{\"@id\":\"https:\\\/\\\/tiketi.com\\\/deluxe-tours-buses\\\/#primaryimage\"},\"image\":{\"@id\":\"https:\\\/\\\/tiketi.com\\\/deluxe-tours-buses\\\/#primaryimage\"},\"thumbnailUrl\":\"https:\\\/\\\/tiketi.com\\\/wp-content\\\/uploads\\\/2022\\\/01\\\/bus-ticket-online-booking.jpg\",\"datePublished\":\"2022-01-19T11:54:27+00:00\",\"dateModified\":\"2022-02-11T15:57:16+00:00\",\"description\":\"Looking for Deluxe Tours Bus online booking, app, contacts, route, fare and schedule? Make a cheap Deluxe Tours online bus ticket booking now\",\"breadcrumb\":{\"@id\":\"https:\\\/\\\/tiketi.com\\\/deluxe-tours-buses\\\/#breadcrumb\"},\"inLanguage\":\"fr-FR\",\"potentialAction\":[{\"@type\":\"ReadAction\",\"target\":[\"https:\\\/\\\/tiketi.com\\\/deluxe-tours-buses\\\/\"]}]},{\"@type\":\"ImageObject\",\"inLanguage\":\"fr-FR\",\"@id\":\"https:\\\/\\\/tiketi.com\\\/deluxe-tours-buses\\\/#primaryimage\",\"url\":\"https:\\\/\\\/tiketi.com\\\/wp-content\\\/uploads\\\/2022\\\/01\\\/bus-ticket-online-booking.jpg\",\"contentUrl\":\"https:\\\/\\\/tiketi.com\\\/wp-content\\\/uploads\\\/2022\\\/01\\\/bus-ticket-online-booking.jpg\",\"width\":1200,\"height\":206,\"caption\":\"Online Bus Ticket Booking\"},{\"@type\":\"BreadcrumbList\",\"@id\":\"https:\\\/\\\/tiketi.com\\\/deluxe-tours-buses\\\/#breadcrumb\",\"itemListElement\":[{\"@type\":\"ListItem\",\"position\":1,\"name\":\"Home\",\"item\":\"https:\\\/\\\/tiketi.com\\\/\"},{\"@type\":\"ListItem\",\"position\":2,\"name\":\"Deluxe Tours Bus Online Booking, Bus Tickets Reservation\"}]},{\"@type\":\"WebSite\",\"@id\":\"https:\\\/\\\/tiketi.com\\\/#website\",\"url\":\"https:\\\/\\\/tiketi.com\\\/\",\"name\":\"Flight & Bus Tickets, Tour Packages & Activitites - Tiketi.com\",\"description\":\"Flight &amp; Bus Tickets, Tours, Activitites\",\"publisher\":{\"@id\":\"https:\\\/\\\/tiketi.com\\\/#organization\"},\"potentialAction\":[{\"@type\":\"SearchAction\",\"target\":{\"@type\":\"EntryPoint\",\"urlTemplate\":\"https:\\\/\\\/tiketi.com\\\/?s={search_term_string}\"},\"query-input\":{\"@type\":\"PropertyValueSpecification\",\"valueRequired\":true,\"valueName\":\"search_term_string\"}}],\"inLanguage\":\"fr-FR\"},{\"@type\":\"Organization\",\"@id\":\"https:\\\/\\\/tiketi.com\\\/#organization\",\"name\":\"Tiketi.com\",\"alternateName\":\"Tiketi\",\"url\":\"https:\\\/\\\/tiketi.com\\\/\",\"logo\":{\"@type\":\"ImageObject\",\"inLanguage\":\"fr-FR\",\"@id\":\"https:\\\/\\\/tiketi.com\\\/#\\\/schema\\\/logo\\\/image\\\/\",\"url\":\"https:\\\/\\\/tiketi.com\\\/wp-content\\\/uploads\\\/2019\\\/05\\\/tiketi-logo-696.png\",\"contentUrl\":\"https:\\\/\\\/tiketi.com\\\/wp-content\\\/uploads\\\/2019\\\/05\\\/tiketi-logo-696.png\",\"width\":696,\"height\":696,\"caption\":\"Tiketi.com\"},\"image\":{\"@id\":\"https:\\\/\\\/tiketi.com\\\/#\\\/schema\\\/logo\\\/image\\\/\"},\"sameAs\":[\"https:\\\/\\\/www.facebook.com\\\/TiketiCom\\\/\"]}]}<\/script>\n<!-- \/ Yoast SEO plugin. -->","yoast_head_json":{"title":"R\u00e9servation en ligne de bus Deluxe Tours, billets de bus, itin\u00e9raires et tarifs","description":"Vous recherchez une r\u00e9servation en ligne Deluxe Tours Bus, une application, des contacts, un itin\u00e9raire, un tarif et un horaire? R\u00e9servez d\u00e8s maintenant un billet de bus en ligne Deluxe Tours pas cher","robots":{"index":"index","follow":"follow","max-snippet":"max-snippet:-1","max-image-preview":"max-image-preview:large","max-video-preview":"max-video-preview:-1"},"canonical":"https:\/\/tiketi.com\/fr-fr\/deluxe-tours-buses\/","og_locale":"fr_FR","og_type":"article","og_title":"Deluxe Tours Bus Online Booking, Bus Tickets, Routes & Fares","og_description":"Looking for Deluxe Tours Bus online booking, app, contacts, route, fare and schedule? Make a cheap Deluxe Tours online bus ticket booking now","og_url":"https:\/\/tiketi.com\/fr-fr\/deluxe-tours-buses\/","og_site_name":"Tiketi.com","article_publisher":"https:\/\/www.facebook.com\/TiketiCom\/","article_modified_time":"2022-02-11T15:57:16+00:00","og_image":[{"width":1200,"height":206,"url":"https:\/\/tiketi.com\/wp-content\/uploads\/2022\/01\/bus-ticket-online-booking.jpg","type":"image\/jpeg"}],"twitter_card":"summary_large_image","twitter_misc":{"Dur\u00e9e de lecture estim\u00e9e":"2 minutes"},"schema":{"@context":"https:\/\/schema.org","@graph":[{"@type":"WebPage","@id":"https:\/\/tiketi.com\/deluxe-tours-buses\/","url":"https:\/\/tiketi.com\/deluxe-tours-buses\/","name":"R\u00e9servation en ligne de bus Deluxe Tours, billets de bus, itin\u00e9raires et tarifs","isPartOf":{"@id":"https:\/\/tiketi.com\/#website"},"primaryImageOfPage":{"@id":"https:\/\/tiketi.com\/deluxe-tours-buses\/#primaryimage"},"image":{"@id":"https:\/\/tiketi.com\/deluxe-tours-buses\/#primaryimage"},"thumbnailUrl":"https:\/\/tiketi.com\/wp-content\/uploads\/2022\/01\/bus-ticket-online-booking.jpg","datePublished":"2022-01-19T11:54:27+00:00","dateModified":"2022-02-11T15:57:16+00:00","description":"Vous recherchez une r\u00e9servation en ligne Deluxe Tours Bus, une application, des contacts, un itin\u00e9raire, un tarif et un horaire? R\u00e9servez d\u00e8s maintenant un billet de bus en ligne Deluxe Tours pas cher","breadcrumb":{"@id":"https:\/\/tiketi.com\/deluxe-tours-buses\/#breadcrumb"},"inLanguage":"fr-FR","potentialAction":[{"@type":"ReadAction","target":["https:\/\/tiketi.com\/deluxe-tours-buses\/"]}]},{"@type":"ImageObject","inLanguage":"fr-FR","@id":"https:\/\/tiketi.com\/deluxe-tours-buses\/#primaryimage","url":"https:\/\/tiketi.com\/wp-content\/uploads\/2022\/01\/bus-ticket-online-booking.jpg","contentUrl":"https:\/\/tiketi.com\/wp-content\/uploads\/2022\/01\/bus-ticket-online-booking.jpg","width":1200,"height":206,"caption":"Online Bus Ticket Booking"},{"@type":"BreadcrumbList","@id":"https:\/\/tiketi.com\/deluxe-tours-buses\/#breadcrumb","itemListElement":[{"@type":"ListItem","position":1,"name":"Home","item":"https:\/\/tiketi.com\/"},{"@type":"ListItem","position":2,"name":"Deluxe Tours Bus Online Booking, Bus Tickets Reservation"}]},{"@type":"WebSite","@id":"https:\/\/tiketi.com\/#website","url":"https:\/\/tiketi.com\/","name":"Billets d&#039;avion et de bus, forfaits touristiques et activit\u00e9s - Tiketi.com","description":"Billets d&#039;avion et de bus, Tours, Activit\u00e9s","publisher":{"@id":"https:\/\/tiketi.com\/#organization"},"potentialAction":[{"@type":"SearchAction","target":{"@type":"EntryPoint","urlTemplate":"https:\/\/tiketi.com\/?s={search_term_string}"},"query-input":{"@type":"PropertyValueSpecification","valueRequired":true,"valueName":"search_term_string"}}],"inLanguage":"fr-FR"},{"@type":"Organization","@id":"https:\/\/tiketi.com\/#organization","name":"Tiketi.com","alternateName":"Tiketi","url":"https:\/\/tiketi.com\/","logo":{"@type":"ImageObject","inLanguage":"fr-FR","@id":"https:\/\/tiketi.com\/#\/schema\/logo\/image\/","url":"https:\/\/tiketi.com\/wp-content\/uploads\/2019\/05\/tiketi-logo-696.png","contentUrl":"https:\/\/tiketi.com\/wp-content\/uploads\/2019\/05\/tiketi-logo-696.png","width":696,"height":696,"caption":"Tiketi.com"},"image":{"@id":"https:\/\/tiketi.com\/#\/schema\/logo\/image\/"},"sameAs":["https:\/\/www.facebook.com\/TiketiCom\/"]}]}},"_links":{"self":[{"href":"https:\/\/tiketi.com\/fr-fr\/wp-json\/wp\/v2\/pages\/11273","targetHints":{"allow":["GET"]}}],"collection":[{"href":"https:\/\/tiketi.com\/fr-fr\/wp-json\/wp\/v2\/pages"}],"about":[{"href":"https:\/\/tiketi.com\/fr-fr\/wp-json\/wp\/v2\/types\/page"}],"author":[{"embeddable":true,"href":"https:\/\/tiketi.com\/fr-fr\/wp-json\/wp\/v2\/users\/1"}],"replies":[{"embeddable":true,"href":"https:\/\/tiketi.com\/fr-fr\/wp-json\/wp\/v2\/comments?post=11273"}],"version-history":[{"count":0,"href":"https:\/\/tiketi.com\/fr-fr\/wp-json\/wp\/v2\/pages\/11273\/revisions"}],"wp:featuredmedia":[{"embeddable":true,"href":"https:\/\/tiketi.com\/fr-fr\/wp-json\/wp\/v2\/media\/13999"}],"wp:attachment":[{"href":"https:\/\/tiketi.com\/fr-fr\/wp-json\/wp\/v2\/media?parent=11273"}],"curies":[{"name":"wp","href":"https:\/\/api.w.org\/{rel}","templated":true}]}}