{"id":11274,"date":"2022-01-19T12:54:27","date_gmt":"2022-01-19T11:54:27","guid":{"rendered":"https:\/\/new.tiketi.com\/rayan-coach-online-booking-bus-tickets-reservation\/"},"modified":"2022-10-23T20:37:52","modified_gmt":"2022-10-23T19:37:52","slug":"rayan-coach","status":"publish","type":"page","link":"https:\/\/tiketi.com\/fr-fr\/companies\/buses\/rayan-coach\/","title":{"rendered":"Rayan Coach R\u00e9servation en ligne, billets de bus, itin\u00e9raire et tarif"},"content":{"rendered":"<h2>Rayan Coach R\u00e9servation de billets de bus en ligne Kenya<\/h2>\n<h3>D\u00e9couvrez votre itin\u00e9raire de voyage sur le web, le mobile ou l&#039;application et r\u00e9servez d\u00e8s maintenant en ligne des billets de bus Rayan Coach pas chers.<\/h3>\n<p>La r\u00e9servation en ligne de Rayan Coach simplifi\u00e9e. Rayan Coach Ltd est une compagnie de bus kenyane qui propose des services interurbains quotidiens entre Garissa et la ville de Nairobi. La compagnie de bus est assez nouvelle dans l&#039;industrie du transport, mais en peu de temps, elle a r\u00e9ussi \u00e0 se forger un meilleur statut aupr\u00e8s des clients pour ses meilleurs services. Les bus Rayan partent tous les jours l&#039;apr\u00e8s-midi, le matin et m\u00eame le soir dans les deux villes via la r\u00e9servation en ligne de bus Rayan. Le bus Rayan est devenu le plus concurrent sur la route de Nairobi \u00e0 Garissa, offrant un \u00e9norme d\u00e9fi aux autres entreprises jouant sur ces routes. Il en va de m\u00eame pour la r\u00e9servation de billets de bus en ligne Rayan Coach d\u00e8s maintenant\u00a0!<\/p>\n<h2>FAQ sur la r\u00e9servation en ligne de Rayan Coach, les billets de bus, les itin\u00e9raires et les tarifs<\/h2>\n<h3>Quels sont les horaires de r\u00e9servation en ligne des bus Rayan et les itin\u00e9raires couverts par les bus Rayan Coach ?<\/h3>\n<p><strong>Garissa \u00e0 Nairobi<\/strong><\/p>\n<p>\u2022   5:00 du matin<br \/>\n\u2022 8h30<br \/>\n\u2022   15h30<\/p>\n<p><strong>Nairobi \u00e0 Garissa<\/strong><\/p>\n<p>\u2022 8h30<br \/>\n\u2022 12h45<br \/>\n\u2022   16h30<\/p>\n<h2>Ligne de flotte d&#039;autocars Rayan<\/h2>\n<p>L&#039;entra\u00eeneur Rayan a commenc\u00e9 ses op\u00e9rations avec des unit\u00e9s \u00e0 double essieu de 2 hommes fabriqu\u00e9es par des ma\u00eetres fabricants, mais ils poss\u00e8dent maintenant plus de dix unit\u00e9s d&#039;autobus de luxe avec un int\u00e9rieur bien personnalis\u00e9 et relaxant.<\/p>\n<p>Leurs bus ont des couleurs diff\u00e9rentes allant du rouge \u00e0 l&#039;orange, mais ils ont tous le m\u00eame niveau de relaxation lorsque vous choisissez de voyager avec eux. Lorsque vous avez choisi de voyager avec Rayan Bus, vous b\u00e9n\u00e9ficierez des services et fonctionnalit\u00e9s suivants :<\/p>\n<p>\u2022 Syst\u00e8me de recharge pour chaque si\u00e8ge<br \/>\n\u2022 Itin\u00e9raires de Nairobi \u00e0 Garissa<br \/>\n\u2022 Grand d\u00e9gagement pour les jambes pour plus de confort<br \/>\n\u2022 Si\u00e8ges inclinables deux par deux<br \/>\n\u2022 Grande fen\u00eatre coulissante<br \/>\n\u2022 Syst\u00e8me audio moderne avec haut-parleur autonome<br \/>\n\u2022 Services de climatisation<\/p>\n<h3>Quelles sont les coordonn\u00e9es de la r\u00e9servation en ligne des bus Rayan et des autocars Rayan ?<\/h3>\n<p>Rayan Coach Lt\u00e9e<br \/>\nAdresse : Nairobi, Kenya<br \/>\nDeuxi\u00e8me rue, Nairobi, Kenya<\/p>\n<h2>Rayan Coach R\u00e9servation de billets de bus en ligne Kenya Conseils<\/h2>\n<p>Rayan coach est le plus grand fournisseur de transport interurbain par bus via la r\u00e9servation en ligne de bus Rayan. Il est devenu une ic\u00f4ne du voyage en bus, offrant un voyage agr\u00e9able, s\u00fbr et abordable aux clients.<\/p>\n<p>Alors que Rayan Coach est c\u00e9l\u00e8bre pour son service passagers r\u00e9gulier, l&#039;entreprise propose \u00e9galement plusieurs autres services \u00e0 ses clients, le service Rayan Coach fournit une livraison de colis \u00e0 prix avantageux le jour m\u00eame et t\u00f4t le lendemain \u00e0 1 000 clients.<\/p>","protected":false},"excerpt":{"rendered":"<p>Rayan Coach\u00a0Online Bus Ticket Booking Kenya Discover your travel route on web, mobile or app and book cheap Rayan Coach bus tickets online now. Rayan Coach online booking made easy. Rayan Coach Ltd is a Kenya bus company which offer daily intercity services between Garissa and Nairobi city. The bus company is quite new in [&hellip;]<\/p>\n","protected":false},"author":1,"featured_media":13999,"parent":25524,"menu_order":0,"comment_status":"open","ping_status":"closed","template":"template-home-modern.php","meta":{"footnotes":""},"class_list":["post-11274","page","type-page","status-publish","has-post-thumbnail","hentry"],"yoast_head":"<!-- This site is optimized with the Yoast SEO plugin v27.2 - https:\/\/yoast.com\/product\/yoast-seo-wordpress\/ -->\n<title>Rayan Coach\u00a0Online Booking, Bus Tickets, Route &amp; Fare<\/title>\n<meta name=\"description\" content=\"Looking for Rayan Coach online booking? Make cheap Rayan Coach online bus ticket booking online now and save time and money\" \/>\n<meta name=\"robots\" content=\"index, follow, max-snippet:-1, max-image-preview:large, max-video-preview:-1\" \/>\n<link rel=\"canonical\" href=\"https:\/\/tiketi.com\/fr-fr\/companies\/buses\/rayan-coach\/\" \/>\n<meta property=\"og:locale\" content=\"fr_FR\" \/>\n<meta property=\"og:type\" content=\"article\" \/>\n<meta property=\"og:title\" content=\"Rayan Coach\u00a0Online Booking, Bus Tickets, Route &amp; Fare\" \/>\n<meta property=\"og:description\" content=\"Looking for Rayan Coach online booking? Make cheap Rayan Coach online bus ticket booking online now and save time and money\" \/>\n<meta property=\"og:url\" content=\"https:\/\/tiketi.com\/fr-fr\/companies\/buses\/rayan-coach\/\" \/>\n<meta property=\"og:site_name\" content=\"Tiketi.com\" \/>\n<meta property=\"article:publisher\" content=\"https:\/\/www.facebook.com\/TiketiCom\/\" \/>\n<meta property=\"article:modified_time\" content=\"2022-10-23T19:37:52+00:00\" \/>\n<meta property=\"og:image\" content=\"https:\/\/tiketi.com\/wp-content\/uploads\/2022\/01\/bus-ticket-online-booking.jpg\" \/>\n\t<meta property=\"og:image:width\" content=\"1200\" \/>\n\t<meta property=\"og:image:height\" content=\"206\" \/>\n\t<meta property=\"og:image:type\" content=\"image\/jpeg\" \/>\n<meta name=\"twitter:card\" content=\"summary_large_image\" \/>\n<meta name=\"twitter:label1\" content=\"Dur\u00e9e de lecture estim\u00e9e\" \/>\n\t<meta name=\"twitter:data1\" content=\"2 minutes\" \/>\n<script type=\"application\/ld+json\" class=\"yoast-schema-graph\">{\"@context\":\"https:\/\/schema.org\",\"@graph\":[{\"@type\":\"WebPage\",\"@id\":\"https:\/\/tiketi.com\/companies\/buses\/rayan-coach\/\",\"url\":\"https:\/\/tiketi.com\/companies\/buses\/rayan-coach\/\",\"name\":\"Rayan Coach\u00a0Online Booking, Bus Tickets, Route & Fare\",\"isPartOf\":{\"@id\":\"https:\/\/tiketi.com\/#website\"},\"primaryImageOfPage\":{\"@id\":\"https:\/\/tiketi.com\/companies\/buses\/rayan-coach\/#primaryimage\"},\"image\":{\"@id\":\"https:\/\/tiketi.com\/companies\/buses\/rayan-coach\/#primaryimage\"},\"thumbnailUrl\":\"https:\/\/tiketi.com\/wp-content\/uploads\/2022\/01\/bus-ticket-online-booking.jpg\",\"datePublished\":\"2022-01-19T11:54:27+00:00\",\"dateModified\":\"2022-10-23T19:37:52+00:00\",\"description\":\"Looking for Rayan Coach online booking? Make cheap Rayan Coach online bus ticket booking online now and save time and money\",\"breadcrumb\":{\"@id\":\"https:\/\/tiketi.com\/companies\/buses\/rayan-coach\/#breadcrumb\"},\"inLanguage\":\"fr-FR\",\"potentialAction\":[{\"@type\":\"ReadAction\",\"target\":[\"https:\/\/tiketi.com\/companies\/buses\/rayan-coach\/\"]}]},{\"@type\":\"ImageObject\",\"inLanguage\":\"fr-FR\",\"@id\":\"https:\/\/tiketi.com\/companies\/buses\/rayan-coach\/#primaryimage\",\"url\":\"https:\/\/tiketi.com\/wp-content\/uploads\/2022\/01\/bus-ticket-online-booking.jpg\",\"contentUrl\":\"https:\/\/tiketi.com\/wp-content\/uploads\/2022\/01\/bus-ticket-online-booking.jpg\",\"width\":1200,\"height\":206,\"caption\":\"Online Bus Ticket Booking\"},{\"@type\":\"BreadcrumbList\",\"@id\":\"https:\/\/tiketi.com\/companies\/buses\/rayan-coach\/#breadcrumb\",\"itemListElement\":[{\"@type\":\"ListItem\",\"position\":1,\"name\":\"Home\",\"item\":\"https:\/\/tiketi.com\/\"},{\"@type\":\"ListItem\",\"position\":2,\"name\":\"Companies\",\"item\":\"https:\/\/tiketi.com\/companies\/\"},{\"@type\":\"ListItem\",\"position\":3,\"name\":\"Buses\",\"item\":\"https:\/\/tiketi.com\/companies\/buses\/\"},{\"@type\":\"ListItem\",\"position\":4,\"name\":\"Rayan Coach\u00a0Online Booking, Bus Tickets, Route &#038; Fare\"}]},{\"@type\":\"WebSite\",\"@id\":\"https:\/\/tiketi.com\/#website\",\"url\":\"https:\/\/tiketi.com\/\",\"name\":\"Flight & Bus Tickets, Tour Packages & Activitites - Tiketi.com\",\"description\":\"Flight &amp; Bus Tickets, Tours, Activitites\",\"publisher\":{\"@id\":\"https:\/\/tiketi.com\/#organization\"},\"potentialAction\":[{\"@type\":\"SearchAction\",\"target\":{\"@type\":\"EntryPoint\",\"urlTemplate\":\"https:\/\/tiketi.com\/?s={search_term_string}\"},\"query-input\":{\"@type\":\"PropertyValueSpecification\",\"valueRequired\":true,\"valueName\":\"search_term_string\"}}],\"inLanguage\":\"fr-FR\"},{\"@type\":\"Organization\",\"@id\":\"https:\/\/tiketi.com\/#organization\",\"name\":\"Tiketi.com\",\"alternateName\":\"Tiketi\",\"url\":\"https:\/\/tiketi.com\/\",\"logo\":{\"@type\":\"ImageObject\",\"inLanguage\":\"fr-FR\",\"@id\":\"https:\/\/tiketi.com\/#\/schema\/logo\/image\/\",\"url\":\"https:\/\/tiketi.com\/wp-content\/uploads\/2019\/05\/tiketi-logo-696.png\",\"contentUrl\":\"https:\/\/tiketi.com\/wp-content\/uploads\/2019\/05\/tiketi-logo-696.png\",\"width\":696,\"height\":696,\"caption\":\"Tiketi.com\"},\"image\":{\"@id\":\"https:\/\/tiketi.com\/#\/schema\/logo\/image\/\"},\"sameAs\":[\"https:\/\/www.facebook.com\/TiketiCom\/\"]}]}<\/script>\n<!-- \/ Yoast SEO plugin. -->","yoast_head_json":{"title":"Rayan Coach R\u00e9servation en ligne, billets de bus, itin\u00e9raire et tarif","description":"Vous recherchez une r\u00e9servation en ligne de Rayan Coach ? R\u00e9servez d\u00e8s maintenant vos billets de bus Rayan Coach en ligne et \u00e9conomisez du temps et de l&#039;argent","robots":{"index":"index","follow":"follow","max-snippet":"max-snippet:-1","max-image-preview":"max-image-preview:large","max-video-preview":"max-video-preview:-1"},"canonical":"https:\/\/tiketi.com\/fr-fr\/companies\/buses\/rayan-coach\/","og_locale":"fr_FR","og_type":"article","og_title":"Rayan Coach\u00a0Online Booking, Bus Tickets, Route & Fare","og_description":"Looking for Rayan Coach online booking? Make cheap Rayan Coach online bus ticket booking online now and save time and money","og_url":"https:\/\/tiketi.com\/fr-fr\/companies\/buses\/rayan-coach\/","og_site_name":"Tiketi.com","article_publisher":"https:\/\/www.facebook.com\/TiketiCom\/","article_modified_time":"2022-10-23T19:37:52+00:00","og_image":[{"width":1200,"height":206,"url":"https:\/\/tiketi.com\/wp-content\/uploads\/2022\/01\/bus-ticket-online-booking.jpg","type":"image\/jpeg"}],"twitter_card":"summary_large_image","twitter_misc":{"Dur\u00e9e de lecture estim\u00e9e":"2 minutes"},"schema":{"@context":"https:\/\/schema.org","@graph":[{"@type":"WebPage","@id":"https:\/\/tiketi.com\/companies\/buses\/rayan-coach\/","url":"https:\/\/tiketi.com\/companies\/buses\/rayan-coach\/","name":"Rayan Coach R\u00e9servation en ligne, billets de bus, itin\u00e9raire et tarif","isPartOf":{"@id":"https:\/\/tiketi.com\/#website"},"primaryImageOfPage":{"@id":"https:\/\/tiketi.com\/companies\/buses\/rayan-coach\/#primaryimage"},"image":{"@id":"https:\/\/tiketi.com\/companies\/buses\/rayan-coach\/#primaryimage"},"thumbnailUrl":"https:\/\/tiketi.com\/wp-content\/uploads\/2022\/01\/bus-ticket-online-booking.jpg","datePublished":"2022-01-19T11:54:27+00:00","dateModified":"2022-10-23T19:37:52+00:00","description":"Vous recherchez une r\u00e9servation en ligne de Rayan Coach ? R\u00e9servez d\u00e8s maintenant vos billets de bus Rayan Coach en ligne et \u00e9conomisez du temps et de l&#039;argent","breadcrumb":{"@id":"https:\/\/tiketi.com\/companies\/buses\/rayan-coach\/#breadcrumb"},"inLanguage":"fr-FR","potentialAction":[{"@type":"ReadAction","target":["https:\/\/tiketi.com\/companies\/buses\/rayan-coach\/"]}]},{"@type":"ImageObject","inLanguage":"fr-FR","@id":"https:\/\/tiketi.com\/companies\/buses\/rayan-coach\/#primaryimage","url":"https:\/\/tiketi.com\/wp-content\/uploads\/2022\/01\/bus-ticket-online-booking.jpg","contentUrl":"https:\/\/tiketi.com\/wp-content\/uploads\/2022\/01\/bus-ticket-online-booking.jpg","width":1200,"height":206,"caption":"Online Bus Ticket Booking"},{"@type":"BreadcrumbList","@id":"https:\/\/tiketi.com\/companies\/buses\/rayan-coach\/#breadcrumb","itemListElement":[{"@type":"ListItem","position":1,"name":"Home","item":"https:\/\/tiketi.com\/"},{"@type":"ListItem","position":2,"name":"Companies","item":"https:\/\/tiketi.com\/companies\/"},{"@type":"ListItem","position":3,"name":"Buses","item":"https:\/\/tiketi.com\/companies\/buses\/"},{"@type":"ListItem","position":4,"name":"Rayan Coach\u00a0Online Booking, Bus Tickets, Route &#038; Fare"}]},{"@type":"WebSite","@id":"https:\/\/tiketi.com\/#website","url":"https:\/\/tiketi.com\/","name":"Billets d&#039;avion et de bus, forfaits touristiques et activit\u00e9s - Tiketi.com","description":"Billets d&#039;avion et de bus, Tours, Activit\u00e9s","publisher":{"@id":"https:\/\/tiketi.com\/#organization"},"potentialAction":[{"@type":"SearchAction","target":{"@type":"EntryPoint","urlTemplate":"https:\/\/tiketi.com\/?s={search_term_string}"},"query-input":{"@type":"PropertyValueSpecification","valueRequired":true,"valueName":"search_term_string"}}],"inLanguage":"fr-FR"},{"@type":"Organization","@id":"https:\/\/tiketi.com\/#organization","name":"Tiketi.com","alternateName":"Tiketi","url":"https:\/\/tiketi.com\/","logo":{"@type":"ImageObject","inLanguage":"fr-FR","@id":"https:\/\/tiketi.com\/#\/schema\/logo\/image\/","url":"https:\/\/tiketi.com\/wp-content\/uploads\/2019\/05\/tiketi-logo-696.png","contentUrl":"https:\/\/tiketi.com\/wp-content\/uploads\/2019\/05\/tiketi-logo-696.png","width":696,"height":696,"caption":"Tiketi.com"},"image":{"@id":"https:\/\/tiketi.com\/#\/schema\/logo\/image\/"},"sameAs":["https:\/\/www.facebook.com\/TiketiCom\/"]}]}},"_links":{"self":[{"href":"https:\/\/tiketi.com\/fr-fr\/wp-json\/wp\/v2\/pages\/11274","targetHints":{"allow":["GET"]}}],"collection":[{"href":"https:\/\/tiketi.com\/fr-fr\/wp-json\/wp\/v2\/pages"}],"about":[{"href":"https:\/\/tiketi.com\/fr-fr\/wp-json\/wp\/v2\/types\/page"}],"author":[{"embeddable":true,"href":"https:\/\/tiketi.com\/fr-fr\/wp-json\/wp\/v2\/users\/1"}],"replies":[{"embeddable":true,"href":"https:\/\/tiketi.com\/fr-fr\/wp-json\/wp\/v2\/comments?post=11274"}],"version-history":[{"count":0,"href":"https:\/\/tiketi.com\/fr-fr\/wp-json\/wp\/v2\/pages\/11274\/revisions"}],"up":[{"embeddable":true,"href":"https:\/\/tiketi.com\/fr-fr\/wp-json\/wp\/v2\/pages\/25524"}],"wp:featuredmedia":[{"embeddable":true,"href":"https:\/\/tiketi.com\/fr-fr\/wp-json\/wp\/v2\/media\/13999"}],"wp:attachment":[{"href":"https:\/\/tiketi.com\/fr-fr\/wp-json\/wp\/v2\/media?parent=11274"}],"curies":[{"name":"wp","href":"https:\/\/api.w.org\/{rel}","templated":true}]}}