{"id":11275,"date":"2022-01-19T12:54:27","date_gmt":"2022-01-19T11:54:27","guid":{"rendered":"https:\/\/new.tiketi.com\/galaxy-express-online-booking-shuttle-bus-tickets-reservation\/"},"modified":"2022-07-14T13:02:03","modified_gmt":"2022-07-14T12:02:03","slug":"galaxy-expresss-buses","status":"publish","type":"page","link":"https:\/\/tiketi.com\/fr-fr\/galaxy-expresss-buses\/","title":{"rendered":"R\u00e9servation en ligne Galaxy Express, billets de navette, itin\u00e9raire et tarif"},"content":{"rendered":"<p><strong>Un d:\u00a0<\/strong><\/p>\n<p><strong><a href=\"https:\/\/fiymo.com\/register\" target=\"_blank\" rel=\"noopener\"><\/a><\/strong><\/p>\n<h2>R\u00e9servation en ligne de billets de bus Galaxy Express Shuttle<\/h2>\n<h3>D\u00e9couvrez votre itin\u00e9raire de voyage sur le web, le mobile ou l&#039;application et r\u00e9servez en ligne d\u00e8s maintenant des billets de bus Galaxy Express pas chers.<\/h3>\n<p>R\u00e9servation en ligne Galaxy Express simplifi\u00e9e. La navette Galaxy Express est une compagnie de bus de passagers op\u00e9rant entre l&#039;ouest du Kenya et Nairobi. Outre le transport de passagers et de fret, ils louent \u00e9galement leurs v\u00e9hicules \u00e0 des institutions en Afrique de l&#039;Est, principalement au Kenya. Il en va de m\u00eame pour la r\u00e9servation de billets de bus en ligne Galaxy Express Shuttle d\u00e8s maintenant !<\/p>\n<h2>FAQ sur la r\u00e9servation en ligne Galaxy Express, les contacts, les itin\u00e9raires et les tarifs<\/h2>\n<h3>Quels sont les horaires et les trajets des navettes Galaxy Express ?<\/h3>\n<p>Ils jouent dans les grands itin\u00e9raires suivants au Kenya via les billets de bus Galaxy Express avec leur horaire indiqu\u00e9 ci-dessous :<\/p>\n<p><strong>1er parcours<\/strong><\/p>\n<p>Oyugis \u00e0 Nairobi 6 heures du matin<br \/>\nHoma Bay \u00e0 Nairobi 7 heures du matin<br \/>\nMigori \u00e0 Nairobi 6 heures du matin<\/p>\n<p><strong>2\u00e8me parcours<\/strong><\/p>\n<p>Migrorti \u00e0 Nairobi 7h00<br \/>\nOyugis \u00e0 Nairobi 7h00<br \/>\nHoma Bay \u00e0 Nairobi 9 h<\/p>\n<p><strong>Nuit<\/strong><\/p>\n<p>Nairobi \u00e0 Oyugis 20 h<br \/>\nNairobi \u00e0 Migori 20h<br \/>\nNairobi \u00e0 Homa Bay 20 h<br \/>\nOyugis \u00e0 Nairobi 20h<br \/>\nHoma Bay \u00e0 Nairobi 20 h<br \/>\nMigori \u00e0 Nairobi 20h<\/p>\n<h3>Flotte de navettes Galaxy Express<\/h3>\n<p>Toutes leurs navettes ont des si\u00e8ges inclinables avec suffisamment d&#039;espace pour vos jambes pour vous permettre de faire des voyages relaxants. Ils ont une large gamme de places assises pour r\u00e9pondre \u00e0 vos besoins de location de v\u00e9hicules de 11, 14, 16 et 19 places.<\/p>\n<p>Toutes leurs flottes ont des \u00e9crans LCD avec le meilleur syst\u00e8me audio \u00e9quip\u00e9 pour vous divertir avec des chauffeurs amicaux, professionnels et courtois avec qui vous pouvez interagir et discuter librement.<\/p>\n<h3>Quelles sont les coordonn\u00e9es des navettes Galaxy Express ?<\/h3>\n<p>Galaxy Express SACCO LTD<br \/>\nNairobi, Kenya<\/p>\n<h2>Galaxy Express Shuttle R\u00e9servation de billets de bus en ligne Kenya Conseils<\/h2>\n<p>La navette Galaxy Express est c\u00e9l\u00e8bre pour son service de bus s\u00fbr, suffisant et ponctuel. Plusieurs types de flotte g\u00e9r\u00e9s par la navette Galaxy Express permettent de relier diff\u00e9rents itin\u00e9raires. Galaxy s&#039;efforce de maintenir sa norme et d&#039;offrir une exp\u00e9rience de voyage en bus \u00e9conomique \u00e0 long terme.<\/p>\n<p>Ils se sont arr\u00eat\u00e9s \u00e0 l&#039;escale de Narok au remarquable restaurant Bella Simba, sans foule, qui propose une cuisine \u00e9poustouflante \u00e0 un prix comp\u00e9titif avec un coin salon en plein air avec un grill nyamchom o\u00f9 vous pouvez voir comment votre nyama est pr\u00e9par\u00e9 et nettoyer les toilettes.<\/p>","protected":false},"excerpt":{"rendered":"<p>Ad:\u00a0 Galaxy Express Shuttle Online Bus Ticket Booking Discover your travel route on web, mobile or app and book cheap Galaxy Express bus tickets online now. Galaxy Express online booking made easy.\u00a0Galaxy Express shuttle is a passenger bus company operating between Western Kenya and Nairobi. Apart from passengers and Cargo transport, they also hire their [&hellip;]<\/p>\n","protected":false},"author":1,"featured_media":13999,"parent":0,"menu_order":0,"comment_status":"open","ping_status":"closed","template":"template-home-modern.php","meta":{"footnotes":""},"class_list":["post-11275","page","type-page","status-publish","has-post-thumbnail","hentry"],"yoast_head":"<!-- This site is optimized with the Yoast SEO plugin v27.4 - https:\/\/yoast.com\/product\/yoast-seo-wordpress\/ -->\n<title>Galaxy Express Online Booking, Shuttle Bus Tickets, Route &amp; Fare<\/title>\n<meta name=\"description\" content=\"Looking for Galaxy Express online booking, app, bus routes, fare and schedule? Make a cheap Galaxy Express shuttle online bus ticket booking\" \/>\n<meta name=\"robots\" content=\"index, follow, max-snippet:-1, max-image-preview:large, max-video-preview:-1\" \/>\n<link rel=\"canonical\" href=\"https:\/\/tiketi.com\/fr-fr\/galaxy-expresss-buses\/\" \/>\n<meta property=\"og:locale\" content=\"fr_FR\" \/>\n<meta property=\"og:type\" content=\"article\" \/>\n<meta property=\"og:title\" content=\"Galaxy Express Online Booking, Shuttle Bus Tickets, Route &amp; Fare\" \/>\n<meta property=\"og:description\" content=\"Looking for Galaxy Express online booking, app, bus routes, fare and schedule? Make a cheap Galaxy Express shuttle online bus ticket booking\" \/>\n<meta property=\"og:url\" content=\"https:\/\/tiketi.com\/fr-fr\/galaxy-expresss-buses\/\" \/>\n<meta property=\"og:site_name\" content=\"Tiketi.com\" \/>\n<meta property=\"article:publisher\" content=\"https:\/\/www.facebook.com\/TiketiCom\/\" \/>\n<meta property=\"article:modified_time\" content=\"2022-07-14T12:02:03+00:00\" \/>\n<meta property=\"og:image\" content=\"https:\/\/tiketi.com\/wp-content\/uploads\/2022\/01\/bus-ticket-online-booking.jpg\" \/>\n\t<meta property=\"og:image:width\" content=\"1200\" \/>\n\t<meta property=\"og:image:height\" content=\"206\" \/>\n\t<meta property=\"og:image:type\" content=\"image\/jpeg\" \/>\n<meta name=\"twitter:card\" content=\"summary_large_image\" \/>\n<meta name=\"twitter:label1\" content=\"Dur\u00e9e de lecture estim\u00e9e\" \/>\n\t<meta name=\"twitter:data1\" content=\"2 minutes\" \/>\n<script type=\"application\/ld+json\" class=\"yoast-schema-graph\">{\"@context\":\"https:\\\/\\\/schema.org\",\"@graph\":[{\"@type\":\"WebPage\",\"@id\":\"https:\\\/\\\/tiketi.com\\\/galaxy-expresss-buses\\\/\",\"url\":\"https:\\\/\\\/tiketi.com\\\/galaxy-expresss-buses\\\/\",\"name\":\"Galaxy Express Online Booking, Shuttle Bus Tickets, Route & Fare\",\"isPartOf\":{\"@id\":\"https:\\\/\\\/tiketi.com\\\/#website\"},\"primaryImageOfPage\":{\"@id\":\"https:\\\/\\\/tiketi.com\\\/galaxy-expresss-buses\\\/#primaryimage\"},\"image\":{\"@id\":\"https:\\\/\\\/tiketi.com\\\/galaxy-expresss-buses\\\/#primaryimage\"},\"thumbnailUrl\":\"https:\\\/\\\/tiketi.com\\\/wp-content\\\/uploads\\\/2022\\\/01\\\/bus-ticket-online-booking.jpg\",\"datePublished\":\"2022-01-19T11:54:27+00:00\",\"dateModified\":\"2022-07-14T12:02:03+00:00\",\"description\":\"Looking for Galaxy Express online booking, app, bus routes, fare and schedule? Make a cheap Galaxy Express shuttle online bus ticket booking\",\"breadcrumb\":{\"@id\":\"https:\\\/\\\/tiketi.com\\\/galaxy-expresss-buses\\\/#breadcrumb\"},\"inLanguage\":\"fr-FR\",\"potentialAction\":[{\"@type\":\"ReadAction\",\"target\":[\"https:\\\/\\\/tiketi.com\\\/galaxy-expresss-buses\\\/\"]}]},{\"@type\":\"ImageObject\",\"inLanguage\":\"fr-FR\",\"@id\":\"https:\\\/\\\/tiketi.com\\\/galaxy-expresss-buses\\\/#primaryimage\",\"url\":\"https:\\\/\\\/tiketi.com\\\/wp-content\\\/uploads\\\/2022\\\/01\\\/bus-ticket-online-booking.jpg\",\"contentUrl\":\"https:\\\/\\\/tiketi.com\\\/wp-content\\\/uploads\\\/2022\\\/01\\\/bus-ticket-online-booking.jpg\",\"width\":1200,\"height\":206,\"caption\":\"Online Bus Ticket Booking\"},{\"@type\":\"BreadcrumbList\",\"@id\":\"https:\\\/\\\/tiketi.com\\\/galaxy-expresss-buses\\\/#breadcrumb\",\"itemListElement\":[{\"@type\":\"ListItem\",\"position\":1,\"name\":\"Home\",\"item\":\"https:\\\/\\\/tiketi.com\\\/\"},{\"@type\":\"ListItem\",\"position\":2,\"name\":\"Galaxy Express Online Booking, Shuttle Bus Tickets, Route &#038; Fare\"}]},{\"@type\":\"WebSite\",\"@id\":\"https:\\\/\\\/tiketi.com\\\/#website\",\"url\":\"https:\\\/\\\/tiketi.com\\\/\",\"name\":\"Flight & Bus Tickets, Tour Packages & Activitites - Tiketi.com\",\"description\":\"Flight &amp; Bus Tickets, Tours, Activitites\",\"publisher\":{\"@id\":\"https:\\\/\\\/tiketi.com\\\/#organization\"},\"potentialAction\":[{\"@type\":\"SearchAction\",\"target\":{\"@type\":\"EntryPoint\",\"urlTemplate\":\"https:\\\/\\\/tiketi.com\\\/?s={search_term_string}\"},\"query-input\":{\"@type\":\"PropertyValueSpecification\",\"valueRequired\":true,\"valueName\":\"search_term_string\"}}],\"inLanguage\":\"fr-FR\"},{\"@type\":\"Organization\",\"@id\":\"https:\\\/\\\/tiketi.com\\\/#organization\",\"name\":\"Tiketi.com\",\"alternateName\":\"Tiketi\",\"url\":\"https:\\\/\\\/tiketi.com\\\/\",\"logo\":{\"@type\":\"ImageObject\",\"inLanguage\":\"fr-FR\",\"@id\":\"https:\\\/\\\/tiketi.com\\\/#\\\/schema\\\/logo\\\/image\\\/\",\"url\":\"https:\\\/\\\/tiketi.com\\\/wp-content\\\/uploads\\\/2019\\\/05\\\/tiketi-logo-696.png\",\"contentUrl\":\"https:\\\/\\\/tiketi.com\\\/wp-content\\\/uploads\\\/2019\\\/05\\\/tiketi-logo-696.png\",\"width\":696,\"height\":696,\"caption\":\"Tiketi.com\"},\"image\":{\"@id\":\"https:\\\/\\\/tiketi.com\\\/#\\\/schema\\\/logo\\\/image\\\/\"},\"sameAs\":[\"https:\\\/\\\/www.facebook.com\\\/TiketiCom\\\/\"]}]}<\/script>\n<!-- \/ Yoast SEO plugin. -->","yoast_head_json":{"title":"R\u00e9servation en ligne Galaxy Express, billets de navette, itin\u00e9raire et tarif","description":"Vous recherchez une r\u00e9servation en ligne Galaxy Express, une application, des itin\u00e9raires de bus, des tarifs et des horaires? Faire une r\u00e9servation de billet de bus en ligne navette Galaxy Express pas cher","robots":{"index":"index","follow":"follow","max-snippet":"max-snippet:-1","max-image-preview":"max-image-preview:large","max-video-preview":"max-video-preview:-1"},"canonical":"https:\/\/tiketi.com\/fr-fr\/galaxy-expresss-buses\/","og_locale":"fr_FR","og_type":"article","og_title":"Galaxy Express Online Booking, Shuttle Bus Tickets, Route & Fare","og_description":"Looking for Galaxy Express online booking, app, bus routes, fare and schedule? Make a cheap Galaxy Express shuttle online bus ticket booking","og_url":"https:\/\/tiketi.com\/fr-fr\/galaxy-expresss-buses\/","og_site_name":"Tiketi.com","article_publisher":"https:\/\/www.facebook.com\/TiketiCom\/","article_modified_time":"2022-07-14T12:02:03+00:00","og_image":[{"width":1200,"height":206,"url":"https:\/\/tiketi.com\/wp-content\/uploads\/2022\/01\/bus-ticket-online-booking.jpg","type":"image\/jpeg"}],"twitter_card":"summary_large_image","twitter_misc":{"Dur\u00e9e de lecture estim\u00e9e":"2 minutes"},"schema":{"@context":"https:\/\/schema.org","@graph":[{"@type":"WebPage","@id":"https:\/\/tiketi.com\/galaxy-expresss-buses\/","url":"https:\/\/tiketi.com\/galaxy-expresss-buses\/","name":"R\u00e9servation en ligne Galaxy Express, billets de navette, itin\u00e9raire et tarif","isPartOf":{"@id":"https:\/\/tiketi.com\/#website"},"primaryImageOfPage":{"@id":"https:\/\/tiketi.com\/galaxy-expresss-buses\/#primaryimage"},"image":{"@id":"https:\/\/tiketi.com\/galaxy-expresss-buses\/#primaryimage"},"thumbnailUrl":"https:\/\/tiketi.com\/wp-content\/uploads\/2022\/01\/bus-ticket-online-booking.jpg","datePublished":"2022-01-19T11:54:27+00:00","dateModified":"2022-07-14T12:02:03+00:00","description":"Vous recherchez une r\u00e9servation en ligne Galaxy Express, une application, des itin\u00e9raires de bus, des tarifs et des horaires? Faire une r\u00e9servation de billet de bus en ligne navette Galaxy Express pas cher","breadcrumb":{"@id":"https:\/\/tiketi.com\/galaxy-expresss-buses\/#breadcrumb"},"inLanguage":"fr-FR","potentialAction":[{"@type":"ReadAction","target":["https:\/\/tiketi.com\/galaxy-expresss-buses\/"]}]},{"@type":"ImageObject","inLanguage":"fr-FR","@id":"https:\/\/tiketi.com\/galaxy-expresss-buses\/#primaryimage","url":"https:\/\/tiketi.com\/wp-content\/uploads\/2022\/01\/bus-ticket-online-booking.jpg","contentUrl":"https:\/\/tiketi.com\/wp-content\/uploads\/2022\/01\/bus-ticket-online-booking.jpg","width":1200,"height":206,"caption":"Online Bus Ticket Booking"},{"@type":"BreadcrumbList","@id":"https:\/\/tiketi.com\/galaxy-expresss-buses\/#breadcrumb","itemListElement":[{"@type":"ListItem","position":1,"name":"Home","item":"https:\/\/tiketi.com\/"},{"@type":"ListItem","position":2,"name":"Galaxy Express Online Booking, Shuttle Bus Tickets, Route &#038; Fare"}]},{"@type":"WebSite","@id":"https:\/\/tiketi.com\/#website","url":"https:\/\/tiketi.com\/","name":"Billets d&#039;avion et de bus, forfaits touristiques et activit\u00e9s - Tiketi.com","description":"Billets d&#039;avion et de bus, Tours, Activit\u00e9s","publisher":{"@id":"https:\/\/tiketi.com\/#organization"},"potentialAction":[{"@type":"SearchAction","target":{"@type":"EntryPoint","urlTemplate":"https:\/\/tiketi.com\/?s={search_term_string}"},"query-input":{"@type":"PropertyValueSpecification","valueRequired":true,"valueName":"search_term_string"}}],"inLanguage":"fr-FR"},{"@type":"Organization","@id":"https:\/\/tiketi.com\/#organization","name":"Tiketi.com","alternateName":"Tiketi","url":"https:\/\/tiketi.com\/","logo":{"@type":"ImageObject","inLanguage":"fr-FR","@id":"https:\/\/tiketi.com\/#\/schema\/logo\/image\/","url":"https:\/\/tiketi.com\/wp-content\/uploads\/2019\/05\/tiketi-logo-696.png","contentUrl":"https:\/\/tiketi.com\/wp-content\/uploads\/2019\/05\/tiketi-logo-696.png","width":696,"height":696,"caption":"Tiketi.com"},"image":{"@id":"https:\/\/tiketi.com\/#\/schema\/logo\/image\/"},"sameAs":["https:\/\/www.facebook.com\/TiketiCom\/"]}]}},"_links":{"self":[{"href":"https:\/\/tiketi.com\/fr-fr\/wp-json\/wp\/v2\/pages\/11275","targetHints":{"allow":["GET"]}}],"collection":[{"href":"https:\/\/tiketi.com\/fr-fr\/wp-json\/wp\/v2\/pages"}],"about":[{"href":"https:\/\/tiketi.com\/fr-fr\/wp-json\/wp\/v2\/types\/page"}],"author":[{"embeddable":true,"href":"https:\/\/tiketi.com\/fr-fr\/wp-json\/wp\/v2\/users\/1"}],"replies":[{"embeddable":true,"href":"https:\/\/tiketi.com\/fr-fr\/wp-json\/wp\/v2\/comments?post=11275"}],"version-history":[{"count":0,"href":"https:\/\/tiketi.com\/fr-fr\/wp-json\/wp\/v2\/pages\/11275\/revisions"}],"wp:featuredmedia":[{"embeddable":true,"href":"https:\/\/tiketi.com\/fr-fr\/wp-json\/wp\/v2\/media\/13999"}],"wp:attachment":[{"href":"https:\/\/tiketi.com\/fr-fr\/wp-json\/wp\/v2\/media?parent=11275"}],"curies":[{"name":"wp","href":"https:\/\/api.w.org\/{rel}","templated":true}]}}