{"id":11276,"date":"2022-01-19T12:54:27","date_gmt":"2022-01-19T11:54:27","guid":{"rendered":"https:\/\/new.tiketi.com\/moyale-liner-online-booking-bus-tickets-reservation\/"},"modified":"2022-08-21T18:49:44","modified_gmt":"2022-08-21T17:49:44","slug":"moyale-liner-buses","status":"publish","type":"page","link":"https:\/\/tiketi.com\/fr-fr\/moyale-liner-buses\/","title":{"rendered":"Moyale Liner R\u00e9servation en ligne, billets de bus, itin\u00e9raire, horaires et tarifs"},"content":{"rendered":"<h2>R\u00e9servation de billets de bus en ligne Moyale Liner<\/h2>\n<h3>D\u00e9couvrez votre itin\u00e9raire de voyage sur le web, le mobile ou l&#039;application et r\u00e9servez en ligne d\u00e8s maintenant des billets de bus Moyale Liner pas chers.<\/h3>\n<p>La r\u00e9servation en ligne de Moyale Liner simplifi\u00e9e. Moyale Liner est une compagnie de bus k\u00e9nyane qui fournit des services de transport public tels que le service de transfert de passagers ainsi que des colis. Ils parcourent la route de Nairobi \u00e0 Moyale via des billets de bus Moyale Liner o\u00f9 ils offrent un service de colis et de passagers incroyable. Cette entreprise a \u00e9t\u00e9 fond\u00e9e le 25 d\u00e9cembre 2013. Faites de m\u00eame pour la r\u00e9servation de billets de bus en ligne Moyale Liner maintenant et \u00e9conomisez du temps et de l&#039;argent !<\/p>\n<h2>Moyale Liner R\u00e9servation en ligne, billets de bus, contacts, itin\u00e9raires et tarifs FAQ<\/h2>\n<h3>Quels sont les trajets couverts par les bus Moyale Liner ?<\/h3>\n<p>\u2022 Nairobi \u00e0 Isole<br \/>\n\u2022 Nairobi \u00e0 Moyale<br \/>\n\u2022 Nairobi \u00e0 Moyaliso<\/p>\n<h3>Ligne de la flotte de bus Moyale Liner<\/h3>\n<p>C&#039;est le plus grand plaisir d&#039;embarquer \u00e0 bord de leur bus de luxe Scania qui offre des services tr\u00e8s sp\u00e9ciaux et uniques \u00e0 leurs fid\u00e8les et charmants clients. Ils disent toujours que les clients sont les rois, car le temps passe, le monde continue de changer d&#039;une perspective \u00e0 l&#039;autre et les choses continuent de passer de l&#039;ancien au nouveau. Voici quelques-unes des installations de la ligne de flotte de bus Moyale Liner\u00a0:<\/p>\n<p>\u2022 A plus d&#039;espace pour les jambes<br \/>\n\u2022 Si\u00e8ges relax<br \/>\n\u2022 Trajets directs<br \/>\n\u2022 Wi-Fi haut d\u00e9bit illimit\u00e9<br \/>\n\u2022   Prises de courant<br \/>\n\u2022 Propret\u00e9 impeccable<br \/>\n\u2022 Rafra\u00eechissement avec diff\u00e9rentes textures<\/p>\n<h3>Quelles sont les coordonn\u00e9es des bus Moyale Liner Bus Services ?<\/h3>\n<p>Services de bus de ligne Moyale<br \/>\nAdresse\u00a0: Dixi\u00e8me rue, Eastleigh,<br \/>\nNairobi, Kenya, 0060700<\/p>\n<h2>Moyale liner Conseils de r\u00e9servation de billets de bus en ligne<\/h2>\n<p>La compagnie de bus de ligne Moyale a mis en place un syst\u00e8me d&#039;inventaire de bus en direct \u00e0 cent pour cent qui nous distingue des autres, non seulement en raison de la facilit\u00e9 avec laquelle vous pouvez r\u00e9server vos billets de bus Moyale Liner, mais aussi en raison du syst\u00e8me d&#039;inventaire de r\u00e9servation de bus en direct \u00e0 cent pour cent vous permet pour visualiser et r\u00e9server les places de bus pr\u00e9cises de votre choix.<\/p>\n<h3>\u00c0 propos de la compagnie de bus Moyale Liner<\/h3>\n<p>Lorsque vous voyagez avec la compagnie de bus Moyale Liner via les billets de bus Moyale Liner, vous pouvez \u00eatre assur\u00e9 de recevoir le plus haut niveau de satisfaction de la client\u00e8le alors qu&#039;ils se dirigent vers leur philosophie &quot;voyage assur\u00e9&quot;.<\/p>\n<p><strong>Notre vision<\/strong><\/p>\n<p>Offrir un service d&#039;excellence incroyable qui d\u00e9passe les besoins et les attentes de nos clients. Efforcez-vous de devenir un monstre du march\u00e9 dans l&#039;industrie du transport dont d&#039;autres aspirent \u00e0 suivre.<\/p>\n<p><strong>Notre mission<\/strong><\/p>\n<p>Offrir un service de transport public relaxant et fiable que les gens peuvent consid\u00e9rer comme un substitut de transport parfait et viable \u00e0 la voiture. Nous v\u00e9rifierons en permanence les besoins du public voyageur et r\u00e9examinerons r\u00e9guli\u00e8rement la prestation de services afin de maintenir l&#039;int\u00e9r\u00eat des personnes pour le service de transport public.<\/p>","protected":false},"excerpt":{"rendered":"<p>Moyale Liner Online Bus Ticket Booking Discover your travel route on web, mobile or app and book cheap Moyale Liner bus tickets online now. Moyale Liner\u00a0online booking made easy.\u00a0Moyale Liner is a Kenyan bus company which provides public transport services such passenger transfer service as well as parcels. They run Nairobi to Moyale route via [&hellip;]<\/p>\n","protected":false},"author":1,"featured_media":13999,"parent":0,"menu_order":0,"comment_status":"open","ping_status":"closed","template":"template-home-modern.php","meta":{"footnotes":""},"class_list":["post-11276","page","type-page","status-publish","has-post-thumbnail","hentry"],"yoast_head":"<!-- This site is optimized with the Yoast SEO plugin v27.3 - https:\/\/yoast.com\/product\/yoast-seo-wordpress\/ -->\n<title>Moyale Liner Online Booking, Bus Tickets, Route, Schedule &amp; Fare<\/title>\n<meta name=\"description\" content=\"Looking for Moyale liner online booking, app, contacts, bus routes, fare and schedule? Make cheap Moyale liner online bus ticket booking now\" \/>\n<meta name=\"robots\" content=\"index, follow, max-snippet:-1, max-image-preview:large, max-video-preview:-1\" \/>\n<link rel=\"canonical\" href=\"https:\/\/tiketi.com\/fr-fr\/moyale-liner-buses\/\" \/>\n<meta property=\"og:locale\" content=\"fr_FR\" \/>\n<meta property=\"og:type\" content=\"article\" \/>\n<meta property=\"og:title\" content=\"Moyale Liner Online Booking, Bus Tickets, Route, Schedule &amp; Fare\" \/>\n<meta property=\"og:description\" content=\"Looking for Moyale liner online booking, app, contacts, bus routes, fare and schedule? Make cheap Moyale liner online bus ticket booking now\" \/>\n<meta property=\"og:url\" content=\"https:\/\/tiketi.com\/fr-fr\/moyale-liner-buses\/\" \/>\n<meta property=\"og:site_name\" content=\"Tiketi.com\" \/>\n<meta property=\"article:publisher\" content=\"https:\/\/www.facebook.com\/TiketiCom\/\" \/>\n<meta property=\"article:modified_time\" content=\"2022-08-21T17:49:44+00:00\" \/>\n<meta property=\"og:image\" content=\"https:\/\/tiketi.com\/wp-content\/uploads\/2022\/01\/bus-ticket-online-booking.jpg\" \/>\n\t<meta property=\"og:image:width\" content=\"1200\" \/>\n\t<meta property=\"og:image:height\" content=\"206\" \/>\n\t<meta property=\"og:image:type\" content=\"image\/jpeg\" \/>\n<meta name=\"twitter:card\" content=\"summary_large_image\" \/>\n<meta name=\"twitter:label1\" content=\"Dur\u00e9e de lecture estim\u00e9e\" \/>\n\t<meta name=\"twitter:data1\" content=\"2 minutes\" \/>\n<script type=\"application\/ld+json\" class=\"yoast-schema-graph\">{\"@context\":\"https:\\\/\\\/schema.org\",\"@graph\":[{\"@type\":\"WebPage\",\"@id\":\"https:\\\/\\\/tiketi.com\\\/moyale-liner-buses\\\/\",\"url\":\"https:\\\/\\\/tiketi.com\\\/moyale-liner-buses\\\/\",\"name\":\"Moyale Liner Online Booking, Bus Tickets, Route, Schedule & Fare\",\"isPartOf\":{\"@id\":\"https:\\\/\\\/tiketi.com\\\/#website\"},\"primaryImageOfPage\":{\"@id\":\"https:\\\/\\\/tiketi.com\\\/moyale-liner-buses\\\/#primaryimage\"},\"image\":{\"@id\":\"https:\\\/\\\/tiketi.com\\\/moyale-liner-buses\\\/#primaryimage\"},\"thumbnailUrl\":\"https:\\\/\\\/tiketi.com\\\/wp-content\\\/uploads\\\/2022\\\/01\\\/bus-ticket-online-booking.jpg\",\"datePublished\":\"2022-01-19T11:54:27+00:00\",\"dateModified\":\"2022-08-21T17:49:44+00:00\",\"description\":\"Looking for Moyale liner online booking, app, contacts, bus routes, fare and schedule? Make cheap Moyale liner online bus ticket booking now\",\"breadcrumb\":{\"@id\":\"https:\\\/\\\/tiketi.com\\\/moyale-liner-buses\\\/#breadcrumb\"},\"inLanguage\":\"fr-FR\",\"potentialAction\":[{\"@type\":\"ReadAction\",\"target\":[\"https:\\\/\\\/tiketi.com\\\/moyale-liner-buses\\\/\"]}]},{\"@type\":\"ImageObject\",\"inLanguage\":\"fr-FR\",\"@id\":\"https:\\\/\\\/tiketi.com\\\/moyale-liner-buses\\\/#primaryimage\",\"url\":\"https:\\\/\\\/tiketi.com\\\/wp-content\\\/uploads\\\/2022\\\/01\\\/bus-ticket-online-booking.jpg\",\"contentUrl\":\"https:\\\/\\\/tiketi.com\\\/wp-content\\\/uploads\\\/2022\\\/01\\\/bus-ticket-online-booking.jpg\",\"width\":1200,\"height\":206,\"caption\":\"Online Bus Ticket Booking\"},{\"@type\":\"BreadcrumbList\",\"@id\":\"https:\\\/\\\/tiketi.com\\\/moyale-liner-buses\\\/#breadcrumb\",\"itemListElement\":[{\"@type\":\"ListItem\",\"position\":1,\"name\":\"Home\",\"item\":\"https:\\\/\\\/tiketi.com\\\/\"},{\"@type\":\"ListItem\",\"position\":2,\"name\":\"Moyale Liner Online Booking, Bus Tickets, Route, Schedule &#038; Fare\"}]},{\"@type\":\"WebSite\",\"@id\":\"https:\\\/\\\/tiketi.com\\\/#website\",\"url\":\"https:\\\/\\\/tiketi.com\\\/\",\"name\":\"Flight & Bus Tickets, Tour Packages & Activitites - Tiketi.com\",\"description\":\"Flight &amp; Bus Tickets, Tours, Activitites\",\"publisher\":{\"@id\":\"https:\\\/\\\/tiketi.com\\\/#organization\"},\"potentialAction\":[{\"@type\":\"SearchAction\",\"target\":{\"@type\":\"EntryPoint\",\"urlTemplate\":\"https:\\\/\\\/tiketi.com\\\/?s={search_term_string}\"},\"query-input\":{\"@type\":\"PropertyValueSpecification\",\"valueRequired\":true,\"valueName\":\"search_term_string\"}}],\"inLanguage\":\"fr-FR\"},{\"@type\":\"Organization\",\"@id\":\"https:\\\/\\\/tiketi.com\\\/#organization\",\"name\":\"Tiketi.com\",\"alternateName\":\"Tiketi\",\"url\":\"https:\\\/\\\/tiketi.com\\\/\",\"logo\":{\"@type\":\"ImageObject\",\"inLanguage\":\"fr-FR\",\"@id\":\"https:\\\/\\\/tiketi.com\\\/#\\\/schema\\\/logo\\\/image\\\/\",\"url\":\"https:\\\/\\\/tiketi.com\\\/wp-content\\\/uploads\\\/2019\\\/05\\\/tiketi-logo-696.png\",\"contentUrl\":\"https:\\\/\\\/tiketi.com\\\/wp-content\\\/uploads\\\/2019\\\/05\\\/tiketi-logo-696.png\",\"width\":696,\"height\":696,\"caption\":\"Tiketi.com\"},\"image\":{\"@id\":\"https:\\\/\\\/tiketi.com\\\/#\\\/schema\\\/logo\\\/image\\\/\"},\"sameAs\":[\"https:\\\/\\\/www.facebook.com\\\/TiketiCom\\\/\"]}]}<\/script>\n<!-- \/ Yoast SEO plugin. -->","yoast_head_json":{"title":"Moyale Liner R\u00e9servation en ligne, billets de bus, itin\u00e9raire, horaires et tarifs","description":"Vous recherchez une r\u00e9servation en ligne, une application, des contacts, des itin\u00e9raires de bus, des tarifs et des horaires pour le paquebot Moyale\u00a0? R\u00e9servez d\u00e8s maintenant vos billets de bus en ligne Moyale Liner pas chers","robots":{"index":"index","follow":"follow","max-snippet":"max-snippet:-1","max-image-preview":"max-image-preview:large","max-video-preview":"max-video-preview:-1"},"canonical":"https:\/\/tiketi.com\/fr-fr\/moyale-liner-buses\/","og_locale":"fr_FR","og_type":"article","og_title":"Moyale Liner Online Booking, Bus Tickets, Route, Schedule & Fare","og_description":"Looking for Moyale liner online booking, app, contacts, bus routes, fare and schedule? Make cheap Moyale liner online bus ticket booking now","og_url":"https:\/\/tiketi.com\/fr-fr\/moyale-liner-buses\/","og_site_name":"Tiketi.com","article_publisher":"https:\/\/www.facebook.com\/TiketiCom\/","article_modified_time":"2022-08-21T17:49:44+00:00","og_image":[{"width":1200,"height":206,"url":"https:\/\/tiketi.com\/wp-content\/uploads\/2022\/01\/bus-ticket-online-booking.jpg","type":"image\/jpeg"}],"twitter_card":"summary_large_image","twitter_misc":{"Dur\u00e9e de lecture estim\u00e9e":"2 minutes"},"schema":{"@context":"https:\/\/schema.org","@graph":[{"@type":"WebPage","@id":"https:\/\/tiketi.com\/moyale-liner-buses\/","url":"https:\/\/tiketi.com\/moyale-liner-buses\/","name":"Moyale Liner R\u00e9servation en ligne, billets de bus, itin\u00e9raire, horaires et tarifs","isPartOf":{"@id":"https:\/\/tiketi.com\/#website"},"primaryImageOfPage":{"@id":"https:\/\/tiketi.com\/moyale-liner-buses\/#primaryimage"},"image":{"@id":"https:\/\/tiketi.com\/moyale-liner-buses\/#primaryimage"},"thumbnailUrl":"https:\/\/tiketi.com\/wp-content\/uploads\/2022\/01\/bus-ticket-online-booking.jpg","datePublished":"2022-01-19T11:54:27+00:00","dateModified":"2022-08-21T17:49:44+00:00","description":"Vous recherchez une r\u00e9servation en ligne, une application, des contacts, des itin\u00e9raires de bus, des tarifs et des horaires pour le paquebot Moyale\u00a0? R\u00e9servez d\u00e8s maintenant vos billets de bus en ligne Moyale Liner pas chers","breadcrumb":{"@id":"https:\/\/tiketi.com\/moyale-liner-buses\/#breadcrumb"},"inLanguage":"fr-FR","potentialAction":[{"@type":"ReadAction","target":["https:\/\/tiketi.com\/moyale-liner-buses\/"]}]},{"@type":"ImageObject","inLanguage":"fr-FR","@id":"https:\/\/tiketi.com\/moyale-liner-buses\/#primaryimage","url":"https:\/\/tiketi.com\/wp-content\/uploads\/2022\/01\/bus-ticket-online-booking.jpg","contentUrl":"https:\/\/tiketi.com\/wp-content\/uploads\/2022\/01\/bus-ticket-online-booking.jpg","width":1200,"height":206,"caption":"Online Bus Ticket Booking"},{"@type":"BreadcrumbList","@id":"https:\/\/tiketi.com\/moyale-liner-buses\/#breadcrumb","itemListElement":[{"@type":"ListItem","position":1,"name":"Home","item":"https:\/\/tiketi.com\/"},{"@type":"ListItem","position":2,"name":"Moyale Liner Online Booking, Bus Tickets, Route, Schedule &#038; Fare"}]},{"@type":"WebSite","@id":"https:\/\/tiketi.com\/#website","url":"https:\/\/tiketi.com\/","name":"Billets d&#039;avion et de bus, forfaits touristiques et activit\u00e9s - Tiketi.com","description":"Billets d&#039;avion et de bus, Tours, Activit\u00e9s","publisher":{"@id":"https:\/\/tiketi.com\/#organization"},"potentialAction":[{"@type":"SearchAction","target":{"@type":"EntryPoint","urlTemplate":"https:\/\/tiketi.com\/?s={search_term_string}"},"query-input":{"@type":"PropertyValueSpecification","valueRequired":true,"valueName":"search_term_string"}}],"inLanguage":"fr-FR"},{"@type":"Organization","@id":"https:\/\/tiketi.com\/#organization","name":"Tiketi.com","alternateName":"Tiketi","url":"https:\/\/tiketi.com\/","logo":{"@type":"ImageObject","inLanguage":"fr-FR","@id":"https:\/\/tiketi.com\/#\/schema\/logo\/image\/","url":"https:\/\/tiketi.com\/wp-content\/uploads\/2019\/05\/tiketi-logo-696.png","contentUrl":"https:\/\/tiketi.com\/wp-content\/uploads\/2019\/05\/tiketi-logo-696.png","width":696,"height":696,"caption":"Tiketi.com"},"image":{"@id":"https:\/\/tiketi.com\/#\/schema\/logo\/image\/"},"sameAs":["https:\/\/www.facebook.com\/TiketiCom\/"]}]}},"_links":{"self":[{"href":"https:\/\/tiketi.com\/fr-fr\/wp-json\/wp\/v2\/pages\/11276","targetHints":{"allow":["GET"]}}],"collection":[{"href":"https:\/\/tiketi.com\/fr-fr\/wp-json\/wp\/v2\/pages"}],"about":[{"href":"https:\/\/tiketi.com\/fr-fr\/wp-json\/wp\/v2\/types\/page"}],"author":[{"embeddable":true,"href":"https:\/\/tiketi.com\/fr-fr\/wp-json\/wp\/v2\/users\/1"}],"replies":[{"embeddable":true,"href":"https:\/\/tiketi.com\/fr-fr\/wp-json\/wp\/v2\/comments?post=11276"}],"version-history":[{"count":0,"href":"https:\/\/tiketi.com\/fr-fr\/wp-json\/wp\/v2\/pages\/11276\/revisions"}],"wp:featuredmedia":[{"embeddable":true,"href":"https:\/\/tiketi.com\/fr-fr\/wp-json\/wp\/v2\/media\/13999"}],"wp:attachment":[{"href":"https:\/\/tiketi.com\/fr-fr\/wp-json\/wp\/v2\/media?parent=11276"}],"curies":[{"name":"wp","href":"https:\/\/api.w.org\/{rel}","templated":true}]}}