{"id":11277,"date":"2022-01-19T12:54:27","date_gmt":"2022-01-19T11:54:27","guid":{"rendered":"https:\/\/new.tiketi.com\/greenline-safaris-online-booking-bus-tickets-reservation\/"},"modified":"2022-02-14T08:47:59","modified_gmt":"2022-02-14T07:47:59","slug":"greenline-buses","status":"publish","type":"page","link":"https:\/\/tiketi.com\/fr-fr\/greenline-buses\/","title":{"rendered":"Greenline Safaris R\u00e9servation en ligne, billets de bus, tarif, horaire et itin\u00e9raire"},"content":{"rendered":"<h2>Greenline Safaris R\u00e9servation de billets de bus en ligne Kenya<\/h2>\n<h3>D\u00e9couvrez votre itin\u00e9raire de voyage sur le web, le mobile ou l&#039;application et r\u00e9servez en ligne d\u00e8s maintenant des billets de bus Greenline Safaris pas chers.<\/h3>\n<p>La r\u00e9servation en ligne des safaris Greenline en toute simplicit\u00e9. Greenline Safaris est une compagnie de bus sp\u00e9cialis\u00e9e dans le transport de passagers qui a \u00e9t\u00e9 cr\u00e9\u00e9e le 26 mars 2009. La compagnie de bus op\u00e8re principalement dans les r\u00e9gions de l&#039;ouest du Kenya avec plus de trente destinations. Il en va de m\u00eame pour la r\u00e9servation de billets de bus en ligne pour les safaris Greenline d\u00e8s maintenant\u00a0!<\/p>\n<p>La soci\u00e9t\u00e9 Greenline Safaris a \u00e9tendu ses zones d&#039;op\u00e9rations \u00e0 Kampala, en Ouganda, avec des d\u00e9parts quotidiens dans les deux villes.<\/p>\n<h2>FAQ sur la r\u00e9servation en ligne de Greenline Safaris<\/h2>\n<h3>Quels sont les trajets couverts par les bus Greeline Safaris ?<\/h3>\n<p>Nairobi \u2013 Kampala Vaia Busia 17h00<br \/>\nNairobi \u2013 Kampala Via Malaba 19h00<br \/>\nNairobi \u2013 Malaba-Kampala 19h00<br \/>\nKampala \u2013 Malaba \u2013 Nairobi 19h00<br \/>\nKampala \u2013 Malabanakuru 20h00<\/p>\n<h3>Ligne de flotte de safaris Greenline<\/h3>\n<p>L&#039;entreprise poss\u00e8de une liste de flottes de luxe et semi-flottantes avec certains d&#039;entre eux ont des services VIP \u00e0 leurs passagers. Ils utilisent des bus Scania avec des carrosseries fabriqu\u00e9es localement par Master fabricators, une c\u00e9l\u00e8bre entreprise de construction de bus au Kenya.<\/p>\n<h3>Ligne de service Greenline safaris<\/h3>\n<p>L&#039;entreprise op\u00e8re en grande partie dans les r\u00e9gions de l&#039;ouest du Kenya, offrant un transport interurbain quotidien de passagers avec plus de trente destinations.<\/p>\n<p>Greenline se vantant d&#039;\u00eatre la seule entreprise dans le domaine des op\u00e9rations \u00e0 proposer \u00e0 la fois des classes affaires et VIP avec des billets de bus Greenline. Ils veillent \u00e0 ce que vous arriviez en toute s\u00e9curit\u00e9 chez nous dans les r\u00e9gions occidentales du Kenya et au c\u0153ur du centre-ville ougandais appel\u00e9 Kampala.<\/p>\n<p>Ils offrent une large gamme de prix sur la r\u00e9servation en ligne de bus Greenline pour les VIP et les entreprises qui garantissent votre meilleure exp\u00e9rience de voyage.<\/p>\n<p>Ils font \u00e9galement un service de transfert de colis \u00e0 des prix avantageux, ils assurent une gestion s\u00fbre et optimale des colis de nos clients, du ramassage \u00e0 la livraison.<\/p>\n<h3>Quelles sont les coordonn\u00e9es des bus Greenline Safaris ?<\/h3>\n<p>Leur si\u00e8ge social est situ\u00e9 dans la ville de Kitale et leur bureau cl\u00e9 \u00e0 Nairobi se trouve sur la route du temple OTC, \u00e0 c\u00f4t\u00e9 de l&#039;ancien supermarch\u00e9 Jack N Jill.<\/p>\n<p>Si vous rencontrez un probl\u00e8me avec votre r\u00e9servation de billets de bus en ligne pour les safaris Greenline, les bureaux et les coordonn\u00e9es ci-dessous peuvent vous \u00eatre utiles.<\/p>\n<p>Greenline Company lt\u00e9e<\/p>\n<p>Bureau de Nairobi plac\u00e9 le long de la route de Duruma \u00e0 c\u00f4t\u00e9 du club du Texas<br \/>\nAdresse : Ruvuma Ln, Nairobi, Kenya<\/p>\n<p>Le bureau de Kampala est situ\u00e9 au parc de bus de Namayiba<\/p>\n<h2>Greenline Safaris R\u00e9servation de billets de bus en ligne Conseils pour le Kenya<\/h2>\n<p>La r\u00e9servation en ligne de bus Greenline ne prendra que quelques minutes, mais vous devriez prendre vos billets de bus Greenline en quelques minutes.<\/p>\n<p>Vous pouvez \u00e9galement consid\u00e9rer ces compagnies de bus :<\/p>\n<p>\u2022\u00a0\u00a0 \u00a0<a href=\"https:\/\/tiketi.com\/fr-fr\/easy-coach\/\" target=\"_blank\" rel=\"noopener\">Entra\u00eeneur facile<\/a><br \/>\n\u2022\u00a0\u00a0 \u00a0<a href=\"https:\/\/tiketi.com\/fr-fr\/dreamline-express-coach\/\" target=\"_blank\" rel=\"noopener\">Ligne de r\u00eave<\/a><br \/>\n\u2022\u00a0\u00a0 \u00a0<a href=\"https:\/\/tiketi.com\/fr-fr\/mash-poa-buses\/\" target=\"_blank\" rel=\"noopener\">Pur\u00e9e Pao<\/a><\/p>\n<p>Mais quoi que vous fassiez, faites attention en voyageant et gardez toujours un \u0153il autour de vous.<\/p>","protected":false},"excerpt":{"rendered":"<p>Greenline Safaris Online Bus Ticket Booking Kenya Discover your travel route on web, mobile or app and book cheap Greenline Safaris bus tickets online now. Greenline safaris online booking made easy.\u00a0Greenline Safaris is a bus company dealing with passenger transport that was established in 26th March 2009. The bus company runs mainly in Western Kenya [&hellip;]<\/p>\n","protected":false},"author":1,"featured_media":13999,"parent":0,"menu_order":0,"comment_status":"open","ping_status":"closed","template":"template-home-modern.php","meta":{"footnotes":""},"class_list":["post-11277","page","type-page","status-publish","has-post-thumbnail","hentry"],"yoast_head":"<!-- This site is optimized with the Yoast SEO plugin v27.2 - https:\/\/yoast.com\/product\/yoast-seo-wordpress\/ -->\n<title>Greenline Safaris Online Booking, Bus Tickets, Fare, Schedule &amp; Route<\/title>\n<meta name=\"description\" content=\"Looking for Greenline Safaris online booking, app, route, fare and schedule? Make a cheap Greenline Safaris online bus ticket booking online\" \/>\n<meta name=\"robots\" content=\"index, follow, max-snippet:-1, max-image-preview:large, max-video-preview:-1\" \/>\n<link rel=\"canonical\" href=\"https:\/\/tiketi.com\/fr-fr\/greenline-buses\/\" \/>\n<meta property=\"og:locale\" content=\"fr_FR\" \/>\n<meta property=\"og:type\" content=\"article\" \/>\n<meta property=\"og:title\" content=\"Greenline Safaris Online Booking, Bus Tickets, Fare, Schedule &amp; Route\" \/>\n<meta property=\"og:description\" content=\"Looking for Greenline Safaris online booking, app, route, fare and schedule? Make a cheap Greenline Safaris online bus ticket booking online\" \/>\n<meta property=\"og:url\" content=\"https:\/\/tiketi.com\/fr-fr\/greenline-buses\/\" \/>\n<meta property=\"og:site_name\" content=\"Tiketi.com\" \/>\n<meta property=\"article:publisher\" content=\"https:\/\/www.facebook.com\/TiketiCom\/\" \/>\n<meta property=\"article:modified_time\" content=\"2022-02-14T07:47:59+00:00\" \/>\n<meta property=\"og:image\" content=\"https:\/\/tiketi.com\/wp-content\/uploads\/2022\/01\/bus-ticket-online-booking.jpg\" \/>\n\t<meta property=\"og:image:width\" content=\"1200\" \/>\n\t<meta property=\"og:image:height\" content=\"206\" \/>\n\t<meta property=\"og:image:type\" content=\"image\/jpeg\" \/>\n<meta name=\"twitter:card\" content=\"summary_large_image\" \/>\n<meta name=\"twitter:label1\" content=\"Dur\u00e9e de lecture estim\u00e9e\" \/>\n\t<meta name=\"twitter:data1\" content=\"2 minutes\" \/>\n<script type=\"application\/ld+json\" class=\"yoast-schema-graph\">{\"@context\":\"https:\/\/schema.org\",\"@graph\":[{\"@type\":\"WebPage\",\"@id\":\"https:\/\/tiketi.com\/greenline-buses\/\",\"url\":\"https:\/\/tiketi.com\/greenline-buses\/\",\"name\":\"Greenline Safaris Online Booking, Bus Tickets, Fare, Schedule & Route\",\"isPartOf\":{\"@id\":\"https:\/\/tiketi.com\/#website\"},\"primaryImageOfPage\":{\"@id\":\"https:\/\/tiketi.com\/greenline-buses\/#primaryimage\"},\"image\":{\"@id\":\"https:\/\/tiketi.com\/greenline-buses\/#primaryimage\"},\"thumbnailUrl\":\"https:\/\/tiketi.com\/wp-content\/uploads\/2022\/01\/bus-ticket-online-booking.jpg\",\"datePublished\":\"2022-01-19T11:54:27+00:00\",\"dateModified\":\"2022-02-14T07:47:59+00:00\",\"description\":\"Looking for Greenline Safaris online booking, app, route, fare and schedule? Make a cheap Greenline Safaris online bus ticket booking online\",\"breadcrumb\":{\"@id\":\"https:\/\/tiketi.com\/greenline-buses\/#breadcrumb\"},\"inLanguage\":\"fr-FR\",\"potentialAction\":[{\"@type\":\"ReadAction\",\"target\":[\"https:\/\/tiketi.com\/greenline-buses\/\"]}]},{\"@type\":\"ImageObject\",\"inLanguage\":\"fr-FR\",\"@id\":\"https:\/\/tiketi.com\/greenline-buses\/#primaryimage\",\"url\":\"https:\/\/tiketi.com\/wp-content\/uploads\/2022\/01\/bus-ticket-online-booking.jpg\",\"contentUrl\":\"https:\/\/tiketi.com\/wp-content\/uploads\/2022\/01\/bus-ticket-online-booking.jpg\",\"width\":1200,\"height\":206,\"caption\":\"Online Bus Ticket Booking\"},{\"@type\":\"BreadcrumbList\",\"@id\":\"https:\/\/tiketi.com\/greenline-buses\/#breadcrumb\",\"itemListElement\":[{\"@type\":\"ListItem\",\"position\":1,\"name\":\"Home\",\"item\":\"https:\/\/tiketi.com\/\"},{\"@type\":\"ListItem\",\"position\":2,\"name\":\"Greenline Safaris Online Booking, Bus Tickets, Fare, Schedule &#038; Route\"}]},{\"@type\":\"WebSite\",\"@id\":\"https:\/\/tiketi.com\/#website\",\"url\":\"https:\/\/tiketi.com\/\",\"name\":\"Flight & Bus Tickets, Tour Packages & Activitites - Tiketi.com\",\"description\":\"Flight &amp; Bus Tickets, Tours, Activitites\",\"publisher\":{\"@id\":\"https:\/\/tiketi.com\/#organization\"},\"potentialAction\":[{\"@type\":\"SearchAction\",\"target\":{\"@type\":\"EntryPoint\",\"urlTemplate\":\"https:\/\/tiketi.com\/?s={search_term_string}\"},\"query-input\":{\"@type\":\"PropertyValueSpecification\",\"valueRequired\":true,\"valueName\":\"search_term_string\"}}],\"inLanguage\":\"fr-FR\"},{\"@type\":\"Organization\",\"@id\":\"https:\/\/tiketi.com\/#organization\",\"name\":\"Tiketi.com\",\"alternateName\":\"Tiketi\",\"url\":\"https:\/\/tiketi.com\/\",\"logo\":{\"@type\":\"ImageObject\",\"inLanguage\":\"fr-FR\",\"@id\":\"https:\/\/tiketi.com\/#\/schema\/logo\/image\/\",\"url\":\"https:\/\/tiketi.com\/wp-content\/uploads\/2019\/05\/tiketi-logo-696.png\",\"contentUrl\":\"https:\/\/tiketi.com\/wp-content\/uploads\/2019\/05\/tiketi-logo-696.png\",\"width\":696,\"height\":696,\"caption\":\"Tiketi.com\"},\"image\":{\"@id\":\"https:\/\/tiketi.com\/#\/schema\/logo\/image\/\"},\"sameAs\":[\"https:\/\/www.facebook.com\/TiketiCom\/\"]}]}<\/script>\n<!-- \/ Yoast SEO plugin. -->","yoast_head_json":{"title":"Greenline Safaris R\u00e9servation en ligne, billets de bus, tarif, horaire et itin\u00e9raire","description":"Vous recherchez une r\u00e9servation en ligne Greenline Safaris, une application, un itin\u00e9raire, un tarif et un horaire\u00a0? Faire une r\u00e9servation de billet de bus en ligne pas cher Greenline Safaris en ligne","robots":{"index":"index","follow":"follow","max-snippet":"max-snippet:-1","max-image-preview":"max-image-preview:large","max-video-preview":"max-video-preview:-1"},"canonical":"https:\/\/tiketi.com\/fr-fr\/greenline-buses\/","og_locale":"fr_FR","og_type":"article","og_title":"Greenline Safaris Online Booking, Bus Tickets, Fare, Schedule & Route","og_description":"Looking for Greenline Safaris online booking, app, route, fare and schedule? Make a cheap Greenline Safaris online bus ticket booking online","og_url":"https:\/\/tiketi.com\/fr-fr\/greenline-buses\/","og_site_name":"Tiketi.com","article_publisher":"https:\/\/www.facebook.com\/TiketiCom\/","article_modified_time":"2022-02-14T07:47:59+00:00","og_image":[{"width":1200,"height":206,"url":"https:\/\/tiketi.com\/wp-content\/uploads\/2022\/01\/bus-ticket-online-booking.jpg","type":"image\/jpeg"}],"twitter_card":"summary_large_image","twitter_misc":{"Dur\u00e9e de lecture estim\u00e9e":"2 minutes"},"schema":{"@context":"https:\/\/schema.org","@graph":[{"@type":"WebPage","@id":"https:\/\/tiketi.com\/greenline-buses\/","url":"https:\/\/tiketi.com\/greenline-buses\/","name":"Greenline Safaris R\u00e9servation en ligne, billets de bus, tarif, horaire et itin\u00e9raire","isPartOf":{"@id":"https:\/\/tiketi.com\/#website"},"primaryImageOfPage":{"@id":"https:\/\/tiketi.com\/greenline-buses\/#primaryimage"},"image":{"@id":"https:\/\/tiketi.com\/greenline-buses\/#primaryimage"},"thumbnailUrl":"https:\/\/tiketi.com\/wp-content\/uploads\/2022\/01\/bus-ticket-online-booking.jpg","datePublished":"2022-01-19T11:54:27+00:00","dateModified":"2022-02-14T07:47:59+00:00","description":"Vous recherchez une r\u00e9servation en ligne Greenline Safaris, une application, un itin\u00e9raire, un tarif et un horaire\u00a0? Faire une r\u00e9servation de billet de bus en ligne pas cher Greenline Safaris en ligne","breadcrumb":{"@id":"https:\/\/tiketi.com\/greenline-buses\/#breadcrumb"},"inLanguage":"fr-FR","potentialAction":[{"@type":"ReadAction","target":["https:\/\/tiketi.com\/greenline-buses\/"]}]},{"@type":"ImageObject","inLanguage":"fr-FR","@id":"https:\/\/tiketi.com\/greenline-buses\/#primaryimage","url":"https:\/\/tiketi.com\/wp-content\/uploads\/2022\/01\/bus-ticket-online-booking.jpg","contentUrl":"https:\/\/tiketi.com\/wp-content\/uploads\/2022\/01\/bus-ticket-online-booking.jpg","width":1200,"height":206,"caption":"Online Bus Ticket Booking"},{"@type":"BreadcrumbList","@id":"https:\/\/tiketi.com\/greenline-buses\/#breadcrumb","itemListElement":[{"@type":"ListItem","position":1,"name":"Home","item":"https:\/\/tiketi.com\/"},{"@type":"ListItem","position":2,"name":"Greenline Safaris Online Booking, Bus Tickets, Fare, Schedule &#038; Route"}]},{"@type":"WebSite","@id":"https:\/\/tiketi.com\/#website","url":"https:\/\/tiketi.com\/","name":"Billets d&#039;avion et de bus, forfaits touristiques et activit\u00e9s - Tiketi.com","description":"Billets d&#039;avion et de bus, Tours, Activit\u00e9s","publisher":{"@id":"https:\/\/tiketi.com\/#organization"},"potentialAction":[{"@type":"SearchAction","target":{"@type":"EntryPoint","urlTemplate":"https:\/\/tiketi.com\/?s={search_term_string}"},"query-input":{"@type":"PropertyValueSpecification","valueRequired":true,"valueName":"search_term_string"}}],"inLanguage":"fr-FR"},{"@type":"Organization","@id":"https:\/\/tiketi.com\/#organization","name":"Tiketi.com","alternateName":"Tiketi","url":"https:\/\/tiketi.com\/","logo":{"@type":"ImageObject","inLanguage":"fr-FR","@id":"https:\/\/tiketi.com\/#\/schema\/logo\/image\/","url":"https:\/\/tiketi.com\/wp-content\/uploads\/2019\/05\/tiketi-logo-696.png","contentUrl":"https:\/\/tiketi.com\/wp-content\/uploads\/2019\/05\/tiketi-logo-696.png","width":696,"height":696,"caption":"Tiketi.com"},"image":{"@id":"https:\/\/tiketi.com\/#\/schema\/logo\/image\/"},"sameAs":["https:\/\/www.facebook.com\/TiketiCom\/"]}]}},"_links":{"self":[{"href":"https:\/\/tiketi.com\/fr-fr\/wp-json\/wp\/v2\/pages\/11277","targetHints":{"allow":["GET"]}}],"collection":[{"href":"https:\/\/tiketi.com\/fr-fr\/wp-json\/wp\/v2\/pages"}],"about":[{"href":"https:\/\/tiketi.com\/fr-fr\/wp-json\/wp\/v2\/types\/page"}],"author":[{"embeddable":true,"href":"https:\/\/tiketi.com\/fr-fr\/wp-json\/wp\/v2\/users\/1"}],"replies":[{"embeddable":true,"href":"https:\/\/tiketi.com\/fr-fr\/wp-json\/wp\/v2\/comments?post=11277"}],"version-history":[{"count":0,"href":"https:\/\/tiketi.com\/fr-fr\/wp-json\/wp\/v2\/pages\/11277\/revisions"}],"wp:featuredmedia":[{"embeddable":true,"href":"https:\/\/tiketi.com\/fr-fr\/wp-json\/wp\/v2\/media\/13999"}],"wp:attachment":[{"href":"https:\/\/tiketi.com\/fr-fr\/wp-json\/wp\/v2\/media?parent=11277"}],"curies":[{"name":"wp","href":"https:\/\/api.w.org\/{rel}","templated":true}]}}