{"id":11278,"date":"2022-01-19T12:54:27","date_gmt":"2022-01-19T11:54:27","guid":{"rendered":"https:\/\/new.tiketi.com\/overseas-bus-online-booking-bus-tickets-routes-fares\/"},"modified":"2022-07-14T13:02:11","modified_gmt":"2022-07-14T12:02:11","slug":"overseas-buses","status":"publish","type":"page","link":"https:\/\/tiketi.com\/fr-fr\/overseas-buses\/","title":{"rendered":"R\u00e9servation en ligne de bus \u00e0 l&#039;\u00e9tranger, billets de bus, itin\u00e9raires et tarifs"},"content":{"rendered":"<p><strong>Un d:&nbsp;<\/strong><\/p>\n<p><strong><a href=\"https:\/\/fiymo.com\/register\" target=\"_blank\" rel=\"noopener\"><\/a><\/strong><\/p>\n<h2>R\u00e9servation de billets de bus en ligne \u00e0 l&#039;\u00e9tranger<\/h2>\n<h3>D\u00e9couvrez votre itin\u00e9raire de voyage sur le Web, sur mobile ou sur une application et r\u00e9servez d\u00e8s maintenant en ligne des billets de bus outre-mer bon march\u00e9.<\/h3>\n<p>La r\u00e9servation en ligne des bus \u00e0 l&#039;\u00e9tranger est facilit\u00e9e. Une compagnie de bus \u00e9trang\u00e8re propose des services de transport interurbain quotidiens depuis Nairobi, la capitale du Kenya, vers d&#039;autres comt\u00e9s du Kenya. Ils sont pr\u00e9sents dans le secteur des transports depuis 2019, lorsque l&#039;entreprise s&#039;est s\u00e9par\u00e9e de la c\u00e9l\u00e8bre soci\u00e9t\u00e9 de transport classique \u00ab Transline \u00bb et propose d\u00e9sormais la r\u00e9servation de billets de bus en ligne pour l&#039;\u00e9tranger.<\/p>\n<h2>FAQ sur la r\u00e9servation en ligne des bus \u00e0 l&#039;\u00e9tranger, les contacts, les itin\u00e9raires et les tarifs<\/h2>\n<h3>Quels sont les itin\u00e9raires couverts par les bus d\u2019outre-mer ?<\/h3>\n<p>\u2022 De Nairobi \u00e0 Siaya<br \/>\n\u2022 De Mombasa \u00e0 Siaya<br \/>\n\u2022 De Nairobi \u00e0 Mbita<br \/>\n\u2022 De Nairobi \u00e0 Nakuru<br \/>\n\u2022 Nairobi \u00e0 Kisumu<\/p>\n<h3>Quel est le moyen le moins cher pour se rendre de Nairobi \u00e0 Kisumu ?<\/h3>\n<p>Le moyen abordable de se rendre de Nairobi \u00e0 Kisumu en bus Overseas. Billets de bus outre-mer de Nairobi \u00e0 Kisumu $5 \u2013 $17 et dure 7h 30m.<\/p>\n<h3>Existe-t-il un service de bus direct de Nairobi \u00e0 Kisumuu ?<\/h3>\n<p>Oui, il y a un bus direct de Nairobi \u00e0 Kisumu. Le service part cinq fois par jour et fonctionne tous les jours.<\/p>\n<h3>O\u00f9 prendre le bus depuis Nairobi pour Kisumu ?<\/h3>\n<p>Les billets de bus de Nairobi \u00e0 Kisumu sont propos\u00e9s par Praxigon Coach, Overseas bus, Easy Coach, Modern Coach ou ENA coach.<\/p>\n<h3>Quelles sont les coordonn\u00e9es de la r\u00e9servation de bus et des bus \u00e0 l&#039;\u00e9tranger\u00a0?<\/h3>\n<p>Overseas Courier Resort Ltd.<\/p>\n<p>Si\u00e8ge social \u00e0 Nairobi<br \/>\nC.P. 814<br \/>\nNairobi, Kenya<\/p>\n<h2>Conseils pour la r\u00e9servation de billets de bus en ligne \u00e0 l&#039;\u00e9tranger<\/h2>\n<p>Depuis sa cr\u00e9ation en 2019, l&#039;entreprise propose un transport interurbain quotidien de passagers au Kenya entre diff\u00e9rentes villes via des billets de bus \u00e0 l&#039;\u00e9tranger. Ils offrent leurs services dans des villes comme Kisumu, Nairobi, Kisii, Homabay et bien d&#039;autres.<\/p>\n<p>Les billets de bus \u00e0 l&#039;\u00e9tranger peuvent \u00eatre achet\u00e9s dans leurs bureaux situ\u00e9s dans tous les terminaux de bus et dans certains bureaux en dehors des terminaux. Vous pouvez \u00e9galement contacter les agents qui pourront vous accompagner pour effectuer votre r\u00e9servation et vous emmener au bus pour l&#039;embarquement.<\/p>\n<p>L&#039;entreprise propose \u00e9galement des services de messagerie qui \u00e9taient accessibles avant la cr\u00e9ation de l&#039;entreprise de transport de passagers. Ils proposent d\u00e9sormais des services de messagerie en utilisant le PSV en transf\u00e9rant de petits colis \u00e0 diff\u00e9rents endroits.<\/p>\n<p>Il s&#039;agit de la deuxi\u00e8me soci\u00e9t\u00e9 cr\u00e9\u00e9e \u00e0 partir de Transline Classic juste apr\u00e8s la formation d&#039;Ena Coach qui s&#039;est \u00e9galement s\u00e9par\u00e9e de Transline Classic. Avant la cr\u00e9ation de l&#039;entreprise de bus \u00e0 l&#039;\u00e9tranger, les d\u00e9tails montrent que le propri\u00e9taire d&#039;Overseas \u00e9tait en partenariat avec d&#039;autres hommes d&#039;affaires qui dirigeaient l&#039;entreprise de bus classique Transline.<\/p>\n<p>&nbsp;<\/p>","protected":false},"excerpt":{"rendered":"<p>Ad:&nbsp; Overseas Online Bus Ticket Booking Discover your travel route on web, mobile or app and book cheap Overseas bus tickets online now. Overseas bus online booking made easy. Overseas bus company offer daily intercity transport services from Kenya capital city Nairobi to other counties in Kenya. They are in the transport industry since 2019 [&hellip;]<\/p>\n","protected":false},"author":1,"featured_media":13999,"parent":0,"menu_order":0,"comment_status":"open","ping_status":"closed","template":"template-home-modern.php","meta":{"footnotes":""},"class_list":["post-11278","page","type-page","status-publish","has-post-thumbnail","hentry"],"yoast_head":"<!-- This site is optimized with the Yoast SEO plugin v27.3 - https:\/\/yoast.com\/product\/yoast-seo-wordpress\/ -->\n<title>Overseas Bus Online Booking, Bus Tickets, Routes &amp; Fares<\/title>\n<meta name=\"description\" content=\"Looking for Overseas bus online booking, app, contacts, bus routes, fare and schedule? Make cheap Overseas online bus ticket booking now!\" \/>\n<meta name=\"robots\" content=\"index, follow, max-snippet:-1, max-image-preview:large, max-video-preview:-1\" \/>\n<link rel=\"canonical\" href=\"https:\/\/tiketi.com\/fr-fr\/overseas-buses\/\" \/>\n<meta property=\"og:locale\" content=\"fr_FR\" \/>\n<meta property=\"og:type\" content=\"article\" \/>\n<meta property=\"og:title\" content=\"Overseas Bus Online Booking, Bus Tickets, Routes &amp; Fares\" \/>\n<meta property=\"og:description\" content=\"Looking for Overseas bus online booking, app, contacts, bus routes, fare and schedule? Make cheap Overseas online bus ticket booking now!\" \/>\n<meta property=\"og:url\" content=\"https:\/\/tiketi.com\/fr-fr\/overseas-buses\/\" \/>\n<meta property=\"og:site_name\" content=\"Tiketi.com\" \/>\n<meta property=\"article:publisher\" content=\"https:\/\/www.facebook.com\/TiketiCom\/\" \/>\n<meta property=\"article:modified_time\" content=\"2022-07-14T12:02:11+00:00\" \/>\n<meta property=\"og:image\" content=\"https:\/\/tiketi.com\/wp-content\/uploads\/2022\/01\/bus-ticket-online-booking.jpg\" \/>\n\t<meta property=\"og:image:width\" content=\"1200\" \/>\n\t<meta property=\"og:image:height\" content=\"206\" \/>\n\t<meta property=\"og:image:type\" content=\"image\/jpeg\" \/>\n<meta name=\"twitter:card\" content=\"summary_large_image\" \/>\n<meta name=\"twitter:label1\" content=\"Dur\u00e9e de lecture estim\u00e9e\" \/>\n\t<meta name=\"twitter:data1\" content=\"2 minutes\" \/>\n<script type=\"application\/ld+json\" class=\"yoast-schema-graph\">{\"@context\":\"https:\\\/\\\/schema.org\",\"@graph\":[{\"@type\":\"WebPage\",\"@id\":\"https:\\\/\\\/tiketi.com\\\/overseas-buses\\\/\",\"url\":\"https:\\\/\\\/tiketi.com\\\/overseas-buses\\\/\",\"name\":\"Overseas Bus Online Booking, Bus Tickets, Routes & Fares\",\"isPartOf\":{\"@id\":\"https:\\\/\\\/tiketi.com\\\/#website\"},\"primaryImageOfPage\":{\"@id\":\"https:\\\/\\\/tiketi.com\\\/overseas-buses\\\/#primaryimage\"},\"image\":{\"@id\":\"https:\\\/\\\/tiketi.com\\\/overseas-buses\\\/#primaryimage\"},\"thumbnailUrl\":\"https:\\\/\\\/tiketi.com\\\/wp-content\\\/uploads\\\/2022\\\/01\\\/bus-ticket-online-booking.jpg\",\"datePublished\":\"2022-01-19T11:54:27+00:00\",\"dateModified\":\"2022-07-14T12:02:11+00:00\",\"description\":\"Looking for Overseas bus online booking, app, contacts, bus routes, fare and schedule? Make cheap Overseas online bus ticket booking now!\",\"breadcrumb\":{\"@id\":\"https:\\\/\\\/tiketi.com\\\/overseas-buses\\\/#breadcrumb\"},\"inLanguage\":\"fr-FR\",\"potentialAction\":[{\"@type\":\"ReadAction\",\"target\":[\"https:\\\/\\\/tiketi.com\\\/overseas-buses\\\/\"]}]},{\"@type\":\"ImageObject\",\"inLanguage\":\"fr-FR\",\"@id\":\"https:\\\/\\\/tiketi.com\\\/overseas-buses\\\/#primaryimage\",\"url\":\"https:\\\/\\\/tiketi.com\\\/wp-content\\\/uploads\\\/2022\\\/01\\\/bus-ticket-online-booking.jpg\",\"contentUrl\":\"https:\\\/\\\/tiketi.com\\\/wp-content\\\/uploads\\\/2022\\\/01\\\/bus-ticket-online-booking.jpg\",\"width\":1200,\"height\":206,\"caption\":\"Online Bus Ticket Booking\"},{\"@type\":\"BreadcrumbList\",\"@id\":\"https:\\\/\\\/tiketi.com\\\/overseas-buses\\\/#breadcrumb\",\"itemListElement\":[{\"@type\":\"ListItem\",\"position\":1,\"name\":\"Home\",\"item\":\"https:\\\/\\\/tiketi.com\\\/\"},{\"@type\":\"ListItem\",\"position\":2,\"name\":\"Overseas Bus Online Booking, Bus Tickets, Routes &#038; Fares\"}]},{\"@type\":\"WebSite\",\"@id\":\"https:\\\/\\\/tiketi.com\\\/#website\",\"url\":\"https:\\\/\\\/tiketi.com\\\/\",\"name\":\"Flight & Bus Tickets, Tour Packages & Activitites - Tiketi.com\",\"description\":\"Flight &amp; Bus Tickets, Tours, Activitites\",\"publisher\":{\"@id\":\"https:\\\/\\\/tiketi.com\\\/#organization\"},\"potentialAction\":[{\"@type\":\"SearchAction\",\"target\":{\"@type\":\"EntryPoint\",\"urlTemplate\":\"https:\\\/\\\/tiketi.com\\\/?s={search_term_string}\"},\"query-input\":{\"@type\":\"PropertyValueSpecification\",\"valueRequired\":true,\"valueName\":\"search_term_string\"}}],\"inLanguage\":\"fr-FR\"},{\"@type\":\"Organization\",\"@id\":\"https:\\\/\\\/tiketi.com\\\/#organization\",\"name\":\"Tiketi.com\",\"alternateName\":\"Tiketi\",\"url\":\"https:\\\/\\\/tiketi.com\\\/\",\"logo\":{\"@type\":\"ImageObject\",\"inLanguage\":\"fr-FR\",\"@id\":\"https:\\\/\\\/tiketi.com\\\/#\\\/schema\\\/logo\\\/image\\\/\",\"url\":\"https:\\\/\\\/tiketi.com\\\/wp-content\\\/uploads\\\/2019\\\/05\\\/tiketi-logo-696.png\",\"contentUrl\":\"https:\\\/\\\/tiketi.com\\\/wp-content\\\/uploads\\\/2019\\\/05\\\/tiketi-logo-696.png\",\"width\":696,\"height\":696,\"caption\":\"Tiketi.com\"},\"image\":{\"@id\":\"https:\\\/\\\/tiketi.com\\\/#\\\/schema\\\/logo\\\/image\\\/\"},\"sameAs\":[\"https:\\\/\\\/www.facebook.com\\\/TiketiCom\\\/\"]}]}<\/script>\n<!-- \/ Yoast SEO plugin. -->","yoast_head_json":{"title":"R\u00e9servation en ligne de bus \u00e0 l&#039;\u00e9tranger, billets de bus, itin\u00e9raires et tarifs","description":"Vous recherchez une r\u00e9servation en ligne de bus \u00e0 l&#039;\u00e9tranger, une application, des contacts, des itin\u00e9raires de bus, des tarifs et des horaires\u00a0? R\u00e9servez d\u00e8s maintenant vos billets de bus en ligne pour l&#039;\u00e9tranger !","robots":{"index":"index","follow":"follow","max-snippet":"max-snippet:-1","max-image-preview":"max-image-preview:large","max-video-preview":"max-video-preview:-1"},"canonical":"https:\/\/tiketi.com\/fr-fr\/overseas-buses\/","og_locale":"fr_FR","og_type":"article","og_title":"Overseas Bus Online Booking, Bus Tickets, Routes & Fares","og_description":"Looking for Overseas bus online booking, app, contacts, bus routes, fare and schedule? Make cheap Overseas online bus ticket booking now!","og_url":"https:\/\/tiketi.com\/fr-fr\/overseas-buses\/","og_site_name":"Tiketi.com","article_publisher":"https:\/\/www.facebook.com\/TiketiCom\/","article_modified_time":"2022-07-14T12:02:11+00:00","og_image":[{"width":1200,"height":206,"url":"https:\/\/tiketi.com\/wp-content\/uploads\/2022\/01\/bus-ticket-online-booking.jpg","type":"image\/jpeg"}],"twitter_card":"summary_large_image","twitter_misc":{"Dur\u00e9e de lecture estim\u00e9e":"2 minutes"},"schema":{"@context":"https:\/\/schema.org","@graph":[{"@type":"WebPage","@id":"https:\/\/tiketi.com\/overseas-buses\/","url":"https:\/\/tiketi.com\/overseas-buses\/","name":"R\u00e9servation en ligne de bus \u00e0 l&#039;\u00e9tranger, billets de bus, itin\u00e9raires et tarifs","isPartOf":{"@id":"https:\/\/tiketi.com\/#website"},"primaryImageOfPage":{"@id":"https:\/\/tiketi.com\/overseas-buses\/#primaryimage"},"image":{"@id":"https:\/\/tiketi.com\/overseas-buses\/#primaryimage"},"thumbnailUrl":"https:\/\/tiketi.com\/wp-content\/uploads\/2022\/01\/bus-ticket-online-booking.jpg","datePublished":"2022-01-19T11:54:27+00:00","dateModified":"2022-07-14T12:02:11+00:00","description":"Vous recherchez une r\u00e9servation en ligne de bus \u00e0 l&#039;\u00e9tranger, une application, des contacts, des itin\u00e9raires de bus, des tarifs et des horaires\u00a0? R\u00e9servez d\u00e8s maintenant vos billets de bus en ligne pour l&#039;\u00e9tranger !","breadcrumb":{"@id":"https:\/\/tiketi.com\/overseas-buses\/#breadcrumb"},"inLanguage":"fr-FR","potentialAction":[{"@type":"ReadAction","target":["https:\/\/tiketi.com\/overseas-buses\/"]}]},{"@type":"ImageObject","inLanguage":"fr-FR","@id":"https:\/\/tiketi.com\/overseas-buses\/#primaryimage","url":"https:\/\/tiketi.com\/wp-content\/uploads\/2022\/01\/bus-ticket-online-booking.jpg","contentUrl":"https:\/\/tiketi.com\/wp-content\/uploads\/2022\/01\/bus-ticket-online-booking.jpg","width":1200,"height":206,"caption":"Online Bus Ticket Booking"},{"@type":"BreadcrumbList","@id":"https:\/\/tiketi.com\/overseas-buses\/#breadcrumb","itemListElement":[{"@type":"ListItem","position":1,"name":"Home","item":"https:\/\/tiketi.com\/"},{"@type":"ListItem","position":2,"name":"Overseas Bus Online Booking, Bus Tickets, Routes &#038; Fares"}]},{"@type":"WebSite","@id":"https:\/\/tiketi.com\/#website","url":"https:\/\/tiketi.com\/","name":"Billets d&#039;avion et de bus, forfaits touristiques et activit\u00e9s - Tiketi.com","description":"Billets d&#039;avion et de bus, Tours, Activit\u00e9s","publisher":{"@id":"https:\/\/tiketi.com\/#organization"},"potentialAction":[{"@type":"SearchAction","target":{"@type":"EntryPoint","urlTemplate":"https:\/\/tiketi.com\/?s={search_term_string}"},"query-input":{"@type":"PropertyValueSpecification","valueRequired":true,"valueName":"search_term_string"}}],"inLanguage":"fr-FR"},{"@type":"Organization","@id":"https:\/\/tiketi.com\/#organization","name":"Tiketi.com","alternateName":"Tiketi","url":"https:\/\/tiketi.com\/","logo":{"@type":"ImageObject","inLanguage":"fr-FR","@id":"https:\/\/tiketi.com\/#\/schema\/logo\/image\/","url":"https:\/\/tiketi.com\/wp-content\/uploads\/2019\/05\/tiketi-logo-696.png","contentUrl":"https:\/\/tiketi.com\/wp-content\/uploads\/2019\/05\/tiketi-logo-696.png","width":696,"height":696,"caption":"Tiketi.com"},"image":{"@id":"https:\/\/tiketi.com\/#\/schema\/logo\/image\/"},"sameAs":["https:\/\/www.facebook.com\/TiketiCom\/"]}]}},"_links":{"self":[{"href":"https:\/\/tiketi.com\/fr-fr\/wp-json\/wp\/v2\/pages\/11278","targetHints":{"allow":["GET"]}}],"collection":[{"href":"https:\/\/tiketi.com\/fr-fr\/wp-json\/wp\/v2\/pages"}],"about":[{"href":"https:\/\/tiketi.com\/fr-fr\/wp-json\/wp\/v2\/types\/page"}],"author":[{"embeddable":true,"href":"https:\/\/tiketi.com\/fr-fr\/wp-json\/wp\/v2\/users\/1"}],"replies":[{"embeddable":true,"href":"https:\/\/tiketi.com\/fr-fr\/wp-json\/wp\/v2\/comments?post=11278"}],"version-history":[{"count":0,"href":"https:\/\/tiketi.com\/fr-fr\/wp-json\/wp\/v2\/pages\/11278\/revisions"}],"wp:featuredmedia":[{"embeddable":true,"href":"https:\/\/tiketi.com\/fr-fr\/wp-json\/wp\/v2\/media\/13999"}],"wp:attachment":[{"href":"https:\/\/tiketi.com\/fr-fr\/wp-json\/wp\/v2\/media?parent=11278"}],"curies":[{"name":"wp","href":"https:\/\/api.w.org\/{rel}","templated":true}]}}