{"id":11279,"date":"2022-01-19T12:54:27","date_gmt":"2022-01-19T11:54:27","guid":{"rendered":"https:\/\/new.tiketi.com\/eldoret-express-online-booking-bus-tickets-reservation\/"},"modified":"2022-02-11T23:10:32","modified_gmt":"2022-02-11T22:10:32","slug":"eldoret-express-buses","status":"publish","type":"page","link":"https:\/\/tiketi.com\/fr-fr\/eldoret-express-buses\/","title":{"rendered":"R\u00e9servation en ligne Eldoret Express, billets de bus, itin\u00e9raires et tarifs"},"content":{"rendered":"<h2>R\u00e9servation de billets de bus en ligne Eldoret Express<\/h2>\n<h3>D\u00e9couvrez votre itin\u00e9raire sur le web, le mobile ou l&#039;application et r\u00e9servez en ligne des billets de bus Eldoret Express pas chers.<\/h3>\n<p>R\u00e9servation en ligne Eldoret Express simplifi\u00e9e. Eldoret Express est une compagnie de navette et de bus qui relie la capitale du Kenya aux parties occidentale et septentrionale du pays. La compagnie de bus dans l&#039;industrie du transport depuis plus de 10 ans avec un service incroyable \u00e0 ses clients et voyageurs. Il en va de m\u00eame pour la r\u00e9servation de billets de bus en ligne Eldoret Express d\u00e8s maintenant\u00a0!<\/p>\n<h2>FAQ sur la r\u00e9servation en ligne d&#039;Eldoret Express, les billets de bus, les itin\u00e9raires et les tarifs<\/h2>\n<h3>Quels sont les trajets parcourus quotidiennement par les bus Eldoret Express ?<\/h3>\n<p>\u2022 Nairobi \u00e0 Kisumu<br \/>\n\u2022 Nairobi \u00e0 Kericho<br \/>\n\u2022 Nairobi \u00e0 Nakuru<br \/>\n\u2022 Nairobi \u00e0 Kakamega<br \/>\n\u2022 Nairobi \u00e0 Nambale<br \/>\n\u2022 Nairobi \u00e0 Mumias<\/p>\n<p>Le bus s&#039;arr\u00eate dans la plupart de leurs villes le long de ces itin\u00e9raires et relie ces destinations \u00e0 Nairobi.<\/p>\n<p>Ces bus n&#039;ont pas d&#039;horaires et ne partiront que lorsque le bus sera plein de passagers. Si vous voulez tester votre patience, essayez de voyager avec des billets de bus Eldoret Express.<\/p>\n<p>De plus, ils n&#039;ont pas de tarifs fixes le long des itin\u00e9raires, qui changent avec le trafic accessible. Vous pourriez payer le triple du prix principalement pendant les saisons de pointe.<br \/>\nEn bref, vous pouvez faire la r\u00e9servation en ligne Eldoret Express.<\/p>\n<h3>Ligne de service Eldoret Express<\/h3>\n<p>La compagnie de bus propose un service de bus interurbain quotidien r\u00e9gulier entre la ville de Nairobi et les parties du nord-ouest du Kenya. Ils fournissent un meilleur service parmi les meilleures marques de bus au Kenya et ils proposent d\u00e9sormais des services de prise en charge pour les clients qui attendent le bus le long de la route principale menant \u00e0 leur destination.<\/p>\n<p>Ils ont des d\u00e9parts le matin ainsi que des d\u00e9parts l&#039;apr\u00e8s-midi dans toutes les villes o\u00f9 ils se rendent. Vous pouvez faire un billet de bus Eldoret Express \u00e0 leurs bureaux qui sont accessibles dans toutes les gares routi\u00e8res et autres hors de la gare routi\u00e8re.<\/p>\n<p>Outre les services de transfert de passagers, la soci\u00e9t\u00e9 propose \u00e9galement des services de transfert de colis vers tous les lieux avec des prix \u00e9quitables en fonction de la taille et de la nature de vos colis.<\/p>\n<h3>Ligne de flotte Eldorent Express<\/h3>\n<p>La compagnie de bus est l&#039;une des meilleures entreprises du Kenya qui poss\u00e8de et exploite des machines Isuzu. Elle exploite \u00e9galement d&#039;autres mod\u00e8les de bus comme les c\u00e9l\u00e8bres bus Scania avec des carrosseries fabriqu\u00e9es localement par des fabricants de carrosseries kenyans.<\/p>\n<h3>Quelles sont les coordonn\u00e9es des bus Eldoret Express ?<\/h3>\n<p>Eldoret Express Co Ltd<\/p>\n<p>Ngara Road, Nairobi, Kenya<\/p>\n<h2>Conseils de r\u00e9servation de billets de bus en ligne Eldoret Express<\/h2>\n<p>Eldoret Express est le champion de la fourniture des meilleurs services sur les routes de l&#039;ouest et du nord du Kenya gr\u00e2ce \u00e0 la r\u00e9servation en ligne de bus Eldoret Express. Ils ont des services bien programm\u00e9s bas\u00e9s sur des d\u00e9parts quotidiens l&#039;apr\u00e8s-midi et le matin dans tous les comt\u00e9s.<\/p>","protected":false},"excerpt":{"rendered":"<p>Eldoret Express Online Bus Ticket Booking Discover your travel route on web, mobile or app and book cheap Eldoret Express bus tickets online. Eldoret Express online booking made easy.\u00a0Eldoret Express is a shuttle and bus company that runs from the capital city of Kenya to the Western and Northern parties in the countries. The bus [&hellip;]<\/p>\n","protected":false},"author":1,"featured_media":13999,"parent":0,"menu_order":0,"comment_status":"open","ping_status":"closed","template":"template-home-modern.php","meta":{"footnotes":""},"class_list":["post-11279","page","type-page","status-publish","has-post-thumbnail","hentry"],"yoast_head":"<!-- This site is optimized with the Yoast SEO plugin v27.3 - https:\/\/yoast.com\/product\/yoast-seo-wordpress\/ -->\n<title>Eldoret Express Online Booking, Bus Tickets, Routes &amp; Fares<\/title>\n<meta name=\"description\" content=\"Looking for Eldoret Express online booking? Make a Eldoret Express online bus ticket booking online now and save time and money\" \/>\n<meta name=\"robots\" content=\"index, follow, max-snippet:-1, max-image-preview:large, max-video-preview:-1\" \/>\n<link rel=\"canonical\" href=\"https:\/\/tiketi.com\/fr-fr\/eldoret-express-buses\/\" \/>\n<meta property=\"og:locale\" content=\"fr_FR\" \/>\n<meta property=\"og:type\" content=\"article\" \/>\n<meta property=\"og:title\" content=\"Eldoret Express Online Booking, Bus Tickets, Routes &amp; Fares\" \/>\n<meta property=\"og:description\" content=\"Looking for Eldoret Express online booking? Make a Eldoret Express online bus ticket booking online now and save time and money\" \/>\n<meta property=\"og:url\" content=\"https:\/\/tiketi.com\/fr-fr\/eldoret-express-buses\/\" \/>\n<meta property=\"og:site_name\" content=\"Tiketi.com\" \/>\n<meta property=\"article:publisher\" content=\"https:\/\/www.facebook.com\/TiketiCom\/\" \/>\n<meta property=\"article:modified_time\" content=\"2022-02-11T22:10:32+00:00\" \/>\n<meta property=\"og:image\" content=\"https:\/\/tiketi.com\/wp-content\/uploads\/2022\/01\/bus-ticket-online-booking.jpg\" \/>\n\t<meta property=\"og:image:width\" content=\"1200\" \/>\n\t<meta property=\"og:image:height\" content=\"206\" \/>\n\t<meta property=\"og:image:type\" content=\"image\/jpeg\" \/>\n<meta name=\"twitter:card\" content=\"summary_large_image\" \/>\n<meta name=\"twitter:label1\" content=\"Dur\u00e9e de lecture estim\u00e9e\" \/>\n\t<meta name=\"twitter:data1\" content=\"2 minutes\" \/>\n<script type=\"application\/ld+json\" class=\"yoast-schema-graph\">{\"@context\":\"https:\\\/\\\/schema.org\",\"@graph\":[{\"@type\":\"WebPage\",\"@id\":\"https:\\\/\\\/tiketi.com\\\/eldoret-express-buses\\\/\",\"url\":\"https:\\\/\\\/tiketi.com\\\/eldoret-express-buses\\\/\",\"name\":\"Eldoret Express Online Booking, Bus Tickets, Routes & Fares\",\"isPartOf\":{\"@id\":\"https:\\\/\\\/tiketi.com\\\/#website\"},\"primaryImageOfPage\":{\"@id\":\"https:\\\/\\\/tiketi.com\\\/eldoret-express-buses\\\/#primaryimage\"},\"image\":{\"@id\":\"https:\\\/\\\/tiketi.com\\\/eldoret-express-buses\\\/#primaryimage\"},\"thumbnailUrl\":\"https:\\\/\\\/tiketi.com\\\/wp-content\\\/uploads\\\/2022\\\/01\\\/bus-ticket-online-booking.jpg\",\"datePublished\":\"2022-01-19T11:54:27+00:00\",\"dateModified\":\"2022-02-11T22:10:32+00:00\",\"description\":\"Looking for Eldoret Express online booking? Make a Eldoret Express online bus ticket booking online now and save time and money\",\"breadcrumb\":{\"@id\":\"https:\\\/\\\/tiketi.com\\\/eldoret-express-buses\\\/#breadcrumb\"},\"inLanguage\":\"fr-FR\",\"potentialAction\":[{\"@type\":\"ReadAction\",\"target\":[\"https:\\\/\\\/tiketi.com\\\/eldoret-express-buses\\\/\"]}]},{\"@type\":\"ImageObject\",\"inLanguage\":\"fr-FR\",\"@id\":\"https:\\\/\\\/tiketi.com\\\/eldoret-express-buses\\\/#primaryimage\",\"url\":\"https:\\\/\\\/tiketi.com\\\/wp-content\\\/uploads\\\/2022\\\/01\\\/bus-ticket-online-booking.jpg\",\"contentUrl\":\"https:\\\/\\\/tiketi.com\\\/wp-content\\\/uploads\\\/2022\\\/01\\\/bus-ticket-online-booking.jpg\",\"width\":1200,\"height\":206,\"caption\":\"Online Bus Ticket Booking\"},{\"@type\":\"BreadcrumbList\",\"@id\":\"https:\\\/\\\/tiketi.com\\\/eldoret-express-buses\\\/#breadcrumb\",\"itemListElement\":[{\"@type\":\"ListItem\",\"position\":1,\"name\":\"Home\",\"item\":\"https:\\\/\\\/tiketi.com\\\/\"},{\"@type\":\"ListItem\",\"position\":2,\"name\":\"Eldoret Express Online Booking, Bus Tickets, Routes &#038; Fares\"}]},{\"@type\":\"WebSite\",\"@id\":\"https:\\\/\\\/tiketi.com\\\/#website\",\"url\":\"https:\\\/\\\/tiketi.com\\\/\",\"name\":\"Flight & Bus Tickets, Tour Packages & Activitites - Tiketi.com\",\"description\":\"Flight &amp; Bus Tickets, Tours, Activitites\",\"publisher\":{\"@id\":\"https:\\\/\\\/tiketi.com\\\/#organization\"},\"potentialAction\":[{\"@type\":\"SearchAction\",\"target\":{\"@type\":\"EntryPoint\",\"urlTemplate\":\"https:\\\/\\\/tiketi.com\\\/?s={search_term_string}\"},\"query-input\":{\"@type\":\"PropertyValueSpecification\",\"valueRequired\":true,\"valueName\":\"search_term_string\"}}],\"inLanguage\":\"fr-FR\"},{\"@type\":\"Organization\",\"@id\":\"https:\\\/\\\/tiketi.com\\\/#organization\",\"name\":\"Tiketi.com\",\"alternateName\":\"Tiketi\",\"url\":\"https:\\\/\\\/tiketi.com\\\/\",\"logo\":{\"@type\":\"ImageObject\",\"inLanguage\":\"fr-FR\",\"@id\":\"https:\\\/\\\/tiketi.com\\\/#\\\/schema\\\/logo\\\/image\\\/\",\"url\":\"https:\\\/\\\/tiketi.com\\\/wp-content\\\/uploads\\\/2019\\\/05\\\/tiketi-logo-696.png\",\"contentUrl\":\"https:\\\/\\\/tiketi.com\\\/wp-content\\\/uploads\\\/2019\\\/05\\\/tiketi-logo-696.png\",\"width\":696,\"height\":696,\"caption\":\"Tiketi.com\"},\"image\":{\"@id\":\"https:\\\/\\\/tiketi.com\\\/#\\\/schema\\\/logo\\\/image\\\/\"},\"sameAs\":[\"https:\\\/\\\/www.facebook.com\\\/TiketiCom\\\/\"]}]}<\/script>\n<!-- \/ Yoast SEO plugin. -->","yoast_head_json":{"title":"R\u00e9servation en ligne Eldoret Express, billets de bus, itin\u00e9raires et tarifs","description":"Vous recherchez une r\u00e9servation en ligne Eldoret Express? Faites une r\u00e9servation de billet de bus en ligne Eldoret Express en ligne maintenant et \u00e9conomisez du temps et de l&#039;argent","robots":{"index":"index","follow":"follow","max-snippet":"max-snippet:-1","max-image-preview":"max-image-preview:large","max-video-preview":"max-video-preview:-1"},"canonical":"https:\/\/tiketi.com\/fr-fr\/eldoret-express-buses\/","og_locale":"fr_FR","og_type":"article","og_title":"Eldoret Express Online Booking, Bus Tickets, Routes & Fares","og_description":"Looking for Eldoret Express online booking? Make a Eldoret Express online bus ticket booking online now and save time and money","og_url":"https:\/\/tiketi.com\/fr-fr\/eldoret-express-buses\/","og_site_name":"Tiketi.com","article_publisher":"https:\/\/www.facebook.com\/TiketiCom\/","article_modified_time":"2022-02-11T22:10:32+00:00","og_image":[{"width":1200,"height":206,"url":"https:\/\/tiketi.com\/wp-content\/uploads\/2022\/01\/bus-ticket-online-booking.jpg","type":"image\/jpeg"}],"twitter_card":"summary_large_image","twitter_misc":{"Dur\u00e9e de lecture estim\u00e9e":"2 minutes"},"schema":{"@context":"https:\/\/schema.org","@graph":[{"@type":"WebPage","@id":"https:\/\/tiketi.com\/eldoret-express-buses\/","url":"https:\/\/tiketi.com\/eldoret-express-buses\/","name":"R\u00e9servation en ligne Eldoret Express, billets de bus, itin\u00e9raires et tarifs","isPartOf":{"@id":"https:\/\/tiketi.com\/#website"},"primaryImageOfPage":{"@id":"https:\/\/tiketi.com\/eldoret-express-buses\/#primaryimage"},"image":{"@id":"https:\/\/tiketi.com\/eldoret-express-buses\/#primaryimage"},"thumbnailUrl":"https:\/\/tiketi.com\/wp-content\/uploads\/2022\/01\/bus-ticket-online-booking.jpg","datePublished":"2022-01-19T11:54:27+00:00","dateModified":"2022-02-11T22:10:32+00:00","description":"Vous recherchez une r\u00e9servation en ligne Eldoret Express? Faites une r\u00e9servation de billet de bus en ligne Eldoret Express en ligne maintenant et \u00e9conomisez du temps et de l&#039;argent","breadcrumb":{"@id":"https:\/\/tiketi.com\/eldoret-express-buses\/#breadcrumb"},"inLanguage":"fr-FR","potentialAction":[{"@type":"ReadAction","target":["https:\/\/tiketi.com\/eldoret-express-buses\/"]}]},{"@type":"ImageObject","inLanguage":"fr-FR","@id":"https:\/\/tiketi.com\/eldoret-express-buses\/#primaryimage","url":"https:\/\/tiketi.com\/wp-content\/uploads\/2022\/01\/bus-ticket-online-booking.jpg","contentUrl":"https:\/\/tiketi.com\/wp-content\/uploads\/2022\/01\/bus-ticket-online-booking.jpg","width":1200,"height":206,"caption":"Online Bus Ticket Booking"},{"@type":"BreadcrumbList","@id":"https:\/\/tiketi.com\/eldoret-express-buses\/#breadcrumb","itemListElement":[{"@type":"ListItem","position":1,"name":"Home","item":"https:\/\/tiketi.com\/"},{"@type":"ListItem","position":2,"name":"Eldoret Express Online Booking, Bus Tickets, Routes &#038; Fares"}]},{"@type":"WebSite","@id":"https:\/\/tiketi.com\/#website","url":"https:\/\/tiketi.com\/","name":"Billets d&#039;avion et de bus, forfaits touristiques et activit\u00e9s - Tiketi.com","description":"Billets d&#039;avion et de bus, Tours, Activit\u00e9s","publisher":{"@id":"https:\/\/tiketi.com\/#organization"},"potentialAction":[{"@type":"SearchAction","target":{"@type":"EntryPoint","urlTemplate":"https:\/\/tiketi.com\/?s={search_term_string}"},"query-input":{"@type":"PropertyValueSpecification","valueRequired":true,"valueName":"search_term_string"}}],"inLanguage":"fr-FR"},{"@type":"Organization","@id":"https:\/\/tiketi.com\/#organization","name":"Tiketi.com","alternateName":"Tiketi","url":"https:\/\/tiketi.com\/","logo":{"@type":"ImageObject","inLanguage":"fr-FR","@id":"https:\/\/tiketi.com\/#\/schema\/logo\/image\/","url":"https:\/\/tiketi.com\/wp-content\/uploads\/2019\/05\/tiketi-logo-696.png","contentUrl":"https:\/\/tiketi.com\/wp-content\/uploads\/2019\/05\/tiketi-logo-696.png","width":696,"height":696,"caption":"Tiketi.com"},"image":{"@id":"https:\/\/tiketi.com\/#\/schema\/logo\/image\/"},"sameAs":["https:\/\/www.facebook.com\/TiketiCom\/"]}]}},"_links":{"self":[{"href":"https:\/\/tiketi.com\/fr-fr\/wp-json\/wp\/v2\/pages\/11279","targetHints":{"allow":["GET"]}}],"collection":[{"href":"https:\/\/tiketi.com\/fr-fr\/wp-json\/wp\/v2\/pages"}],"about":[{"href":"https:\/\/tiketi.com\/fr-fr\/wp-json\/wp\/v2\/types\/page"}],"author":[{"embeddable":true,"href":"https:\/\/tiketi.com\/fr-fr\/wp-json\/wp\/v2\/users\/1"}],"replies":[{"embeddable":true,"href":"https:\/\/tiketi.com\/fr-fr\/wp-json\/wp\/v2\/comments?post=11279"}],"version-history":[{"count":0,"href":"https:\/\/tiketi.com\/fr-fr\/wp-json\/wp\/v2\/pages\/11279\/revisions"}],"wp:featuredmedia":[{"embeddable":true,"href":"https:\/\/tiketi.com\/fr-fr\/wp-json\/wp\/v2\/media\/13999"}],"wp:attachment":[{"href":"https:\/\/tiketi.com\/fr-fr\/wp-json\/wp\/v2\/media?parent=11279"}],"curies":[{"name":"wp","href":"https:\/\/api.w.org\/{rel}","templated":true}]}}