{"id":11280,"date":"2022-01-19T12:54:27","date_gmt":"2022-01-19T11:54:27","guid":{"rendered":"https:\/\/new.tiketi.com\/mash-poa-online-booking-bus-tickets-routes-fares\/"},"modified":"2022-07-14T13:02:11","modified_gmt":"2022-07-14T12:02:11","slug":"mash-poa-buses","status":"publish","type":"page","link":"https:\/\/tiketi.com\/fr-fr\/mash-poa-buses\/","title":{"rendered":"R\u00e9servation en ligne de Mash Poa, billets de bus, itin\u00e9raires et tarifs"},"content":{"rendered":"<p><strong>Un d:\u00a0<\/strong><\/p>\n<p><strong><a href=\"https:\/\/fiymo.com\/register\" target=\"_blank\" rel=\"noopener\"><\/a><\/strong><\/p>\n<h2>R\u00e9servation de billets en ligne Mash Poa<\/h2>\n<h3>D\u00e9couvrez votre itin\u00e9raire de voyage sur le web, le mobile ou l&#039;application et r\u00e9servez des billets Mash Poa pas chers en ligne d\u00e8s maintenant.<\/h3>\n<p>La r\u00e9servation en ligne de Mash Poa en toute simplicit\u00e9. Mash East Africa a \u00e9t\u00e9 fond\u00e9e en 2003 et a connu une ascension fulgurante pour devenir l&#039;une des principales entreprises de transport, non seulement au Kenya, mais aussi en Afrique de l&#039;Est dans son ensemble. La compagnie de bus dispose de plus de quarante bus climatis\u00e9s et bien entretenus avec des \u00e9crans plasma pour le confort des passagers. Mash East Africa contr\u00f4le \u00e9galement plus d&#039;une douzaine de terminaux de bus \u00e0 travers l&#039;Ouganda, le Kenya et le Rwanda et effectue la r\u00e9servation de billets en ligne de Mash Poa.<\/p>\n<h2>FAQ sur la r\u00e9servation en ligne, les contacts, les itin\u00e9raires et les tarifs de Mash Poa<\/h2>\n<h3>Quels sont les trajets parcourus quotidiennement par les bus Mash Poa ?<\/h3>\n<p>\u2022 Mombasa \u00e0 Mumias<br \/>\n\u2022 Mombasa \u00e0 Malaba<br \/>\n\u2022 Mombasa \u00e0 Nairobi<br \/>\n\u2022 Mombasa \u00e0 Kitui<br \/>\n\u2022 Mombasa \u00e0 Kisumu<br \/>\n\u2022 Kampala \u00e0 Kigali<br \/>\n\u2022 Nairobi \u00e0 Kkampala<br \/>\n\u2022 Nairobi \u00e0 Malindi<\/p>\n<h3>Puis-je r\u00e9server en ligne ?<\/h3>\n<p>Oui, la r\u00e9servation de billets en ligne Mash Poa peut \u00eatre effectu\u00e9e.<\/p>\n<h3>L&#039;assistance bagages est-elle propos\u00e9e ?<\/h3>\n<p>Oui, il y a des membres du personnel qui aident les passagers avec le porte-bagages.<\/p>\n<h3>Les repas sont-ils servis pendant le voyage ?<\/h3>\n<p>Non, mais vous pouvez obtenir des repas \u00e0 n&#039;importe quel arr\u00eat de bus pendant le voyage.<\/p>\n<h3>Quelles sont les coordonn\u00e9es des bus Mash Poa ?<\/h3>\n<p>Mash East Africa offre un moyen plus parfait, plus simple et plus s\u00fbr de r\u00e9server des billets de bus Mash Poa. Le syst\u00e8me de r\u00e9servation en ligne Mash Poa Africa prend en charge tous les itin\u00e9raires couverts par le bus.<\/p>\n<p>Mash Bus Services Ltd<br \/>\nPlace Mash, mwembe tayari<br \/>\nMombasa, Kenya<\/p>\n<h2>Conseils de r\u00e9servation de billets en ligne pour Mash Poa<\/h2>\n<p>En raison des progr\u00e8s et de la croissance de l&#039;entreprise, elle a re\u00e7u un troph\u00e9e et un certificat comme l&#039;un des meilleurs bus bien entretenus de la province c\u00f4ti\u00e8re lors du prix de la s\u00e9curit\u00e9 routi\u00e8re en Afrique de l&#039;Est en 2009.<\/p>\n<p>En utilisant ce service, vous b\u00e9n\u00e9ficierez d&#039;une surveillance de s\u00e9curit\u00e9 24 heures sur 24 surveill\u00e9e par une \u00e9quipe du syst\u00e8me GPRS. Leurs bus g\u00e9n\u00e8rent \u00e9galement m\u00e9caniquement des alertes de d\u00e9passement de vitesse qui sont envoy\u00e9es \u00e0 une unit\u00e9 de contr\u00f4le de la vitesse lorsque les conducteurs n&#039;ont pas suivi les r\u00e8gles.<\/p>\n<p><strong>\u2022 Utilisez le portail de r\u00e9servation en ligne de bus Mash Poa ci-dessus pour r\u00e9server des billets de bus.<\/strong><\/p>\n<p><strong>\u2022 Visitez le suivi des colis Mash Poa.<\/strong><\/p>","protected":false},"excerpt":{"rendered":"<p>Ad:\u00a0 Mash Poa Online Ticket Booking Discover your travel route on web, mobile or app and book cheap Mash Poa tickets online now. Mash Poa online booking made easy. Mash East Africa was founded in 2003 and has seen an amazing rise to being one of the top transport firms not just in Kenya but [&hellip;]<\/p>\n","protected":false},"author":1,"featured_media":13999,"parent":0,"menu_order":0,"comment_status":"open","ping_status":"closed","template":"template-home-modern.php","meta":{"footnotes":""},"class_list":["post-11280","page","type-page","status-publish","has-post-thumbnail","hentry"],"yoast_head":"<!-- This site is optimized with the Yoast SEO plugin v27.2 - https:\/\/yoast.com\/product\/yoast-seo-wordpress\/ -->\n<title>Mash Poa Online Booking, Bus Tickets, Routes &amp; Fares<\/title>\n<meta name=\"description\" content=\"Looking for Mash Poa online booking, app, contacts, bus routes, fare and schedule? Make a cheap Mash Poa online bus ticket booking now\" \/>\n<meta name=\"robots\" content=\"index, follow, max-snippet:-1, max-image-preview:large, max-video-preview:-1\" \/>\n<link rel=\"canonical\" href=\"https:\/\/tiketi.com\/fr-fr\/mash-poa-buses\/\" \/>\n<meta property=\"og:locale\" content=\"fr_FR\" \/>\n<meta property=\"og:type\" content=\"article\" \/>\n<meta property=\"og:title\" content=\"Mash Poa Online Booking, Bus Tickets, Routes &amp; Fares\" \/>\n<meta property=\"og:description\" content=\"Looking for Mash Poa online booking, app, contacts, bus routes, fare and schedule? Make a cheap Mash Poa online bus ticket booking now\" \/>\n<meta property=\"og:url\" content=\"https:\/\/tiketi.com\/fr-fr\/mash-poa-buses\/\" \/>\n<meta property=\"og:site_name\" content=\"Tiketi.com\" \/>\n<meta property=\"article:publisher\" content=\"https:\/\/www.facebook.com\/TiketiCom\/\" \/>\n<meta property=\"article:modified_time\" content=\"2022-07-14T12:02:11+00:00\" \/>\n<meta property=\"og:image\" content=\"https:\/\/tiketi.com\/wp-content\/uploads\/2022\/01\/bus-ticket-online-booking.jpg\" \/>\n\t<meta property=\"og:image:width\" content=\"1200\" \/>\n\t<meta property=\"og:image:height\" content=\"206\" \/>\n\t<meta property=\"og:image:type\" content=\"image\/jpeg\" \/>\n<meta name=\"twitter:card\" content=\"summary_large_image\" \/>\n<meta name=\"twitter:label1\" content=\"Dur\u00e9e de lecture estim\u00e9e\" \/>\n\t<meta name=\"twitter:data1\" content=\"2 minutes\" \/>\n<script type=\"application\/ld+json\" class=\"yoast-schema-graph\">{\"@context\":\"https:\/\/schema.org\",\"@graph\":[{\"@type\":\"WebPage\",\"@id\":\"https:\/\/tiketi.com\/mash-poa-buses\/\",\"url\":\"https:\/\/tiketi.com\/mash-poa-buses\/\",\"name\":\"Mash Poa Online Booking, Bus Tickets, Routes & Fares\",\"isPartOf\":{\"@id\":\"https:\/\/tiketi.com\/#website\"},\"primaryImageOfPage\":{\"@id\":\"https:\/\/tiketi.com\/mash-poa-buses\/#primaryimage\"},\"image\":{\"@id\":\"https:\/\/tiketi.com\/mash-poa-buses\/#primaryimage\"},\"thumbnailUrl\":\"https:\/\/tiketi.com\/wp-content\/uploads\/2022\/01\/bus-ticket-online-booking.jpg\",\"datePublished\":\"2022-01-19T11:54:27+00:00\",\"dateModified\":\"2022-07-14T12:02:11+00:00\",\"description\":\"Looking for Mash Poa online booking, app, contacts, bus routes, fare and schedule? Make a cheap Mash Poa online bus ticket booking now\",\"breadcrumb\":{\"@id\":\"https:\/\/tiketi.com\/mash-poa-buses\/#breadcrumb\"},\"inLanguage\":\"fr-FR\",\"potentialAction\":[{\"@type\":\"ReadAction\",\"target\":[\"https:\/\/tiketi.com\/mash-poa-buses\/\"]}]},{\"@type\":\"ImageObject\",\"inLanguage\":\"fr-FR\",\"@id\":\"https:\/\/tiketi.com\/mash-poa-buses\/#primaryimage\",\"url\":\"https:\/\/tiketi.com\/wp-content\/uploads\/2022\/01\/bus-ticket-online-booking.jpg\",\"contentUrl\":\"https:\/\/tiketi.com\/wp-content\/uploads\/2022\/01\/bus-ticket-online-booking.jpg\",\"width\":1200,\"height\":206,\"caption\":\"Online Bus Ticket Booking\"},{\"@type\":\"BreadcrumbList\",\"@id\":\"https:\/\/tiketi.com\/mash-poa-buses\/#breadcrumb\",\"itemListElement\":[{\"@type\":\"ListItem\",\"position\":1,\"name\":\"Home\",\"item\":\"https:\/\/tiketi.com\/\"},{\"@type\":\"ListItem\",\"position\":2,\"name\":\"Mash Poa Online Booking, Bus Tickets, Routes &#038; Fares\"}]},{\"@type\":\"WebSite\",\"@id\":\"https:\/\/tiketi.com\/#website\",\"url\":\"https:\/\/tiketi.com\/\",\"name\":\"Flight & Bus Tickets, Tour Packages & Activitites - Tiketi.com\",\"description\":\"Flight &amp; Bus Tickets, Tours, Activitites\",\"publisher\":{\"@id\":\"https:\/\/tiketi.com\/#organization\"},\"potentialAction\":[{\"@type\":\"SearchAction\",\"target\":{\"@type\":\"EntryPoint\",\"urlTemplate\":\"https:\/\/tiketi.com\/?s={search_term_string}\"},\"query-input\":{\"@type\":\"PropertyValueSpecification\",\"valueRequired\":true,\"valueName\":\"search_term_string\"}}],\"inLanguage\":\"fr-FR\"},{\"@type\":\"Organization\",\"@id\":\"https:\/\/tiketi.com\/#organization\",\"name\":\"Tiketi.com\",\"alternateName\":\"Tiketi\",\"url\":\"https:\/\/tiketi.com\/\",\"logo\":{\"@type\":\"ImageObject\",\"inLanguage\":\"fr-FR\",\"@id\":\"https:\/\/tiketi.com\/#\/schema\/logo\/image\/\",\"url\":\"https:\/\/tiketi.com\/wp-content\/uploads\/2019\/05\/tiketi-logo-696.png\",\"contentUrl\":\"https:\/\/tiketi.com\/wp-content\/uploads\/2019\/05\/tiketi-logo-696.png\",\"width\":696,\"height\":696,\"caption\":\"Tiketi.com\"},\"image\":{\"@id\":\"https:\/\/tiketi.com\/#\/schema\/logo\/image\/\"},\"sameAs\":[\"https:\/\/www.facebook.com\/TiketiCom\/\"]}]}<\/script>\n<!-- \/ Yoast SEO plugin. -->","yoast_head_json":{"title":"R\u00e9servation en ligne de Mash Poa, billets de bus, itin\u00e9raires et tarifs","description":"Vous recherchez une r\u00e9servation en ligne, une application, des contacts, des itin\u00e9raires de bus, des tarifs et des horaires pour Mash Poa\u00a0? R\u00e9servez d\u00e8s maintenant un billet de bus en ligne Mash Poa pas cher","robots":{"index":"index","follow":"follow","max-snippet":"max-snippet:-1","max-image-preview":"max-image-preview:large","max-video-preview":"max-video-preview:-1"},"canonical":"https:\/\/tiketi.com\/fr-fr\/mash-poa-buses\/","og_locale":"fr_FR","og_type":"article","og_title":"Mash Poa Online Booking, Bus Tickets, Routes & Fares","og_description":"Looking for Mash Poa online booking, app, contacts, bus routes, fare and schedule? Make a cheap Mash Poa online bus ticket booking now","og_url":"https:\/\/tiketi.com\/fr-fr\/mash-poa-buses\/","og_site_name":"Tiketi.com","article_publisher":"https:\/\/www.facebook.com\/TiketiCom\/","article_modified_time":"2022-07-14T12:02:11+00:00","og_image":[{"width":1200,"height":206,"url":"https:\/\/tiketi.com\/wp-content\/uploads\/2022\/01\/bus-ticket-online-booking.jpg","type":"image\/jpeg"}],"twitter_card":"summary_large_image","twitter_misc":{"Dur\u00e9e de lecture estim\u00e9e":"2 minutes"},"schema":{"@context":"https:\/\/schema.org","@graph":[{"@type":"WebPage","@id":"https:\/\/tiketi.com\/mash-poa-buses\/","url":"https:\/\/tiketi.com\/mash-poa-buses\/","name":"R\u00e9servation en ligne de Mash Poa, billets de bus, itin\u00e9raires et tarifs","isPartOf":{"@id":"https:\/\/tiketi.com\/#website"},"primaryImageOfPage":{"@id":"https:\/\/tiketi.com\/mash-poa-buses\/#primaryimage"},"image":{"@id":"https:\/\/tiketi.com\/mash-poa-buses\/#primaryimage"},"thumbnailUrl":"https:\/\/tiketi.com\/wp-content\/uploads\/2022\/01\/bus-ticket-online-booking.jpg","datePublished":"2022-01-19T11:54:27+00:00","dateModified":"2022-07-14T12:02:11+00:00","description":"Vous recherchez une r\u00e9servation en ligne, une application, des contacts, des itin\u00e9raires de bus, des tarifs et des horaires pour Mash Poa\u00a0? R\u00e9servez d\u00e8s maintenant un billet de bus en ligne Mash Poa pas cher","breadcrumb":{"@id":"https:\/\/tiketi.com\/mash-poa-buses\/#breadcrumb"},"inLanguage":"fr-FR","potentialAction":[{"@type":"ReadAction","target":["https:\/\/tiketi.com\/mash-poa-buses\/"]}]},{"@type":"ImageObject","inLanguage":"fr-FR","@id":"https:\/\/tiketi.com\/mash-poa-buses\/#primaryimage","url":"https:\/\/tiketi.com\/wp-content\/uploads\/2022\/01\/bus-ticket-online-booking.jpg","contentUrl":"https:\/\/tiketi.com\/wp-content\/uploads\/2022\/01\/bus-ticket-online-booking.jpg","width":1200,"height":206,"caption":"Online Bus Ticket Booking"},{"@type":"BreadcrumbList","@id":"https:\/\/tiketi.com\/mash-poa-buses\/#breadcrumb","itemListElement":[{"@type":"ListItem","position":1,"name":"Home","item":"https:\/\/tiketi.com\/"},{"@type":"ListItem","position":2,"name":"Mash Poa Online Booking, Bus Tickets, Routes &#038; Fares"}]},{"@type":"WebSite","@id":"https:\/\/tiketi.com\/#website","url":"https:\/\/tiketi.com\/","name":"Billets d&#039;avion et de bus, forfaits touristiques et activit\u00e9s - Tiketi.com","description":"Billets d&#039;avion et de bus, Tours, Activit\u00e9s","publisher":{"@id":"https:\/\/tiketi.com\/#organization"},"potentialAction":[{"@type":"SearchAction","target":{"@type":"EntryPoint","urlTemplate":"https:\/\/tiketi.com\/?s={search_term_string}"},"query-input":{"@type":"PropertyValueSpecification","valueRequired":true,"valueName":"search_term_string"}}],"inLanguage":"fr-FR"},{"@type":"Organization","@id":"https:\/\/tiketi.com\/#organization","name":"Tiketi.com","alternateName":"Tiketi","url":"https:\/\/tiketi.com\/","logo":{"@type":"ImageObject","inLanguage":"fr-FR","@id":"https:\/\/tiketi.com\/#\/schema\/logo\/image\/","url":"https:\/\/tiketi.com\/wp-content\/uploads\/2019\/05\/tiketi-logo-696.png","contentUrl":"https:\/\/tiketi.com\/wp-content\/uploads\/2019\/05\/tiketi-logo-696.png","width":696,"height":696,"caption":"Tiketi.com"},"image":{"@id":"https:\/\/tiketi.com\/#\/schema\/logo\/image\/"},"sameAs":["https:\/\/www.facebook.com\/TiketiCom\/"]}]}},"_links":{"self":[{"href":"https:\/\/tiketi.com\/fr-fr\/wp-json\/wp\/v2\/pages\/11280","targetHints":{"allow":["GET"]}}],"collection":[{"href":"https:\/\/tiketi.com\/fr-fr\/wp-json\/wp\/v2\/pages"}],"about":[{"href":"https:\/\/tiketi.com\/fr-fr\/wp-json\/wp\/v2\/types\/page"}],"author":[{"embeddable":true,"href":"https:\/\/tiketi.com\/fr-fr\/wp-json\/wp\/v2\/users\/1"}],"replies":[{"embeddable":true,"href":"https:\/\/tiketi.com\/fr-fr\/wp-json\/wp\/v2\/comments?post=11280"}],"version-history":[{"count":0,"href":"https:\/\/tiketi.com\/fr-fr\/wp-json\/wp\/v2\/pages\/11280\/revisions"}],"wp:featuredmedia":[{"embeddable":true,"href":"https:\/\/tiketi.com\/fr-fr\/wp-json\/wp\/v2\/media\/13999"}],"wp:attachment":[{"href":"https:\/\/tiketi.com\/fr-fr\/wp-json\/wp\/v2\/media?parent=11280"}],"curies":[{"name":"wp","href":"https:\/\/api.w.org\/{rel}","templated":true}]}}