{"id":11281,"date":"2022-01-19T12:54:27","date_gmt":"2022-01-19T11:54:27","guid":{"rendered":"https:\/\/new.tiketi.com\/tawakal-bus-online-booking-bus-tickets-reservation\/"},"modified":"2022-02-22T10:53:00","modified_gmt":"2022-02-22T09:53:00","slug":"tawakal-buses","status":"publish","type":"page","link":"https:\/\/tiketi.com\/fr-fr\/tawakal-buses\/","title":{"rendered":"R\u00e9servation en ligne de bus Tawakal, billets de bus, horaires et tarifs"},"content":{"rendered":"<h2>Tawakal Bus R\u00e9servation de billets de bus en ligne<\/h2>\n<h3>D\u00e9couvrez votre itin\u00e9raire de voyage sur le web, le mobile ou l&#039;application et r\u00e9servez d\u00e8s maintenant en ligne des billets de bus Tawakal pas chers.<\/h3>\n<p>Tawakal Bus r\u00e9servation en ligne facile. Le service de bus Pwani Takawal est une compagnie de bus d&#039;Afrique de l&#039;Est qui offre un service de passagers entre la Tanzanie et le Kenya. Alors faites la r\u00e9servation de billets de bus en ligne Tawakal Bus maintenant!<\/p>\n<p>Cela a toujours \u00e9t\u00e9 leur philosophie d&#039;avoir une entreprise de transport performante, il y a trois r\u00e8gles g\u00e9n\u00e9rales :<\/p>\n<p>\u2022 Avoir des chauffeurs s\u00fbrs et courtois<br \/>\n\u2022 Offrir un service fiable<br \/>\n\u2022 Avoir des v\u00e9hicules propres et relaxants<\/p>\n<h2>Tawakal Bus R\u00e9servation en ligne, billets de bus, horaires et tarifs FAQ<\/h2>\n<h3>Quels sont les c\u00e9l\u00e8bres itin\u00e9raires couverts par la r\u00e9servation en ligne et les bus Tawakal ?<\/h3>\n<p>\u2022 Mombasa \u00e0 Malindi<br \/>\n\u2022 Dar es Salaam \u00e0 Mombasa via Tanga<br \/>\n\u2022 Mombasa \u00e0 Tanga<br \/>\n\u2022 Mombasa \u00e0 Lamu<\/p>\n<h3>Voyager de Dar es Salam \u00e0 Mombasa<\/h3>\n<p>Dar es Salaam \u00e0 Mombasa au Kenya est d&#039;au moins huit heures.<\/p>\n<p>Des bus partent de Kariokor \u00e0 Dar et de la gare routi\u00e8re de la ville.<\/p>\n<p>Ils ne facturent que 21 000 tsh pour le trajet aller simple.<\/p>\n<p>Des services de bus c\u00e9l\u00e8bres proposent des trajets de Dar es Salaam \u00e0 Mombasa :<\/p>\n<p>\u2022 le bus Tawel<br \/>\n\u2022 le service de bus Tahmed<br \/>\n\u2022 Bus Takawal<br \/>\n\u2022 Bus ex\u00e9cutifs<br \/>\n\u2022 Royal Simba<\/p>\n<p>La soci\u00e9t\u00e9 la plus fiable est Takawal et Tahmeed, qui sont en service depuis un certain nombre d&#039;ann\u00e9es.<\/p>\n<h3>Horaires et horaires des bus Tawakal 2020<\/h3>\n<p>Ils partent \u00e0 plusieurs reprises comme suit<br \/>\n6h15 du bureau de Kariorkor<\/p>\n<p>7h du bureau de Kariorkor<\/p>\n<p>Ces horaires sont \u00e9galement les m\u00eames de Mombasa \u00e0 Dar es Salaam, ils partent tous de leurs bureaux et pas de terminal de bus l\u00e0-bas.<\/p>\n<h3>Quelles sont les coordonn\u00e9es de la r\u00e9servation en ligne et des bus Tawakal ?<\/h3>\n<p>Tawakal Bus Services Limited<\/p>\n<p>route Abdelnasser<br \/>\n254 Vieux Mombasa, Province de la c\u00f4te, Kenya<\/p>\n<h2>Tawakal Bus Conseils de r\u00e9servation de billets de bus en ligne<\/h2>\n<p>La compagnie de bus de luxe, plus s\u00fbre, plus rapide et plus respectueuse de l&#039;environnement qui propose le service de r\u00e9servation en ligne Tawakal. Lorsque vous voyagez avec le bus Tawakal, vous profiterez du service \u00ab classique \u00bb du mini-car Pwani Takawal. Nos travailleurs sont attach\u00e9s au service et \u00e0 la d\u00e9tente des clients. Laissez nos chauffeurs experts en uniforme vous aider avec vos bagages et vous transporter rapidement et en toute s\u00e9curit\u00e9 jusqu&#039;\u00e0 chez vous. Notre philosophie a toujours \u00e9t\u00e9 d&#039;avoir une entreprise de transport prosp\u00e8re.<br \/>\nLes bus Takwal ont un service AC. Billets de bus Tawakal en ligne, divertissement \u00e0 bord comme le syst\u00e8me de musique, la t\u00e9l\u00e9vision. Ils fournissent des boissons non alcoolis\u00e9es et leurs bus ont un syst\u00e8me de recharge.<\/p>","protected":false},"excerpt":{"rendered":"<p>Tawakal Bus Online Bus Ticket Booking Discover your travel route on web, mobile or app and book cheap Tawakal bus tickets online now. Tawakal Bus online booking made easy. Pwani Takawal bus service is an East Africa Bus company which offer passengers service between Tanzania and Kenya. So do Tawakal Bus online bus ticket booking [&hellip;]<\/p>\n","protected":false},"author":1,"featured_media":13999,"parent":0,"menu_order":0,"comment_status":"open","ping_status":"closed","template":"template-home-modern.php","meta":{"footnotes":""},"class_list":["post-11281","page","type-page","status-publish","has-post-thumbnail","hentry"],"yoast_head":"<!-- This site is optimized with the Yoast SEO plugin v27.2 - https:\/\/yoast.com\/product\/yoast-seo-wordpress\/ -->\n<title>Tawakal Bus Online Booking, Bus Tickets, Schedule &amp; Fare<\/title>\n<meta name=\"description\" content=\"Looking for Tawakal Bus online booking, app, contacts, bus routes, fare and schedule? Make a Tawakal Bus online bus ticket booking now\" \/>\n<meta name=\"robots\" content=\"index, follow, max-snippet:-1, max-image-preview:large, max-video-preview:-1\" \/>\n<link rel=\"canonical\" href=\"https:\/\/tiketi.com\/fr-fr\/tawakal-buses\/\" \/>\n<meta property=\"og:locale\" content=\"fr_FR\" \/>\n<meta property=\"og:type\" content=\"article\" \/>\n<meta property=\"og:title\" content=\"Tawakal Bus Online Booking, Bus Tickets, Schedule &amp; Fare\" \/>\n<meta property=\"og:description\" content=\"Looking for Tawakal Bus online booking, app, contacts, bus routes, fare and schedule? Make a Tawakal Bus online bus ticket booking now\" \/>\n<meta property=\"og:url\" content=\"https:\/\/tiketi.com\/fr-fr\/tawakal-buses\/\" \/>\n<meta property=\"og:site_name\" content=\"Tiketi.com\" \/>\n<meta property=\"article:publisher\" content=\"https:\/\/www.facebook.com\/TiketiCom\/\" \/>\n<meta property=\"article:modified_time\" content=\"2022-02-22T09:53:00+00:00\" \/>\n<meta property=\"og:image\" content=\"https:\/\/tiketi.com\/wp-content\/uploads\/2022\/01\/bus-ticket-online-booking.jpg\" \/>\n\t<meta property=\"og:image:width\" content=\"1200\" \/>\n\t<meta property=\"og:image:height\" content=\"206\" \/>\n\t<meta property=\"og:image:type\" content=\"image\/jpeg\" \/>\n<meta name=\"twitter:card\" content=\"summary_large_image\" \/>\n<meta name=\"twitter:label1\" content=\"Dur\u00e9e de lecture estim\u00e9e\" \/>\n\t<meta name=\"twitter:data1\" content=\"2 minutes\" \/>\n<script type=\"application\/ld+json\" class=\"yoast-schema-graph\">{\"@context\":\"https:\/\/schema.org\",\"@graph\":[{\"@type\":\"WebPage\",\"@id\":\"https:\/\/tiketi.com\/tawakal-buses\/\",\"url\":\"https:\/\/tiketi.com\/tawakal-buses\/\",\"name\":\"Tawakal Bus Online Booking, Bus Tickets, Schedule & Fare\",\"isPartOf\":{\"@id\":\"https:\/\/tiketi.com\/#website\"},\"primaryImageOfPage\":{\"@id\":\"https:\/\/tiketi.com\/tawakal-buses\/#primaryimage\"},\"image\":{\"@id\":\"https:\/\/tiketi.com\/tawakal-buses\/#primaryimage\"},\"thumbnailUrl\":\"https:\/\/tiketi.com\/wp-content\/uploads\/2022\/01\/bus-ticket-online-booking.jpg\",\"datePublished\":\"2022-01-19T11:54:27+00:00\",\"dateModified\":\"2022-02-22T09:53:00+00:00\",\"description\":\"Looking for Tawakal Bus online booking, app, contacts, bus routes, fare and schedule? Make a Tawakal Bus online bus ticket booking now\",\"breadcrumb\":{\"@id\":\"https:\/\/tiketi.com\/tawakal-buses\/#breadcrumb\"},\"inLanguage\":\"fr-FR\",\"potentialAction\":[{\"@type\":\"ReadAction\",\"target\":[\"https:\/\/tiketi.com\/tawakal-buses\/\"]}]},{\"@type\":\"ImageObject\",\"inLanguage\":\"fr-FR\",\"@id\":\"https:\/\/tiketi.com\/tawakal-buses\/#primaryimage\",\"url\":\"https:\/\/tiketi.com\/wp-content\/uploads\/2022\/01\/bus-ticket-online-booking.jpg\",\"contentUrl\":\"https:\/\/tiketi.com\/wp-content\/uploads\/2022\/01\/bus-ticket-online-booking.jpg\",\"width\":1200,\"height\":206,\"caption\":\"Online Bus Ticket Booking\"},{\"@type\":\"BreadcrumbList\",\"@id\":\"https:\/\/tiketi.com\/tawakal-buses\/#breadcrumb\",\"itemListElement\":[{\"@type\":\"ListItem\",\"position\":1,\"name\":\"Home\",\"item\":\"https:\/\/tiketi.com\/\"},{\"@type\":\"ListItem\",\"position\":2,\"name\":\"Tawakal Bus Online Booking, Bus Tickets, Schedule &#038; Fare\"}]},{\"@type\":\"WebSite\",\"@id\":\"https:\/\/tiketi.com\/#website\",\"url\":\"https:\/\/tiketi.com\/\",\"name\":\"Flight & Bus Tickets, Tour Packages & Activitites - Tiketi.com\",\"description\":\"Flight &amp; Bus Tickets, Tours, Activitites\",\"publisher\":{\"@id\":\"https:\/\/tiketi.com\/#organization\"},\"potentialAction\":[{\"@type\":\"SearchAction\",\"target\":{\"@type\":\"EntryPoint\",\"urlTemplate\":\"https:\/\/tiketi.com\/?s={search_term_string}\"},\"query-input\":{\"@type\":\"PropertyValueSpecification\",\"valueRequired\":true,\"valueName\":\"search_term_string\"}}],\"inLanguage\":\"fr-FR\"},{\"@type\":\"Organization\",\"@id\":\"https:\/\/tiketi.com\/#organization\",\"name\":\"Tiketi.com\",\"alternateName\":\"Tiketi\",\"url\":\"https:\/\/tiketi.com\/\",\"logo\":{\"@type\":\"ImageObject\",\"inLanguage\":\"fr-FR\",\"@id\":\"https:\/\/tiketi.com\/#\/schema\/logo\/image\/\",\"url\":\"https:\/\/tiketi.com\/wp-content\/uploads\/2019\/05\/tiketi-logo-696.png\",\"contentUrl\":\"https:\/\/tiketi.com\/wp-content\/uploads\/2019\/05\/tiketi-logo-696.png\",\"width\":696,\"height\":696,\"caption\":\"Tiketi.com\"},\"image\":{\"@id\":\"https:\/\/tiketi.com\/#\/schema\/logo\/image\/\"},\"sameAs\":[\"https:\/\/www.facebook.com\/TiketiCom\/\"]}]}<\/script>\n<!-- \/ Yoast SEO plugin. -->","yoast_head_json":{"title":"R\u00e9servation en ligne de bus Tawakal, billets de bus, horaires et tarifs","description":"Vous recherchez une r\u00e9servation en ligne Tawakal Bus, une application, des contacts, des itin\u00e9raires de bus, des tarifs et des horaires? Faites une r\u00e9servation de billet de bus en ligne Tawakal Bus maintenant","robots":{"index":"index","follow":"follow","max-snippet":"max-snippet:-1","max-image-preview":"max-image-preview:large","max-video-preview":"max-video-preview:-1"},"canonical":"https:\/\/tiketi.com\/fr-fr\/tawakal-buses\/","og_locale":"fr_FR","og_type":"article","og_title":"Tawakal Bus Online Booking, Bus Tickets, Schedule & Fare","og_description":"Looking for Tawakal Bus online booking, app, contacts, bus routes, fare and schedule? Make a Tawakal Bus online bus ticket booking now","og_url":"https:\/\/tiketi.com\/fr-fr\/tawakal-buses\/","og_site_name":"Tiketi.com","article_publisher":"https:\/\/www.facebook.com\/TiketiCom\/","article_modified_time":"2022-02-22T09:53:00+00:00","og_image":[{"width":1200,"height":206,"url":"https:\/\/tiketi.com\/wp-content\/uploads\/2022\/01\/bus-ticket-online-booking.jpg","type":"image\/jpeg"}],"twitter_card":"summary_large_image","twitter_misc":{"Dur\u00e9e de lecture estim\u00e9e":"2 minutes"},"schema":{"@context":"https:\/\/schema.org","@graph":[{"@type":"WebPage","@id":"https:\/\/tiketi.com\/tawakal-buses\/","url":"https:\/\/tiketi.com\/tawakal-buses\/","name":"R\u00e9servation en ligne de bus Tawakal, billets de bus, horaires et tarifs","isPartOf":{"@id":"https:\/\/tiketi.com\/#website"},"primaryImageOfPage":{"@id":"https:\/\/tiketi.com\/tawakal-buses\/#primaryimage"},"image":{"@id":"https:\/\/tiketi.com\/tawakal-buses\/#primaryimage"},"thumbnailUrl":"https:\/\/tiketi.com\/wp-content\/uploads\/2022\/01\/bus-ticket-online-booking.jpg","datePublished":"2022-01-19T11:54:27+00:00","dateModified":"2022-02-22T09:53:00+00:00","description":"Vous recherchez une r\u00e9servation en ligne Tawakal Bus, une application, des contacts, des itin\u00e9raires de bus, des tarifs et des horaires? Faites une r\u00e9servation de billet de bus en ligne Tawakal Bus maintenant","breadcrumb":{"@id":"https:\/\/tiketi.com\/tawakal-buses\/#breadcrumb"},"inLanguage":"fr-FR","potentialAction":[{"@type":"ReadAction","target":["https:\/\/tiketi.com\/tawakal-buses\/"]}]},{"@type":"ImageObject","inLanguage":"fr-FR","@id":"https:\/\/tiketi.com\/tawakal-buses\/#primaryimage","url":"https:\/\/tiketi.com\/wp-content\/uploads\/2022\/01\/bus-ticket-online-booking.jpg","contentUrl":"https:\/\/tiketi.com\/wp-content\/uploads\/2022\/01\/bus-ticket-online-booking.jpg","width":1200,"height":206,"caption":"Online Bus Ticket Booking"},{"@type":"BreadcrumbList","@id":"https:\/\/tiketi.com\/tawakal-buses\/#breadcrumb","itemListElement":[{"@type":"ListItem","position":1,"name":"Home","item":"https:\/\/tiketi.com\/"},{"@type":"ListItem","position":2,"name":"Tawakal Bus Online Booking, Bus Tickets, Schedule &#038; Fare"}]},{"@type":"WebSite","@id":"https:\/\/tiketi.com\/#website","url":"https:\/\/tiketi.com\/","name":"Billets d&#039;avion et de bus, forfaits touristiques et activit\u00e9s - Tiketi.com","description":"Billets d&#039;avion et de bus, Tours, Activit\u00e9s","publisher":{"@id":"https:\/\/tiketi.com\/#organization"},"potentialAction":[{"@type":"SearchAction","target":{"@type":"EntryPoint","urlTemplate":"https:\/\/tiketi.com\/?s={search_term_string}"},"query-input":{"@type":"PropertyValueSpecification","valueRequired":true,"valueName":"search_term_string"}}],"inLanguage":"fr-FR"},{"@type":"Organization","@id":"https:\/\/tiketi.com\/#organization","name":"Tiketi.com","alternateName":"Tiketi","url":"https:\/\/tiketi.com\/","logo":{"@type":"ImageObject","inLanguage":"fr-FR","@id":"https:\/\/tiketi.com\/#\/schema\/logo\/image\/","url":"https:\/\/tiketi.com\/wp-content\/uploads\/2019\/05\/tiketi-logo-696.png","contentUrl":"https:\/\/tiketi.com\/wp-content\/uploads\/2019\/05\/tiketi-logo-696.png","width":696,"height":696,"caption":"Tiketi.com"},"image":{"@id":"https:\/\/tiketi.com\/#\/schema\/logo\/image\/"},"sameAs":["https:\/\/www.facebook.com\/TiketiCom\/"]}]}},"_links":{"self":[{"href":"https:\/\/tiketi.com\/fr-fr\/wp-json\/wp\/v2\/pages\/11281","targetHints":{"allow":["GET"]}}],"collection":[{"href":"https:\/\/tiketi.com\/fr-fr\/wp-json\/wp\/v2\/pages"}],"about":[{"href":"https:\/\/tiketi.com\/fr-fr\/wp-json\/wp\/v2\/types\/page"}],"author":[{"embeddable":true,"href":"https:\/\/tiketi.com\/fr-fr\/wp-json\/wp\/v2\/users\/1"}],"replies":[{"embeddable":true,"href":"https:\/\/tiketi.com\/fr-fr\/wp-json\/wp\/v2\/comments?post=11281"}],"version-history":[{"count":0,"href":"https:\/\/tiketi.com\/fr-fr\/wp-json\/wp\/v2\/pages\/11281\/revisions"}],"wp:featuredmedia":[{"embeddable":true,"href":"https:\/\/tiketi.com\/fr-fr\/wp-json\/wp\/v2\/media\/13999"}],"wp:attachment":[{"href":"https:\/\/tiketi.com\/fr-fr\/wp-json\/wp\/v2\/media?parent=11281"}],"curies":[{"name":"wp","href":"https:\/\/api.w.org\/{rel}","templated":true}]}}