{"id":11283,"date":"2022-01-19T12:54:27","date_gmt":"2022-01-19T11:54:27","guid":{"rendered":"https:\/\/new.tiketi.com\/spanish-bus-online-booking-bus-tickets-reservation\/"},"modified":"2025-08-02T13:16:29","modified_gmt":"2025-08-02T12:16:29","slug":"spanish-buses","status":"publish","type":"page","link":"https:\/\/tiketi.com\/fr-fr\/spanish-buses\/","title":{"rendered":"R\u00e9servation en ligne de bus espagnols, billets de bus, itin\u00e9raire, horaires et tarifs"},"content":{"rendered":"<h2>R\u00e9servation en ligne de bus espagnol au Kenya<\/h2>\n<h3>D\u00e9couvrez votre itin\u00e9raire de voyage sur le Web, sur mobile ou sur une application et r\u00e9servez d\u00e8s maintenant des billets de bus espagnols bon march\u00e9 en ligne.<\/h3>\n<p>La r\u00e9servation en ligne des bus espagnols est simplifi\u00e9e. Spanish bus est une compagnie de bus de luxe qui relie les villes de Mombasa et Nairobi. Alors faites la r\u00e9servation en ligne des autocars espagnols d\u00e8s maintenant\u00a0!<\/p>\n<h2>FAQ sur la r\u00e9servation en ligne des bus espagnols<\/h2>\n<h3>Quels sont les c\u00e9l\u00e8bres itin\u00e9raires de r\u00e9servation de billets de bus espagnols couverts par les bus espagnols\u00a0?<\/h3>\n<p>En ce qui concerne les destinations, le bus dessert les itin\u00e9raires Nairobi-Kisum et Nairobi-Mombasa.<\/p>\n<h3>Flotte de bus espagnole<\/h3>\n<p>C&#039;est l&#039;un des meilleurs bus de l&#039;itin\u00e9raire, offrant \u00e0 ses clients luxe, style et plaisir in\u00e9gal\u00e9. Ils proposent une flotte vari\u00e9e qui vous apporte la climatisation, le Wi-Fi, le plasma, des si\u00e8ges inclinables, des rafra\u00eechissements, des t\u00e9l\u00e9viseurs et des prises de recharge. De plus, gr\u00e2ce \u00e0 leurs si\u00e8ges inclinables, vous disposez de plus d&#039;espace pour les jambes, ce qui vous permet de vous d\u00e9tendre lorsque vous voyagez via la r\u00e9servation de bus espagnols.<\/p>\n<p>Leurs bus sont pour la plupart neufs et donc les plus cool et les plus visibles de l&#039;itin\u00e9raire.<\/p>\n<p>Les bus sont relaxants, \u00e9quip\u00e9s de collations Wi-Fi \u00e0 bord, de ports de chargement pour ordinateurs portables et t\u00e9l\u00e9phones, ainsi que d&#039;un \u00e9quipage tr\u00e8s professionnel qui prend soin de vous. Ils respectent leur emploi du temps et sont pilot\u00e9s par les meilleurs professionnels.<br \/>\nConclusion<\/p>\n<p>Certains de leurs bus arrivent maintenant \u00e0 Kisumu via Mombasa. Bien qu&#039;ils jouent avec quelques itin\u00e9raires, leur service de billets de bus espagnol est tr\u00e8s bon.<\/p>\n<h3>Quelles sont les coordonn\u00e9es des bus espagnols ?<\/h3>\n<p>Les compagnies de bus ont des bureaux \u00e0 Mombasa et \u00e0 Nairobi. A Nairobi, vous pouvez les trouver le long de River Road tandis qu&#039;\u00e0 Mombasa, leur bureau est situ\u00e9 sur Mombasa Road, en face de l&#039;African Fast food.<\/p>\n<p>Vous pouvez les contacter \u00e0 l&#039;adresse suivante ci-dessous :<\/p>\n<p>Le si\u00e8ge social est situ\u00e9 sur l&#039;avenue JomoKenyatta \u00e0 Mombasa, au Kenya.<\/p>\n<h2>Conseils pour la r\u00e9servation de billets de bus espagnols en ligne<\/h2>\n<p>Si vous recherchez un bus de luxe pour aller de Nairobi \u00e0 Mombasa ou de Mombasa \u00e0 Nairobi ou inversement, le bus espagnol est l&#039;un de ceux que vous devriez envisager. Il vous offre non seulement une d\u00e9tente mentale, mais \u00e9galement un confort tout au long du grand voyage de 500 kilom\u00e8tres.<\/p>\n<h2>Other popular bus companies in Kenya<\/h2>\n<table border=\"0\" cellspacing=\"1\" cellpadding=\"1\">\n<tbody>\n<tr>\n<td>\n<ul>\n<li><a href=\"https:\/\/tiketi.com\/fr-fr\/volants\/taxi-aerien\/abu-dhabi\/\" target=\"_blank\" rel=\"noopener\">Simba Coach Booking<\/a><\/li>\n<\/ul>\n<\/td>\n<td style=\"width: 30px;\"><\/td>\n<td>\n<ul>\n<li><a href=\"https:\/\/tiketi.com\/fr-fr\/companies\/buses\/ena-coach\/\" target=\"_blank\" rel=\"noopener\">Ena Coach Booking<\/a><\/li>\n<\/ul>\n<\/td>\n<td style=\"width: 30px;\"><\/td>\n<td>\n<ul>\n<li><a href=\"https:\/\/tiketi.com\/fr-fr\/companies\/buses\/easy-coach\/\" target=\"_blank\" rel=\"noopener\">Easy Coach Booking<\/a><\/li>\n<\/ul>\n<\/td>\n<\/tr>\n<tr>\n<td>\n<ul>\n<li><a href=\"https:\/\/tiketi.com\/fr-fr\/companies\/buses\/tahmeed-express-coaches\/\" target=\"_blank\" rel=\"noopener\">Tahmeed Coach Booking<\/a><\/li>\n<\/ul>\n<\/td>\n<td style=\"width: 30px;\"><\/td>\n<td>\n<ul>\n<li><a href=\"https:\/\/tiketi.com\/fr-fr\/companies\/buses\/guardian-coach\/\" target=\"_blank\" rel=\"noopener\">Guardian Coach Booking<\/a><\/li>\n<\/ul>\n<\/td>\n<td style=\"width: 30px;\"><\/td>\n<td>\n<ul>\n<li><a href=\"https:\/\/tiketi.com\/fr-fr\/companies\/buses\/modern-coast-coaches\/\" target=\"_blank\" rel=\"noopener\">Modern Coast Booking<\/a><\/li>\n<\/ul>\n<\/td>\n<\/tr>\n<tr>\n<td>\n<ul>\n<li><a href=\"https:\/\/tiketi.com\/fr-fr\/companies\/buses\/coast-bus\/\" target=\"_blank\" rel=\"noopener\">Coast Bus Booking<\/a><\/li>\n<\/ul>\n<\/td>\n<td style=\"width: 30px;\"><\/td>\n<td>\n<ul>\n<li><a href=\"https:\/\/tiketi.com\/fr-fr\/companies\/buses\/dreamline-express-coaches\/\" target=\"_blank\" rel=\"noopener\">Dreamline Express Booking<\/a><\/li>\n<\/ul>\n<\/td>\n<td style=\"width: 30px;\"><\/td>\n<td>\n<ul>\n<li><a href=\"https:\/\/tiketi.com\/fr-fr\/companies\/buses\/mash-poa-mash-east-africa\/\" target=\"_blank\" rel=\"noopener\">Masha Poa Booking<\/a><\/li>\n<\/ul>\n<\/td>\n<\/tr>\n<\/tbody>\n<\/table>\n<p>&nbsp;<\/p>","protected":false},"excerpt":{"rendered":"<p>Spanish Coach Bus Online Booking Kenya Discover your travel route on web, mobile or app and book cheap Spanish bus tickets online now. Spanish bus online booking made easy. Spanish bus is a luxurious bus company that runs between the cities of Mombasa and Nairobi. So do Spanish coach bus online booking now! Spanish Bus\u00a0Online [&hellip;]<\/p>\n","protected":false},"author":1,"featured_media":13999,"parent":0,"menu_order":0,"comment_status":"open","ping_status":"closed","template":"template-home-modern.php","meta":{"footnotes":""},"class_list":["post-11283","page","type-page","status-publish","has-post-thumbnail","hentry"],"yoast_head":"<!-- This site is optimized with the Yoast SEO plugin v27.3 - https:\/\/yoast.com\/product\/yoast-seo-wordpress\/ -->\n<title>Spanish Bus Online Booking, Bus Tickets, Route, Schedule &amp; Fare<\/title>\n<meta name=\"description\" content=\"Looking for Spanish bus online booking, app, contacts, bus routes, fare and schedule? Spanish bus online bus ticket booking online now\" \/>\n<meta name=\"robots\" content=\"index, follow, max-snippet:-1, max-image-preview:large, max-video-preview:-1\" \/>\n<link rel=\"canonical\" href=\"https:\/\/tiketi.com\/fr-fr\/spanish-buses\/\" \/>\n<meta property=\"og:locale\" content=\"fr_FR\" \/>\n<meta property=\"og:type\" content=\"article\" \/>\n<meta property=\"og:title\" content=\"Spanish Bus Online Booking, Bus Tickets, Route, Schedule &amp; Fare\" \/>\n<meta property=\"og:description\" content=\"Looking for Spanish bus online booking, app, contacts, bus routes, fare and schedule? Spanish bus online bus ticket booking online now\" \/>\n<meta property=\"og:url\" content=\"https:\/\/tiketi.com\/fr-fr\/spanish-buses\/\" \/>\n<meta property=\"og:site_name\" content=\"Tiketi.com\" \/>\n<meta property=\"article:publisher\" content=\"https:\/\/www.facebook.com\/TiketiCom\/\" \/>\n<meta property=\"article:modified_time\" content=\"2025-08-02T12:16:29+00:00\" \/>\n<meta property=\"og:image\" content=\"https:\/\/tiketi.com\/wp-content\/uploads\/2022\/01\/bus-ticket-online-booking.jpg\" \/>\n\t<meta property=\"og:image:width\" content=\"1200\" \/>\n\t<meta property=\"og:image:height\" content=\"206\" \/>\n\t<meta property=\"og:image:type\" content=\"image\/jpeg\" \/>\n<meta name=\"twitter:card\" content=\"summary_large_image\" \/>\n<meta name=\"twitter:label1\" content=\"Dur\u00e9e de lecture estim\u00e9e\" \/>\n\t<meta name=\"twitter:data1\" content=\"2 minutes\" \/>\n<script type=\"application\/ld+json\" class=\"yoast-schema-graph\">{\"@context\":\"https:\\\/\\\/schema.org\",\"@graph\":[{\"@type\":\"WebPage\",\"@id\":\"https:\\\/\\\/tiketi.com\\\/spanish-buses\\\/\",\"url\":\"https:\\\/\\\/tiketi.com\\\/spanish-buses\\\/\",\"name\":\"Spanish Bus Online Booking, Bus Tickets, Route, Schedule & Fare\",\"isPartOf\":{\"@id\":\"https:\\\/\\\/tiketi.com\\\/#website\"},\"primaryImageOfPage\":{\"@id\":\"https:\\\/\\\/tiketi.com\\\/spanish-buses\\\/#primaryimage\"},\"image\":{\"@id\":\"https:\\\/\\\/tiketi.com\\\/spanish-buses\\\/#primaryimage\"},\"thumbnailUrl\":\"https:\\\/\\\/tiketi.com\\\/wp-content\\\/uploads\\\/2022\\\/01\\\/bus-ticket-online-booking.jpg\",\"datePublished\":\"2022-01-19T11:54:27+00:00\",\"dateModified\":\"2025-08-02T12:16:29+00:00\",\"description\":\"Looking for Spanish bus online booking, app, contacts, bus routes, fare and schedule? Spanish bus online bus ticket booking online now\",\"breadcrumb\":{\"@id\":\"https:\\\/\\\/tiketi.com\\\/spanish-buses\\\/#breadcrumb\"},\"inLanguage\":\"fr-FR\",\"potentialAction\":[{\"@type\":\"ReadAction\",\"target\":[\"https:\\\/\\\/tiketi.com\\\/spanish-buses\\\/\"]}]},{\"@type\":\"ImageObject\",\"inLanguage\":\"fr-FR\",\"@id\":\"https:\\\/\\\/tiketi.com\\\/spanish-buses\\\/#primaryimage\",\"url\":\"https:\\\/\\\/tiketi.com\\\/wp-content\\\/uploads\\\/2022\\\/01\\\/bus-ticket-online-booking.jpg\",\"contentUrl\":\"https:\\\/\\\/tiketi.com\\\/wp-content\\\/uploads\\\/2022\\\/01\\\/bus-ticket-online-booking.jpg\",\"width\":1200,\"height\":206,\"caption\":\"Online Bus Ticket Booking\"},{\"@type\":\"BreadcrumbList\",\"@id\":\"https:\\\/\\\/tiketi.com\\\/spanish-buses\\\/#breadcrumb\",\"itemListElement\":[{\"@type\":\"ListItem\",\"position\":1,\"name\":\"Home\",\"item\":\"https:\\\/\\\/tiketi.com\\\/\"},{\"@type\":\"ListItem\",\"position\":2,\"name\":\"Spanish Bus Online Booking, Bus Tickets, Route, Schedule &#038; Fare\"}]},{\"@type\":\"WebSite\",\"@id\":\"https:\\\/\\\/tiketi.com\\\/#website\",\"url\":\"https:\\\/\\\/tiketi.com\\\/\",\"name\":\"Flight & Bus Tickets, Tour Packages & Activitites - Tiketi.com\",\"description\":\"Flight &amp; Bus Tickets, Tours, Activitites\",\"publisher\":{\"@id\":\"https:\\\/\\\/tiketi.com\\\/#organization\"},\"potentialAction\":[{\"@type\":\"SearchAction\",\"target\":{\"@type\":\"EntryPoint\",\"urlTemplate\":\"https:\\\/\\\/tiketi.com\\\/?s={search_term_string}\"},\"query-input\":{\"@type\":\"PropertyValueSpecification\",\"valueRequired\":true,\"valueName\":\"search_term_string\"}}],\"inLanguage\":\"fr-FR\"},{\"@type\":\"Organization\",\"@id\":\"https:\\\/\\\/tiketi.com\\\/#organization\",\"name\":\"Tiketi.com\",\"alternateName\":\"Tiketi\",\"url\":\"https:\\\/\\\/tiketi.com\\\/\",\"logo\":{\"@type\":\"ImageObject\",\"inLanguage\":\"fr-FR\",\"@id\":\"https:\\\/\\\/tiketi.com\\\/#\\\/schema\\\/logo\\\/image\\\/\",\"url\":\"https:\\\/\\\/tiketi.com\\\/wp-content\\\/uploads\\\/2019\\\/05\\\/tiketi-logo-696.png\",\"contentUrl\":\"https:\\\/\\\/tiketi.com\\\/wp-content\\\/uploads\\\/2019\\\/05\\\/tiketi-logo-696.png\",\"width\":696,\"height\":696,\"caption\":\"Tiketi.com\"},\"image\":{\"@id\":\"https:\\\/\\\/tiketi.com\\\/#\\\/schema\\\/logo\\\/image\\\/\"},\"sameAs\":[\"https:\\\/\\\/www.facebook.com\\\/TiketiCom\\\/\"]}]}<\/script>\n<!-- \/ Yoast SEO plugin. -->","yoast_head_json":{"title":"R\u00e9servation en ligne de bus espagnols, billets de bus, itin\u00e9raire, horaires et tarifs","description":"Vous recherchez une r\u00e9servation en ligne de bus espagnol, une application, des contacts, des itin\u00e9raires de bus, des tarifs et des horaires\u00a0? Bus espagnol en ligne, r\u00e9servation de billets de bus en ligne maintenant","robots":{"index":"index","follow":"follow","max-snippet":"max-snippet:-1","max-image-preview":"max-image-preview:large","max-video-preview":"max-video-preview:-1"},"canonical":"https:\/\/tiketi.com\/fr-fr\/spanish-buses\/","og_locale":"fr_FR","og_type":"article","og_title":"Spanish Bus Online Booking, Bus Tickets, Route, Schedule & Fare","og_description":"Looking for Spanish bus online booking, app, contacts, bus routes, fare and schedule? Spanish bus online bus ticket booking online now","og_url":"https:\/\/tiketi.com\/fr-fr\/spanish-buses\/","og_site_name":"Tiketi.com","article_publisher":"https:\/\/www.facebook.com\/TiketiCom\/","article_modified_time":"2025-08-02T12:16:29+00:00","og_image":[{"width":1200,"height":206,"url":"https:\/\/tiketi.com\/wp-content\/uploads\/2022\/01\/bus-ticket-online-booking.jpg","type":"image\/jpeg"}],"twitter_card":"summary_large_image","twitter_misc":{"Dur\u00e9e de lecture estim\u00e9e":"2 minutes"},"schema":{"@context":"https:\/\/schema.org","@graph":[{"@type":"WebPage","@id":"https:\/\/tiketi.com\/spanish-buses\/","url":"https:\/\/tiketi.com\/spanish-buses\/","name":"R\u00e9servation en ligne de bus espagnols, billets de bus, itin\u00e9raire, horaires et tarifs","isPartOf":{"@id":"https:\/\/tiketi.com\/#website"},"primaryImageOfPage":{"@id":"https:\/\/tiketi.com\/spanish-buses\/#primaryimage"},"image":{"@id":"https:\/\/tiketi.com\/spanish-buses\/#primaryimage"},"thumbnailUrl":"https:\/\/tiketi.com\/wp-content\/uploads\/2022\/01\/bus-ticket-online-booking.jpg","datePublished":"2022-01-19T11:54:27+00:00","dateModified":"2025-08-02T12:16:29+00:00","description":"Vous recherchez une r\u00e9servation en ligne de bus espagnol, une application, des contacts, des itin\u00e9raires de bus, des tarifs et des horaires\u00a0? Bus espagnol en ligne, r\u00e9servation de billets de bus en ligne maintenant","breadcrumb":{"@id":"https:\/\/tiketi.com\/spanish-buses\/#breadcrumb"},"inLanguage":"fr-FR","potentialAction":[{"@type":"ReadAction","target":["https:\/\/tiketi.com\/spanish-buses\/"]}]},{"@type":"ImageObject","inLanguage":"fr-FR","@id":"https:\/\/tiketi.com\/spanish-buses\/#primaryimage","url":"https:\/\/tiketi.com\/wp-content\/uploads\/2022\/01\/bus-ticket-online-booking.jpg","contentUrl":"https:\/\/tiketi.com\/wp-content\/uploads\/2022\/01\/bus-ticket-online-booking.jpg","width":1200,"height":206,"caption":"Online Bus Ticket Booking"},{"@type":"BreadcrumbList","@id":"https:\/\/tiketi.com\/spanish-buses\/#breadcrumb","itemListElement":[{"@type":"ListItem","position":1,"name":"Home","item":"https:\/\/tiketi.com\/"},{"@type":"ListItem","position":2,"name":"Spanish Bus Online Booking, Bus Tickets, Route, Schedule &#038; Fare"}]},{"@type":"WebSite","@id":"https:\/\/tiketi.com\/#website","url":"https:\/\/tiketi.com\/","name":"Billets d&#039;avion et de bus, forfaits touristiques et activit\u00e9s - Tiketi.com","description":"Billets d&#039;avion et de bus, Tours, Activit\u00e9s","publisher":{"@id":"https:\/\/tiketi.com\/#organization"},"potentialAction":[{"@type":"SearchAction","target":{"@type":"EntryPoint","urlTemplate":"https:\/\/tiketi.com\/?s={search_term_string}"},"query-input":{"@type":"PropertyValueSpecification","valueRequired":true,"valueName":"search_term_string"}}],"inLanguage":"fr-FR"},{"@type":"Organization","@id":"https:\/\/tiketi.com\/#organization","name":"Tiketi.com","alternateName":"Tiketi","url":"https:\/\/tiketi.com\/","logo":{"@type":"ImageObject","inLanguage":"fr-FR","@id":"https:\/\/tiketi.com\/#\/schema\/logo\/image\/","url":"https:\/\/tiketi.com\/wp-content\/uploads\/2019\/05\/tiketi-logo-696.png","contentUrl":"https:\/\/tiketi.com\/wp-content\/uploads\/2019\/05\/tiketi-logo-696.png","width":696,"height":696,"caption":"Tiketi.com"},"image":{"@id":"https:\/\/tiketi.com\/#\/schema\/logo\/image\/"},"sameAs":["https:\/\/www.facebook.com\/TiketiCom\/"]}]}},"_links":{"self":[{"href":"https:\/\/tiketi.com\/fr-fr\/wp-json\/wp\/v2\/pages\/11283","targetHints":{"allow":["GET"]}}],"collection":[{"href":"https:\/\/tiketi.com\/fr-fr\/wp-json\/wp\/v2\/pages"}],"about":[{"href":"https:\/\/tiketi.com\/fr-fr\/wp-json\/wp\/v2\/types\/page"}],"author":[{"embeddable":true,"href":"https:\/\/tiketi.com\/fr-fr\/wp-json\/wp\/v2\/users\/1"}],"replies":[{"embeddable":true,"href":"https:\/\/tiketi.com\/fr-fr\/wp-json\/wp\/v2\/comments?post=11283"}],"version-history":[{"count":2,"href":"https:\/\/tiketi.com\/fr-fr\/wp-json\/wp\/v2\/pages\/11283\/revisions"}],"predecessor-version":[{"id":32286,"href":"https:\/\/tiketi.com\/fr-fr\/wp-json\/wp\/v2\/pages\/11283\/revisions\/32286"}],"wp:featuredmedia":[{"embeddable":true,"href":"https:\/\/tiketi.com\/fr-fr\/wp-json\/wp\/v2\/media\/13999"}],"wp:attachment":[{"href":"https:\/\/tiketi.com\/fr-fr\/wp-json\/wp\/v2\/media?parent=11283"}],"curies":[{"name":"wp","href":"https:\/\/api.w.org\/{rel}","templated":true}]}}