{"id":11284,"date":"2022-01-19T12:54:27","date_gmt":"2022-01-19T11:54:27","guid":{"rendered":"https:\/\/new.tiketi.com\/buscar-online-booking-bus-tickets-reservation-contacts-routes-fares\/"},"modified":"2025-08-02T13:22:33","modified_gmt":"2025-08-02T12:22:33","slug":"buscar-coaches","status":"publish","type":"page","link":"https:\/\/tiketi.com\/fr-fr\/companies\/buses\/buscar-coaches\/","title":{"rendered":"R\u00e9servation en ligne Buscar, billets de bus, horaires, itin\u00e9raires et tarifs"},"content":{"rendered":"<h2>R\u00e9servation de billets de bus en ligne Buscar pas cher au Kenya<\/h2>\n<h3>D\u00e9couvrez votre itin\u00e9raire de voyage sur le web, le mobile ou l&#039;application et r\u00e9servez en ligne d\u00e8s maintenant des billets de bus Buscar pas chers.<\/h3>\n<p>La r\u00e9servation en ligne de Buscar en toute simplicit\u00e9. BusCar est l&#039;une des grandes compagnies de bus au Kenya. Il s&#039;agit d&#039;un service de bus interurbain qui survit \u00e0 la ville de Nairobi avec d&#039;autres grandes villes et des villes du Kenya. La plupart de leurs bus sont des mod\u00e8les Scania avec des organismes locaux assembl\u00e9s au Kenya par Master Fabricator et offrant un service de r\u00e9servation de billets de bus en ligne Buscar.<\/p>\n<h2>FAQ sur la r\u00e9servation en ligne, les horaires, les itin\u00e9raires et les tarifs de Buscar Coach<\/h2>\n<h3>Quels sont les trajets couverts par les bus Buscar ?<\/h3>\n<p>Buscar Kenya est l&#039;industrie du transport de passagers depuis plus de 10 ans au service de ces grandes villes du Kenya. Ils ont un grand nombre de clients dans les villes de Mombasa et de Nairobi ainsi que dans d&#039;autres grandes villes comme Kitale, Busia et Malindi. Buscar East Africa limited a un expert pour vous servir chaque fois que vous choisissez de voyager avec des billets de bus Buscar.<\/p>\n<h3>Voici une liste des villes et villages desservis par le bus de r\u00e9servation en ligne Buscar\u00a0:<\/h3>\n<p>\u2022 Voi<br \/>\n\u2022\u00a0Kilifi<br \/>\n\u2022 Mombasa<br \/>\n\u2022 Mtwapa<br \/>\n\u2022 Malindi<br \/>\n\u2022 Nairobi<br \/>\n\u2022 Boumula<br \/>\n\u2022 Nakuru<br \/>\n\u2022 Eldoret<br \/>\n\u2022 Kisumu<br \/>\n\u2022 Luanda<br \/>\n\u2022 Busia<br \/>\n\u2022 Kanduyi<br \/>\n\u2022 Timbons<br \/>\n\u2022 Webuye<br \/>\n\u2022 Mayueni<br \/>\n\u2022 Kampala<\/p>\n<h3>Itin\u00e9raires de Buscar Booking au Kenya\u00a0:<\/h3>\n<p>\u2022 Nairobi \u00e0 Mombasa<br \/>\n\u2022 Nairobi \u00e0 Malindi<br \/>\n\u2022 Mombasa \u00e0 Malindi<br \/>\n\u2022 Nairobi \u00e0 Kampala<br \/>\n\u2022 Mombasa \u00e0 Kitale<\/p>\n<h3>Ligne de flotte Buscar Kenya<\/h3>\n<p>Buscar est divis\u00e9 en 2 classes, la zone Cinemax et la zone de visualisation en direct.<\/p>\n<p>La section Cinemax compte quinze places incroyablement dispos\u00e9es comme si vous \u00e9tiez au cin\u00e9ma. Il s&#039;agit du grand \u00e9cran de t\u00e9l\u00e9vision LCD et des rideaux partout pour augmenter la vue du cin\u00e9ma lors de vos d\u00e9placements et juste en dessous. Il y a un gros haut-parleur dynamique pour faire vivre la vue 3D du cin\u00e9ma.<\/p>\n<h3>Quelles sont les coordonn\u00e9es des bus Buscar et des services de colis Buscar Mombasa\u00a0?<\/h3>\n<p>Buscar Afrique de l&#039;Est Limit\u00e9e<br \/>\nRiver Road, Nairobi, Kenya<\/p>\n<p>Bureau de r\u00e9servation Buscar Ville de Mombasa \/ Services de colis Buscar Mombasa<br \/>\nRoute de Mombasa, Mombasa<\/p>\n<h2>Buscar R\u00e9servation de billets de bus en ligne Kenya Conseils<\/h2>\n<p>Buscar est une compagnie de bus proposant la r\u00e9servation Buscar qui ressemble \u00e0 une douce jeune fille qui ne se comprend pas. Bien qu&#039;ils aient quelques-uns des bus charmants sur les routes kenyanes, avec les meilleurs dossiers de s\u00e9curit\u00e9, tr\u00e8s peu de choses peuvent \u00eatre trouv\u00e9es en ligne \u00e0 leur sujet. Je suis tomb\u00e9 sur 2 sites qui semblent pointer vers la firme, de toute fa\u00e7on, je ne saurais dire lequel d&#039;entre eux est le vrai. M\u00eame ainsi, les deux sites ont tr\u00e8s peu d&#039;informations.<\/p>\n<h3>Portail de r\u00e9servation en ligne Buscar<\/h3>\n<p>\u2022\u00a0\u00a0 <strong>Visitez le buscar<\/strong><strong> Portail de r\u00e9servation en ligne de bus.<\/strong><\/p>\n<h3>Services de colis Buscar Mombasa<\/h3>\n<p>\u2022\u00a0 \u00a0<strong>Visitez le portail de suivi des colis Buscar.<\/strong><\/p>\n<h2>Other popular bus companies in Kenya<\/h2>\n<table border=\"0\" cellspacing=\"1\" cellpadding=\"1\">\n<tbody>\n<tr>\n<td>\n<ul>\n<li><a href=\"https:\/\/tiketi.com\/fr-fr\/companies\/buses\/simba-coach\/\" target=\"_blank\" rel=\"noopener\">Simba Coach Booking<\/a><\/li>\n<\/ul>\n<\/td>\n<td style=\"width: 30px;\"><\/td>\n<td>\n<ul>\n<li><a href=\"https:\/\/tiketi.com\/fr-fr\/companies\/buses\/ena-coach\/\" target=\"_blank\" rel=\"noopener\">Ena Coach Booking<\/a><\/li>\n<\/ul>\n<\/td>\n<td style=\"width: 30px;\"><\/td>\n<td>\n<ul>\n<li><a href=\"https:\/\/tiketi.com\/fr-fr\/companies\/buses\/easy-coach\/\" target=\"_blank\" rel=\"noopener\">Easy Coach Booking<\/a><\/li>\n<\/ul>\n<\/td>\n<\/tr>\n<tr>\n<td>\n<ul>\n<li><a href=\"https:\/\/tiketi.com\/fr-fr\/companies\/buses\/chania-genesis-buses\/\" target=\"_blank\" rel=\"noopener\">Chania Genesis Booking<\/a><\/li>\n<\/ul>\n<\/td>\n<td style=\"width: 30px;\"><\/td>\n<td>\n<ul>\n<li><a href=\"https:\/\/tiketi.com\/fr-fr\/companies\/buses\/modern-coast-coaches\/\" target=\"_blank\" rel=\"noopener\">Modern Coast Booking<\/a><\/li>\n<\/ul>\n<\/td>\n<td style=\"width: 30px;\"><\/td>\n<td>\n<ul>\n<li><a href=\"https:\/\/tiketi.com\/fr-fr\/companies\/buses\/mash-poa-mash-east-africa\/\" target=\"_blank\" rel=\"noopener\">Mash Poa Booking<\/a><\/li>\n<\/ul>\n<\/td>\n<\/tr>\n<tr>\n<td>\n<ul>\n<li><a href=\"https:\/\/tiketi.com\/fr-fr\/companies\/buses\/coast-bus\/\" target=\"_blank\" rel=\"noopener\">Coast Bus Booking<\/a><\/li>\n<\/ul>\n<\/td>\n<td style=\"width: 30px;\"><\/td>\n<td>\n<ul>\n<li><a href=\"https:\/\/tiketi.com\/fr-fr\/companies\/buses\/dreamline-express-coaches\/\" target=\"_blank\" rel=\"noopener\">Dreamline Express Booking<\/a><\/li>\n<\/ul>\n<\/td>\n<td style=\"width: 30px;\"><\/td>\n<td>\n<ul>\n<li><a href=\"https:\/\/tiketi.com\/fr-fr\/companies\/buses\/transline-coaches\/\" target=\"_blank\" rel=\"noopener\">Transline Classic Booking<\/a><\/li>\n<\/ul>\n<\/td>\n<\/tr>\n<\/tbody>\n<\/table>\n<p>&nbsp;<\/p>\n<p>&nbsp;<\/p>","protected":false},"excerpt":{"rendered":"<p>Cheap Buscar Online Bus Ticket Booking Kenya Discover your travel route on web, mobile or app and book cheap Buscar bus tickets online now. Buscar online booking made easy. BusCar is one among the big bus company in Kenya. This is an intercity bus services surviving Nairobi city with other big cities and Kenya towns. [&hellip;]<\/p>\n","protected":false},"author":1,"featured_media":13999,"parent":25524,"menu_order":0,"comment_status":"open","ping_status":"closed","template":"template-home-modern.php","meta":{"footnotes":""},"class_list":["post-11284","page","type-page","status-publish","has-post-thumbnail","hentry"],"yoast_head":"<!-- This site is optimized with the Yoast SEO plugin v27.3 - https:\/\/yoast.com\/product\/yoast-seo-wordpress\/ -->\n<title>Buscar Online Booking, Bus Tickets, Schedule, Routes &amp; Fares<\/title>\n<meta name=\"description\" content=\"Looking for Buscar online booking Kenya, app, bus routes, fares and schedule timing? Make a Buscar online bus ticket booking online now\" \/>\n<meta name=\"robots\" content=\"index, follow, max-snippet:-1, max-image-preview:large, max-video-preview:-1\" \/>\n<link rel=\"canonical\" href=\"https:\/\/tiketi.com\/fr-fr\/companies\/buses\/buscar-coaches\/\" \/>\n<meta property=\"og:locale\" content=\"fr_FR\" \/>\n<meta property=\"og:type\" content=\"article\" \/>\n<meta property=\"og:title\" content=\"Buscar Online Booking, Bus Tickets, Schedule, Routes &amp; Fares\" \/>\n<meta property=\"og:description\" content=\"Looking for Buscar online booking Kenya, app, bus routes, fares and schedule timing? Make a Buscar online bus ticket booking online now\" \/>\n<meta property=\"og:url\" content=\"https:\/\/tiketi.com\/fr-fr\/companies\/buses\/buscar-coaches\/\" \/>\n<meta property=\"og:site_name\" content=\"Tiketi.com\" \/>\n<meta property=\"article:publisher\" content=\"https:\/\/www.facebook.com\/TiketiCom\/\" \/>\n<meta property=\"article:modified_time\" content=\"2025-08-02T12:22:33+00:00\" \/>\n<meta property=\"og:image\" content=\"https:\/\/tiketi.com\/wp-content\/uploads\/2022\/01\/bus-ticket-online-booking.jpg\" \/>\n\t<meta property=\"og:image:width\" content=\"1200\" \/>\n\t<meta property=\"og:image:height\" content=\"206\" \/>\n\t<meta property=\"og:image:type\" content=\"image\/jpeg\" \/>\n<meta name=\"twitter:card\" content=\"summary_large_image\" \/>\n<meta name=\"twitter:label1\" content=\"Dur\u00e9e de lecture estim\u00e9e\" \/>\n\t<meta name=\"twitter:data1\" content=\"3 minutes\" \/>\n<script type=\"application\/ld+json\" class=\"yoast-schema-graph\">{\"@context\":\"https:\\\/\\\/schema.org\",\"@graph\":[{\"@type\":\"WebPage\",\"@id\":\"https:\\\/\\\/tiketi.com\\\/companies\\\/buses\\\/buscar-coaches\\\/\",\"url\":\"https:\\\/\\\/tiketi.com\\\/companies\\\/buses\\\/buscar-coaches\\\/\",\"name\":\"Buscar Online Booking, Bus Tickets, Schedule, Routes & Fares\",\"isPartOf\":{\"@id\":\"https:\\\/\\\/tiketi.com\\\/#website\"},\"primaryImageOfPage\":{\"@id\":\"https:\\\/\\\/tiketi.com\\\/companies\\\/buses\\\/buscar-coaches\\\/#primaryimage\"},\"image\":{\"@id\":\"https:\\\/\\\/tiketi.com\\\/companies\\\/buses\\\/buscar-coaches\\\/#primaryimage\"},\"thumbnailUrl\":\"https:\\\/\\\/tiketi.com\\\/wp-content\\\/uploads\\\/2022\\\/01\\\/bus-ticket-online-booking.jpg\",\"datePublished\":\"2022-01-19T11:54:27+00:00\",\"dateModified\":\"2025-08-02T12:22:33+00:00\",\"description\":\"Looking for Buscar online booking Kenya, app, bus routes, fares and schedule timing? Make a Buscar online bus ticket booking online now\",\"breadcrumb\":{\"@id\":\"https:\\\/\\\/tiketi.com\\\/companies\\\/buses\\\/buscar-coaches\\\/#breadcrumb\"},\"inLanguage\":\"fr-FR\",\"potentialAction\":[{\"@type\":\"ReadAction\",\"target\":[\"https:\\\/\\\/tiketi.com\\\/companies\\\/buses\\\/buscar-coaches\\\/\"]}]},{\"@type\":\"ImageObject\",\"inLanguage\":\"fr-FR\",\"@id\":\"https:\\\/\\\/tiketi.com\\\/companies\\\/buses\\\/buscar-coaches\\\/#primaryimage\",\"url\":\"https:\\\/\\\/tiketi.com\\\/wp-content\\\/uploads\\\/2022\\\/01\\\/bus-ticket-online-booking.jpg\",\"contentUrl\":\"https:\\\/\\\/tiketi.com\\\/wp-content\\\/uploads\\\/2022\\\/01\\\/bus-ticket-online-booking.jpg\",\"width\":1200,\"height\":206,\"caption\":\"Online Bus Ticket Booking\"},{\"@type\":\"BreadcrumbList\",\"@id\":\"https:\\\/\\\/tiketi.com\\\/companies\\\/buses\\\/buscar-coaches\\\/#breadcrumb\",\"itemListElement\":[{\"@type\":\"ListItem\",\"position\":1,\"name\":\"Home\",\"item\":\"https:\\\/\\\/tiketi.com\\\/\"},{\"@type\":\"ListItem\",\"position\":2,\"name\":\"Companies\",\"item\":\"https:\\\/\\\/tiketi.com\\\/companies\\\/\"},{\"@type\":\"ListItem\",\"position\":3,\"name\":\"Buses\",\"item\":\"https:\\\/\\\/tiketi.com\\\/companies\\\/buses\\\/\"},{\"@type\":\"ListItem\",\"position\":4,\"name\":\"Buscar Online Booking, Bus Tickets, Schedule, Routes &#038; Fares\"}]},{\"@type\":\"WebSite\",\"@id\":\"https:\\\/\\\/tiketi.com\\\/#website\",\"url\":\"https:\\\/\\\/tiketi.com\\\/\",\"name\":\"Flight & Bus Tickets, Tour Packages & Activitites - Tiketi.com\",\"description\":\"Flight &amp; Bus Tickets, Tours, Activitites\",\"publisher\":{\"@id\":\"https:\\\/\\\/tiketi.com\\\/#organization\"},\"potentialAction\":[{\"@type\":\"SearchAction\",\"target\":{\"@type\":\"EntryPoint\",\"urlTemplate\":\"https:\\\/\\\/tiketi.com\\\/?s={search_term_string}\"},\"query-input\":{\"@type\":\"PropertyValueSpecification\",\"valueRequired\":true,\"valueName\":\"search_term_string\"}}],\"inLanguage\":\"fr-FR\"},{\"@type\":\"Organization\",\"@id\":\"https:\\\/\\\/tiketi.com\\\/#organization\",\"name\":\"Tiketi.com\",\"alternateName\":\"Tiketi\",\"url\":\"https:\\\/\\\/tiketi.com\\\/\",\"logo\":{\"@type\":\"ImageObject\",\"inLanguage\":\"fr-FR\",\"@id\":\"https:\\\/\\\/tiketi.com\\\/#\\\/schema\\\/logo\\\/image\\\/\",\"url\":\"https:\\\/\\\/tiketi.com\\\/wp-content\\\/uploads\\\/2019\\\/05\\\/tiketi-logo-696.png\",\"contentUrl\":\"https:\\\/\\\/tiketi.com\\\/wp-content\\\/uploads\\\/2019\\\/05\\\/tiketi-logo-696.png\",\"width\":696,\"height\":696,\"caption\":\"Tiketi.com\"},\"image\":{\"@id\":\"https:\\\/\\\/tiketi.com\\\/#\\\/schema\\\/logo\\\/image\\\/\"},\"sameAs\":[\"https:\\\/\\\/www.facebook.com\\\/TiketiCom\\\/\"]}]}<\/script>\n<!-- \/ Yoast SEO plugin. -->","yoast_head_json":{"title":"R\u00e9servation en ligne Buscar, billets de bus, horaires, itin\u00e9raires et tarifs","description":"Vous recherchez une r\u00e9servation en ligne Buscar Kenya, une application, des itin\u00e9raires de bus, des tarifs et des horaires? Faites une r\u00e9servation de billet de bus en ligne Buscar en ligne maintenant","robots":{"index":"index","follow":"follow","max-snippet":"max-snippet:-1","max-image-preview":"max-image-preview:large","max-video-preview":"max-video-preview:-1"},"canonical":"https:\/\/tiketi.com\/fr-fr\/companies\/buses\/buscar-coaches\/","og_locale":"fr_FR","og_type":"article","og_title":"Buscar Online Booking, Bus Tickets, Schedule, Routes & Fares","og_description":"Looking for Buscar online booking Kenya, app, bus routes, fares and schedule timing? Make a Buscar online bus ticket booking online now","og_url":"https:\/\/tiketi.com\/fr-fr\/companies\/buses\/buscar-coaches\/","og_site_name":"Tiketi.com","article_publisher":"https:\/\/www.facebook.com\/TiketiCom\/","article_modified_time":"2025-08-02T12:22:33+00:00","og_image":[{"width":1200,"height":206,"url":"https:\/\/tiketi.com\/wp-content\/uploads\/2022\/01\/bus-ticket-online-booking.jpg","type":"image\/jpeg"}],"twitter_card":"summary_large_image","twitter_misc":{"Dur\u00e9e de lecture estim\u00e9e":"3 minutes"},"schema":{"@context":"https:\/\/schema.org","@graph":[{"@type":"WebPage","@id":"https:\/\/tiketi.com\/companies\/buses\/buscar-coaches\/","url":"https:\/\/tiketi.com\/companies\/buses\/buscar-coaches\/","name":"R\u00e9servation en ligne Buscar, billets de bus, horaires, itin\u00e9raires et tarifs","isPartOf":{"@id":"https:\/\/tiketi.com\/#website"},"primaryImageOfPage":{"@id":"https:\/\/tiketi.com\/companies\/buses\/buscar-coaches\/#primaryimage"},"image":{"@id":"https:\/\/tiketi.com\/companies\/buses\/buscar-coaches\/#primaryimage"},"thumbnailUrl":"https:\/\/tiketi.com\/wp-content\/uploads\/2022\/01\/bus-ticket-online-booking.jpg","datePublished":"2022-01-19T11:54:27+00:00","dateModified":"2025-08-02T12:22:33+00:00","description":"Vous recherchez une r\u00e9servation en ligne Buscar Kenya, une application, des itin\u00e9raires de bus, des tarifs et des horaires? Faites une r\u00e9servation de billet de bus en ligne Buscar en ligne maintenant","breadcrumb":{"@id":"https:\/\/tiketi.com\/companies\/buses\/buscar-coaches\/#breadcrumb"},"inLanguage":"fr-FR","potentialAction":[{"@type":"ReadAction","target":["https:\/\/tiketi.com\/companies\/buses\/buscar-coaches\/"]}]},{"@type":"ImageObject","inLanguage":"fr-FR","@id":"https:\/\/tiketi.com\/companies\/buses\/buscar-coaches\/#primaryimage","url":"https:\/\/tiketi.com\/wp-content\/uploads\/2022\/01\/bus-ticket-online-booking.jpg","contentUrl":"https:\/\/tiketi.com\/wp-content\/uploads\/2022\/01\/bus-ticket-online-booking.jpg","width":1200,"height":206,"caption":"Online Bus Ticket Booking"},{"@type":"BreadcrumbList","@id":"https:\/\/tiketi.com\/companies\/buses\/buscar-coaches\/#breadcrumb","itemListElement":[{"@type":"ListItem","position":1,"name":"Home","item":"https:\/\/tiketi.com\/"},{"@type":"ListItem","position":2,"name":"Companies","item":"https:\/\/tiketi.com\/companies\/"},{"@type":"ListItem","position":3,"name":"Buses","item":"https:\/\/tiketi.com\/companies\/buses\/"},{"@type":"ListItem","position":4,"name":"Buscar Online Booking, Bus Tickets, Schedule, Routes &#038; Fares"}]},{"@type":"WebSite","@id":"https:\/\/tiketi.com\/#website","url":"https:\/\/tiketi.com\/","name":"Billets d&#039;avion et de bus, forfaits touristiques et activit\u00e9s - Tiketi.com","description":"Billets d&#039;avion et de bus, Tours, Activit\u00e9s","publisher":{"@id":"https:\/\/tiketi.com\/#organization"},"potentialAction":[{"@type":"SearchAction","target":{"@type":"EntryPoint","urlTemplate":"https:\/\/tiketi.com\/?s={search_term_string}"},"query-input":{"@type":"PropertyValueSpecification","valueRequired":true,"valueName":"search_term_string"}}],"inLanguage":"fr-FR"},{"@type":"Organization","@id":"https:\/\/tiketi.com\/#organization","name":"Tiketi.com","alternateName":"Tiketi","url":"https:\/\/tiketi.com\/","logo":{"@type":"ImageObject","inLanguage":"fr-FR","@id":"https:\/\/tiketi.com\/#\/schema\/logo\/image\/","url":"https:\/\/tiketi.com\/wp-content\/uploads\/2019\/05\/tiketi-logo-696.png","contentUrl":"https:\/\/tiketi.com\/wp-content\/uploads\/2019\/05\/tiketi-logo-696.png","width":696,"height":696,"caption":"Tiketi.com"},"image":{"@id":"https:\/\/tiketi.com\/#\/schema\/logo\/image\/"},"sameAs":["https:\/\/www.facebook.com\/TiketiCom\/"]}]}},"_links":{"self":[{"href":"https:\/\/tiketi.com\/fr-fr\/wp-json\/wp\/v2\/pages\/11284","targetHints":{"allow":["GET"]}}],"collection":[{"href":"https:\/\/tiketi.com\/fr-fr\/wp-json\/wp\/v2\/pages"}],"about":[{"href":"https:\/\/tiketi.com\/fr-fr\/wp-json\/wp\/v2\/types\/page"}],"author":[{"embeddable":true,"href":"https:\/\/tiketi.com\/fr-fr\/wp-json\/wp\/v2\/users\/1"}],"replies":[{"embeddable":true,"href":"https:\/\/tiketi.com\/fr-fr\/wp-json\/wp\/v2\/comments?post=11284"}],"version-history":[{"count":5,"href":"https:\/\/tiketi.com\/fr-fr\/wp-json\/wp\/v2\/pages\/11284\/revisions"}],"predecessor-version":[{"id":32292,"href":"https:\/\/tiketi.com\/fr-fr\/wp-json\/wp\/v2\/pages\/11284\/revisions\/32292"}],"up":[{"embeddable":true,"href":"https:\/\/tiketi.com\/fr-fr\/wp-json\/wp\/v2\/pages\/25524"}],"wp:featuredmedia":[{"embeddable":true,"href":"https:\/\/tiketi.com\/fr-fr\/wp-json\/wp\/v2\/media\/13999"}],"wp:attachment":[{"href":"https:\/\/tiketi.com\/fr-fr\/wp-json\/wp\/v2\/media?parent=11284"}],"curies":[{"name":"wp","href":"https:\/\/api.w.org\/{rel}","templated":true}]}}