{"id":11285,"date":"2022-01-19T12:54:27","date_gmt":"2022-01-19T11:54:27","guid":{"rendered":"https:\/\/new.tiketi.com\/bonny-way-motors-online-booking-jibowu-to-jos\/"},"modified":"2022-07-14T13:02:02","modified_gmt":"2022-07-14T12:02:02","slug":"bonny-way-motors","status":"publish","type":"page","link":"https:\/\/tiketi.com\/fr-fr\/bonny-way-motors\/","title":{"rendered":"R\u00e9servation en ligne de Bonny Way Motors \u2013 de Jibowu \u00e0 Jos"},"content":{"rendered":"<p><strong>Un d:\u00a0<\/strong><\/p>\n<p><strong><a href=\"https:\/\/fiymo.com\/register\" target=\"_blank\" rel=\"noopener\"><\/a><\/strong><\/p>\n<h2>Bonny Way Motors Bus R\u00e9servation de billets de bus en ligne<\/h2>\n<h3>D\u00e9couvrez votre itin\u00e9raire sur le Web, votre mobile ou votre application et r\u00e9servez en ligne des billets de bus Bonny Way Motors bon march\u00e9 <a href=\"mailto:info@bonnywaymotors.com\" target=\"_blank\" rel=\"noopener\">maintenant &gt;&gt;<\/a><\/h3>\n<p>La r\u00e9servation en ligne de Bonny Way Motors est facilit\u00e9e. Moteurs Bonny Way limit\u00e9s sur le continent. Vous pouvez effectuer une r\u00e9servation de billets de bus en ligne et propose des transactions s\u00e9curis\u00e9es et s\u00e9curis\u00e9es en ligne. Et pour certaines requ\u00eates connexes, ils disposent \u00e9galement d&#039;un service d&#039;assistance \u00e0 la client\u00e8le, afin que les gens puissent poser des questions sur tout ce qui concerne les installations de transport et d&#039;autres requ\u00eates. R\u00e9servation de billets de bus en ligne Bonny Way Motors, vous permettant d&#039;\u00e9conomiser du temps et de l&#039;argent.<\/p>\n<h2>FAQ sur la r\u00e9servation en ligne de Bonny Way Motors<\/h2>\n<h3>Quels sont les itin\u00e9raires couverts par le service de bus de Bonny Way Motors ?<\/h3>\n<p>\u2022 Jibowu \u00e0 Jos<\/p>\n<h3>Personnel de Bonny Way Motors<\/h3>\n<p>Ils ont trouv\u00e9 un avantage substantiel \u00e0 rassembler le personnel de soutien professionnel le mieux not\u00e9 et bien pr\u00e9par\u00e9. Tous les membres du personnel sont r\u00e9guli\u00e8rement form\u00e9s au cours de leur travail afin de mettre \u00e0 jour en permanence leur expertise et d&#039;am\u00e9liorer leurs performances. De plus, les travailleurs sont suffisamment motiv\u00e9s et ont \u00e9galement impr\u00e9gn\u00e9 l&#039;entreprise d&#039;une vision d&#039;un service standard incroyable.<\/p>\n<h3>Quelles sont les coordonn\u00e9es du service de bus Bonny Way Motors ?<\/h3>\n<p>SI\u00c8GE SOCIAL\u00a0: Bonny Ways Motors Nigeria LTD, 21, Otto Causeway, Opp. B\u00e2timent Leventis, Oyingbo, Otto, Lagos<\/p>\n<h2>Bonny Way Motors Bus Conseils pour la r\u00e9servation de billets de bus en ligne<\/h2>\n<p>Born Way Motors Limited a \u00e9t\u00e9 constitu\u00e9e le 4 juin 1998. Elle a d\u00e9marr\u00e9 ses activit\u00e9s en 1998 dans le but d&#039;introduire dans l&#039;industrie nig\u00e9riane des valeurs d\u00e9finies et un service standard qui peuvent correspondre favorablement aux normes les plus \u00e9lev\u00e9es de la plan\u00e8te.<\/p>","protected":false},"excerpt":{"rendered":"<p>Ad:\u00a0 Bonny Way Motors Bus\u00a0Online Bus Ticket Booking Discover your travel route on web, mobile or app and book cheap Bonny Way Motors bus tickets online now &gt;&gt; Bonny Way Motors online booking made easy.\u00a0Bonny way motors limited in mainland. You can perform online bus ticket booking, offers a secure and safe transactions via online. [&hellip;]<\/p>\n","protected":false},"author":1,"featured_media":13999,"parent":0,"menu_order":0,"comment_status":"open","ping_status":"closed","template":"template-home-modern.php","meta":{"footnotes":""},"class_list":["post-11285","page","type-page","status-publish","has-post-thumbnail","hentry"],"yoast_head":"<!-- This site is optimized with the Yoast SEO plugin v27.3 - https:\/\/yoast.com\/product\/yoast-seo-wordpress\/ -->\n<title>Bonny Way Motors Online Booking - Jibowu to Jos<\/title>\n<meta name=\"description\" content=\"Looking for Bonny Way Motors online booking? Make a Bonny Way Motors online bus ticket booking online now and save time and money\" \/>\n<meta name=\"robots\" content=\"index, follow, max-snippet:-1, max-image-preview:large, max-video-preview:-1\" \/>\n<link rel=\"canonical\" href=\"https:\/\/tiketi.com\/fr-fr\/bonny-way-motors\/\" \/>\n<meta property=\"og:locale\" content=\"fr_FR\" \/>\n<meta property=\"og:type\" content=\"article\" \/>\n<meta property=\"og:title\" content=\"Bonny Way Motors Online Booking - Jibowu to Jos\" \/>\n<meta property=\"og:description\" content=\"Looking for Bonny Way Motors online booking? Make a Bonny Way Motors online bus ticket booking online now and save time and money\" \/>\n<meta property=\"og:url\" content=\"https:\/\/tiketi.com\/fr-fr\/bonny-way-motors\/\" \/>\n<meta property=\"og:site_name\" content=\"Tiketi.com\" \/>\n<meta property=\"article:publisher\" content=\"https:\/\/www.facebook.com\/TiketiCom\/\" \/>\n<meta property=\"article:modified_time\" content=\"2022-07-14T12:02:02+00:00\" \/>\n<meta property=\"og:image\" content=\"https:\/\/tiketi.com\/wp-content\/uploads\/2022\/01\/bus-ticket-online-booking.jpg\" \/>\n\t<meta property=\"og:image:width\" content=\"1200\" \/>\n\t<meta property=\"og:image:height\" content=\"206\" \/>\n\t<meta property=\"og:image:type\" content=\"image\/jpeg\" \/>\n<meta name=\"twitter:card\" content=\"summary_large_image\" \/>\n<meta name=\"twitter:label1\" content=\"Dur\u00e9e de lecture estim\u00e9e\" \/>\n\t<meta name=\"twitter:data1\" content=\"2 minutes\" \/>\n<script type=\"application\/ld+json\" class=\"yoast-schema-graph\">{\"@context\":\"https:\\\/\\\/schema.org\",\"@graph\":[{\"@type\":\"WebPage\",\"@id\":\"https:\\\/\\\/tiketi.com\\\/bonny-way-motors\\\/\",\"url\":\"https:\\\/\\\/tiketi.com\\\/bonny-way-motors\\\/\",\"name\":\"Bonny Way Motors Online Booking - Jibowu to Jos\",\"isPartOf\":{\"@id\":\"https:\\\/\\\/tiketi.com\\\/#website\"},\"primaryImageOfPage\":{\"@id\":\"https:\\\/\\\/tiketi.com\\\/bonny-way-motors\\\/#primaryimage\"},\"image\":{\"@id\":\"https:\\\/\\\/tiketi.com\\\/bonny-way-motors\\\/#primaryimage\"},\"thumbnailUrl\":\"https:\\\/\\\/tiketi.com\\\/wp-content\\\/uploads\\\/2022\\\/01\\\/bus-ticket-online-booking.jpg\",\"datePublished\":\"2022-01-19T11:54:27+00:00\",\"dateModified\":\"2022-07-14T12:02:02+00:00\",\"description\":\"Looking for Bonny Way Motors online booking? Make a Bonny Way Motors online bus ticket booking online now and save time and money\",\"breadcrumb\":{\"@id\":\"https:\\\/\\\/tiketi.com\\\/bonny-way-motors\\\/#breadcrumb\"},\"inLanguage\":\"fr-FR\",\"potentialAction\":[{\"@type\":\"ReadAction\",\"target\":[\"https:\\\/\\\/tiketi.com\\\/bonny-way-motors\\\/\"]}]},{\"@type\":\"ImageObject\",\"inLanguage\":\"fr-FR\",\"@id\":\"https:\\\/\\\/tiketi.com\\\/bonny-way-motors\\\/#primaryimage\",\"url\":\"https:\\\/\\\/tiketi.com\\\/wp-content\\\/uploads\\\/2022\\\/01\\\/bus-ticket-online-booking.jpg\",\"contentUrl\":\"https:\\\/\\\/tiketi.com\\\/wp-content\\\/uploads\\\/2022\\\/01\\\/bus-ticket-online-booking.jpg\",\"width\":1200,\"height\":206,\"caption\":\"Online Bus Ticket Booking\"},{\"@type\":\"BreadcrumbList\",\"@id\":\"https:\\\/\\\/tiketi.com\\\/bonny-way-motors\\\/#breadcrumb\",\"itemListElement\":[{\"@type\":\"ListItem\",\"position\":1,\"name\":\"Home\",\"item\":\"https:\\\/\\\/tiketi.com\\\/\"},{\"@type\":\"ListItem\",\"position\":2,\"name\":\"Bonny Way Motors Online Booking &#8211; Jibowu to Jos\"}]},{\"@type\":\"WebSite\",\"@id\":\"https:\\\/\\\/tiketi.com\\\/#website\",\"url\":\"https:\\\/\\\/tiketi.com\\\/\",\"name\":\"Flight & Bus Tickets, Tour Packages & Activitites - Tiketi.com\",\"description\":\"Flight &amp; Bus Tickets, Tours, Activitites\",\"publisher\":{\"@id\":\"https:\\\/\\\/tiketi.com\\\/#organization\"},\"potentialAction\":[{\"@type\":\"SearchAction\",\"target\":{\"@type\":\"EntryPoint\",\"urlTemplate\":\"https:\\\/\\\/tiketi.com\\\/?s={search_term_string}\"},\"query-input\":{\"@type\":\"PropertyValueSpecification\",\"valueRequired\":true,\"valueName\":\"search_term_string\"}}],\"inLanguage\":\"fr-FR\"},{\"@type\":\"Organization\",\"@id\":\"https:\\\/\\\/tiketi.com\\\/#organization\",\"name\":\"Tiketi.com\",\"alternateName\":\"Tiketi\",\"url\":\"https:\\\/\\\/tiketi.com\\\/\",\"logo\":{\"@type\":\"ImageObject\",\"inLanguage\":\"fr-FR\",\"@id\":\"https:\\\/\\\/tiketi.com\\\/#\\\/schema\\\/logo\\\/image\\\/\",\"url\":\"https:\\\/\\\/tiketi.com\\\/wp-content\\\/uploads\\\/2019\\\/05\\\/tiketi-logo-696.png\",\"contentUrl\":\"https:\\\/\\\/tiketi.com\\\/wp-content\\\/uploads\\\/2019\\\/05\\\/tiketi-logo-696.png\",\"width\":696,\"height\":696,\"caption\":\"Tiketi.com\"},\"image\":{\"@id\":\"https:\\\/\\\/tiketi.com\\\/#\\\/schema\\\/logo\\\/image\\\/\"},\"sameAs\":[\"https:\\\/\\\/www.facebook.com\\\/TiketiCom\\\/\"]}]}<\/script>\n<!-- \/ Yoast SEO plugin. -->","yoast_head_json":{"title":"R\u00e9servation en ligne de Bonny Way Motors - Jibowu \u00e0 Jos","description":"Vous recherchez une r\u00e9servation en ligne pour Bonny Way Motors ? R\u00e9servez d\u00e8s maintenant votre billet de bus en ligne Bonny Way Motors et \u00e9conomisez du temps et de l&#039;argent.","robots":{"index":"index","follow":"follow","max-snippet":"max-snippet:-1","max-image-preview":"max-image-preview:large","max-video-preview":"max-video-preview:-1"},"canonical":"https:\/\/tiketi.com\/fr-fr\/bonny-way-motors\/","og_locale":"fr_FR","og_type":"article","og_title":"Bonny Way Motors Online Booking - Jibowu to Jos","og_description":"Looking for Bonny Way Motors online booking? Make a Bonny Way Motors online bus ticket booking online now and save time and money","og_url":"https:\/\/tiketi.com\/fr-fr\/bonny-way-motors\/","og_site_name":"Tiketi.com","article_publisher":"https:\/\/www.facebook.com\/TiketiCom\/","article_modified_time":"2022-07-14T12:02:02+00:00","og_image":[{"width":1200,"height":206,"url":"https:\/\/tiketi.com\/wp-content\/uploads\/2022\/01\/bus-ticket-online-booking.jpg","type":"image\/jpeg"}],"twitter_card":"summary_large_image","twitter_misc":{"Dur\u00e9e de lecture estim\u00e9e":"2 minutes"},"schema":{"@context":"https:\/\/schema.org","@graph":[{"@type":"WebPage","@id":"https:\/\/tiketi.com\/bonny-way-motors\/","url":"https:\/\/tiketi.com\/bonny-way-motors\/","name":"R\u00e9servation en ligne de Bonny Way Motors - Jibowu \u00e0 Jos","isPartOf":{"@id":"https:\/\/tiketi.com\/#website"},"primaryImageOfPage":{"@id":"https:\/\/tiketi.com\/bonny-way-motors\/#primaryimage"},"image":{"@id":"https:\/\/tiketi.com\/bonny-way-motors\/#primaryimage"},"thumbnailUrl":"https:\/\/tiketi.com\/wp-content\/uploads\/2022\/01\/bus-ticket-online-booking.jpg","datePublished":"2022-01-19T11:54:27+00:00","dateModified":"2022-07-14T12:02:02+00:00","description":"Vous recherchez une r\u00e9servation en ligne pour Bonny Way Motors ? R\u00e9servez d\u00e8s maintenant votre billet de bus en ligne Bonny Way Motors et \u00e9conomisez du temps et de l&#039;argent.","breadcrumb":{"@id":"https:\/\/tiketi.com\/bonny-way-motors\/#breadcrumb"},"inLanguage":"fr-FR","potentialAction":[{"@type":"ReadAction","target":["https:\/\/tiketi.com\/bonny-way-motors\/"]}]},{"@type":"ImageObject","inLanguage":"fr-FR","@id":"https:\/\/tiketi.com\/bonny-way-motors\/#primaryimage","url":"https:\/\/tiketi.com\/wp-content\/uploads\/2022\/01\/bus-ticket-online-booking.jpg","contentUrl":"https:\/\/tiketi.com\/wp-content\/uploads\/2022\/01\/bus-ticket-online-booking.jpg","width":1200,"height":206,"caption":"Online Bus Ticket Booking"},{"@type":"BreadcrumbList","@id":"https:\/\/tiketi.com\/bonny-way-motors\/#breadcrumb","itemListElement":[{"@type":"ListItem","position":1,"name":"Home","item":"https:\/\/tiketi.com\/"},{"@type":"ListItem","position":2,"name":"Bonny Way Motors Online Booking &#8211; Jibowu to Jos"}]},{"@type":"WebSite","@id":"https:\/\/tiketi.com\/#website","url":"https:\/\/tiketi.com\/","name":"Billets d&#039;avion et de bus, forfaits touristiques et activit\u00e9s - Tiketi.com","description":"Billets d&#039;avion et de bus, Tours, Activit\u00e9s","publisher":{"@id":"https:\/\/tiketi.com\/#organization"},"potentialAction":[{"@type":"SearchAction","target":{"@type":"EntryPoint","urlTemplate":"https:\/\/tiketi.com\/?s={search_term_string}"},"query-input":{"@type":"PropertyValueSpecification","valueRequired":true,"valueName":"search_term_string"}}],"inLanguage":"fr-FR"},{"@type":"Organization","@id":"https:\/\/tiketi.com\/#organization","name":"Tiketi.com","alternateName":"Tiketi","url":"https:\/\/tiketi.com\/","logo":{"@type":"ImageObject","inLanguage":"fr-FR","@id":"https:\/\/tiketi.com\/#\/schema\/logo\/image\/","url":"https:\/\/tiketi.com\/wp-content\/uploads\/2019\/05\/tiketi-logo-696.png","contentUrl":"https:\/\/tiketi.com\/wp-content\/uploads\/2019\/05\/tiketi-logo-696.png","width":696,"height":696,"caption":"Tiketi.com"},"image":{"@id":"https:\/\/tiketi.com\/#\/schema\/logo\/image\/"},"sameAs":["https:\/\/www.facebook.com\/TiketiCom\/"]}]}},"_links":{"self":[{"href":"https:\/\/tiketi.com\/fr-fr\/wp-json\/wp\/v2\/pages\/11285","targetHints":{"allow":["GET"]}}],"collection":[{"href":"https:\/\/tiketi.com\/fr-fr\/wp-json\/wp\/v2\/pages"}],"about":[{"href":"https:\/\/tiketi.com\/fr-fr\/wp-json\/wp\/v2\/types\/page"}],"author":[{"embeddable":true,"href":"https:\/\/tiketi.com\/fr-fr\/wp-json\/wp\/v2\/users\/1"}],"replies":[{"embeddable":true,"href":"https:\/\/tiketi.com\/fr-fr\/wp-json\/wp\/v2\/comments?post=11285"}],"version-history":[{"count":0,"href":"https:\/\/tiketi.com\/fr-fr\/wp-json\/wp\/v2\/pages\/11285\/revisions"}],"wp:featuredmedia":[{"embeddable":true,"href":"https:\/\/tiketi.com\/fr-fr\/wp-json\/wp\/v2\/media\/13999"}],"wp:attachment":[{"href":"https:\/\/tiketi.com\/fr-fr\/wp-json\/wp\/v2\/media?parent=11285"}],"curies":[{"name":"wp","href":"https:\/\/api.w.org\/{rel}","templated":true}]}}