{"id":11287,"date":"2022-01-19T12:54:27","date_gmt":"2022-01-19T11:54:27","guid":{"rendered":"https:\/\/new.tiketi.com\/gig-transport-online-booking-bus-tickets-reservation\/"},"modified":"2022-02-14T13:13:42","modified_gmt":"2022-02-14T12:13:42","slug":"gig-mobility-bus","status":"publish","type":"page","link":"https:\/\/tiketi.com\/fr-fr\/gig-mobility-bus\/","title":{"rendered":"GIG Transport R\u00e9servation en ligne, billets de bus, tarifs, horaires et itin\u00e9raire"},"content":{"rendered":"<h2>God is Good Motors R\u00e9servation de billets en ligne \/ GIG Mobility<\/h2>\n<h3>D\u00e9couvrez votre itin\u00e9raire de voyage sur le web, le mobile ou l&#039;application et r\u00e9servez d\u00e8s maintenant des billets de bus GIG Mobility pas chers en ligne.<\/h3>\n<p>La r\u00e9servation en ligne de transport GIG simplifi\u00e9e. God is Good Motors fait partie du groupe GIG et est la soci\u00e9t\u00e9 de bus de transport routier la plus technologiquement avanc\u00e9e au Nigeria. God is Good Motors a \u00e9t\u00e9 l&#039;une des principales entreprises de transport nig\u00e9rianes \u00e0 tirer parti de l&#039;av\u00e8nement de la technologie intelligente en introduisant la r\u00e9servation de billets de bus et de si\u00e8ges en ligne via une application afin de simplifier les op\u00e9rations pour les voyageurs. La r\u00e9servation de billets en ligne GIG God is Good Motors vous permet d&#039;\u00e9conomiser du temps et de l&#039;argent.<\/p>\n<h2>FAQ sur la r\u00e9servation en ligne de GIG Transport, les billets de bus, les itin\u00e9raires et les tarifs<\/h2>\n<h3>Quels sont les tarifs et les itin\u00e9raires couverts par le service de r\u00e9servation de billets de bus en ligne GIG Transport\u00a0?<\/h3>\n<p>God is Good Motors op\u00e8re dans plus de dix \u00c9tats du Nigeria, couvrant 5 des 6 zones g\u00e9opolitiques du pays.<\/p>\n<p>De Lagos vers d&#039;autres villes :<\/p>\n<p>\u2022 Lagos \u00e0 Edo (Uselu) = 3 150<br \/>\n\u2022 Lagos \u00e0 Aba = 5 400<br \/>\n\u2022 Lagos \u00e0 Enugu = 4 770<br \/>\n\u2022 Lagos \u00e0 Owerri = 4 095<br \/>\n\u2022 Lagos \u00e0 Yenagoa = 4 095<br \/>\n\u2022 Lagos \u00e0 Abuja (Utako) = 5 850<br \/>\n\u2022 Lagos \u00e0 Port Harcourt = 4 995<br \/>\n\u2022 Lagos \u00e0 Delta (Warri) = 3 870<br \/>\n\u2022 Lagos \u00e0 Kaduna = 4 200<br \/>\n\u2022 Lagos \u00e0 Uyo = 5 850<\/p>\n<p>D&#039;Abuja vers d&#039;autres villes :<\/p>\n<p>\u2022 Abuja \u00e0 Edo (Uselu) = 4 950<br \/>\n\u2022 Abuja \u00e0 Aba = 4 950<br \/>\n\u2022 Abuja \u00e0 Kaduna = 1050<br \/>\n\u2022 Abuja \u00e0 Yenagoa = 5 400<br \/>\n\u2022 Abuja \u00e0 Lagos = 5 850<br \/>\n\u2022 Abuja \u00e0 Port Harcourt = 6 750<br \/>\n\u2022 Abuja \u00e0 Owerri = 5 500<br \/>\n\u2022 Abuja \u00e0 Lagos = 5 850<br \/>\n\u2022 Abuja \u00e0 Uyo = 5 850<br \/>\n\u2022 Abuja \u00e0 Delta (Warri) = 5 400<\/p>\n<h3>Quelles sont les coordonn\u00e9es du service de r\u00e9servation de billets en ligne God is Good Motors \/ GIG Mobility ?<\/h3>\n<p>God Is Good Motors, 228 Aba Road by Bori Camp, Port Harcourt, Ghana<\/p>\n<h2>God is Good Motors Conseils de r\u00e9servation de billets en ligne<\/h2>\n<p>Avec sa flotte toujours croissante, son exp\u00e9rience de service incroyable et son vaste r\u00e9seau de routes, GIGM est devenu un nom connu pour fournir les derni\u00e8res solutions de transport de passagers.<\/p>","protected":false},"excerpt":{"rendered":"<p>God is Good Motors Online Ticket Booking \/ GIG Mobility Discover your travel route on web, mobile or app and book cheap GIG Mobility bus tickets online now. GIG transport online booking made easy.\u00a0God is Good Motors is a part of the GIG group and is the most technologically drive road transport bus company in [&hellip;]<\/p>\n","protected":false},"author":1,"featured_media":13999,"parent":0,"menu_order":0,"comment_status":"open","ping_status":"closed","template":"template-home-modern.php","meta":{"footnotes":""},"class_list":["post-11287","page","type-page","status-publish","has-post-thumbnail","hentry"],"yoast_head":"<!-- This site is optimized with the Yoast SEO plugin v27.4 - https:\/\/yoast.com\/product\/yoast-seo-wordpress\/ -->\n<title>GIG Transport Online Booking, Bus Tickets, Fare, Schedule &amp; Route<\/title>\n<meta name=\"description\" content=\"Looking for GIG transport online booking, app, route, fare and schedule? Make a GIG God is Good motors online ticket booking now and save\" \/>\n<meta name=\"robots\" content=\"index, follow, max-snippet:-1, max-image-preview:large, max-video-preview:-1\" \/>\n<link rel=\"canonical\" href=\"https:\/\/tiketi.com\/fr-fr\/gig-mobility-bus\/\" \/>\n<meta property=\"og:locale\" content=\"fr_FR\" \/>\n<meta property=\"og:type\" content=\"article\" \/>\n<meta property=\"og:title\" content=\"GIG Transport Online Booking, Bus Tickets, Fare, Schedule &amp; Route\" \/>\n<meta property=\"og:description\" content=\"Looking for GIG transport online booking, app, route, fare and schedule? Make a GIG God is Good motors online ticket booking now and save\" \/>\n<meta property=\"og:url\" content=\"https:\/\/tiketi.com\/fr-fr\/gig-mobility-bus\/\" \/>\n<meta property=\"og:site_name\" content=\"Tiketi.com\" \/>\n<meta property=\"article:publisher\" content=\"https:\/\/www.facebook.com\/TiketiCom\/\" \/>\n<meta property=\"article:modified_time\" content=\"2022-02-14T12:13:42+00:00\" \/>\n<meta property=\"og:image\" content=\"https:\/\/tiketi.com\/wp-content\/uploads\/2022\/01\/bus-ticket-online-booking.jpg\" \/>\n\t<meta property=\"og:image:width\" content=\"1200\" \/>\n\t<meta property=\"og:image:height\" content=\"206\" \/>\n\t<meta property=\"og:image:type\" content=\"image\/jpeg\" \/>\n<meta name=\"twitter:card\" content=\"summary_large_image\" \/>\n<meta name=\"twitter:label1\" content=\"Dur\u00e9e de lecture estim\u00e9e\" \/>\n\t<meta name=\"twitter:data1\" content=\"2 minutes\" \/>\n<script type=\"application\/ld+json\" class=\"yoast-schema-graph\">{\"@context\":\"https:\\\/\\\/schema.org\",\"@graph\":[{\"@type\":\"WebPage\",\"@id\":\"https:\\\/\\\/tiketi.com\\\/gig-mobility-bus\\\/\",\"url\":\"https:\\\/\\\/tiketi.com\\\/gig-mobility-bus\\\/\",\"name\":\"GIG Transport Online Booking, Bus Tickets, Fare, Schedule & Route\",\"isPartOf\":{\"@id\":\"https:\\\/\\\/tiketi.com\\\/#website\"},\"primaryImageOfPage\":{\"@id\":\"https:\\\/\\\/tiketi.com\\\/gig-mobility-bus\\\/#primaryimage\"},\"image\":{\"@id\":\"https:\\\/\\\/tiketi.com\\\/gig-mobility-bus\\\/#primaryimage\"},\"thumbnailUrl\":\"https:\\\/\\\/tiketi.com\\\/wp-content\\\/uploads\\\/2022\\\/01\\\/bus-ticket-online-booking.jpg\",\"datePublished\":\"2022-01-19T11:54:27+00:00\",\"dateModified\":\"2022-02-14T12:13:42+00:00\",\"description\":\"Looking for GIG transport online booking, app, route, fare and schedule? Make a GIG God is Good motors online ticket booking now and save\",\"breadcrumb\":{\"@id\":\"https:\\\/\\\/tiketi.com\\\/gig-mobility-bus\\\/#breadcrumb\"},\"inLanguage\":\"fr-FR\",\"potentialAction\":[{\"@type\":\"ReadAction\",\"target\":[\"https:\\\/\\\/tiketi.com\\\/gig-mobility-bus\\\/\"]}]},{\"@type\":\"ImageObject\",\"inLanguage\":\"fr-FR\",\"@id\":\"https:\\\/\\\/tiketi.com\\\/gig-mobility-bus\\\/#primaryimage\",\"url\":\"https:\\\/\\\/tiketi.com\\\/wp-content\\\/uploads\\\/2022\\\/01\\\/bus-ticket-online-booking.jpg\",\"contentUrl\":\"https:\\\/\\\/tiketi.com\\\/wp-content\\\/uploads\\\/2022\\\/01\\\/bus-ticket-online-booking.jpg\",\"width\":1200,\"height\":206,\"caption\":\"Online Bus Ticket Booking\"},{\"@type\":\"BreadcrumbList\",\"@id\":\"https:\\\/\\\/tiketi.com\\\/gig-mobility-bus\\\/#breadcrumb\",\"itemListElement\":[{\"@type\":\"ListItem\",\"position\":1,\"name\":\"Home\",\"item\":\"https:\\\/\\\/tiketi.com\\\/\"},{\"@type\":\"ListItem\",\"position\":2,\"name\":\"GIG Transport Online Booking, Bus Tickets, Fare, Schedule &#038; Route\"}]},{\"@type\":\"WebSite\",\"@id\":\"https:\\\/\\\/tiketi.com\\\/#website\",\"url\":\"https:\\\/\\\/tiketi.com\\\/\",\"name\":\"Flight & Bus Tickets, Tour Packages & Activitites - Tiketi.com\",\"description\":\"Flight &amp; Bus Tickets, Tours, Activitites\",\"publisher\":{\"@id\":\"https:\\\/\\\/tiketi.com\\\/#organization\"},\"potentialAction\":[{\"@type\":\"SearchAction\",\"target\":{\"@type\":\"EntryPoint\",\"urlTemplate\":\"https:\\\/\\\/tiketi.com\\\/?s={search_term_string}\"},\"query-input\":{\"@type\":\"PropertyValueSpecification\",\"valueRequired\":true,\"valueName\":\"search_term_string\"}}],\"inLanguage\":\"fr-FR\"},{\"@type\":\"Organization\",\"@id\":\"https:\\\/\\\/tiketi.com\\\/#organization\",\"name\":\"Tiketi.com\",\"alternateName\":\"Tiketi\",\"url\":\"https:\\\/\\\/tiketi.com\\\/\",\"logo\":{\"@type\":\"ImageObject\",\"inLanguage\":\"fr-FR\",\"@id\":\"https:\\\/\\\/tiketi.com\\\/#\\\/schema\\\/logo\\\/image\\\/\",\"url\":\"https:\\\/\\\/tiketi.com\\\/wp-content\\\/uploads\\\/2019\\\/05\\\/tiketi-logo-696.png\",\"contentUrl\":\"https:\\\/\\\/tiketi.com\\\/wp-content\\\/uploads\\\/2019\\\/05\\\/tiketi-logo-696.png\",\"width\":696,\"height\":696,\"caption\":\"Tiketi.com\"},\"image\":{\"@id\":\"https:\\\/\\\/tiketi.com\\\/#\\\/schema\\\/logo\\\/image\\\/\"},\"sameAs\":[\"https:\\\/\\\/www.facebook.com\\\/TiketiCom\\\/\"]}]}<\/script>\n<!-- \/ Yoast SEO plugin. -->","yoast_head_json":{"title":"GIG Transport R\u00e9servation en ligne, billets de bus, tarifs, horaires et itin\u00e9raire","description":"Vous recherchez une r\u00e9servation en ligne de transport GIG, une application, un itin\u00e9raire, un tarif et un horaire\u00a0? Faites une r\u00e9servation de billets en ligne GIG God is Good motors maintenant et \u00e9conomisez","robots":{"index":"index","follow":"follow","max-snippet":"max-snippet:-1","max-image-preview":"max-image-preview:large","max-video-preview":"max-video-preview:-1"},"canonical":"https:\/\/tiketi.com\/fr-fr\/gig-mobility-bus\/","og_locale":"fr_FR","og_type":"article","og_title":"GIG Transport Online Booking, Bus Tickets, Fare, Schedule & Route","og_description":"Looking for GIG transport online booking, app, route, fare and schedule? Make a GIG God is Good motors online ticket booking now and save","og_url":"https:\/\/tiketi.com\/fr-fr\/gig-mobility-bus\/","og_site_name":"Tiketi.com","article_publisher":"https:\/\/www.facebook.com\/TiketiCom\/","article_modified_time":"2022-02-14T12:13:42+00:00","og_image":[{"width":1200,"height":206,"url":"https:\/\/tiketi.com\/wp-content\/uploads\/2022\/01\/bus-ticket-online-booking.jpg","type":"image\/jpeg"}],"twitter_card":"summary_large_image","twitter_misc":{"Dur\u00e9e de lecture estim\u00e9e":"2 minutes"},"schema":{"@context":"https:\/\/schema.org","@graph":[{"@type":"WebPage","@id":"https:\/\/tiketi.com\/gig-mobility-bus\/","url":"https:\/\/tiketi.com\/gig-mobility-bus\/","name":"GIG Transport R\u00e9servation en ligne, billets de bus, tarifs, horaires et itin\u00e9raire","isPartOf":{"@id":"https:\/\/tiketi.com\/#website"},"primaryImageOfPage":{"@id":"https:\/\/tiketi.com\/gig-mobility-bus\/#primaryimage"},"image":{"@id":"https:\/\/tiketi.com\/gig-mobility-bus\/#primaryimage"},"thumbnailUrl":"https:\/\/tiketi.com\/wp-content\/uploads\/2022\/01\/bus-ticket-online-booking.jpg","datePublished":"2022-01-19T11:54:27+00:00","dateModified":"2022-02-14T12:13:42+00:00","description":"Vous recherchez une r\u00e9servation en ligne de transport GIG, une application, un itin\u00e9raire, un tarif et un horaire\u00a0? Faites une r\u00e9servation de billets en ligne GIG God is Good motors maintenant et \u00e9conomisez","breadcrumb":{"@id":"https:\/\/tiketi.com\/gig-mobility-bus\/#breadcrumb"},"inLanguage":"fr-FR","potentialAction":[{"@type":"ReadAction","target":["https:\/\/tiketi.com\/gig-mobility-bus\/"]}]},{"@type":"ImageObject","inLanguage":"fr-FR","@id":"https:\/\/tiketi.com\/gig-mobility-bus\/#primaryimage","url":"https:\/\/tiketi.com\/wp-content\/uploads\/2022\/01\/bus-ticket-online-booking.jpg","contentUrl":"https:\/\/tiketi.com\/wp-content\/uploads\/2022\/01\/bus-ticket-online-booking.jpg","width":1200,"height":206,"caption":"Online Bus Ticket Booking"},{"@type":"BreadcrumbList","@id":"https:\/\/tiketi.com\/gig-mobility-bus\/#breadcrumb","itemListElement":[{"@type":"ListItem","position":1,"name":"Home","item":"https:\/\/tiketi.com\/"},{"@type":"ListItem","position":2,"name":"GIG Transport Online Booking, Bus Tickets, Fare, Schedule &#038; Route"}]},{"@type":"WebSite","@id":"https:\/\/tiketi.com\/#website","url":"https:\/\/tiketi.com\/","name":"Billets d&#039;avion et de bus, forfaits touristiques et activit\u00e9s - Tiketi.com","description":"Billets d&#039;avion et de bus, Tours, Activit\u00e9s","publisher":{"@id":"https:\/\/tiketi.com\/#organization"},"potentialAction":[{"@type":"SearchAction","target":{"@type":"EntryPoint","urlTemplate":"https:\/\/tiketi.com\/?s={search_term_string}"},"query-input":{"@type":"PropertyValueSpecification","valueRequired":true,"valueName":"search_term_string"}}],"inLanguage":"fr-FR"},{"@type":"Organization","@id":"https:\/\/tiketi.com\/#organization","name":"Tiketi.com","alternateName":"Tiketi","url":"https:\/\/tiketi.com\/","logo":{"@type":"ImageObject","inLanguage":"fr-FR","@id":"https:\/\/tiketi.com\/#\/schema\/logo\/image\/","url":"https:\/\/tiketi.com\/wp-content\/uploads\/2019\/05\/tiketi-logo-696.png","contentUrl":"https:\/\/tiketi.com\/wp-content\/uploads\/2019\/05\/tiketi-logo-696.png","width":696,"height":696,"caption":"Tiketi.com"},"image":{"@id":"https:\/\/tiketi.com\/#\/schema\/logo\/image\/"},"sameAs":["https:\/\/www.facebook.com\/TiketiCom\/"]}]}},"_links":{"self":[{"href":"https:\/\/tiketi.com\/fr-fr\/wp-json\/wp\/v2\/pages\/11287","targetHints":{"allow":["GET"]}}],"collection":[{"href":"https:\/\/tiketi.com\/fr-fr\/wp-json\/wp\/v2\/pages"}],"about":[{"href":"https:\/\/tiketi.com\/fr-fr\/wp-json\/wp\/v2\/types\/page"}],"author":[{"embeddable":true,"href":"https:\/\/tiketi.com\/fr-fr\/wp-json\/wp\/v2\/users\/1"}],"replies":[{"embeddable":true,"href":"https:\/\/tiketi.com\/fr-fr\/wp-json\/wp\/v2\/comments?post=11287"}],"version-history":[{"count":0,"href":"https:\/\/tiketi.com\/fr-fr\/wp-json\/wp\/v2\/pages\/11287\/revisions"}],"wp:featuredmedia":[{"embeddable":true,"href":"https:\/\/tiketi.com\/fr-fr\/wp-json\/wp\/v2\/media\/13999"}],"wp:attachment":[{"href":"https:\/\/tiketi.com\/fr-fr\/wp-json\/wp\/v2\/media?parent=11287"}],"curies":[{"name":"wp","href":"https:\/\/api.w.org\/{rel}","templated":true}]}}