{"id":11290,"date":"2022-01-19T12:54:28","date_gmt":"2022-01-19T11:54:28","guid":{"rendered":"https:\/\/new.tiketi.com\/bgc-transport-online-booking-bus-tickets-reservation\/"},"modified":"2022-01-25T21:41:11","modified_gmt":"2022-01-25T20:41:11","slug":"bgc-transportes","status":"publish","type":"page","link":"https:\/\/tiketi.com\/fr-fr\/bgc-transportes\/","title":{"rendered":"BGC Transport R\u00e9servation en ligne, billets de bus, itin\u00e9raires et tarifs"},"content":{"rendered":"<h2>BGC Transporte R\u00e9servation de billets de bus en ligne<\/h2>\n<h3>D\u00e9couvrez votre itin\u00e9raire de voyage sur le web, le mobile ou l&#039;application et r\u00e9servez en ligne des billets de bus BGC Transporte pas chers.<\/h3>\n<p>La r\u00e9servation en ligne de BGC Transport simplifi\u00e9e. Benjamin Chicomo &amp; Filhos, Lda est une soci\u00e9t\u00e9 angolaise de droit priv\u00e9, dirig\u00e9e par son associ\u00e9 directeur Benjamim Gonga Elumbo Chicomo, bas\u00e9e dans la province de Huambo, r\u00e9gion de Sao Jao, Rua Teixeria de Sousa, avec SIAC, ayant pour objectif commercial les services publics de passagers le transport routier, avec des flottes de v\u00e9hicules cr\u00e9atifs et autres, orient\u00e9s vers le d\u00e9veloppement de projets dans la r\u00e9gion de fourniture de diff\u00e9rents services. La r\u00e9servation de billets de bus en ligne BGC Transporte vous permet d&#039;\u00e9conomiser du temps et de l&#039;argent.<\/p>\n<p>La coop\u00e9ration des collaborateurs a permis d&#039;avancer l&#039;importance indiscutable, afin de transmettre des r\u00e9sultats attractifs, gr\u00e2ce \u00e0 la direction et au personnel technique qui nous permettent de conna\u00eetre tout le domaine adapt\u00e9 \u00e0 nos activit\u00e9s, o\u00f9 pour nous l&#039;ob\u00e9issance et la discipline sont indispensables pour la croissance de chaque travailleur.<\/p>\n<h2>FAQ sur la r\u00e9servation en ligne de BGC Transport, les billets de bus, les itin\u00e9raires et les tarifs<\/h2>\n<h3>Quels sont les trajets couverts par le service de bus BGC Transportes ?<\/h3>\n<p>SERVICE ITIN\u00c9RAIRE HORAIRES P. ARRIV\u00c9E PRIX<br \/>\n1er Huanbo-Luanda 06 : 30MNS 15H 5,500.00<br \/>\n2\u00e8me Huanbo-Luanda 17\u00a0: 30MNS 02H 5,500.00<br \/>\n3\u00e8me Huambo-Luanda 18 : 30MNS 04 : 30MNS 5,500.00<br \/>\n4\u00e8me Huambo-Luanda 19:30MNS 05:30MNS 5,500.00<br \/>\n5\u00e8me Huambo-Luanda 20 : 30MNS 06 : 30MNS 5 500,0<\/p>\n<p>SERVICE ITIN\u00c9RAIRE HORAIRES P. ARRIV\u00c9E PRIX<br \/>\n1er LUANDA-HUAMBO 17:30MNS 03:30MNS 5,500.00<br \/>\n2\u00e8me LUANDA-HUAMBO 18:30MNS 04:30MNS 5,500.00<br \/>\n3\u00e8me LUANDA-HUAMBO 19:30MNS 05:30MNS 5,500.00<br \/>\n4\u00e8me LUANDA-HUAMBO 20:30MNS 06:30MNS 5,500.00<\/p>\n<h3>Quelles sont les coordonn\u00e9es du service de bus BGC Transportes ?<\/h3>\n<p>Benjamin Chicomo &amp; Filhos, Lda<\/p>\n<p>Luanda.<br \/>\nViana-Ponte Partida\u00a0;<br \/>\nCazenga - Rua 11 de Novembro, Kikolo<\/p>\n<h2>BGC Transporte Conseils de r\u00e9servation de billets de bus en ligne<\/h2>\n<p><strong>Mission<\/strong><br \/>\nConsolider notre pr\u00e9sence sur le march\u00e9 international et national, dans le transport routier de voyageurs avec la fourniture de services standards et les rendre proches de nos clients pour leur d\u00e9tente.<\/p>\n<p><strong>Vue<\/strong><br \/>\nAtteignez toutes les provinces, soyez l&#039;une des meilleures entreprises sur les march\u00e9s internationaux et nationaux, avec une innovation diversifi\u00e9e et excellente.<\/p>\n<p><strong>Valeurs<\/strong><br \/>\nGagnez la d\u00e9tente et la confiance des clients, travaillez avec impartialit\u00e9, transparence, secret et ouvert aux conseils.<\/p>","protected":false},"excerpt":{"rendered":"<p>BGC Transporte\u00a0Online Bus Ticket Booking Discover your travel route on web, mobile or app and book cheap BGC Transporte bus tickets online. BGC Transport online booking made easy. Benjamin Chicomo &amp; Filhos, Lda is an Angolan firm under private law, running by its managing partner Benjamim Gonga Elumbo Chicomo, based in Huambo province, Sao Jao [&hellip;]<\/p>\n","protected":false},"author":1,"featured_media":13999,"parent":0,"menu_order":0,"comment_status":"open","ping_status":"closed","template":"template-home-modern.php","meta":{"footnotes":""},"class_list":["post-11290","page","type-page","status-publish","has-post-thumbnail","hentry"],"yoast_head":"<!-- This site is optimized with the Yoast SEO plugin v27.3 - https:\/\/yoast.com\/product\/yoast-seo-wordpress\/ -->\n<title>BGC Transport Online Booking, Bus Tickets, Routes &amp; Fares<\/title>\n<meta name=\"description\" content=\"Looking for BGC Transporte online booking app? Make a BGC Transporte online bus ticket booking online now and save time and money\" \/>\n<meta name=\"robots\" content=\"index, follow, max-snippet:-1, max-image-preview:large, max-video-preview:-1\" \/>\n<link rel=\"canonical\" href=\"https:\/\/tiketi.com\/fr-fr\/bgc-transportes\/\" \/>\n<meta property=\"og:locale\" content=\"fr_FR\" \/>\n<meta property=\"og:type\" content=\"article\" \/>\n<meta property=\"og:title\" content=\"BGC Transport Online Booking, Bus Tickets, Routes &amp; Fares\" \/>\n<meta property=\"og:description\" content=\"Looking for BGC Transporte online booking app? Make a BGC Transporte online bus ticket booking online now and save time and money\" \/>\n<meta property=\"og:url\" content=\"https:\/\/tiketi.com\/fr-fr\/bgc-transportes\/\" \/>\n<meta property=\"og:site_name\" content=\"Tiketi.com\" \/>\n<meta property=\"article:publisher\" content=\"https:\/\/www.facebook.com\/TiketiCom\/\" \/>\n<meta property=\"article:modified_time\" content=\"2022-01-25T20:41:11+00:00\" \/>\n<meta property=\"og:image\" content=\"https:\/\/tiketi.com\/wp-content\/uploads\/2022\/01\/bus-ticket-online-booking.jpg\" \/>\n\t<meta property=\"og:image:width\" content=\"1200\" \/>\n\t<meta property=\"og:image:height\" content=\"206\" \/>\n\t<meta property=\"og:image:type\" content=\"image\/jpeg\" \/>\n<meta name=\"twitter:card\" content=\"summary_large_image\" \/>\n<meta name=\"twitter:label1\" content=\"Dur\u00e9e de lecture estim\u00e9e\" \/>\n\t<meta name=\"twitter:data1\" content=\"2 minutes\" \/>\n<script type=\"application\/ld+json\" class=\"yoast-schema-graph\">{\"@context\":\"https:\\\/\\\/schema.org\",\"@graph\":[{\"@type\":\"WebPage\",\"@id\":\"https:\\\/\\\/tiketi.com\\\/bgc-transportes\\\/\",\"url\":\"https:\\\/\\\/tiketi.com\\\/bgc-transportes\\\/\",\"name\":\"BGC Transport Online Booking, Bus Tickets, Routes & Fares\",\"isPartOf\":{\"@id\":\"https:\\\/\\\/tiketi.com\\\/#website\"},\"primaryImageOfPage\":{\"@id\":\"https:\\\/\\\/tiketi.com\\\/bgc-transportes\\\/#primaryimage\"},\"image\":{\"@id\":\"https:\\\/\\\/tiketi.com\\\/bgc-transportes\\\/#primaryimage\"},\"thumbnailUrl\":\"https:\\\/\\\/tiketi.com\\\/wp-content\\\/uploads\\\/2022\\\/01\\\/bus-ticket-online-booking.jpg\",\"datePublished\":\"2022-01-19T11:54:28+00:00\",\"dateModified\":\"2022-01-25T20:41:11+00:00\",\"description\":\"Looking for BGC Transporte online booking app? Make a BGC Transporte online bus ticket booking online now and save time and money\",\"breadcrumb\":{\"@id\":\"https:\\\/\\\/tiketi.com\\\/bgc-transportes\\\/#breadcrumb\"},\"inLanguage\":\"fr-FR\",\"potentialAction\":[{\"@type\":\"ReadAction\",\"target\":[\"https:\\\/\\\/tiketi.com\\\/bgc-transportes\\\/\"]}]},{\"@type\":\"ImageObject\",\"inLanguage\":\"fr-FR\",\"@id\":\"https:\\\/\\\/tiketi.com\\\/bgc-transportes\\\/#primaryimage\",\"url\":\"https:\\\/\\\/tiketi.com\\\/wp-content\\\/uploads\\\/2022\\\/01\\\/bus-ticket-online-booking.jpg\",\"contentUrl\":\"https:\\\/\\\/tiketi.com\\\/wp-content\\\/uploads\\\/2022\\\/01\\\/bus-ticket-online-booking.jpg\",\"width\":1200,\"height\":206,\"caption\":\"Online Bus Ticket Booking\"},{\"@type\":\"BreadcrumbList\",\"@id\":\"https:\\\/\\\/tiketi.com\\\/bgc-transportes\\\/#breadcrumb\",\"itemListElement\":[{\"@type\":\"ListItem\",\"position\":1,\"name\":\"Home\",\"item\":\"https:\\\/\\\/tiketi.com\\\/\"},{\"@type\":\"ListItem\",\"position\":2,\"name\":\"BGC Transport Online Booking, Bus Tickets, Routes &#038; Fares\"}]},{\"@type\":\"WebSite\",\"@id\":\"https:\\\/\\\/tiketi.com\\\/#website\",\"url\":\"https:\\\/\\\/tiketi.com\\\/\",\"name\":\"Flight & Bus Tickets, Tour Packages & Activitites - Tiketi.com\",\"description\":\"Flight &amp; Bus Tickets, Tours, Activitites\",\"publisher\":{\"@id\":\"https:\\\/\\\/tiketi.com\\\/#organization\"},\"potentialAction\":[{\"@type\":\"SearchAction\",\"target\":{\"@type\":\"EntryPoint\",\"urlTemplate\":\"https:\\\/\\\/tiketi.com\\\/?s={search_term_string}\"},\"query-input\":{\"@type\":\"PropertyValueSpecification\",\"valueRequired\":true,\"valueName\":\"search_term_string\"}}],\"inLanguage\":\"fr-FR\"},{\"@type\":\"Organization\",\"@id\":\"https:\\\/\\\/tiketi.com\\\/#organization\",\"name\":\"Tiketi.com\",\"alternateName\":\"Tiketi\",\"url\":\"https:\\\/\\\/tiketi.com\\\/\",\"logo\":{\"@type\":\"ImageObject\",\"inLanguage\":\"fr-FR\",\"@id\":\"https:\\\/\\\/tiketi.com\\\/#\\\/schema\\\/logo\\\/image\\\/\",\"url\":\"https:\\\/\\\/tiketi.com\\\/wp-content\\\/uploads\\\/2019\\\/05\\\/tiketi-logo-696.png\",\"contentUrl\":\"https:\\\/\\\/tiketi.com\\\/wp-content\\\/uploads\\\/2019\\\/05\\\/tiketi-logo-696.png\",\"width\":696,\"height\":696,\"caption\":\"Tiketi.com\"},\"image\":{\"@id\":\"https:\\\/\\\/tiketi.com\\\/#\\\/schema\\\/logo\\\/image\\\/\"},\"sameAs\":[\"https:\\\/\\\/www.facebook.com\\\/TiketiCom\\\/\"]}]}<\/script>\n<!-- \/ Yoast SEO plugin. -->","yoast_head_json":{"title":"BGC Transport R\u00e9servation en ligne, billets de bus, itin\u00e9raires et tarifs","description":"Vous recherchez l&#039;application de r\u00e9servation en ligne BGC Transporte ? Faites une r\u00e9servation en ligne de billets de bus BGC Transporte en ligne maintenant et \u00e9conomisez du temps et de l&#039;argent","robots":{"index":"index","follow":"follow","max-snippet":"max-snippet:-1","max-image-preview":"max-image-preview:large","max-video-preview":"max-video-preview:-1"},"canonical":"https:\/\/tiketi.com\/fr-fr\/bgc-transportes\/","og_locale":"fr_FR","og_type":"article","og_title":"BGC Transport Online Booking, Bus Tickets, Routes & Fares","og_description":"Looking for BGC Transporte online booking app? Make a BGC Transporte online bus ticket booking online now and save time and money","og_url":"https:\/\/tiketi.com\/fr-fr\/bgc-transportes\/","og_site_name":"Tiketi.com","article_publisher":"https:\/\/www.facebook.com\/TiketiCom\/","article_modified_time":"2022-01-25T20:41:11+00:00","og_image":[{"width":1200,"height":206,"url":"https:\/\/tiketi.com\/wp-content\/uploads\/2022\/01\/bus-ticket-online-booking.jpg","type":"image\/jpeg"}],"twitter_card":"summary_large_image","twitter_misc":{"Dur\u00e9e de lecture estim\u00e9e":"2 minutes"},"schema":{"@context":"https:\/\/schema.org","@graph":[{"@type":"WebPage","@id":"https:\/\/tiketi.com\/bgc-transportes\/","url":"https:\/\/tiketi.com\/bgc-transportes\/","name":"BGC Transport R\u00e9servation en ligne, billets de bus, itin\u00e9raires et tarifs","isPartOf":{"@id":"https:\/\/tiketi.com\/#website"},"primaryImageOfPage":{"@id":"https:\/\/tiketi.com\/bgc-transportes\/#primaryimage"},"image":{"@id":"https:\/\/tiketi.com\/bgc-transportes\/#primaryimage"},"thumbnailUrl":"https:\/\/tiketi.com\/wp-content\/uploads\/2022\/01\/bus-ticket-online-booking.jpg","datePublished":"2022-01-19T11:54:28+00:00","dateModified":"2022-01-25T20:41:11+00:00","description":"Vous recherchez l&#039;application de r\u00e9servation en ligne BGC Transporte ? Faites une r\u00e9servation en ligne de billets de bus BGC Transporte en ligne maintenant et \u00e9conomisez du temps et de l&#039;argent","breadcrumb":{"@id":"https:\/\/tiketi.com\/bgc-transportes\/#breadcrumb"},"inLanguage":"fr-FR","potentialAction":[{"@type":"ReadAction","target":["https:\/\/tiketi.com\/bgc-transportes\/"]}]},{"@type":"ImageObject","inLanguage":"fr-FR","@id":"https:\/\/tiketi.com\/bgc-transportes\/#primaryimage","url":"https:\/\/tiketi.com\/wp-content\/uploads\/2022\/01\/bus-ticket-online-booking.jpg","contentUrl":"https:\/\/tiketi.com\/wp-content\/uploads\/2022\/01\/bus-ticket-online-booking.jpg","width":1200,"height":206,"caption":"Online Bus Ticket Booking"},{"@type":"BreadcrumbList","@id":"https:\/\/tiketi.com\/bgc-transportes\/#breadcrumb","itemListElement":[{"@type":"ListItem","position":1,"name":"Home","item":"https:\/\/tiketi.com\/"},{"@type":"ListItem","position":2,"name":"BGC Transport Online Booking, Bus Tickets, Routes &#038; Fares"}]},{"@type":"WebSite","@id":"https:\/\/tiketi.com\/#website","url":"https:\/\/tiketi.com\/","name":"Billets d&#039;avion et de bus, forfaits touristiques et activit\u00e9s - Tiketi.com","description":"Billets d&#039;avion et de bus, Tours, Activit\u00e9s","publisher":{"@id":"https:\/\/tiketi.com\/#organization"},"potentialAction":[{"@type":"SearchAction","target":{"@type":"EntryPoint","urlTemplate":"https:\/\/tiketi.com\/?s={search_term_string}"},"query-input":{"@type":"PropertyValueSpecification","valueRequired":true,"valueName":"search_term_string"}}],"inLanguage":"fr-FR"},{"@type":"Organization","@id":"https:\/\/tiketi.com\/#organization","name":"Tiketi.com","alternateName":"Tiketi","url":"https:\/\/tiketi.com\/","logo":{"@type":"ImageObject","inLanguage":"fr-FR","@id":"https:\/\/tiketi.com\/#\/schema\/logo\/image\/","url":"https:\/\/tiketi.com\/wp-content\/uploads\/2019\/05\/tiketi-logo-696.png","contentUrl":"https:\/\/tiketi.com\/wp-content\/uploads\/2019\/05\/tiketi-logo-696.png","width":696,"height":696,"caption":"Tiketi.com"},"image":{"@id":"https:\/\/tiketi.com\/#\/schema\/logo\/image\/"},"sameAs":["https:\/\/www.facebook.com\/TiketiCom\/"]}]}},"_links":{"self":[{"href":"https:\/\/tiketi.com\/fr-fr\/wp-json\/wp\/v2\/pages\/11290","targetHints":{"allow":["GET"]}}],"collection":[{"href":"https:\/\/tiketi.com\/fr-fr\/wp-json\/wp\/v2\/pages"}],"about":[{"href":"https:\/\/tiketi.com\/fr-fr\/wp-json\/wp\/v2\/types\/page"}],"author":[{"embeddable":true,"href":"https:\/\/tiketi.com\/fr-fr\/wp-json\/wp\/v2\/users\/1"}],"replies":[{"embeddable":true,"href":"https:\/\/tiketi.com\/fr-fr\/wp-json\/wp\/v2\/comments?post=11290"}],"version-history":[{"count":0,"href":"https:\/\/tiketi.com\/fr-fr\/wp-json\/wp\/v2\/pages\/11290\/revisions"}],"wp:featuredmedia":[{"embeddable":true,"href":"https:\/\/tiketi.com\/fr-fr\/wp-json\/wp\/v2\/media\/13999"}],"wp:attachment":[{"href":"https:\/\/tiketi.com\/fr-fr\/wp-json\/wp\/v2\/media?parent=11290"}],"curies":[{"name":"wp","href":"https:\/\/api.w.org\/{rel}","templated":true}]}}