{"id":11293,"date":"2022-01-19T12:54:28","date_gmt":"2022-01-19T11:54:28","guid":{"rendered":"https:\/\/new.tiketi.com\/bus-from-mombasa-to-arusha-bus-online-booking-fare-timings-tickets\/"},"modified":"2023-07-06T13:54:42","modified_gmt":"2023-07-06T12:54:42","slug":"mombasa-to-arusha","status":"publish","type":"page","link":"https:\/\/tiketi.com\/fr-fr\/routes\/bus\/mombasa-to-arusha\/","title":{"rendered":"Bus de Mombasa \u00e0 Arusha Billets de bus, tarifs et horaires"},"content":{"rendered":"<h2>Billets de bus pas chers de Mombasa \u00e0 Arusha<\/h2>\n<h3>D\u00e9couvrez votre itin\u00e9raire sur le web, le mobile ou l&#039;application et r\u00e9servez en ligne maintenant un billet de bus pas cher de Mombasa \u00e0 Arusha.<\/h3>\n<p>Gagnez du temps et de l&#039;argent et r\u00e9servez un bus pas cher de Mombasa \u00e0 Arusha en ligne et voyagez de Kigali \u00e0 Arusha en bus. Avec une population de plus de 400 000 personnes, Arusha est l&#039;une des plus grandes villes de Tanzanie. C&#039;est la capitale de la r\u00e9gion \u00e9largie d&#039;Arusha et elle est strat\u00e9giquement plac\u00e9e dans la partie nord du pays - une zone avec certains des meilleurs parcs nationaux d&#039;Afrique de l&#039;Est. La ville re\u00e7oit suffisamment de pr\u00e9cipitations et reste verte tout au long de l&#039;ann\u00e9e en raison de sa place au pied du mont Meru. Pas de choc, elle est connue comme la ville verte de la Tanzanie. Voici comment r\u00e9server des billets de bus de Mombasa \u00e0 Arusha, r\u00e9servation en ligne, tarifs, horaires et billets:<\/p>\n<h2>Billets de bus pas chers de Mombasa \u00e0 Arusha R\u00e9servation en ligne de bus, tarifs, horaires et FAQ sur les billets<\/h2>\n<h3>Est-ce que Mombasa \u00e0 Arusha en bus est le moyen abordable de se rendre de Mombasa \u00e0 Arusha ?<\/h3>\n<p>Le moyen abordable de se rendre de Mombasa \u00e0 Arusha en bus. Les billets de bus de Mombasa \u00e0 Arusha co\u00fbtent $30 \u2013 60 et dure 15h 30m.<\/p>\n<h3>Quel est le moyen le plus rapide pour se rendre de Mombasa \u00e0 Arusha ?<\/h3>\n<p>Le moyen le plus rapide pour se rendre de Mombasa \u00e0 Arusha est de prendre un taxi et avion ce qui co\u00fbte $140 \u2013 $270 et prend 3h 60m.<\/p>\n<h3>Quelle est la distance entre Kigali et Arusha en bus ?<\/h3>\n<p>La distance entre Kigali et Arusha en bus est de 399 km.<\/p>\n<h3>Puis-je conduire de Mombasa \u00e0 Arusha ?<\/h3>\n<p>Oui, la distance entre Arusha et Mombasa est de 386 km. Il faut environ 5h 31m pour conduire. Bon march\u00e9 <a href=\"https:\/\/tiketi.com\/fr-fr\/car-rentals\/\" target=\"_blank\" rel=\"noopener\">location de voitures<\/a>.<\/p>\n<h3>Comment se d\u00e9placer de Mombasa \u00e0 Arusha sans voiture ?<\/h3>\n<p>Le meilleur moyen pour se rendre de Mombasa \u00e0 Arusha sans voiture est de bus et train, ce qui dure 12h 45m et co\u00fbte $90 \u2013 $135.<\/p>\n<h2>Bus de Mombasa \u00e0 Arusha<\/h2>\n<p>Arusha est une ville multiculturelle avec une population aux origines diverses. Il y a des tribus indig\u00e8nes de la r\u00e9gion, des Tanzaniens d&#039;h\u00e9ritage mixte (h\u00e9ritage swahili, arabe et indien) et une puissante communaut\u00e9 blanche. La ville est relativement petite et les habitants m\u00e8nent une vie plus d\u00e9contract\u00e9e.<\/p>","protected":false},"excerpt":{"rendered":"<p>Cheap Bus Tickets from Mombasa to Arusha Discover your travel route on web, mobile or app and book cheap bus ticket from Mombasa to Arusha online now. Save time and money and book cheap bus from Mombasa to Arusha online and travel Kigali to Arusha by bus. With a population of over 400,000 people, Arusha [&hellip;]<\/p>\n","protected":false},"author":1,"featured_media":13999,"parent":25566,"menu_order":0,"comment_status":"open","ping_status":"closed","template":"template-home-modern.php","meta":{"footnotes":""},"class_list":["post-11293","page","type-page","status-publish","has-post-thumbnail","hentry"],"yoast_head":"<!-- This site is optimized with the Yoast SEO plugin v27.3 - https:\/\/yoast.com\/product\/yoast-seo-wordpress\/ -->\n<title>Bus from Mombasa to Arusha Bus Tickets, Fares &amp; Timings<\/title>\n<meta name=\"description\" content=\"Looking for bus from Mombasa to Arusha bus tickets, app, fares, timings &amp; tickets? Book cheap bus tickets from Mombasa to Arusha now\" \/>\n<meta name=\"robots\" content=\"index, follow, max-snippet:-1, max-image-preview:large, max-video-preview:-1\" \/>\n<link rel=\"canonical\" href=\"https:\/\/tiketi.com\/fr-fr\/routes\/bus\/mombasa-to-arusha\/\" \/>\n<meta property=\"og:locale\" content=\"fr_FR\" \/>\n<meta property=\"og:type\" content=\"article\" \/>\n<meta property=\"og:title\" content=\"Bus from Mombasa to Arusha Bus Tickets, Fares &amp; Timings\" \/>\n<meta property=\"og:description\" content=\"Looking for bus from Mombasa to Arusha bus tickets, app, fares, timings &amp; tickets? Book cheap bus tickets from Mombasa to Arusha now\" \/>\n<meta property=\"og:url\" content=\"https:\/\/tiketi.com\/fr-fr\/routes\/bus\/mombasa-to-arusha\/\" \/>\n<meta property=\"og:site_name\" content=\"Tiketi.com\" \/>\n<meta property=\"article:publisher\" content=\"https:\/\/www.facebook.com\/TiketiCom\/\" \/>\n<meta property=\"article:modified_time\" content=\"2023-07-06T12:54:42+00:00\" \/>\n<meta property=\"og:image\" content=\"https:\/\/tiketi.com\/wp-content\/uploads\/2022\/01\/bus-ticket-online-booking.jpg\" \/>\n\t<meta property=\"og:image:width\" content=\"1200\" \/>\n\t<meta property=\"og:image:height\" content=\"206\" \/>\n\t<meta property=\"og:image:type\" content=\"image\/jpeg\" \/>\n<meta name=\"twitter:card\" content=\"summary_large_image\" \/>\n<meta name=\"twitter:label1\" content=\"Dur\u00e9e de lecture estim\u00e9e\" \/>\n\t<meta name=\"twitter:data1\" content=\"2 minutes\" \/>\n<script type=\"application\/ld+json\" class=\"yoast-schema-graph\">{\"@context\":\"https:\\\/\\\/schema.org\",\"@graph\":[{\"@type\":\"WebPage\",\"@id\":\"https:\\\/\\\/tiketi.com\\\/routes\\\/bus\\\/mombasa-to-arusha\\\/\",\"url\":\"https:\\\/\\\/tiketi.com\\\/routes\\\/bus\\\/mombasa-to-arusha\\\/\",\"name\":\"Bus from Mombasa to Arusha Bus Tickets, Fares & Timings\",\"isPartOf\":{\"@id\":\"https:\\\/\\\/tiketi.com\\\/#website\"},\"primaryImageOfPage\":{\"@id\":\"https:\\\/\\\/tiketi.com\\\/routes\\\/bus\\\/mombasa-to-arusha\\\/#primaryimage\"},\"image\":{\"@id\":\"https:\\\/\\\/tiketi.com\\\/routes\\\/bus\\\/mombasa-to-arusha\\\/#primaryimage\"},\"thumbnailUrl\":\"https:\\\/\\\/tiketi.com\\\/wp-content\\\/uploads\\\/2022\\\/01\\\/bus-ticket-online-booking.jpg\",\"datePublished\":\"2022-01-19T11:54:28+00:00\",\"dateModified\":\"2023-07-06T12:54:42+00:00\",\"description\":\"Looking for bus from Mombasa to Arusha bus tickets, app, fares, timings & tickets? Book cheap bus tickets from Mombasa to Arusha now\",\"breadcrumb\":{\"@id\":\"https:\\\/\\\/tiketi.com\\\/routes\\\/bus\\\/mombasa-to-arusha\\\/#breadcrumb\"},\"inLanguage\":\"fr-FR\",\"potentialAction\":[{\"@type\":\"ReadAction\",\"target\":[\"https:\\\/\\\/tiketi.com\\\/routes\\\/bus\\\/mombasa-to-arusha\\\/\"]}]},{\"@type\":\"ImageObject\",\"inLanguage\":\"fr-FR\",\"@id\":\"https:\\\/\\\/tiketi.com\\\/routes\\\/bus\\\/mombasa-to-arusha\\\/#primaryimage\",\"url\":\"https:\\\/\\\/tiketi.com\\\/wp-content\\\/uploads\\\/2022\\\/01\\\/bus-ticket-online-booking.jpg\",\"contentUrl\":\"https:\\\/\\\/tiketi.com\\\/wp-content\\\/uploads\\\/2022\\\/01\\\/bus-ticket-online-booking.jpg\",\"width\":1200,\"height\":206,\"caption\":\"Online Bus Ticket Booking\"},{\"@type\":\"BreadcrumbList\",\"@id\":\"https:\\\/\\\/tiketi.com\\\/routes\\\/bus\\\/mombasa-to-arusha\\\/#breadcrumb\",\"itemListElement\":[{\"@type\":\"ListItem\",\"position\":1,\"name\":\"Home\",\"item\":\"https:\\\/\\\/tiketi.com\\\/\"},{\"@type\":\"ListItem\",\"position\":2,\"name\":\"Routes\",\"item\":\"https:\\\/\\\/tiketi.com\\\/routes\\\/\"},{\"@type\":\"ListItem\",\"position\":3,\"name\":\"Bus\",\"item\":\"https:\\\/\\\/tiketi.com\\\/routes\\\/bus\\\/\"},{\"@type\":\"ListItem\",\"position\":4,\"name\":\"Bus from Mombasa to Arusha Bus Tickets, Fares &#038; Timings\"}]},{\"@type\":\"WebSite\",\"@id\":\"https:\\\/\\\/tiketi.com\\\/#website\",\"url\":\"https:\\\/\\\/tiketi.com\\\/\",\"name\":\"Flight & Bus Tickets, Tour Packages & Activitites - Tiketi.com\",\"description\":\"Flight &amp; Bus Tickets, Tours, Activitites\",\"publisher\":{\"@id\":\"https:\\\/\\\/tiketi.com\\\/#organization\"},\"potentialAction\":[{\"@type\":\"SearchAction\",\"target\":{\"@type\":\"EntryPoint\",\"urlTemplate\":\"https:\\\/\\\/tiketi.com\\\/?s={search_term_string}\"},\"query-input\":{\"@type\":\"PropertyValueSpecification\",\"valueRequired\":true,\"valueName\":\"search_term_string\"}}],\"inLanguage\":\"fr-FR\"},{\"@type\":\"Organization\",\"@id\":\"https:\\\/\\\/tiketi.com\\\/#organization\",\"name\":\"Tiketi.com\",\"alternateName\":\"Tiketi\",\"url\":\"https:\\\/\\\/tiketi.com\\\/\",\"logo\":{\"@type\":\"ImageObject\",\"inLanguage\":\"fr-FR\",\"@id\":\"https:\\\/\\\/tiketi.com\\\/#\\\/schema\\\/logo\\\/image\\\/\",\"url\":\"https:\\\/\\\/tiketi.com\\\/wp-content\\\/uploads\\\/2019\\\/05\\\/tiketi-logo-696.png\",\"contentUrl\":\"https:\\\/\\\/tiketi.com\\\/wp-content\\\/uploads\\\/2019\\\/05\\\/tiketi-logo-696.png\",\"width\":696,\"height\":696,\"caption\":\"Tiketi.com\"},\"image\":{\"@id\":\"https:\\\/\\\/tiketi.com\\\/#\\\/schema\\\/logo\\\/image\\\/\"},\"sameAs\":[\"https:\\\/\\\/www.facebook.com\\\/TiketiCom\\\/\"]}]}<\/script>\n<!-- \/ Yoast SEO plugin. -->","yoast_head_json":{"title":"Bus de Mombasa \u00e0 Arusha Billets de bus, tarifs et horaires","description":"Vous recherchez des billets de bus de Mombasa \u00e0 Arusha, l&#039;application, les tarifs, les horaires et les billets ? R\u00e9servez d\u00e8s maintenant des billets de bus \u00e0 bas prix de Mombasa \u00e0 Arusha","robots":{"index":"index","follow":"follow","max-snippet":"max-snippet:-1","max-image-preview":"max-image-preview:large","max-video-preview":"max-video-preview:-1"},"canonical":"https:\/\/tiketi.com\/fr-fr\/routes\/bus\/mombasa-to-arusha\/","og_locale":"fr_FR","og_type":"article","og_title":"Bus from Mombasa to Arusha Bus Tickets, Fares & Timings","og_description":"Looking for bus from Mombasa to Arusha bus tickets, app, fares, timings & tickets? Book cheap bus tickets from Mombasa to Arusha now","og_url":"https:\/\/tiketi.com\/fr-fr\/routes\/bus\/mombasa-to-arusha\/","og_site_name":"Tiketi.com","article_publisher":"https:\/\/www.facebook.com\/TiketiCom\/","article_modified_time":"2023-07-06T12:54:42+00:00","og_image":[{"width":1200,"height":206,"url":"https:\/\/tiketi.com\/wp-content\/uploads\/2022\/01\/bus-ticket-online-booking.jpg","type":"image\/jpeg"}],"twitter_card":"summary_large_image","twitter_misc":{"Dur\u00e9e de lecture estim\u00e9e":"2 minutes"},"schema":{"@context":"https:\/\/schema.org","@graph":[{"@type":"WebPage","@id":"https:\/\/tiketi.com\/routes\/bus\/mombasa-to-arusha\/","url":"https:\/\/tiketi.com\/routes\/bus\/mombasa-to-arusha\/","name":"Bus de Mombasa \u00e0 Arusha Billets de bus, tarifs et horaires","isPartOf":{"@id":"https:\/\/tiketi.com\/#website"},"primaryImageOfPage":{"@id":"https:\/\/tiketi.com\/routes\/bus\/mombasa-to-arusha\/#primaryimage"},"image":{"@id":"https:\/\/tiketi.com\/routes\/bus\/mombasa-to-arusha\/#primaryimage"},"thumbnailUrl":"https:\/\/tiketi.com\/wp-content\/uploads\/2022\/01\/bus-ticket-online-booking.jpg","datePublished":"2022-01-19T11:54:28+00:00","dateModified":"2023-07-06T12:54:42+00:00","description":"Vous recherchez des billets de bus de Mombasa \u00e0 Arusha, l&#039;application, les tarifs, les horaires et les billets ? R\u00e9servez d\u00e8s maintenant des billets de bus \u00e0 bas prix de Mombasa \u00e0 Arusha","breadcrumb":{"@id":"https:\/\/tiketi.com\/routes\/bus\/mombasa-to-arusha\/#breadcrumb"},"inLanguage":"fr-FR","potentialAction":[{"@type":"ReadAction","target":["https:\/\/tiketi.com\/routes\/bus\/mombasa-to-arusha\/"]}]},{"@type":"ImageObject","inLanguage":"fr-FR","@id":"https:\/\/tiketi.com\/routes\/bus\/mombasa-to-arusha\/#primaryimage","url":"https:\/\/tiketi.com\/wp-content\/uploads\/2022\/01\/bus-ticket-online-booking.jpg","contentUrl":"https:\/\/tiketi.com\/wp-content\/uploads\/2022\/01\/bus-ticket-online-booking.jpg","width":1200,"height":206,"caption":"Online Bus Ticket Booking"},{"@type":"BreadcrumbList","@id":"https:\/\/tiketi.com\/routes\/bus\/mombasa-to-arusha\/#breadcrumb","itemListElement":[{"@type":"ListItem","position":1,"name":"Home","item":"https:\/\/tiketi.com\/"},{"@type":"ListItem","position":2,"name":"Routes","item":"https:\/\/tiketi.com\/routes\/"},{"@type":"ListItem","position":3,"name":"Bus","item":"https:\/\/tiketi.com\/routes\/bus\/"},{"@type":"ListItem","position":4,"name":"Bus from Mombasa to Arusha Bus Tickets, Fares &#038; Timings"}]},{"@type":"WebSite","@id":"https:\/\/tiketi.com\/#website","url":"https:\/\/tiketi.com\/","name":"Billets d&#039;avion et de bus, forfaits touristiques et activit\u00e9s - Tiketi.com","description":"Billets d&#039;avion et de bus, Tours, Activit\u00e9s","publisher":{"@id":"https:\/\/tiketi.com\/#organization"},"potentialAction":[{"@type":"SearchAction","target":{"@type":"EntryPoint","urlTemplate":"https:\/\/tiketi.com\/?s={search_term_string}"},"query-input":{"@type":"PropertyValueSpecification","valueRequired":true,"valueName":"search_term_string"}}],"inLanguage":"fr-FR"},{"@type":"Organization","@id":"https:\/\/tiketi.com\/#organization","name":"Tiketi.com","alternateName":"Tiketi","url":"https:\/\/tiketi.com\/","logo":{"@type":"ImageObject","inLanguage":"fr-FR","@id":"https:\/\/tiketi.com\/#\/schema\/logo\/image\/","url":"https:\/\/tiketi.com\/wp-content\/uploads\/2019\/05\/tiketi-logo-696.png","contentUrl":"https:\/\/tiketi.com\/wp-content\/uploads\/2019\/05\/tiketi-logo-696.png","width":696,"height":696,"caption":"Tiketi.com"},"image":{"@id":"https:\/\/tiketi.com\/#\/schema\/logo\/image\/"},"sameAs":["https:\/\/www.facebook.com\/TiketiCom\/"]}]}},"_links":{"self":[{"href":"https:\/\/tiketi.com\/fr-fr\/wp-json\/wp\/v2\/pages\/11293","targetHints":{"allow":["GET"]}}],"collection":[{"href":"https:\/\/tiketi.com\/fr-fr\/wp-json\/wp\/v2\/pages"}],"about":[{"href":"https:\/\/tiketi.com\/fr-fr\/wp-json\/wp\/v2\/types\/page"}],"author":[{"embeddable":true,"href":"https:\/\/tiketi.com\/fr-fr\/wp-json\/wp\/v2\/users\/1"}],"replies":[{"embeddable":true,"href":"https:\/\/tiketi.com\/fr-fr\/wp-json\/wp\/v2\/comments?post=11293"}],"version-history":[{"count":0,"href":"https:\/\/tiketi.com\/fr-fr\/wp-json\/wp\/v2\/pages\/11293\/revisions"}],"up":[{"embeddable":true,"href":"https:\/\/tiketi.com\/fr-fr\/wp-json\/wp\/v2\/pages\/25566"}],"wp:featuredmedia":[{"embeddable":true,"href":"https:\/\/tiketi.com\/fr-fr\/wp-json\/wp\/v2\/media\/13999"}],"wp:attachment":[{"href":"https:\/\/tiketi.com\/fr-fr\/wp-json\/wp\/v2\/media?parent=11293"}],"curies":[{"name":"wp","href":"https:\/\/api.w.org\/{rel}","templated":true}]}}