{"id":11294,"date":"2022-01-19T12:54:28","date_gmt":"2022-01-19T11:54:28","guid":{"rendered":"https:\/\/new.tiketi.com\/bus-from-kigali-to-arusha-bus-online-booking-fare-timings-tickets\/"},"modified":"2023-07-06T13:50:27","modified_gmt":"2023-07-06T12:50:27","slug":"kigali-to-arusha","status":"publish","type":"page","link":"https:\/\/tiketi.com\/fr-fr\/routes\/bus\/kigali-to-arusha\/","title":{"rendered":"Bus de Kigali \u00e0 Arusha Billets, horaires et tarifs de bus"},"content":{"rendered":"<h2>Billets de bus pas chers de Kigali \u00e0 Arusha<\/h2>\n<h3>D\u00e9couvrez votre itin\u00e9raire sur le web, le mobile ou l&#039;application et r\u00e9servez en ligne maintenant un billet de bus pas cher de Kigali \u00e0 Arusha.<\/h3>\n<p>Gagnez du temps et de l&#039;argent et r\u00e9servez en ligne d\u00e8s maintenant un bus pas cher de Kigali \u00e0 Arusha et voyagez de Kigali \u00e0 Arusha en bus. Bien que ce ne soit pas la capitale tanzanienne, Arusha est la capitale incontestable du safari en Tanzanie. Vous pouvez visiter Arusha en r\u00e9servant des billets de bus pas chers de Kigali \u00e0 Arusha, r\u00e9servation en ligne de bus, tarifs, horaires et billets..<\/p>\n<h2>Bus de Kigali \u00e0 Arusha R\u00e9servation en ligne de bus, tarifs, horaires et FAQ sur les billets<\/h2>\n<h3>Quel est le moyen abordable pour se rendre de Kigali \u00e0 Arusha ?<\/h3>\n<p>Le moyen abordable de se rendre de Kigali \u00e0 Arusha en bus. Bus Kigali \u00e0 Arusha tarif $50 \u2013 $70 et dure 24h 30m.<\/p>\n<h3>Quel est le moyen le plus rapide pour se rendre de Kigali \u00e0 Arusha ?<\/h3>\n<p>Le moyen le plus rapide pour se rendre de Kigali \u00e0 Arusha est de prendre un taxi et avion ce qui co\u00fbte $250 \u2013 $480 et prend 4h 50m.<\/p>\n<h3>Quelle est la distance entre Kigali et Arusha en bus ?<\/h3>\n<p>La distance entre Arusha et Kigali est de 752 km.<\/p>\n<h3>Comment se d\u00e9placer de Kigali \u00e0 Arusha sans voiture ?<\/h3>\n<p>Le meilleur moyen pour se rendre de Kigali \u00e0 Arusha sans voiture est de taxi et bus, ce qui dure 22h 35m et billets de bus de Kigali \u00e0 Arusha $75 \u2013 $110.<\/p>\n<h3>Avion ou Kigali \u00e0 Arusha en bus ?<\/h3>\n<p>Le meilleur moyen de se rendre de Kigali \u00e0 Arusha est de <a href=\"https:\/\/tiketi.com\/fr-fr\/flightst\/\" target=\"_blank\" rel=\"noopener\">voler<\/a> qui dure 5h 30m et co\u00fbte $220 \u2013 $420. Alternativement, vous pouvez prendre Bus tickets de Kigali \u00e0 Arusha $50 \u2013 $70 et dure 24h 30m.<\/p>\n<h3>Puis-je conduire de Kigali \u00e0 Arusha ?<\/h3>\n<p>Oui, la distance entre Arusha et Kigali est de 1108 km. Il faut environ 17h 55m pour conduire de Kigali \u00e0 Arusha. Bon march\u00e9 <a href=\"https:\/\/tiketi.com\/fr-fr\/car-rentals\/\" target=\"_blank\" rel=\"noopener\">location de voitures<\/a>.<\/p>\n<h2>Bus Kigali \u00e0 Arusha Conseils<\/h2>\n<p>Une ville \u00e9tonnante qui sert de porte d&#039;entr\u00e9e \u00e0 des parcs l\u00e9gendaires tels que le Serengeti et le Ngorongoro, Arusha est un m\u00e9lange parfois vertigineux mais toujours remarquable de styles, de cultures et de peuples que tous les amateurs de safari traverseront un jour.<\/p>\n<p>Desservie \u00e0 la fois par l&#039;a\u00e9roport du Kilimandjaro et l&#039;a\u00e9roport d&#039;Arusha, Arusha est le point de d\u00e9part et d&#039;arriv\u00e9e de la plupart des safaris tanzaniens.<\/p>\n<p>Que vous soyez \u00e0 Arusha pour le plaisir ou pour les affaires, la ville offre une multitude d&#039;excursions et d&#039;excursions amusantes.<\/p>","protected":false},"excerpt":{"rendered":"<p>Cheap Bus\u00a0Tickets from\u00a0Kigali to Arusha Discover your travel route on web, mobile or app and book cheap bus ticket from Kigali to Arusha online now. Save time and money and book cheap bus from Kigali to Arusha online now and travel Kigali to Arusha by bus. While it may not be the Tanzanian capital, Arusha [&hellip;]<\/p>\n","protected":false},"author":1,"featured_media":13999,"parent":25566,"menu_order":0,"comment_status":"open","ping_status":"closed","template":"template-home-modern.php","meta":{"footnotes":""},"class_list":["post-11294","page","type-page","status-publish","has-post-thumbnail","hentry"],"yoast_head":"<!-- This site is optimized with the Yoast SEO plugin v27.3 - https:\/\/yoast.com\/product\/yoast-seo-wordpress\/ -->\n<title>Bus from Kigali to Arusha\u00a0Bus Tickets, Schedules &amp; Fares<\/title>\n<meta name=\"description\" content=\"Looking for bus from Kigali to Arusha bus online booking app, fare, timings and tickets? Book cheap bus tickets from Kigali to Arusha now\" \/>\n<meta name=\"robots\" content=\"index, follow, max-snippet:-1, max-image-preview:large, max-video-preview:-1\" \/>\n<link rel=\"canonical\" href=\"https:\/\/tiketi.com\/fr-fr\/routes\/bus\/kigali-to-arusha\/\" \/>\n<meta property=\"og:locale\" content=\"fr_FR\" \/>\n<meta property=\"og:type\" content=\"article\" \/>\n<meta property=\"og:title\" content=\"Bus from Kigali to Arusha\u00a0Bus Tickets, Schedules &amp; Fares\" \/>\n<meta property=\"og:description\" content=\"Looking for bus from Kigali to Arusha bus online booking app, fare, timings and tickets? Book cheap bus tickets from Kigali to Arusha now\" \/>\n<meta property=\"og:url\" content=\"https:\/\/tiketi.com\/fr-fr\/routes\/bus\/kigali-to-arusha\/\" \/>\n<meta property=\"og:site_name\" content=\"Tiketi.com\" \/>\n<meta property=\"article:publisher\" content=\"https:\/\/www.facebook.com\/TiketiCom\/\" \/>\n<meta property=\"article:modified_time\" content=\"2023-07-06T12:50:27+00:00\" \/>\n<meta property=\"og:image\" content=\"https:\/\/tiketi.com\/wp-content\/uploads\/2022\/01\/bus-ticket-online-booking.jpg\" \/>\n\t<meta property=\"og:image:width\" content=\"1200\" \/>\n\t<meta property=\"og:image:height\" content=\"206\" \/>\n\t<meta property=\"og:image:type\" content=\"image\/jpeg\" \/>\n<meta name=\"twitter:card\" content=\"summary_large_image\" \/>\n<meta name=\"twitter:label1\" content=\"Dur\u00e9e de lecture estim\u00e9e\" \/>\n\t<meta name=\"twitter:data1\" content=\"2 minutes\" \/>\n<script type=\"application\/ld+json\" class=\"yoast-schema-graph\">{\"@context\":\"https:\\\/\\\/schema.org\",\"@graph\":[{\"@type\":\"WebPage\",\"@id\":\"https:\\\/\\\/tiketi.com\\\/routes\\\/bus\\\/kigali-to-arusha\\\/\",\"url\":\"https:\\\/\\\/tiketi.com\\\/routes\\\/bus\\\/kigali-to-arusha\\\/\",\"name\":\"Bus from Kigali to Arusha\u00a0Bus Tickets, Schedules & Fares\",\"isPartOf\":{\"@id\":\"https:\\\/\\\/tiketi.com\\\/#website\"},\"primaryImageOfPage\":{\"@id\":\"https:\\\/\\\/tiketi.com\\\/routes\\\/bus\\\/kigali-to-arusha\\\/#primaryimage\"},\"image\":{\"@id\":\"https:\\\/\\\/tiketi.com\\\/routes\\\/bus\\\/kigali-to-arusha\\\/#primaryimage\"},\"thumbnailUrl\":\"https:\\\/\\\/tiketi.com\\\/wp-content\\\/uploads\\\/2022\\\/01\\\/bus-ticket-online-booking.jpg\",\"datePublished\":\"2022-01-19T11:54:28+00:00\",\"dateModified\":\"2023-07-06T12:50:27+00:00\",\"description\":\"Looking for bus from Kigali to Arusha bus online booking app, fare, timings and tickets? Book cheap bus tickets from Kigali to Arusha now\",\"breadcrumb\":{\"@id\":\"https:\\\/\\\/tiketi.com\\\/routes\\\/bus\\\/kigali-to-arusha\\\/#breadcrumb\"},\"inLanguage\":\"fr-FR\",\"potentialAction\":[{\"@type\":\"ReadAction\",\"target\":[\"https:\\\/\\\/tiketi.com\\\/routes\\\/bus\\\/kigali-to-arusha\\\/\"]}]},{\"@type\":\"ImageObject\",\"inLanguage\":\"fr-FR\",\"@id\":\"https:\\\/\\\/tiketi.com\\\/routes\\\/bus\\\/kigali-to-arusha\\\/#primaryimage\",\"url\":\"https:\\\/\\\/tiketi.com\\\/wp-content\\\/uploads\\\/2022\\\/01\\\/bus-ticket-online-booking.jpg\",\"contentUrl\":\"https:\\\/\\\/tiketi.com\\\/wp-content\\\/uploads\\\/2022\\\/01\\\/bus-ticket-online-booking.jpg\",\"width\":1200,\"height\":206,\"caption\":\"Online Bus Ticket Booking\"},{\"@type\":\"BreadcrumbList\",\"@id\":\"https:\\\/\\\/tiketi.com\\\/routes\\\/bus\\\/kigali-to-arusha\\\/#breadcrumb\",\"itemListElement\":[{\"@type\":\"ListItem\",\"position\":1,\"name\":\"Home\",\"item\":\"https:\\\/\\\/tiketi.com\\\/\"},{\"@type\":\"ListItem\",\"position\":2,\"name\":\"Routes\",\"item\":\"https:\\\/\\\/tiketi.com\\\/routes\\\/\"},{\"@type\":\"ListItem\",\"position\":3,\"name\":\"Bus\",\"item\":\"https:\\\/\\\/tiketi.com\\\/routes\\\/bus\\\/\"},{\"@type\":\"ListItem\",\"position\":4,\"name\":\"Bus from Kigali to Arusha\u00a0Bus Tickets, Schedules &amp; Fares\"}]},{\"@type\":\"WebSite\",\"@id\":\"https:\\\/\\\/tiketi.com\\\/#website\",\"url\":\"https:\\\/\\\/tiketi.com\\\/\",\"name\":\"Flight & Bus Tickets, Tour Packages & Activitites - Tiketi.com\",\"description\":\"Flight &amp; Bus Tickets, Tours, Activitites\",\"publisher\":{\"@id\":\"https:\\\/\\\/tiketi.com\\\/#organization\"},\"potentialAction\":[{\"@type\":\"SearchAction\",\"target\":{\"@type\":\"EntryPoint\",\"urlTemplate\":\"https:\\\/\\\/tiketi.com\\\/?s={search_term_string}\"},\"query-input\":{\"@type\":\"PropertyValueSpecification\",\"valueRequired\":true,\"valueName\":\"search_term_string\"}}],\"inLanguage\":\"fr-FR\"},{\"@type\":\"Organization\",\"@id\":\"https:\\\/\\\/tiketi.com\\\/#organization\",\"name\":\"Tiketi.com\",\"alternateName\":\"Tiketi\",\"url\":\"https:\\\/\\\/tiketi.com\\\/\",\"logo\":{\"@type\":\"ImageObject\",\"inLanguage\":\"fr-FR\",\"@id\":\"https:\\\/\\\/tiketi.com\\\/#\\\/schema\\\/logo\\\/image\\\/\",\"url\":\"https:\\\/\\\/tiketi.com\\\/wp-content\\\/uploads\\\/2019\\\/05\\\/tiketi-logo-696.png\",\"contentUrl\":\"https:\\\/\\\/tiketi.com\\\/wp-content\\\/uploads\\\/2019\\\/05\\\/tiketi-logo-696.png\",\"width\":696,\"height\":696,\"caption\":\"Tiketi.com\"},\"image\":{\"@id\":\"https:\\\/\\\/tiketi.com\\\/#\\\/schema\\\/logo\\\/image\\\/\"},\"sameAs\":[\"https:\\\/\\\/www.facebook.com\\\/TiketiCom\\\/\"]}]}<\/script>\n<!-- \/ Yoast SEO plugin. -->","yoast_head_json":{"title":"Bus de Kigali \u00e0 Arusha Billets, horaires et tarifs de bus","description":"Vous recherchez une application de r\u00e9servation en ligne de bus de Kigali \u00e0 Arusha, les tarifs, les horaires et les billets\u00a0? R\u00e9servez d\u00e8s maintenant des billets de bus \u00e0 bas prix de Kigali \u00e0 Arusha","robots":{"index":"index","follow":"follow","max-snippet":"max-snippet:-1","max-image-preview":"max-image-preview:large","max-video-preview":"max-video-preview:-1"},"canonical":"https:\/\/tiketi.com\/fr-fr\/routes\/bus\/kigali-to-arusha\/","og_locale":"fr_FR","og_type":"article","og_title":"Bus from Kigali to Arusha\u00a0Bus Tickets, Schedules & Fares","og_description":"Looking for bus from Kigali to Arusha bus online booking app, fare, timings and tickets? Book cheap bus tickets from Kigali to Arusha now","og_url":"https:\/\/tiketi.com\/fr-fr\/routes\/bus\/kigali-to-arusha\/","og_site_name":"Tiketi.com","article_publisher":"https:\/\/www.facebook.com\/TiketiCom\/","article_modified_time":"2023-07-06T12:50:27+00:00","og_image":[{"width":1200,"height":206,"url":"https:\/\/tiketi.com\/wp-content\/uploads\/2022\/01\/bus-ticket-online-booking.jpg","type":"image\/jpeg"}],"twitter_card":"summary_large_image","twitter_misc":{"Dur\u00e9e de lecture estim\u00e9e":"2 minutes"},"schema":{"@context":"https:\/\/schema.org","@graph":[{"@type":"WebPage","@id":"https:\/\/tiketi.com\/routes\/bus\/kigali-to-arusha\/","url":"https:\/\/tiketi.com\/routes\/bus\/kigali-to-arusha\/","name":"Bus de Kigali \u00e0 Arusha Billets, horaires et tarifs de bus","isPartOf":{"@id":"https:\/\/tiketi.com\/#website"},"primaryImageOfPage":{"@id":"https:\/\/tiketi.com\/routes\/bus\/kigali-to-arusha\/#primaryimage"},"image":{"@id":"https:\/\/tiketi.com\/routes\/bus\/kigali-to-arusha\/#primaryimage"},"thumbnailUrl":"https:\/\/tiketi.com\/wp-content\/uploads\/2022\/01\/bus-ticket-online-booking.jpg","datePublished":"2022-01-19T11:54:28+00:00","dateModified":"2023-07-06T12:50:27+00:00","description":"Vous recherchez une application de r\u00e9servation en ligne de bus de Kigali \u00e0 Arusha, les tarifs, les horaires et les billets\u00a0? R\u00e9servez d\u00e8s maintenant des billets de bus \u00e0 bas prix de Kigali \u00e0 Arusha","breadcrumb":{"@id":"https:\/\/tiketi.com\/routes\/bus\/kigali-to-arusha\/#breadcrumb"},"inLanguage":"fr-FR","potentialAction":[{"@type":"ReadAction","target":["https:\/\/tiketi.com\/routes\/bus\/kigali-to-arusha\/"]}]},{"@type":"ImageObject","inLanguage":"fr-FR","@id":"https:\/\/tiketi.com\/routes\/bus\/kigali-to-arusha\/#primaryimage","url":"https:\/\/tiketi.com\/wp-content\/uploads\/2022\/01\/bus-ticket-online-booking.jpg","contentUrl":"https:\/\/tiketi.com\/wp-content\/uploads\/2022\/01\/bus-ticket-online-booking.jpg","width":1200,"height":206,"caption":"Online Bus Ticket Booking"},{"@type":"BreadcrumbList","@id":"https:\/\/tiketi.com\/routes\/bus\/kigali-to-arusha\/#breadcrumb","itemListElement":[{"@type":"ListItem","position":1,"name":"Home","item":"https:\/\/tiketi.com\/"},{"@type":"ListItem","position":2,"name":"Routes","item":"https:\/\/tiketi.com\/routes\/"},{"@type":"ListItem","position":3,"name":"Bus","item":"https:\/\/tiketi.com\/routes\/bus\/"},{"@type":"ListItem","position":4,"name":"Bus from Kigali to Arusha\u00a0Bus Tickets, Schedules &amp; Fares"}]},{"@type":"WebSite","@id":"https:\/\/tiketi.com\/#website","url":"https:\/\/tiketi.com\/","name":"Billets d&#039;avion et de bus, forfaits touristiques et activit\u00e9s - Tiketi.com","description":"Billets d&#039;avion et de bus, Tours, Activit\u00e9s","publisher":{"@id":"https:\/\/tiketi.com\/#organization"},"potentialAction":[{"@type":"SearchAction","target":{"@type":"EntryPoint","urlTemplate":"https:\/\/tiketi.com\/?s={search_term_string}"},"query-input":{"@type":"PropertyValueSpecification","valueRequired":true,"valueName":"search_term_string"}}],"inLanguage":"fr-FR"},{"@type":"Organization","@id":"https:\/\/tiketi.com\/#organization","name":"Tiketi.com","alternateName":"Tiketi","url":"https:\/\/tiketi.com\/","logo":{"@type":"ImageObject","inLanguage":"fr-FR","@id":"https:\/\/tiketi.com\/#\/schema\/logo\/image\/","url":"https:\/\/tiketi.com\/wp-content\/uploads\/2019\/05\/tiketi-logo-696.png","contentUrl":"https:\/\/tiketi.com\/wp-content\/uploads\/2019\/05\/tiketi-logo-696.png","width":696,"height":696,"caption":"Tiketi.com"},"image":{"@id":"https:\/\/tiketi.com\/#\/schema\/logo\/image\/"},"sameAs":["https:\/\/www.facebook.com\/TiketiCom\/"]}]}},"_links":{"self":[{"href":"https:\/\/tiketi.com\/fr-fr\/wp-json\/wp\/v2\/pages\/11294","targetHints":{"allow":["GET"]}}],"collection":[{"href":"https:\/\/tiketi.com\/fr-fr\/wp-json\/wp\/v2\/pages"}],"about":[{"href":"https:\/\/tiketi.com\/fr-fr\/wp-json\/wp\/v2\/types\/page"}],"author":[{"embeddable":true,"href":"https:\/\/tiketi.com\/fr-fr\/wp-json\/wp\/v2\/users\/1"}],"replies":[{"embeddable":true,"href":"https:\/\/tiketi.com\/fr-fr\/wp-json\/wp\/v2\/comments?post=11294"}],"version-history":[{"count":0,"href":"https:\/\/tiketi.com\/fr-fr\/wp-json\/wp\/v2\/pages\/11294\/revisions"}],"up":[{"embeddable":true,"href":"https:\/\/tiketi.com\/fr-fr\/wp-json\/wp\/v2\/pages\/25566"}],"wp:featuredmedia":[{"embeddable":true,"href":"https:\/\/tiketi.com\/fr-fr\/wp-json\/wp\/v2\/media\/13999"}],"wp:attachment":[{"href":"https:\/\/tiketi.com\/fr-fr\/wp-json\/wp\/v2\/media?parent=11294"}],"curies":[{"name":"wp","href":"https:\/\/api.w.org\/{rel}","templated":true}]}}