{"id":11295,"date":"2022-01-19T12:54:28","date_gmt":"2022-01-19T11:54:28","guid":{"rendered":"https:\/\/new.tiketi.com\/etrago-online-booking-bus-tickets-reservation\/"},"modified":"2022-02-11T23:42:05","modified_gmt":"2022-02-11T22:42:05","slug":"etrago-bus","status":"publish","type":"page","link":"https:\/\/tiketi.com\/fr-fr\/etrago-bus\/","title":{"rendered":"R\u00e9servation en ligne Etrago, billets de bus, itin\u00e9raires et tarifs"},"content":{"rendered":"<h2>R\u00e9servation de billets de bus en ligne Etrago Global Transport<\/h2>\n<h3>D\u00e9couvrez votre itin\u00e9raire de voyage sur le web, le mobile ou l&#039;application et r\u00e9servez en ligne des billets de bus Etrago pas chers.<\/h3>\n<p>La r\u00e9servation en ligne Etrago simplifi\u00e9e. Le service de transport Etrago est l&#039;un des meilleurs fournisseurs de bus modernes du Mozambique et propose la r\u00e9servation de billets de bus en ligne. Elle se repr\u00e9sente avec l&#039;objectif clair d&#039;\u00eatre le leader du march\u00e9 local et un puissant concurrent r\u00e9gional dans le transport s\u00e9curitaire des biens et des personnes par voie terrestre. Les bus Etrago sont bas\u00e9s \u00e0 Maputo et circulent dans les grandes villes du Mozambique. Les installations accessibles dans les bus Etrago comprennent la t\u00e9l\u00e9vision, la climatisation et un service de toilettes. Il existe diff\u00e9rents mod\u00e8les de voyage dans la soci\u00e9t\u00e9 de transport Etrago qui passent des si\u00e8ges inclinables aux v\u00e9hicules avec lits pour un voyage plus relaxant avec une \u00e9quipe d&#039;accompagnateurs experts qui r\u00e9pondront \u00e0 vos besoins pour vous assurer une totale facilit\u00e9 et satisfaction. Chaque bus a une zone a\u00e9rienne pour le stockage de petits sacs \u00e0 dos et sacs \u00e0 main ainsi qu&#039;une zone de stockage sous les bus pour les bagages plus volumineux. La r\u00e9servation de billets de bus en ligne Etrago Global Transport vous permet d&#039;\u00e9conomiser de l&#039;argent et du temps.<\/p>\n<h2>FAQ sur la r\u00e9servation en ligne Etrago<\/h2>\n<h3>Quels sont les itin\u00e9raires couverts par le service Etrago Coaches &amp; Bus ?<\/h3>\n<p>\u2022 Maputo-T\u00e9t\u00e9<br \/>\n\u2022 Maputo\u2013Beira<br \/>\n\u2022 Maputo Qu\u00e9limane<br \/>\n\u2022 Maputo-Pemba<br \/>\n\u2022 Maputo-Nampula<\/p>\n<h3>Quelles sont les grandes destinations du transport Etrago ?<\/h3>\n<p>Le service de transport Etrago Global est bas\u00e9 \u00e0 Maputo, la capitale du pays, le Mozambique. Il a ses grands voyages de Maputo \u00e0 Tete, Beira, Nampula, Quelimane et Pemba.<\/p>\n<h3>Y a-t-il un parking au service de transport mondial Etrago ?<\/h3>\n<p>Oui, les services de transport Etrago fournissent des installations g\u00e9n\u00e9rales telles que des toilettes, un parking gratuit, des transferts relaxants et rapides entre les villes.<\/p>\n<h3>Combien co\u00fbte le moins d&#039;un voyage?<\/h3>\n<p>Les prix des voyages d\u00e9pendent de votre lieu. Cependant, le montant minimum pour un voyage \u00e0 la soci\u00e9t\u00e9 de transport Etrago est de 1500 mt.<\/p>\n<h3>Pourquoi devrais-je voyager avec la soci\u00e9t\u00e9 de transport Etrago ?<\/h3>\n<p>La soci\u00e9t\u00e9 de transport Etrago dispose du meilleur service client qui r\u00e9pondra \u00e0 juste titre aux besoins de ses clients pour assurer une d\u00e9tente compl\u00e8te.<\/p>\n<h3>Quelles sont les coordonn\u00e9es du service d&#039;autocars et d&#039;autobus d&#039;Etrago ?<\/h3>\n<p>Etrago, R. Carlos Morgado, Maputo, Mozambique<\/p>\n<h2>Conseils de r\u00e9servation de billets de bus en ligne Etrago Global Transport<\/h2>\n<p>Les trajets sont abordables, allant de $25 \u00e0 $62 selon la distance.<\/p>","protected":false},"excerpt":{"rendered":"<p>Etrago Global Transport Online Bus Ticket Booking Discover your travel route on web, mobile or app and book cheap Etrago bus tickets&nbsp;online. Etrago&nbsp;online booking made easy.&nbsp;Etrago transport service is one of Mozambique top modern bus providers and offer online bus ticket booking. It represents itself with the clear aim of being the leader in the [&hellip;]<\/p>\n","protected":false},"author":1,"featured_media":13999,"parent":0,"menu_order":0,"comment_status":"open","ping_status":"closed","template":"template-home-modern.php","meta":{"footnotes":""},"class_list":["post-11295","page","type-page","status-publish","has-post-thumbnail","hentry"],"yoast_head":"<!-- This site is optimized with the Yoast SEO plugin v27.4 - https:\/\/yoast.com\/product\/yoast-seo-wordpress\/ -->\n<title>Etrago\u00a0Online Booking, Bus Tickets, Routes &amp; Fares<\/title>\n<meta name=\"description\" content=\"Looking for Etrago online booking? Make a Etrago Global Transport online bus ticket booking online now and save time and money\" \/>\n<meta name=\"robots\" content=\"index, follow, max-snippet:-1, max-image-preview:large, max-video-preview:-1\" \/>\n<link rel=\"canonical\" href=\"https:\/\/tiketi.com\/fr-fr\/etrago-bus\/\" \/>\n<meta property=\"og:locale\" content=\"fr_FR\" \/>\n<meta property=\"og:type\" content=\"article\" \/>\n<meta property=\"og:title\" content=\"Etrago\u00a0Online Booking, Bus Tickets, Routes &amp; Fares\" \/>\n<meta property=\"og:description\" content=\"Looking for Etrago online booking? Make a Etrago Global Transport online bus ticket booking online now and save time and money\" \/>\n<meta property=\"og:url\" content=\"https:\/\/tiketi.com\/fr-fr\/etrago-bus\/\" \/>\n<meta property=\"og:site_name\" content=\"Tiketi.com\" \/>\n<meta property=\"article:publisher\" content=\"https:\/\/www.facebook.com\/TiketiCom\/\" \/>\n<meta property=\"article:modified_time\" content=\"2022-02-11T22:42:05+00:00\" \/>\n<meta property=\"og:image\" content=\"https:\/\/tiketi.com\/wp-content\/uploads\/2022\/01\/bus-ticket-online-booking.jpg\" \/>\n\t<meta property=\"og:image:width\" content=\"1200\" \/>\n\t<meta property=\"og:image:height\" content=\"206\" \/>\n\t<meta property=\"og:image:type\" content=\"image\/jpeg\" \/>\n<meta name=\"twitter:card\" content=\"summary_large_image\" \/>\n<meta name=\"twitter:label1\" content=\"Dur\u00e9e de lecture estim\u00e9e\" \/>\n\t<meta name=\"twitter:data1\" content=\"2 minutes\" \/>\n<script type=\"application\/ld+json\" class=\"yoast-schema-graph\">{\"@context\":\"https:\\\/\\\/schema.org\",\"@graph\":[{\"@type\":\"WebPage\",\"@id\":\"https:\\\/\\\/tiketi.com\\\/etrago-bus\\\/\",\"url\":\"https:\\\/\\\/tiketi.com\\\/etrago-bus\\\/\",\"name\":\"Etrago\u00a0Online Booking, Bus Tickets, Routes & Fares\",\"isPartOf\":{\"@id\":\"https:\\\/\\\/tiketi.com\\\/#website\"},\"primaryImageOfPage\":{\"@id\":\"https:\\\/\\\/tiketi.com\\\/etrago-bus\\\/#primaryimage\"},\"image\":{\"@id\":\"https:\\\/\\\/tiketi.com\\\/etrago-bus\\\/#primaryimage\"},\"thumbnailUrl\":\"https:\\\/\\\/tiketi.com\\\/wp-content\\\/uploads\\\/2022\\\/01\\\/bus-ticket-online-booking.jpg\",\"datePublished\":\"2022-01-19T11:54:28+00:00\",\"dateModified\":\"2022-02-11T22:42:05+00:00\",\"description\":\"Looking for Etrago online booking? Make a Etrago Global Transport online bus ticket booking online now and save time and money\",\"breadcrumb\":{\"@id\":\"https:\\\/\\\/tiketi.com\\\/etrago-bus\\\/#breadcrumb\"},\"inLanguage\":\"fr-FR\",\"potentialAction\":[{\"@type\":\"ReadAction\",\"target\":[\"https:\\\/\\\/tiketi.com\\\/etrago-bus\\\/\"]}]},{\"@type\":\"ImageObject\",\"inLanguage\":\"fr-FR\",\"@id\":\"https:\\\/\\\/tiketi.com\\\/etrago-bus\\\/#primaryimage\",\"url\":\"https:\\\/\\\/tiketi.com\\\/wp-content\\\/uploads\\\/2022\\\/01\\\/bus-ticket-online-booking.jpg\",\"contentUrl\":\"https:\\\/\\\/tiketi.com\\\/wp-content\\\/uploads\\\/2022\\\/01\\\/bus-ticket-online-booking.jpg\",\"width\":1200,\"height\":206,\"caption\":\"Online Bus Ticket Booking\"},{\"@type\":\"BreadcrumbList\",\"@id\":\"https:\\\/\\\/tiketi.com\\\/etrago-bus\\\/#breadcrumb\",\"itemListElement\":[{\"@type\":\"ListItem\",\"position\":1,\"name\":\"Home\",\"item\":\"https:\\\/\\\/tiketi.com\\\/\"},{\"@type\":\"ListItem\",\"position\":2,\"name\":\"Etrago\u00a0Online Booking, Bus Tickets, Routes &#038; Fares\"}]},{\"@type\":\"WebSite\",\"@id\":\"https:\\\/\\\/tiketi.com\\\/#website\",\"url\":\"https:\\\/\\\/tiketi.com\\\/\",\"name\":\"Flight & Bus Tickets, Tour Packages & Activitites - Tiketi.com\",\"description\":\"Flight &amp; Bus Tickets, Tours, Activitites\",\"publisher\":{\"@id\":\"https:\\\/\\\/tiketi.com\\\/#organization\"},\"potentialAction\":[{\"@type\":\"SearchAction\",\"target\":{\"@type\":\"EntryPoint\",\"urlTemplate\":\"https:\\\/\\\/tiketi.com\\\/?s={search_term_string}\"},\"query-input\":{\"@type\":\"PropertyValueSpecification\",\"valueRequired\":true,\"valueName\":\"search_term_string\"}}],\"inLanguage\":\"fr-FR\"},{\"@type\":\"Organization\",\"@id\":\"https:\\\/\\\/tiketi.com\\\/#organization\",\"name\":\"Tiketi.com\",\"alternateName\":\"Tiketi\",\"url\":\"https:\\\/\\\/tiketi.com\\\/\",\"logo\":{\"@type\":\"ImageObject\",\"inLanguage\":\"fr-FR\",\"@id\":\"https:\\\/\\\/tiketi.com\\\/#\\\/schema\\\/logo\\\/image\\\/\",\"url\":\"https:\\\/\\\/tiketi.com\\\/wp-content\\\/uploads\\\/2019\\\/05\\\/tiketi-logo-696.png\",\"contentUrl\":\"https:\\\/\\\/tiketi.com\\\/wp-content\\\/uploads\\\/2019\\\/05\\\/tiketi-logo-696.png\",\"width\":696,\"height\":696,\"caption\":\"Tiketi.com\"},\"image\":{\"@id\":\"https:\\\/\\\/tiketi.com\\\/#\\\/schema\\\/logo\\\/image\\\/\"},\"sameAs\":[\"https:\\\/\\\/www.facebook.com\\\/TiketiCom\\\/\"]}]}<\/script>\n<!-- \/ Yoast SEO plugin. -->","yoast_head_json":{"title":"R\u00e9servation en ligne Etrago, billets de bus, itin\u00e9raires et tarifs","description":"Vous recherchez la r\u00e9servation en ligne Etrago ? Faites une r\u00e9servation en ligne de billets de bus Etrago Global Transport en ligne maintenant et \u00e9conomisez du temps et de l&#039;argent","robots":{"index":"index","follow":"follow","max-snippet":"max-snippet:-1","max-image-preview":"max-image-preview:large","max-video-preview":"max-video-preview:-1"},"canonical":"https:\/\/tiketi.com\/fr-fr\/etrago-bus\/","og_locale":"fr_FR","og_type":"article","og_title":"Etrago\u00a0Online Booking, Bus Tickets, Routes & Fares","og_description":"Looking for Etrago online booking? Make a Etrago Global Transport online bus ticket booking online now and save time and money","og_url":"https:\/\/tiketi.com\/fr-fr\/etrago-bus\/","og_site_name":"Tiketi.com","article_publisher":"https:\/\/www.facebook.com\/TiketiCom\/","article_modified_time":"2022-02-11T22:42:05+00:00","og_image":[{"width":1200,"height":206,"url":"https:\/\/tiketi.com\/wp-content\/uploads\/2022\/01\/bus-ticket-online-booking.jpg","type":"image\/jpeg"}],"twitter_card":"summary_large_image","twitter_misc":{"Dur\u00e9e de lecture estim\u00e9e":"2 minutes"},"schema":{"@context":"https:\/\/schema.org","@graph":[{"@type":"WebPage","@id":"https:\/\/tiketi.com\/etrago-bus\/","url":"https:\/\/tiketi.com\/etrago-bus\/","name":"R\u00e9servation en ligne Etrago, billets de bus, itin\u00e9raires et tarifs","isPartOf":{"@id":"https:\/\/tiketi.com\/#website"},"primaryImageOfPage":{"@id":"https:\/\/tiketi.com\/etrago-bus\/#primaryimage"},"image":{"@id":"https:\/\/tiketi.com\/etrago-bus\/#primaryimage"},"thumbnailUrl":"https:\/\/tiketi.com\/wp-content\/uploads\/2022\/01\/bus-ticket-online-booking.jpg","datePublished":"2022-01-19T11:54:28+00:00","dateModified":"2022-02-11T22:42:05+00:00","description":"Vous recherchez la r\u00e9servation en ligne Etrago ? Faites une r\u00e9servation en ligne de billets de bus Etrago Global Transport en ligne maintenant et \u00e9conomisez du temps et de l&#039;argent","breadcrumb":{"@id":"https:\/\/tiketi.com\/etrago-bus\/#breadcrumb"},"inLanguage":"fr-FR","potentialAction":[{"@type":"ReadAction","target":["https:\/\/tiketi.com\/etrago-bus\/"]}]},{"@type":"ImageObject","inLanguage":"fr-FR","@id":"https:\/\/tiketi.com\/etrago-bus\/#primaryimage","url":"https:\/\/tiketi.com\/wp-content\/uploads\/2022\/01\/bus-ticket-online-booking.jpg","contentUrl":"https:\/\/tiketi.com\/wp-content\/uploads\/2022\/01\/bus-ticket-online-booking.jpg","width":1200,"height":206,"caption":"Online Bus Ticket Booking"},{"@type":"BreadcrumbList","@id":"https:\/\/tiketi.com\/etrago-bus\/#breadcrumb","itemListElement":[{"@type":"ListItem","position":1,"name":"Home","item":"https:\/\/tiketi.com\/"},{"@type":"ListItem","position":2,"name":"Etrago\u00a0Online Booking, Bus Tickets, Routes &#038; Fares"}]},{"@type":"WebSite","@id":"https:\/\/tiketi.com\/#website","url":"https:\/\/tiketi.com\/","name":"Billets d&#039;avion et de bus, forfaits touristiques et activit\u00e9s - Tiketi.com","description":"Billets d&#039;avion et de bus, Tours, Activit\u00e9s","publisher":{"@id":"https:\/\/tiketi.com\/#organization"},"potentialAction":[{"@type":"SearchAction","target":{"@type":"EntryPoint","urlTemplate":"https:\/\/tiketi.com\/?s={search_term_string}"},"query-input":{"@type":"PropertyValueSpecification","valueRequired":true,"valueName":"search_term_string"}}],"inLanguage":"fr-FR"},{"@type":"Organization","@id":"https:\/\/tiketi.com\/#organization","name":"Tiketi.com","alternateName":"Tiketi","url":"https:\/\/tiketi.com\/","logo":{"@type":"ImageObject","inLanguage":"fr-FR","@id":"https:\/\/tiketi.com\/#\/schema\/logo\/image\/","url":"https:\/\/tiketi.com\/wp-content\/uploads\/2019\/05\/tiketi-logo-696.png","contentUrl":"https:\/\/tiketi.com\/wp-content\/uploads\/2019\/05\/tiketi-logo-696.png","width":696,"height":696,"caption":"Tiketi.com"},"image":{"@id":"https:\/\/tiketi.com\/#\/schema\/logo\/image\/"},"sameAs":["https:\/\/www.facebook.com\/TiketiCom\/"]}]}},"_links":{"self":[{"href":"https:\/\/tiketi.com\/fr-fr\/wp-json\/wp\/v2\/pages\/11295","targetHints":{"allow":["GET"]}}],"collection":[{"href":"https:\/\/tiketi.com\/fr-fr\/wp-json\/wp\/v2\/pages"}],"about":[{"href":"https:\/\/tiketi.com\/fr-fr\/wp-json\/wp\/v2\/types\/page"}],"author":[{"embeddable":true,"href":"https:\/\/tiketi.com\/fr-fr\/wp-json\/wp\/v2\/users\/1"}],"replies":[{"embeddable":true,"href":"https:\/\/tiketi.com\/fr-fr\/wp-json\/wp\/v2\/comments?post=11295"}],"version-history":[{"count":0,"href":"https:\/\/tiketi.com\/fr-fr\/wp-json\/wp\/v2\/pages\/11295\/revisions"}],"wp:featuredmedia":[{"embeddable":true,"href":"https:\/\/tiketi.com\/fr-fr\/wp-json\/wp\/v2\/media\/13999"}],"wp:attachment":[{"href":"https:\/\/tiketi.com\/fr-fr\/wp-json\/wp\/v2\/media?parent=11295"}],"curies":[{"name":"wp","href":"https:\/\/api.w.org\/{rel}","templated":true}]}}