{"id":11296,"date":"2022-01-19T12:54:28","date_gmt":"2022-01-19T11:54:28","guid":{"rendered":"https:\/\/new.tiketi.com\/macon-online-booking-bus-tickets-reservation\/"},"modified":"2022-02-23T14:32:09","modified_gmt":"2022-02-23T13:32:09","slug":"macon-bus","status":"publish","type":"page","link":"https:\/\/tiketi.com\/fr-fr\/macon-bus\/","title":{"rendered":"R\u00e9servation en ligne de Macon, billets de bus, itin\u00e9raire, horaires et tarifs"},"content":{"rendered":"<h2>Macon R\u00e9servation de billets de bus en ligne Angola<\/h2>\n<h3>D\u00e9couvrez votre itin\u00e9raire sur le web, le mobile ou l&#039;application et r\u00e9servez en ligne d\u00e8s maintenant des billets de bus M\u00e2con pas chers.<\/h3>\n<p>La r\u00e9servation en ligne de M\u00e2con simplifi\u00e9e. Macon Transport est un op\u00e9rateur de bus angolais et une compagnie de bus qui a \u00e9t\u00e9 cr\u00e9\u00e9e en 2001. C&#039;est une entreprise de transport urbain et routier de passagers qui est c\u00e9l\u00e8bre pour ses meilleurs services dans le secteur des transports angolais. Sa base centrale est situ\u00e9e dans la province de Luanda, dans la ville de Belas, en r\u00e9f\u00e9rence au terrain de golf derri\u00e8re l&#039;\u00e9glise Simao Toco. La r\u00e9servation de billets de bus en ligne \u00e0 Macon vous permet d&#039;\u00e9conomiser du temps et de l&#039;argent.<\/p>\n<h2>R\u00e9servation en ligne de Macon Angola, Billets de bus, FAQ sur les itin\u00e9raires, les horaires et les tarifs<\/h2>\n<h3>Quels sont les trajets couverts par le service Macon Coaches ?<\/h3>\n<p>Les principaux itin\u00e9raires emprunt\u00e9s par cette compagnie de bus sont Luanda - Windhoek et Luanda \u00e0 Kinshasa.<\/p>\n<p>Ils assurent \u00e9galement le transport interprovincial de passagers dans les provinces d&#039;Angola.<\/p>\n<p>\u2022 Luanda \u00e0 Bengu\u00e9la<\/p>\n<p>\u2022 Luanda \u00e0 Lubango<\/p>\n<p>\u2022 Luanda \u00e0 Kwanza Nord<\/p>\n<p>\u2022 Namibe \u00e0 Hu\u00edla<\/p>\n<h3>Flotte de bus de Macon<\/h3>\n<p>Les v\u00e9hicules les plus r\u00e9cents couvriraient un manque de bus ressenti par l&#039;entreprise et le march\u00e9, car sur 122 v\u00e9hicules de la flotte de Macon, seuls 94 sont actuellement utilis\u00e9s.<\/p>\n<h3>Macon propose-t-il des services de location ?<\/h3>\n<p>Oui, vous pouvez louer des bus ou des voitures depuis Macon. M\u00e2con dispose d&#039;un parc exclusif et unique de location et de charter. Les services de location sont accessibles du lundi au vendredi de 8h00 \u00e0 17h30.<\/p>\n<h3>Combien de jours par semaine fonctionne Macon pour le transport inter-pays\u00a0?<\/h3>\n<p>Ils assurent le transport inter-pays pendant trois jours par semaine. Les jours sont vendredi, mercredi et lundi.<\/p>\n<h3>Les animaux domestiques sont-ils autoris\u00e9s \u00e0 voyager avec les passagers dans les bus\u00a0?<\/h3>\n<p>En r\u00e8gle g\u00e9n\u00e9rale, les autobus de voyage ne permettent pas aux passagers d&#039;amener leurs animaux de compagnie avec eux lorsqu&#039;ils montent dans l&#039;autobus.<\/p>\n<h3>Quelles sont les coordonn\u00e9es du service autocars &amp; bus de Macon ?<\/h3>\n<p>Province de Luanda, Municipalit\u00e9 de Belas (Kilamba Kiaxi), Av. Pedro de Castro Van-Dunem Loy, derri\u00e8re l&#039;\u00e9glise Sim\u00e3o Toco, Rua da Macon, Angola<\/p>\n<h2>Macon R\u00e9servation de billets de bus en ligne Angola Conseils<\/h2>\n<p>Macon est un op\u00e9rateur de bus en Angola depuis dix-sept ans, reliant la capitale aux dix-huit provinces du pays. Le Macon offre diff\u00e9rentes installations impeccables \u00e0 ses passagers et a le meilleur statut en Angola.<\/p>\n<p>En moyenne, Macon transporte 1,8 million de passagers par mois sur les treize lignes de bus qu&#039;elle dessert.<\/p>","protected":false},"excerpt":{"rendered":"<p>Macon Online Bus Ticket Booking Angola Discover your travel route on web, mobile or app and book cheap Macon bus tickets online now. Macon online booking made easy.&nbsp;The Macon Transport is an Angolan bus operator and bus company that was established in 2001. It is urban and road passenger transport firm that is famous for [&hellip;]<\/p>\n","protected":false},"author":1,"featured_media":13999,"parent":0,"menu_order":0,"comment_status":"open","ping_status":"closed","template":"template-home-modern.php","meta":{"footnotes":""},"class_list":["post-11296","page","type-page","status-publish","has-post-thumbnail","hentry"],"yoast_head":"<!-- This site is optimized with the Yoast SEO plugin v27.3 - https:\/\/yoast.com\/product\/yoast-seo-wordpress\/ -->\n<title>Macon Online Booking, Bus Tickets, Route, Schedule &amp; Fare<\/title>\n<meta name=\"description\" content=\"Looking for Macon online booking, app, contacts, bus routes, fare and schedule? Make cheap Macon online bus ticket booking online now\" \/>\n<meta name=\"robots\" content=\"index, follow, max-snippet:-1, max-image-preview:large, max-video-preview:-1\" \/>\n<link rel=\"canonical\" href=\"https:\/\/tiketi.com\/fr-fr\/macon-bus\/\" \/>\n<meta property=\"og:locale\" content=\"fr_FR\" \/>\n<meta property=\"og:type\" content=\"article\" \/>\n<meta property=\"og:title\" content=\"Macon Online Booking, Bus Tickets, Route, Schedule &amp; Fare\" \/>\n<meta property=\"og:description\" content=\"Looking for Macon online booking, app, contacts, bus routes, fare and schedule? Make cheap Macon online bus ticket booking online now\" \/>\n<meta property=\"og:url\" content=\"https:\/\/tiketi.com\/fr-fr\/macon-bus\/\" \/>\n<meta property=\"og:site_name\" content=\"Tiketi.com\" \/>\n<meta property=\"article:publisher\" content=\"https:\/\/www.facebook.com\/TiketiCom\/\" \/>\n<meta property=\"article:modified_time\" content=\"2022-02-23T13:32:09+00:00\" \/>\n<meta property=\"og:image\" content=\"https:\/\/tiketi.com\/wp-content\/uploads\/2022\/01\/bus-ticket-online-booking.jpg\" \/>\n\t<meta property=\"og:image:width\" content=\"1200\" \/>\n\t<meta property=\"og:image:height\" content=\"206\" \/>\n\t<meta property=\"og:image:type\" content=\"image\/jpeg\" \/>\n<meta name=\"twitter:card\" content=\"summary_large_image\" \/>\n<meta name=\"twitter:label1\" content=\"Dur\u00e9e de lecture estim\u00e9e\" \/>\n\t<meta name=\"twitter:data1\" content=\"2 minutes\" \/>\n<script type=\"application\/ld+json\" class=\"yoast-schema-graph\">{\"@context\":\"https:\\\/\\\/schema.org\",\"@graph\":[{\"@type\":\"WebPage\",\"@id\":\"https:\\\/\\\/tiketi.com\\\/macon-bus\\\/\",\"url\":\"https:\\\/\\\/tiketi.com\\\/macon-bus\\\/\",\"name\":\"Macon Online Booking, Bus Tickets, Route, Schedule & Fare\",\"isPartOf\":{\"@id\":\"https:\\\/\\\/tiketi.com\\\/#website\"},\"primaryImageOfPage\":{\"@id\":\"https:\\\/\\\/tiketi.com\\\/macon-bus\\\/#primaryimage\"},\"image\":{\"@id\":\"https:\\\/\\\/tiketi.com\\\/macon-bus\\\/#primaryimage\"},\"thumbnailUrl\":\"https:\\\/\\\/tiketi.com\\\/wp-content\\\/uploads\\\/2022\\\/01\\\/bus-ticket-online-booking.jpg\",\"datePublished\":\"2022-01-19T11:54:28+00:00\",\"dateModified\":\"2022-02-23T13:32:09+00:00\",\"description\":\"Looking for Macon online booking, app, contacts, bus routes, fare and schedule? Make cheap Macon online bus ticket booking online now\",\"breadcrumb\":{\"@id\":\"https:\\\/\\\/tiketi.com\\\/macon-bus\\\/#breadcrumb\"},\"inLanguage\":\"fr-FR\",\"potentialAction\":[{\"@type\":\"ReadAction\",\"target\":[\"https:\\\/\\\/tiketi.com\\\/macon-bus\\\/\"]}]},{\"@type\":\"ImageObject\",\"inLanguage\":\"fr-FR\",\"@id\":\"https:\\\/\\\/tiketi.com\\\/macon-bus\\\/#primaryimage\",\"url\":\"https:\\\/\\\/tiketi.com\\\/wp-content\\\/uploads\\\/2022\\\/01\\\/bus-ticket-online-booking.jpg\",\"contentUrl\":\"https:\\\/\\\/tiketi.com\\\/wp-content\\\/uploads\\\/2022\\\/01\\\/bus-ticket-online-booking.jpg\",\"width\":1200,\"height\":206,\"caption\":\"Online Bus Ticket Booking\"},{\"@type\":\"BreadcrumbList\",\"@id\":\"https:\\\/\\\/tiketi.com\\\/macon-bus\\\/#breadcrumb\",\"itemListElement\":[{\"@type\":\"ListItem\",\"position\":1,\"name\":\"Home\",\"item\":\"https:\\\/\\\/tiketi.com\\\/\"},{\"@type\":\"ListItem\",\"position\":2,\"name\":\"Macon Online Booking, Bus Tickets, Route, Schedule &#038; Fare\"}]},{\"@type\":\"WebSite\",\"@id\":\"https:\\\/\\\/tiketi.com\\\/#website\",\"url\":\"https:\\\/\\\/tiketi.com\\\/\",\"name\":\"Flight & Bus Tickets, Tour Packages & Activitites - Tiketi.com\",\"description\":\"Flight &amp; Bus Tickets, Tours, Activitites\",\"publisher\":{\"@id\":\"https:\\\/\\\/tiketi.com\\\/#organization\"},\"potentialAction\":[{\"@type\":\"SearchAction\",\"target\":{\"@type\":\"EntryPoint\",\"urlTemplate\":\"https:\\\/\\\/tiketi.com\\\/?s={search_term_string}\"},\"query-input\":{\"@type\":\"PropertyValueSpecification\",\"valueRequired\":true,\"valueName\":\"search_term_string\"}}],\"inLanguage\":\"fr-FR\"},{\"@type\":\"Organization\",\"@id\":\"https:\\\/\\\/tiketi.com\\\/#organization\",\"name\":\"Tiketi.com\",\"alternateName\":\"Tiketi\",\"url\":\"https:\\\/\\\/tiketi.com\\\/\",\"logo\":{\"@type\":\"ImageObject\",\"inLanguage\":\"fr-FR\",\"@id\":\"https:\\\/\\\/tiketi.com\\\/#\\\/schema\\\/logo\\\/image\\\/\",\"url\":\"https:\\\/\\\/tiketi.com\\\/wp-content\\\/uploads\\\/2019\\\/05\\\/tiketi-logo-696.png\",\"contentUrl\":\"https:\\\/\\\/tiketi.com\\\/wp-content\\\/uploads\\\/2019\\\/05\\\/tiketi-logo-696.png\",\"width\":696,\"height\":696,\"caption\":\"Tiketi.com\"},\"image\":{\"@id\":\"https:\\\/\\\/tiketi.com\\\/#\\\/schema\\\/logo\\\/image\\\/\"},\"sameAs\":[\"https:\\\/\\\/www.facebook.com\\\/TiketiCom\\\/\"]}]}<\/script>\n<!-- \/ Yoast SEO plugin. -->","yoast_head_json":{"title":"R\u00e9servation en ligne de Macon, billets de bus, itin\u00e9raire, horaires et tarifs","description":"\u00c0 la recherche d&#039;une r\u00e9servation en ligne, d&#039;une application, de contacts, d&#039;itin\u00e9raires de bus, de tarifs et d&#039;horaires \u00e0 M\u00e2con\u00a0? R\u00e9servez vos billets de bus en ligne \u00e0 bas prix \u00e0 Macon en ligne d\u00e8s maintenant","robots":{"index":"index","follow":"follow","max-snippet":"max-snippet:-1","max-image-preview":"max-image-preview:large","max-video-preview":"max-video-preview:-1"},"canonical":"https:\/\/tiketi.com\/fr-fr\/macon-bus\/","og_locale":"fr_FR","og_type":"article","og_title":"Macon Online Booking, Bus Tickets, Route, Schedule & Fare","og_description":"Looking for Macon online booking, app, contacts, bus routes, fare and schedule? Make cheap Macon online bus ticket booking online now","og_url":"https:\/\/tiketi.com\/fr-fr\/macon-bus\/","og_site_name":"Tiketi.com","article_publisher":"https:\/\/www.facebook.com\/TiketiCom\/","article_modified_time":"2022-02-23T13:32:09+00:00","og_image":[{"width":1200,"height":206,"url":"https:\/\/tiketi.com\/wp-content\/uploads\/2022\/01\/bus-ticket-online-booking.jpg","type":"image\/jpeg"}],"twitter_card":"summary_large_image","twitter_misc":{"Dur\u00e9e de lecture estim\u00e9e":"2 minutes"},"schema":{"@context":"https:\/\/schema.org","@graph":[{"@type":"WebPage","@id":"https:\/\/tiketi.com\/macon-bus\/","url":"https:\/\/tiketi.com\/macon-bus\/","name":"R\u00e9servation en ligne de Macon, billets de bus, itin\u00e9raire, horaires et tarifs","isPartOf":{"@id":"https:\/\/tiketi.com\/#website"},"primaryImageOfPage":{"@id":"https:\/\/tiketi.com\/macon-bus\/#primaryimage"},"image":{"@id":"https:\/\/tiketi.com\/macon-bus\/#primaryimage"},"thumbnailUrl":"https:\/\/tiketi.com\/wp-content\/uploads\/2022\/01\/bus-ticket-online-booking.jpg","datePublished":"2022-01-19T11:54:28+00:00","dateModified":"2022-02-23T13:32:09+00:00","description":"\u00c0 la recherche d&#039;une r\u00e9servation en ligne, d&#039;une application, de contacts, d&#039;itin\u00e9raires de bus, de tarifs et d&#039;horaires \u00e0 M\u00e2con\u00a0? R\u00e9servez vos billets de bus en ligne \u00e0 bas prix \u00e0 Macon en ligne d\u00e8s maintenant","breadcrumb":{"@id":"https:\/\/tiketi.com\/macon-bus\/#breadcrumb"},"inLanguage":"fr-FR","potentialAction":[{"@type":"ReadAction","target":["https:\/\/tiketi.com\/macon-bus\/"]}]},{"@type":"ImageObject","inLanguage":"fr-FR","@id":"https:\/\/tiketi.com\/macon-bus\/#primaryimage","url":"https:\/\/tiketi.com\/wp-content\/uploads\/2022\/01\/bus-ticket-online-booking.jpg","contentUrl":"https:\/\/tiketi.com\/wp-content\/uploads\/2022\/01\/bus-ticket-online-booking.jpg","width":1200,"height":206,"caption":"Online Bus Ticket Booking"},{"@type":"BreadcrumbList","@id":"https:\/\/tiketi.com\/macon-bus\/#breadcrumb","itemListElement":[{"@type":"ListItem","position":1,"name":"Home","item":"https:\/\/tiketi.com\/"},{"@type":"ListItem","position":2,"name":"Macon Online Booking, Bus Tickets, Route, Schedule &#038; Fare"}]},{"@type":"WebSite","@id":"https:\/\/tiketi.com\/#website","url":"https:\/\/tiketi.com\/","name":"Billets d&#039;avion et de bus, forfaits touristiques et activit\u00e9s - Tiketi.com","description":"Billets d&#039;avion et de bus, Tours, Activit\u00e9s","publisher":{"@id":"https:\/\/tiketi.com\/#organization"},"potentialAction":[{"@type":"SearchAction","target":{"@type":"EntryPoint","urlTemplate":"https:\/\/tiketi.com\/?s={search_term_string}"},"query-input":{"@type":"PropertyValueSpecification","valueRequired":true,"valueName":"search_term_string"}}],"inLanguage":"fr-FR"},{"@type":"Organization","@id":"https:\/\/tiketi.com\/#organization","name":"Tiketi.com","alternateName":"Tiketi","url":"https:\/\/tiketi.com\/","logo":{"@type":"ImageObject","inLanguage":"fr-FR","@id":"https:\/\/tiketi.com\/#\/schema\/logo\/image\/","url":"https:\/\/tiketi.com\/wp-content\/uploads\/2019\/05\/tiketi-logo-696.png","contentUrl":"https:\/\/tiketi.com\/wp-content\/uploads\/2019\/05\/tiketi-logo-696.png","width":696,"height":696,"caption":"Tiketi.com"},"image":{"@id":"https:\/\/tiketi.com\/#\/schema\/logo\/image\/"},"sameAs":["https:\/\/www.facebook.com\/TiketiCom\/"]}]}},"_links":{"self":[{"href":"https:\/\/tiketi.com\/fr-fr\/wp-json\/wp\/v2\/pages\/11296","targetHints":{"allow":["GET"]}}],"collection":[{"href":"https:\/\/tiketi.com\/fr-fr\/wp-json\/wp\/v2\/pages"}],"about":[{"href":"https:\/\/tiketi.com\/fr-fr\/wp-json\/wp\/v2\/types\/page"}],"author":[{"embeddable":true,"href":"https:\/\/tiketi.com\/fr-fr\/wp-json\/wp\/v2\/users\/1"}],"replies":[{"embeddable":true,"href":"https:\/\/tiketi.com\/fr-fr\/wp-json\/wp\/v2\/comments?post=11296"}],"version-history":[{"count":0,"href":"https:\/\/tiketi.com\/fr-fr\/wp-json\/wp\/v2\/pages\/11296\/revisions"}],"wp:featuredmedia":[{"embeddable":true,"href":"https:\/\/tiketi.com\/fr-fr\/wp-json\/wp\/v2\/media\/13999"}],"wp:attachment":[{"href":"https:\/\/tiketi.com\/fr-fr\/wp-json\/wp\/v2\/media?parent=11296"}],"curies":[{"name":"wp","href":"https:\/\/api.w.org\/{rel}","templated":true}]}}