{"id":11297,"date":"2022-01-19T12:54:28","date_gmt":"2022-01-19T11:54:28","guid":{"rendered":"https:\/\/new.tiketi.com\/pioneer-coaches-online-booking-bus-tickets-reservation\/"},"modified":"2022-02-19T13:09:23","modified_gmt":"2022-02-19T12:09:23","slug":"pioneer-coaches","status":"publish","type":"page","link":"https:\/\/tiketi.com\/fr-fr\/pioneer-coaches\/","title":{"rendered":"R\u00e9servation en ligne des entra\u00eeneurs pionniers, billets de bus, horaires et tarifs"},"content":{"rendered":"<h2>Pioneer Coaches R\u00e9servation de billets de bus en ligne<\/h2>\n<h3>D\u00e9couvrez votre itin\u00e9raire de voyage sur le Web, sur mobile ou sur une application et r\u00e9servez d\u00e8s maintenant des billets de bus Pioneer Coaches en ligne \u00e0 bas prix.<\/h3>\n<p>La r\u00e9servation en ligne de Pioneer Coaches est simplifi\u00e9e. Pioneer Coaches est une soci\u00e9t\u00e9 et un op\u00e9rateur de bus de transport de passagers zimbabw\u00e9en orient\u00e9 client et engag\u00e9 \u00e0 fournir des services de transport s\u00fbrs et fiables sur ses march\u00e9s. Ils y parviennent gr\u00e2ce \u00e0 des investissements continus dans leur flotte, des ressources de maintenance et de service de secours de premi\u00e8re classe et des installations dynamiques et enti\u00e8rement qualifi\u00e9es pour obtenir une croissance et fournir un service standard. R\u00e9servation de billets de bus en ligne Pioneer Coaches, vous permettant d&#039;\u00e9conomiser du temps et de l&#039;argent.<\/p>\n<h2>Pioneer Coaches R\u00e9servation en ligne, billets de bus, itin\u00e9raire, horaires et tarifs FAQ<\/h2>\n<h3>Quels sont les itin\u00e9raires couverts par les autocars et bus Pioneer\u00a0?<\/h3>\n<p>\u2022 De Harare \u00e0 Beithbridge<br \/>\n\u2022 Harare \u00e0 Bulawayo<br \/>\n\u2022 Mutare \u00e0 Bulawayo<br \/>\n\u2022 Harare \u00e0 Kariba<br \/>\n\u2022 Harare \u00e0 Gweru<br \/>\n\u2022 Harare \u00e0 Mutare<br \/>\n\u2022 Kodama \u00e0 Beitbridge<br \/>\n\u2022 Harare aux chutes Victoria<br \/>\n\u2022 Harare \u00e0 Magunje<\/p>\n<h3>Flotte d&#039;autocars pionniers<\/h3>\n<p>Leur flotte est en grande partie compos\u00e9e des autocars Yutong et de la gamme Scania d&#039;autocars Irizar, Torino et Marcopolo qui b\u00e9n\u00e9ficient de la promesse de service de secours de l&#039;ing\u00e9nierie Unifreight en Afrique du Sud et au Zimbabwe.<\/p>\n<p>Leurs autocars sont pleins de plaisir et vous profiterez des services de t\u00e9l\u00e9vision \u00e0 bord avec la meilleure musique de leur syst\u00e8me audio. Ils ont install\u00e9 un syst\u00e8me de chargement USB sur leur flotte pour vous permettre de recharger votre smartphone et de profiter d&#039;un service WiFi gratuit tout au long du trajet avec le Zimbabwe et l&#039;Afrique du Sud.<\/p>\n<h3>Quelles sont les coordonn\u00e9es du service de bus et autocars Pioneer\u00a0?<\/h3>\n<p>Coin Leyds et Braamfontein,<br \/>\nParkstation,Johannesburg,<br \/>\nAfrique du Sud<\/p>\n<h2>Conseils pour la r\u00e9servation de billets de bus en ligne par Pioneer Coaches<\/h2>\n<p>En tant que membre de Pioneer Corporation Africa, les Coachs Pioneer cherchent \u00e0 devenir un partenaire pr\u00e9cieux pour la communaut\u00e9 qu\u2019ils servent.<\/p>","protected":false},"excerpt":{"rendered":"<p>Pioneer Coaches Online Bus Ticket Booking Discover your travel route on web, mobile or app and book cheap Pioneer Coaches bus tickets online now. Pioneer Coaches online booking made easy.\u00a0Pioneer coaches is a customer oriented Zimbabwean passenger transport bus company and operator and committed to the provision of a safe reliable transport services to its [&hellip;]<\/p>\n","protected":false},"author":1,"featured_media":13999,"parent":0,"menu_order":0,"comment_status":"open","ping_status":"closed","template":"template-home-modern.php","meta":{"footnotes":""},"class_list":["post-11297","page","type-page","status-publish","has-post-thumbnail","hentry"],"yoast_head":"<!-- This site is optimized with the Yoast SEO plugin v27.3 - https:\/\/yoast.com\/product\/yoast-seo-wordpress\/ -->\n<title>Pioneer Coaches Online Booking, Bus Tickets, Route, Schedule &amp; Fare<\/title>\n<meta name=\"description\" content=\"Looking for Pioneer Coaches online booking, app, contacts, bus routes, fare and schedule? Make cheap Pioneer Coaches online bus ticket booking\" \/>\n<meta name=\"robots\" content=\"index, follow, max-snippet:-1, max-image-preview:large, max-video-preview:-1\" \/>\n<link rel=\"canonical\" href=\"https:\/\/tiketi.com\/fr-fr\/pioneer-coaches\/\" \/>\n<meta property=\"og:locale\" content=\"fr_FR\" \/>\n<meta property=\"og:type\" content=\"article\" \/>\n<meta property=\"og:title\" content=\"Pioneer Coaches Online Booking, Bus Tickets, Route, Schedule &amp; Fare\" \/>\n<meta property=\"og:description\" content=\"Looking for Pioneer Coaches online booking, app, contacts, bus routes, fare and schedule? Make cheap Pioneer Coaches online bus ticket booking\" \/>\n<meta property=\"og:url\" content=\"https:\/\/tiketi.com\/fr-fr\/pioneer-coaches\/\" \/>\n<meta property=\"og:site_name\" content=\"Tiketi.com\" \/>\n<meta property=\"article:publisher\" content=\"https:\/\/www.facebook.com\/TiketiCom\/\" \/>\n<meta property=\"article:modified_time\" content=\"2022-02-19T12:09:23+00:00\" \/>\n<meta property=\"og:image\" content=\"https:\/\/tiketi.com\/wp-content\/uploads\/2022\/01\/bus-ticket-online-booking.jpg\" \/>\n\t<meta property=\"og:image:width\" content=\"1200\" \/>\n\t<meta property=\"og:image:height\" content=\"206\" \/>\n\t<meta property=\"og:image:type\" content=\"image\/jpeg\" \/>\n<meta name=\"twitter:card\" content=\"summary_large_image\" \/>\n<meta name=\"twitter:label1\" content=\"Dur\u00e9e de lecture estim\u00e9e\" \/>\n\t<meta name=\"twitter:data1\" content=\"2 minutes\" \/>\n<script type=\"application\/ld+json\" class=\"yoast-schema-graph\">{\"@context\":\"https:\\\/\\\/schema.org\",\"@graph\":[{\"@type\":\"WebPage\",\"@id\":\"https:\\\/\\\/tiketi.com\\\/pioneer-coaches\\\/\",\"url\":\"https:\\\/\\\/tiketi.com\\\/pioneer-coaches\\\/\",\"name\":\"Pioneer Coaches Online Booking, Bus Tickets, Route, Schedule & Fare\",\"isPartOf\":{\"@id\":\"https:\\\/\\\/tiketi.com\\\/#website\"},\"primaryImageOfPage\":{\"@id\":\"https:\\\/\\\/tiketi.com\\\/pioneer-coaches\\\/#primaryimage\"},\"image\":{\"@id\":\"https:\\\/\\\/tiketi.com\\\/pioneer-coaches\\\/#primaryimage\"},\"thumbnailUrl\":\"https:\\\/\\\/tiketi.com\\\/wp-content\\\/uploads\\\/2022\\\/01\\\/bus-ticket-online-booking.jpg\",\"datePublished\":\"2022-01-19T11:54:28+00:00\",\"dateModified\":\"2022-02-19T12:09:23+00:00\",\"description\":\"Looking for Pioneer Coaches online booking, app, contacts, bus routes, fare and schedule? Make cheap Pioneer Coaches online bus ticket booking\",\"breadcrumb\":{\"@id\":\"https:\\\/\\\/tiketi.com\\\/pioneer-coaches\\\/#breadcrumb\"},\"inLanguage\":\"fr-FR\",\"potentialAction\":[{\"@type\":\"ReadAction\",\"target\":[\"https:\\\/\\\/tiketi.com\\\/pioneer-coaches\\\/\"]}]},{\"@type\":\"ImageObject\",\"inLanguage\":\"fr-FR\",\"@id\":\"https:\\\/\\\/tiketi.com\\\/pioneer-coaches\\\/#primaryimage\",\"url\":\"https:\\\/\\\/tiketi.com\\\/wp-content\\\/uploads\\\/2022\\\/01\\\/bus-ticket-online-booking.jpg\",\"contentUrl\":\"https:\\\/\\\/tiketi.com\\\/wp-content\\\/uploads\\\/2022\\\/01\\\/bus-ticket-online-booking.jpg\",\"width\":1200,\"height\":206,\"caption\":\"Online Bus Ticket Booking\"},{\"@type\":\"BreadcrumbList\",\"@id\":\"https:\\\/\\\/tiketi.com\\\/pioneer-coaches\\\/#breadcrumb\",\"itemListElement\":[{\"@type\":\"ListItem\",\"position\":1,\"name\":\"Home\",\"item\":\"https:\\\/\\\/tiketi.com\\\/\"},{\"@type\":\"ListItem\",\"position\":2,\"name\":\"Pioneer Coaches Online Booking, Bus Tickets, Schedule &#038; Fare\"}]},{\"@type\":\"WebSite\",\"@id\":\"https:\\\/\\\/tiketi.com\\\/#website\",\"url\":\"https:\\\/\\\/tiketi.com\\\/\",\"name\":\"Flight & Bus Tickets, Tour Packages & Activitites - Tiketi.com\",\"description\":\"Flight &amp; Bus Tickets, Tours, Activitites\",\"publisher\":{\"@id\":\"https:\\\/\\\/tiketi.com\\\/#organization\"},\"potentialAction\":[{\"@type\":\"SearchAction\",\"target\":{\"@type\":\"EntryPoint\",\"urlTemplate\":\"https:\\\/\\\/tiketi.com\\\/?s={search_term_string}\"},\"query-input\":{\"@type\":\"PropertyValueSpecification\",\"valueRequired\":true,\"valueName\":\"search_term_string\"}}],\"inLanguage\":\"fr-FR\"},{\"@type\":\"Organization\",\"@id\":\"https:\\\/\\\/tiketi.com\\\/#organization\",\"name\":\"Tiketi.com\",\"alternateName\":\"Tiketi\",\"url\":\"https:\\\/\\\/tiketi.com\\\/\",\"logo\":{\"@type\":\"ImageObject\",\"inLanguage\":\"fr-FR\",\"@id\":\"https:\\\/\\\/tiketi.com\\\/#\\\/schema\\\/logo\\\/image\\\/\",\"url\":\"https:\\\/\\\/tiketi.com\\\/wp-content\\\/uploads\\\/2019\\\/05\\\/tiketi-logo-696.png\",\"contentUrl\":\"https:\\\/\\\/tiketi.com\\\/wp-content\\\/uploads\\\/2019\\\/05\\\/tiketi-logo-696.png\",\"width\":696,\"height\":696,\"caption\":\"Tiketi.com\"},\"image\":{\"@id\":\"https:\\\/\\\/tiketi.com\\\/#\\\/schema\\\/logo\\\/image\\\/\"},\"sameAs\":[\"https:\\\/\\\/www.facebook.com\\\/TiketiCom\\\/\"]}]}<\/script>\n<!-- \/ Yoast SEO plugin. -->","yoast_head_json":{"title":"R\u00e9servation en ligne des entra\u00eeneurs pionniers, billets de bus, itin\u00e9raire, horaires et tarifs","description":"Vous recherchez une r\u00e9servation en ligne, une application, des contacts, des itin\u00e9raires de bus, des tarifs et des horaires Pioneer Coaches\u00a0? R\u00e9servation de billets de bus en ligne Pioneer Coaches \u00e0 bas prix","robots":{"index":"index","follow":"follow","max-snippet":"max-snippet:-1","max-image-preview":"max-image-preview:large","max-video-preview":"max-video-preview:-1"},"canonical":"https:\/\/tiketi.com\/fr-fr\/pioneer-coaches\/","og_locale":"fr_FR","og_type":"article","og_title":"Pioneer Coaches Online Booking, Bus Tickets, Route, Schedule & Fare","og_description":"Looking for Pioneer Coaches online booking, app, contacts, bus routes, fare and schedule? Make cheap Pioneer Coaches online bus ticket booking","og_url":"https:\/\/tiketi.com\/fr-fr\/pioneer-coaches\/","og_site_name":"Tiketi.com","article_publisher":"https:\/\/www.facebook.com\/TiketiCom\/","article_modified_time":"2022-02-19T12:09:23+00:00","og_image":[{"width":1200,"height":206,"url":"https:\/\/tiketi.com\/wp-content\/uploads\/2022\/01\/bus-ticket-online-booking.jpg","type":"image\/jpeg"}],"twitter_card":"summary_large_image","twitter_misc":{"Dur\u00e9e de lecture estim\u00e9e":"2 minutes"},"schema":{"@context":"https:\/\/schema.org","@graph":[{"@type":"WebPage","@id":"https:\/\/tiketi.com\/pioneer-coaches\/","url":"https:\/\/tiketi.com\/pioneer-coaches\/","name":"R\u00e9servation en ligne des entra\u00eeneurs pionniers, billets de bus, itin\u00e9raire, horaires et tarifs","isPartOf":{"@id":"https:\/\/tiketi.com\/#website"},"primaryImageOfPage":{"@id":"https:\/\/tiketi.com\/pioneer-coaches\/#primaryimage"},"image":{"@id":"https:\/\/tiketi.com\/pioneer-coaches\/#primaryimage"},"thumbnailUrl":"https:\/\/tiketi.com\/wp-content\/uploads\/2022\/01\/bus-ticket-online-booking.jpg","datePublished":"2022-01-19T11:54:28+00:00","dateModified":"2022-02-19T12:09:23+00:00","description":"Vous recherchez une r\u00e9servation en ligne, une application, des contacts, des itin\u00e9raires de bus, des tarifs et des horaires Pioneer Coaches\u00a0? R\u00e9servation de billets de bus en ligne Pioneer Coaches \u00e0 bas prix","breadcrumb":{"@id":"https:\/\/tiketi.com\/pioneer-coaches\/#breadcrumb"},"inLanguage":"fr-FR","potentialAction":[{"@type":"ReadAction","target":["https:\/\/tiketi.com\/pioneer-coaches\/"]}]},{"@type":"ImageObject","inLanguage":"fr-FR","@id":"https:\/\/tiketi.com\/pioneer-coaches\/#primaryimage","url":"https:\/\/tiketi.com\/wp-content\/uploads\/2022\/01\/bus-ticket-online-booking.jpg","contentUrl":"https:\/\/tiketi.com\/wp-content\/uploads\/2022\/01\/bus-ticket-online-booking.jpg","width":1200,"height":206,"caption":"Online Bus Ticket Booking"},{"@type":"BreadcrumbList","@id":"https:\/\/tiketi.com\/pioneer-coaches\/#breadcrumb","itemListElement":[{"@type":"ListItem","position":1,"name":"Home","item":"https:\/\/tiketi.com\/"},{"@type":"ListItem","position":2,"name":"Pioneer Coaches Online Booking, Bus Tickets, Schedule &#038; Fare"}]},{"@type":"WebSite","@id":"https:\/\/tiketi.com\/#website","url":"https:\/\/tiketi.com\/","name":"Billets d&#039;avion et de bus, forfaits touristiques et activit\u00e9s - Tiketi.com","description":"Billets d&#039;avion et de bus, Tours, Activit\u00e9s","publisher":{"@id":"https:\/\/tiketi.com\/#organization"},"potentialAction":[{"@type":"SearchAction","target":{"@type":"EntryPoint","urlTemplate":"https:\/\/tiketi.com\/?s={search_term_string}"},"query-input":{"@type":"PropertyValueSpecification","valueRequired":true,"valueName":"search_term_string"}}],"inLanguage":"fr-FR"},{"@type":"Organization","@id":"https:\/\/tiketi.com\/#organization","name":"Tiketi.com","alternateName":"Tiketi","url":"https:\/\/tiketi.com\/","logo":{"@type":"ImageObject","inLanguage":"fr-FR","@id":"https:\/\/tiketi.com\/#\/schema\/logo\/image\/","url":"https:\/\/tiketi.com\/wp-content\/uploads\/2019\/05\/tiketi-logo-696.png","contentUrl":"https:\/\/tiketi.com\/wp-content\/uploads\/2019\/05\/tiketi-logo-696.png","width":696,"height":696,"caption":"Tiketi.com"},"image":{"@id":"https:\/\/tiketi.com\/#\/schema\/logo\/image\/"},"sameAs":["https:\/\/www.facebook.com\/TiketiCom\/"]}]}},"_links":{"self":[{"href":"https:\/\/tiketi.com\/fr-fr\/wp-json\/wp\/v2\/pages\/11297","targetHints":{"allow":["GET"]}}],"collection":[{"href":"https:\/\/tiketi.com\/fr-fr\/wp-json\/wp\/v2\/pages"}],"about":[{"href":"https:\/\/tiketi.com\/fr-fr\/wp-json\/wp\/v2\/types\/page"}],"author":[{"embeddable":true,"href":"https:\/\/tiketi.com\/fr-fr\/wp-json\/wp\/v2\/users\/1"}],"replies":[{"embeddable":true,"href":"https:\/\/tiketi.com\/fr-fr\/wp-json\/wp\/v2\/comments?post=11297"}],"version-history":[{"count":0,"href":"https:\/\/tiketi.com\/fr-fr\/wp-json\/wp\/v2\/pages\/11297\/revisions"}],"wp:featuredmedia":[{"embeddable":true,"href":"https:\/\/tiketi.com\/fr-fr\/wp-json\/wp\/v2\/media\/13999"}],"wp:attachment":[{"href":"https:\/\/tiketi.com\/fr-fr\/wp-json\/wp\/v2\/media?parent=11297"}],"curies":[{"name":"wp","href":"https:\/\/api.w.org\/{rel}","templated":true}]}}