{"id":11298,"date":"2022-01-19T12:54:28","date_gmt":"2022-01-19T11:54:28","guid":{"rendered":"https:\/\/new.tiketi.com\/intercity-xpress-online-booking-bus-tickets-reservation\/"},"modified":"2022-02-15T22:05:42","modified_gmt":"2022-02-15T21:05:42","slug":"intercity-xpress-bus","status":"publish","type":"page","link":"https:\/\/tiketi.com\/fr-fr\/intercity-xpress-bus\/","title":{"rendered":"R\u00e9servation en ligne Intercity Express, billets de bus, tarif, horaire et itin\u00e9raire"},"content":{"rendered":"<h2>R\u00e9servation de billets en ligne Intercity Express Afrique du Sud<\/h2>\n<h3>D\u00e9couvrez votre itin\u00e9raire de voyage sur le web, le mobile ou l&#039;application et r\u00e9servez en ligne des billets de bus Intercity Express.<\/h3>\n<p>La r\u00e9servation en ligne express interurbaine simplifi\u00e9e. La compagnie de bus Intercity est une compagnie d&#039;autocars sud-africaine priv\u00e9e qui propose un service de bus avec r\u00e9servation de billets de bus en ligne. Avec des d\u00e9parts quotidiens reliant Durban et Johannesburg et de nombreuses petites villes sur le chemin du Kwazulu-Natal en plus des services de bus vers le Zimbabwe. Leurs bus couvrent des sites tels que Edenvale, Pretoria, Boksburg, Benoni, Midrand, Pietermaritzburg, Johannesburg \u00e0 Harrismith, Durban, Pinetown, Scottsburgh, Amanzimtoti, Port Shpestone, Hibberdene, Margate et Shelly Beach. Intercity Xpress propose \u00e9galement un service quotidien vers Bulawayo et Harare au Zimbabwe depuis l&#039;Afrique du Sud. Leurs bus sont \u00e9quip\u00e9s de si\u00e8ges inclinables et de toilettes \u00e0 bord. La r\u00e9servation de billets en ligne Intercity Express vous permet d&#039;\u00e9conomiser du temps et de l&#039;argent.<\/p>\n<h2>FAQ sur la r\u00e9servation en ligne Intercity Express en Afrique du Sud<\/h2>\n<h3>Quels sont les trajets couverts par les bus de r\u00e9servation de billets en ligne Intercity Express ?<\/h3>\n<p>\u2022 Johannesburg \u00e0 East Rand<br \/>\n\u2022 Johannesbourg \u00e0 Durban<br \/>\n\u2022 Johannesbourg \u00e0 Margate<br \/>\n\u2022 Johannesbourg \u00e0 Kwazulu Natal<br \/>\n\u2022 Johannesbourg \u00e0 Bulawayo<br \/>\n\u2022 Johannesbourg \u00e0 Harare<br \/>\n\u2022 Johannesburg \u00e0 l&#039;a\u00e9roport de Tambo<\/p>\n<h3>Flotte express interurbaine<\/h3>\n<p>Les autocars de luxe de 44 et 52 places de l&#039;Intercity Express sont \u00e9quip\u00e9s d&#039;une configuration de si\u00e8ge inclinable 2 par 2, d&#039;une salle de bain \u00e0 bord, de la climatisation, d&#039;une radio et d&#039;un lecteur DVD.<\/p>\n<p>Ces autocars sont \u00e9galement suivis par satellite dans des salles de contr\u00f4le op\u00e9rationnelles 24 heures sur 24 pour s&#039;assurer que le fonctionnement de notre itin\u00e9raire et les chauffeurs sont surveill\u00e9s en permanence.<\/p>\n<h3>Quelles sont les coordonn\u00e9es du service de bus Intercity Xpress ?<\/h3>\n<p>Terrain 5, 1\u00e8re avenue, Unaville AH 1828,<br \/>\nAfrique du Sud<\/p>\n<h2>Conseils de r\u00e9servation de billets en ligne Intercity Express Afrique du Sud<\/h2>\n<p>Intercity Xpress est le seul op\u00e9rateur d&#039;autocars de luxe qui propose un service de bus r\u00e9gulier quotidien \u00e0 la fois vers l&#039;East Rand dans le Gauteng et la c\u00f4te sud du Kwazulu-Natal jusqu&#039;\u00e0 et en ajoutant Margate en plus des lieux communs sur la N3.<\/p>\n<p>Intercity Xpress propose \u00e9galement un service quotidien de luxe vers Bulawayo et Harare au Zimbabwe. L&#039;\u00e9tablissement propose un service de navette a\u00e9roport vers OR Tambo.<\/p>","protected":false},"excerpt":{"rendered":"<p>Intercity Express Online Ticket Booking South Africa Discover your travel route on web, mobile or app and book Intercity Express bus online tickets. Intercity express online booking made easy. The Intercity bus company is a privately owned South African coach company which provides bus service with online bus ticket booking. With daily departures linking Durban [&hellip;]<\/p>\n","protected":false},"author":1,"featured_media":13999,"parent":0,"menu_order":0,"comment_status":"open","ping_status":"closed","template":"template-home-modern.php","meta":{"footnotes":""},"class_list":["post-11298","page","type-page","status-publish","has-post-thumbnail","hentry"],"yoast_head":"<!-- This site is optimized with the Yoast SEO plugin v27.2 - https:\/\/yoast.com\/product\/yoast-seo-wordpress\/ -->\n<title>Intercity Express Online Booking, Bus Tickets, Fare, Schedule &amp; Route<\/title>\n<meta name=\"description\" content=\"Looking for Intercity express online booking? Make a cheap Intercity Express online ticket booking now and save time and money\" \/>\n<meta name=\"robots\" content=\"index, follow, max-snippet:-1, max-image-preview:large, max-video-preview:-1\" \/>\n<link rel=\"canonical\" href=\"https:\/\/tiketi.com\/fr-fr\/intercity-xpress-bus\/\" \/>\n<meta property=\"og:locale\" content=\"fr_FR\" \/>\n<meta property=\"og:type\" content=\"article\" \/>\n<meta property=\"og:title\" content=\"Intercity Express Online Booking, Bus Tickets, Fare, Schedule &amp; Route\" \/>\n<meta property=\"og:description\" content=\"Looking for Intercity express online booking? Make a cheap Intercity Express online ticket booking now and save time and money\" \/>\n<meta property=\"og:url\" content=\"https:\/\/tiketi.com\/fr-fr\/intercity-xpress-bus\/\" \/>\n<meta property=\"og:site_name\" content=\"Tiketi.com\" \/>\n<meta property=\"article:publisher\" content=\"https:\/\/www.facebook.com\/TiketiCom\/\" \/>\n<meta property=\"article:modified_time\" content=\"2022-02-15T21:05:42+00:00\" \/>\n<meta property=\"og:image\" content=\"https:\/\/tiketi.com\/wp-content\/uploads\/2022\/01\/bus-ticket-online-booking.jpg\" \/>\n\t<meta property=\"og:image:width\" content=\"1200\" \/>\n\t<meta property=\"og:image:height\" content=\"206\" \/>\n\t<meta property=\"og:image:type\" content=\"image\/jpeg\" \/>\n<meta name=\"twitter:card\" content=\"summary_large_image\" \/>\n<meta name=\"twitter:label1\" content=\"Dur\u00e9e de lecture estim\u00e9e\" \/>\n\t<meta name=\"twitter:data1\" content=\"2 minutes\" \/>\n<script type=\"application\/ld+json\" class=\"yoast-schema-graph\">{\"@context\":\"https:\/\/schema.org\",\"@graph\":[{\"@type\":\"WebPage\",\"@id\":\"https:\/\/tiketi.com\/intercity-xpress-bus\/\",\"url\":\"https:\/\/tiketi.com\/intercity-xpress-bus\/\",\"name\":\"Intercity Express Online Booking, Bus Tickets, Fare, Schedule & Route\",\"isPartOf\":{\"@id\":\"https:\/\/tiketi.com\/#website\"},\"primaryImageOfPage\":{\"@id\":\"https:\/\/tiketi.com\/intercity-xpress-bus\/#primaryimage\"},\"image\":{\"@id\":\"https:\/\/tiketi.com\/intercity-xpress-bus\/#primaryimage\"},\"thumbnailUrl\":\"https:\/\/tiketi.com\/wp-content\/uploads\/2022\/01\/bus-ticket-online-booking.jpg\",\"datePublished\":\"2022-01-19T11:54:28+00:00\",\"dateModified\":\"2022-02-15T21:05:42+00:00\",\"description\":\"Looking for Intercity express online booking? Make a cheap Intercity Express online ticket booking now and save time and money\",\"breadcrumb\":{\"@id\":\"https:\/\/tiketi.com\/intercity-xpress-bus\/#breadcrumb\"},\"inLanguage\":\"fr-FR\",\"potentialAction\":[{\"@type\":\"ReadAction\",\"target\":[\"https:\/\/tiketi.com\/intercity-xpress-bus\/\"]}]},{\"@type\":\"ImageObject\",\"inLanguage\":\"fr-FR\",\"@id\":\"https:\/\/tiketi.com\/intercity-xpress-bus\/#primaryimage\",\"url\":\"https:\/\/tiketi.com\/wp-content\/uploads\/2022\/01\/bus-ticket-online-booking.jpg\",\"contentUrl\":\"https:\/\/tiketi.com\/wp-content\/uploads\/2022\/01\/bus-ticket-online-booking.jpg\",\"width\":1200,\"height\":206,\"caption\":\"Online Bus Ticket Booking\"},{\"@type\":\"BreadcrumbList\",\"@id\":\"https:\/\/tiketi.com\/intercity-xpress-bus\/#breadcrumb\",\"itemListElement\":[{\"@type\":\"ListItem\",\"position\":1,\"name\":\"Home\",\"item\":\"https:\/\/tiketi.com\/\"},{\"@type\":\"ListItem\",\"position\":2,\"name\":\"Intercity Express Online Booking, Bus Tickets, Fare, Schedule &#038; Route\"}]},{\"@type\":\"WebSite\",\"@id\":\"https:\/\/tiketi.com\/#website\",\"url\":\"https:\/\/tiketi.com\/\",\"name\":\"Flight & Bus Tickets, Tour Packages & Activitites - Tiketi.com\",\"description\":\"Flight &amp; Bus Tickets, Tours, Activitites\",\"publisher\":{\"@id\":\"https:\/\/tiketi.com\/#organization\"},\"potentialAction\":[{\"@type\":\"SearchAction\",\"target\":{\"@type\":\"EntryPoint\",\"urlTemplate\":\"https:\/\/tiketi.com\/?s={search_term_string}\"},\"query-input\":{\"@type\":\"PropertyValueSpecification\",\"valueRequired\":true,\"valueName\":\"search_term_string\"}}],\"inLanguage\":\"fr-FR\"},{\"@type\":\"Organization\",\"@id\":\"https:\/\/tiketi.com\/#organization\",\"name\":\"Tiketi.com\",\"alternateName\":\"Tiketi\",\"url\":\"https:\/\/tiketi.com\/\",\"logo\":{\"@type\":\"ImageObject\",\"inLanguage\":\"fr-FR\",\"@id\":\"https:\/\/tiketi.com\/#\/schema\/logo\/image\/\",\"url\":\"https:\/\/tiketi.com\/wp-content\/uploads\/2019\/05\/tiketi-logo-696.png\",\"contentUrl\":\"https:\/\/tiketi.com\/wp-content\/uploads\/2019\/05\/tiketi-logo-696.png\",\"width\":696,\"height\":696,\"caption\":\"Tiketi.com\"},\"image\":{\"@id\":\"https:\/\/tiketi.com\/#\/schema\/logo\/image\/\"},\"sameAs\":[\"https:\/\/www.facebook.com\/TiketiCom\/\"]}]}<\/script>\n<!-- \/ Yoast SEO plugin. -->","yoast_head_json":{"title":"R\u00e9servation en ligne Intercity Express, billets de bus, tarif, horaire et itin\u00e9raire","description":"Vous recherchez une r\u00e9servation en ligne Intercity express ? Faites une r\u00e9servation en ligne de billets Intercity Express \u00e0 bas prix maintenant et \u00e9conomisez du temps et de l&#039;argent","robots":{"index":"index","follow":"follow","max-snippet":"max-snippet:-1","max-image-preview":"max-image-preview:large","max-video-preview":"max-video-preview:-1"},"canonical":"https:\/\/tiketi.com\/fr-fr\/intercity-xpress-bus\/","og_locale":"fr_FR","og_type":"article","og_title":"Intercity Express Online Booking, Bus Tickets, Fare, Schedule & Route","og_description":"Looking for Intercity express online booking? Make a cheap Intercity Express online ticket booking now and save time and money","og_url":"https:\/\/tiketi.com\/fr-fr\/intercity-xpress-bus\/","og_site_name":"Tiketi.com","article_publisher":"https:\/\/www.facebook.com\/TiketiCom\/","article_modified_time":"2022-02-15T21:05:42+00:00","og_image":[{"width":1200,"height":206,"url":"https:\/\/tiketi.com\/wp-content\/uploads\/2022\/01\/bus-ticket-online-booking.jpg","type":"image\/jpeg"}],"twitter_card":"summary_large_image","twitter_misc":{"Dur\u00e9e de lecture estim\u00e9e":"2 minutes"},"schema":{"@context":"https:\/\/schema.org","@graph":[{"@type":"WebPage","@id":"https:\/\/tiketi.com\/intercity-xpress-bus\/","url":"https:\/\/tiketi.com\/intercity-xpress-bus\/","name":"R\u00e9servation en ligne Intercity Express, billets de bus, tarif, horaire et itin\u00e9raire","isPartOf":{"@id":"https:\/\/tiketi.com\/#website"},"primaryImageOfPage":{"@id":"https:\/\/tiketi.com\/intercity-xpress-bus\/#primaryimage"},"image":{"@id":"https:\/\/tiketi.com\/intercity-xpress-bus\/#primaryimage"},"thumbnailUrl":"https:\/\/tiketi.com\/wp-content\/uploads\/2022\/01\/bus-ticket-online-booking.jpg","datePublished":"2022-01-19T11:54:28+00:00","dateModified":"2022-02-15T21:05:42+00:00","description":"Vous recherchez une r\u00e9servation en ligne Intercity express ? Faites une r\u00e9servation en ligne de billets Intercity Express \u00e0 bas prix maintenant et \u00e9conomisez du temps et de l&#039;argent","breadcrumb":{"@id":"https:\/\/tiketi.com\/intercity-xpress-bus\/#breadcrumb"},"inLanguage":"fr-FR","potentialAction":[{"@type":"ReadAction","target":["https:\/\/tiketi.com\/intercity-xpress-bus\/"]}]},{"@type":"ImageObject","inLanguage":"fr-FR","@id":"https:\/\/tiketi.com\/intercity-xpress-bus\/#primaryimage","url":"https:\/\/tiketi.com\/wp-content\/uploads\/2022\/01\/bus-ticket-online-booking.jpg","contentUrl":"https:\/\/tiketi.com\/wp-content\/uploads\/2022\/01\/bus-ticket-online-booking.jpg","width":1200,"height":206,"caption":"Online Bus Ticket Booking"},{"@type":"BreadcrumbList","@id":"https:\/\/tiketi.com\/intercity-xpress-bus\/#breadcrumb","itemListElement":[{"@type":"ListItem","position":1,"name":"Home","item":"https:\/\/tiketi.com\/"},{"@type":"ListItem","position":2,"name":"Intercity Express Online Booking, Bus Tickets, Fare, Schedule &#038; Route"}]},{"@type":"WebSite","@id":"https:\/\/tiketi.com\/#website","url":"https:\/\/tiketi.com\/","name":"Billets d&#039;avion et de bus, forfaits touristiques et activit\u00e9s - Tiketi.com","description":"Billets d&#039;avion et de bus, Tours, Activit\u00e9s","publisher":{"@id":"https:\/\/tiketi.com\/#organization"},"potentialAction":[{"@type":"SearchAction","target":{"@type":"EntryPoint","urlTemplate":"https:\/\/tiketi.com\/?s={search_term_string}"},"query-input":{"@type":"PropertyValueSpecification","valueRequired":true,"valueName":"search_term_string"}}],"inLanguage":"fr-FR"},{"@type":"Organization","@id":"https:\/\/tiketi.com\/#organization","name":"Tiketi.com","alternateName":"Tiketi","url":"https:\/\/tiketi.com\/","logo":{"@type":"ImageObject","inLanguage":"fr-FR","@id":"https:\/\/tiketi.com\/#\/schema\/logo\/image\/","url":"https:\/\/tiketi.com\/wp-content\/uploads\/2019\/05\/tiketi-logo-696.png","contentUrl":"https:\/\/tiketi.com\/wp-content\/uploads\/2019\/05\/tiketi-logo-696.png","width":696,"height":696,"caption":"Tiketi.com"},"image":{"@id":"https:\/\/tiketi.com\/#\/schema\/logo\/image\/"},"sameAs":["https:\/\/www.facebook.com\/TiketiCom\/"]}]}},"_links":{"self":[{"href":"https:\/\/tiketi.com\/fr-fr\/wp-json\/wp\/v2\/pages\/11298","targetHints":{"allow":["GET"]}}],"collection":[{"href":"https:\/\/tiketi.com\/fr-fr\/wp-json\/wp\/v2\/pages"}],"about":[{"href":"https:\/\/tiketi.com\/fr-fr\/wp-json\/wp\/v2\/types\/page"}],"author":[{"embeddable":true,"href":"https:\/\/tiketi.com\/fr-fr\/wp-json\/wp\/v2\/users\/1"}],"replies":[{"embeddable":true,"href":"https:\/\/tiketi.com\/fr-fr\/wp-json\/wp\/v2\/comments?post=11298"}],"version-history":[{"count":0,"href":"https:\/\/tiketi.com\/fr-fr\/wp-json\/wp\/v2\/pages\/11298\/revisions"}],"wp:featuredmedia":[{"embeddable":true,"href":"https:\/\/tiketi.com\/fr-fr\/wp-json\/wp\/v2\/media\/13999"}],"wp:attachment":[{"href":"https:\/\/tiketi.com\/fr-fr\/wp-json\/wp\/v2\/media?parent=11298"}],"curies":[{"name":"wp","href":"https:\/\/api.w.org\/{rel}","templated":true}]}}