{"id":11299,"date":"2022-01-19T12:54:28","date_gmt":"2022-01-19T11:54:28","guid":{"rendered":"https:\/\/new.tiketi.com\/kwezy-bus-online-booking-bus-tickets-reservation\/"},"modified":"2022-02-16T12:55:37","modified_gmt":"2022-02-16T11:55:37","slug":"kwezy-bus","status":"publish","type":"page","link":"https:\/\/tiketi.com\/fr-fr\/kwezy-bus\/","title":{"rendered":"R\u00e9servation en ligne de bus Kwezy, billets de bus, itin\u00e9raire, horaires et tarifs"},"content":{"rendered":"<h2>R\u00e9servation de billets de bus en ligne Kwezy Bus pas cher<\/h2>\n<h3>D\u00e9couvrez votre itin\u00e9raire sur le Web, sur votre mobile ou sur une application et r\u00e9servez d\u00e8s maintenant des billets de bus Kwezy bon march\u00e9 en ligne.<\/h3>\n<p>La r\u00e9servation en ligne du bus Kwezy est facilit\u00e9e. La r\u00e9servation en ligne du bus Virunga Express est facilit\u00e9e. La compagnie de bus Kwezy est une soci\u00e9t\u00e9 malawienne en propri\u00e9t\u00e9 exclusive qui a pour objectif de devenir la compagnie de bus la plus prosp\u00e8re du Malawi, avec des tarifs abordables, une hospitalit\u00e9 sans \u00e9gal et des chauffeurs exp\u00e9riment\u00e9s qui garantissent que votre s\u00e9curit\u00e9 soit leur priorit\u00e9 num\u00e9ro 1. R\u00e9servation de billets de bus en ligne Kwezy bus, vous permettant d&#039;\u00e9conomiser du temps et de l&#039;argent.<\/p>\n<h2>FAQ sur la r\u00e9servation en ligne de Kwezy Bus<\/h2>\n<h3>Quels sont les itin\u00e9raires couverts par le service de bus Kwezy ?<\/h3>\n<p>\u2022 Lilongwe \u00e0 Blantyre<br \/>\n\u2022 Blantyre \u00e0 Lilongwe<br \/>\n\u2022 Mzuzu \u00e0 Lilongwe<br \/>\n\u2022 De Lilongwe \u00e0 Mzuzu<\/p>\n<h3>Flotte de bus Kwezy<\/h3>\n<p>Avec une flotte de bus les plus r\u00e9cents qui vous permettent de voyager d&#039;un point A \u00e0 un point B avec le plus haut niveau de s\u00e9curit\u00e9 et de d\u00e9tente.<br \/>\nIls gardent \u00e0 c\u0153ur l\u2019int\u00e9r\u00eat de leurs passagers en s\u2019assurant de vous offrir l\u2019exp\u00e9rience de voyage la plus m\u00e9morable. Leurs bus sont autonomes avec un syst\u00e8me de divertissement surround comme un syst\u00e8me de musique et des t\u00e9l\u00e9viseurs, des lampes de lecture, des si\u00e8ges inclinables, des services de climatisation et bien d&#039;autres encore pour rendre votre voyage aussi relaxant que possible.<\/p>\n<h3>Quelles sont les coordonn\u00e9es du service de bus Kwezy ?<\/h3>\n<p>Compagnie de bus Kwezy, POBox 31256, Malawi.<\/p>\n<h2>Conseils pour la r\u00e9servation de billets de bus en ligne Kwezy Bus<\/h2>\n<p>Aux c\u00f4t\u00e9s de leurs \u00e9quipes r\u00e9gionales orient\u00e9es service, ils disposent d&#039;un personnel professionnel suffisamment qualifi\u00e9 pour fournir les plus hauts niveaux de service client. Ils ont constitu\u00e9 une \u00e9quipe de direction locale dot\u00e9e d&#039;une expertise en mati\u00e8re de gestion des d\u00e9placements routiers \u00e0 faible co\u00fbt, d&#039;exploitation et d&#039;ing\u00e9nierie.<\/p>","protected":false},"excerpt":{"rendered":"<p>Cheap Kwezy Bus Online Bus Ticket Booking Discover your travel route on web, mobile or app and book cheap Kwezy bus tickets online now. Kwezy bus online booking made easy.\u00a0Virunga Express bus online booking made easy.\u00a0Kwezy bus company is a fully-owned Malawian company which is targeted on becoming Malawi most successful bus firm with affordable [&hellip;]<\/p>\n","protected":false},"author":1,"featured_media":13999,"parent":0,"menu_order":0,"comment_status":"open","ping_status":"closed","template":"template-home-modern.php","meta":{"footnotes":""},"class_list":["post-11299","page","type-page","status-publish","has-post-thumbnail","hentry"],"yoast_head":"<!-- This site is optimized with the Yoast SEO plugin v27.3 - https:\/\/yoast.com\/product\/yoast-seo-wordpress\/ -->\n<title>Kwezy Bus Online Booking, Bus Tickets, Route, Schedule &amp; Fare<\/title>\n<meta name=\"description\" content=\"Looking for Kwezy bus online booking? Make a Kwezy bus online bus ticket booking online now and save time and money\" \/>\n<meta name=\"robots\" content=\"index, follow, max-snippet:-1, max-image-preview:large, max-video-preview:-1\" \/>\n<link rel=\"canonical\" href=\"https:\/\/tiketi.com\/fr-fr\/kwezy-bus\/\" \/>\n<meta property=\"og:locale\" content=\"fr_FR\" \/>\n<meta property=\"og:type\" content=\"article\" \/>\n<meta property=\"og:title\" content=\"Kwezy Bus Online Booking, Bus Tickets, Route, Schedule &amp; Fare\" \/>\n<meta property=\"og:description\" content=\"Looking for Kwezy bus online booking? Make a Kwezy bus online bus ticket booking online now and save time and money\" \/>\n<meta property=\"og:url\" content=\"https:\/\/tiketi.com\/fr-fr\/kwezy-bus\/\" \/>\n<meta property=\"og:site_name\" content=\"Tiketi.com\" \/>\n<meta property=\"article:publisher\" content=\"https:\/\/www.facebook.com\/TiketiCom\/\" \/>\n<meta property=\"article:modified_time\" content=\"2022-02-16T11:55:37+00:00\" \/>\n<meta property=\"og:image\" content=\"https:\/\/tiketi.com\/wp-content\/uploads\/2022\/01\/bus-ticket-online-booking.jpg\" \/>\n\t<meta property=\"og:image:width\" content=\"1200\" \/>\n\t<meta property=\"og:image:height\" content=\"206\" \/>\n\t<meta property=\"og:image:type\" content=\"image\/jpeg\" \/>\n<meta name=\"twitter:card\" content=\"summary_large_image\" \/>\n<meta name=\"twitter:label1\" content=\"Dur\u00e9e de lecture estim\u00e9e\" \/>\n\t<meta name=\"twitter:data1\" content=\"2 minutes\" \/>\n<script type=\"application\/ld+json\" class=\"yoast-schema-graph\">{\"@context\":\"https:\\\/\\\/schema.org\",\"@graph\":[{\"@type\":\"WebPage\",\"@id\":\"https:\\\/\\\/tiketi.com\\\/kwezy-bus\\\/\",\"url\":\"https:\\\/\\\/tiketi.com\\\/kwezy-bus\\\/\",\"name\":\"Kwezy Bus Online Booking, Bus Tickets, Route, Schedule & Fare\",\"isPartOf\":{\"@id\":\"https:\\\/\\\/tiketi.com\\\/#website\"},\"primaryImageOfPage\":{\"@id\":\"https:\\\/\\\/tiketi.com\\\/kwezy-bus\\\/#primaryimage\"},\"image\":{\"@id\":\"https:\\\/\\\/tiketi.com\\\/kwezy-bus\\\/#primaryimage\"},\"thumbnailUrl\":\"https:\\\/\\\/tiketi.com\\\/wp-content\\\/uploads\\\/2022\\\/01\\\/bus-ticket-online-booking.jpg\",\"datePublished\":\"2022-01-19T11:54:28+00:00\",\"dateModified\":\"2022-02-16T11:55:37+00:00\",\"description\":\"Looking for Kwezy bus online booking? Make a Kwezy bus online bus ticket booking online now and save time and money\",\"breadcrumb\":{\"@id\":\"https:\\\/\\\/tiketi.com\\\/kwezy-bus\\\/#breadcrumb\"},\"inLanguage\":\"fr-FR\",\"potentialAction\":[{\"@type\":\"ReadAction\",\"target\":[\"https:\\\/\\\/tiketi.com\\\/kwezy-bus\\\/\"]}]},{\"@type\":\"ImageObject\",\"inLanguage\":\"fr-FR\",\"@id\":\"https:\\\/\\\/tiketi.com\\\/kwezy-bus\\\/#primaryimage\",\"url\":\"https:\\\/\\\/tiketi.com\\\/wp-content\\\/uploads\\\/2022\\\/01\\\/bus-ticket-online-booking.jpg\",\"contentUrl\":\"https:\\\/\\\/tiketi.com\\\/wp-content\\\/uploads\\\/2022\\\/01\\\/bus-ticket-online-booking.jpg\",\"width\":1200,\"height\":206,\"caption\":\"Online Bus Ticket Booking\"},{\"@type\":\"BreadcrumbList\",\"@id\":\"https:\\\/\\\/tiketi.com\\\/kwezy-bus\\\/#breadcrumb\",\"itemListElement\":[{\"@type\":\"ListItem\",\"position\":1,\"name\":\"Home\",\"item\":\"https:\\\/\\\/tiketi.com\\\/\"},{\"@type\":\"ListItem\",\"position\":2,\"name\":\"Kwezy Bus Online Booking, Bus Tickets, Route, Schedule &#038; Fare\"}]},{\"@type\":\"WebSite\",\"@id\":\"https:\\\/\\\/tiketi.com\\\/#website\",\"url\":\"https:\\\/\\\/tiketi.com\\\/\",\"name\":\"Flight & Bus Tickets, Tour Packages & Activitites - Tiketi.com\",\"description\":\"Flight &amp; Bus Tickets, Tours, Activitites\",\"publisher\":{\"@id\":\"https:\\\/\\\/tiketi.com\\\/#organization\"},\"potentialAction\":[{\"@type\":\"SearchAction\",\"target\":{\"@type\":\"EntryPoint\",\"urlTemplate\":\"https:\\\/\\\/tiketi.com\\\/?s={search_term_string}\"},\"query-input\":{\"@type\":\"PropertyValueSpecification\",\"valueRequired\":true,\"valueName\":\"search_term_string\"}}],\"inLanguage\":\"fr-FR\"},{\"@type\":\"Organization\",\"@id\":\"https:\\\/\\\/tiketi.com\\\/#organization\",\"name\":\"Tiketi.com\",\"alternateName\":\"Tiketi\",\"url\":\"https:\\\/\\\/tiketi.com\\\/\",\"logo\":{\"@type\":\"ImageObject\",\"inLanguage\":\"fr-FR\",\"@id\":\"https:\\\/\\\/tiketi.com\\\/#\\\/schema\\\/logo\\\/image\\\/\",\"url\":\"https:\\\/\\\/tiketi.com\\\/wp-content\\\/uploads\\\/2019\\\/05\\\/tiketi-logo-696.png\",\"contentUrl\":\"https:\\\/\\\/tiketi.com\\\/wp-content\\\/uploads\\\/2019\\\/05\\\/tiketi-logo-696.png\",\"width\":696,\"height\":696,\"caption\":\"Tiketi.com\"},\"image\":{\"@id\":\"https:\\\/\\\/tiketi.com\\\/#\\\/schema\\\/logo\\\/image\\\/\"},\"sameAs\":[\"https:\\\/\\\/www.facebook.com\\\/TiketiCom\\\/\"]}]}<\/script>\n<!-- \/ Yoast SEO plugin. -->","yoast_head_json":{"title":"R\u00e9servation en ligne de bus Kwezy, billets de bus, itin\u00e9raire, horaires et tarifs","description":"Vous recherchez une r\u00e9servation en ligne de bus Kwezy ? Faites une r\u00e9servation de billet de bus en ligne pour le bus Kwezy d\u00e8s maintenant et \u00e9conomisez du temps et de l&#039;argent","robots":{"index":"index","follow":"follow","max-snippet":"max-snippet:-1","max-image-preview":"max-image-preview:large","max-video-preview":"max-video-preview:-1"},"canonical":"https:\/\/tiketi.com\/fr-fr\/kwezy-bus\/","og_locale":"fr_FR","og_type":"article","og_title":"Kwezy Bus Online Booking, Bus Tickets, Route, Schedule & Fare","og_description":"Looking for Kwezy bus online booking? Make a Kwezy bus online bus ticket booking online now and save time and money","og_url":"https:\/\/tiketi.com\/fr-fr\/kwezy-bus\/","og_site_name":"Tiketi.com","article_publisher":"https:\/\/www.facebook.com\/TiketiCom\/","article_modified_time":"2022-02-16T11:55:37+00:00","og_image":[{"width":1200,"height":206,"url":"https:\/\/tiketi.com\/wp-content\/uploads\/2022\/01\/bus-ticket-online-booking.jpg","type":"image\/jpeg"}],"twitter_card":"summary_large_image","twitter_misc":{"Dur\u00e9e de lecture estim\u00e9e":"2 minutes"},"schema":{"@context":"https:\/\/schema.org","@graph":[{"@type":"WebPage","@id":"https:\/\/tiketi.com\/kwezy-bus\/","url":"https:\/\/tiketi.com\/kwezy-bus\/","name":"R\u00e9servation en ligne de bus Kwezy, billets de bus, itin\u00e9raire, horaires et tarifs","isPartOf":{"@id":"https:\/\/tiketi.com\/#website"},"primaryImageOfPage":{"@id":"https:\/\/tiketi.com\/kwezy-bus\/#primaryimage"},"image":{"@id":"https:\/\/tiketi.com\/kwezy-bus\/#primaryimage"},"thumbnailUrl":"https:\/\/tiketi.com\/wp-content\/uploads\/2022\/01\/bus-ticket-online-booking.jpg","datePublished":"2022-01-19T11:54:28+00:00","dateModified":"2022-02-16T11:55:37+00:00","description":"Vous recherchez une r\u00e9servation en ligne de bus Kwezy ? Faites une r\u00e9servation de billet de bus en ligne pour le bus Kwezy d\u00e8s maintenant et \u00e9conomisez du temps et de l&#039;argent","breadcrumb":{"@id":"https:\/\/tiketi.com\/kwezy-bus\/#breadcrumb"},"inLanguage":"fr-FR","potentialAction":[{"@type":"ReadAction","target":["https:\/\/tiketi.com\/kwezy-bus\/"]}]},{"@type":"ImageObject","inLanguage":"fr-FR","@id":"https:\/\/tiketi.com\/kwezy-bus\/#primaryimage","url":"https:\/\/tiketi.com\/wp-content\/uploads\/2022\/01\/bus-ticket-online-booking.jpg","contentUrl":"https:\/\/tiketi.com\/wp-content\/uploads\/2022\/01\/bus-ticket-online-booking.jpg","width":1200,"height":206,"caption":"Online Bus Ticket Booking"},{"@type":"BreadcrumbList","@id":"https:\/\/tiketi.com\/kwezy-bus\/#breadcrumb","itemListElement":[{"@type":"ListItem","position":1,"name":"Home","item":"https:\/\/tiketi.com\/"},{"@type":"ListItem","position":2,"name":"Kwezy Bus Online Booking, Bus Tickets, Route, Schedule &#038; Fare"}]},{"@type":"WebSite","@id":"https:\/\/tiketi.com\/#website","url":"https:\/\/tiketi.com\/","name":"Billets d&#039;avion et de bus, forfaits touristiques et activit\u00e9s - Tiketi.com","description":"Billets d&#039;avion et de bus, Tours, Activit\u00e9s","publisher":{"@id":"https:\/\/tiketi.com\/#organization"},"potentialAction":[{"@type":"SearchAction","target":{"@type":"EntryPoint","urlTemplate":"https:\/\/tiketi.com\/?s={search_term_string}"},"query-input":{"@type":"PropertyValueSpecification","valueRequired":true,"valueName":"search_term_string"}}],"inLanguage":"fr-FR"},{"@type":"Organization","@id":"https:\/\/tiketi.com\/#organization","name":"Tiketi.com","alternateName":"Tiketi","url":"https:\/\/tiketi.com\/","logo":{"@type":"ImageObject","inLanguage":"fr-FR","@id":"https:\/\/tiketi.com\/#\/schema\/logo\/image\/","url":"https:\/\/tiketi.com\/wp-content\/uploads\/2019\/05\/tiketi-logo-696.png","contentUrl":"https:\/\/tiketi.com\/wp-content\/uploads\/2019\/05\/tiketi-logo-696.png","width":696,"height":696,"caption":"Tiketi.com"},"image":{"@id":"https:\/\/tiketi.com\/#\/schema\/logo\/image\/"},"sameAs":["https:\/\/www.facebook.com\/TiketiCom\/"]}]}},"_links":{"self":[{"href":"https:\/\/tiketi.com\/fr-fr\/wp-json\/wp\/v2\/pages\/11299","targetHints":{"allow":["GET"]}}],"collection":[{"href":"https:\/\/tiketi.com\/fr-fr\/wp-json\/wp\/v2\/pages"}],"about":[{"href":"https:\/\/tiketi.com\/fr-fr\/wp-json\/wp\/v2\/types\/page"}],"author":[{"embeddable":true,"href":"https:\/\/tiketi.com\/fr-fr\/wp-json\/wp\/v2\/users\/1"}],"replies":[{"embeddable":true,"href":"https:\/\/tiketi.com\/fr-fr\/wp-json\/wp\/v2\/comments?post=11299"}],"version-history":[{"count":0,"href":"https:\/\/tiketi.com\/fr-fr\/wp-json\/wp\/v2\/pages\/11299\/revisions"}],"wp:featuredmedia":[{"embeddable":true,"href":"https:\/\/tiketi.com\/fr-fr\/wp-json\/wp\/v2\/media\/13999"}],"wp:attachment":[{"href":"https:\/\/tiketi.com\/fr-fr\/wp-json\/wp\/v2\/media?parent=11299"}],"curies":[{"name":"wp","href":"https:\/\/api.w.org\/{rel}","templated":true}]}}