{"id":11300,"date":"2022-01-19T12:54:28","date_gmt":"2022-01-19T11:54:28","guid":{"rendered":"https:\/\/new.tiketi.com\/axa-coach-online-booking-bus-tickets-reservation\/"},"modified":"2022-01-24T17:52:23","modified_gmt":"2022-01-24T16:52:23","slug":"axa-coach-bus","status":"publish","type":"page","link":"https:\/\/tiketi.com\/fr-fr\/axa-coach-bus\/","title":{"rendered":"AXA Coach R\u00e9servation en ligne, billets de bus, itin\u00e9raires et tarifs"},"content":{"rendered":"<h2>AXA Coach R\u00e9servation de billets de bus en ligne<\/h2>\n<h3>D\u00e9couvrez votre itin\u00e9raire de voyage sur le web, le mobile ou l&#039;application et r\u00e9servez en ligne des billets de bus AXA Coach pas chers <a href=\"https:\/\/www.facebook.com\/axacoachmalawi\/\" target=\"_blank\" rel=\"noopener\">\u00e0 pr\u00e9sent<\/a>.<\/h3>\n<p>La r\u00e9servation en ligne AXA Coach simplifi\u00e9e. Le service AXA Coach est le plus grand service de bus interurbain au Malawi. Le service d&#039;autocars AXA est une marque d\u00e9pos\u00e9e pour un groupe d&#039;autobus, qui proposent diff\u00e9rents services\u00a0: entra\u00eeneur ex\u00e9cutif, entra\u00eeneur super ex\u00e9cutif, de luxe, entra\u00eeneur sp\u00e9cial et navetteur de pays. Le si\u00e8ge social de la soci\u00e9t\u00e9 est situ\u00e9 \u00e0 Blantyre et ils ont des succursales \u00e0 Mzuzu et Lilongwe et des d\u00e9p\u00f4ts de bus dans tous les grands centres commerciaux du pays. La r\u00e9servation de billets de bus en ligne AXA Coach vous permet d&#039;\u00e9conomiser du temps et de l&#039;argent.<\/p>\n<h2>FAQ sur la r\u00e9servation en ligne d&#039;AXA Coach<\/h2>\n<h3>Quels sont les trajets couverts par le service de bus et d&#039;autocars AXA ?<\/h3>\n<p>\u2022 Blantyre \u00e0 Mzuru via Zomba et le bord du lac<br \/>\n\u2022 Blantyre \u00e0 Lilongwe via Zalewa et Ntcheu<br \/>\n\u2022 Blantyre \u00e0 Karonga via Mzuzu<br \/>\n\u2022 Blantyre \u00e0 Mzuzu via Lilongwe, Zalewa et Mzimba<br \/>\n\u2022 Lilongwe \u00e0 Karonga via Mzuzu et Mzimba<\/p>\n<h3>Location d&#039;autobus AXA pour les entreprises<\/h3>\n<p>Les gens r\u00e9servent des billets de bus en ligne pour des fonctions de coop\u00e9ration et des \u00e9v\u00e9nements uniques. Nous avons lou\u00e9 des bus pour des \u00e9glises, des clubs de football, des ONG, des \u00e9coles et le monde de l&#039;entreprise en g\u00e9n\u00e9ral.<\/p>\n<h3>Prix, tarifs et heures de d\u00e9part des bus AXA<\/h3>\n<p>\u2022 MK 8 000 dans les deux sens sur l&#039;entra\u00eeneur sp\u00e9cial<br \/>\n\u2022 MK 13 000 dans les deux sens sur le coach super ex\u00e9cutif<br \/>\n\u2022 Tarifs d&#039;\u00e9tape pour les services de luxe et de banlieue sur demande<\/p>\n<h3>D\u00e9parts des bus AXA<\/h3>\n<p>\u2022 0700, 1100, 1200, 1630 tous les jours depuis Lilongwe<br \/>\n\u2022 0700, 1100, 1630, 1800 tous les jours depuis Blantyre<br \/>\n\u2022 0500, 1900, 0600, tous les jours depuis Mzuzu<\/p>\n<h3>Quelles sont les coordonn\u00e9es du service bus et cars AXA ?<\/h3>\n<p>AXA Bus Service Blantyre, Chichiri, Maison AXA, Malawi<\/p>\n<h2>Conseils de r\u00e9servation de billets de bus en ligne AXA Coach<\/h2>\n<p>Le service d&#039;autocars AXA a commenc\u00e9 comme un service de passagers programm\u00e9 \u00e0 la fin de 2006. AXA r\u00e9pond aux besoins de voyage de diverses sections du public voyageur au Malawi, cela comprend l&#039;\u00e9lite, la classe moyenne et la population g\u00e9n\u00e9rale couvrant tous les groupes d&#039;\u00e2ge.<\/p>","protected":false},"excerpt":{"rendered":"<p>AXA Coach Online Bus Ticket Booking Discover your travel route on web, mobile or app and book cheap\u00a0 AXA Coach bus tickets online now. AXA Coach\u00a0online booking made easy.\u00a0AXA Coach service is the biggest intercity bus service in Malawi. AXA coach service is a registered brand name for a group of buses, which run different [&hellip;]<\/p>\n","protected":false},"author":1,"featured_media":13999,"parent":0,"menu_order":0,"comment_status":"open","ping_status":"closed","template":"template-home-modern.php","meta":{"footnotes":""},"class_list":["post-11300","page","type-page","status-publish","has-post-thumbnail","hentry"],"yoast_head":"<!-- This site is optimized with the Yoast SEO plugin v27.2 - https:\/\/yoast.com\/product\/yoast-seo-wordpress\/ -->\n<title>AXA Coach Online Booking, Bus Tickets, Routes &amp; Fares<\/title>\n<meta name=\"description\" content=\"Looking for AXA Coach online booking? Make a AXA Coach online bus ticket booking online now and save time and money\" \/>\n<meta name=\"robots\" content=\"index, follow, max-snippet:-1, max-image-preview:large, max-video-preview:-1\" \/>\n<link rel=\"canonical\" href=\"https:\/\/tiketi.com\/fr-fr\/axa-coach-bus\/\" \/>\n<meta property=\"og:locale\" content=\"fr_FR\" \/>\n<meta property=\"og:type\" content=\"article\" \/>\n<meta property=\"og:title\" content=\"AXA Coach Online Booking, Bus Tickets, Routes &amp; Fares\" \/>\n<meta property=\"og:description\" content=\"Looking for AXA Coach online booking? Make a AXA Coach online bus ticket booking online now and save time and money\" \/>\n<meta property=\"og:url\" content=\"https:\/\/tiketi.com\/fr-fr\/axa-coach-bus\/\" \/>\n<meta property=\"og:site_name\" content=\"Tiketi.com\" \/>\n<meta property=\"article:publisher\" content=\"https:\/\/www.facebook.com\/TiketiCom\/\" \/>\n<meta property=\"article:modified_time\" content=\"2022-01-24T16:52:23+00:00\" \/>\n<meta property=\"og:image\" content=\"https:\/\/tiketi.com\/wp-content\/uploads\/2022\/01\/bus-ticket-online-booking.jpg\" \/>\n\t<meta property=\"og:image:width\" content=\"1200\" \/>\n\t<meta property=\"og:image:height\" content=\"206\" \/>\n\t<meta property=\"og:image:type\" content=\"image\/jpeg\" \/>\n<meta name=\"twitter:card\" content=\"summary_large_image\" \/>\n<meta name=\"twitter:label1\" content=\"Dur\u00e9e de lecture estim\u00e9e\" \/>\n\t<meta name=\"twitter:data1\" content=\"2 minutes\" \/>\n<script type=\"application\/ld+json\" class=\"yoast-schema-graph\">{\"@context\":\"https:\/\/schema.org\",\"@graph\":[{\"@type\":\"WebPage\",\"@id\":\"https:\/\/tiketi.com\/axa-coach-bus\/\",\"url\":\"https:\/\/tiketi.com\/axa-coach-bus\/\",\"name\":\"AXA Coach Online Booking, Bus Tickets, Routes & Fares\",\"isPartOf\":{\"@id\":\"https:\/\/tiketi.com\/#website\"},\"primaryImageOfPage\":{\"@id\":\"https:\/\/tiketi.com\/axa-coach-bus\/#primaryimage\"},\"image\":{\"@id\":\"https:\/\/tiketi.com\/axa-coach-bus\/#primaryimage\"},\"thumbnailUrl\":\"https:\/\/tiketi.com\/wp-content\/uploads\/2022\/01\/bus-ticket-online-booking.jpg\",\"datePublished\":\"2022-01-19T11:54:28+00:00\",\"dateModified\":\"2022-01-24T16:52:23+00:00\",\"description\":\"Looking for AXA Coach online booking? Make a AXA Coach online bus ticket booking online now and save time and money\",\"breadcrumb\":{\"@id\":\"https:\/\/tiketi.com\/axa-coach-bus\/#breadcrumb\"},\"inLanguage\":\"fr-FR\",\"potentialAction\":[{\"@type\":\"ReadAction\",\"target\":[\"https:\/\/tiketi.com\/axa-coach-bus\/\"]}]},{\"@type\":\"ImageObject\",\"inLanguage\":\"fr-FR\",\"@id\":\"https:\/\/tiketi.com\/axa-coach-bus\/#primaryimage\",\"url\":\"https:\/\/tiketi.com\/wp-content\/uploads\/2022\/01\/bus-ticket-online-booking.jpg\",\"contentUrl\":\"https:\/\/tiketi.com\/wp-content\/uploads\/2022\/01\/bus-ticket-online-booking.jpg\",\"width\":1200,\"height\":206,\"caption\":\"Online Bus Ticket Booking\"},{\"@type\":\"BreadcrumbList\",\"@id\":\"https:\/\/tiketi.com\/axa-coach-bus\/#breadcrumb\",\"itemListElement\":[{\"@type\":\"ListItem\",\"position\":1,\"name\":\"Home\",\"item\":\"https:\/\/tiketi.com\/\"},{\"@type\":\"ListItem\",\"position\":2,\"name\":\"AXA Coach Online Booking, Bus Tickets, Routes &#038; Fares\"}]},{\"@type\":\"WebSite\",\"@id\":\"https:\/\/tiketi.com\/#website\",\"url\":\"https:\/\/tiketi.com\/\",\"name\":\"Flight & Bus Tickets, Tour Packages & Activitites - Tiketi.com\",\"description\":\"Flight &amp; Bus Tickets, Tours, Activitites\",\"publisher\":{\"@id\":\"https:\/\/tiketi.com\/#organization\"},\"potentialAction\":[{\"@type\":\"SearchAction\",\"target\":{\"@type\":\"EntryPoint\",\"urlTemplate\":\"https:\/\/tiketi.com\/?s={search_term_string}\"},\"query-input\":{\"@type\":\"PropertyValueSpecification\",\"valueRequired\":true,\"valueName\":\"search_term_string\"}}],\"inLanguage\":\"fr-FR\"},{\"@type\":\"Organization\",\"@id\":\"https:\/\/tiketi.com\/#organization\",\"name\":\"Tiketi.com\",\"alternateName\":\"Tiketi\",\"url\":\"https:\/\/tiketi.com\/\",\"logo\":{\"@type\":\"ImageObject\",\"inLanguage\":\"fr-FR\",\"@id\":\"https:\/\/tiketi.com\/#\/schema\/logo\/image\/\",\"url\":\"https:\/\/tiketi.com\/wp-content\/uploads\/2019\/05\/tiketi-logo-696.png\",\"contentUrl\":\"https:\/\/tiketi.com\/wp-content\/uploads\/2019\/05\/tiketi-logo-696.png\",\"width\":696,\"height\":696,\"caption\":\"Tiketi.com\"},\"image\":{\"@id\":\"https:\/\/tiketi.com\/#\/schema\/logo\/image\/\"},\"sameAs\":[\"https:\/\/www.facebook.com\/TiketiCom\/\"]}]}<\/script>\n<!-- \/ Yoast SEO plugin. -->","yoast_head_json":{"title":"AXA Coach R\u00e9servation en ligne, billets de bus, itin\u00e9raires et tarifs","description":"Vous recherchez une r\u00e9servation en ligne AXA Coach ? Faites une r\u00e9servation de billet de bus en ligne AXA Coach en ligne maintenant et \u00e9conomisez du temps et de l&#039;argent","robots":{"index":"index","follow":"follow","max-snippet":"max-snippet:-1","max-image-preview":"max-image-preview:large","max-video-preview":"max-video-preview:-1"},"canonical":"https:\/\/tiketi.com\/fr-fr\/axa-coach-bus\/","og_locale":"fr_FR","og_type":"article","og_title":"AXA Coach Online Booking, Bus Tickets, Routes & Fares","og_description":"Looking for AXA Coach online booking? Make a AXA Coach online bus ticket booking online now and save time and money","og_url":"https:\/\/tiketi.com\/fr-fr\/axa-coach-bus\/","og_site_name":"Tiketi.com","article_publisher":"https:\/\/www.facebook.com\/TiketiCom\/","article_modified_time":"2022-01-24T16:52:23+00:00","og_image":[{"width":1200,"height":206,"url":"https:\/\/tiketi.com\/wp-content\/uploads\/2022\/01\/bus-ticket-online-booking.jpg","type":"image\/jpeg"}],"twitter_card":"summary_large_image","twitter_misc":{"Dur\u00e9e de lecture estim\u00e9e":"2 minutes"},"schema":{"@context":"https:\/\/schema.org","@graph":[{"@type":"WebPage","@id":"https:\/\/tiketi.com\/axa-coach-bus\/","url":"https:\/\/tiketi.com\/axa-coach-bus\/","name":"AXA Coach R\u00e9servation en ligne, billets de bus, itin\u00e9raires et tarifs","isPartOf":{"@id":"https:\/\/tiketi.com\/#website"},"primaryImageOfPage":{"@id":"https:\/\/tiketi.com\/axa-coach-bus\/#primaryimage"},"image":{"@id":"https:\/\/tiketi.com\/axa-coach-bus\/#primaryimage"},"thumbnailUrl":"https:\/\/tiketi.com\/wp-content\/uploads\/2022\/01\/bus-ticket-online-booking.jpg","datePublished":"2022-01-19T11:54:28+00:00","dateModified":"2022-01-24T16:52:23+00:00","description":"Vous recherchez une r\u00e9servation en ligne AXA Coach ? Faites une r\u00e9servation de billet de bus en ligne AXA Coach en ligne maintenant et \u00e9conomisez du temps et de l&#039;argent","breadcrumb":{"@id":"https:\/\/tiketi.com\/axa-coach-bus\/#breadcrumb"},"inLanguage":"fr-FR","potentialAction":[{"@type":"ReadAction","target":["https:\/\/tiketi.com\/axa-coach-bus\/"]}]},{"@type":"ImageObject","inLanguage":"fr-FR","@id":"https:\/\/tiketi.com\/axa-coach-bus\/#primaryimage","url":"https:\/\/tiketi.com\/wp-content\/uploads\/2022\/01\/bus-ticket-online-booking.jpg","contentUrl":"https:\/\/tiketi.com\/wp-content\/uploads\/2022\/01\/bus-ticket-online-booking.jpg","width":1200,"height":206,"caption":"Online Bus Ticket Booking"},{"@type":"BreadcrumbList","@id":"https:\/\/tiketi.com\/axa-coach-bus\/#breadcrumb","itemListElement":[{"@type":"ListItem","position":1,"name":"Home","item":"https:\/\/tiketi.com\/"},{"@type":"ListItem","position":2,"name":"AXA Coach Online Booking, Bus Tickets, Routes &#038; Fares"}]},{"@type":"WebSite","@id":"https:\/\/tiketi.com\/#website","url":"https:\/\/tiketi.com\/","name":"Billets d&#039;avion et de bus, forfaits touristiques et activit\u00e9s - Tiketi.com","description":"Billets d&#039;avion et de bus, Tours, Activit\u00e9s","publisher":{"@id":"https:\/\/tiketi.com\/#organization"},"potentialAction":[{"@type":"SearchAction","target":{"@type":"EntryPoint","urlTemplate":"https:\/\/tiketi.com\/?s={search_term_string}"},"query-input":{"@type":"PropertyValueSpecification","valueRequired":true,"valueName":"search_term_string"}}],"inLanguage":"fr-FR"},{"@type":"Organization","@id":"https:\/\/tiketi.com\/#organization","name":"Tiketi.com","alternateName":"Tiketi","url":"https:\/\/tiketi.com\/","logo":{"@type":"ImageObject","inLanguage":"fr-FR","@id":"https:\/\/tiketi.com\/#\/schema\/logo\/image\/","url":"https:\/\/tiketi.com\/wp-content\/uploads\/2019\/05\/tiketi-logo-696.png","contentUrl":"https:\/\/tiketi.com\/wp-content\/uploads\/2019\/05\/tiketi-logo-696.png","width":696,"height":696,"caption":"Tiketi.com"},"image":{"@id":"https:\/\/tiketi.com\/#\/schema\/logo\/image\/"},"sameAs":["https:\/\/www.facebook.com\/TiketiCom\/"]}]}},"_links":{"self":[{"href":"https:\/\/tiketi.com\/fr-fr\/wp-json\/wp\/v2\/pages\/11300","targetHints":{"allow":["GET"]}}],"collection":[{"href":"https:\/\/tiketi.com\/fr-fr\/wp-json\/wp\/v2\/pages"}],"about":[{"href":"https:\/\/tiketi.com\/fr-fr\/wp-json\/wp\/v2\/types\/page"}],"author":[{"embeddable":true,"href":"https:\/\/tiketi.com\/fr-fr\/wp-json\/wp\/v2\/users\/1"}],"replies":[{"embeddable":true,"href":"https:\/\/tiketi.com\/fr-fr\/wp-json\/wp\/v2\/comments?post=11300"}],"version-history":[{"count":0,"href":"https:\/\/tiketi.com\/fr-fr\/wp-json\/wp\/v2\/pages\/11300\/revisions"}],"wp:featuredmedia":[{"embeddable":true,"href":"https:\/\/tiketi.com\/fr-fr\/wp-json\/wp\/v2\/media\/13999"}],"wp:attachment":[{"href":"https:\/\/tiketi.com\/fr-fr\/wp-json\/wp\/v2\/media?parent=11300"}],"curies":[{"name":"wp","href":"https:\/\/api.w.org\/{rel}","templated":true}]}}