{"id":11301,"date":"2022-01-19T12:54:28","date_gmt":"2022-01-19T11:54:28","guid":{"rendered":"https:\/\/new.tiketi.com\/inter-africa-bus-online-booking-bus-tickets-reservation\/"},"modified":"2022-02-15T22:06:33","modified_gmt":"2022-02-15T21:06:33","slug":"inter-africa-bus","status":"publish","type":"page","link":"https:\/\/tiketi.com\/fr-fr\/inter-africa-bus\/","title":{"rendered":"R\u00e9servation en ligne de bus interafricains, r\u00e9servation de billets de bus"},"content":{"rendered":"<h2>R\u00e9servation en ligne de billets de bus Inter Africa Bus<\/h2>\n<h3>D\u00e9couvrez votre itin\u00e9raire de voyage sur le web, le mobile ou l&#039;application et r\u00e9servez des billets en ligne de bus Inter Africa.<\/h3>\n<p>La r\u00e9servation en ligne de bus Inter Africa en toute simplicit\u00e9. Les services Inter Africa Bus lanc\u00e9s par Mukumba Brothers Transport Limited, est une compagnie de bus bas\u00e9e au Zimbabwe qui est dans l&#039;industrie du transport depuis plus de quinze ans. On dit qu&#039;ils sont l&#039;une des plus grandes entreprises de transport au Zimbabwe en ayant de nombreux bus et en dominant toutes les routes du pays. La r\u00e9servation de billets de bus en ligne pour les bus Inter Africa vous permet d&#039;\u00e9conomiser du temps et de l&#039;argent.<\/p>\n<h2>FAQ sur la r\u00e9servation en ligne d&#039;Inter Africa Bus<\/h2>\n<h3>Quels sont les trajets couverts par le service de bus Inter Africa ?<\/h3>\n<p>\u2022 Bulawayo \u00e0 Hwange<br \/>\n\u2022 Harare \u00e0 Hwange<br \/>\n\u2022 Harare \u00e0 Gweru<br \/>\n\u2022 Harare \u00e0 Kwekwe<br \/>\n\u2022 Harare \u00e0 Kadoma<br \/>\n\u2022 Harare \u00e0 Bulawayo<br \/>\n\u2022 Harare \u00e0 Lusaka<br \/>\n\u2022 Harare \u00e0 Lusaka<br \/>\n\u2022 Harare au Caire<br \/>\n\u2022 Harare \u00e0 Johannesbourg<br \/>\n\u2022 Harare \u00e0 Port Elizabeth<br \/>\n\u2022 Harare \u00e0 Kariba<br \/>\n\u2022 Mutare \u00e0 Bulawayo<br \/>\n\u2022 Harare \u00e0 Beitbridge<br \/>\n\u2022 Gweru \u00e0 Bulawayo<br \/>\n\u2022 Kwekwe \u00e0 Bulawayo<br \/>\n\u2022 Kadoma \u00e0 Bulawayo<br \/>\n\u2022 Gokwe \u00e0 Bulawayo<br \/>\n\u2022 Chegutu \u00e0 Beitbridge<br \/>\n\u2022 Harare \u00e0 Magunje<br \/>\n\u2022 Harare aux chutes Victoria<br \/>\n\u2022 Harare \u00e0 Mutare<br \/>\n\u2022 Kadoma \u00e0 Beithbridge<br \/>\n\u2022 Harare \u00e0 Nyapanda<\/p>\n<h3>Flotte de bus Inter Afrique<\/h3>\n<p>Tous leurs bus ont une disposition des si\u00e8ges deux par deux avec suffisamment d&#039;espace pour les jambes pour le confort des passagers. Leurs bus disposent d&#039;un syst\u00e8me de recharge et de si\u00e8ges inclinables permettant aux voyageurs de recharger leur t\u00e9l\u00e9phone pendant le voyage. En voyageant avec les bus Inter Africa, les passagers appr\u00e9cieront \u00e9galement les divertissements \u00e0 bord comme les services de t\u00e9l\u00e9vision sur un grand t\u00e9l\u00e9viseur \u00e0 \u00e9cran plasma, ainsi que la meilleure musique de leur syst\u00e8me audio. Leurs autocars disposent de la climatisation et du Wi-Fi gratuit pour un temps frais et frais comme en voyage.<\/p>\n<h3>Services de transport g\u00e9n\u00e9ral interafricains<\/h3>\n<p>Ils offrent un service de bus g\u00e9n\u00e9ral dans diverses villes, zones rurales et urbaines du Zimbabwe.<\/p>\n<h3>Quelles sont les coordonn\u00e9es du service Inter Africa bus &amp; cars ?<\/h3>\n<p>D\u00e9p\u00f4t principal : 1745 Prospect Way Waterfalls Harare.<\/p>\n<h2>Conseils de r\u00e9servation de billets de bus en ligne Inter Africa Bus<\/h2>\n<h3>Transfrontalier<\/h3>\n<p>Ils ont des bus qui vont au Mozambique et en Afrique du Sud et des prix comp\u00e9titifs.<\/p>","protected":false},"excerpt":{"rendered":"<p>Inter Africa Bus Online Bus Ticket Booking Discover your travel route on web, mobile or app and book Inter Africa bus online tickets. Inter Africa bus online booking made easy.\u00a0Inter Africa Bus services started by Mukumba Brothers Transport Limited, is a Zimbabwe based bus company that has been in the transport industry for more than [&hellip;]<\/p>\n","protected":false},"author":1,"featured_media":13999,"parent":0,"menu_order":0,"comment_status":"open","ping_status":"closed","template":"template-home-modern.php","meta":{"footnotes":""},"class_list":["post-11301","page","type-page","status-publish","has-post-thumbnail","hentry"],"yoast_head":"<!-- This site is optimized with the Yoast SEO plugin v27.5 - https:\/\/yoast.com\/product\/yoast-seo-wordpress\/ -->\n<title>Inter Africa Bus Online Booking, Bus Tickets, Fare, Schedule &amp; Route<\/title>\n<meta name=\"description\" content=\"Looking for Inter Africa bus online booking? Make a Inter Africa bus online bus ticket booking online now and save time and money\" \/>\n<meta name=\"robots\" content=\"index, follow, max-snippet:-1, max-image-preview:large, max-video-preview:-1\" \/>\n<link rel=\"canonical\" href=\"https:\/\/tiketi.com\/fr-fr\/inter-africa-bus\/\" \/>\n<meta property=\"og:locale\" content=\"fr_FR\" \/>\n<meta property=\"og:type\" content=\"article\" \/>\n<meta property=\"og:title\" content=\"Inter Africa Bus Online Booking, Bus Tickets, Fare, Schedule &amp; Route\" \/>\n<meta property=\"og:description\" content=\"Looking for Inter Africa bus online booking? Make a Inter Africa bus online bus ticket booking online now and save time and money\" \/>\n<meta property=\"og:url\" content=\"https:\/\/tiketi.com\/fr-fr\/inter-africa-bus\/\" \/>\n<meta property=\"og:site_name\" content=\"Tiketi.com\" \/>\n<meta property=\"article:publisher\" content=\"https:\/\/www.facebook.com\/TiketiCom\/\" \/>\n<meta property=\"article:modified_time\" content=\"2022-02-15T21:06:33+00:00\" \/>\n<meta property=\"og:image\" content=\"https:\/\/tiketi.com\/wp-content\/uploads\/2022\/01\/bus-ticket-online-booking.jpg\" \/>\n\t<meta property=\"og:image:width\" content=\"1200\" \/>\n\t<meta property=\"og:image:height\" content=\"206\" \/>\n\t<meta property=\"og:image:type\" content=\"image\/jpeg\" \/>\n<meta name=\"twitter:card\" content=\"summary_large_image\" \/>\n<meta name=\"twitter:label1\" content=\"Dur\u00e9e de lecture estim\u00e9e\" \/>\n\t<meta name=\"twitter:data1\" content=\"2 minutes\" \/>\n<script type=\"application\/ld+json\" class=\"yoast-schema-graph\">{\"@context\":\"https:\\\/\\\/schema.org\",\"@graph\":[{\"@type\":\"WebPage\",\"@id\":\"https:\\\/\\\/tiketi.com\\\/inter-africa-bus\\\/\",\"url\":\"https:\\\/\\\/tiketi.com\\\/inter-africa-bus\\\/\",\"name\":\"Inter Africa Bus Online Booking, Bus Tickets, Fare, Schedule & Route\",\"isPartOf\":{\"@id\":\"https:\\\/\\\/tiketi.com\\\/#website\"},\"primaryImageOfPage\":{\"@id\":\"https:\\\/\\\/tiketi.com\\\/inter-africa-bus\\\/#primaryimage\"},\"image\":{\"@id\":\"https:\\\/\\\/tiketi.com\\\/inter-africa-bus\\\/#primaryimage\"},\"thumbnailUrl\":\"https:\\\/\\\/tiketi.com\\\/wp-content\\\/uploads\\\/2022\\\/01\\\/bus-ticket-online-booking.jpg\",\"datePublished\":\"2022-01-19T11:54:28+00:00\",\"dateModified\":\"2022-02-15T21:06:33+00:00\",\"description\":\"Looking for Inter Africa bus online booking? Make a Inter Africa bus online bus ticket booking online now and save time and money\",\"breadcrumb\":{\"@id\":\"https:\\\/\\\/tiketi.com\\\/inter-africa-bus\\\/#breadcrumb\"},\"inLanguage\":\"fr-FR\",\"potentialAction\":[{\"@type\":\"ReadAction\",\"target\":[\"https:\\\/\\\/tiketi.com\\\/inter-africa-bus\\\/\"]}]},{\"@type\":\"ImageObject\",\"inLanguage\":\"fr-FR\",\"@id\":\"https:\\\/\\\/tiketi.com\\\/inter-africa-bus\\\/#primaryimage\",\"url\":\"https:\\\/\\\/tiketi.com\\\/wp-content\\\/uploads\\\/2022\\\/01\\\/bus-ticket-online-booking.jpg\",\"contentUrl\":\"https:\\\/\\\/tiketi.com\\\/wp-content\\\/uploads\\\/2022\\\/01\\\/bus-ticket-online-booking.jpg\",\"width\":1200,\"height\":206,\"caption\":\"Online Bus Ticket Booking\"},{\"@type\":\"BreadcrumbList\",\"@id\":\"https:\\\/\\\/tiketi.com\\\/inter-africa-bus\\\/#breadcrumb\",\"itemListElement\":[{\"@type\":\"ListItem\",\"position\":1,\"name\":\"Home\",\"item\":\"https:\\\/\\\/tiketi.com\\\/\"},{\"@type\":\"ListItem\",\"position\":2,\"name\":\"Inter Africa Bus Online Booking, Bus Tickets Reservation\"}]},{\"@type\":\"WebSite\",\"@id\":\"https:\\\/\\\/tiketi.com\\\/#website\",\"url\":\"https:\\\/\\\/tiketi.com\\\/\",\"name\":\"Flight & Bus Tickets, Tour Packages & Activitites - Tiketi.com\",\"description\":\"Flight &amp; Bus Tickets, Tours, Activitites\",\"publisher\":{\"@id\":\"https:\\\/\\\/tiketi.com\\\/#organization\"},\"potentialAction\":[{\"@type\":\"SearchAction\",\"target\":{\"@type\":\"EntryPoint\",\"urlTemplate\":\"https:\\\/\\\/tiketi.com\\\/?s={search_term_string}\"},\"query-input\":{\"@type\":\"PropertyValueSpecification\",\"valueRequired\":true,\"valueName\":\"search_term_string\"}}],\"inLanguage\":\"fr-FR\"},{\"@type\":\"Organization\",\"@id\":\"https:\\\/\\\/tiketi.com\\\/#organization\",\"name\":\"Tiketi.com\",\"alternateName\":\"Tiketi\",\"url\":\"https:\\\/\\\/tiketi.com\\\/\",\"logo\":{\"@type\":\"ImageObject\",\"inLanguage\":\"fr-FR\",\"@id\":\"https:\\\/\\\/tiketi.com\\\/#\\\/schema\\\/logo\\\/image\\\/\",\"url\":\"https:\\\/\\\/tiketi.com\\\/wp-content\\\/uploads\\\/2019\\\/05\\\/tiketi-logo-696.png\",\"contentUrl\":\"https:\\\/\\\/tiketi.com\\\/wp-content\\\/uploads\\\/2019\\\/05\\\/tiketi-logo-696.png\",\"width\":696,\"height\":696,\"caption\":\"Tiketi.com\"},\"image\":{\"@id\":\"https:\\\/\\\/tiketi.com\\\/#\\\/schema\\\/logo\\\/image\\\/\"},\"sameAs\":[\"https:\\\/\\\/www.facebook.com\\\/TiketiCom\\\/\"]}]}<\/script>\n<!-- \/ Yoast SEO plugin. -->","yoast_head_json":{"title":"R\u00e9servation en ligne de bus interafricains, billets de bus, tarifs, horaires et itin\u00e9raire","description":"Vous recherchez une r\u00e9servation en ligne de bus Inter Africa? Faites une r\u00e9servation en ligne de billets de bus Inter Africa bus en ligne maintenant et \u00e9conomisez du temps et de l&#039;argent","robots":{"index":"index","follow":"follow","max-snippet":"max-snippet:-1","max-image-preview":"max-image-preview:large","max-video-preview":"max-video-preview:-1"},"canonical":"https:\/\/tiketi.com\/fr-fr\/inter-africa-bus\/","og_locale":"fr_FR","og_type":"article","og_title":"Inter Africa Bus Online Booking, Bus Tickets, Fare, Schedule & Route","og_description":"Looking for Inter Africa bus online booking? Make a Inter Africa bus online bus ticket booking online now and save time and money","og_url":"https:\/\/tiketi.com\/fr-fr\/inter-africa-bus\/","og_site_name":"Tiketi.com","article_publisher":"https:\/\/www.facebook.com\/TiketiCom\/","article_modified_time":"2022-02-15T21:06:33+00:00","og_image":[{"width":1200,"height":206,"url":"https:\/\/tiketi.com\/wp-content\/uploads\/2022\/01\/bus-ticket-online-booking.jpg","type":"image\/jpeg"}],"twitter_card":"summary_large_image","twitter_misc":{"Dur\u00e9e de lecture estim\u00e9e":"2 minutes"},"schema":{"@context":"https:\/\/schema.org","@graph":[{"@type":"WebPage","@id":"https:\/\/tiketi.com\/inter-africa-bus\/","url":"https:\/\/tiketi.com\/inter-africa-bus\/","name":"R\u00e9servation en ligne de bus interafricains, billets de bus, tarifs, horaires et itin\u00e9raire","isPartOf":{"@id":"https:\/\/tiketi.com\/#website"},"primaryImageOfPage":{"@id":"https:\/\/tiketi.com\/inter-africa-bus\/#primaryimage"},"image":{"@id":"https:\/\/tiketi.com\/inter-africa-bus\/#primaryimage"},"thumbnailUrl":"https:\/\/tiketi.com\/wp-content\/uploads\/2022\/01\/bus-ticket-online-booking.jpg","datePublished":"2022-01-19T11:54:28+00:00","dateModified":"2022-02-15T21:06:33+00:00","description":"Vous recherchez une r\u00e9servation en ligne de bus Inter Africa? Faites une r\u00e9servation en ligne de billets de bus Inter Africa bus en ligne maintenant et \u00e9conomisez du temps et de l&#039;argent","breadcrumb":{"@id":"https:\/\/tiketi.com\/inter-africa-bus\/#breadcrumb"},"inLanguage":"fr-FR","potentialAction":[{"@type":"ReadAction","target":["https:\/\/tiketi.com\/inter-africa-bus\/"]}]},{"@type":"ImageObject","inLanguage":"fr-FR","@id":"https:\/\/tiketi.com\/inter-africa-bus\/#primaryimage","url":"https:\/\/tiketi.com\/wp-content\/uploads\/2022\/01\/bus-ticket-online-booking.jpg","contentUrl":"https:\/\/tiketi.com\/wp-content\/uploads\/2022\/01\/bus-ticket-online-booking.jpg","width":1200,"height":206,"caption":"Online Bus Ticket Booking"},{"@type":"BreadcrumbList","@id":"https:\/\/tiketi.com\/inter-africa-bus\/#breadcrumb","itemListElement":[{"@type":"ListItem","position":1,"name":"Home","item":"https:\/\/tiketi.com\/"},{"@type":"ListItem","position":2,"name":"Inter Africa Bus Online Booking, Bus Tickets Reservation"}]},{"@type":"WebSite","@id":"https:\/\/tiketi.com\/#website","url":"https:\/\/tiketi.com\/","name":"Billets d&#039;avion et de bus, forfaits touristiques et activit\u00e9s - Tiketi.com","description":"Billets d&#039;avion et de bus, Tours, Activit\u00e9s","publisher":{"@id":"https:\/\/tiketi.com\/#organization"},"potentialAction":[{"@type":"SearchAction","target":{"@type":"EntryPoint","urlTemplate":"https:\/\/tiketi.com\/?s={search_term_string}"},"query-input":{"@type":"PropertyValueSpecification","valueRequired":true,"valueName":"search_term_string"}}],"inLanguage":"fr-FR"},{"@type":"Organization","@id":"https:\/\/tiketi.com\/#organization","name":"Tiketi.com","alternateName":"Tiketi","url":"https:\/\/tiketi.com\/","logo":{"@type":"ImageObject","inLanguage":"fr-FR","@id":"https:\/\/tiketi.com\/#\/schema\/logo\/image\/","url":"https:\/\/tiketi.com\/wp-content\/uploads\/2019\/05\/tiketi-logo-696.png","contentUrl":"https:\/\/tiketi.com\/wp-content\/uploads\/2019\/05\/tiketi-logo-696.png","width":696,"height":696,"caption":"Tiketi.com"},"image":{"@id":"https:\/\/tiketi.com\/#\/schema\/logo\/image\/"},"sameAs":["https:\/\/www.facebook.com\/TiketiCom\/"]}]}},"_links":{"self":[{"href":"https:\/\/tiketi.com\/fr-fr\/wp-json\/wp\/v2\/pages\/11301","targetHints":{"allow":["GET"]}}],"collection":[{"href":"https:\/\/tiketi.com\/fr-fr\/wp-json\/wp\/v2\/pages"}],"about":[{"href":"https:\/\/tiketi.com\/fr-fr\/wp-json\/wp\/v2\/types\/page"}],"author":[{"embeddable":true,"href":"https:\/\/tiketi.com\/fr-fr\/wp-json\/wp\/v2\/users\/1"}],"replies":[{"embeddable":true,"href":"https:\/\/tiketi.com\/fr-fr\/wp-json\/wp\/v2\/comments?post=11301"}],"version-history":[{"count":0,"href":"https:\/\/tiketi.com\/fr-fr\/wp-json\/wp\/v2\/pages\/11301\/revisions"}],"wp:featuredmedia":[{"embeddable":true,"href":"https:\/\/tiketi.com\/fr-fr\/wp-json\/wp\/v2\/media\/13999"}],"wp:attachment":[{"href":"https:\/\/tiketi.com\/fr-fr\/wp-json\/wp\/v2\/media?parent=11301"}],"curies":[{"name":"wp","href":"https:\/\/api.w.org\/{rel}","templated":true}]}}