{"id":11302,"date":"2022-01-19T12:54:28","date_gmt":"2022-01-19T11:54:28","guid":{"rendered":"https:\/\/new.tiketi.com\/how-to-get-dubai-visa-from-tanzania\/"},"modified":"2023-03-10T17:42:39","modified_gmt":"2023-03-10T16:42:39","slug":"dubai-visa-from-tanzania","status":"publish","type":"page","link":"https:\/\/tiketi.com\/fr-fr\/visa\/dubai-visa-from-tanzania\/","title":{"rendered":"Comment obtenir un visa de Duba\u00ef depuis la Tanzanie"},"content":{"rendered":"<h2>Conseils pour faire une demande de visa pour Duba\u00ef depuis la Tanzanie<\/h2>\n<h3>Obtenir un visa de Duba\u00ef pour les Tanzaniens en ligne.<\/h3>\n<p>Voici comment obtenir un visa de Duba\u00ef depuis la Tanzanie. Les citoyens tanzaniens ont besoin d&#039;un visa pour Duba\u00ef depuis la Tanzanie pour se rendre aux \u00c9mirats arabes unis en tant que visiteur. Le s\u00e9jour est g\u00e9n\u00e9ralement de courte dur\u00e9e avec un d\u00e9lai de trente jours et le visa expire dans quatre-vingt-dix jours. Le demandeur doit \u00eatre pr\u00e9sent lors de la demande de visa de Duba\u00ef pour la Tanzanie et un total de deux documents est n\u00e9cessaire. Vous trouverez ci-dessous des informations utiles sur la proc\u00e9dure de demande de visa \u00e0 Duba\u00ef pour les Tanzaniens.<\/p>\n<h2>Comment obtenir un visa de Duba\u00ef depuis la Tanzanie FAQ<\/h2>\n<h3>Exigences de visa pour le visa de Duba\u00ef pour les citoyens tanzaniens<\/h3>\n<p>\u2022 Une photo d&#039;identit\u00e9 en couleur.<br \/>\n\u2022 Une copie couleur de votre passeport (doit \u00eatre valable six mois)<br \/>\n\u2022 Une copie de votre billet d&#039;avion Emirates ou de votre billet d&#039;avion de notre partenaire en partage de code.<br \/>\n\u2022 Le formulaire de demande de visa.<\/p>\n<h3>Comment faire une demande de visa pour Duba\u00ef depuis la Tanzanie<\/h3>\n<p>\u2022 Les ambassades des \u00c9mirats arabes unis ne d\u00e9livrent pas de visa touristique \u00e0 Duba\u00ef depuis la Tanzanie. Afin d&#039;obtenir un visa pour les EAU, vous devez entrer en contact avec l&#039;une des compagnies a\u00e9riennes bas\u00e9es aux EAU, un h\u00f4tel ou une agence de voyages aux EAU qui demandera un visa en votre nom aux autorit\u00e9s officielles de d\u00e9livrance des visas dans le \u00c9MIRATS ARABES UNIS.<br \/>\n\u2022 Chaque compagnie a\u00e9rienne a certaines exigences, qui doivent \u00eatre remplies pour que votre visa de Duba\u00ef pour les Tanzaniens soit organis\u00e9 par elles. L&#039;une des conditions est de voler avec eux.<br \/>\n\u2022 Les agents de voyage agr\u00e9\u00e9s et les h\u00f4tels aux EAU peuvent obtenir un visa de visiteur pour vous, \u00e0 condition que vous achetiez le billet par leur interm\u00e9diaire et que vous mainteniez la r\u00e9servation d&#039;h\u00f4tel aupr\u00e8s de l&#039;h\u00f4tel en question.<br \/>\n\u2022 Vous pouvez \u00e9galement contacter les agences de voyages de votre pays pour tout forfait visiteur accessible aux EAU en collaboration avec un voyagiste national.<\/p>\n<h2>Conseils pour faire une demande de visa pour Duba\u00ef depuis la Tanzanie<\/h2>\n<h3>Ambassade des \u00c9mirats Arabes Unis \u00e0 Dar es Salaam<\/h3>\n<p>Les services consulaires suivants sont offerts \u00e0 l&#039;ambassade des \u00c9mirats arabes unis \u00e0 Dar es Salaam.<\/p>\n<p>\u2022 Traiter la demande de visa<br \/>\n\u2022 Traiter les demandes de passeport<br \/>\n\u2022 Authentifier certains documents<br \/>\n\u2022 D\u00e9livrance de documents de voyage d&#039;urgence<br \/>\n\u2022 L\u00e9galisation de documents<br \/>\n\u2022 Certificat de bonne conduite<\/p>\n<h3>Adresse de l&#039;ambassade des \u00c9mirats arabes unis \u00e0 Dar es Salaam<\/h3>\n<p>Leviy Bereg, ville diplomatique, CI5<br \/>\nDar es Salam<br \/>\nTanzanie<\/p>","protected":false},"excerpt":{"rendered":"<p>Tips on how to apply for visa for Dubai from Tanzania Getting Dubai visa for Tanzanians online. Here is how to get Dubai Visa from Tanzania. Tanzania citizens need visa for Dubai from Tanzania for travelling to UAE as a visitor. The stay is generally little with a period of thirty days and visa expires [&hellip;]<\/p>\n","protected":false},"author":1,"featured_media":19929,"parent":27036,"menu_order":0,"comment_status":"open","ping_status":"closed","template":"template-home-modern.php","meta":{"footnotes":""},"class_list":["post-11302","page","type-page","status-publish","has-post-thumbnail","hentry"],"yoast_head":"<!-- This site is optimized with the Yoast SEO plugin v27.3 - https:\/\/yoast.com\/product\/yoast-seo-wordpress\/ -->\n<title>How to get Dubai Visa from Tanzania<\/title>\n<meta name=\"description\" content=\"Looking for requirements on how to get Dubai visa from Tanzania? Here is the simplest way how to apply for visa for Dubai from Tanzania\" \/>\n<meta name=\"robots\" content=\"index, follow, max-snippet:-1, max-image-preview:large, max-video-preview:-1\" \/>\n<link rel=\"canonical\" href=\"https:\/\/tiketi.com\/fr-fr\/visa\/kwenda-dubai-kutoka-tanzania\/\" \/>\n<meta property=\"og:locale\" content=\"fr_FR\" \/>\n<meta property=\"og:type\" content=\"article\" \/>\n<meta property=\"og:title\" content=\"How to get Dubai Visa from Tanzania\" \/>\n<meta property=\"og:description\" content=\"Looking for requirements on how to get Dubai visa from Tanzania? Here is the simplest way how to apply for visa for Dubai from Tanzania\" \/>\n<meta property=\"og:url\" content=\"https:\/\/tiketi.com\/fr-fr\/visa\/kwenda-dubai-kutoka-tanzania\/\" \/>\n<meta property=\"og:site_name\" content=\"Tiketi.com\" \/>\n<meta property=\"article:publisher\" content=\"https:\/\/www.facebook.com\/TiketiCom\/\" \/>\n<meta property=\"article:modified_time\" content=\"2023-03-10T16:42:39+00:00\" \/>\n<meta property=\"og:image\" content=\"https:\/\/tiketi.com\/wp-content\/uploads\/2019\/05\/passport-stamp-3487699_1280-1.jpg\" \/>\n\t<meta property=\"og:image:width\" content=\"1200\" \/>\n\t<meta property=\"og:image:height\" content=\"200\" \/>\n\t<meta property=\"og:image:type\" content=\"image\/jpeg\" \/>\n<meta name=\"twitter:card\" content=\"summary_large_image\" \/>\n<meta name=\"twitter:label1\" content=\"Dur\u00e9e de lecture estim\u00e9e\" \/>\n\t<meta name=\"twitter:data1\" content=\"2 minutes\" \/>\n<script type=\"application\/ld+json\" class=\"yoast-schema-graph\">{\"@context\":\"https:\\\/\\\/schema.org\",\"@graph\":[{\"@type\":\"WebPage\",\"@id\":\"https:\\\/\\\/tiketi.com\\\/sw\\\/visa\\\/kwenda-dubai-kutoka-tanzania\\\/\",\"url\":\"https:\\\/\\\/tiketi.com\\\/sw\\\/visa\\\/kwenda-dubai-kutoka-tanzania\\\/\",\"name\":\"How to get Dubai Visa from Tanzania\",\"isPartOf\":{\"@id\":\"https:\\\/\\\/tiketi.com\\\/#website\"},\"primaryImageOfPage\":{\"@id\":\"https:\\\/\\\/tiketi.com\\\/sw\\\/visa\\\/kwenda-dubai-kutoka-tanzania\\\/#primaryimage\"},\"image\":{\"@id\":\"https:\\\/\\\/tiketi.com\\\/sw\\\/visa\\\/kwenda-dubai-kutoka-tanzania\\\/#primaryimage\"},\"thumbnailUrl\":\"https:\\\/\\\/tiketi.com\\\/wp-content\\\/uploads\\\/2019\\\/05\\\/passport-stamp-3487699_1280-1.jpg\",\"datePublished\":\"2022-01-19T11:54:28+00:00\",\"dateModified\":\"2023-03-10T16:42:39+00:00\",\"description\":\"Looking for requirements on how to get Dubai visa from Tanzania? Here is the simplest way how to apply for visa for Dubai from Tanzania\",\"breadcrumb\":{\"@id\":\"https:\\\/\\\/tiketi.com\\\/sw\\\/visa\\\/kwenda-dubai-kutoka-tanzania\\\/#breadcrumb\"},\"inLanguage\":\"fr-FR\",\"potentialAction\":[{\"@type\":\"ReadAction\",\"target\":[\"https:\\\/\\\/tiketi.com\\\/sw\\\/visa\\\/kwenda-dubai-kutoka-tanzania\\\/\"]}]},{\"@type\":\"ImageObject\",\"inLanguage\":\"fr-FR\",\"@id\":\"https:\\\/\\\/tiketi.com\\\/sw\\\/visa\\\/kwenda-dubai-kutoka-tanzania\\\/#primaryimage\",\"url\":\"https:\\\/\\\/tiketi.com\\\/wp-content\\\/uploads\\\/2019\\\/05\\\/passport-stamp-3487699_1280-1.jpg\",\"contentUrl\":\"https:\\\/\\\/tiketi.com\\\/wp-content\\\/uploads\\\/2019\\\/05\\\/passport-stamp-3487699_1280-1.jpg\",\"width\":1200,\"height\":200,\"caption\":\"How to get Visa from\"},{\"@type\":\"BreadcrumbList\",\"@id\":\"https:\\\/\\\/tiketi.com\\\/sw\\\/visa\\\/kwenda-dubai-kutoka-tanzania\\\/#breadcrumb\",\"itemListElement\":[{\"@type\":\"ListItem\",\"position\":1,\"name\":\"Home\",\"item\":\"https:\\\/\\\/tiketi.com\\\/\"},{\"@type\":\"ListItem\",\"position\":2,\"name\":\"Apply for a Visa\",\"item\":\"https:\\\/\\\/tiketi.com\\\/fr-fr\\\/visa\\\/\"},{\"@type\":\"ListItem\",\"position\":3,\"name\":\"How to get Dubai Visa from Tanzania\"}]},{\"@type\":\"WebSite\",\"@id\":\"https:\\\/\\\/tiketi.com\\\/#website\",\"url\":\"https:\\\/\\\/tiketi.com\\\/\",\"name\":\"Flight & Bus Tickets, Tour Packages & Activitites - Tiketi.com\",\"description\":\"Flight &amp; Bus Tickets, Tours, Activitites\",\"publisher\":{\"@id\":\"https:\\\/\\\/tiketi.com\\\/#organization\"},\"potentialAction\":[{\"@type\":\"SearchAction\",\"target\":{\"@type\":\"EntryPoint\",\"urlTemplate\":\"https:\\\/\\\/tiketi.com\\\/?s={search_term_string}\"},\"query-input\":{\"@type\":\"PropertyValueSpecification\",\"valueRequired\":true,\"valueName\":\"search_term_string\"}}],\"inLanguage\":\"fr-FR\"},{\"@type\":\"Organization\",\"@id\":\"https:\\\/\\\/tiketi.com\\\/#organization\",\"name\":\"Tiketi.com\",\"alternateName\":\"Tiketi\",\"url\":\"https:\\\/\\\/tiketi.com\\\/\",\"logo\":{\"@type\":\"ImageObject\",\"inLanguage\":\"fr-FR\",\"@id\":\"https:\\\/\\\/tiketi.com\\\/#\\\/schema\\\/logo\\\/image\\\/\",\"url\":\"https:\\\/\\\/tiketi.com\\\/wp-content\\\/uploads\\\/2019\\\/05\\\/tiketi-logo-696.png\",\"contentUrl\":\"https:\\\/\\\/tiketi.com\\\/wp-content\\\/uploads\\\/2019\\\/05\\\/tiketi-logo-696.png\",\"width\":696,\"height\":696,\"caption\":\"Tiketi.com\"},\"image\":{\"@id\":\"https:\\\/\\\/tiketi.com\\\/#\\\/schema\\\/logo\\\/image\\\/\"},\"sameAs\":[\"https:\\\/\\\/www.facebook.com\\\/TiketiCom\\\/\"]}]}<\/script>\n<!-- \/ Yoast SEO plugin. -->","yoast_head_json":{"title":"Comment obtenir un visa de Duba\u00ef depuis la Tanzanie","description":"Vous recherchez des exigences sur la fa\u00e7on d&#039;obtenir un visa de Duba\u00ef depuis la Tanzanie? Voici le moyen le plus simple de demander un visa pour Duba\u00ef depuis la Tanzanie","robots":{"index":"index","follow":"follow","max-snippet":"max-snippet:-1","max-image-preview":"max-image-preview:large","max-video-preview":"max-video-preview:-1"},"canonical":"https:\/\/tiketi.com\/fr-fr\/visa\/kwenda-dubai-kutoka-tanzania\/","og_locale":"fr_FR","og_type":"article","og_title":"How to get Dubai Visa from Tanzania","og_description":"Looking for requirements on how to get Dubai visa from Tanzania? Here is the simplest way how to apply for visa for Dubai from Tanzania","og_url":"https:\/\/tiketi.com\/fr-fr\/visa\/kwenda-dubai-kutoka-tanzania\/","og_site_name":"Tiketi.com","article_publisher":"https:\/\/www.facebook.com\/TiketiCom\/","article_modified_time":"2023-03-10T16:42:39+00:00","og_image":[{"width":1200,"height":200,"url":"https:\/\/tiketi.com\/wp-content\/uploads\/2019\/05\/passport-stamp-3487699_1280-1.jpg","type":"image\/jpeg"}],"twitter_card":"summary_large_image","twitter_misc":{"Dur\u00e9e de lecture estim\u00e9e":"2 minutes"},"schema":{"@context":"https:\/\/schema.org","@graph":[{"@type":"WebPage","@id":"https:\/\/tiketi.com\/sw\/visa\/kwenda-dubai-kutoka-tanzania\/","url":"https:\/\/tiketi.com\/sw\/visa\/kwenda-dubai-kutoka-tanzania\/","name":"Comment obtenir un visa de Duba\u00ef depuis la Tanzanie","isPartOf":{"@id":"https:\/\/tiketi.com\/#website"},"primaryImageOfPage":{"@id":"https:\/\/tiketi.com\/sw\/visa\/kwenda-dubai-kutoka-tanzania\/#primaryimage"},"image":{"@id":"https:\/\/tiketi.com\/sw\/visa\/kwenda-dubai-kutoka-tanzania\/#primaryimage"},"thumbnailUrl":"https:\/\/tiketi.com\/wp-content\/uploads\/2019\/05\/passport-stamp-3487699_1280-1.jpg","datePublished":"2022-01-19T11:54:28+00:00","dateModified":"2023-03-10T16:42:39+00:00","description":"Vous recherchez des exigences sur la fa\u00e7on d&#039;obtenir un visa de Duba\u00ef depuis la Tanzanie? Voici le moyen le plus simple de demander un visa pour Duba\u00ef depuis la Tanzanie","breadcrumb":{"@id":"https:\/\/tiketi.com\/sw\/visa\/kwenda-dubai-kutoka-tanzania\/#breadcrumb"},"inLanguage":"fr-FR","potentialAction":[{"@type":"ReadAction","target":["https:\/\/tiketi.com\/sw\/visa\/kwenda-dubai-kutoka-tanzania\/"]}]},{"@type":"ImageObject","inLanguage":"fr-FR","@id":"https:\/\/tiketi.com\/sw\/visa\/kwenda-dubai-kutoka-tanzania\/#primaryimage","url":"https:\/\/tiketi.com\/wp-content\/uploads\/2019\/05\/passport-stamp-3487699_1280-1.jpg","contentUrl":"https:\/\/tiketi.com\/wp-content\/uploads\/2019\/05\/passport-stamp-3487699_1280-1.jpg","width":1200,"height":200,"caption":"How to get Visa from"},{"@type":"BreadcrumbList","@id":"https:\/\/tiketi.com\/sw\/visa\/kwenda-dubai-kutoka-tanzania\/#breadcrumb","itemListElement":[{"@type":"ListItem","position":1,"name":"Home","item":"https:\/\/tiketi.com\/"},{"@type":"ListItem","position":2,"name":"Apply for a Visa","item":"https:\/\/tiketi.com\/fr-fr\/visa\/"},{"@type":"ListItem","position":3,"name":"How to get Dubai Visa from Tanzania"}]},{"@type":"WebSite","@id":"https:\/\/tiketi.com\/#website","url":"https:\/\/tiketi.com\/","name":"Billets d&#039;avion et de bus, forfaits touristiques et activit\u00e9s - Tiketi.com","description":"Billets d&#039;avion et de bus, Tours, Activit\u00e9s","publisher":{"@id":"https:\/\/tiketi.com\/#organization"},"potentialAction":[{"@type":"SearchAction","target":{"@type":"EntryPoint","urlTemplate":"https:\/\/tiketi.com\/?s={search_term_string}"},"query-input":{"@type":"PropertyValueSpecification","valueRequired":true,"valueName":"search_term_string"}}],"inLanguage":"fr-FR"},{"@type":"Organization","@id":"https:\/\/tiketi.com\/#organization","name":"Tiketi.com","alternateName":"Tiketi","url":"https:\/\/tiketi.com\/","logo":{"@type":"ImageObject","inLanguage":"fr-FR","@id":"https:\/\/tiketi.com\/#\/schema\/logo\/image\/","url":"https:\/\/tiketi.com\/wp-content\/uploads\/2019\/05\/tiketi-logo-696.png","contentUrl":"https:\/\/tiketi.com\/wp-content\/uploads\/2019\/05\/tiketi-logo-696.png","width":696,"height":696,"caption":"Tiketi.com"},"image":{"@id":"https:\/\/tiketi.com\/#\/schema\/logo\/image\/"},"sameAs":["https:\/\/www.facebook.com\/TiketiCom\/"]}]}},"_links":{"self":[{"href":"https:\/\/tiketi.com\/fr-fr\/wp-json\/wp\/v2\/pages\/11302","targetHints":{"allow":["GET"]}}],"collection":[{"href":"https:\/\/tiketi.com\/fr-fr\/wp-json\/wp\/v2\/pages"}],"about":[{"href":"https:\/\/tiketi.com\/fr-fr\/wp-json\/wp\/v2\/types\/page"}],"author":[{"embeddable":true,"href":"https:\/\/tiketi.com\/fr-fr\/wp-json\/wp\/v2\/users\/1"}],"replies":[{"embeddable":true,"href":"https:\/\/tiketi.com\/fr-fr\/wp-json\/wp\/v2\/comments?post=11302"}],"version-history":[{"count":0,"href":"https:\/\/tiketi.com\/fr-fr\/wp-json\/wp\/v2\/pages\/11302\/revisions"}],"up":[{"embeddable":true,"href":"https:\/\/tiketi.com\/fr-fr\/wp-json\/wp\/v2\/pages\/27036"}],"wp:featuredmedia":[{"embeddable":true,"href":"https:\/\/tiketi.com\/fr-fr\/wp-json\/wp\/v2\/media\/19929"}],"wp:attachment":[{"href":"https:\/\/tiketi.com\/fr-fr\/wp-json\/wp\/v2\/media?parent=11302"}],"curies":[{"name":"wp","href":"https:\/\/api.w.org\/{rel}","templated":true}]}}