{"id":11303,"date":"2022-01-19T12:54:28","date_gmt":"2022-01-19T11:54:28","guid":{"rendered":"https:\/\/new.tiketi.com\/how-to-get-dubai-visa-from-ghana\/"},"modified":"2023-02-14T18:46:17","modified_gmt":"2023-02-14T17:46:17","slug":"how-to-get-dubai-visa-from-ghana","status":"publish","type":"page","link":"https:\/\/tiketi.com\/fr-fr\/how-to-get-dubai-visa-from-ghana\/","title":{"rendered":"Comment obtenir un visa de Duba\u00ef depuis le Ghana"},"content":{"rendered":"<h2>Conseils pour obtenir un visa pour Duba\u00ef depuis le Ghana<\/h2>\n<h3>Demander un visa \u00e0 Duba\u00ef pour les Ghan\u00e9ens facilement en ligne.<\/h3>\n<p>Voici comment obtenir un visa de Duba\u00ef depuis le Ghana. Les citoyens ghan\u00e9ens peuvent demander en ligne un visa \u00e9lectronique (eVisa) pour Duba\u00ef depuis le Ghana. Duba\u00ef est sans aucun doute l&#039;un des lieux touristiques les plus c\u00e9l\u00e8bres du Moyen-Orient. Des millions de personnes de l&#039;ext\u00e9rieur visitent cette ville des \u00c9mirats arabes unis. Du plus haut b\u00e2timent au plus grand centre commercial, Duba\u00ef est c\u00e9l\u00e8bre pour sa nouvelle culture et son architecture. Vous trouverez ci-dessous des informations utiles sur la fa\u00e7on d&#039;acqu\u00e9rir un visa de Duba\u00ef pour les Ghan\u00e9ens.<\/p>\n<h2>Comment obtenir un visa de Duba\u00ef depuis le Ghana FAQ<\/h2>\n<h3>Exigences en mati\u00e8re de visa pour les citoyens de Duba\u00ef en provenance du Ghana<\/h3>\n<p>\u2022 Carte de d\u00e9bit ou de cr\u00e9dit pour payer les frais de traitement eVisa<br \/>\n\u2022 Un passeport en cours de validit\u00e9 d\u00e9livr\u00e9 par l&#039;administration ghan\u00e9enne<br \/>\n\u2022 Une adresse e-mail valide<br \/>\n\u2022 R\u00e9servation confirm\u00e9e de billets d&#039;avion avec billets aller-retour<br \/>\n\u2022 D\u00e9tails de la r\u00e9servation d&#039;h\u00f4tel<\/p>\n<h3>Types de visa pour les citoyens du Ghana<\/h3>\n<p>Les visas touristiques de Duba\u00ef pour les Ghan\u00e9ens sont les visas accord\u00e9s aux citoyens \u00e0 des fins de divertissement. Ces visas promettent un s\u00e9jour d&#039;une dur\u00e9e pr\u00e9d\u00e9termin\u00e9e.<\/p>\n<p><strong>\u00a014 jours<\/strong><\/p>\n<p>\u2022 30\u00a0jours (entr\u00e9e unique)<br \/>\n\u2022 30 jours (Entr\u00e9e multiple)<br \/>\n\u2022 90\u00a0jours (entr\u00e9e unique)<br \/>\n\u2022 90\u00a0jours (entr\u00e9es multiples)<\/p>\n<h3><strong>Visa de transit<\/strong><\/h3>\n<p>Un visa de transit est un visa qui dure extr\u00eamement peu de temps. Supposons que vous ayez une escale et que vous souhaitiez explorer cette ville plut\u00f4t que de passer des heures \u00e0 l&#039;a\u00e9roport, c&#039;est le visa dont vous avez besoin.<\/p>\n<p>\u2022 Visa de transit de quarante-huit heures<br \/>\n\u2022 Visa de transit de quatre-vingt-seize heures<\/p>\n<h3>Combien co\u00fbte un visa pour Duba\u00ef depuis le Ghana 2020 ?<\/h3>\n<p><strong>TYPE DE VISA\u00a0 \u00a0 <\/strong>\u00a0 \u00a0 \u00a0 \u00a0 \u00a0 \u00a0 \u00a0 \u00a0 \u00a0 \u00a0 \u00a0 \u00a0 \u00a0 \u00a0 \u00a0 \u00a0 \u00a0 \u00a0 <strong>\u00a0 \u00a0 FRAIS DE VISA (GHS)<\/strong><br \/>\nVisa touristique 463<br \/>\n96 heures Visa 193<br \/>\nVisa 14 jours 463<br \/>\nVisa touristique express 571<br \/>\nExpress 96 heures Visa 301<br \/>\nVisa express 14 jours 571<br \/>\nVisa 90 jours 952<br \/>\nVisa \u00e0 long terme \u00e0 entr\u00e9es multiples de 90 jours 2320<br \/>\nVisa \u00e0 court terme \u00e0 entr\u00e9es multiples de 30 jours 917<br \/>\nFrais d&#039;annulation 150<\/p>\n<h3>Comment faire une demande de visa \u00e0 Duba\u00ef pour les Ghan\u00e9ens<\/h3>\n<p>\u2022 Une fois vos documents pr\u00eats, suivez les proc\u00e9dures ci-dessous pour la demande de visa de Duba\u00ef pour le Ghana.<br \/>\n\u2022 T\u00e9l\u00e9chargez la demande de visa de Duba\u00ef via Internet. Remplissez enti\u00e8rement le formulaire avec les bonnes informations.<br \/>\n\u2022 Joignez votre photo d&#039;identit\u00e9 avec un fond color\u00e9.<br \/>\n\u2022 Visitez le centre de demande de visa de Duba\u00ef au Ghana pour soumettre votre formulaire de demande et tous les autres documents d&#039;aide.<br \/>\n\u2022 Suivez votre demande de visa de Duba\u00ef via Internet.<\/p>\n<h2>Conseils pour obtenir un visa pour Duba\u00ef depuis le Ghana<\/h2>\n<p>Les citoyens venant de la r\u00e9publique du Ghana peuvent demander un visa pour se rendre \u00e0 Duba\u00ef. Il existe diff\u00e9rents types de visa Duba\u00ef du Ghana qu&#039;ils peuvent demander en fonction de la dur\u00e9e de leur s\u00e9jour.<\/p>","protected":false},"excerpt":{"rendered":"<p>Tips on how to acquire visa for Dubai from Ghana Apply for Dubai visa for Ghanaians easy online. Here is how to get Dubai Visa from Ghana. Citizens of Ghana may apply for electronic (eVisa) visa for Dubai from Ghana online. Dubai is undoubtedly one of the most famous tourist places in the Middle East. [&hellip;]<\/p>\n","protected":false},"author":1,"featured_media":19929,"parent":0,"menu_order":0,"comment_status":"open","ping_status":"closed","template":"template-home-modern.php","meta":{"footnotes":""},"class_list":["post-11303","page","type-page","status-publish","has-post-thumbnail","hentry"],"yoast_head":"<!-- This site is optimized with the Yoast SEO plugin v27.2 - https:\/\/yoast.com\/product\/yoast-seo-wordpress\/ -->\n<title>How to get Dubai Visa from Ghana<\/title>\n<meta name=\"description\" content=\"Looking for how to get Dubai Visa from Ghana? Here is the simplest way how to apply for Dubai visa for Ghanaians\" \/>\n<meta name=\"robots\" content=\"index, follow, max-snippet:-1, max-image-preview:large, max-video-preview:-1\" \/>\n<link rel=\"canonical\" href=\"https:\/\/tiketi.com\/fr-fr\/how-to-get-dubai-visa-from-ghana\/\" \/>\n<meta property=\"og:locale\" content=\"fr_FR\" \/>\n<meta property=\"og:type\" content=\"article\" \/>\n<meta property=\"og:title\" content=\"How to get Dubai Visa from Ghana\" \/>\n<meta property=\"og:description\" content=\"Looking for how to get Dubai Visa from Ghana? Here is the simplest way how to apply for Dubai visa for Ghanaians\" \/>\n<meta property=\"og:url\" content=\"https:\/\/tiketi.com\/fr-fr\/how-to-get-dubai-visa-from-ghana\/\" \/>\n<meta property=\"og:site_name\" content=\"Tiketi.com\" \/>\n<meta property=\"article:publisher\" content=\"https:\/\/www.facebook.com\/TiketiCom\/\" \/>\n<meta property=\"article:modified_time\" content=\"2023-02-14T17:46:17+00:00\" \/>\n<meta property=\"og:image\" content=\"https:\/\/tiketi.com\/wp-content\/uploads\/2019\/05\/passport-stamp-3487699_1280-1.jpg\" \/>\n\t<meta property=\"og:image:width\" content=\"1200\" \/>\n\t<meta property=\"og:image:height\" content=\"200\" \/>\n\t<meta property=\"og:image:type\" content=\"image\/jpeg\" \/>\n<meta name=\"twitter:card\" content=\"summary_large_image\" \/>\n<meta name=\"twitter:label1\" content=\"Dur\u00e9e de lecture estim\u00e9e\" \/>\n\t<meta name=\"twitter:data1\" content=\"2 minutes\" \/>\n<script type=\"application\/ld+json\" class=\"yoast-schema-graph\">{\"@context\":\"https:\/\/schema.org\",\"@graph\":[{\"@type\":\"WebPage\",\"@id\":\"https:\/\/tiketi.com\/how-to-get-dubai-visa-from-ghana\/\",\"url\":\"https:\/\/tiketi.com\/how-to-get-dubai-visa-from-ghana\/\",\"name\":\"How to get Dubai Visa from Ghana\",\"isPartOf\":{\"@id\":\"https:\/\/tiketi.com\/#website\"},\"primaryImageOfPage\":{\"@id\":\"https:\/\/tiketi.com\/how-to-get-dubai-visa-from-ghana\/#primaryimage\"},\"image\":{\"@id\":\"https:\/\/tiketi.com\/how-to-get-dubai-visa-from-ghana\/#primaryimage\"},\"thumbnailUrl\":\"https:\/\/tiketi.com\/wp-content\/uploads\/2019\/05\/passport-stamp-3487699_1280-1.jpg\",\"datePublished\":\"2022-01-19T11:54:28+00:00\",\"dateModified\":\"2023-02-14T17:46:17+00:00\",\"description\":\"Looking for how to get Dubai Visa from Ghana? Here is the simplest way how to apply for Dubai visa for Ghanaians\",\"breadcrumb\":{\"@id\":\"https:\/\/tiketi.com\/how-to-get-dubai-visa-from-ghana\/#breadcrumb\"},\"inLanguage\":\"fr-FR\",\"potentialAction\":[{\"@type\":\"ReadAction\",\"target\":[\"https:\/\/tiketi.com\/how-to-get-dubai-visa-from-ghana\/\"]}]},{\"@type\":\"ImageObject\",\"inLanguage\":\"fr-FR\",\"@id\":\"https:\/\/tiketi.com\/how-to-get-dubai-visa-from-ghana\/#primaryimage\",\"url\":\"https:\/\/tiketi.com\/wp-content\/uploads\/2019\/05\/passport-stamp-3487699_1280-1.jpg\",\"contentUrl\":\"https:\/\/tiketi.com\/wp-content\/uploads\/2019\/05\/passport-stamp-3487699_1280-1.jpg\",\"width\":1200,\"height\":200,\"caption\":\"How to get Visa from\"},{\"@type\":\"BreadcrumbList\",\"@id\":\"https:\/\/tiketi.com\/how-to-get-dubai-visa-from-ghana\/#breadcrumb\",\"itemListElement\":[{\"@type\":\"ListItem\",\"position\":1,\"name\":\"Home\",\"item\":\"https:\/\/tiketi.com\/\"},{\"@type\":\"ListItem\",\"position\":2,\"name\":\"How to get Dubai Visa from Ghana\"}]},{\"@type\":\"WebSite\",\"@id\":\"https:\/\/tiketi.com\/#website\",\"url\":\"https:\/\/tiketi.com\/\",\"name\":\"Flight & Bus Tickets, Tour Packages & Activitites - Tiketi.com\",\"description\":\"Flight &amp; Bus Tickets, Tours, Activitites\",\"publisher\":{\"@id\":\"https:\/\/tiketi.com\/#organization\"},\"potentialAction\":[{\"@type\":\"SearchAction\",\"target\":{\"@type\":\"EntryPoint\",\"urlTemplate\":\"https:\/\/tiketi.com\/?s={search_term_string}\"},\"query-input\":{\"@type\":\"PropertyValueSpecification\",\"valueRequired\":true,\"valueName\":\"search_term_string\"}}],\"inLanguage\":\"fr-FR\"},{\"@type\":\"Organization\",\"@id\":\"https:\/\/tiketi.com\/#organization\",\"name\":\"Tiketi.com\",\"alternateName\":\"Tiketi\",\"url\":\"https:\/\/tiketi.com\/\",\"logo\":{\"@type\":\"ImageObject\",\"inLanguage\":\"fr-FR\",\"@id\":\"https:\/\/tiketi.com\/#\/schema\/logo\/image\/\",\"url\":\"https:\/\/tiketi.com\/wp-content\/uploads\/2019\/05\/tiketi-logo-696.png\",\"contentUrl\":\"https:\/\/tiketi.com\/wp-content\/uploads\/2019\/05\/tiketi-logo-696.png\",\"width\":696,\"height\":696,\"caption\":\"Tiketi.com\"},\"image\":{\"@id\":\"https:\/\/tiketi.com\/#\/schema\/logo\/image\/\"},\"sameAs\":[\"https:\/\/www.facebook.com\/TiketiCom\/\"]}]}<\/script>\n<!-- \/ Yoast SEO plugin. -->","yoast_head_json":{"title":"Comment obtenir un visa de Duba\u00ef depuis le Ghana","description":"Vous cherchez comment obtenir un visa pour Duba\u00ef depuis le Ghana ? Voici le moyen le plus simple de demander un visa \u00e0 Duba\u00ef pour les Ghan\u00e9ens","robots":{"index":"index","follow":"follow","max-snippet":"max-snippet:-1","max-image-preview":"max-image-preview:large","max-video-preview":"max-video-preview:-1"},"canonical":"https:\/\/tiketi.com\/fr-fr\/how-to-get-dubai-visa-from-ghana\/","og_locale":"fr_FR","og_type":"article","og_title":"How to get Dubai Visa from Ghana","og_description":"Looking for how to get Dubai Visa from Ghana? Here is the simplest way how to apply for Dubai visa for Ghanaians","og_url":"https:\/\/tiketi.com\/fr-fr\/how-to-get-dubai-visa-from-ghana\/","og_site_name":"Tiketi.com","article_publisher":"https:\/\/www.facebook.com\/TiketiCom\/","article_modified_time":"2023-02-14T17:46:17+00:00","og_image":[{"width":1200,"height":200,"url":"https:\/\/tiketi.com\/wp-content\/uploads\/2019\/05\/passport-stamp-3487699_1280-1.jpg","type":"image\/jpeg"}],"twitter_card":"summary_large_image","twitter_misc":{"Dur\u00e9e de lecture estim\u00e9e":"2 minutes"},"schema":{"@context":"https:\/\/schema.org","@graph":[{"@type":"WebPage","@id":"https:\/\/tiketi.com\/how-to-get-dubai-visa-from-ghana\/","url":"https:\/\/tiketi.com\/how-to-get-dubai-visa-from-ghana\/","name":"Comment obtenir un visa de Duba\u00ef depuis le Ghana","isPartOf":{"@id":"https:\/\/tiketi.com\/#website"},"primaryImageOfPage":{"@id":"https:\/\/tiketi.com\/how-to-get-dubai-visa-from-ghana\/#primaryimage"},"image":{"@id":"https:\/\/tiketi.com\/how-to-get-dubai-visa-from-ghana\/#primaryimage"},"thumbnailUrl":"https:\/\/tiketi.com\/wp-content\/uploads\/2019\/05\/passport-stamp-3487699_1280-1.jpg","datePublished":"2022-01-19T11:54:28+00:00","dateModified":"2023-02-14T17:46:17+00:00","description":"Vous cherchez comment obtenir un visa pour Duba\u00ef depuis le Ghana ? Voici le moyen le plus simple de demander un visa \u00e0 Duba\u00ef pour les Ghan\u00e9ens","breadcrumb":{"@id":"https:\/\/tiketi.com\/how-to-get-dubai-visa-from-ghana\/#breadcrumb"},"inLanguage":"fr-FR","potentialAction":[{"@type":"ReadAction","target":["https:\/\/tiketi.com\/how-to-get-dubai-visa-from-ghana\/"]}]},{"@type":"ImageObject","inLanguage":"fr-FR","@id":"https:\/\/tiketi.com\/how-to-get-dubai-visa-from-ghana\/#primaryimage","url":"https:\/\/tiketi.com\/wp-content\/uploads\/2019\/05\/passport-stamp-3487699_1280-1.jpg","contentUrl":"https:\/\/tiketi.com\/wp-content\/uploads\/2019\/05\/passport-stamp-3487699_1280-1.jpg","width":1200,"height":200,"caption":"How to get Visa from"},{"@type":"BreadcrumbList","@id":"https:\/\/tiketi.com\/how-to-get-dubai-visa-from-ghana\/#breadcrumb","itemListElement":[{"@type":"ListItem","position":1,"name":"Home","item":"https:\/\/tiketi.com\/"},{"@type":"ListItem","position":2,"name":"How to get Dubai Visa from Ghana"}]},{"@type":"WebSite","@id":"https:\/\/tiketi.com\/#website","url":"https:\/\/tiketi.com\/","name":"Billets d&#039;avion et de bus, forfaits touristiques et activit\u00e9s - Tiketi.com","description":"Billets d&#039;avion et de bus, Tours, Activit\u00e9s","publisher":{"@id":"https:\/\/tiketi.com\/#organization"},"potentialAction":[{"@type":"SearchAction","target":{"@type":"EntryPoint","urlTemplate":"https:\/\/tiketi.com\/?s={search_term_string}"},"query-input":{"@type":"PropertyValueSpecification","valueRequired":true,"valueName":"search_term_string"}}],"inLanguage":"fr-FR"},{"@type":"Organization","@id":"https:\/\/tiketi.com\/#organization","name":"Tiketi.com","alternateName":"Tiketi","url":"https:\/\/tiketi.com\/","logo":{"@type":"ImageObject","inLanguage":"fr-FR","@id":"https:\/\/tiketi.com\/#\/schema\/logo\/image\/","url":"https:\/\/tiketi.com\/wp-content\/uploads\/2019\/05\/tiketi-logo-696.png","contentUrl":"https:\/\/tiketi.com\/wp-content\/uploads\/2019\/05\/tiketi-logo-696.png","width":696,"height":696,"caption":"Tiketi.com"},"image":{"@id":"https:\/\/tiketi.com\/#\/schema\/logo\/image\/"},"sameAs":["https:\/\/www.facebook.com\/TiketiCom\/"]}]}},"_links":{"self":[{"href":"https:\/\/tiketi.com\/fr-fr\/wp-json\/wp\/v2\/pages\/11303","targetHints":{"allow":["GET"]}}],"collection":[{"href":"https:\/\/tiketi.com\/fr-fr\/wp-json\/wp\/v2\/pages"}],"about":[{"href":"https:\/\/tiketi.com\/fr-fr\/wp-json\/wp\/v2\/types\/page"}],"author":[{"embeddable":true,"href":"https:\/\/tiketi.com\/fr-fr\/wp-json\/wp\/v2\/users\/1"}],"replies":[{"embeddable":true,"href":"https:\/\/tiketi.com\/fr-fr\/wp-json\/wp\/v2\/comments?post=11303"}],"version-history":[{"count":0,"href":"https:\/\/tiketi.com\/fr-fr\/wp-json\/wp\/v2\/pages\/11303\/revisions"}],"wp:featuredmedia":[{"embeddable":true,"href":"https:\/\/tiketi.com\/fr-fr\/wp-json\/wp\/v2\/media\/19929"}],"wp:attachment":[{"href":"https:\/\/tiketi.com\/fr-fr\/wp-json\/wp\/v2\/media?parent=11303"}],"curies":[{"name":"wp","href":"https:\/\/api.w.org\/{rel}","templated":true}]}}