{"id":11304,"date":"2022-01-19T12:54:28","date_gmt":"2022-01-19T11:54:28","guid":{"rendered":"https:\/\/new.tiketi.com\/how-to-get-dubai-visa-from-nigeria\/"},"modified":"2023-02-14T18:56:48","modified_gmt":"2023-02-14T17:56:48","slug":"how-to-get-dubai-visa-from-nigeria","status":"publish","type":"page","link":"https:\/\/tiketi.com\/fr-fr\/how-to-get-dubai-visa-from-nigeria\/","title":{"rendered":"Comment obtenir un visa de Duba\u00ef depuis le Nig\u00e9ria"},"content":{"rendered":"<h2>Conseils sur la fa\u00e7on de demander un visa pour Duba\u00ef depuis le Nigeria<\/h2>\n<h3>Demander un visa \u00e0 Duba\u00ef pour les Nig\u00e9rians facilement en ligne.<\/h3>\n<p>Voici comment obtenir un visa pour Duba\u00ef depuis le Nigeria. Obtenir un visa pour Duba\u00ef depuis le Nigeria pour visiter Duba\u00ef n&#039;est pas difficile \u00e0 condition que vous disposiez de toutes les informations de correspondance pour obtenir le type de visa dont vous avez besoin. Vous trouverez ci-dessous des informations utiles sur la proc\u00e9dure de demande de visa \u00e0 Duba\u00ef pour les Nig\u00e9rians.<\/p>\n<p>Duba\u00ef est un lieu privil\u00e9gi\u00e9 pour les affaires et une destination de choix pour les voyages de vacances. La ville la plus peupl\u00e9e des \u00c9mirats arabes unis est l&#039;un des pays en d\u00e9veloppement les plus rapides de la plan\u00e8te avec l&#039;a\u00e9roport international le plus fr\u00e9quent\u00e9 et des b\u00e2timents embl\u00e9matiques comme Burj Khalifa.<\/p>\n<h2>Comment obtenir un visa de Duba\u00ef depuis le Nigeria FAQ<\/h2>\n<h3>Exigences en mati\u00e8re de visa pour les citoyens nig\u00e9rians de Duba\u00ef<\/h3>\n<p>\u2022 Une photo d&#039;identit\u00e9 en couleur.<br \/>\n\u2022 Une copie couleur de votre passeport (doit \u00eatre valable six mois)<br \/>\n\u2022 Une copie de votre billet d&#039;avion Emirates ou de votre billet d&#039;avion de notre partenaire en partage de code.<br \/>\n\u2022 Le formulaire de demande de visa.<\/p>\n<p>Les d\u00e9tenteurs de passeports nig\u00e9rians ont besoin d&#039;un visa de Duba\u00ef pour les Nig\u00e9rians. Le processus peut \u00eatre assez indolore avec quelques conseils. Vous devrez faire votre demande au centre de demande de visa de Duba\u00ef pour le Nigeria \u00e0 Lagos ou en ligne. Les voyageurs peuvent demander leur visa pour Duba\u00ef au plus tard deux mois avant leur date de voyage, car la validit\u00e9 du visa est de cinquante-huit jours \u00e0 compter de la date de d\u00e9livrance. Le plus tard que les voyageurs sont en mesure de demander un visa est de deux semaines avant la date de d\u00e9part.<\/p>\n<h3>Comment obtenir un visa pour les \u00c9mirats arabes unis depuis le Nig\u00e9ria<\/h3>\n<h4>Combien co\u00fbte un visa pour Duba\u00ef depuis le Nigeria 2020 ?<\/h4>\n<p><strong>Type de visa\u00a0<\/strong>\u00a0 <strong>\u00a0 \u00a0 \u00a0 \u00a0 \u00a0 \u00a0 \u00a0 \u00a0 \u00a0 \u00a0 \u00a0 \u00a0 \u00a0 \u00a0 \u00a0 \u00a0 \u00a0 \u00a0 \u00a0 \u00a0 \u00a0Frais de visa\u00a0<\/strong><br \/>\nVisa de 30 jours \u20a6 30 000<br \/>\nVisa de 96 heures 23 000 \u20a6<br \/>\nVisa de 14 jours \u20a6 30 000<br \/>\nVisa de 90 jours \u20a6 63 000<br \/>\nVisa \u00e0 long terme \u00e0 entr\u00e9es multiples de 90 jours 154 000 \u20a6<br \/>\nVisa \u00e0 court terme \u00e0 entr\u00e9es multiples de 30 jours 61 000 \u20a6<br \/>\nFrais d&#039;annulation \u20a6 8,400<\/p>\n<h3>O\u00f9 appliquer un visa de Duba\u00ef pour les Nig\u00e9rians<\/h3>\n<h4>Les demandeurs de visa de Duba\u00ef peuvent localiser un centre de traitement VFS \u00e0 Lagos\u00a0:<\/h4>\n<p>Adresse : VFS Global, Manor House, Plot 110, Admiral Ayinla Way, Opposite Treasure Garden Estate, 3rd Roundabout, Lekki-Epe Expressway, Lekki Phase I, Lagos<br \/>\nHoraires d&#039;ouverture\u00a0: du lundi au vendredi\u00a0: de 08h00 \u00e0 15h00<\/p>\n<h2>Conseils pour faire une demande de visa pour Duba\u00ef depuis le Nigeria<\/h2>\n<h3>Comment prendre rendez-vous<\/h3>\n<p>Lors de la demande de votre visa touristique de Duba\u00ef pour Duba\u00ef depuis le Nigeria aupr\u00e8s de VFS Global, vous devez effectuer les op\u00e9rations suivantes\u00a0:<\/p>\n<p>\u2022 Remplissez le formulaire de demande<br \/>\n\u2022 Soumettez tous les documents importants<br \/>\n\u2022 Payer les frais de candidature<\/p>\n<p>Les soumissions sont accept\u00e9es entre 8 h et 15 h, du lundi au vendredi.<\/p>\n<h3>O\u00f9 imprimer<\/h3>\n<p>Centre d&#039;impression limit\u00e9<br \/>\nAdresse: Bloc 68, parcelle 23, Bisola Durosinmi Etti Drive, lekki Phase One, Lagos, Lekki Phase I, Lekki<br \/>\nEntreprises gant\u00e9es<br \/>\nAdresse : Igbo Efon, Lekki, 6 rue Baala, p\u00e9ninsule de Lekki II, Lekki<\/p>","protected":false},"excerpt":{"rendered":"<p>Tips on how to apply for visa for Dubai from Nigeria Apply for Dubai visa for Nigerians easy online. Here is how to get Dubai Visa from Nigeria. Getting a visa for Dubai from Nigeria to visit Dubai is not difficult provided that you have all the match information to get the type of visa [&hellip;]<\/p>\n","protected":false},"author":1,"featured_media":19929,"parent":0,"menu_order":0,"comment_status":"open","ping_status":"closed","template":"template-home-modern.php","meta":{"footnotes":""},"class_list":["post-11304","page","type-page","status-publish","has-post-thumbnail","hentry"],"yoast_head":"<!-- This site is optimized with the Yoast SEO plugin v27.3 - https:\/\/yoast.com\/product\/yoast-seo-wordpress\/ -->\n<title>How to get Dubai Visa from Nigeria<\/title>\n<meta name=\"description\" content=\"Looking for how to apply for Dubai visa from Nigeria? Here is the simplest way how to apply for Dubai visa from Nigeria\" \/>\n<meta name=\"robots\" content=\"index, follow, max-snippet:-1, max-image-preview:large, max-video-preview:-1\" \/>\n<link rel=\"canonical\" href=\"https:\/\/tiketi.com\/fr-fr\/how-to-get-dubai-visa-from-nigeria\/\" \/>\n<meta property=\"og:locale\" content=\"fr_FR\" \/>\n<meta property=\"og:type\" content=\"article\" \/>\n<meta property=\"og:title\" content=\"How to get Dubai Visa from Nigeria\" \/>\n<meta property=\"og:description\" content=\"Looking for how to apply for Dubai visa from Nigeria? Here is the simplest way how to apply for Dubai visa from Nigeria\" \/>\n<meta property=\"og:url\" content=\"https:\/\/tiketi.com\/fr-fr\/how-to-get-dubai-visa-from-nigeria\/\" \/>\n<meta property=\"og:site_name\" content=\"Tiketi.com\" \/>\n<meta property=\"article:publisher\" content=\"https:\/\/www.facebook.com\/TiketiCom\/\" \/>\n<meta property=\"article:modified_time\" content=\"2023-02-14T17:56:48+00:00\" \/>\n<meta property=\"og:image\" content=\"https:\/\/tiketi.com\/wp-content\/uploads\/2019\/05\/passport-stamp-3487699_1280-1.jpg\" \/>\n\t<meta property=\"og:image:width\" content=\"1200\" \/>\n\t<meta property=\"og:image:height\" content=\"200\" \/>\n\t<meta property=\"og:image:type\" content=\"image\/jpeg\" \/>\n<meta name=\"twitter:card\" content=\"summary_large_image\" \/>\n<meta name=\"twitter:label1\" content=\"Dur\u00e9e de lecture estim\u00e9e\" \/>\n\t<meta name=\"twitter:data1\" content=\"2 minutes\" \/>\n<script type=\"application\/ld+json\" class=\"yoast-schema-graph\">{\"@context\":\"https:\\\/\\\/schema.org\",\"@graph\":[{\"@type\":\"WebPage\",\"@id\":\"https:\\\/\\\/tiketi.com\\\/how-to-get-dubai-visa-from-nigeria\\\/\",\"url\":\"https:\\\/\\\/tiketi.com\\\/how-to-get-dubai-visa-from-nigeria\\\/\",\"name\":\"How to get Dubai Visa from Nigeria\",\"isPartOf\":{\"@id\":\"https:\\\/\\\/tiketi.com\\\/#website\"},\"primaryImageOfPage\":{\"@id\":\"https:\\\/\\\/tiketi.com\\\/how-to-get-dubai-visa-from-nigeria\\\/#primaryimage\"},\"image\":{\"@id\":\"https:\\\/\\\/tiketi.com\\\/how-to-get-dubai-visa-from-nigeria\\\/#primaryimage\"},\"thumbnailUrl\":\"https:\\\/\\\/tiketi.com\\\/wp-content\\\/uploads\\\/2019\\\/05\\\/passport-stamp-3487699_1280-1.jpg\",\"datePublished\":\"2022-01-19T11:54:28+00:00\",\"dateModified\":\"2023-02-14T17:56:48+00:00\",\"description\":\"Looking for how to apply for Dubai visa from Nigeria? Here is the simplest way how to apply for Dubai visa from Nigeria\",\"breadcrumb\":{\"@id\":\"https:\\\/\\\/tiketi.com\\\/how-to-get-dubai-visa-from-nigeria\\\/#breadcrumb\"},\"inLanguage\":\"fr-FR\",\"potentialAction\":[{\"@type\":\"ReadAction\",\"target\":[\"https:\\\/\\\/tiketi.com\\\/how-to-get-dubai-visa-from-nigeria\\\/\"]}]},{\"@type\":\"ImageObject\",\"inLanguage\":\"fr-FR\",\"@id\":\"https:\\\/\\\/tiketi.com\\\/how-to-get-dubai-visa-from-nigeria\\\/#primaryimage\",\"url\":\"https:\\\/\\\/tiketi.com\\\/wp-content\\\/uploads\\\/2019\\\/05\\\/passport-stamp-3487699_1280-1.jpg\",\"contentUrl\":\"https:\\\/\\\/tiketi.com\\\/wp-content\\\/uploads\\\/2019\\\/05\\\/passport-stamp-3487699_1280-1.jpg\",\"width\":1200,\"height\":200,\"caption\":\"How to get Visa from\"},{\"@type\":\"BreadcrumbList\",\"@id\":\"https:\\\/\\\/tiketi.com\\\/how-to-get-dubai-visa-from-nigeria\\\/#breadcrumb\",\"itemListElement\":[{\"@type\":\"ListItem\",\"position\":1,\"name\":\"Home\",\"item\":\"https:\\\/\\\/tiketi.com\\\/\"},{\"@type\":\"ListItem\",\"position\":2,\"name\":\"How to get Dubai Visa from Nigeria\"}]},{\"@type\":\"WebSite\",\"@id\":\"https:\\\/\\\/tiketi.com\\\/#website\",\"url\":\"https:\\\/\\\/tiketi.com\\\/\",\"name\":\"Flight & Bus Tickets, Tour Packages & Activitites - Tiketi.com\",\"description\":\"Flight &amp; Bus Tickets, Tours, Activitites\",\"publisher\":{\"@id\":\"https:\\\/\\\/tiketi.com\\\/#organization\"},\"potentialAction\":[{\"@type\":\"SearchAction\",\"target\":{\"@type\":\"EntryPoint\",\"urlTemplate\":\"https:\\\/\\\/tiketi.com\\\/?s={search_term_string}\"},\"query-input\":{\"@type\":\"PropertyValueSpecification\",\"valueRequired\":true,\"valueName\":\"search_term_string\"}}],\"inLanguage\":\"fr-FR\"},{\"@type\":\"Organization\",\"@id\":\"https:\\\/\\\/tiketi.com\\\/#organization\",\"name\":\"Tiketi.com\",\"alternateName\":\"Tiketi\",\"url\":\"https:\\\/\\\/tiketi.com\\\/\",\"logo\":{\"@type\":\"ImageObject\",\"inLanguage\":\"fr-FR\",\"@id\":\"https:\\\/\\\/tiketi.com\\\/#\\\/schema\\\/logo\\\/image\\\/\",\"url\":\"https:\\\/\\\/tiketi.com\\\/wp-content\\\/uploads\\\/2019\\\/05\\\/tiketi-logo-696.png\",\"contentUrl\":\"https:\\\/\\\/tiketi.com\\\/wp-content\\\/uploads\\\/2019\\\/05\\\/tiketi-logo-696.png\",\"width\":696,\"height\":696,\"caption\":\"Tiketi.com\"},\"image\":{\"@id\":\"https:\\\/\\\/tiketi.com\\\/#\\\/schema\\\/logo\\\/image\\\/\"},\"sameAs\":[\"https:\\\/\\\/www.facebook.com\\\/TiketiCom\\\/\"]}]}<\/script>\n<!-- \/ Yoast SEO plugin. -->","yoast_head_json":{"title":"Comment obtenir un visa de Duba\u00ef depuis le Nig\u00e9ria","description":"Vous cherchez comment faire une demande de visa pour Duba\u00ef depuis le Nig\u00e9ria? Voici le moyen le plus simple de demander un visa \u00e0 Duba\u00ef depuis le Nig\u00e9ria","robots":{"index":"index","follow":"follow","max-snippet":"max-snippet:-1","max-image-preview":"max-image-preview:large","max-video-preview":"max-video-preview:-1"},"canonical":"https:\/\/tiketi.com\/fr-fr\/how-to-get-dubai-visa-from-nigeria\/","og_locale":"fr_FR","og_type":"article","og_title":"How to get Dubai Visa from Nigeria","og_description":"Looking for how to apply for Dubai visa from Nigeria? Here is the simplest way how to apply for Dubai visa from Nigeria","og_url":"https:\/\/tiketi.com\/fr-fr\/how-to-get-dubai-visa-from-nigeria\/","og_site_name":"Tiketi.com","article_publisher":"https:\/\/www.facebook.com\/TiketiCom\/","article_modified_time":"2023-02-14T17:56:48+00:00","og_image":[{"width":1200,"height":200,"url":"https:\/\/tiketi.com\/wp-content\/uploads\/2019\/05\/passport-stamp-3487699_1280-1.jpg","type":"image\/jpeg"}],"twitter_card":"summary_large_image","twitter_misc":{"Dur\u00e9e de lecture estim\u00e9e":"2 minutes"},"schema":{"@context":"https:\/\/schema.org","@graph":[{"@type":"WebPage","@id":"https:\/\/tiketi.com\/how-to-get-dubai-visa-from-nigeria\/","url":"https:\/\/tiketi.com\/how-to-get-dubai-visa-from-nigeria\/","name":"Comment obtenir un visa de Duba\u00ef depuis le Nig\u00e9ria","isPartOf":{"@id":"https:\/\/tiketi.com\/#website"},"primaryImageOfPage":{"@id":"https:\/\/tiketi.com\/how-to-get-dubai-visa-from-nigeria\/#primaryimage"},"image":{"@id":"https:\/\/tiketi.com\/how-to-get-dubai-visa-from-nigeria\/#primaryimage"},"thumbnailUrl":"https:\/\/tiketi.com\/wp-content\/uploads\/2019\/05\/passport-stamp-3487699_1280-1.jpg","datePublished":"2022-01-19T11:54:28+00:00","dateModified":"2023-02-14T17:56:48+00:00","description":"Vous cherchez comment faire une demande de visa pour Duba\u00ef depuis le Nig\u00e9ria? Voici le moyen le plus simple de demander un visa \u00e0 Duba\u00ef depuis le Nig\u00e9ria","breadcrumb":{"@id":"https:\/\/tiketi.com\/how-to-get-dubai-visa-from-nigeria\/#breadcrumb"},"inLanguage":"fr-FR","potentialAction":[{"@type":"ReadAction","target":["https:\/\/tiketi.com\/how-to-get-dubai-visa-from-nigeria\/"]}]},{"@type":"ImageObject","inLanguage":"fr-FR","@id":"https:\/\/tiketi.com\/how-to-get-dubai-visa-from-nigeria\/#primaryimage","url":"https:\/\/tiketi.com\/wp-content\/uploads\/2019\/05\/passport-stamp-3487699_1280-1.jpg","contentUrl":"https:\/\/tiketi.com\/wp-content\/uploads\/2019\/05\/passport-stamp-3487699_1280-1.jpg","width":1200,"height":200,"caption":"How to get Visa from"},{"@type":"BreadcrumbList","@id":"https:\/\/tiketi.com\/how-to-get-dubai-visa-from-nigeria\/#breadcrumb","itemListElement":[{"@type":"ListItem","position":1,"name":"Home","item":"https:\/\/tiketi.com\/"},{"@type":"ListItem","position":2,"name":"How to get Dubai Visa from Nigeria"}]},{"@type":"WebSite","@id":"https:\/\/tiketi.com\/#website","url":"https:\/\/tiketi.com\/","name":"Billets d&#039;avion et de bus, forfaits touristiques et activit\u00e9s - Tiketi.com","description":"Billets d&#039;avion et de bus, Tours, Activit\u00e9s","publisher":{"@id":"https:\/\/tiketi.com\/#organization"},"potentialAction":[{"@type":"SearchAction","target":{"@type":"EntryPoint","urlTemplate":"https:\/\/tiketi.com\/?s={search_term_string}"},"query-input":{"@type":"PropertyValueSpecification","valueRequired":true,"valueName":"search_term_string"}}],"inLanguage":"fr-FR"},{"@type":"Organization","@id":"https:\/\/tiketi.com\/#organization","name":"Tiketi.com","alternateName":"Tiketi","url":"https:\/\/tiketi.com\/","logo":{"@type":"ImageObject","inLanguage":"fr-FR","@id":"https:\/\/tiketi.com\/#\/schema\/logo\/image\/","url":"https:\/\/tiketi.com\/wp-content\/uploads\/2019\/05\/tiketi-logo-696.png","contentUrl":"https:\/\/tiketi.com\/wp-content\/uploads\/2019\/05\/tiketi-logo-696.png","width":696,"height":696,"caption":"Tiketi.com"},"image":{"@id":"https:\/\/tiketi.com\/#\/schema\/logo\/image\/"},"sameAs":["https:\/\/www.facebook.com\/TiketiCom\/"]}]}},"_links":{"self":[{"href":"https:\/\/tiketi.com\/fr-fr\/wp-json\/wp\/v2\/pages\/11304","targetHints":{"allow":["GET"]}}],"collection":[{"href":"https:\/\/tiketi.com\/fr-fr\/wp-json\/wp\/v2\/pages"}],"about":[{"href":"https:\/\/tiketi.com\/fr-fr\/wp-json\/wp\/v2\/types\/page"}],"author":[{"embeddable":true,"href":"https:\/\/tiketi.com\/fr-fr\/wp-json\/wp\/v2\/users\/1"}],"replies":[{"embeddable":true,"href":"https:\/\/tiketi.com\/fr-fr\/wp-json\/wp\/v2\/comments?post=11304"}],"version-history":[{"count":0,"href":"https:\/\/tiketi.com\/fr-fr\/wp-json\/wp\/v2\/pages\/11304\/revisions"}],"wp:featuredmedia":[{"embeddable":true,"href":"https:\/\/tiketi.com\/fr-fr\/wp-json\/wp\/v2\/media\/19929"}],"wp:attachment":[{"href":"https:\/\/tiketi.com\/fr-fr\/wp-json\/wp\/v2\/media?parent=11304"}],"curies":[{"name":"wp","href":"https:\/\/api.w.org\/{rel}","templated":true}]}}