{"id":11305,"date":"2022-01-19T12:54:28","date_gmt":"2022-01-19T11:54:28","guid":{"rendered":"https:\/\/new.tiketi.com\/how-to-get-dubai-visa-from-kenya\/"},"modified":"2023-02-14T18:57:28","modified_gmt":"2023-02-14T17:57:28","slug":"how-to-get-dubai-visa-from-kenya","status":"publish","type":"page","link":"https:\/\/tiketi.com\/fr-fr\/how-to-get-dubai-visa-from-kenya\/","title":{"rendered":"Comment obtenir un visa pour Duba\u00ef depuis le Kenya"},"content":{"rendered":"<h2>Conseils sur la fa\u00e7on de demander un visa pour Duba\u00ef depuis le Kenya<\/h2>\n<h3>Obtenir un visa de Duba\u00ef pour les citoyens kenyans facilement en ligne.<\/h3>\n<p>Voici comment obtenir un visa pour Duba\u00ef depuis le Kenya. Les citoyens du Kenya peuvent demander un visa \u00e9lectronique (eVisa) pour Duba\u00ef depuis le Kenya en ligne. Les citoyens k\u00e9nyans peuvent obtenir un visa touristique de Duba\u00ef depuis le Kenya en remplissant un simple formulaire de demande en ligne pour les \u00c9mirats arabes unis et en t\u00e9l\u00e9chargeant les documents n\u00e9cessaires, payez votre visa Duba\u00ef depuis le Kenya gratuitement via Internet. Vous trouverez ci-dessous des informations utiles sur la proc\u00e9dure de demande de visa \u00e0 Duba\u00ef pour les citoyens kenyans.<\/p>\n<h2>Comment obtenir un visa de Duba\u00ef depuis le Kenya FAQ<\/h2>\n<h3>Comment obtenir un visa pour les \u00c9mirats arabes unis depuis le Kenya<\/h3>\n<p>La soumission d&#039;une demande de visa pour les \u00c9mirats arabes unis pour les citoyens du Kenya est un processus simple et court qui peut \u00eatre effectu\u00e9 via Internet. Pour compl\u00e9ter la demande, les candidats doivent simplement remplir et remplir un petit formulaire qui leur demande leurs coordonn\u00e9es, leur nom et adresse complets et les d\u00e9tails de leur passeport (date de d\u00e9livrance, num\u00e9ro et date d&#039;expiration).<\/p>\n<h3>Exigences de visa pour Duba\u00ef des citoyens k\u00e9nyans<\/h3>\n<p>Les Kenyans voyageant avec un visa (eVisa) Duba\u00ef pour les citoyens kenyans d\u00e9tenteurs d&#039;un passeport doivent \u00e9galement noter qu&#039;ils doivent entrer aux EAU en utilisant le passeport avec lequel ils ont demand\u00e9 le visa. En cas de divergence entre le passeport du visiteur et les d\u00e9tails du passeport, les voyageurs peuvent se voir refuser l&#039;entr\u00e9e aux EAU.<\/p>\n<p>\u2022 Carte de d\u00e9bit ou de cr\u00e9dit pour payer les frais de traitement eVisa<br \/>\n\u2022 Un passeport en cours de validit\u00e9 d\u00e9livr\u00e9 par l&#039;administration kenyane<br \/>\n\u2022 Une adresse e-mail valide<br \/>\n\u2022 R\u00e9servation confirm\u00e9e de billets d&#039;avion avec billets aller-retour<br \/>\n\u2022 D\u00e9tails de la r\u00e9servation d&#039;h\u00f4tel<\/p>\n<h2>Comment faire une demande de visa \u00e0 Duba\u00ef pour les citoyens kenyans conseils<\/h2>\n<h3>Demande de visa en ligne pour Duba\u00ef depuis le Kenya<\/h3>\n<p>Les citoyens k\u00e9nyans qui pr\u00e9voient de se rendre aux \u00c9mirats arabes unis pour le tourisme ou les affaires pendant une p\u00e9riode de plus de quatre-vingt-dix jours, ou qui entrent dans le pays \u00e0 des fins de travail, d&#039;\u00e9tudes, de traitement m\u00e9dical, de visite \u00e0 des parents ou d&#039;immigration devront demander un visa pour Visa Dubai depuis le Kenya, m\u00eame une fois que le Dubia eVisa pour les citoyens kenyans a \u00e9t\u00e9 introduit.<\/p>\n<p>Une demande de visa traditionnel pour Duba\u00ef depuis le Kenya doit \u00eatre soumise \u00e0 un consulat ou \u00e0 une ambassade des \u00c9mirats arabes unis, et le demandeur doit assister \u00e0 un entretien en personne.<\/p>","protected":false},"excerpt":{"rendered":"<p>Tips on how to apply for visa for Dubai from Kenya Getting Dubai visa for Kenyan citizens easy online. Here is how to get Dubai visa from Kenya. Citizens of Kenya may apply for electronic (eVisa) visa for Dubai from Kenya online. Kenyan citizens can get a Dubai tourist visa from Kenya by filling simple [&hellip;]<\/p>\n","protected":false},"author":1,"featured_media":19929,"parent":0,"menu_order":0,"comment_status":"open","ping_status":"closed","template":"template-home-modern.php","meta":{"footnotes":""},"class_list":["post-11305","page","type-page","status-publish","has-post-thumbnail","hentry"],"yoast_head":"<!-- This site is optimized with the Yoast SEO plugin v27.2 - https:\/\/yoast.com\/product\/yoast-seo-wordpress\/ -->\n<title>How to get Dubai Visa from Kenya<\/title>\n<meta name=\"description\" content=\"Looking for how to apply for Dubai visa from Kenya? Here is the simplest way how to apply for Dubai visa for Kenyan citizens\" \/>\n<meta name=\"robots\" content=\"index, follow, max-snippet:-1, max-image-preview:large, max-video-preview:-1\" \/>\n<link rel=\"canonical\" href=\"https:\/\/tiketi.com\/fr-fr\/how-to-get-dubai-visa-from-kenya\/\" \/>\n<meta property=\"og:locale\" content=\"fr_FR\" \/>\n<meta property=\"og:type\" content=\"article\" \/>\n<meta property=\"og:title\" content=\"How to get Dubai Visa from Kenya\" \/>\n<meta property=\"og:description\" content=\"Looking for how to apply for Dubai visa from Kenya? Here is the simplest way how to apply for Dubai visa for Kenyan citizens\" \/>\n<meta property=\"og:url\" content=\"https:\/\/tiketi.com\/fr-fr\/how-to-get-dubai-visa-from-kenya\/\" \/>\n<meta property=\"og:site_name\" content=\"Tiketi.com\" \/>\n<meta property=\"article:publisher\" content=\"https:\/\/www.facebook.com\/TiketiCom\/\" \/>\n<meta property=\"article:modified_time\" content=\"2023-02-14T17:57:28+00:00\" \/>\n<meta property=\"og:image\" content=\"https:\/\/tiketi.com\/wp-content\/uploads\/2019\/05\/passport-stamp-3487699_1280-1.jpg\" \/>\n\t<meta property=\"og:image:width\" content=\"1200\" \/>\n\t<meta property=\"og:image:height\" content=\"200\" \/>\n\t<meta property=\"og:image:type\" content=\"image\/jpeg\" \/>\n<meta name=\"twitter:card\" content=\"summary_large_image\" \/>\n<meta name=\"twitter:label1\" content=\"Dur\u00e9e de lecture estim\u00e9e\" \/>\n\t<meta name=\"twitter:data1\" content=\"2 minutes\" \/>\n<script type=\"application\/ld+json\" class=\"yoast-schema-graph\">{\"@context\":\"https:\/\/schema.org\",\"@graph\":[{\"@type\":\"WebPage\",\"@id\":\"https:\/\/tiketi.com\/how-to-get-dubai-visa-from-kenya\/\",\"url\":\"https:\/\/tiketi.com\/how-to-get-dubai-visa-from-kenya\/\",\"name\":\"How to get Dubai Visa from Kenya\",\"isPartOf\":{\"@id\":\"https:\/\/tiketi.com\/#website\"},\"primaryImageOfPage\":{\"@id\":\"https:\/\/tiketi.com\/how-to-get-dubai-visa-from-kenya\/#primaryimage\"},\"image\":{\"@id\":\"https:\/\/tiketi.com\/how-to-get-dubai-visa-from-kenya\/#primaryimage\"},\"thumbnailUrl\":\"https:\/\/tiketi.com\/wp-content\/uploads\/2019\/05\/passport-stamp-3487699_1280-1.jpg\",\"datePublished\":\"2022-01-19T11:54:28+00:00\",\"dateModified\":\"2023-02-14T17:57:28+00:00\",\"description\":\"Looking for how to apply for Dubai visa from Kenya? Here is the simplest way how to apply for Dubai visa for Kenyan citizens\",\"breadcrumb\":{\"@id\":\"https:\/\/tiketi.com\/how-to-get-dubai-visa-from-kenya\/#breadcrumb\"},\"inLanguage\":\"fr-FR\",\"potentialAction\":[{\"@type\":\"ReadAction\",\"target\":[\"https:\/\/tiketi.com\/how-to-get-dubai-visa-from-kenya\/\"]}]},{\"@type\":\"ImageObject\",\"inLanguage\":\"fr-FR\",\"@id\":\"https:\/\/tiketi.com\/how-to-get-dubai-visa-from-kenya\/#primaryimage\",\"url\":\"https:\/\/tiketi.com\/wp-content\/uploads\/2019\/05\/passport-stamp-3487699_1280-1.jpg\",\"contentUrl\":\"https:\/\/tiketi.com\/wp-content\/uploads\/2019\/05\/passport-stamp-3487699_1280-1.jpg\",\"width\":1200,\"height\":200,\"caption\":\"How to get Visa from\"},{\"@type\":\"BreadcrumbList\",\"@id\":\"https:\/\/tiketi.com\/how-to-get-dubai-visa-from-kenya\/#breadcrumb\",\"itemListElement\":[{\"@type\":\"ListItem\",\"position\":1,\"name\":\"Home\",\"item\":\"https:\/\/tiketi.com\/\"},{\"@type\":\"ListItem\",\"position\":2,\"name\":\"How to get Dubai Visa from Kenya\"}]},{\"@type\":\"WebSite\",\"@id\":\"https:\/\/tiketi.com\/#website\",\"url\":\"https:\/\/tiketi.com\/\",\"name\":\"Flight & Bus Tickets, Tour Packages & Activitites - Tiketi.com\",\"description\":\"Flight &amp; Bus Tickets, Tours, Activitites\",\"publisher\":{\"@id\":\"https:\/\/tiketi.com\/#organization\"},\"potentialAction\":[{\"@type\":\"SearchAction\",\"target\":{\"@type\":\"EntryPoint\",\"urlTemplate\":\"https:\/\/tiketi.com\/?s={search_term_string}\"},\"query-input\":{\"@type\":\"PropertyValueSpecification\",\"valueRequired\":true,\"valueName\":\"search_term_string\"}}],\"inLanguage\":\"fr-FR\"},{\"@type\":\"Organization\",\"@id\":\"https:\/\/tiketi.com\/#organization\",\"name\":\"Tiketi.com\",\"alternateName\":\"Tiketi\",\"url\":\"https:\/\/tiketi.com\/\",\"logo\":{\"@type\":\"ImageObject\",\"inLanguage\":\"fr-FR\",\"@id\":\"https:\/\/tiketi.com\/#\/schema\/logo\/image\/\",\"url\":\"https:\/\/tiketi.com\/wp-content\/uploads\/2019\/05\/tiketi-logo-696.png\",\"contentUrl\":\"https:\/\/tiketi.com\/wp-content\/uploads\/2019\/05\/tiketi-logo-696.png\",\"width\":696,\"height\":696,\"caption\":\"Tiketi.com\"},\"image\":{\"@id\":\"https:\/\/tiketi.com\/#\/schema\/logo\/image\/\"},\"sameAs\":[\"https:\/\/www.facebook.com\/TiketiCom\/\"]}]}<\/script>\n<!-- \/ Yoast SEO plugin. -->","yoast_head_json":{"title":"Comment obtenir un visa pour Duba\u00ef depuis le Kenya","description":"Vous cherchez comment faire une demande de visa pour Duba\u00ef depuis le Kenya? Voici le moyen le plus simple de demander un visa \u00e0 Duba\u00ef pour les citoyens kenyans","robots":{"index":"index","follow":"follow","max-snippet":"max-snippet:-1","max-image-preview":"max-image-preview:large","max-video-preview":"max-video-preview:-1"},"canonical":"https:\/\/tiketi.com\/fr-fr\/how-to-get-dubai-visa-from-kenya\/","og_locale":"fr_FR","og_type":"article","og_title":"How to get Dubai Visa from Kenya","og_description":"Looking for how to apply for Dubai visa from Kenya? Here is the simplest way how to apply for Dubai visa for Kenyan citizens","og_url":"https:\/\/tiketi.com\/fr-fr\/how-to-get-dubai-visa-from-kenya\/","og_site_name":"Tiketi.com","article_publisher":"https:\/\/www.facebook.com\/TiketiCom\/","article_modified_time":"2023-02-14T17:57:28+00:00","og_image":[{"width":1200,"height":200,"url":"https:\/\/tiketi.com\/wp-content\/uploads\/2019\/05\/passport-stamp-3487699_1280-1.jpg","type":"image\/jpeg"}],"twitter_card":"summary_large_image","twitter_misc":{"Dur\u00e9e de lecture estim\u00e9e":"2 minutes"},"schema":{"@context":"https:\/\/schema.org","@graph":[{"@type":"WebPage","@id":"https:\/\/tiketi.com\/how-to-get-dubai-visa-from-kenya\/","url":"https:\/\/tiketi.com\/how-to-get-dubai-visa-from-kenya\/","name":"Comment obtenir un visa pour Duba\u00ef depuis le Kenya","isPartOf":{"@id":"https:\/\/tiketi.com\/#website"},"primaryImageOfPage":{"@id":"https:\/\/tiketi.com\/how-to-get-dubai-visa-from-kenya\/#primaryimage"},"image":{"@id":"https:\/\/tiketi.com\/how-to-get-dubai-visa-from-kenya\/#primaryimage"},"thumbnailUrl":"https:\/\/tiketi.com\/wp-content\/uploads\/2019\/05\/passport-stamp-3487699_1280-1.jpg","datePublished":"2022-01-19T11:54:28+00:00","dateModified":"2023-02-14T17:57:28+00:00","description":"Vous cherchez comment faire une demande de visa pour Duba\u00ef depuis le Kenya? Voici le moyen le plus simple de demander un visa \u00e0 Duba\u00ef pour les citoyens kenyans","breadcrumb":{"@id":"https:\/\/tiketi.com\/how-to-get-dubai-visa-from-kenya\/#breadcrumb"},"inLanguage":"fr-FR","potentialAction":[{"@type":"ReadAction","target":["https:\/\/tiketi.com\/how-to-get-dubai-visa-from-kenya\/"]}]},{"@type":"ImageObject","inLanguage":"fr-FR","@id":"https:\/\/tiketi.com\/how-to-get-dubai-visa-from-kenya\/#primaryimage","url":"https:\/\/tiketi.com\/wp-content\/uploads\/2019\/05\/passport-stamp-3487699_1280-1.jpg","contentUrl":"https:\/\/tiketi.com\/wp-content\/uploads\/2019\/05\/passport-stamp-3487699_1280-1.jpg","width":1200,"height":200,"caption":"How to get Visa from"},{"@type":"BreadcrumbList","@id":"https:\/\/tiketi.com\/how-to-get-dubai-visa-from-kenya\/#breadcrumb","itemListElement":[{"@type":"ListItem","position":1,"name":"Home","item":"https:\/\/tiketi.com\/"},{"@type":"ListItem","position":2,"name":"How to get Dubai Visa from Kenya"}]},{"@type":"WebSite","@id":"https:\/\/tiketi.com\/#website","url":"https:\/\/tiketi.com\/","name":"Billets d&#039;avion et de bus, forfaits touristiques et activit\u00e9s - Tiketi.com","description":"Billets d&#039;avion et de bus, Tours, Activit\u00e9s","publisher":{"@id":"https:\/\/tiketi.com\/#organization"},"potentialAction":[{"@type":"SearchAction","target":{"@type":"EntryPoint","urlTemplate":"https:\/\/tiketi.com\/?s={search_term_string}"},"query-input":{"@type":"PropertyValueSpecification","valueRequired":true,"valueName":"search_term_string"}}],"inLanguage":"fr-FR"},{"@type":"Organization","@id":"https:\/\/tiketi.com\/#organization","name":"Tiketi.com","alternateName":"Tiketi","url":"https:\/\/tiketi.com\/","logo":{"@type":"ImageObject","inLanguage":"fr-FR","@id":"https:\/\/tiketi.com\/#\/schema\/logo\/image\/","url":"https:\/\/tiketi.com\/wp-content\/uploads\/2019\/05\/tiketi-logo-696.png","contentUrl":"https:\/\/tiketi.com\/wp-content\/uploads\/2019\/05\/tiketi-logo-696.png","width":696,"height":696,"caption":"Tiketi.com"},"image":{"@id":"https:\/\/tiketi.com\/#\/schema\/logo\/image\/"},"sameAs":["https:\/\/www.facebook.com\/TiketiCom\/"]}]}},"_links":{"self":[{"href":"https:\/\/tiketi.com\/fr-fr\/wp-json\/wp\/v2\/pages\/11305","targetHints":{"allow":["GET"]}}],"collection":[{"href":"https:\/\/tiketi.com\/fr-fr\/wp-json\/wp\/v2\/pages"}],"about":[{"href":"https:\/\/tiketi.com\/fr-fr\/wp-json\/wp\/v2\/types\/page"}],"author":[{"embeddable":true,"href":"https:\/\/tiketi.com\/fr-fr\/wp-json\/wp\/v2\/users\/1"}],"replies":[{"embeddable":true,"href":"https:\/\/tiketi.com\/fr-fr\/wp-json\/wp\/v2\/comments?post=11305"}],"version-history":[{"count":0,"href":"https:\/\/tiketi.com\/fr-fr\/wp-json\/wp\/v2\/pages\/11305\/revisions"}],"wp:featuredmedia":[{"embeddable":true,"href":"https:\/\/tiketi.com\/fr-fr\/wp-json\/wp\/v2\/media\/19929"}],"wp:attachment":[{"href":"https:\/\/tiketi.com\/fr-fr\/wp-json\/wp\/v2\/media?parent=11305"}],"curies":[{"name":"wp","href":"https:\/\/api.w.org\/{rel}","templated":true}]}}