{"id":11306,"date":"2022-01-19T12:54:28","date_gmt":"2022-01-19T11:54:28","guid":{"rendered":"https:\/\/new.tiketi.com\/how-to-get-dubai-visa-from-south-africa\/"},"modified":"2023-02-14T20:27:54","modified_gmt":"2023-02-14T19:27:54","slug":"how-to-get-dubai-visa-from-south-africa","status":"publish","type":"page","link":"https:\/\/tiketi.com\/fr-fr\/how-to-get-dubai-visa-from-south-africa\/","title":{"rendered":"Comment obtenir un visa de Duba\u00ef depuis l&#039;Afrique du Sud"},"content":{"rendered":"<h2>Conseils pour demander un visa pour Duba\u00ef depuis l&#039;Afrique du Sud<\/h2>\n<h3>Demander un visa de Duba\u00ef pour les Sud-Africains est facile en ligne.<\/h3>\n<p>Voici comment obtenir un visa de Duba\u00ef depuis l&#039;Afrique du Sud. Les titulaires d&#039;un passeport sud-africain ont besoin d&#039;un visa Duba\u00ef d&#039;Afrique du Sud pour entrer aux \u00c9mirats arabes unis. Heureusement, ce guide d\u00e9crit le processus complet. Le d\u00e9lai de traitement peut prendre jusqu&#039;\u00e0 sept jours ouvrables pour le visa de Duba\u00ef pour les Sud-Africains. Vous trouverez ci-dessous quelques informations utiles sur la fa\u00e7on de demander un visa pour Duba\u00ef depuis l&#039;Afrique du Sud.<\/p>\n<h2>Comment obtenir un visa de Duba\u00ef depuis l&#039;Afrique du Sud ? FAQ<\/h2>\n<h3>Exigences de visa pour Duba\u00ef pour les citoyens sud-africains<\/h3>\n<p>Vous pouvez demander un visa pour les \u00c9mirats arabes unis au plus t\u00f4t trois mois avant votre voyage. Dans le cas du visa de quatre-vingt-seize heures, nous sugg\u00e9rons de demander un visa pour Duba\u00ef depuis l&#039;Afrique du Sud environ deux semaines avant le voyage.<\/p>\n<h3>Comment obtenir un visa pour les \u00c9mirats arabes unis depuis l&#039;Afrique du Sud<\/h3>\n<h4>Avec Etihad\/Emirates<\/h4>\n<p>1. Postulez sur le site de la compagnie a\u00e9rienne<br \/>\n2. Pour Emirates, utilisez l&#039;outil \u00ab\u00a0G\u00e9rer votre r\u00e9servation\u00a0\u00bb<br \/>\n3. Remplissez le formulaire internet<br \/>\n4. Num\u00e9risez et t\u00e9l\u00e9chargez tous vos documents n\u00e9cessaires<br \/>\n5. Payer les frais de visa<br \/>\n6. Obtenez votre visa enti\u00e8rement en ligne par e-mail<\/p>\n<h4>Au centre de traitement des visas de Duba\u00ef pour les Sud-Africains VFS \u2013 Duba\u00ef\u00a0:<\/h4>\n<p>1. Prenez rendez-vous avec votre DVPC le plus proche<br \/>\n2. Payer les frais de dossier<br \/>\n3. Apportez les documents n\u00e9cessaires \u00e0 soumettre<br \/>\n4. Remplissez la demande de visa de Duba\u00ef pour l&#039;Afrique du Sud<br \/>\n5. Suivez l&#039;\u00e9tat de votre candidature<br \/>\n6. Si votre candidature est gagnante, vous recevrez un SMS et un e-mail vous informant lorsque votre passeport et votre visa seront pr\u00eats \u00e0 \u00eatre r\u00e9cup\u00e9r\u00e9s.<\/p>\n<h3>Prix du visa pour Duba\u00ef depuis l&#039;Afrique du Sud<\/h3>\n<p>Les DVPC offrent des services express, avec les frais de visa express de quatre-vingt-seize heures \u00e0 950 R et les frais de visa de courte dur\u00e9e de trente jours \u00e0 1 815 R. Si vous devez annuler votre candidature aux DVPC, cela vous co\u00fbtera R480.<\/p>\n<h3>Localisation de l&#039;ambassade\/du consulat<\/h3>\n<p>Consulat g\u00e9n\u00e9ral d&#039;Afrique du Sud<br \/>\nBur Duba\u00ef, rue Khalid Bin Al Waleed<br \/>\nNouveau b\u00e2timent Sharaf \u2013 3\u00e8me \u00e9tage<br \/>\nDuba\u00ef, Emirats Arabes Unis<\/p>\n<h2>Comment demander un visa pour Duba\u00ef depuis l&#039;Afrique du Sud<\/h2>\n<p>Le moyen le plus simple de demander un visa \u00e0 Duba\u00ef pour les Sud-Africains est en ligne. Alternativement, si vous voyagez avec une autre compagnie a\u00e9rienne, vous devez faire votre demande en personne dans les centres de traitement des visas de Duba\u00ef, \u00e9galement appel\u00e9s VFS Global, en Afrique du Sud.<\/p>","protected":false},"excerpt":{"rendered":"<p>Tips on how to apply for visa for Dubai from South Africa Apply for Dubai visa for South Africans easy online. Here is how to get Dubai Visa from South Africa. South African passport holders need a Visa Dubai from South Africa to enter the UAE. Fortunately, this guide describes the full process. Processing time [&hellip;]<\/p>\n","protected":false},"author":1,"featured_media":19929,"parent":0,"menu_order":0,"comment_status":"open","ping_status":"closed","template":"template-home-modern.php","meta":{"footnotes":""},"class_list":["post-11306","page","type-page","status-publish","has-post-thumbnail","hentry"],"yoast_head":"<!-- This site is optimized with the Yoast SEO plugin v27.2 - https:\/\/yoast.com\/product\/yoast-seo-wordpress\/ -->\n<title>How to get Dubai Visa from South Africa<\/title>\n<meta name=\"description\" content=\"Looking for how to apply for Dubai visa from South Africa? Here is the simplest way how to apply for Dubai visa from South Africa\" \/>\n<meta name=\"robots\" content=\"index, follow, max-snippet:-1, max-image-preview:large, max-video-preview:-1\" \/>\n<link rel=\"canonical\" href=\"https:\/\/tiketi.com\/fr-fr\/how-to-get-dubai-visa-from-south-africa\/\" \/>\n<meta property=\"og:locale\" content=\"fr_FR\" \/>\n<meta property=\"og:type\" content=\"article\" \/>\n<meta property=\"og:title\" content=\"How to get Dubai Visa from South Africa\" \/>\n<meta property=\"og:description\" content=\"Looking for how to apply for Dubai visa from South Africa? Here is the simplest way how to apply for Dubai visa from South Africa\" \/>\n<meta property=\"og:url\" content=\"https:\/\/tiketi.com\/fr-fr\/how-to-get-dubai-visa-from-south-africa\/\" \/>\n<meta property=\"og:site_name\" content=\"Tiketi.com\" \/>\n<meta property=\"article:publisher\" content=\"https:\/\/www.facebook.com\/TiketiCom\/\" \/>\n<meta property=\"article:modified_time\" content=\"2023-02-14T19:27:54+00:00\" \/>\n<meta property=\"og:image\" content=\"https:\/\/tiketi.com\/wp-content\/uploads\/2019\/05\/passport-stamp-3487699_1280-1.jpg\" \/>\n\t<meta property=\"og:image:width\" content=\"1200\" \/>\n\t<meta property=\"og:image:height\" content=\"200\" \/>\n\t<meta property=\"og:image:type\" content=\"image\/jpeg\" \/>\n<meta name=\"twitter:card\" content=\"summary_large_image\" \/>\n<meta name=\"twitter:label1\" content=\"Dur\u00e9e de lecture estim\u00e9e\" \/>\n\t<meta name=\"twitter:data1\" content=\"2 minutes\" \/>\n<script type=\"application\/ld+json\" class=\"yoast-schema-graph\">{\"@context\":\"https:\/\/schema.org\",\"@graph\":[{\"@type\":\"WebPage\",\"@id\":\"https:\/\/tiketi.com\/how-to-get-dubai-visa-from-south-africa\/\",\"url\":\"https:\/\/tiketi.com\/how-to-get-dubai-visa-from-south-africa\/\",\"name\":\"How to get Dubai Visa from South Africa\",\"isPartOf\":{\"@id\":\"https:\/\/tiketi.com\/#website\"},\"primaryImageOfPage\":{\"@id\":\"https:\/\/tiketi.com\/how-to-get-dubai-visa-from-south-africa\/#primaryimage\"},\"image\":{\"@id\":\"https:\/\/tiketi.com\/how-to-get-dubai-visa-from-south-africa\/#primaryimage\"},\"thumbnailUrl\":\"https:\/\/tiketi.com\/wp-content\/uploads\/2019\/05\/passport-stamp-3487699_1280-1.jpg\",\"datePublished\":\"2022-01-19T11:54:28+00:00\",\"dateModified\":\"2023-02-14T19:27:54+00:00\",\"description\":\"Looking for how to apply for Dubai visa from South Africa? Here is the simplest way how to apply for Dubai visa from South Africa\",\"breadcrumb\":{\"@id\":\"https:\/\/tiketi.com\/how-to-get-dubai-visa-from-south-africa\/#breadcrumb\"},\"inLanguage\":\"fr-FR\",\"potentialAction\":[{\"@type\":\"ReadAction\",\"target\":[\"https:\/\/tiketi.com\/how-to-get-dubai-visa-from-south-africa\/\"]}]},{\"@type\":\"ImageObject\",\"inLanguage\":\"fr-FR\",\"@id\":\"https:\/\/tiketi.com\/how-to-get-dubai-visa-from-south-africa\/#primaryimage\",\"url\":\"https:\/\/tiketi.com\/wp-content\/uploads\/2019\/05\/passport-stamp-3487699_1280-1.jpg\",\"contentUrl\":\"https:\/\/tiketi.com\/wp-content\/uploads\/2019\/05\/passport-stamp-3487699_1280-1.jpg\",\"width\":1200,\"height\":200,\"caption\":\"How to get Visa from\"},{\"@type\":\"BreadcrumbList\",\"@id\":\"https:\/\/tiketi.com\/how-to-get-dubai-visa-from-south-africa\/#breadcrumb\",\"itemListElement\":[{\"@type\":\"ListItem\",\"position\":1,\"name\":\"Home\",\"item\":\"https:\/\/tiketi.com\/\"},{\"@type\":\"ListItem\",\"position\":2,\"name\":\"How to get Dubai Visa from South Africa\"}]},{\"@type\":\"WebSite\",\"@id\":\"https:\/\/tiketi.com\/#website\",\"url\":\"https:\/\/tiketi.com\/\",\"name\":\"Flight & Bus Tickets, Tour Packages & Activitites - Tiketi.com\",\"description\":\"Flight &amp; Bus Tickets, Tours, Activitites\",\"publisher\":{\"@id\":\"https:\/\/tiketi.com\/#organization\"},\"potentialAction\":[{\"@type\":\"SearchAction\",\"target\":{\"@type\":\"EntryPoint\",\"urlTemplate\":\"https:\/\/tiketi.com\/?s={search_term_string}\"},\"query-input\":{\"@type\":\"PropertyValueSpecification\",\"valueRequired\":true,\"valueName\":\"search_term_string\"}}],\"inLanguage\":\"fr-FR\"},{\"@type\":\"Organization\",\"@id\":\"https:\/\/tiketi.com\/#organization\",\"name\":\"Tiketi.com\",\"alternateName\":\"Tiketi\",\"url\":\"https:\/\/tiketi.com\/\",\"logo\":{\"@type\":\"ImageObject\",\"inLanguage\":\"fr-FR\",\"@id\":\"https:\/\/tiketi.com\/#\/schema\/logo\/image\/\",\"url\":\"https:\/\/tiketi.com\/wp-content\/uploads\/2019\/05\/tiketi-logo-696.png\",\"contentUrl\":\"https:\/\/tiketi.com\/wp-content\/uploads\/2019\/05\/tiketi-logo-696.png\",\"width\":696,\"height\":696,\"caption\":\"Tiketi.com\"},\"image\":{\"@id\":\"https:\/\/tiketi.com\/#\/schema\/logo\/image\/\"},\"sameAs\":[\"https:\/\/www.facebook.com\/TiketiCom\/\"]}]}<\/script>\n<!-- \/ Yoast SEO plugin. -->","yoast_head_json":{"title":"Comment obtenir un visa de Duba\u00ef depuis l&#039;Afrique du Sud","description":"Vous cherchez comment demander un visa pour Duba\u00ef depuis l\u2019Afrique du Sud ? Voici la mani\u00e8re la plus simple de demander un visa pour Duba\u00ef depuis l&#039;Afrique du Sud.","robots":{"index":"index","follow":"follow","max-snippet":"max-snippet:-1","max-image-preview":"max-image-preview:large","max-video-preview":"max-video-preview:-1"},"canonical":"https:\/\/tiketi.com\/fr-fr\/how-to-get-dubai-visa-from-south-africa\/","og_locale":"fr_FR","og_type":"article","og_title":"How to get Dubai Visa from South Africa","og_description":"Looking for how to apply for Dubai visa from South Africa? Here is the simplest way how to apply for Dubai visa from South Africa","og_url":"https:\/\/tiketi.com\/fr-fr\/how-to-get-dubai-visa-from-south-africa\/","og_site_name":"Tiketi.com","article_publisher":"https:\/\/www.facebook.com\/TiketiCom\/","article_modified_time":"2023-02-14T19:27:54+00:00","og_image":[{"width":1200,"height":200,"url":"https:\/\/tiketi.com\/wp-content\/uploads\/2019\/05\/passport-stamp-3487699_1280-1.jpg","type":"image\/jpeg"}],"twitter_card":"summary_large_image","twitter_misc":{"Dur\u00e9e de lecture estim\u00e9e":"2 minutes"},"schema":{"@context":"https:\/\/schema.org","@graph":[{"@type":"WebPage","@id":"https:\/\/tiketi.com\/how-to-get-dubai-visa-from-south-africa\/","url":"https:\/\/tiketi.com\/how-to-get-dubai-visa-from-south-africa\/","name":"Comment obtenir un visa de Duba\u00ef depuis l&#039;Afrique du Sud","isPartOf":{"@id":"https:\/\/tiketi.com\/#website"},"primaryImageOfPage":{"@id":"https:\/\/tiketi.com\/how-to-get-dubai-visa-from-south-africa\/#primaryimage"},"image":{"@id":"https:\/\/tiketi.com\/how-to-get-dubai-visa-from-south-africa\/#primaryimage"},"thumbnailUrl":"https:\/\/tiketi.com\/wp-content\/uploads\/2019\/05\/passport-stamp-3487699_1280-1.jpg","datePublished":"2022-01-19T11:54:28+00:00","dateModified":"2023-02-14T19:27:54+00:00","description":"Vous cherchez comment demander un visa pour Duba\u00ef depuis l\u2019Afrique du Sud ? Voici la mani\u00e8re la plus simple de demander un visa pour Duba\u00ef depuis l&#039;Afrique du Sud.","breadcrumb":{"@id":"https:\/\/tiketi.com\/how-to-get-dubai-visa-from-south-africa\/#breadcrumb"},"inLanguage":"fr-FR","potentialAction":[{"@type":"ReadAction","target":["https:\/\/tiketi.com\/how-to-get-dubai-visa-from-south-africa\/"]}]},{"@type":"ImageObject","inLanguage":"fr-FR","@id":"https:\/\/tiketi.com\/how-to-get-dubai-visa-from-south-africa\/#primaryimage","url":"https:\/\/tiketi.com\/wp-content\/uploads\/2019\/05\/passport-stamp-3487699_1280-1.jpg","contentUrl":"https:\/\/tiketi.com\/wp-content\/uploads\/2019\/05\/passport-stamp-3487699_1280-1.jpg","width":1200,"height":200,"caption":"How to get Visa from"},{"@type":"BreadcrumbList","@id":"https:\/\/tiketi.com\/how-to-get-dubai-visa-from-south-africa\/#breadcrumb","itemListElement":[{"@type":"ListItem","position":1,"name":"Home","item":"https:\/\/tiketi.com\/"},{"@type":"ListItem","position":2,"name":"How to get Dubai Visa from South Africa"}]},{"@type":"WebSite","@id":"https:\/\/tiketi.com\/#website","url":"https:\/\/tiketi.com\/","name":"Billets d&#039;avion et de bus, forfaits touristiques et activit\u00e9s - Tiketi.com","description":"Billets d&#039;avion et de bus, Tours, Activit\u00e9s","publisher":{"@id":"https:\/\/tiketi.com\/#organization"},"potentialAction":[{"@type":"SearchAction","target":{"@type":"EntryPoint","urlTemplate":"https:\/\/tiketi.com\/?s={search_term_string}"},"query-input":{"@type":"PropertyValueSpecification","valueRequired":true,"valueName":"search_term_string"}}],"inLanguage":"fr-FR"},{"@type":"Organization","@id":"https:\/\/tiketi.com\/#organization","name":"Tiketi.com","alternateName":"Tiketi","url":"https:\/\/tiketi.com\/","logo":{"@type":"ImageObject","inLanguage":"fr-FR","@id":"https:\/\/tiketi.com\/#\/schema\/logo\/image\/","url":"https:\/\/tiketi.com\/wp-content\/uploads\/2019\/05\/tiketi-logo-696.png","contentUrl":"https:\/\/tiketi.com\/wp-content\/uploads\/2019\/05\/tiketi-logo-696.png","width":696,"height":696,"caption":"Tiketi.com"},"image":{"@id":"https:\/\/tiketi.com\/#\/schema\/logo\/image\/"},"sameAs":["https:\/\/www.facebook.com\/TiketiCom\/"]}]}},"_links":{"self":[{"href":"https:\/\/tiketi.com\/fr-fr\/wp-json\/wp\/v2\/pages\/11306","targetHints":{"allow":["GET"]}}],"collection":[{"href":"https:\/\/tiketi.com\/fr-fr\/wp-json\/wp\/v2\/pages"}],"about":[{"href":"https:\/\/tiketi.com\/fr-fr\/wp-json\/wp\/v2\/types\/page"}],"author":[{"embeddable":true,"href":"https:\/\/tiketi.com\/fr-fr\/wp-json\/wp\/v2\/users\/1"}],"replies":[{"embeddable":true,"href":"https:\/\/tiketi.com\/fr-fr\/wp-json\/wp\/v2\/comments?post=11306"}],"version-history":[{"count":0,"href":"https:\/\/tiketi.com\/fr-fr\/wp-json\/wp\/v2\/pages\/11306\/revisions"}],"wp:featuredmedia":[{"embeddable":true,"href":"https:\/\/tiketi.com\/fr-fr\/wp-json\/wp\/v2\/media\/19929"}],"wp:attachment":[{"href":"https:\/\/tiketi.com\/fr-fr\/wp-json\/wp\/v2\/media?parent=11306"}],"curies":[{"name":"wp","href":"https:\/\/api.w.org\/{rel}","templated":true}]}}