{"id":11307,"date":"2022-01-19T12:54:28","date_gmt":"2022-01-19T11:54:28","guid":{"rendered":"https:\/\/new.tiketi.com\/blue-bus-online-booking-bus-tickets-fare-schedule-route\/"},"modified":"2022-07-14T13:02:02","modified_gmt":"2022-07-14T12:02:02","slug":"blue-bus-egypt","status":"publish","type":"page","link":"https:\/\/tiketi.com\/fr-fr\/blue-bus-egypt\/","title":{"rendered":"R\u00e9servation en ligne Blue Bus, billets de bus, tarifs, horaires et itin\u00e9raire"},"content":{"rendered":"<p><strong>Un d:\u00a0<\/strong><\/p>\n<p><strong><a href=\"https:\/\/fiymo.com\/register\" target=\"_blank\" rel=\"noopener\"><\/a><\/strong><\/p>\n<h2>R\u00e9servation en ligne Blue Bus Egypt<\/h2>\n<h3>D\u00e9couvrez votre itin\u00e9raire de voyage sur le web, le mobile ou l&#039;application et r\u00e9servez en ligne des billets de bus Blue pas chers <a href=\"https:\/\/bluebus.com.eg\/\" target=\"_blank\" rel=\"noopener\">maintenant &gt;&gt;<\/a><\/h3>\n<p>La r\u00e9servation en ligne du bus bleu en toute simplicit\u00e9. Blue Bus est une compagnie de bus publique de premier plan, offrant des voyages longue distance luxueux et \u00e9conomiques en \u00c9gypte reliant le Grand Caire aux destinations les plus populaires de la mer Rouge : Saharm El Sheikh et Hurghada. Mise en place d&#039;un r\u00e9seau national sp\u00e9cial de transport de voyageurs. Il en va de m\u00eame pour Blue bus Egypt en r\u00e9servant en ligne d\u00e8s maintenant !<\/p>\n<h2>FAQ sur la r\u00e9servation en ligne de Blue Bus, les billets de bus, les tarifs, les horaires et les itin\u00e9raires<\/h2>\n<h3>Quels sont les itin\u00e9raires c\u00e9l\u00e8bres couverts par les bus Blue Bus Egypt ?<\/h3>\n<p>\u2022 Le Caire \u00e0 Sharm El-Sheikh<br \/>\n\u2022 Du Caire \u00e0 Alexandrie<br \/>\n\u2022 Le Caire \u00e0 Hurghada<br \/>\n\u2022 Charm vers d&#039;autres villes du Sina\u00ef<br \/>\n\u2022 Louxor \u00e0 Alexandrie<br \/>\n\u2022 Du Caire \u00e0 l&#039;Oasis<br \/>\n\u2022 Le Caire \u00e0 Marsa Alam<\/p>\n<h3>Services de bus bleu Egypte<\/h3>\n<p>Les bus sont r\u00e9guli\u00e8rement entretenus pour un contr\u00f4le standard tous les jours avant de commencer un nouveau voyage. Ils sont \u00e9galement suivis et surveill\u00e9s 24h\/24 et 7j\/7 dans notre service d&#039;exploitation, la limitation de vitesse est \u00e9galement suivie via notre syst\u00e8me GPS.<\/p>\n<h3>Le remboursement ou l&#039;annulation des billets de bus bleus est autoris\u00e9<\/h3>\n<p>Vingt-quatre heures avant l&#039;heure du voyage : vous serez int\u00e9gralement rembours\u00e9 sans aucun frais d&#039;annulation.<\/p>\n<p>De quatre \u00e0 vingt-quatre heures avant le voyage, vous serez factur\u00e9 par 15LE ou 10LE selon l&#039;itin\u00e9raire et la classe de votre voyage.<\/p>\n<p>Moins de quatre heures avant le voyage\u00a0: en cas d&#039;annulation totale, le billet de bus sera soumis \u00e0 des frais de remboursement de cinquante pour cent du co\u00fbt total du billet. En cas de changement de date, le billet fera l&#039;objet d&#039;une retenue de vingt-cinq pour cent sur le sujet du billet pour modification.<\/p>\n<p>Les passagers peuvent enregistrer deux bagages sans frais suppl\u00e9mentaires plus 1 petit bagage \u00e0 main.<\/p>\n<p>Le remboursement n&#039;est pas accessible apr\u00e8s l&#039;heure de votre voyage.<\/p>\n<h3>Quelles sont les coordonn\u00e9es de r\u00e9servation des bus Blue Bus Egypt ?<\/h3>\n<p>Si\u00e8ge social<br \/>\n44 rue Shehab, Mohandseen, Gizeh, \u00c9gypte<br \/>\n16128<\/p>\n<h2>Conseils de r\u00e9servation Blue Bus Egypt<\/h2>\n<p>Blue Bus propose un service de passagers r\u00e9gulier, l&#039;entreprise \u00e9tablit \u00e9galement plusieurs services exclusifs pour ses clients, introduits pour la premi\u00e8re fois sur le march\u00e9 \u00e9gyptien. Et l&#039;entreprise propose \u00e9galement des forfaits charter pour les groupes, les entreprises et les \u00e9v\u00e9nements itin\u00e9rants \u00e0 des tarifs comp\u00e9titifs.<\/p>","protected":false},"excerpt":{"rendered":"<p>Ad:\u00a0 Online Blue Bus Egypt\u00a0Booking Discover your travel route on web, mobile or app and book cheap Blue bus tickets online now &gt;&gt; Blue bus online booking made easy.\u00a0Blue Bus is a premier public bus company, offering luxurious and yet cost-friendly long-distance travel in Egypt connecting Greater Cairo with most popular destinations on the Red [&hellip;]<\/p>\n","protected":false},"author":1,"featured_media":13999,"parent":0,"menu_order":0,"comment_status":"open","ping_status":"closed","template":"template-home-modern.php","meta":{"footnotes":""},"class_list":["post-11307","page","type-page","status-publish","has-post-thumbnail","hentry"],"yoast_head":"<!-- This site is optimized with the Yoast SEO plugin v27.2 - https:\/\/yoast.com\/product\/yoast-seo-wordpress\/ -->\n<title>Blue Bus Online Booking, Bus Tickets, Fare, Schedule &amp; Route<\/title>\n<meta name=\"description\" content=\"Looking for Blue bus online booking, bus tickets, fare, schedule &amp; route? Make a Blue bus Egypt booking online now and save time and money!\" \/>\n<meta name=\"robots\" content=\"index, follow, max-snippet:-1, max-image-preview:large, max-video-preview:-1\" \/>\n<link rel=\"canonical\" href=\"https:\/\/tiketi.com\/fr-fr\/blue-bus-egypt\/\" \/>\n<meta property=\"og:locale\" content=\"fr_FR\" \/>\n<meta property=\"og:type\" content=\"article\" \/>\n<meta property=\"og:title\" content=\"Blue Bus Online Booking, Bus Tickets, Fare, Schedule &amp; Route\" \/>\n<meta property=\"og:description\" content=\"Looking for Blue bus online booking, bus tickets, fare, schedule &amp; route? Make a Blue bus Egypt booking online now and save time and money!\" \/>\n<meta property=\"og:url\" content=\"https:\/\/tiketi.com\/fr-fr\/blue-bus-egypt\/\" \/>\n<meta property=\"og:site_name\" content=\"Tiketi.com\" \/>\n<meta property=\"article:publisher\" content=\"https:\/\/www.facebook.com\/TiketiCom\/\" \/>\n<meta property=\"article:modified_time\" content=\"2022-07-14T12:02:02+00:00\" \/>\n<meta property=\"og:image\" content=\"https:\/\/tiketi.com\/wp-content\/uploads\/2022\/01\/bus-ticket-online-booking.jpg\" \/>\n\t<meta property=\"og:image:width\" content=\"1200\" \/>\n\t<meta property=\"og:image:height\" content=\"206\" \/>\n\t<meta property=\"og:image:type\" content=\"image\/jpeg\" \/>\n<meta name=\"twitter:card\" content=\"summary_large_image\" \/>\n<meta name=\"twitter:label1\" content=\"Dur\u00e9e de lecture estim\u00e9e\" \/>\n\t<meta name=\"twitter:data1\" content=\"2 minutes\" \/>\n<script type=\"application\/ld+json\" class=\"yoast-schema-graph\">{\"@context\":\"https:\/\/schema.org\",\"@graph\":[{\"@type\":\"WebPage\",\"@id\":\"https:\/\/tiketi.com\/blue-bus-egypt\/\",\"url\":\"https:\/\/tiketi.com\/blue-bus-egypt\/\",\"name\":\"Blue Bus Online Booking, Bus Tickets, Fare, Schedule & Route\",\"isPartOf\":{\"@id\":\"https:\/\/tiketi.com\/#website\"},\"primaryImageOfPage\":{\"@id\":\"https:\/\/tiketi.com\/blue-bus-egypt\/#primaryimage\"},\"image\":{\"@id\":\"https:\/\/tiketi.com\/blue-bus-egypt\/#primaryimage\"},\"thumbnailUrl\":\"https:\/\/tiketi.com\/wp-content\/uploads\/2022\/01\/bus-ticket-online-booking.jpg\",\"datePublished\":\"2022-01-19T11:54:28+00:00\",\"dateModified\":\"2022-07-14T12:02:02+00:00\",\"description\":\"Looking for Blue bus online booking, bus tickets, fare, schedule & route? Make a Blue bus Egypt booking online now and save time and money!\",\"breadcrumb\":{\"@id\":\"https:\/\/tiketi.com\/blue-bus-egypt\/#breadcrumb\"},\"inLanguage\":\"fr-FR\",\"potentialAction\":[{\"@type\":\"ReadAction\",\"target\":[\"https:\/\/tiketi.com\/blue-bus-egypt\/\"]}]},{\"@type\":\"ImageObject\",\"inLanguage\":\"fr-FR\",\"@id\":\"https:\/\/tiketi.com\/blue-bus-egypt\/#primaryimage\",\"url\":\"https:\/\/tiketi.com\/wp-content\/uploads\/2022\/01\/bus-ticket-online-booking.jpg\",\"contentUrl\":\"https:\/\/tiketi.com\/wp-content\/uploads\/2022\/01\/bus-ticket-online-booking.jpg\",\"width\":1200,\"height\":206,\"caption\":\"Online Bus Ticket Booking\"},{\"@type\":\"BreadcrumbList\",\"@id\":\"https:\/\/tiketi.com\/blue-bus-egypt\/#breadcrumb\",\"itemListElement\":[{\"@type\":\"ListItem\",\"position\":1,\"name\":\"Home\",\"item\":\"https:\/\/tiketi.com\/\"},{\"@type\":\"ListItem\",\"position\":2,\"name\":\"Blue Bus Online Booking, Bus Tickets, Fare, Schedule &#038; Route\"}]},{\"@type\":\"WebSite\",\"@id\":\"https:\/\/tiketi.com\/#website\",\"url\":\"https:\/\/tiketi.com\/\",\"name\":\"Flight & Bus Tickets, Tour Packages & Activitites - Tiketi.com\",\"description\":\"Flight &amp; Bus Tickets, Tours, Activitites\",\"publisher\":{\"@id\":\"https:\/\/tiketi.com\/#organization\"},\"potentialAction\":[{\"@type\":\"SearchAction\",\"target\":{\"@type\":\"EntryPoint\",\"urlTemplate\":\"https:\/\/tiketi.com\/?s={search_term_string}\"},\"query-input\":{\"@type\":\"PropertyValueSpecification\",\"valueRequired\":true,\"valueName\":\"search_term_string\"}}],\"inLanguage\":\"fr-FR\"},{\"@type\":\"Organization\",\"@id\":\"https:\/\/tiketi.com\/#organization\",\"name\":\"Tiketi.com\",\"alternateName\":\"Tiketi\",\"url\":\"https:\/\/tiketi.com\/\",\"logo\":{\"@type\":\"ImageObject\",\"inLanguage\":\"fr-FR\",\"@id\":\"https:\/\/tiketi.com\/#\/schema\/logo\/image\/\",\"url\":\"https:\/\/tiketi.com\/wp-content\/uploads\/2019\/05\/tiketi-logo-696.png\",\"contentUrl\":\"https:\/\/tiketi.com\/wp-content\/uploads\/2019\/05\/tiketi-logo-696.png\",\"width\":696,\"height\":696,\"caption\":\"Tiketi.com\"},\"image\":{\"@id\":\"https:\/\/tiketi.com\/#\/schema\/logo\/image\/\"},\"sameAs\":[\"https:\/\/www.facebook.com\/TiketiCom\/\"]}]}<\/script>\n<!-- \/ Yoast SEO plugin. -->","yoast_head_json":{"title":"R\u00e9servation en ligne Blue Bus, billets de bus, tarifs, horaires et itin\u00e9raire","description":"Vous recherchez une r\u00e9servation en ligne de bus bleu, des billets de bus, un tarif, un horaire et un itin\u00e9raire\u00a0? Faites une r\u00e9servation Blue bus Egypt en ligne maintenant et \u00e9conomisez du temps et de l&#039;argent!","robots":{"index":"index","follow":"follow","max-snippet":"max-snippet:-1","max-image-preview":"max-image-preview:large","max-video-preview":"max-video-preview:-1"},"canonical":"https:\/\/tiketi.com\/fr-fr\/blue-bus-egypt\/","og_locale":"fr_FR","og_type":"article","og_title":"Blue Bus Online Booking, Bus Tickets, Fare, Schedule & Route","og_description":"Looking for Blue bus online booking, bus tickets, fare, schedule & route? Make a Blue bus Egypt booking online now and save time and money!","og_url":"https:\/\/tiketi.com\/fr-fr\/blue-bus-egypt\/","og_site_name":"Tiketi.com","article_publisher":"https:\/\/www.facebook.com\/TiketiCom\/","article_modified_time":"2022-07-14T12:02:02+00:00","og_image":[{"width":1200,"height":206,"url":"https:\/\/tiketi.com\/wp-content\/uploads\/2022\/01\/bus-ticket-online-booking.jpg","type":"image\/jpeg"}],"twitter_card":"summary_large_image","twitter_misc":{"Dur\u00e9e de lecture estim\u00e9e":"2 minutes"},"schema":{"@context":"https:\/\/schema.org","@graph":[{"@type":"WebPage","@id":"https:\/\/tiketi.com\/blue-bus-egypt\/","url":"https:\/\/tiketi.com\/blue-bus-egypt\/","name":"R\u00e9servation en ligne Blue Bus, billets de bus, tarifs, horaires et itin\u00e9raire","isPartOf":{"@id":"https:\/\/tiketi.com\/#website"},"primaryImageOfPage":{"@id":"https:\/\/tiketi.com\/blue-bus-egypt\/#primaryimage"},"image":{"@id":"https:\/\/tiketi.com\/blue-bus-egypt\/#primaryimage"},"thumbnailUrl":"https:\/\/tiketi.com\/wp-content\/uploads\/2022\/01\/bus-ticket-online-booking.jpg","datePublished":"2022-01-19T11:54:28+00:00","dateModified":"2022-07-14T12:02:02+00:00","description":"Vous recherchez une r\u00e9servation en ligne de bus bleu, des billets de bus, un tarif, un horaire et un itin\u00e9raire\u00a0? Faites une r\u00e9servation Blue bus Egypt en ligne maintenant et \u00e9conomisez du temps et de l&#039;argent!","breadcrumb":{"@id":"https:\/\/tiketi.com\/blue-bus-egypt\/#breadcrumb"},"inLanguage":"fr-FR","potentialAction":[{"@type":"ReadAction","target":["https:\/\/tiketi.com\/blue-bus-egypt\/"]}]},{"@type":"ImageObject","inLanguage":"fr-FR","@id":"https:\/\/tiketi.com\/blue-bus-egypt\/#primaryimage","url":"https:\/\/tiketi.com\/wp-content\/uploads\/2022\/01\/bus-ticket-online-booking.jpg","contentUrl":"https:\/\/tiketi.com\/wp-content\/uploads\/2022\/01\/bus-ticket-online-booking.jpg","width":1200,"height":206,"caption":"Online Bus Ticket Booking"},{"@type":"BreadcrumbList","@id":"https:\/\/tiketi.com\/blue-bus-egypt\/#breadcrumb","itemListElement":[{"@type":"ListItem","position":1,"name":"Home","item":"https:\/\/tiketi.com\/"},{"@type":"ListItem","position":2,"name":"Blue Bus Online Booking, Bus Tickets, Fare, Schedule &#038; Route"}]},{"@type":"WebSite","@id":"https:\/\/tiketi.com\/#website","url":"https:\/\/tiketi.com\/","name":"Billets d&#039;avion et de bus, forfaits touristiques et activit\u00e9s - Tiketi.com","description":"Billets d&#039;avion et de bus, Tours, Activit\u00e9s","publisher":{"@id":"https:\/\/tiketi.com\/#organization"},"potentialAction":[{"@type":"SearchAction","target":{"@type":"EntryPoint","urlTemplate":"https:\/\/tiketi.com\/?s={search_term_string}"},"query-input":{"@type":"PropertyValueSpecification","valueRequired":true,"valueName":"search_term_string"}}],"inLanguage":"fr-FR"},{"@type":"Organization","@id":"https:\/\/tiketi.com\/#organization","name":"Tiketi.com","alternateName":"Tiketi","url":"https:\/\/tiketi.com\/","logo":{"@type":"ImageObject","inLanguage":"fr-FR","@id":"https:\/\/tiketi.com\/#\/schema\/logo\/image\/","url":"https:\/\/tiketi.com\/wp-content\/uploads\/2019\/05\/tiketi-logo-696.png","contentUrl":"https:\/\/tiketi.com\/wp-content\/uploads\/2019\/05\/tiketi-logo-696.png","width":696,"height":696,"caption":"Tiketi.com"},"image":{"@id":"https:\/\/tiketi.com\/#\/schema\/logo\/image\/"},"sameAs":["https:\/\/www.facebook.com\/TiketiCom\/"]}]}},"_links":{"self":[{"href":"https:\/\/tiketi.com\/fr-fr\/wp-json\/wp\/v2\/pages\/11307","targetHints":{"allow":["GET"]}}],"collection":[{"href":"https:\/\/tiketi.com\/fr-fr\/wp-json\/wp\/v2\/pages"}],"about":[{"href":"https:\/\/tiketi.com\/fr-fr\/wp-json\/wp\/v2\/types\/page"}],"author":[{"embeddable":true,"href":"https:\/\/tiketi.com\/fr-fr\/wp-json\/wp\/v2\/users\/1"}],"replies":[{"embeddable":true,"href":"https:\/\/tiketi.com\/fr-fr\/wp-json\/wp\/v2\/comments?post=11307"}],"version-history":[{"count":0,"href":"https:\/\/tiketi.com\/fr-fr\/wp-json\/wp\/v2\/pages\/11307\/revisions"}],"wp:featuredmedia":[{"embeddable":true,"href":"https:\/\/tiketi.com\/fr-fr\/wp-json\/wp\/v2\/media\/13999"}],"wp:attachment":[{"href":"https:\/\/tiketi.com\/fr-fr\/wp-json\/wp\/v2\/media?parent=11307"}],"curies":[{"name":"wp","href":"https:\/\/api.w.org\/{rel}","templated":true}]}}